{"id":3522,"date":"2021-01-27T12:45:42","date_gmt":"2021-01-27T12:45:42","guid":{"rendered":"https:\/\/longchangchemical.com\/?post_type=product&#038;p=3522"},"modified":"2025-12-23T06:44:35","modified_gmt":"2025-12-23T06:44:35","slug":"cas-617-84-5","status":"publish","type":"product","link":"https:\/\/longchangchemical.com\/hu\/product\/cas-617-84-5\/","title":{"rendered":"N,N-dietilformamid CAS 617-84-5"},"content":{"rendered":"<h1><strong>N,N-dietilformamid CAS 617-84-5<\/strong><\/h1>\n<table class=\"table-1\" cellspacing=\"0\">\n<tbody>\n<tr>\n<td>\n<h4>T\u00e9tel<\/h4>\n<\/td>\n<td>\n<h4>Standard<\/h4>\n<\/td>\n<\/tr>\n<tr>\n<td>\n<h4>DEF, w%<\/h4>\n<\/td>\n<td>\n<h4>\u226599.7%<\/h4>\n<\/td>\n<\/tr>\n<tr>\n<td>\n<h4>V\u00edz, w%<\/h4>\n<\/td>\n<td>\n<h4>\u22640,05%<\/h4>\n<\/td>\n<\/tr>\n<tr>\n<td>\n<h4>Dietilamin, w%<\/h4>\n<\/td>\n<td>\n<h4>\u22640,015%<\/h4>\n<\/td>\n<\/tr>\n<tr>\n<td>\n<h4>N-etilformamid, w%<\/h4>\n<\/td>\n<td>\n<h4>\u22640,015%<\/h4>\n<\/td>\n<\/tr>\n<tr>\n<td>\n<h4>Etanol, w%<\/h4>\n<\/td>\n<td>\n<h4>\u22640,015%<\/h4>\n<\/td>\n<\/tr>\n<tr>\n<td>\n<h4>Sz\u00edn (APHA)<\/h4>\n<\/td>\n<td>\n<h4>20<\/h4>\n<\/td>\n<\/tr>\n<\/tbody>\n<\/table>\n<h2><\/h2>\n<h2><strong>N,N-Dietilformamid Haszn\u00e1lat<\/strong><\/h2>\n<h4>1. Az N,N-dietilformamid j\u00f3 old\u00f3szer sz\u00e1mos polimerhez, p\u00e9ld\u00e1ul polietil\u00e9nhez, polivinil-kloridhoz, poliakrilnitrilhez, poliamidhoz stb., \u00e9s haszn\u00e1lhat\u00f3 szintetikus sz\u00e1lak, p\u00e9ld\u00e1ul poliakrilnitrilsz\u00e1lak \u00e9s poliuret\u00e1n szint\u00e9zis\u00e9nek nedves fon\u00e1s\u00e1hoz; m\u0171anyag f\u00f3li\u00e1k k\u00e9sz\u00edt\u00e9s\u00e9hez haszn\u00e1lj\u00e1k; fest\u00e9kelt\u00e1vol\u00edt\u00f3k\u00e9nt is haszn\u00e1lj\u00e1k a fest\u00e9k elt\u00e1vol\u00edt\u00e1s\u00e1hoz; k\u00e9pes n\u00e9h\u00e1ny alacsony oldhat\u00f3s\u00e1g\u00fa pigmentet is feloldani, \u00edgy a pigmenteknek a sz\u00ednez\u00e9kek tulajdons\u00e1gait adja. A dimetil-formamidot arom\u00e1s extrakci\u00f3ra \u00e9s a C4 frakci\u00f3b\u00f3l a butadi\u00e9n \u00e9s a C5 frakci\u00f3b\u00f3l az izopr\u00e9n elv\u00e1laszt\u00e1s\u00e1ra \u00e9s kinyer\u00e9s\u00e9re haszn\u00e1lj\u00e1k. Hat\u00e9kony reagensk\u00e9nt haszn\u00e1lhat\u00f3 a nem sz\u00e9nhidrog\u00e9n komponensek paraffinb\u00f3l t\u00f6rt\u00e9n\u0151 elv\u00e1laszt\u00e1s\u00e1ra is. .<\/h4>\n<h4>2. J\u00f3 szelektivit\u00e1ssal rendelkezik az izoft\u00e1lsav \u00e9s a tereft\u00e1lsav oldhat\u00f3s\u00e1g\u00e1ra: az izoft\u00e1lsav oldhat\u00f3s\u00e1ga N,N-dietilformamidban nagyobb, mint a tereft\u00e1lsav\u00e9, \u00e9s a dikarbonsav-formamidban t\u00f6rt\u00e9n\u0151 old\u00f3szeres extrakci\u00f3ra haszn\u00e1lj\u00e1k, vagy a krist\u00e1lyos\u00edt\u00e1s egy r\u00e9sze elv\u00e1laszthatja a kett\u0151t. A petrolk\u00e9miai iparban az N,N-dietilformamid g\u00e1zabszorbensk\u00e9nt haszn\u00e1lhat\u00f3 a g\u00e1z elv\u00e1laszt\u00e1s\u00e1ra \u00e9s finom\u00edt\u00e1s\u00e1ra.<\/h4>\n<h4>3. A szerves reakci\u00f3kban az N,N-dietilformamidot nemcsak a reakci\u00f3 old\u00f3szerek\u00e9nt haszn\u00e1lj\u00e1k sz\u00e9les k\u00f6rben, hanem a szerves szint\u00e9zisek fontos k\u00f6ztes term\u00e9ke is. A n\u00f6v\u00e9nyv\u00e9d\u0151szer-iparban rovar\u00f6l\u0151 szerek el\u0151\u00e1ll\u00edt\u00e1s\u00e1ra is felhaszn\u00e1lhat\u00f3.<\/h4>\n<h4>4. Reagensek nem vizes titr\u00e1l\u00e1shoz, old\u00f3szerek vinilgyanta \u00e9s acetil\u00e9n, szerves szint\u00e9zis, fotometriai meghat\u00e1roz\u00e1s, g\u00e1zkromatogr\u00e1fi\u00e1s \u00e1ll\u00f3 folyad\u00e9k (maxim\u00e1lis felhaszn\u00e1l\u00e1si h\u0151m\u00e9rs\u00e9klet 50 \u2103, old\u00f3szer metanol), C2-C5 sz\u00e9nhidrog\u00e9nek elv\u00e1laszt\u00e1sa \u00e9s elemz\u00e9se, \u00e9s elv\u00e1laszthatja a norm\u00e1l \u00e9s izobutil\u00e9n \u00c9s cisz, but\u00e9n. A peszticid-marad\u00e9kok elemz\u00e9se. Szerves szint\u00e9zis. Peptidek szint\u00e9zise. A fot\u00f3ipar sz\u00e1m\u00e1ra.<\/h4>\n<h4>5. Kiv\u00e1l\u00f3 old\u00f3szer \u00e9s vegyi alapanyag, sz\u00e9lesk\u00f6r\u0171 felhaszn\u00e1l\u00e1si lehet\u0151s\u00e9gekkel. Kiv\u00e1l\u00f3 old\u00f3szer sz\u00e1mos polimerhez, p\u00e9ld\u00e1ul polietil\u00e9nhez, polivinil-kloridhoz, poliakrilnitrilhez, poliamidhoz stb. Haszn\u00e1lhat\u00f3 szintetikus sz\u00e1lak, p\u00e9ld\u00e1ul poliakrilnitril sz\u00e1lak nedves fon\u00e1s\u00e1hoz; poliuret\u00e1n szint\u00e9zis\u00e9hez; fest\u00e9kelt\u00e1vol\u00edt\u00f3 fest\u00e9k elt\u00e1vol\u00edt\u00e1s\u00e1hoz; acetil\u00e9n szelekt\u00edv abszorpci\u00f3j\u00e1hoz \u00e9s butadi\u00e9n elv\u00e1laszt\u00e1s\u00e1hoz \u00e9s finom\u00edt\u00e1s\u00e1hoz; old\u00f3szerk\u00e9nt haszn\u00e1lj\u00e1k m\u0171b\u0151r el\u0151\u00e1ll\u00edt\u00e1s\u00e1hoz; rovar\u00f6l\u0151szerek szint\u00e9zis\u00e9hez; a gy\u00f3gyszeriparban jodozamin, doxiciklin, kortizon, B6-vitamin, jodozid, jodozid, ququjing, pirantel, N-formillicin \u00e9s daganatellenes sav , metoxikl\u00f3r, kl\u00f3rambucil, nitrozourea, furfurouracil, tranexaminsav, befenmetazon, megestrol, kolyvitamin, kl\u00f3rfeniramin stb. szint\u00e9zis\u00e9re haszn\u00e1lhat\u00f3.<\/h4>\n<h4>6. Old\u00f3szerk\u00e9nt \u00e9s szerves m\u00f3dos\u00edt\u00f3k\u00e9nt haszn\u00e1lj\u00e1k a folyad\u00e9kkromatogr\u00e1fi\u00e1ban, extrakci\u00f3s \u00e9s fejleszt\u0151szerk\u00e9nt v\u00e9konyr\u00e9teg-kromatogr\u00e1fi\u00e1ban, old\u00f3szerk\u00e9nt vinilgyant\u00e1hoz \u00e9s acetil\u00e9nhez, valamint old\u00f3szerk\u00e9nt nem vizes old\u00f3szeres titr\u00e1l\u00e1shoz. \u00c9s a szerves szint\u00e9zisben haszn\u00e1lt.<\/h4>\n<h4>7. Els\u0151sorban ipari old\u00f3szerk\u00e9nt, a gy\u00f3gyszeriparban a hormonok el\u0151\u00e1ll\u00edt\u00e1s\u00e1ra, hormonok, valamint rovar\u00f6l\u0151 szerek gy\u00e1rt\u00e1s\u00e1ra haszn\u00e1lj\u00e1k.<\/h4>\n<p>&nbsp;<\/p>\n<h2><strong>N,N-Dietilformamid Csomagol\u00e1s \u00e9s sz\u00e1ll\u00edt\u00e1s<\/strong><\/h2>\n<h4>Csomagol\u00e1s: 180kg\/dob<\/h4>\n<p>&nbsp;<\/p>\n<h2><strong>N,N-Dietilformamid t\u00e1rol\u00e1sa<\/strong><\/h2>\n<h4>Lez\u00e1rt t\u00e1rol\u00e1s, ne tegye \u00f6ssze az \u00e1rut f\u0151 \u00e9lelmiszer vegyszerek.<\/h4>\n<p>&nbsp;<\/p>\n<h2><strong><b>L\u00e9pjen kapcsolatba vel\u00fcnk most!<\/b><\/strong><\/h2>\n<h4><strong><b>Egyedi szolg\u00e1ltat\u00e1sokat ny\u00fajtunk, \u00e1ltal\u00e1ban 24 \u00f3r\u00e1n bel\u00fcl felvessz\u00fck \u00d6nnel a kapcsolatot. A munkaid\u0151ben ( 8:30-18:00 UTC+8 H.~Szombat ) az info@longchangchemical.com e-mail c\u00edmen is k\u00fcldhet e-mailt, vagy haszn\u00e1lhatja a weboldal \u00e9l\u0151 chatj\u00e9t, hogy gyors v\u00e1laszt kapjon.<\/b><\/strong><\/h4>","protected":false},"excerpt":{"rendered":"<h4>K\u00e9miai n\u00e9v: N,N-Dietilformamid<\/h4>\n<h4>CAS-sz\u00e1m: 617-84-5<\/h4>\n<h4>Molekul\u00e1ris fomula: C5H11NO<\/h4>\n<h4>K\u00e9miai szerkezet:<img decoding=\"async\" title=\"image.png\" src=\"https:\/\/www.longchangchemical.com\/wp-content\/uploads\/product-details\/20200616039522.png\" alt=\"image.png\" \/><\/h4>\n<h4>Molekulat\u00f6meg: 101,15<\/h4>\n<h4>Megjelen\u00e9s: S\u00e1rg\u00e1s, \u00e1tl\u00e1tsz\u00f3 folyad\u00e9k<\/h4>\n<h4>Pr\u00f3ba: 99%min<\/h4>","protected":false},"featured_media":4322,"comment_status":"open","ping_status":"closed","template":"","meta":[],"product_brand":[],"product_cat":[69],"product_tag":[],"class_list":{"0":"post-3522","1":"product","2":"type-product","3":"status-publish","4":"has-post-thumbnail","6":"product_cat-catalysts-chemical-auxiliary-agents","8":"first","9":"instock","10":"shipping-taxable","11":"product-type-simple"},"yoast_head":"<!-- This site is optimized with the Yoast SEO plugin v25.3.1 - https:\/\/yoast.com\/wordpress\/plugins\/seo\/ -->\n<title>China N,N-Diethylformamide Manufacturer \uff06 CAS 617-84-5 Supplier - Longchang chemical Co., Ltd.<\/title>\n<meta name=\"description\" content=\"Longchang Chemical is a leading manufacturer and supplier of N,N-Diethylformamide in China. Buy N,N-Diethylformamide in china. We can provide the best N,N-Diethylformamide price.\" \/>\n<meta name=\"robots\" content=\"index, follow, max-snippet:-1, max-image-preview:large, max-video-preview:-1\" \/>\n<link rel=\"canonical\" href=\"https:\/\/longchangchemical.com\/hu\/product\/cas-617-84-5\/\" \/>\n<meta property=\"og:locale\" content=\"hu_HU\" \/>\n<meta property=\"og:type\" content=\"article\" \/>\n<meta property=\"og:title\" content=\"China N,N-Diethylformamide Manufacturer \uff06 CAS 617-84-5 Supplier - Longchang chemical Co., Ltd.\" \/>\n<meta property=\"og:description\" content=\"Longchang Chemical is a leading manufacturer and supplier of N,N-Diethylformamide in China. Buy N,N-Diethylformamide in china. We can provide the best N,N-Diethylformamide price.\" \/>\n<meta property=\"og:url\" content=\"https:\/\/longchangchemical.com\/hu\/product\/cas-617-84-5\/\" \/>\n<meta property=\"og:site_name\" content=\"Longchang Chemical\" \/>\n<meta property=\"article:modified_time\" content=\"2025-12-23T06:44:35+00:00\" \/>\n<meta property=\"og:image\" content=\"https:\/\/longchangchemical.com\/wp-content\/uploads\/2021\/01\/Appearance-8.jpg\" \/>\n\t<meta property=\"og:image:width\" content=\"600\" \/>\n\t<meta property=\"og:image:height\" content=\"800\" \/>\n\t<meta property=\"og:image:type\" content=\"image\/jpeg\" \/>\n<meta name=\"twitter:card\" content=\"summary_large_image\" \/>\n<script type=\"application\/ld+json\" class=\"yoast-schema-graph\">{\"@context\":\"https:\/\/schema.org\",\"@graph\":[{\"@type\":\"WebPage\",\"@id\":\"https:\/\/longchangchemical.com\/product\/cas-617-84-5\/\",\"url\":\"https:\/\/longchangchemical.com\/product\/cas-617-84-5\/\",\"name\":\"China N,N-Diethylformamide Manufacturer \uff06 CAS 617-84-5 Supplier - Longchang chemical Co., Ltd.\",\"isPartOf\":{\"@id\":\"https:\/\/longchangchemical.com\/#website\"},\"primaryImageOfPage\":{\"@id\":\"https:\/\/longchangchemical.com\/product\/cas-617-84-5\/#primaryimage\"},\"image\":{\"@id\":\"https:\/\/longchangchemical.com\/product\/cas-617-84-5\/#primaryimage\"},\"thumbnailUrl\":\"https:\/\/longchangchemical.com\/wp-content\/uploads\/2021\/01\/Appearance-8.jpg\",\"datePublished\":\"2021-01-27T12:45:42+00:00\",\"dateModified\":\"2025-12-23T06:44:35+00:00\",\"description\":\"Longchang Chemical is a leading manufacturer and supplier of N,N-Diethylformamide in China. Buy N,N-Diethylformamide in china. We can provide the best N,N-Diethylformamide price.\",\"breadcrumb\":{\"@id\":\"https:\/\/longchangchemical.com\/product\/cas-617-84-5\/#breadcrumb\"},\"inLanguage\":\"hu\",\"potentialAction\":[{\"@type\":\"ReadAction\",\"target\":[\"https:\/\/longchangchemical.com\/product\/cas-617-84-5\/\"]}]},{\"@type\":\"ImageObject\",\"inLanguage\":\"hu\",\"@id\":\"https:\/\/longchangchemical.com\/product\/cas-617-84-5\/#primaryimage\",\"url\":\"https:\/\/longchangchemical.com\/wp-content\/uploads\/2021\/01\/Appearance-8.jpg\",\"contentUrl\":\"https:\/\/longchangchemical.com\/wp-content\/uploads\/2021\/01\/Appearance-8.jpg\",\"width\":600,\"height\":800,\"caption\":\"TMPTA Appearance\"},{\"@type\":\"BreadcrumbList\",\"@id\":\"https:\/\/longchangchemical.com\/product\/cas-617-84-5\/#breadcrumb\",\"itemListElement\":[{\"@type\":\"ListItem\",\"position\":1,\"name\":\"Home\",\"item\":\"https:\/\/longchangchemical.com\/\"},{\"@type\":\"ListItem\",\"position\":2,\"name\":\"Products Longchang\",\"item\":\"https:\/\/longchangchemical.com\/product\/\"},{\"@type\":\"ListItem\",\"position\":3,\"name\":\"N,N-diethylformamide CAS 617-84-5\"}]},{\"@type\":\"WebSite\",\"@id\":\"https:\/\/longchangchemical.com\/#website\",\"url\":\"https:\/\/longchangchemical.com\/\",\"name\":\"Longchang Chemical\",\"description\":\"China chemical manufacturer \uff06 supplier\",\"publisher\":{\"@id\":\"https:\/\/longchangchemical.com\/#organization\"},\"potentialAction\":[{\"@type\":\"SearchAction\",\"target\":{\"@type\":\"EntryPoint\",\"urlTemplate\":\"https:\/\/longchangchemical.com\/?s={search_term_string}\"},\"query-input\":{\"@type\":\"PropertyValueSpecification\",\"valueRequired\":true,\"valueName\":\"search_term_string\"}}],\"inLanguage\":\"hu\"},{\"@type\":\"Organization\",\"@id\":\"https:\/\/longchangchemical.com\/#organization\",\"name\":\"Longchang Chemical\",\"url\":\"https:\/\/longchangchemical.com\/\",\"logo\":{\"@type\":\"ImageObject\",\"inLanguage\":\"hu\",\"@id\":\"https:\/\/longchangchemical.com\/#\/schema\/logo\/image\/\",\"url\":\"https:\/\/longchangchemical.com\/wp-content\/uploads\/2020\/08\/cropped-longchang-logo.png\",\"contentUrl\":\"https:\/\/longchangchemical.com\/wp-content\/uploads\/2020\/08\/cropped-longchang-logo.png\",\"width\":512,\"height\":512,\"caption\":\"Longchang Chemical\"},\"image\":{\"@id\":\"https:\/\/longchangchemical.com\/#\/schema\/logo\/image\/\"}}]}<\/script>\n<!-- \/ Yoast SEO plugin. -->","yoast_head_json":{"title":"K\u00edna N,N-dietilformamid gy\u00e1rt\u00f3 \uff06 CAS 617-84-5 Sz\u00e1ll\u00edt\u00f3 - Longchang Chemical Co., Ltd.","description":"A Longchang Chemical vezet\u0151 gy\u00e1rt\u00f3ja \u00e9s sz\u00e1ll\u00edt\u00f3ja az N,N-dietilformamidnak K\u00edn\u00e1ban. V\u00e1s\u00e1roljon N,N-Dietilformamidot K\u00edn\u00e1ban. A legjobb N,N-Diethylformamid \u00e1rat tudjuk biztos\u00edtani.","robots":{"index":"index","follow":"follow","max-snippet":"max-snippet:-1","max-image-preview":"max-image-preview:large","max-video-preview":"max-video-preview:-1"},"canonical":"https:\/\/longchangchemical.com\/hu\/product\/cas-617-84-5\/","og_locale":"hu_HU","og_type":"article","og_title":"China N,N-Diethylformamide Manufacturer \uff06 CAS 617-84-5 Supplier - Longchang chemical Co., Ltd.","og_description":"Longchang Chemical is a leading manufacturer and supplier of N,N-Diethylformamide in China. Buy N,N-Diethylformamide in china. We can provide the best N,N-Diethylformamide price.","og_url":"https:\/\/longchangchemical.com\/hu\/product\/cas-617-84-5\/","og_site_name":"Longchang Chemical","article_modified_time":"2025-12-23T06:44:35+00:00","og_image":[{"width":600,"height":800,"url":"https:\/\/longchangchemical.com\/wp-content\/uploads\/2021\/01\/Appearance-8.jpg","type":"image\/jpeg"}],"twitter_card":"summary_large_image","schema":{"@context":"https:\/\/schema.org","@graph":[{"@type":"WebPage","@id":"https:\/\/longchangchemical.com\/product\/cas-617-84-5\/","url":"https:\/\/longchangchemical.com\/product\/cas-617-84-5\/","name":"K\u00edna N,N-dietilformamid gy\u00e1rt\u00f3 \uff06 CAS 617-84-5 Sz\u00e1ll\u00edt\u00f3 - Longchang Chemical Co., Ltd.","isPartOf":{"@id":"https:\/\/longchangchemical.com\/#website"},"primaryImageOfPage":{"@id":"https:\/\/longchangchemical.com\/product\/cas-617-84-5\/#primaryimage"},"image":{"@id":"https:\/\/longchangchemical.com\/product\/cas-617-84-5\/#primaryimage"},"thumbnailUrl":"https:\/\/longchangchemical.com\/wp-content\/uploads\/2021\/01\/Appearance-8.jpg","datePublished":"2021-01-27T12:45:42+00:00","dateModified":"2025-12-23T06:44:35+00:00","description":"A Longchang Chemical vezet\u0151 gy\u00e1rt\u00f3ja \u00e9s sz\u00e1ll\u00edt\u00f3ja az N,N-dietilformamidnak K\u00edn\u00e1ban. V\u00e1s\u00e1roljon N,N-Dietilformamidot K\u00edn\u00e1ban. A legjobb N,N-Diethylformamid \u00e1rat tudjuk biztos\u00edtani.","breadcrumb":{"@id":"https:\/\/longchangchemical.com\/product\/cas-617-84-5\/#breadcrumb"},"inLanguage":"hu","potentialAction":[{"@type":"ReadAction","target":["https:\/\/longchangchemical.com\/product\/cas-617-84-5\/"]}]},{"@type":"ImageObject","inLanguage":"hu","@id":"https:\/\/longchangchemical.com\/product\/cas-617-84-5\/#primaryimage","url":"https:\/\/longchangchemical.com\/wp-content\/uploads\/2021\/01\/Appearance-8.jpg","contentUrl":"https:\/\/longchangchemical.com\/wp-content\/uploads\/2021\/01\/Appearance-8.jpg","width":600,"height":800,"caption":"TMPTA Appearance"},{"@type":"BreadcrumbList","@id":"https:\/\/longchangchemical.com\/product\/cas-617-84-5\/#breadcrumb","itemListElement":[{"@type":"ListItem","position":1,"name":"Home","item":"https:\/\/longchangchemical.com\/"},{"@type":"ListItem","position":2,"name":"Products Longchang","item":"https:\/\/longchangchemical.com\/product\/"},{"@type":"ListItem","position":3,"name":"N,N-diethylformamide CAS 617-84-5"}]},{"@type":"WebSite","@id":"https:\/\/longchangchemical.com\/#website","url":"https:\/\/longchangchemical.com\/","name":"Longchang Chemical","description":"K\u00edna k\u00e9miai gy\u00e1rt\u00f3 \uff06 sz\u00e1ll\u00edt\u00f3","publisher":{"@id":"https:\/\/longchangchemical.com\/#organization"},"potentialAction":[{"@type":"SearchAction","target":{"@type":"EntryPoint","urlTemplate":"https:\/\/longchangchemical.com\/?s={search_term_string}"},"query-input":{"@type":"PropertyValueSpecification","valueRequired":true,"valueName":"search_term_string"}}],"inLanguage":"hu"},{"@type":"Organization","@id":"https:\/\/longchangchemical.com\/#organization","name":"Longchang Chemical","url":"https:\/\/longchangchemical.com\/","logo":{"@type":"ImageObject","inLanguage":"hu","@id":"https:\/\/longchangchemical.com\/#\/schema\/logo\/image\/","url":"https:\/\/longchangchemical.com\/wp-content\/uploads\/2020\/08\/cropped-longchang-logo.png","contentUrl":"https:\/\/longchangchemical.com\/wp-content\/uploads\/2020\/08\/cropped-longchang-logo.png","width":512,"height":512,"caption":"Longchang Chemical"},"image":{"@id":"https:\/\/longchangchemical.com\/#\/schema\/logo\/image\/"}}]}},"_links":{"self":[{"href":"https:\/\/longchangchemical.com\/hu\/wp-json\/wp\/v2\/product\/3522","targetHints":{"allow":["GET"]}}],"collection":[{"href":"https:\/\/longchangchemical.com\/hu\/wp-json\/wp\/v2\/product"}],"about":[{"href":"https:\/\/longchangchemical.com\/hu\/wp-json\/wp\/v2\/types\/product"}],"replies":[{"embeddable":true,"href":"https:\/\/longchangchemical.com\/hu\/wp-json\/wp\/v2\/comments?post=3522"}],"wp:featuredmedia":[{"embeddable":true,"href":"https:\/\/longchangchemical.com\/hu\/wp-json\/wp\/v2\/media\/4322"}],"wp:attachment":[{"href":"https:\/\/longchangchemical.com\/hu\/wp-json\/wp\/v2\/media?parent=3522"}],"wp:term":[{"taxonomy":"product_brand","embeddable":true,"href":"https:\/\/longchangchemical.com\/hu\/wp-json\/wp\/v2\/product_brand?post=3522"},{"taxonomy":"product_cat","embeddable":true,"href":"https:\/\/longchangchemical.com\/hu\/wp-json\/wp\/v2\/product_cat?post=3522"},{"taxonomy":"product_tag","embeddable":true,"href":"https:\/\/longchangchemical.com\/hu\/wp-json\/wp\/v2\/product_tag?post=3522"}],"curies":[{"name":"wp","href":"https:\/\/api.w.org\/{rel}","templated":true}]}}