{"id":3511,"date":"2021-01-21T11:59:25","date_gmt":"2021-01-21T11:59:25","guid":{"rendered":"https:\/\/longchangchemical.com\/?post_type=product&#038;p=3511"},"modified":"2026-05-08T02:59:29","modified_gmt":"2026-05-08T02:59:29","slug":"2-ethyl-anthraquinone-cas-84-51-5","status":"publish","type":"product","link":"https:\/\/longchangchemical.com\/hu\/product\/2-ethyl-anthraquinone-cas-84-51-5\/","title":{"rendered":"2-etil-antrakinon CAS 84-51-5"},"content":{"rendered":"<h2><strong>2-etil-antrakinon CAS 84-51-5<\/strong><\/h2>\n<table>\n<tbody>\n<tr>\n<td width=\"217\">\n<h4>T\u00e9tel<\/h4>\n<\/td>\n<td width=\"251\">\n<h4>Standard<\/h4>\n<\/td>\n<td width=\"227\">\n<h4>Eredm\u00e9nyek<\/h4>\n<\/td>\n<\/tr>\n<tr>\n<td width=\"217\">\n<h4>Megjelen\u00e9s<\/h4>\n<\/td>\n<td width=\"251\">\n<h4>Vil\u00e1goss\u00e1rga por<\/h4>\n<\/td>\n<td width=\"227\">\n<h4>Megfelel<\/h4>\n<\/td>\n<\/tr>\n<tr>\n<td width=\"217\">\n<h4>Tisztas\u00e1g (HPLC)<\/h4>\n<\/td>\n<td width=\"251\">\n<h4>\u2265 99,0 %<\/h4>\n<\/td>\n<td width=\"227\">\n<h4>99.2%<\/h4>\n<\/td>\n<\/tr>\n<tr>\n<td width=\"217\">\n<h4>Kezdeti olvad\u00e1spont<\/h4>\n<\/td>\n<td width=\"251\">\n<h4>107.0 - 109.0\u2103<\/h4>\n<\/td>\n<td width=\"227\">\n<h4>108.2\u2103<\/h4>\n<\/td>\n<\/tr>\n<tr>\n<td width=\"217\">\n<h4>Benzolban oldhatatlan anyag<\/h4>\n<\/td>\n<td width=\"251\">\n<h4>\u2264 0,5%<\/h4>\n<\/td>\n<td width=\"227\">\n<h4>\/<\/h4>\n<\/td>\n<\/tr>\n<tr>\n<td width=\"217\">\n<h4>Nedvess\u00e9g<\/h4>\n<\/td>\n<td width=\"251\">\n<h4>\u2264 0,2%<\/h4>\n<\/td>\n<td width=\"227\">\n<h4>&lt; 0.2%<\/h4>\n<\/td>\n<\/tr>\n<tr>\n<td width=\"217\">\n<h4>Fe (mg\/kg)<\/h4>\n<\/td>\n<td width=\"251\">\n<h4>\u2264 2<\/h4>\n<\/td>\n<td width=\"227\">\n<h4>&lt; 2<\/h4>\n<\/td>\n<\/tr>\n<tr>\n<td width=\"217\">\n<h4>Cl (mg\/kg)<\/h4>\n<\/td>\n<td width=\"251\">\n<h4>\u2264 5<\/h4>\n<\/td>\n<td width=\"227\">\n<h4>&lt; 5<\/h4>\n<\/td>\n<\/tr>\n<tr>\n<td width=\"217\">\n<h4>S (mg\/kg)<\/h4>\n<\/td>\n<td width=\"251\">\n<h4>\u2264 5<\/h4>\n<\/td>\n<td width=\"227\">\n<h4>&lt; 5<\/h4>\n<\/td>\n<\/tr>\n<tr>\n<td width=\"217\">\n<h4>K\u00f6vetkeztet\u00e9s<\/h4>\n<\/td>\n<td colspan=\"2\" width=\"478\">\n<h4>K\u00e9pzett<\/h4>\n<\/td>\n<\/tr>\n<\/tbody>\n<\/table>\n<h2><strong>2-etil-antrakinon Felhaszn\u00e1l\u00e1s<\/strong><\/h2>\n<h4>1. Old\u00f3szerben t\u00f6rt\u00e9n\u0151 hidrog\u00e9nez\u00e9ssel 2-etil-hidroanthrakinon keletkezik, \u00e9s \u00fajraoxid\u00e1ci\u00f3val 2-etilanthrakinon \u00e9s hidrog\u00e9n-peroxid keletkezik. Ezt a reakci\u00f3t iparilag hidrog\u00e9n-peroxid el\u0151\u00e1ll\u00edt\u00e1s\u00e1ra haszn\u00e1lj\u00e1k.<\/h4>\n<h4>2. Ftalin-anhidridb\u0151l \u00e9s etilbenzolb\u00f3l F-K reakci\u00f3val el\u0151\u00e1ll\u00edthat\u00f3, valamint 1,4-naftokinonb\u00f3l \u00e9s 2-etil-1,3-butadi\u00e9nb\u0151l Diels-Alder-di\u00e9n \u00c9s dehidrog\u00e9nez\u00e9si reakci\u00f3rendszeren kereszt\u00fcl szintetiz\u00e1lhat\u00f3.<\/h4>\n<h4>3. Hidrog\u00e9n-peroxid el\u0151\u00e1ll\u00edt\u00e1s\u00e1ra \u00e9s fest\u00e9kk\u00f6z\u00e9pterm\u00e9kk\u00e9nt haszn\u00e1lj\u00e1k. Haszn\u00e1lj\u00e1k tov\u00e1bb\u00e1 f\u00e9ny\u00e9rz\u00e9keny gyanta \u00e9rz\u00e9keny\u00edt\u0151jek\u00e9nt, f\u00e9nyre kem\u00e9nyed\u0151 gyanta kataliz\u00e1tork\u00e9nt, f\u00e9nyben leboml\u00f3 filmk\u00e9nt, fest\u00e9kk\u00e9nt \u00e9s fotopolimeriz\u00e1ci\u00f3s inici\u00e1tork\u00e9nt.<\/h4>\n<p>&nbsp;<\/p>\n<h2><strong>2-etil-antrakinon Csomagol\u00e1s \u00e9s sz\u00e1ll\u00edt\u00e1s<\/strong><\/h2>\n<h4>Csomagol\u00e1s: 25kg\/zs\u00e1k<\/h4>\n<p>&nbsp;<\/p>\n<h2><strong>2-etil-antrakinon T\u00e1rol\u00e1s<\/strong><\/h2>\n<h4>K\u00f6zvetlen napf\u00e9nyt\u0151l v\u00e9dett, h\u0171v\u00f6s, sz\u00e1raz helyen t\u00e1rolva.<\/h4>\n<p>&nbsp;<\/p>\n<h2><strong><b>L\u00e9pjen kapcsolatba vel\u00fcnk most!<\/b><\/strong><\/h2>\n<h4><strong><b>Egyedi szolg\u00e1ltat\u00e1sokat ny\u00fajtunk, \u00e1ltal\u00e1ban 24 \u00f3r\u00e1n bel\u00fcl felvessz\u00fck \u00d6nnel a kapcsolatot. A munkaid\u0151ben ( 8:30-18:00 UTC+8 H.~Szombat ) az info@longchangchemical.com e-mail c\u00edmen is k\u00fcldhet e-mailt, vagy haszn\u00e1lhatja a weboldal \u00e9l\u0151 chatj\u00e9t, hogy gyors v\u00e1laszt kapjon.<\/b><\/strong><\/h4>","protected":false},"excerpt":{"rendered":"<h4>K\u00e9miai n\u00e9v: 2-etil-antrakinon<\/h4>\n<h4>CAS-sz\u00e1m: 84-51-5<\/h4>\n<h4>Molekul\u00e1ris k\u00e9plet:C16H12O2<\/h4>\n<h4>Molekulat\u00f6meg:236,27<\/h4>\n<h4>2-etil-antrakinon Szerkezet:<img decoding=\"async\" title=\"2-etil-antrakinon Szerkezet\" src=\"https:\/\/www.longchangchemical.com\/wp-content\/uploads\/product-details\/20200612025777.png\" alt=\"2-etil-antrakinon Szerkezet\" width=\"154\" height=\"91\" border=\"0\" vspace=\"0\" \/><\/h4>\n<h4>Megjelen\u00e9s: Vil\u00e1goss\u00e1rga por<\/h4>\n<h4>Pr\u00f3ba: 99%min<\/h4>","protected":false},"featured_media":4296,"comment_status":"open","ping_status":"closed","template":"","meta":[],"product_brand":[],"product_cat":[69],"product_tag":[],"class_list":{"0":"post-3511","1":"product","2":"type-product","3":"status-publish","4":"has-post-thumbnail","6":"product_cat-catalysts-chemical-auxiliary-agents","8":"first","9":"instock","10":"shipping-taxable","11":"product-type-simple"},"yoast_head":"<!-- This site is optimized with the Yoast SEO plugin v25.3.1 - https:\/\/yoast.com\/wordpress\/plugins\/seo\/ -->\n<title>China 2-Ethyl anthraquinone Manufacturer \uff06 CAS 84-51-5 Supplier - Longchang chemical Co., Ltd.<\/title>\n<meta name=\"description\" content=\"Longchang Chemical is a leading manufacturer and supplier of 2-Ethyl anthraquinone in China. Buy 2-Ethyl anthraquinone in china. We can provide the best 2-Ethyl anthraquinone price.\" \/>\n<meta name=\"robots\" content=\"index, follow, max-snippet:-1, max-image-preview:large, max-video-preview:-1\" \/>\n<link rel=\"canonical\" href=\"https:\/\/longchangchemical.com\/hu\/product\/2-ethyl-anthraquinone-cas-84-51-5\/\" \/>\n<meta property=\"og:locale\" content=\"hu_HU\" \/>\n<meta property=\"og:type\" content=\"article\" \/>\n<meta property=\"og:title\" content=\"China 2-Ethyl anthraquinone Manufacturer \uff06 CAS 84-51-5 Supplier - Longchang chemical Co., Ltd.\" \/>\n<meta property=\"og:description\" content=\"Longchang Chemical is a leading manufacturer and supplier of 2-Ethyl anthraquinone in China. Buy 2-Ethyl anthraquinone in china. We can provide the best 2-Ethyl anthraquinone price.\" \/>\n<meta property=\"og:url\" content=\"https:\/\/longchangchemical.com\/hu\/product\/2-ethyl-anthraquinone-cas-84-51-5\/\" \/>\n<meta property=\"og:site_name\" content=\"Longchang Chemical\" \/>\n<meta property=\"article:modified_time\" content=\"2026-05-08T02:59:29+00:00\" \/>\n<meta property=\"og:image\" content=\"https:\/\/longchangchemical.com\/wp-content\/uploads\/2021\/01\/Appearance-4.jpg\" \/>\n\t<meta property=\"og:image:width\" content=\"600\" \/>\n\t<meta property=\"og:image:height\" content=\"800\" \/>\n\t<meta property=\"og:image:type\" content=\"image\/jpeg\" \/>\n<meta name=\"twitter:card\" content=\"summary_large_image\" \/>\n<script type=\"application\/ld+json\" class=\"yoast-schema-graph\">{\"@context\":\"https:\/\/schema.org\",\"@graph\":[{\"@type\":\"WebPage\",\"@id\":\"https:\/\/longchangchemical.com\/product\/2-ethyl-anthraquinone-cas-84-51-5\/\",\"url\":\"https:\/\/longchangchemical.com\/product\/2-ethyl-anthraquinone-cas-84-51-5\/\",\"name\":\"China 2-Ethyl anthraquinone Manufacturer \uff06 CAS 84-51-5 Supplier - Longchang chemical Co., Ltd.\",\"isPartOf\":{\"@id\":\"https:\/\/longchangchemical.com\/#website\"},\"primaryImageOfPage\":{\"@id\":\"https:\/\/longchangchemical.com\/product\/2-ethyl-anthraquinone-cas-84-51-5\/#primaryimage\"},\"image\":{\"@id\":\"https:\/\/longchangchemical.com\/product\/2-ethyl-anthraquinone-cas-84-51-5\/#primaryimage\"},\"thumbnailUrl\":\"https:\/\/longchangchemical.com\/wp-content\/uploads\/2021\/01\/Appearance-4.jpg\",\"datePublished\":\"2021-01-21T11:59:25+00:00\",\"dateModified\":\"2026-05-08T02:59:29+00:00\",\"description\":\"Longchang Chemical is a leading manufacturer and supplier of 2-Ethyl anthraquinone in China. Buy 2-Ethyl anthraquinone in china. We can provide the best 2-Ethyl anthraquinone price.\",\"breadcrumb\":{\"@id\":\"https:\/\/longchangchemical.com\/product\/2-ethyl-anthraquinone-cas-84-51-5\/#breadcrumb\"},\"inLanguage\":\"hu\",\"potentialAction\":[{\"@type\":\"ReadAction\",\"target\":[\"https:\/\/longchangchemical.com\/product\/2-ethyl-anthraquinone-cas-84-51-5\/\"]}]},{\"@type\":\"ImageObject\",\"inLanguage\":\"hu\",\"@id\":\"https:\/\/longchangchemical.com\/product\/2-ethyl-anthraquinone-cas-84-51-5\/#primaryimage\",\"url\":\"https:\/\/longchangchemical.com\/wp-content\/uploads\/2021\/01\/Appearance-4.jpg\",\"contentUrl\":\"https:\/\/longchangchemical.com\/wp-content\/uploads\/2021\/01\/Appearance-4.jpg\",\"width\":600,\"height\":800,\"caption\":\"2-Ethyl anthraquinone Appearance\"},{\"@type\":\"BreadcrumbList\",\"@id\":\"https:\/\/longchangchemical.com\/product\/2-ethyl-anthraquinone-cas-84-51-5\/#breadcrumb\",\"itemListElement\":[{\"@type\":\"ListItem\",\"position\":1,\"name\":\"Home\",\"item\":\"https:\/\/longchangchemical.com\/\"},{\"@type\":\"ListItem\",\"position\":2,\"name\":\"Products Longchang\",\"item\":\"https:\/\/longchangchemical.com\/product\/\"},{\"@type\":\"ListItem\",\"position\":3,\"name\":\"2-ethyl anthraquinone CAS 84-51-5\"}]},{\"@type\":\"WebSite\",\"@id\":\"https:\/\/longchangchemical.com\/#website\",\"url\":\"https:\/\/longchangchemical.com\/\",\"name\":\"Longchang Chemical\",\"description\":\"China chemical manufacturer \uff06 supplier\",\"publisher\":{\"@id\":\"https:\/\/longchangchemical.com\/#organization\"},\"potentialAction\":[{\"@type\":\"SearchAction\",\"target\":{\"@type\":\"EntryPoint\",\"urlTemplate\":\"https:\/\/longchangchemical.com\/?s={search_term_string}\"},\"query-input\":{\"@type\":\"PropertyValueSpecification\",\"valueRequired\":true,\"valueName\":\"search_term_string\"}}],\"inLanguage\":\"hu\"},{\"@type\":\"Organization\",\"@id\":\"https:\/\/longchangchemical.com\/#organization\",\"name\":\"Longchang Chemical\",\"url\":\"https:\/\/longchangchemical.com\/\",\"logo\":{\"@type\":\"ImageObject\",\"inLanguage\":\"hu\",\"@id\":\"https:\/\/longchangchemical.com\/#\/schema\/logo\/image\/\",\"url\":\"https:\/\/longchangchemical.com\/wp-content\/uploads\/2020\/08\/cropped-longchang-logo.png\",\"contentUrl\":\"https:\/\/longchangchemical.com\/wp-content\/uploads\/2020\/08\/cropped-longchang-logo.png\",\"width\":512,\"height\":512,\"caption\":\"Longchang Chemical\"},\"image\":{\"@id\":\"https:\/\/longchangchemical.com\/#\/schema\/logo\/image\/\"}}]}<\/script>\n<!-- \/ Yoast SEO plugin. -->","yoast_head_json":{"title":"K\u00edna 2-etil-antrakinon gy\u00e1rt\u00f3 \uff06 CAS 84-51-5 sz\u00e1ll\u00edt\u00f3 - Longchang Chemical Co., Ltd., K\u00edna 2-Ethyl anthraquinone gy\u00e1rt\u00f3 \uff06 CAS 84-51-5 sz\u00e1ll\u00edt\u00f3 - Longchang Chemical Co., Ltd.","description":"A Longchang Chemical vezet\u0151 gy\u00e1rt\u00f3ja \u00e9s sz\u00e1ll\u00edt\u00f3ja a 2-Ethyl anthraquinone-nak K\u00edn\u00e1ban. V\u00e1s\u00e1roljon 2-Ethil-antrakinont K\u00edn\u00e1ban. A legjobb 2-Ethil-antrakinon \u00e1rat tudjuk biztos\u00edtani.","robots":{"index":"index","follow":"follow","max-snippet":"max-snippet:-1","max-image-preview":"max-image-preview:large","max-video-preview":"max-video-preview:-1"},"canonical":"https:\/\/longchangchemical.com\/hu\/product\/2-ethyl-anthraquinone-cas-84-51-5\/","og_locale":"hu_HU","og_type":"article","og_title":"China 2-Ethyl anthraquinone Manufacturer \uff06 CAS 84-51-5 Supplier - Longchang chemical Co., Ltd.","og_description":"Longchang Chemical is a leading manufacturer and supplier of 2-Ethyl anthraquinone in China. Buy 2-Ethyl anthraquinone in china. We can provide the best 2-Ethyl anthraquinone price.","og_url":"https:\/\/longchangchemical.com\/hu\/product\/2-ethyl-anthraquinone-cas-84-51-5\/","og_site_name":"Longchang Chemical","article_modified_time":"2026-05-08T02:59:29+00:00","og_image":[{"width":600,"height":800,"url":"https:\/\/longchangchemical.com\/wp-content\/uploads\/2021\/01\/Appearance-4.jpg","type":"image\/jpeg"}],"twitter_card":"summary_large_image","schema":{"@context":"https:\/\/schema.org","@graph":[{"@type":"WebPage","@id":"https:\/\/longchangchemical.com\/product\/2-ethyl-anthraquinone-cas-84-51-5\/","url":"https:\/\/longchangchemical.com\/product\/2-ethyl-anthraquinone-cas-84-51-5\/","name":"K\u00edna 2-etil-antrakinon gy\u00e1rt\u00f3 \uff06 CAS 84-51-5 sz\u00e1ll\u00edt\u00f3 - Longchang Chemical Co., Ltd., K\u00edna 2-Ethyl anthraquinone gy\u00e1rt\u00f3 \uff06 CAS 84-51-5 sz\u00e1ll\u00edt\u00f3 - Longchang Chemical Co., Ltd.","isPartOf":{"@id":"https:\/\/longchangchemical.com\/#website"},"primaryImageOfPage":{"@id":"https:\/\/longchangchemical.com\/product\/2-ethyl-anthraquinone-cas-84-51-5\/#primaryimage"},"image":{"@id":"https:\/\/longchangchemical.com\/product\/2-ethyl-anthraquinone-cas-84-51-5\/#primaryimage"},"thumbnailUrl":"https:\/\/longchangchemical.com\/wp-content\/uploads\/2021\/01\/Appearance-4.jpg","datePublished":"2021-01-21T11:59:25+00:00","dateModified":"2026-05-08T02:59:29+00:00","description":"A Longchang Chemical vezet\u0151 gy\u00e1rt\u00f3ja \u00e9s sz\u00e1ll\u00edt\u00f3ja a 2-Ethyl anthraquinone-nak K\u00edn\u00e1ban. V\u00e1s\u00e1roljon 2-Ethil-antrakinont K\u00edn\u00e1ban. A legjobb 2-Ethil-antrakinon \u00e1rat tudjuk biztos\u00edtani.","breadcrumb":{"@id":"https:\/\/longchangchemical.com\/product\/2-ethyl-anthraquinone-cas-84-51-5\/#breadcrumb"},"inLanguage":"hu","potentialAction":[{"@type":"ReadAction","target":["https:\/\/longchangchemical.com\/product\/2-ethyl-anthraquinone-cas-84-51-5\/"]}]},{"@type":"ImageObject","inLanguage":"hu","@id":"https:\/\/longchangchemical.com\/product\/2-ethyl-anthraquinone-cas-84-51-5\/#primaryimage","url":"https:\/\/longchangchemical.com\/wp-content\/uploads\/2021\/01\/Appearance-4.jpg","contentUrl":"https:\/\/longchangchemical.com\/wp-content\/uploads\/2021\/01\/Appearance-4.jpg","width":600,"height":800,"caption":"2-Ethyl anthraquinone Appearance"},{"@type":"BreadcrumbList","@id":"https:\/\/longchangchemical.com\/product\/2-ethyl-anthraquinone-cas-84-51-5\/#breadcrumb","itemListElement":[{"@type":"ListItem","position":1,"name":"Home","item":"https:\/\/longchangchemical.com\/"},{"@type":"ListItem","position":2,"name":"Products Longchang","item":"https:\/\/longchangchemical.com\/product\/"},{"@type":"ListItem","position":3,"name":"2-ethyl anthraquinone CAS 84-51-5"}]},{"@type":"WebSite","@id":"https:\/\/longchangchemical.com\/#website","url":"https:\/\/longchangchemical.com\/","name":"Longchang Chemical","description":"K\u00edna k\u00e9miai gy\u00e1rt\u00f3 \uff06 sz\u00e1ll\u00edt\u00f3","publisher":{"@id":"https:\/\/longchangchemical.com\/#organization"},"potentialAction":[{"@type":"SearchAction","target":{"@type":"EntryPoint","urlTemplate":"https:\/\/longchangchemical.com\/?s={search_term_string}"},"query-input":{"@type":"PropertyValueSpecification","valueRequired":true,"valueName":"search_term_string"}}],"inLanguage":"hu"},{"@type":"Organization","@id":"https:\/\/longchangchemical.com\/#organization","name":"Longchang Chemical","url":"https:\/\/longchangchemical.com\/","logo":{"@type":"ImageObject","inLanguage":"hu","@id":"https:\/\/longchangchemical.com\/#\/schema\/logo\/image\/","url":"https:\/\/longchangchemical.com\/wp-content\/uploads\/2020\/08\/cropped-longchang-logo.png","contentUrl":"https:\/\/longchangchemical.com\/wp-content\/uploads\/2020\/08\/cropped-longchang-logo.png","width":512,"height":512,"caption":"Longchang Chemical"},"image":{"@id":"https:\/\/longchangchemical.com\/#\/schema\/logo\/image\/"}}]}},"_links":{"self":[{"href":"https:\/\/longchangchemical.com\/hu\/wp-json\/wp\/v2\/product\/3511","targetHints":{"allow":["GET"]}}],"collection":[{"href":"https:\/\/longchangchemical.com\/hu\/wp-json\/wp\/v2\/product"}],"about":[{"href":"https:\/\/longchangchemical.com\/hu\/wp-json\/wp\/v2\/types\/product"}],"replies":[{"embeddable":true,"href":"https:\/\/longchangchemical.com\/hu\/wp-json\/wp\/v2\/comments?post=3511"}],"wp:featuredmedia":[{"embeddable":true,"href":"https:\/\/longchangchemical.com\/hu\/wp-json\/wp\/v2\/media\/4296"}],"wp:attachment":[{"href":"https:\/\/longchangchemical.com\/hu\/wp-json\/wp\/v2\/media?parent=3511"}],"wp:term":[{"taxonomy":"product_brand","embeddable":true,"href":"https:\/\/longchangchemical.com\/hu\/wp-json\/wp\/v2\/product_brand?post=3511"},{"taxonomy":"product_cat","embeddable":true,"href":"https:\/\/longchangchemical.com\/hu\/wp-json\/wp\/v2\/product_cat?post=3511"},{"taxonomy":"product_tag","embeddable":true,"href":"https:\/\/longchangchemical.com\/hu\/wp-json\/wp\/v2\/product_tag?post=3511"}],"curies":[{"name":"wp","href":"https:\/\/api.w.org\/{rel}","templated":true}]}}