{"id":3507,"date":"2021-01-21T11:40:36","date_gmt":"2021-01-21T11:40:36","guid":{"rendered":"https:\/\/longchangchemical.com\/?post_type=product&#038;p=3507"},"modified":"2025-12-23T06:07:22","modified_gmt":"2025-12-23T06:07:22","slug":"methyl-anthranilate-cas-134-20-3","status":"publish","type":"product","link":"https:\/\/longchangchemical.com\/hu\/product\/methyl-anthranilate-cas-134-20-3\/","title":{"rendered":"metil-antranil\u00e1t CAS 134-20-3"},"content":{"rendered":"<h1><strong>metil-antranil\u00e1t CAS 134-20-3<\/strong><\/h1>\n<table class=\"table-1\">\n<tbody>\n<tr>\n<td>\n<h4>T\u00e9telek<\/h4>\n<\/td>\n<td>\n<h4>M\u0171szaki adatok<\/h4>\n<\/td>\n<\/tr>\n<tr>\n<td>\n<h4>Megjelen\u00e9s<\/h4>\n<\/td>\n<td>\n<h4>Sz\u00edntelent\u0151l a vil\u00e1goss\u00e1rg\u00e1ig terjed\u0151 sz\u00edn\u0171, tiszta folyad\u00e9k<\/h4>\n<\/td>\n<\/tr>\n<tr>\n<td>\n<h4>Akt\u00edv tartalom<\/h4>\n<\/td>\n<td>\n<h4>\u226599%<\/h4>\n<\/td>\n<\/tr>\n<tr>\n<td>\n<h4>S\u0171r\u0171s\u00e9g<\/h4>\n<\/td>\n<td>\n<h4>1.161-1.169<\/h4>\n<\/td>\n<\/tr>\n<tr>\n<td>\n<h4>Lobban\u00e1spont<\/h4>\n<\/td>\n<td>\n<h4>104\u00b0C<\/h4>\n<\/td>\n<\/tr>\n<tr>\n<td>\n<h4>Forr\u00e1spont<\/h4>\n<\/td>\n<td>\n<h4>237\u00b0C<\/h4>\n<\/td>\n<\/tr>\n<\/tbody>\n<\/table>\n<p>&nbsp;<\/p>\n<h2><strong>Metil-antranil\u00e1t Haszn\u00e1lat<\/strong><\/h2>\n<h4>1. A metil-antranil\u00e1t peszticidek \u00e9s szacharin k\u00f6ztes term\u00e9kk\u00e9nt haszn\u00e1lhat\u00f3.<\/h4>\n<h4>2. A metil-antranil\u00e1tnak a toronyvir\u00e1gok \u00e9des illata van, h\u00edg\u00edtva sz\u0151l\u0151szer\u0171 arom\u00e1val. Olcs\u00f3 mesters\u00e9ges vir\u00e1golaj, szappan \u00e9s sz\u0151l\u0151aroma kever\u00e9s\u00e9re haszn\u00e1lj\u00e1k.<\/h4>\n<h4>3. A metil-antranil\u00e1t olyan arom\u00e1k el\u0151\u00e1ll\u00edt\u00e1s\u00e1hoz haszn\u00e1lhat\u00f3, mint a j\u00e1zmin, a neroli, a m\u00e1ngold, a n\u00e1rcisz, a tuber\u00f3z, a feh\u00e9r orchidea \u00e9s az ylang-ylang.<\/h4>\n<h4>4. Metil-antranil\u00e1t Narancslev\u00e9l olajjal egy\u00fctt haszn\u00e1ljuk a keleti illatban, neh\u00e9z vir\u00e1gos, \u00e9des fa illat. Nem csak sz\u0151l\u0151 t\u00edpus\u00fa \u00e9lelmiszer-arom\u00e1hoz, hanem bogy\u00f3khoz, eperhez, g\u00f6r\u00f6gdinny\u00e9hez, m\u00e9zhez, citrusf\u00e9l\u00e9khez \u00e9s \u00edgy tov\u00e1bb.<\/h4>\n<h4>5. A metil-antranil\u00e1t az illatszeripar egyik gerincterm\u00e9ke, amelyb\u0151l mintegy 60 f\u00e9le f\u0171szer \u00e1ll\u00edthat\u00f3 el\u0151; a mentollal t\u00f6rt\u00e9n\u0151 \u00e1t\u00e9szterez\u00e9s ut\u00e1n nyert mentil-antranil\u00e1t hat\u00e9kony f\u00e9nyv\u00e9d\u0151 szer.<\/h4>\n<p>&nbsp;<\/p>\n<h2><strong>Metil-antranil\u00e1t<\/strong><strong>Packag<\/strong><strong>\u00e9s sz\u00e1ll\u00edt\u00e1s<\/strong><\/h2>\n<h4>200kg\/dob<\/h4>\n<p>&nbsp;<\/p>\n<h2><strong>Metil-antranil\u00e1t T\u00e1rol\u00e1s<\/strong><\/h2>\n<h4>H\u0171v\u00f6s \u00e9s szell\u0151ztetett rakt\u00e1rban t\u00e1rolj\u00e1k.<\/h4>\n<p>&nbsp;<\/p>\n<h2><strong><b>L\u00e9pjen kapcsolatba vel\u00fcnk most!<\/b><\/strong><\/h2>\n<h4><strong><b>Egyedi szolg\u00e1ltat\u00e1sokat ny\u00fajtunk, \u00e1ltal\u00e1ban 24 \u00f3r\u00e1n bel\u00fcl felvessz\u00fck \u00d6nnel a kapcsolatot. \u00d6n is k\u00fcldhet nekem e-mailt <a href=\"mailto:info@longchangchemical.com\"><span style=\"color: #00ccff;\">info@longchangchemical.com<\/span><\/a> munkaid\u0151ben ( 8:30-18:00 UTC+8 H.-Szombat ) vagy haszn\u00e1lja a weboldal \u00e9l\u0151 chatj\u00e9t, hogy azonnali v\u00e1laszt kapjon.<\/b><\/strong><\/h4>","protected":false},"excerpt":{"rendered":"<h4>K\u00e9miai n\u00e9v: Vegyi n\u00e9v: Metil-antranil\u00e1t<\/h4>\n<h4>CAS-sz\u00e1m: 134-20-3<\/h4>\n<h4>Molekul\u00e1ris fomula: C8H9NO2<\/h4>\n<h4>Molekulat\u00f6meg: 151,16<\/h4>\n<h4>Megjelen\u00e9s: Vil\u00e1goss\u00e1rga, tiszta folyad\u00e9k<\/h4>\n<h4>Assay\uff1a99%min<\/h4>","protected":false},"featured_media":4293,"comment_status":"open","ping_status":"closed","template":"","meta":[],"product_brand":[],"product_cat":[113],"product_tag":[],"class_list":{"0":"post-3507","1":"product","2":"type-product","3":"status-publish","4":"has-post-thumbnail","6":"product_cat-organic-intermediate","8":"first","9":"instock","10":"shipping-taxable","11":"product-type-simple"},"yoast_head":"<!-- This site is optimized with the Yoast SEO plugin v25.3.1 - https:\/\/yoast.com\/wordpress\/plugins\/seo\/ -->\n<title>China Methyl anthranilate Manufacturer \uff06 CAS 134-20-3 Supplier - Longchang chemical Co., Ltd.<\/title>\n<meta name=\"description\" content=\"Longchang Chemical is a leading manufacturer and supplier of Methyl anthranilate in China. Buy Methyl anthranilate in china. We can provide the best Methyl anthranilate price.\" \/>\n<meta name=\"robots\" content=\"index, follow, max-snippet:-1, max-image-preview:large, max-video-preview:-1\" \/>\n<link rel=\"canonical\" href=\"https:\/\/longchangchemical.com\/hu\/product\/methyl-anthranilate-cas-134-20-3\/\" \/>\n<meta property=\"og:locale\" content=\"hu_HU\" \/>\n<meta property=\"og:type\" content=\"article\" \/>\n<meta property=\"og:title\" content=\"China Methyl anthranilate Manufacturer \uff06 CAS 134-20-3 Supplier - Longchang chemical Co., Ltd.\" \/>\n<meta property=\"og:description\" content=\"Longchang Chemical is a leading manufacturer and supplier of Methyl anthranilate in China. Buy Methyl anthranilate in china. We can provide the best Methyl anthranilate price.\" \/>\n<meta property=\"og:url\" content=\"https:\/\/longchangchemical.com\/hu\/product\/methyl-anthranilate-cas-134-20-3\/\" \/>\n<meta property=\"og:site_name\" content=\"Longchang Chemical\" \/>\n<meta property=\"article:modified_time\" content=\"2025-12-23T06:07:22+00:00\" \/>\n<meta property=\"og:image\" content=\"https:\/\/longchangchemical.com\/wp-content\/uploads\/2021\/01\/Methyl-anthranilate-Appearance.jpg\" \/>\n\t<meta property=\"og:image:width\" content=\"600\" \/>\n\t<meta property=\"og:image:height\" content=\"800\" \/>\n\t<meta property=\"og:image:type\" content=\"image\/jpeg\" \/>\n<meta name=\"twitter:card\" content=\"summary_large_image\" \/>\n<script type=\"application\/ld+json\" class=\"yoast-schema-graph\">{\"@context\":\"https:\/\/schema.org\",\"@graph\":[{\"@type\":\"WebPage\",\"@id\":\"https:\/\/longchangchemical.com\/product\/methyl-anthranilate-cas-134-20-3\/\",\"url\":\"https:\/\/longchangchemical.com\/product\/methyl-anthranilate-cas-134-20-3\/\",\"name\":\"China Methyl anthranilate Manufacturer \uff06 CAS 134-20-3 Supplier - Longchang chemical Co., Ltd.\",\"isPartOf\":{\"@id\":\"https:\/\/longchangchemical.com\/#website\"},\"primaryImageOfPage\":{\"@id\":\"https:\/\/longchangchemical.com\/product\/methyl-anthranilate-cas-134-20-3\/#primaryimage\"},\"image\":{\"@id\":\"https:\/\/longchangchemical.com\/product\/methyl-anthranilate-cas-134-20-3\/#primaryimage\"},\"thumbnailUrl\":\"https:\/\/longchangchemical.com\/wp-content\/uploads\/2021\/01\/Methyl-anthranilate-Appearance.jpg\",\"datePublished\":\"2021-01-21T11:40:36+00:00\",\"dateModified\":\"2025-12-23T06:07:22+00:00\",\"description\":\"Longchang Chemical is a leading manufacturer and supplier of Methyl anthranilate in China. Buy Methyl anthranilate in china. We can provide the best Methyl anthranilate price.\",\"breadcrumb\":{\"@id\":\"https:\/\/longchangchemical.com\/product\/methyl-anthranilate-cas-134-20-3\/#breadcrumb\"},\"inLanguage\":\"hu\",\"potentialAction\":[{\"@type\":\"ReadAction\",\"target\":[\"https:\/\/longchangchemical.com\/product\/methyl-anthranilate-cas-134-20-3\/\"]}]},{\"@type\":\"ImageObject\",\"inLanguage\":\"hu\",\"@id\":\"https:\/\/longchangchemical.com\/product\/methyl-anthranilate-cas-134-20-3\/#primaryimage\",\"url\":\"https:\/\/longchangchemical.com\/wp-content\/uploads\/2021\/01\/Methyl-anthranilate-Appearance.jpg\",\"contentUrl\":\"https:\/\/longchangchemical.com\/wp-content\/uploads\/2021\/01\/Methyl-anthranilate-Appearance.jpg\",\"width\":600,\"height\":800,\"caption\":\"Methyl anthranilate Appearance\"},{\"@type\":\"BreadcrumbList\",\"@id\":\"https:\/\/longchangchemical.com\/product\/methyl-anthranilate-cas-134-20-3\/#breadcrumb\",\"itemListElement\":[{\"@type\":\"ListItem\",\"position\":1,\"name\":\"Home\",\"item\":\"https:\/\/longchangchemical.com\/\"},{\"@type\":\"ListItem\",\"position\":2,\"name\":\"Products Longchang\",\"item\":\"https:\/\/longchangchemical.com\/product\/\"},{\"@type\":\"ListItem\",\"position\":3,\"name\":\"methyl anthranilate CAS 134-20-3\"}]},{\"@type\":\"WebSite\",\"@id\":\"https:\/\/longchangchemical.com\/#website\",\"url\":\"https:\/\/longchangchemical.com\/\",\"name\":\"Longchang Chemical\",\"description\":\"China chemical manufacturer \uff06 supplier\",\"publisher\":{\"@id\":\"https:\/\/longchangchemical.com\/#organization\"},\"potentialAction\":[{\"@type\":\"SearchAction\",\"target\":{\"@type\":\"EntryPoint\",\"urlTemplate\":\"https:\/\/longchangchemical.com\/?s={search_term_string}\"},\"query-input\":{\"@type\":\"PropertyValueSpecification\",\"valueRequired\":true,\"valueName\":\"search_term_string\"}}],\"inLanguage\":\"hu\"},{\"@type\":\"Organization\",\"@id\":\"https:\/\/longchangchemical.com\/#organization\",\"name\":\"Longchang Chemical\",\"url\":\"https:\/\/longchangchemical.com\/\",\"logo\":{\"@type\":\"ImageObject\",\"inLanguage\":\"hu\",\"@id\":\"https:\/\/longchangchemical.com\/#\/schema\/logo\/image\/\",\"url\":\"https:\/\/longchangchemical.com\/wp-content\/uploads\/2020\/08\/cropped-longchang-logo.png\",\"contentUrl\":\"https:\/\/longchangchemical.com\/wp-content\/uploads\/2020\/08\/cropped-longchang-logo.png\",\"width\":512,\"height\":512,\"caption\":\"Longchang Chemical\"},\"image\":{\"@id\":\"https:\/\/longchangchemical.com\/#\/schema\/logo\/image\/\"}}]}<\/script>\n<!-- \/ Yoast SEO plugin. -->","yoast_head_json":{"title":"K\u00edna metil-antranil\u00e1t gy\u00e1rt\u00f3 \uff06 CAS 134-20-3 besz\u00e1ll\u00edt\u00f3 - Longchang Chemical Co., Ltd.","description":"A Longchang Chemical vezet\u0151 gy\u00e1rt\u00f3ja \u00e9s sz\u00e1ll\u00edt\u00f3ja a Metil-antranil\u00e1tnak K\u00edn\u00e1ban. V\u00e1s\u00e1roljon metil-antranil\u00e1tot K\u00edn\u00e1ban. A legjobb metil-antranil\u00e1t \u00e1rat tudjuk biztos\u00edtani.","robots":{"index":"index","follow":"follow","max-snippet":"max-snippet:-1","max-image-preview":"max-image-preview:large","max-video-preview":"max-video-preview:-1"},"canonical":"https:\/\/longchangchemical.com\/hu\/product\/methyl-anthranilate-cas-134-20-3\/","og_locale":"hu_HU","og_type":"article","og_title":"China Methyl anthranilate Manufacturer \uff06 CAS 134-20-3 Supplier - Longchang chemical Co., Ltd.","og_description":"Longchang Chemical is a leading manufacturer and supplier of Methyl anthranilate in China. Buy Methyl anthranilate in china. We can provide the best Methyl anthranilate price.","og_url":"https:\/\/longchangchemical.com\/hu\/product\/methyl-anthranilate-cas-134-20-3\/","og_site_name":"Longchang Chemical","article_modified_time":"2025-12-23T06:07:22+00:00","og_image":[{"width":600,"height":800,"url":"https:\/\/longchangchemical.com\/wp-content\/uploads\/2021\/01\/Methyl-anthranilate-Appearance.jpg","type":"image\/jpeg"}],"twitter_card":"summary_large_image","schema":{"@context":"https:\/\/schema.org","@graph":[{"@type":"WebPage","@id":"https:\/\/longchangchemical.com\/product\/methyl-anthranilate-cas-134-20-3\/","url":"https:\/\/longchangchemical.com\/product\/methyl-anthranilate-cas-134-20-3\/","name":"K\u00edna metil-antranil\u00e1t gy\u00e1rt\u00f3 \uff06 CAS 134-20-3 besz\u00e1ll\u00edt\u00f3 - Longchang Chemical Co., Ltd.","isPartOf":{"@id":"https:\/\/longchangchemical.com\/#website"},"primaryImageOfPage":{"@id":"https:\/\/longchangchemical.com\/product\/methyl-anthranilate-cas-134-20-3\/#primaryimage"},"image":{"@id":"https:\/\/longchangchemical.com\/product\/methyl-anthranilate-cas-134-20-3\/#primaryimage"},"thumbnailUrl":"https:\/\/longchangchemical.com\/wp-content\/uploads\/2021\/01\/Methyl-anthranilate-Appearance.jpg","datePublished":"2021-01-21T11:40:36+00:00","dateModified":"2025-12-23T06:07:22+00:00","description":"A Longchang Chemical vezet\u0151 gy\u00e1rt\u00f3ja \u00e9s sz\u00e1ll\u00edt\u00f3ja a Metil-antranil\u00e1tnak K\u00edn\u00e1ban. V\u00e1s\u00e1roljon metil-antranil\u00e1tot K\u00edn\u00e1ban. A legjobb metil-antranil\u00e1t \u00e1rat tudjuk biztos\u00edtani.","breadcrumb":{"@id":"https:\/\/longchangchemical.com\/product\/methyl-anthranilate-cas-134-20-3\/#breadcrumb"},"inLanguage":"hu","potentialAction":[{"@type":"ReadAction","target":["https:\/\/longchangchemical.com\/product\/methyl-anthranilate-cas-134-20-3\/"]}]},{"@type":"ImageObject","inLanguage":"hu","@id":"https:\/\/longchangchemical.com\/product\/methyl-anthranilate-cas-134-20-3\/#primaryimage","url":"https:\/\/longchangchemical.com\/wp-content\/uploads\/2021\/01\/Methyl-anthranilate-Appearance.jpg","contentUrl":"https:\/\/longchangchemical.com\/wp-content\/uploads\/2021\/01\/Methyl-anthranilate-Appearance.jpg","width":600,"height":800,"caption":"Methyl anthranilate Appearance"},{"@type":"BreadcrumbList","@id":"https:\/\/longchangchemical.com\/product\/methyl-anthranilate-cas-134-20-3\/#breadcrumb","itemListElement":[{"@type":"ListItem","position":1,"name":"Home","item":"https:\/\/longchangchemical.com\/"},{"@type":"ListItem","position":2,"name":"Products Longchang","item":"https:\/\/longchangchemical.com\/product\/"},{"@type":"ListItem","position":3,"name":"methyl anthranilate CAS 134-20-3"}]},{"@type":"WebSite","@id":"https:\/\/longchangchemical.com\/#website","url":"https:\/\/longchangchemical.com\/","name":"Longchang Chemical","description":"K\u00edna k\u00e9miai gy\u00e1rt\u00f3 \uff06 sz\u00e1ll\u00edt\u00f3","publisher":{"@id":"https:\/\/longchangchemical.com\/#organization"},"potentialAction":[{"@type":"SearchAction","target":{"@type":"EntryPoint","urlTemplate":"https:\/\/longchangchemical.com\/?s={search_term_string}"},"query-input":{"@type":"PropertyValueSpecification","valueRequired":true,"valueName":"search_term_string"}}],"inLanguage":"hu"},{"@type":"Organization","@id":"https:\/\/longchangchemical.com\/#organization","name":"Longchang Chemical","url":"https:\/\/longchangchemical.com\/","logo":{"@type":"ImageObject","inLanguage":"hu","@id":"https:\/\/longchangchemical.com\/#\/schema\/logo\/image\/","url":"https:\/\/longchangchemical.com\/wp-content\/uploads\/2020\/08\/cropped-longchang-logo.png","contentUrl":"https:\/\/longchangchemical.com\/wp-content\/uploads\/2020\/08\/cropped-longchang-logo.png","width":512,"height":512,"caption":"Longchang Chemical"},"image":{"@id":"https:\/\/longchangchemical.com\/#\/schema\/logo\/image\/"}}]}},"_links":{"self":[{"href":"https:\/\/longchangchemical.com\/hu\/wp-json\/wp\/v2\/product\/3507","targetHints":{"allow":["GET"]}}],"collection":[{"href":"https:\/\/longchangchemical.com\/hu\/wp-json\/wp\/v2\/product"}],"about":[{"href":"https:\/\/longchangchemical.com\/hu\/wp-json\/wp\/v2\/types\/product"}],"replies":[{"embeddable":true,"href":"https:\/\/longchangchemical.com\/hu\/wp-json\/wp\/v2\/comments?post=3507"}],"wp:featuredmedia":[{"embeddable":true,"href":"https:\/\/longchangchemical.com\/hu\/wp-json\/wp\/v2\/media\/4293"}],"wp:attachment":[{"href":"https:\/\/longchangchemical.com\/hu\/wp-json\/wp\/v2\/media?parent=3507"}],"wp:term":[{"taxonomy":"product_brand","embeddable":true,"href":"https:\/\/longchangchemical.com\/hu\/wp-json\/wp\/v2\/product_brand?post=3507"},{"taxonomy":"product_cat","embeddable":true,"href":"https:\/\/longchangchemical.com\/hu\/wp-json\/wp\/v2\/product_cat?post=3507"},{"taxonomy":"product_tag","embeddable":true,"href":"https:\/\/longchangchemical.com\/hu\/wp-json\/wp\/v2\/product_tag?post=3507"}],"curies":[{"name":"wp","href":"https:\/\/api.w.org\/{rel}","templated":true}]}}