{"id":3506,"date":"2021-01-21T11:33:18","date_gmt":"2021-01-21T11:33:18","guid":{"rendered":"https:\/\/longchangchemical.com\/?post_type=product&#038;p=3506"},"modified":"2026-05-08T02:59:28","modified_gmt":"2026-05-08T02:59:28","slug":"magnesium-orotate-cas-34717-03-8","status":"publish","type":"product","link":"https:\/\/longchangchemical.com\/hu\/product\/magnesium-orotate-cas-34717-03-8\/","title":{"rendered":"magn\u00e9zium-orot\u00e1t CAS 34717-03-8"},"content":{"rendered":"<h2><strong>magn\u00e9zium-orot\u00e1t CAS 34717-03-8<\/strong><\/h2>\n<table class=\"table-1\" cellspacing=\"0\">\n<tbody>\n<tr>\n<td>\n<h4><strong>T\u00e9tel<\/strong><\/h4>\n<\/td>\n<td>\n<h4><strong>Standard<\/strong><strong>(%)<\/strong><\/h4>\n<\/td>\n<\/tr>\n<tr>\n<td>\n<h4>Megjelen\u00e9s<\/h4>\n<\/td>\n<td>\n<h4>Feh\u00e9r krist\u00e1lyos por<\/h4>\n<\/td>\n<\/tr>\n<tr>\n<td>\n<h4>Szulf\u00e1t(SO4\uff09)<\/h4>\n<\/td>\n<td>\n<h4>\ufe64200 ppm<\/h4>\n<\/td>\n<\/tr>\n<tr>\n<td>\n<h4>Neh\u00e9zf\u00e9m (Pb)<\/h4>\n<\/td>\n<td>\n<h4>\ufe6420 ppm<\/h4>\n<\/td>\n<\/tr>\n<tr>\n<td>\n<h4>Arz\u00e9n (As2O3)<\/h4>\n<\/td>\n<td>\n<h4>\ufe641 ppm<\/h4>\n<\/td>\n<\/tr>\n<tr>\n<td>\n<h4>Sz\u00e1r\u00edt\u00e1si vesztes\u00e9g<\/h4>\n<\/td>\n<td>\n<h4>\ufe641.0%<\/h4>\n<\/td>\n<\/tr>\n<tr>\n<td>\n<h4>Magn\u00e9ziumtartalom<\/h4>\n<\/td>\n<td>\n<h4>6.40~6.80%<\/h4>\n<\/td>\n<\/tr>\n<tr>\n<td>\n<h4>Assay<\/h4>\n<\/td>\n<td>\n<h4>98.0~101.0%<\/h4>\n<\/td>\n<\/tr>\n<\/tbody>\n<\/table>\n<p>&nbsp;<\/p>\n<h2><strong>Magn\u00e9zium-orot\u00e1t Haszn\u00e1lat<\/strong><\/h2>\n<h4>1. A magn\u00e9zium-orot\u00e1t eg\u00e9szs\u00e9g\u00fcgyi term\u00e9kekben haszn\u00e1lhat\u00f3, A sz\u00edv eg\u00e9szs\u00e9g\u00e9nek t\u00e1mogat\u00e1s\u00e1ra \u00e9s az izomg\u00f6rcs\u00f6k \u00e9s g\u00f6rcs\u00f6k cs\u00f6kkent\u00e9s\u00e9re szolg\u00e1l.<\/h4>\n<h4>2. A magn\u00e9zium-orot\u00e1t seg\u00edt fenntartani a szervezet norm\u00e1lis anyagcser\u00e9j\u00e9t, teljesen ellaz\u00edtja az agyat, \u00e9s szab\u00e1lyosabb\u00e1 teszi a b\u00e9lperisztaltik\u00e1t.<\/h4>\n<p>&nbsp;<\/p>\n<h2><strong>Magn\u00e9zium-orot\u00e1t Csomagol\u00e1s \u00e9s sz\u00e1ll\u00edt\u00e1s<\/strong><\/h2>\n<h4>25kg karton v\u00f6d\u00f6r<\/h4>\n<p>&nbsp;<\/p>\n<h2><strong>Magn\u00e9zium-orot\u00e1t t\u00e1rol\u00e1sa<\/strong><\/h2>\n<h4>Rakt\u00e1ri szell\u0151ztet\u00e9s \u00e9s alacsony h\u0151m\u00e9rs\u00e9klet\u0171 sz\u00e1r\u00edt\u00e1s.<\/h4>\n<p>&nbsp;<\/p>\n<h2><strong><b>L\u00e9pjen kapcsolatba vel\u00fcnk most!<\/b><\/strong><\/h2>\n<h4><strong><b>Egyedi szolg\u00e1ltat\u00e1sokat ny\u00fajtunk, \u00e1ltal\u00e1ban 24 \u00f3r\u00e1n bel\u00fcl felvessz\u00fck \u00d6nnel a kapcsolatot. A munkaid\u0151ben ( 8:30-18:00 UTC+8 H.~Szombat ) az info@longchangchemical.com e-mail c\u00edmen is k\u00fcldhet e-mailt, vagy haszn\u00e1lhatja a weboldal \u00e9l\u0151 chatj\u00e9t, hogy gyors v\u00e1laszt kapjon.<\/b><\/strong><\/h4>","protected":false},"excerpt":{"rendered":"<h4>K\u00e9miai n\u00e9v: Magn\u00e9zium-orot\u00e1t<\/h4>\n<h4>CAS-sz\u00e1m: 34717-03-8<\/h4>\n<h4>Molekul\u00e1ris fomula: N\u00f3menklat\u00fara: C10H6MgN4O8<\/h4>\n<h4>Molekulat\u00f6meg: 334,48<\/h4>\n<h4>Megjelen\u00e9s: Feh\u00e9r krist\u00e1lyos por<\/h4>\n<h4>Pr\u00f3ba: 98.0~101.0%<\/h4>","protected":false},"featured_media":4290,"comment_status":"open","ping_status":"closed","template":"","meta":[],"product_brand":[],"product_cat":[15],"product_tag":[],"class_list":{"0":"post-3506","1":"product","2":"type-product","3":"status-publish","4":"has-post-thumbnail","6":"product_cat-food-additives","8":"first","9":"instock","10":"shipping-taxable","11":"product-type-simple"},"yoast_head":"<!-- This site is optimized with the Yoast SEO plugin v25.3.1 - https:\/\/yoast.com\/wordpress\/plugins\/seo\/ -->\n<title>China Magnesium Orotate Manufacturer \uff06 CAS 34717-03-8 Supplier - Longchang chemical Co., Ltd.<\/title>\n<meta name=\"description\" content=\"Longchang Chemical is a leading manufacturer and supplier of Magnesium Orotate CAS 34717-03-8 in China. Buy Magnesium Orotate in china. We can provide the best Magnesium Orotate price.\" \/>\n<meta name=\"robots\" content=\"index, follow, max-snippet:-1, max-image-preview:large, max-video-preview:-1\" \/>\n<link rel=\"canonical\" href=\"https:\/\/longchangchemical.com\/hu\/product\/magnesium-orotate-cas-34717-03-8\/\" \/>\n<meta property=\"og:locale\" content=\"hu_HU\" \/>\n<meta property=\"og:type\" content=\"article\" \/>\n<meta property=\"og:title\" content=\"China Magnesium Orotate Manufacturer \uff06 CAS 34717-03-8 Supplier - Longchang chemical Co., Ltd.\" \/>\n<meta property=\"og:description\" content=\"Longchang Chemical is a leading manufacturer and supplier of Magnesium Orotate CAS 34717-03-8 in China. Buy Magnesium Orotate in china. We can provide the best Magnesium Orotate price.\" \/>\n<meta property=\"og:url\" content=\"https:\/\/longchangchemical.com\/hu\/product\/magnesium-orotate-cas-34717-03-8\/\" \/>\n<meta property=\"og:site_name\" content=\"Longchang Chemical\" \/>\n<meta property=\"article:modified_time\" content=\"2026-05-08T02:59:28+00:00\" \/>\n<meta property=\"og:image\" content=\"https:\/\/longchangchemical.com\/wp-content\/uploads\/2021\/01\/Appearance-3.jpg\" \/>\n\t<meta property=\"og:image:width\" content=\"600\" \/>\n\t<meta property=\"og:image:height\" content=\"800\" \/>\n\t<meta property=\"og:image:type\" content=\"image\/jpeg\" \/>\n<meta name=\"twitter:card\" content=\"summary_large_image\" \/>\n<script type=\"application\/ld+json\" class=\"yoast-schema-graph\">{\"@context\":\"https:\/\/schema.org\",\"@graph\":[{\"@type\":\"WebPage\",\"@id\":\"https:\/\/longchangchemical.com\/product\/magnesium-orotate-cas-34717-03-8\/\",\"url\":\"https:\/\/longchangchemical.com\/product\/magnesium-orotate-cas-34717-03-8\/\",\"name\":\"China Magnesium Orotate Manufacturer \uff06 CAS 34717-03-8 Supplier - Longchang chemical Co., Ltd.\",\"isPartOf\":{\"@id\":\"https:\/\/longchangchemical.com\/#website\"},\"primaryImageOfPage\":{\"@id\":\"https:\/\/longchangchemical.com\/product\/magnesium-orotate-cas-34717-03-8\/#primaryimage\"},\"image\":{\"@id\":\"https:\/\/longchangchemical.com\/product\/magnesium-orotate-cas-34717-03-8\/#primaryimage\"},\"thumbnailUrl\":\"https:\/\/longchangchemical.com\/wp-content\/uploads\/2021\/01\/Appearance-3.jpg\",\"datePublished\":\"2021-01-21T11:33:18+00:00\",\"dateModified\":\"2026-05-08T02:59:28+00:00\",\"description\":\"Longchang Chemical is a leading manufacturer and supplier of Magnesium Orotate CAS 34717-03-8 in China. Buy Magnesium Orotate in china. We can provide the best Magnesium Orotate price.\",\"breadcrumb\":{\"@id\":\"https:\/\/longchangchemical.com\/product\/magnesium-orotate-cas-34717-03-8\/#breadcrumb\"},\"inLanguage\":\"hu\",\"potentialAction\":[{\"@type\":\"ReadAction\",\"target\":[\"https:\/\/longchangchemical.com\/product\/magnesium-orotate-cas-34717-03-8\/\"]}]},{\"@type\":\"ImageObject\",\"inLanguage\":\"hu\",\"@id\":\"https:\/\/longchangchemical.com\/product\/magnesium-orotate-cas-34717-03-8\/#primaryimage\",\"url\":\"https:\/\/longchangchemical.com\/wp-content\/uploads\/2021\/01\/Appearance-3.jpg\",\"contentUrl\":\"https:\/\/longchangchemical.com\/wp-content\/uploads\/2021\/01\/Appearance-3.jpg\",\"width\":600,\"height\":800,\"caption\":\"Magnesium Orotate Appearance\"},{\"@type\":\"BreadcrumbList\",\"@id\":\"https:\/\/longchangchemical.com\/product\/magnesium-orotate-cas-34717-03-8\/#breadcrumb\",\"itemListElement\":[{\"@type\":\"ListItem\",\"position\":1,\"name\":\"Home\",\"item\":\"https:\/\/longchangchemical.com\/\"},{\"@type\":\"ListItem\",\"position\":2,\"name\":\"Products Longchang\",\"item\":\"https:\/\/longchangchemical.com\/product\/\"},{\"@type\":\"ListItem\",\"position\":3,\"name\":\"magnesium orotate CAS 34717-03-8\"}]},{\"@type\":\"WebSite\",\"@id\":\"https:\/\/longchangchemical.com\/#website\",\"url\":\"https:\/\/longchangchemical.com\/\",\"name\":\"Longchang Chemical\",\"description\":\"China chemical manufacturer \uff06 supplier\",\"publisher\":{\"@id\":\"https:\/\/longchangchemical.com\/#organization\"},\"potentialAction\":[{\"@type\":\"SearchAction\",\"target\":{\"@type\":\"EntryPoint\",\"urlTemplate\":\"https:\/\/longchangchemical.com\/?s={search_term_string}\"},\"query-input\":{\"@type\":\"PropertyValueSpecification\",\"valueRequired\":true,\"valueName\":\"search_term_string\"}}],\"inLanguage\":\"hu\"},{\"@type\":\"Organization\",\"@id\":\"https:\/\/longchangchemical.com\/#organization\",\"name\":\"Longchang Chemical\",\"url\":\"https:\/\/longchangchemical.com\/\",\"logo\":{\"@type\":\"ImageObject\",\"inLanguage\":\"hu\",\"@id\":\"https:\/\/longchangchemical.com\/#\/schema\/logo\/image\/\",\"url\":\"https:\/\/longchangchemical.com\/wp-content\/uploads\/2020\/08\/cropped-longchang-logo.png\",\"contentUrl\":\"https:\/\/longchangchemical.com\/wp-content\/uploads\/2020\/08\/cropped-longchang-logo.png\",\"width\":512,\"height\":512,\"caption\":\"Longchang Chemical\"},\"image\":{\"@id\":\"https:\/\/longchangchemical.com\/#\/schema\/logo\/image\/\"}}]}<\/script>\n<!-- \/ Yoast SEO plugin. -->","yoast_head_json":{"title":"K\u00edna magn\u00e9zium-rot\u00e1t gy\u00e1rt\u00f3 \uff06 CAS 34717-03-8 besz\u00e1ll\u00edt\u00f3 - Longchang Chemical Co., Ltd.","description":"A Longchang Chemical vezet\u0151 gy\u00e1rt\u00f3ja \u00e9s sz\u00e1ll\u00edt\u00f3ja a CAS 34717-03-8 magn\u00e9zium-rot\u00e1tnak K\u00edn\u00e1ban. V\u00e1s\u00e1roljon magn\u00e9zium-rot\u00e1tot K\u00edn\u00e1ban. A legjobb magn\u00e9zium-rot\u00e1t \u00e1rat tudjuk biztos\u00edtani.","robots":{"index":"index","follow":"follow","max-snippet":"max-snippet:-1","max-image-preview":"max-image-preview:large","max-video-preview":"max-video-preview:-1"},"canonical":"https:\/\/longchangchemical.com\/hu\/product\/magnesium-orotate-cas-34717-03-8\/","og_locale":"hu_HU","og_type":"article","og_title":"China Magnesium Orotate Manufacturer \uff06 CAS 34717-03-8 Supplier - Longchang chemical Co., Ltd.","og_description":"Longchang Chemical is a leading manufacturer and supplier of Magnesium Orotate CAS 34717-03-8 in China. Buy Magnesium Orotate in china. We can provide the best Magnesium Orotate price.","og_url":"https:\/\/longchangchemical.com\/hu\/product\/magnesium-orotate-cas-34717-03-8\/","og_site_name":"Longchang Chemical","article_modified_time":"2026-05-08T02:59:28+00:00","og_image":[{"width":600,"height":800,"url":"https:\/\/longchangchemical.com\/wp-content\/uploads\/2021\/01\/Appearance-3.jpg","type":"image\/jpeg"}],"twitter_card":"summary_large_image","schema":{"@context":"https:\/\/schema.org","@graph":[{"@type":"WebPage","@id":"https:\/\/longchangchemical.com\/product\/magnesium-orotate-cas-34717-03-8\/","url":"https:\/\/longchangchemical.com\/product\/magnesium-orotate-cas-34717-03-8\/","name":"K\u00edna magn\u00e9zium-rot\u00e1t gy\u00e1rt\u00f3 \uff06 CAS 34717-03-8 besz\u00e1ll\u00edt\u00f3 - Longchang Chemical Co., Ltd.","isPartOf":{"@id":"https:\/\/longchangchemical.com\/#website"},"primaryImageOfPage":{"@id":"https:\/\/longchangchemical.com\/product\/magnesium-orotate-cas-34717-03-8\/#primaryimage"},"image":{"@id":"https:\/\/longchangchemical.com\/product\/magnesium-orotate-cas-34717-03-8\/#primaryimage"},"thumbnailUrl":"https:\/\/longchangchemical.com\/wp-content\/uploads\/2021\/01\/Appearance-3.jpg","datePublished":"2021-01-21T11:33:18+00:00","dateModified":"2026-05-08T02:59:28+00:00","description":"A Longchang Chemical vezet\u0151 gy\u00e1rt\u00f3ja \u00e9s sz\u00e1ll\u00edt\u00f3ja a CAS 34717-03-8 magn\u00e9zium-rot\u00e1tnak K\u00edn\u00e1ban. V\u00e1s\u00e1roljon magn\u00e9zium-rot\u00e1tot K\u00edn\u00e1ban. A legjobb magn\u00e9zium-rot\u00e1t \u00e1rat tudjuk biztos\u00edtani.","breadcrumb":{"@id":"https:\/\/longchangchemical.com\/product\/magnesium-orotate-cas-34717-03-8\/#breadcrumb"},"inLanguage":"hu","potentialAction":[{"@type":"ReadAction","target":["https:\/\/longchangchemical.com\/product\/magnesium-orotate-cas-34717-03-8\/"]}]},{"@type":"ImageObject","inLanguage":"hu","@id":"https:\/\/longchangchemical.com\/product\/magnesium-orotate-cas-34717-03-8\/#primaryimage","url":"https:\/\/longchangchemical.com\/wp-content\/uploads\/2021\/01\/Appearance-3.jpg","contentUrl":"https:\/\/longchangchemical.com\/wp-content\/uploads\/2021\/01\/Appearance-3.jpg","width":600,"height":800,"caption":"Magnesium Orotate Appearance"},{"@type":"BreadcrumbList","@id":"https:\/\/longchangchemical.com\/product\/magnesium-orotate-cas-34717-03-8\/#breadcrumb","itemListElement":[{"@type":"ListItem","position":1,"name":"Home","item":"https:\/\/longchangchemical.com\/"},{"@type":"ListItem","position":2,"name":"Products Longchang","item":"https:\/\/longchangchemical.com\/product\/"},{"@type":"ListItem","position":3,"name":"magnesium orotate CAS 34717-03-8"}]},{"@type":"WebSite","@id":"https:\/\/longchangchemical.com\/#website","url":"https:\/\/longchangchemical.com\/","name":"Longchang Chemical","description":"K\u00edna k\u00e9miai gy\u00e1rt\u00f3 \uff06 sz\u00e1ll\u00edt\u00f3","publisher":{"@id":"https:\/\/longchangchemical.com\/#organization"},"potentialAction":[{"@type":"SearchAction","target":{"@type":"EntryPoint","urlTemplate":"https:\/\/longchangchemical.com\/?s={search_term_string}"},"query-input":{"@type":"PropertyValueSpecification","valueRequired":true,"valueName":"search_term_string"}}],"inLanguage":"hu"},{"@type":"Organization","@id":"https:\/\/longchangchemical.com\/#organization","name":"Longchang Chemical","url":"https:\/\/longchangchemical.com\/","logo":{"@type":"ImageObject","inLanguage":"hu","@id":"https:\/\/longchangchemical.com\/#\/schema\/logo\/image\/","url":"https:\/\/longchangchemical.com\/wp-content\/uploads\/2020\/08\/cropped-longchang-logo.png","contentUrl":"https:\/\/longchangchemical.com\/wp-content\/uploads\/2020\/08\/cropped-longchang-logo.png","width":512,"height":512,"caption":"Longchang Chemical"},"image":{"@id":"https:\/\/longchangchemical.com\/#\/schema\/logo\/image\/"}}]}},"_links":{"self":[{"href":"https:\/\/longchangchemical.com\/hu\/wp-json\/wp\/v2\/product\/3506","targetHints":{"allow":["GET"]}}],"collection":[{"href":"https:\/\/longchangchemical.com\/hu\/wp-json\/wp\/v2\/product"}],"about":[{"href":"https:\/\/longchangchemical.com\/hu\/wp-json\/wp\/v2\/types\/product"}],"replies":[{"embeddable":true,"href":"https:\/\/longchangchemical.com\/hu\/wp-json\/wp\/v2\/comments?post=3506"}],"wp:featuredmedia":[{"embeddable":true,"href":"https:\/\/longchangchemical.com\/hu\/wp-json\/wp\/v2\/media\/4290"}],"wp:attachment":[{"href":"https:\/\/longchangchemical.com\/hu\/wp-json\/wp\/v2\/media?parent=3506"}],"wp:term":[{"taxonomy":"product_brand","embeddable":true,"href":"https:\/\/longchangchemical.com\/hu\/wp-json\/wp\/v2\/product_brand?post=3506"},{"taxonomy":"product_cat","embeddable":true,"href":"https:\/\/longchangchemical.com\/hu\/wp-json\/wp\/v2\/product_cat?post=3506"},{"taxonomy":"product_tag","embeddable":true,"href":"https:\/\/longchangchemical.com\/hu\/wp-json\/wp\/v2\/product_tag?post=3506"}],"curies":[{"name":"wp","href":"https:\/\/api.w.org\/{rel}","templated":true}]}}