{"id":3504,"date":"2021-01-20T11:27:35","date_gmt":"2021-01-20T11:27:35","guid":{"rendered":"https:\/\/longchangchemical.com\/?post_type=product&#038;p=3504"},"modified":"2021-01-20T11:27:53","modified_gmt":"2021-01-20T11:27:53","slug":"potassium-perfluorobutane-sulfonate-cas-29420-49-3","status":"publish","type":"product","link":"https:\/\/longchangchemical.com\/hu\/product\/potassium-perfluorobutane-sulfonate-cas-29420-49-3\/","title":{"rendered":"k\u00e1lium-perfluorobut\u00e1n-szulfon\u00e1t CAS 29420-49-3"},"content":{"rendered":"<h1>k\u00e1lium-perfluorobut\u00e1n-szulfon\u00e1t cas 29420-49-3<\/h1>\n<table class=\"table-1\" cellspacing=\"0\">\n<tbody>\n<tr>\n<td>\n<h4>T\u00e9tel<\/h4>\n<\/td>\n<td>\n<h4>Standard (%)<\/h4>\n<\/td>\n<td>\n<h4>Eredm\u00e9ny<\/h4>\n<\/td>\n<\/tr>\n<tr>\n<td>\n<h4>Megjelen\u00e9s<\/h4>\n<\/td>\n<td>\n<h4>Feh\u00e9r por<\/h4>\n<\/td>\n<td>\n<h4>Meger\u0151s\u00edtve<\/h4>\n<\/td>\n<\/tr>\n<tr>\n<td>\n<h4>Tartalom<\/h4>\n<\/td>\n<td>\n<h4>99.0%min<\/h4>\n<\/td>\n<td>\n<h4>99.3%<\/h4>\n<\/td>\n<\/tr>\n<tr>\n<td>\n<h4>Azonos\u00edt\u00e1s<\/h4>\n<\/td>\n<td>\n<h4>Az el\u0151\u00edrtak szerint<\/h4>\n<\/td>\n<td>\n<h4>Meger\u0151s\u00edtve<\/h4>\n<\/td>\n<\/tr>\n<tr>\n<td>\n<h4>V\u00edz<\/h4>\n<\/td>\n<td>\n<h4>500 ppm<\/h4>\n<\/td>\n<td>\n<h4>212 ppm<\/h4>\n<\/td>\n<\/tr>\n<tr>\n<td>\n<h4>PH<\/h4>\n<\/td>\n<td>\n<h4>6-7<\/h4>\n<\/td>\n<td>\n<h4>6.8<\/h4>\n<\/td>\n<\/tr>\n<tr>\n<td>\n<h4>Fluoridion<\/h4>\n<\/td>\n<td>\n<h4>\uff1c0.2%<\/h4>\n<\/td>\n<td>\n<h4>\uff1c0.08%<\/h4>\n<\/td>\n<\/tr>\n<tr>\n<td>\n<h4>Klorid<\/h4>\n<\/td>\n<td>\n<h4>20.0ppm<\/h4>\n<\/td>\n<td>\n<h4>\uff1c1.0ppm<\/h4>\n<\/td>\n<\/tr>\n<tr>\n<td>\n<h4>Szulf\u00e1t<\/h4>\n<\/td>\n<td>\n<h4>20 ppm<\/h4>\n<\/td>\n<td>\n<h4>4ppm<\/h4>\n<\/td>\n<\/tr>\n<tr>\n<td>\n<h4>PFOS<\/h4>\n<\/td>\n<td>\n<h4>5 ppm<\/h4>\n<\/td>\n<td>\n<h4>\uff1c1.0ppm<\/h4>\n<\/td>\n<\/tr>\n<tr>\n<td>\n<h4>K\u00f6vetkeztet\u00e9s<\/h4>\n<\/td>\n<td colspan=\"2\">\n<h4>A fenti eredm\u00e9nyek megfelelnek a v\u00e1llalkoz\u00e1si szabv\u00e1nynak.<\/h4>\n<\/td>\n<\/tr>\n<\/tbody>\n<\/table>\n<p>&nbsp;<\/p>\n<h2><strong>K\u00e1lium-perfluorobut\u00e1n-szulfon\u00e1t Haszn\u00e1lat<\/strong><\/h2>\n<h4><span class=\"JLqJ4b ChMk0b\" data-language-for-alternatives=\"en\" data-language-to-translate-into=\"auto\" data-phrase-index=\"0\">1. A k\u00e1lium-perfluorobut\u00e1n-szulfon\u00e1t perfluorozott anionos fel\u00fcletakt\u00edv anyag, \u00e9s a fluorozott fel\u00fcletakt\u00edv anyagok \u00e1ltal\u00e1nos jellemz\u0151ivel rendelkezik.<\/span><\/h4>\n<h4><span class=\"JLqJ4b ChMk0b\" data-language-for-alternatives=\"en\" data-language-to-translate-into=\"auto\" data-phrase-index=\"2\">2. A k\u00e1lium-perfluorobut\u00e1n-szulfon\u00e1tot sz\u00e9les k\u00f6rben haszn\u00e1lj\u00e1k l\u00e1ngmentes\u00edt\u0151 szintetikus anyagokhoz, k\u00fcl\u00f6n\u00f6sen a legjobb l\u00e1ngmentes\u00edt\u0151 polikarbon\u00e1t anyagokhoz.<\/span> <span class=\"JLqJ4b ChMk0b\" data-language-for-alternatives=\"en\" data-language-to-translate-into=\"auto\" data-phrase-index=\"3\">P\u00e9ld\u00e1ul nagy hat\u00e9konys\u00e1g\u00fa antisztatikus szerk\u00e9nt \u00e9s \u00e9g\u00e9sg\u00e1tl\u00f3k\u00e9nt haszn\u00e1lhat\u00f3 a h\u0151re l\u00e1gyul\u00f3 m\u0171anyagok feldolgoz\u00e1s\u00e1ban, ami jav\u00edthatja az \u00e1tl\u00e1tsz\u00f3s\u00e1got olyan \u00e1tl\u00e1tsz\u00f3 gyant\u00e1k eset\u00e9ben, mint a polikarbon\u00e1t, a polisztirol, a poliimid, a poli\u00e9szter \u00e9s a poliamid.<\/span><\/h4>\n<p>&nbsp;<\/p>\n<h2><strong>K\u00e1lium-perfluorobut\u00e1n-szulfon\u00e1t csomagol\u00e1s \u00e9s sz\u00e1ll\u00edt\u00e1s<\/strong><\/h2>\n<h4>Csomagol\u00e1s: 25KG\/Drum<\/h4>\n<h4>Sz\u00e1ll\u00edt\u00e1s: a 9. oszt\u00e1lyba tartoz\u00f3 vesz\u00e9lyes \u00e1ruk<\/h4>\n<h4><\/h4>\n<h2><strong>K\u00e1lium-perfluorobut\u00e1n-szulfon\u00e1t Felhaszn\u00e1lhat\u00f3s\u00e1gi id\u0151 \u00e9s t\u00e1rol\u00e1s<\/strong><\/h2>\n<h4>A gy\u00e1rt\u00e1s d\u00e1tum\u00e1t\u00f3l sz\u00e1m\u00edtott 24 h\u00f3napig eredeti, bontatlan csomagol\u00e1sban, h\u0171v\u00f6s, sz\u00e1raz, k\u00f6zvetlen napf\u00e9nyt\u0151l, v\u00edzt\u0151l v\u00e9dett helyen t\u00e1rolva.<\/h4>\n<h2><\/h2>\n<h2><strong><b>L\u00e9pjen kapcsolatba vel\u00fcnk most!<\/b><\/strong><\/h2>\n<h4><strong><b>Egyedi szolg\u00e1ltat\u00e1sokat ny\u00fajtunk, \u00e1ltal\u00e1ban 24 \u00f3r\u00e1n bel\u00fcl felvessz\u00fck \u00d6nnel a kapcsolatot. A munkaid\u0151ben ( 8:30-18:00 UTC+8 H.~Szombat ) az info@longchangchemical.com e-mail c\u00edmen is k\u00fcldhet e-mailt, vagy haszn\u00e1lhatja a weboldal \u00e9l\u0151 chatj\u00e9t, hogy gyors v\u00e1laszt kapjon.<\/b><\/strong><\/h4>","protected":false},"excerpt":{"rendered":"<h4>K\u00e9miai n\u00e9v: k\u00e1lium-perfluorobut\u00e1n-szulfon\u00e1t<\/h4>\n<h4>CAS-SZ\u00c1M: 29420-49-3<\/h4>\n<h4>Molekul\u00e1ris k\u00e9plet:C4F9KO3S<\/h4>\n<h4>Molekulat\u00f6meg:338,19<\/h4>\n<h4>K\u00e9miai szerkezet:<img decoding=\"async\" title=\"CAS 29420-49-3 Szerkezet\" src=\"https:\/\/www.longchangchemical.com\/wp-content\/uploads\/product-details\/20200612245265.png\" alt=\"CAS 29420-49-3 Szerkezet\" width=\"111\" height=\"81\" border=\"0\" vspace=\"0\" \/><\/h4>\n<h4>Megjelen\u00e9s: Feh\u00e9r por<\/h4>\n<h4>Pr\u00f3ba: 99.0%min<\/h4>","protected":false},"featured_media":4185,"comment_status":"open","ping_status":"closed","template":"","meta":[],"product_brand":[],"product_cat":[69],"product_tag":[],"class_list":{"0":"post-3504","1":"product","2":"type-product","3":"status-publish","4":"has-post-thumbnail","6":"product_cat-catalysts-chemical-auxiliary-agents","8":"first","9":"instock","10":"shipping-taxable","11":"product-type-simple"},"yoast_head":"<!-- This site is optimized with the Yoast SEO plugin v25.3.1 - https:\/\/yoast.com\/wordpress\/plugins\/seo\/ -->\n<title>China Potassium nonafluoro-1-butanesulfonate CAS 29420-49-3 Manufacturer \uff06 Supplier - Longchang chemical Co., Ltd.<\/title>\n<meta name=\"description\" content=\"Longchang Chemical is a leading manufacturer and supplier of Potassium nonafluoro-1-butanesulfonate CAS 29420-49-3 in China. Buy Potassium nonafluoro-1-butanesulfonate in china. We can provide the best Potassium nonafluoro-1-butanesulfonate price.\" \/>\n<meta name=\"robots\" content=\"index, follow, max-snippet:-1, max-image-preview:large, max-video-preview:-1\" \/>\n<link rel=\"canonical\" href=\"https:\/\/longchangchemical.com\/hu\/product\/potassium-perfluorobutane-sulfonate-cas-29420-49-3\/\" \/>\n<meta property=\"og:locale\" content=\"hu_HU\" \/>\n<meta property=\"og:type\" content=\"article\" \/>\n<meta property=\"og:title\" content=\"China Potassium nonafluoro-1-butanesulfonate CAS 29420-49-3 Manufacturer \uff06 Supplier - Longchang chemical Co., Ltd.\" \/>\n<meta property=\"og:description\" content=\"Longchang Chemical is a leading manufacturer and supplier of Potassium nonafluoro-1-butanesulfonate CAS 29420-49-3 in China. Buy Potassium nonafluoro-1-butanesulfonate in china. We can provide the best Potassium nonafluoro-1-butanesulfonate price.\" \/>\n<meta property=\"og:url\" content=\"https:\/\/longchangchemical.com\/hu\/product\/potassium-perfluorobutane-sulfonate-cas-29420-49-3\/\" \/>\n<meta property=\"og:site_name\" content=\"Longchang Chemical\" \/>\n<meta property=\"article:modified_time\" content=\"2021-01-20T11:27:53+00:00\" \/>\n<meta property=\"og:image\" content=\"https:\/\/longchangchemical.com\/wp-content\/uploads\/2021\/01\/Potassium-nonafluoro-1-butanesulfonate-Appearance.jpg\" \/>\n\t<meta property=\"og:image:width\" content=\"600\" \/>\n\t<meta property=\"og:image:height\" content=\"800\" \/>\n\t<meta property=\"og:image:type\" content=\"image\/jpeg\" \/>\n<meta name=\"twitter:card\" content=\"summary_large_image\" \/>\n<script type=\"application\/ld+json\" class=\"yoast-schema-graph\">{\"@context\":\"https:\/\/schema.org\",\"@graph\":[{\"@type\":\"WebPage\",\"@id\":\"https:\/\/longchangchemical.com\/product\/potassium-perfluorobutane-sulfonate-cas-29420-49-3\/\",\"url\":\"https:\/\/longchangchemical.com\/product\/potassium-perfluorobutane-sulfonate-cas-29420-49-3\/\",\"name\":\"China Potassium nonafluoro-1-butanesulfonate CAS 29420-49-3 Manufacturer \uff06 Supplier - Longchang chemical Co., Ltd.\",\"isPartOf\":{\"@id\":\"https:\/\/longchangchemical.com\/#website\"},\"primaryImageOfPage\":{\"@id\":\"https:\/\/longchangchemical.com\/product\/potassium-perfluorobutane-sulfonate-cas-29420-49-3\/#primaryimage\"},\"image\":{\"@id\":\"https:\/\/longchangchemical.com\/product\/potassium-perfluorobutane-sulfonate-cas-29420-49-3\/#primaryimage\"},\"thumbnailUrl\":\"https:\/\/longchangchemical.com\/wp-content\/uploads\/2021\/01\/Potassium-nonafluoro-1-butanesulfonate-Appearance.jpg\",\"datePublished\":\"2021-01-20T11:27:35+00:00\",\"dateModified\":\"2021-01-20T11:27:53+00:00\",\"description\":\"Longchang Chemical is a leading manufacturer and supplier of Potassium nonafluoro-1-butanesulfonate CAS 29420-49-3 in China. Buy Potassium nonafluoro-1-butanesulfonate in china. We can provide the best Potassium nonafluoro-1-butanesulfonate price.\",\"breadcrumb\":{\"@id\":\"https:\/\/longchangchemical.com\/product\/potassium-perfluorobutane-sulfonate-cas-29420-49-3\/#breadcrumb\"},\"inLanguage\":\"hu\",\"potentialAction\":[{\"@type\":\"ReadAction\",\"target\":[\"https:\/\/longchangchemical.com\/product\/potassium-perfluorobutane-sulfonate-cas-29420-49-3\/\"]}]},{\"@type\":\"ImageObject\",\"inLanguage\":\"hu\",\"@id\":\"https:\/\/longchangchemical.com\/product\/potassium-perfluorobutane-sulfonate-cas-29420-49-3\/#primaryimage\",\"url\":\"https:\/\/longchangchemical.com\/wp-content\/uploads\/2021\/01\/Potassium-nonafluoro-1-butanesulfonate-Appearance.jpg\",\"contentUrl\":\"https:\/\/longchangchemical.com\/wp-content\/uploads\/2021\/01\/Potassium-nonafluoro-1-butanesulfonate-Appearance.jpg\",\"width\":600,\"height\":800,\"caption\":\"Potassium nonafluoro-1-butanesulfonate Appearance\"},{\"@type\":\"BreadcrumbList\",\"@id\":\"https:\/\/longchangchemical.com\/product\/potassium-perfluorobutane-sulfonate-cas-29420-49-3\/#breadcrumb\",\"itemListElement\":[{\"@type\":\"ListItem\",\"position\":1,\"name\":\"Home\",\"item\":\"https:\/\/longchangchemical.com\/\"},{\"@type\":\"ListItem\",\"position\":2,\"name\":\"Products Longchang\",\"item\":\"https:\/\/longchangchemical.com\/product\/\"},{\"@type\":\"ListItem\",\"position\":3,\"name\":\"potassium perfluorobutane sulfonate CAS 29420-49-3\"}]},{\"@type\":\"WebSite\",\"@id\":\"https:\/\/longchangchemical.com\/#website\",\"url\":\"https:\/\/longchangchemical.com\/\",\"name\":\"Longchang Chemical\",\"description\":\"China chemical manufacturer \uff06 supplier\",\"publisher\":{\"@id\":\"https:\/\/longchangchemical.com\/#organization\"},\"potentialAction\":[{\"@type\":\"SearchAction\",\"target\":{\"@type\":\"EntryPoint\",\"urlTemplate\":\"https:\/\/longchangchemical.com\/?s={search_term_string}\"},\"query-input\":{\"@type\":\"PropertyValueSpecification\",\"valueRequired\":true,\"valueName\":\"search_term_string\"}}],\"inLanguage\":\"hu\"},{\"@type\":\"Organization\",\"@id\":\"https:\/\/longchangchemical.com\/#organization\",\"name\":\"Longchang Chemical\",\"url\":\"https:\/\/longchangchemical.com\/\",\"logo\":{\"@type\":\"ImageObject\",\"inLanguage\":\"hu\",\"@id\":\"https:\/\/longchangchemical.com\/#\/schema\/logo\/image\/\",\"url\":\"https:\/\/longchangchemical.com\/wp-content\/uploads\/2020\/08\/cropped-longchang-logo.png\",\"contentUrl\":\"https:\/\/longchangchemical.com\/wp-content\/uploads\/2020\/08\/cropped-longchang-logo.png\",\"width\":512,\"height\":512,\"caption\":\"Longchang Chemical\"},\"image\":{\"@id\":\"https:\/\/longchangchemical.com\/#\/schema\/logo\/image\/\"}}]}<\/script>\n<!-- \/ Yoast SEO plugin. -->","yoast_head_json":{"title":"K\u00edna k\u00e1lium-nonafluor-1-but\u00e1nszulfon\u00e1t CAS 29420-49-3 Gy\u00e1rt\u00f3 \uff06 Sz\u00e1ll\u00edt\u00f3 - Longchang Chemical Co., Ltd., Ltd.","description":"A Longchang Chemical vezet\u0151 gy\u00e1rt\u00f3ja \u00e9s sz\u00e1ll\u00edt\u00f3ja a k\u00e1lium-nonafluor-1-but\u00e1nszulfon\u00e1t CAS 29420-49-3 K\u00edn\u00e1ban. V\u00e1s\u00e1roljon k\u00e1lium-nonafluor-1-but\u00e1nszulfon\u00e1tot K\u00edn\u00e1ban. A legjobb k\u00e1lium nonafluor-1-but\u00e1nszulfon\u00e1t \u00e1rat tudjuk biztos\u00edtani.","robots":{"index":"index","follow":"follow","max-snippet":"max-snippet:-1","max-image-preview":"max-image-preview:large","max-video-preview":"max-video-preview:-1"},"canonical":"https:\/\/longchangchemical.com\/hu\/product\/potassium-perfluorobutane-sulfonate-cas-29420-49-3\/","og_locale":"hu_HU","og_type":"article","og_title":"China Potassium nonafluoro-1-butanesulfonate CAS 29420-49-3 Manufacturer \uff06 Supplier - Longchang chemical Co., Ltd.","og_description":"Longchang Chemical is a leading manufacturer and supplier of Potassium nonafluoro-1-butanesulfonate CAS 29420-49-3 in China. Buy Potassium nonafluoro-1-butanesulfonate in china. We can provide the best Potassium nonafluoro-1-butanesulfonate price.","og_url":"https:\/\/longchangchemical.com\/hu\/product\/potassium-perfluorobutane-sulfonate-cas-29420-49-3\/","og_site_name":"Longchang Chemical","article_modified_time":"2021-01-20T11:27:53+00:00","og_image":[{"width":600,"height":800,"url":"https:\/\/longchangchemical.com\/wp-content\/uploads\/2021\/01\/Potassium-nonafluoro-1-butanesulfonate-Appearance.jpg","type":"image\/jpeg"}],"twitter_card":"summary_large_image","schema":{"@context":"https:\/\/schema.org","@graph":[{"@type":"WebPage","@id":"https:\/\/longchangchemical.com\/product\/potassium-perfluorobutane-sulfonate-cas-29420-49-3\/","url":"https:\/\/longchangchemical.com\/product\/potassium-perfluorobutane-sulfonate-cas-29420-49-3\/","name":"K\u00edna k\u00e1lium-nonafluor-1-but\u00e1nszulfon\u00e1t CAS 29420-49-3 Gy\u00e1rt\u00f3 \uff06 Sz\u00e1ll\u00edt\u00f3 - Longchang Chemical Co., Ltd., Ltd.","isPartOf":{"@id":"https:\/\/longchangchemical.com\/#website"},"primaryImageOfPage":{"@id":"https:\/\/longchangchemical.com\/product\/potassium-perfluorobutane-sulfonate-cas-29420-49-3\/#primaryimage"},"image":{"@id":"https:\/\/longchangchemical.com\/product\/potassium-perfluorobutane-sulfonate-cas-29420-49-3\/#primaryimage"},"thumbnailUrl":"https:\/\/longchangchemical.com\/wp-content\/uploads\/2021\/01\/Potassium-nonafluoro-1-butanesulfonate-Appearance.jpg","datePublished":"2021-01-20T11:27:35+00:00","dateModified":"2021-01-20T11:27:53+00:00","description":"A Longchang Chemical vezet\u0151 gy\u00e1rt\u00f3ja \u00e9s sz\u00e1ll\u00edt\u00f3ja a k\u00e1lium-nonafluor-1-but\u00e1nszulfon\u00e1t CAS 29420-49-3 K\u00edn\u00e1ban. V\u00e1s\u00e1roljon k\u00e1lium-nonafluor-1-but\u00e1nszulfon\u00e1tot K\u00edn\u00e1ban. A legjobb k\u00e1lium nonafluor-1-but\u00e1nszulfon\u00e1t \u00e1rat tudjuk biztos\u00edtani.","breadcrumb":{"@id":"https:\/\/longchangchemical.com\/product\/potassium-perfluorobutane-sulfonate-cas-29420-49-3\/#breadcrumb"},"inLanguage":"hu","potentialAction":[{"@type":"ReadAction","target":["https:\/\/longchangchemical.com\/product\/potassium-perfluorobutane-sulfonate-cas-29420-49-3\/"]}]},{"@type":"ImageObject","inLanguage":"hu","@id":"https:\/\/longchangchemical.com\/product\/potassium-perfluorobutane-sulfonate-cas-29420-49-3\/#primaryimage","url":"https:\/\/longchangchemical.com\/wp-content\/uploads\/2021\/01\/Potassium-nonafluoro-1-butanesulfonate-Appearance.jpg","contentUrl":"https:\/\/longchangchemical.com\/wp-content\/uploads\/2021\/01\/Potassium-nonafluoro-1-butanesulfonate-Appearance.jpg","width":600,"height":800,"caption":"Potassium nonafluoro-1-butanesulfonate Appearance"},{"@type":"BreadcrumbList","@id":"https:\/\/longchangchemical.com\/product\/potassium-perfluorobutane-sulfonate-cas-29420-49-3\/#breadcrumb","itemListElement":[{"@type":"ListItem","position":1,"name":"Home","item":"https:\/\/longchangchemical.com\/"},{"@type":"ListItem","position":2,"name":"Products Longchang","item":"https:\/\/longchangchemical.com\/product\/"},{"@type":"ListItem","position":3,"name":"potassium perfluorobutane sulfonate CAS 29420-49-3"}]},{"@type":"WebSite","@id":"https:\/\/longchangchemical.com\/#website","url":"https:\/\/longchangchemical.com\/","name":"Longchang Chemical","description":"K\u00edna k\u00e9miai gy\u00e1rt\u00f3 \uff06 sz\u00e1ll\u00edt\u00f3","publisher":{"@id":"https:\/\/longchangchemical.com\/#organization"},"potentialAction":[{"@type":"SearchAction","target":{"@type":"EntryPoint","urlTemplate":"https:\/\/longchangchemical.com\/?s={search_term_string}"},"query-input":{"@type":"PropertyValueSpecification","valueRequired":true,"valueName":"search_term_string"}}],"inLanguage":"hu"},{"@type":"Organization","@id":"https:\/\/longchangchemical.com\/#organization","name":"Longchang Chemical","url":"https:\/\/longchangchemical.com\/","logo":{"@type":"ImageObject","inLanguage":"hu","@id":"https:\/\/longchangchemical.com\/#\/schema\/logo\/image\/","url":"https:\/\/longchangchemical.com\/wp-content\/uploads\/2020\/08\/cropped-longchang-logo.png","contentUrl":"https:\/\/longchangchemical.com\/wp-content\/uploads\/2020\/08\/cropped-longchang-logo.png","width":512,"height":512,"caption":"Longchang Chemical"},"image":{"@id":"https:\/\/longchangchemical.com\/#\/schema\/logo\/image\/"}}]}},"_links":{"self":[{"href":"https:\/\/longchangchemical.com\/hu\/wp-json\/wp\/v2\/product\/3504","targetHints":{"allow":["GET"]}}],"collection":[{"href":"https:\/\/longchangchemical.com\/hu\/wp-json\/wp\/v2\/product"}],"about":[{"href":"https:\/\/longchangchemical.com\/hu\/wp-json\/wp\/v2\/types\/product"}],"replies":[{"embeddable":true,"href":"https:\/\/longchangchemical.com\/hu\/wp-json\/wp\/v2\/comments?post=3504"}],"wp:featuredmedia":[{"embeddable":true,"href":"https:\/\/longchangchemical.com\/hu\/wp-json\/wp\/v2\/media\/4185"}],"wp:attachment":[{"href":"https:\/\/longchangchemical.com\/hu\/wp-json\/wp\/v2\/media?parent=3504"}],"wp:term":[{"taxonomy":"product_brand","embeddable":true,"href":"https:\/\/longchangchemical.com\/hu\/wp-json\/wp\/v2\/product_brand?post=3504"},{"taxonomy":"product_cat","embeddable":true,"href":"https:\/\/longchangchemical.com\/hu\/wp-json\/wp\/v2\/product_cat?post=3504"},{"taxonomy":"product_tag","embeddable":true,"href":"https:\/\/longchangchemical.com\/hu\/wp-json\/wp\/v2\/product_tag?post=3504"}],"curies":[{"name":"wp","href":"https:\/\/api.w.org\/{rel}","templated":true}]}}