{"id":3503,"date":"2021-01-20T11:23:17","date_gmt":"2021-01-20T11:23:17","guid":{"rendered":"https:\/\/longchangchemical.com\/?post_type=product&#038;p=3503"},"modified":"2025-12-23T05:55:22","modified_gmt":"2025-12-23T05:55:22","slug":"benzotrifluoride-cas-98-08-8","status":"publish","type":"product","link":"https:\/\/longchangchemical.com\/hu\/product\/benzotrifluoride-cas-98-08-8\/","title":{"rendered":"Benzotrifluorid CAS 98-08-8"},"content":{"rendered":"<h1>Benzotrifluorid CAS 98-08-8<\/h1>\n<table class=\"table-1\" cellspacing=\"0\" cellpadding=\"0\">\n<tbody>\n<tr align=\"left\">\n<td>\n<h4>Ellen\u0151rizze az elemet<\/h4>\n<\/td>\n<td>\n<h4>Specifik\u00e1ci\u00f3<\/h4>\n<\/td>\n<td>\n<h4>Eredm\u00e9nyek<\/h4>\n<\/td>\n<\/tr>\n<tr align=\"left\">\n<td>\n<h4>Megjelen\u00e9s<\/h4>\n<\/td>\n<td>\n<h4>Sz\u00edntelen \u00e1tl\u00e1tsz\u00f3 folyad\u00e9k<\/h4>\n<\/td>\n<td>\n<h4>Sz\u00edntelen \u00e1tl\u00e1tsz\u00f3 folyad\u00e9k<\/h4>\n<\/td>\n<\/tr>\n<tr align=\"left\">\n<td>\n<h4>Assay<\/h4>\n<\/td>\n<td>\n<h4>99.50%Min<\/h4>\n<\/td>\n<td>\n<h4>99.80%<\/h4>\n<\/td>\n<\/tr>\n<tr align=\"left\">\n<td>\n<h4>V\u00edz (Karl Fischer)<\/h4>\n<\/td>\n<td>\n<h4>0,05%Max<\/h4>\n<\/td>\n<td>\n<h4>0.02%<\/h4>\n<\/td>\n<\/tr>\n<tr align=\"left\">\n<td>\n<h4>K\u00f6vetkeztet\u00e9s<\/h4>\n<\/td>\n<td colspan=\"2\">\n<h4>K\u00e9pzett.<\/h4>\n<\/td>\n<\/tr>\n<\/tbody>\n<\/table>\n<p>&nbsp;<\/p>\n<h2><strong>Benzotrifluorid Haszn\u00e1lat<\/strong><\/h2>\n<h4><span class=\"JLqJ4b ChMk0b\" data-language-for-alternatives=\"en\" data-language-to-translate-into=\"auto\" data-phrase-index=\"0\">1. A benzotrifluorid a fluork\u00e9mia fontos k\u00f6ztes term\u00e9ke. Olyan gyomirt\u00f3 szerek el\u0151\u00e1ll\u00edt\u00e1s\u00e1ra haszn\u00e1lhat\u00f3, mint a fluroxipir, a flurokloridon, a diflufenik\u00e1n.<\/span><\/h4>\n<h4><span class=\"JLqJ4b ChMk0b\" data-language-for-alternatives=\"en\" data-language-to-translate-into=\"auto\" data-phrase-index=\"2\">2. A benzotrifluorid felhaszn\u00e1lhat\u00f3 gy\u00f3gyszerek, sz\u00ednez\u00e9kek, vulkaniz\u00e1l\u00f3szerek, peszticidek stb. gy\u00e1rt\u00e1s\u00e1hoz.<\/span><\/h4>\n<h4><span class=\"JLqJ4b ChMk0b\" data-language-for-alternatives=\"en\" data-language-to-translate-into=\"auto\" data-phrase-index=\"4\">3. A benzotrifluorid felhaszn\u00e1lhat\u00f3 az \u00fczemanyag f\u0171t\u0151\u00e9rt\u00e9k\u00e9nek meghat\u00e1roz\u00e1s\u00e1ra, por alak\u00fa t\u0171zolt\u00f3szerk\u00e9nt alkalmazhat\u00f3, \u00e9s f\u00e9nyben leboml\u00f3 m\u0171anyag adal\u00e9kanyagk\u00e9nt is felhaszn\u00e1lhat\u00f3.<\/span><\/h4>\n<p>&nbsp;<\/p>\n<h2><strong>Benzotrifluorid Csomagol\u00e1si r\u00e9szletek<\/strong><\/h2>\n<h4>250kg\/dob<\/h4>\n<p>&nbsp;<\/p>\n<h2><strong><b>L\u00e9pjen kapcsolatba vel\u00fcnk most!<\/b><\/strong><\/h2>\n<h4><strong><b>Egyedi szolg\u00e1ltat\u00e1sokat ny\u00fajtunk, \u00e1ltal\u00e1ban 24 \u00f3r\u00e1n bel\u00fcl felvessz\u00fck \u00d6nnel a kapcsolatot. A munkaid\u0151ben ( 8:30-18:00 UTC+8 H.~Szombat ) az info@longchangchemical.com e-mail c\u00edmen is k\u00fcldhet e-mailt, vagy haszn\u00e1lhatja a weboldal \u00e9l\u0151 chatj\u00e9t, hogy gyors v\u00e1laszt kapjon.<\/b><\/strong><\/h4>","protected":false},"excerpt":{"rendered":"<h4>K\u00e9miai n\u00e9v: benzotrifluorid<\/h4>\n<h4>CAS: 98-08-8<\/h4>\n<h4>Molekul\u00e1ris k\u00e9plet:C7H5F3<\/h4>\n<h4>Molekulat\u00f6meg:146,11<\/h4>\n<h4>Megjelen\u00e9s: Sz\u00edntelen, \u00e1tl\u00e1tsz\u00f3 folyad\u00e9k<\/h4>\n<h4>Tisztas\u00e1g: 99.5%<\/h4>","protected":false},"featured_media":4184,"comment_status":"open","ping_status":"closed","template":"","meta":[],"product_brand":[],"product_cat":[69],"product_tag":[],"class_list":{"0":"post-3503","1":"product","2":"type-product","3":"status-publish","4":"has-post-thumbnail","6":"product_cat-catalysts-chemical-auxiliary-agents","8":"first","9":"instock","10":"shipping-taxable","11":"product-type-simple"},"yoast_head":"<!-- This site is optimized with the Yoast SEO plugin v25.3.1 - https:\/\/yoast.com\/wordpress\/plugins\/seo\/ -->\n<title>China Benzotrifluoride CAS 98-08-8 Manufacturer \uff06 Supplier - Longchang chemical Co., Ltd.<\/title>\n<meta name=\"description\" content=\"Longchang Chemical is a leading manufacturer and supplier of Benzotrifluoride CAS 98-08-8 in China. Buy Benzotrifluoride in china. We can provide the best Benzotrifluoride price.\" \/>\n<meta name=\"robots\" content=\"index, follow, max-snippet:-1, max-image-preview:large, max-video-preview:-1\" \/>\n<link rel=\"canonical\" href=\"https:\/\/longchangchemical.com\/hu\/product\/benzotrifluoride-cas-98-08-8\/\" \/>\n<meta property=\"og:locale\" content=\"hu_HU\" \/>\n<meta property=\"og:type\" content=\"article\" \/>\n<meta property=\"og:title\" content=\"China Benzotrifluoride CAS 98-08-8 Manufacturer \uff06 Supplier - Longchang chemical Co., Ltd.\" \/>\n<meta property=\"og:description\" content=\"Longchang Chemical is a leading manufacturer and supplier of Benzotrifluoride CAS 98-08-8 in China. Buy Benzotrifluoride in china. We can provide the best Benzotrifluoride price.\" \/>\n<meta property=\"og:url\" content=\"https:\/\/longchangchemical.com\/hu\/product\/benzotrifluoride-cas-98-08-8\/\" \/>\n<meta property=\"og:site_name\" content=\"Longchang Chemical\" \/>\n<meta property=\"article:modified_time\" content=\"2025-12-23T05:55:22+00:00\" \/>\n<meta property=\"og:image\" content=\"https:\/\/longchangchemical.com\/wp-content\/uploads\/2021\/01\/Benzotrifluoride-Packaging.jpg\" \/>\n\t<meta property=\"og:image:width\" content=\"600\" \/>\n\t<meta property=\"og:image:height\" content=\"800\" \/>\n\t<meta property=\"og:image:type\" content=\"image\/jpeg\" \/>\n<meta name=\"twitter:card\" content=\"summary_large_image\" \/>\n<script type=\"application\/ld+json\" class=\"yoast-schema-graph\">{\"@context\":\"https:\/\/schema.org\",\"@graph\":[{\"@type\":\"WebPage\",\"@id\":\"https:\/\/longchangchemical.com\/product\/benzotrifluoride-cas-98-08-8\/\",\"url\":\"https:\/\/longchangchemical.com\/product\/benzotrifluoride-cas-98-08-8\/\",\"name\":\"China Benzotrifluoride CAS 98-08-8 Manufacturer \uff06 Supplier - Longchang chemical Co., Ltd.\",\"isPartOf\":{\"@id\":\"https:\/\/longchangchemical.com\/#website\"},\"primaryImageOfPage\":{\"@id\":\"https:\/\/longchangchemical.com\/product\/benzotrifluoride-cas-98-08-8\/#primaryimage\"},\"image\":{\"@id\":\"https:\/\/longchangchemical.com\/product\/benzotrifluoride-cas-98-08-8\/#primaryimage\"},\"thumbnailUrl\":\"https:\/\/longchangchemical.com\/wp-content\/uploads\/2021\/01\/Benzotrifluoride-Packaging.jpg\",\"datePublished\":\"2021-01-20T11:23:17+00:00\",\"dateModified\":\"2025-12-23T05:55:22+00:00\",\"description\":\"Longchang Chemical is a leading manufacturer and supplier of Benzotrifluoride CAS 98-08-8 in China. Buy Benzotrifluoride in china. We can provide the best Benzotrifluoride price.\",\"breadcrumb\":{\"@id\":\"https:\/\/longchangchemical.com\/product\/benzotrifluoride-cas-98-08-8\/#breadcrumb\"},\"inLanguage\":\"hu\",\"potentialAction\":[{\"@type\":\"ReadAction\",\"target\":[\"https:\/\/longchangchemical.com\/product\/benzotrifluoride-cas-98-08-8\/\"]}]},{\"@type\":\"ImageObject\",\"inLanguage\":\"hu\",\"@id\":\"https:\/\/longchangchemical.com\/product\/benzotrifluoride-cas-98-08-8\/#primaryimage\",\"url\":\"https:\/\/longchangchemical.com\/wp-content\/uploads\/2021\/01\/Benzotrifluoride-Packaging.jpg\",\"contentUrl\":\"https:\/\/longchangchemical.com\/wp-content\/uploads\/2021\/01\/Benzotrifluoride-Packaging.jpg\",\"width\":600,\"height\":800,\"caption\":\"Benzotrifluoride Packaging\"},{\"@type\":\"BreadcrumbList\",\"@id\":\"https:\/\/longchangchemical.com\/product\/benzotrifluoride-cas-98-08-8\/#breadcrumb\",\"itemListElement\":[{\"@type\":\"ListItem\",\"position\":1,\"name\":\"Home\",\"item\":\"https:\/\/longchangchemical.com\/\"},{\"@type\":\"ListItem\",\"position\":2,\"name\":\"Products Longchang\",\"item\":\"https:\/\/longchangchemical.com\/product\/\"},{\"@type\":\"ListItem\",\"position\":3,\"name\":\"Benzotrifluoride CAS 98-08-8\"}]},{\"@type\":\"WebSite\",\"@id\":\"https:\/\/longchangchemical.com\/#website\",\"url\":\"https:\/\/longchangchemical.com\/\",\"name\":\"Longchang Chemical\",\"description\":\"China chemical manufacturer \uff06 supplier\",\"publisher\":{\"@id\":\"https:\/\/longchangchemical.com\/#organization\"},\"potentialAction\":[{\"@type\":\"SearchAction\",\"target\":{\"@type\":\"EntryPoint\",\"urlTemplate\":\"https:\/\/longchangchemical.com\/?s={search_term_string}\"},\"query-input\":{\"@type\":\"PropertyValueSpecification\",\"valueRequired\":true,\"valueName\":\"search_term_string\"}}],\"inLanguage\":\"hu\"},{\"@type\":\"Organization\",\"@id\":\"https:\/\/longchangchemical.com\/#organization\",\"name\":\"Longchang Chemical\",\"url\":\"https:\/\/longchangchemical.com\/\",\"logo\":{\"@type\":\"ImageObject\",\"inLanguage\":\"hu\",\"@id\":\"https:\/\/longchangchemical.com\/#\/schema\/logo\/image\/\",\"url\":\"https:\/\/longchangchemical.com\/wp-content\/uploads\/2020\/08\/cropped-longchang-logo.png\",\"contentUrl\":\"https:\/\/longchangchemical.com\/wp-content\/uploads\/2020\/08\/cropped-longchang-logo.png\",\"width\":512,\"height\":512,\"caption\":\"Longchang Chemical\"},\"image\":{\"@id\":\"https:\/\/longchangchemical.com\/#\/schema\/logo\/image\/\"}}]}<\/script>\n<!-- \/ Yoast SEO plugin. -->","yoast_head_json":{"title":"K\u00edna benzotrifluorid CAS 98-08-8 Gy\u00e1rt\u00f3 \uff06 Sz\u00e1ll\u00edt\u00f3 - Longchang Chemical Co., Ltd.","description":"A Longchang Chemical a benzotrifluorid CAS 98-08-8 vezet\u0151 gy\u00e1rt\u00f3ja \u00e9s sz\u00e1ll\u00edt\u00f3ja K\u00edn\u00e1ban. V\u00e1s\u00e1roljon benzotrifluoridot K\u00edn\u00e1ban. A legjobb benzotrifluorid \u00e1rat tudjuk biztos\u00edtani.","robots":{"index":"index","follow":"follow","max-snippet":"max-snippet:-1","max-image-preview":"max-image-preview:large","max-video-preview":"max-video-preview:-1"},"canonical":"https:\/\/longchangchemical.com\/hu\/product\/benzotrifluoride-cas-98-08-8\/","og_locale":"hu_HU","og_type":"article","og_title":"China Benzotrifluoride CAS 98-08-8 Manufacturer \uff06 Supplier - Longchang chemical Co., Ltd.","og_description":"Longchang Chemical is a leading manufacturer and supplier of Benzotrifluoride CAS 98-08-8 in China. Buy Benzotrifluoride in china. We can provide the best Benzotrifluoride price.","og_url":"https:\/\/longchangchemical.com\/hu\/product\/benzotrifluoride-cas-98-08-8\/","og_site_name":"Longchang Chemical","article_modified_time":"2025-12-23T05:55:22+00:00","og_image":[{"width":600,"height":800,"url":"https:\/\/longchangchemical.com\/wp-content\/uploads\/2021\/01\/Benzotrifluoride-Packaging.jpg","type":"image\/jpeg"}],"twitter_card":"summary_large_image","schema":{"@context":"https:\/\/schema.org","@graph":[{"@type":"WebPage","@id":"https:\/\/longchangchemical.com\/product\/benzotrifluoride-cas-98-08-8\/","url":"https:\/\/longchangchemical.com\/product\/benzotrifluoride-cas-98-08-8\/","name":"K\u00edna benzotrifluorid CAS 98-08-8 Gy\u00e1rt\u00f3 \uff06 Sz\u00e1ll\u00edt\u00f3 - Longchang Chemical Co., Ltd.","isPartOf":{"@id":"https:\/\/longchangchemical.com\/#website"},"primaryImageOfPage":{"@id":"https:\/\/longchangchemical.com\/product\/benzotrifluoride-cas-98-08-8\/#primaryimage"},"image":{"@id":"https:\/\/longchangchemical.com\/product\/benzotrifluoride-cas-98-08-8\/#primaryimage"},"thumbnailUrl":"https:\/\/longchangchemical.com\/wp-content\/uploads\/2021\/01\/Benzotrifluoride-Packaging.jpg","datePublished":"2021-01-20T11:23:17+00:00","dateModified":"2025-12-23T05:55:22+00:00","description":"A Longchang Chemical a benzotrifluorid CAS 98-08-8 vezet\u0151 gy\u00e1rt\u00f3ja \u00e9s sz\u00e1ll\u00edt\u00f3ja K\u00edn\u00e1ban. V\u00e1s\u00e1roljon benzotrifluoridot K\u00edn\u00e1ban. A legjobb benzotrifluorid \u00e1rat tudjuk biztos\u00edtani.","breadcrumb":{"@id":"https:\/\/longchangchemical.com\/product\/benzotrifluoride-cas-98-08-8\/#breadcrumb"},"inLanguage":"hu","potentialAction":[{"@type":"ReadAction","target":["https:\/\/longchangchemical.com\/product\/benzotrifluoride-cas-98-08-8\/"]}]},{"@type":"ImageObject","inLanguage":"hu","@id":"https:\/\/longchangchemical.com\/product\/benzotrifluoride-cas-98-08-8\/#primaryimage","url":"https:\/\/longchangchemical.com\/wp-content\/uploads\/2021\/01\/Benzotrifluoride-Packaging.jpg","contentUrl":"https:\/\/longchangchemical.com\/wp-content\/uploads\/2021\/01\/Benzotrifluoride-Packaging.jpg","width":600,"height":800,"caption":"Benzotrifluoride Packaging"},{"@type":"BreadcrumbList","@id":"https:\/\/longchangchemical.com\/product\/benzotrifluoride-cas-98-08-8\/#breadcrumb","itemListElement":[{"@type":"ListItem","position":1,"name":"Home","item":"https:\/\/longchangchemical.com\/"},{"@type":"ListItem","position":2,"name":"Products Longchang","item":"https:\/\/longchangchemical.com\/product\/"},{"@type":"ListItem","position":3,"name":"Benzotrifluoride CAS 98-08-8"}]},{"@type":"WebSite","@id":"https:\/\/longchangchemical.com\/#website","url":"https:\/\/longchangchemical.com\/","name":"Longchang Chemical","description":"K\u00edna k\u00e9miai gy\u00e1rt\u00f3 \uff06 sz\u00e1ll\u00edt\u00f3","publisher":{"@id":"https:\/\/longchangchemical.com\/#organization"},"potentialAction":[{"@type":"SearchAction","target":{"@type":"EntryPoint","urlTemplate":"https:\/\/longchangchemical.com\/?s={search_term_string}"},"query-input":{"@type":"PropertyValueSpecification","valueRequired":true,"valueName":"search_term_string"}}],"inLanguage":"hu"},{"@type":"Organization","@id":"https:\/\/longchangchemical.com\/#organization","name":"Longchang Chemical","url":"https:\/\/longchangchemical.com\/","logo":{"@type":"ImageObject","inLanguage":"hu","@id":"https:\/\/longchangchemical.com\/#\/schema\/logo\/image\/","url":"https:\/\/longchangchemical.com\/wp-content\/uploads\/2020\/08\/cropped-longchang-logo.png","contentUrl":"https:\/\/longchangchemical.com\/wp-content\/uploads\/2020\/08\/cropped-longchang-logo.png","width":512,"height":512,"caption":"Longchang Chemical"},"image":{"@id":"https:\/\/longchangchemical.com\/#\/schema\/logo\/image\/"}}]}},"_links":{"self":[{"href":"https:\/\/longchangchemical.com\/hu\/wp-json\/wp\/v2\/product\/3503","targetHints":{"allow":["GET"]}}],"collection":[{"href":"https:\/\/longchangchemical.com\/hu\/wp-json\/wp\/v2\/product"}],"about":[{"href":"https:\/\/longchangchemical.com\/hu\/wp-json\/wp\/v2\/types\/product"}],"replies":[{"embeddable":true,"href":"https:\/\/longchangchemical.com\/hu\/wp-json\/wp\/v2\/comments?post=3503"}],"wp:featuredmedia":[{"embeddable":true,"href":"https:\/\/longchangchemical.com\/hu\/wp-json\/wp\/v2\/media\/4184"}],"wp:attachment":[{"href":"https:\/\/longchangchemical.com\/hu\/wp-json\/wp\/v2\/media?parent=3503"}],"wp:term":[{"taxonomy":"product_brand","embeddable":true,"href":"https:\/\/longchangchemical.com\/hu\/wp-json\/wp\/v2\/product_brand?post=3503"},{"taxonomy":"product_cat","embeddable":true,"href":"https:\/\/longchangchemical.com\/hu\/wp-json\/wp\/v2\/product_cat?post=3503"},{"taxonomy":"product_tag","embeddable":true,"href":"https:\/\/longchangchemical.com\/hu\/wp-json\/wp\/v2\/product_tag?post=3503"}],"curies":[{"name":"wp","href":"https:\/\/api.w.org\/{rel}","templated":true}]}}