{"id":3501,"date":"2021-01-20T11:02:20","date_gmt":"2021-01-20T11:02:20","guid":{"rendered":"https:\/\/longchangchemical.com\/?post_type=product&#038;p=3501"},"modified":"2025-12-23T05:51:31","modified_gmt":"2025-12-23T05:51:31","slug":"12-benzisothiazolin-3-one-bit-cas-2634-33-5","status":"publish","type":"product","link":"https:\/\/longchangchemical.com\/hu\/product\/12-benzisothiazolin-3-one-bit-cas-2634-33-5\/","title":{"rendered":"1,2-Benzisothiazolin-3-on \/ Bit CAS 2634-33-5"},"content":{"rendered":"<h1>1,2-Benzisothiazolin-3-on \/ Bit CAS 2634-33-5<\/h1>\n<table>\n<tbody>\n<tr>\n<td width=\"221\">\n<h4>T\u00e9tel<\/h4>\n<\/td>\n<td width=\"255\">\n<h4>Specifik\u00e1ci\u00f3<\/h4>\n<\/td>\n<td width=\"231\">\n<h4>Eredm\u00e9nyek<\/h4>\n<\/td>\n<\/tr>\n<tr>\n<td width=\"221\">\n<h4>Megjelen\u00e9s<\/h4>\n<\/td>\n<td width=\"255\">\n<h4>Feh\u00e9r vagy vil\u00e1gos<\/h4>\n<h4>\u00a0S\u00e1rga Hidrat\u00e1lt por<\/h4>\n<\/td>\n<td width=\"231\">\n<h4>Megfelel<\/h4>\n<\/td>\n<\/tr>\n<tr>\n<td width=\"221\">\n<h4>Pr\u00f3ba \uff08HPLC\uff09<\/h4>\n<\/td>\n<td width=\"255\">\n<h4>99%min<\/h4>\n<\/td>\n<td width=\"231\">\n<h4>99.05%<\/h4>\n<\/td>\n<\/tr>\n<tr>\n<td width=\"221\">\n<h4>Olvad\u00e1spont<\/h4>\n<\/td>\n<td width=\"255\">\n<h4>155-158\u2103<\/h4>\n<\/td>\n<td width=\"231\">\n<h4>155.2-157.1<\/h4>\n<\/td>\n<\/tr>\n<tr>\n<td width=\"221\">\n<h4>Az alk\u00e1lioldat sz\u00edne Y<\/h4>\n<\/td>\n<td width=\"255\">\n<h4>4Max<\/h4>\n<\/td>\n<td width=\"231\">\n<h4>2<\/h4>\n<\/td>\n<\/tr>\n<tr>\n<td width=\"221\">\n<h4>V\u00edz<\/h4>\n<\/td>\n<td width=\"255\">\n<h4>15<\/h4>\n<\/td>\n<td width=\"231\">\n<h4>15.04<\/h4>\n<\/td>\n<\/tr>\n<tr>\n<td width=\"221\">\n<h4>Klorid<\/h4>\n<\/td>\n<td width=\"255\">\n<h4>0,6%max<\/h4>\n<\/td>\n<td width=\"231\">\n<h4>0.23<\/h4>\n<\/td>\n<\/tr>\n<\/tbody>\n<\/table>\n<p>&nbsp;<\/p>\n<h2><strong>BIT85 Haszn\u00e1lat<\/strong><\/h2>\n<div class=\"OlSOob\">\n<div class=\"ccvoYb\">\n<div class=\"AxqVh\">\n<div class=\"OPPzxe\">\n<div class=\"dePhmb\">\n<div class=\"eyKpYb\" data-language=\"en\" data-original-language=\"auto\" data-result-index=\"0\">\n<h4 class=\"J0lOec\"><span class=\"VIiyi\" lang=\"en\"><span class=\"JLqJ4b\" data-language-for-alternatives=\"en\" data-language-to-translate-into=\"auto\" data-phrase-index=\"0\">1. A BIT a f\u0151 ipari steriliz\u00e1l\u00f3, fert\u0151tlen\u00edt\u0151 \u00e9s enzimellenes szer. Kiemelked\u0151 g\u00e1tl\u00f3 hat\u00e1ssal van a pen\u00e9szgomb\u00e1k, alg\u00e1k \u00e9s m\u00e1s mikroorganizmusok n\u00f6veked\u00e9s\u00e9re szerves k\u00f6zegben, \u00e9s megoldhatja a mikroorganizmusok \u00e1ltal okozott pen\u00e9szed\u00e9st, erjed\u00e9st, roml\u00e1st, demulge\u00e1l\u00f3d\u00e1st \u00e9s a szerves term\u00e9kek sz\u0151r\u00f6s\u00f6d\u00e9s\u00e9t. Egy sor probl\u00e9m\u00e1t, p\u00e9ld\u00e1ul a szagot, sz\u00e9les k\u00f6rben haszn\u00e1lj\u00e1k a steriliz\u00e1l\u00e1sban, a tengeri lerak\u00f3d\u00e1sg\u00e1tl\u00e1sban \u00e9s m\u00e1s ter\u00fcleteken. <\/span><\/span><\/h4>\n<h4><\/h4>\n<h4 class=\"J0lOec\"><span class=\"VIiyi\" lang=\"en\"><span class=\"JLqJ4b\" data-language-for-alternatives=\"en\" data-language-to-translate-into=\"auto\" data-phrase-index=\"0\">2. A BIT-et a fejlett orsz\u00e1gokban sz\u00e9les k\u00f6rben haszn\u00e1lj\u00e1k a latex term\u00e9kekben, a v\u00edzoldhat\u00f3 gyant\u00e1kban, a bevonatokban (latexfest\u00e9k), az akrilokban \u00e9s a polimerekben. Poliamin term\u00e9kek, fot\u00f3lakk, pap\u00edrgy\u00e1rt\u00e1s, tinta, b\u0151r, ken\u0151anyagok \u00e9s egy\u00e9b term\u00e9kek. Az izotiazolinon vegy\u00fcletek k\u00f6rnyezeti viselked\u00e9se \u00e9s \u00f6kol\u00f3giai toxicit\u00e1sa azonban felkeltette az emberek figyelm\u00e9t. <\/span><\/span><\/h4>\n<h4><\/h4>\n<h4 class=\"J0lOec\"><span class=\"VIiyi\" lang=\"en\"><span class=\"JLqJ4b\" data-language-for-alternatives=\"en\" data-language-to-translate-into=\"auto\" data-phrase-index=\"0\">3. Jelenleg a hazai szerves k\u00e9miai szennyv\u00edzkezel\u00e9si m\u00f3dszerek k\u00f6z\u00e9 tartozik az adszorpci\u00f3, a foly\u00e9kony membr\u00e1n extrakci\u00f3, a ford\u00edtott ozm\u00f3zis, az elektrodial\u00edzis, a leveg\u0151 sztrippel\u00e9s, az ultrasz\u0171r\u00e9s stb. Mivel az adszorpci\u00f3s m\u00f3dszer nem vezet be \u00faj szennyez\u0151anyagokat, alacsony az energiafogyaszt\u00e1sa, \u00e9s k\u00e9pes a szennyv\u00edzb\u0151l a szerves anyagokat lev\u00e1lasztani \u00e9s d\u00fas\u00edtani, valamint a hullad\u00e9k \u00fajrahasznos\u00edt\u00e1s\u00e1t megval\u00f3s\u00edtani, a m\u00e9rgez\u0151 \u00e9s k\u00e1ros szerves anyagok v\u00edzb\u0151l t\u00f6rt\u00e9n\u0151 adszorpci\u00f3j\u00e1nak legjobb megval\u00f3s\u00edthat\u00f3 technol\u00f3gi\u00e1j\u00e1nak tekinthet\u0151. 4. Az elm\u00falt \u00e9vekben a szerves m\u00e9rgek ellen\u0151rz\u00e9s\u00e9re a k\u00e9miai m\u00f3dos\u00edt\u00e1s felhaszn\u00e1l\u00e1s\u00e1val funkcion\u00e1lis csoportokat tartalmaz\u00f3 kompozit funkcion\u00e1lis gyant\u00e1kat szintetiz\u00e1ltak.<\/span><\/span><\/h4>\n<\/div>\n<\/div>\n<\/div>\n<\/div>\n<\/div>\n<\/div>\n<h2><strong>BIT85 <\/strong><strong>Csomagol\u00e1s<\/strong><\/h2>\n<h4>25kg\/dob, 9 tonna\/1*20 l\u00e1b kont\u00e9ner<\/h4>\n<h4>25kg\/zs\u00e1k, 15tons\/1*20 ft kont\u00e9ner<\/h4>\n<h4>L\u00e9gi vagy tengeri sz\u00e1ll\u00edt\u00e1s<\/h4>\n<h4>Ingyenes minta Fedex vagy DHL \u00e1ltal<\/h4>\n<p>&nbsp;<\/p>\n<h2><strong>BIT85<\/strong><strong>\u00a0T\u00e1rol\u00e1s<\/strong><\/h2>\n<h4>Sz\u00e1raz, h\u0171v\u00f6s, j\u00f3l szell\u0151z\u0151 helyen, lez\u00e1rtan \u00e9s \u00e1rny\u00e9kban kell t\u00e1rolni.<\/h4>\n<h2><strong><b>L\u00e9pjen kapcsolatba vel\u00fcnk most!<\/b><\/strong><\/h2>\n<h4><strong><b>Egyedi szolg\u00e1ltat\u00e1sokat ny\u00fajtunk, \u00e1ltal\u00e1ban 24 \u00f3r\u00e1n bel\u00fcl felvessz\u00fck \u00d6nnel a kapcsolatot. A munkaid\u0151ben ( 8:30-18:00 UTC+8 H.~Szombat ) az info@longchangchemical.com e-mail c\u00edmen is k\u00fcldhet e-mailt, vagy haszn\u00e1lhatja a weboldal \u00e9l\u0151 chatj\u00e9t, hogy gyors v\u00e1laszt kapjon.<\/b><\/strong><\/h4>","protected":false},"excerpt":{"rendered":"<h4>K\u00e9miai n\u00e9v: BIT85<\/h4>\n<h4>CAS-sz\u00e1m: 2634-33-5<\/h4>\n<h4>Molekul\u00e1ris k\u00e9plet: C7H5SNO<\/h4>\n<h4>Molekulat\u00f6meg: 151,19<\/h4>\n<h4>BIT-szerkezet:<img decoding=\"async\" title=\"BIT strukt\u00fara\" src=\"https:\/\/www.longchangchemical.com\/wp-content\/uploads\/product-details\/20200616217303.png\" alt=\"BIT strukt\u00fara\" width=\"198\" height=\"176\" border=\"0\" vspace=\"0\" \/><\/h4>\n<h4>Megjelen\u00e9s: feh\u00e9r vagy vil\u00e1goss\u00e1rga por<\/h4>\n<h4>Pr\u00f3ba: 85.0%<\/h4>","protected":false},"featured_media":4181,"comment_status":"open","ping_status":"closed","template":"","meta":[],"product_brand":[],"product_cat":[69],"product_tag":[],"class_list":{"0":"post-3501","1":"product","2":"type-product","3":"status-publish","4":"has-post-thumbnail","6":"product_cat-catalysts-chemical-auxiliary-agents","8":"first","9":"instock","10":"shipping-taxable","11":"product-type-simple"},"yoast_head":"<!-- This site is optimized with the Yoast SEO plugin v25.3.1 - https:\/\/yoast.com\/wordpress\/plugins\/seo\/ -->\n<title>China Benzisothiazolin-3-one \/ BIT CAS 2634-33-5 Manufacturer \uff06 Supplier - Longchang chemical Co., Ltd.<\/title>\n<meta name=\"description\" content=\"Longchang Chemical is a leading manufacturer and supplier of BIT \/ Benzisothiazolin-3-one CAS 2634-33-5 in China. Buy BIT in china. We can provide the best 1,2-Benzisothiazolin-3-one price.\" \/>\n<meta name=\"robots\" content=\"index, follow, max-snippet:-1, max-image-preview:large, max-video-preview:-1\" \/>\n<link rel=\"canonical\" href=\"https:\/\/longchangchemical.com\/hu\/product\/12-benzisothiazolin-3-one-bit-cas-2634-33-5\/\" \/>\n<meta property=\"og:locale\" content=\"hu_HU\" \/>\n<meta property=\"og:type\" content=\"article\" \/>\n<meta property=\"og:title\" content=\"China Benzisothiazolin-3-one \/ BIT CAS 2634-33-5 Manufacturer \uff06 Supplier - Longchang chemical Co., Ltd.\" \/>\n<meta property=\"og:description\" content=\"Longchang Chemical is a leading manufacturer and supplier of BIT \/ Benzisothiazolin-3-one CAS 2634-33-5 in China. Buy BIT in china. We can provide the best 1,2-Benzisothiazolin-3-one price.\" \/>\n<meta property=\"og:url\" content=\"https:\/\/longchangchemical.com\/hu\/product\/12-benzisothiazolin-3-one-bit-cas-2634-33-5\/\" \/>\n<meta property=\"og:site_name\" content=\"Longchang Chemical\" \/>\n<meta property=\"article:modified_time\" content=\"2025-12-23T05:51:31+00:00\" \/>\n<meta property=\"og:image\" content=\"https:\/\/longchangchemical.com\/wp-content\/uploads\/2021\/01\/BIT-Appearance.jpg\" \/>\n\t<meta property=\"og:image:width\" content=\"600\" \/>\n\t<meta property=\"og:image:height\" content=\"800\" \/>\n\t<meta property=\"og:image:type\" content=\"image\/jpeg\" \/>\n<meta name=\"twitter:card\" content=\"summary_large_image\" \/>\n<script type=\"application\/ld+json\" class=\"yoast-schema-graph\">{\"@context\":\"https:\/\/schema.org\",\"@graph\":[{\"@type\":\"WebPage\",\"@id\":\"https:\/\/longchangchemical.com\/product\/12-benzisothiazolin-3-one-bit-cas-2634-33-5\/\",\"url\":\"https:\/\/longchangchemical.com\/product\/12-benzisothiazolin-3-one-bit-cas-2634-33-5\/\",\"name\":\"China Benzisothiazolin-3-one \/ BIT CAS 2634-33-5 Manufacturer \uff06 Supplier - Longchang chemical Co., Ltd.\",\"isPartOf\":{\"@id\":\"https:\/\/longchangchemical.com\/#website\"},\"primaryImageOfPage\":{\"@id\":\"https:\/\/longchangchemical.com\/product\/12-benzisothiazolin-3-one-bit-cas-2634-33-5\/#primaryimage\"},\"image\":{\"@id\":\"https:\/\/longchangchemical.com\/product\/12-benzisothiazolin-3-one-bit-cas-2634-33-5\/#primaryimage\"},\"thumbnailUrl\":\"https:\/\/longchangchemical.com\/wp-content\/uploads\/2021\/01\/BIT-Appearance.jpg\",\"datePublished\":\"2021-01-20T11:02:20+00:00\",\"dateModified\":\"2025-12-23T05:51:31+00:00\",\"description\":\"Longchang Chemical is a leading manufacturer and supplier of BIT \/ Benzisothiazolin-3-one CAS 2634-33-5 in China. Buy BIT in china. We can provide the best 1,2-Benzisothiazolin-3-one price.\",\"breadcrumb\":{\"@id\":\"https:\/\/longchangchemical.com\/product\/12-benzisothiazolin-3-one-bit-cas-2634-33-5\/#breadcrumb\"},\"inLanguage\":\"hu\",\"potentialAction\":[{\"@type\":\"ReadAction\",\"target\":[\"https:\/\/longchangchemical.com\/product\/12-benzisothiazolin-3-one-bit-cas-2634-33-5\/\"]}]},{\"@type\":\"ImageObject\",\"inLanguage\":\"hu\",\"@id\":\"https:\/\/longchangchemical.com\/product\/12-benzisothiazolin-3-one-bit-cas-2634-33-5\/#primaryimage\",\"url\":\"https:\/\/longchangchemical.com\/wp-content\/uploads\/2021\/01\/BIT-Appearance.jpg\",\"contentUrl\":\"https:\/\/longchangchemical.com\/wp-content\/uploads\/2021\/01\/BIT-Appearance.jpg\",\"width\":600,\"height\":800,\"caption\":\"BIT Appearance\"},{\"@type\":\"BreadcrumbList\",\"@id\":\"https:\/\/longchangchemical.com\/product\/12-benzisothiazolin-3-one-bit-cas-2634-33-5\/#breadcrumb\",\"itemListElement\":[{\"@type\":\"ListItem\",\"position\":1,\"name\":\"Home\",\"item\":\"https:\/\/longchangchemical.com\/\"},{\"@type\":\"ListItem\",\"position\":2,\"name\":\"Products Longchang\",\"item\":\"https:\/\/longchangchemical.com\/product\/\"},{\"@type\":\"ListItem\",\"position\":3,\"name\":\"1,2-Benzisothiazolin-3-one \/ Bit CAS 2634-33-5\"}]},{\"@type\":\"WebSite\",\"@id\":\"https:\/\/longchangchemical.com\/#website\",\"url\":\"https:\/\/longchangchemical.com\/\",\"name\":\"Longchang Chemical\",\"description\":\"China chemical manufacturer \uff06 supplier\",\"publisher\":{\"@id\":\"https:\/\/longchangchemical.com\/#organization\"},\"potentialAction\":[{\"@type\":\"SearchAction\",\"target\":{\"@type\":\"EntryPoint\",\"urlTemplate\":\"https:\/\/longchangchemical.com\/?s={search_term_string}\"},\"query-input\":{\"@type\":\"PropertyValueSpecification\",\"valueRequired\":true,\"valueName\":\"search_term_string\"}}],\"inLanguage\":\"hu\"},{\"@type\":\"Organization\",\"@id\":\"https:\/\/longchangchemical.com\/#organization\",\"name\":\"Longchang Chemical\",\"url\":\"https:\/\/longchangchemical.com\/\",\"logo\":{\"@type\":\"ImageObject\",\"inLanguage\":\"hu\",\"@id\":\"https:\/\/longchangchemical.com\/#\/schema\/logo\/image\/\",\"url\":\"https:\/\/longchangchemical.com\/wp-content\/uploads\/2020\/08\/cropped-longchang-logo.png\",\"contentUrl\":\"https:\/\/longchangchemical.com\/wp-content\/uploads\/2020\/08\/cropped-longchang-logo.png\",\"width\":512,\"height\":512,\"caption\":\"Longchang Chemical\"},\"image\":{\"@id\":\"https:\/\/longchangchemical.com\/#\/schema\/logo\/image\/\"}}]}<\/script>\n<!-- \/ Yoast SEO plugin. -->","yoast_head_json":{"title":"K\u00edna Benzisothiazolin-3-one \/ BIT CAS 2634-33-5 gy\u00e1rt\u00f3 \uff06 sz\u00e1ll\u00edt\u00f3 - Longchang Chemical Co., Ltd.","description":"A Longchang Chemical vezet\u0151 gy\u00e1rt\u00f3ja \u00e9s sz\u00e1ll\u00edt\u00f3ja a BIT \/ Benzisothiazolin-3-on CAS 2634-33-5 K\u00edn\u00e1ban. V\u00e1s\u00e1roljon BIT-et K\u00edn\u00e1ban. A legjobb 1,2-Benzisothiazolin-3-on \u00e1rat tudjuk biztos\u00edtani.","robots":{"index":"index","follow":"follow","max-snippet":"max-snippet:-1","max-image-preview":"max-image-preview:large","max-video-preview":"max-video-preview:-1"},"canonical":"https:\/\/longchangchemical.com\/hu\/product\/12-benzisothiazolin-3-one-bit-cas-2634-33-5\/","og_locale":"hu_HU","og_type":"article","og_title":"China Benzisothiazolin-3-one \/ BIT CAS 2634-33-5 Manufacturer \uff06 Supplier - Longchang chemical Co., Ltd.","og_description":"Longchang Chemical is a leading manufacturer and supplier of BIT \/ Benzisothiazolin-3-one CAS 2634-33-5 in China. Buy BIT in china. We can provide the best 1,2-Benzisothiazolin-3-one price.","og_url":"https:\/\/longchangchemical.com\/hu\/product\/12-benzisothiazolin-3-one-bit-cas-2634-33-5\/","og_site_name":"Longchang Chemical","article_modified_time":"2025-12-23T05:51:31+00:00","og_image":[{"width":600,"height":800,"url":"https:\/\/longchangchemical.com\/wp-content\/uploads\/2021\/01\/BIT-Appearance.jpg","type":"image\/jpeg"}],"twitter_card":"summary_large_image","schema":{"@context":"https:\/\/schema.org","@graph":[{"@type":"WebPage","@id":"https:\/\/longchangchemical.com\/product\/12-benzisothiazolin-3-one-bit-cas-2634-33-5\/","url":"https:\/\/longchangchemical.com\/product\/12-benzisothiazolin-3-one-bit-cas-2634-33-5\/","name":"K\u00edna Benzisothiazolin-3-one \/ BIT CAS 2634-33-5 gy\u00e1rt\u00f3 \uff06 sz\u00e1ll\u00edt\u00f3 - Longchang Chemical Co., Ltd.","isPartOf":{"@id":"https:\/\/longchangchemical.com\/#website"},"primaryImageOfPage":{"@id":"https:\/\/longchangchemical.com\/product\/12-benzisothiazolin-3-one-bit-cas-2634-33-5\/#primaryimage"},"image":{"@id":"https:\/\/longchangchemical.com\/product\/12-benzisothiazolin-3-one-bit-cas-2634-33-5\/#primaryimage"},"thumbnailUrl":"https:\/\/longchangchemical.com\/wp-content\/uploads\/2021\/01\/BIT-Appearance.jpg","datePublished":"2021-01-20T11:02:20+00:00","dateModified":"2025-12-23T05:51:31+00:00","description":"A Longchang Chemical vezet\u0151 gy\u00e1rt\u00f3ja \u00e9s sz\u00e1ll\u00edt\u00f3ja a BIT \/ Benzisothiazolin-3-on CAS 2634-33-5 K\u00edn\u00e1ban. V\u00e1s\u00e1roljon BIT-et K\u00edn\u00e1ban. A legjobb 1,2-Benzisothiazolin-3-on \u00e1rat tudjuk biztos\u00edtani.","breadcrumb":{"@id":"https:\/\/longchangchemical.com\/product\/12-benzisothiazolin-3-one-bit-cas-2634-33-5\/#breadcrumb"},"inLanguage":"hu","potentialAction":[{"@type":"ReadAction","target":["https:\/\/longchangchemical.com\/product\/12-benzisothiazolin-3-one-bit-cas-2634-33-5\/"]}]},{"@type":"ImageObject","inLanguage":"hu","@id":"https:\/\/longchangchemical.com\/product\/12-benzisothiazolin-3-one-bit-cas-2634-33-5\/#primaryimage","url":"https:\/\/longchangchemical.com\/wp-content\/uploads\/2021\/01\/BIT-Appearance.jpg","contentUrl":"https:\/\/longchangchemical.com\/wp-content\/uploads\/2021\/01\/BIT-Appearance.jpg","width":600,"height":800,"caption":"BIT Appearance"},{"@type":"BreadcrumbList","@id":"https:\/\/longchangchemical.com\/product\/12-benzisothiazolin-3-one-bit-cas-2634-33-5\/#breadcrumb","itemListElement":[{"@type":"ListItem","position":1,"name":"Home","item":"https:\/\/longchangchemical.com\/"},{"@type":"ListItem","position":2,"name":"Products Longchang","item":"https:\/\/longchangchemical.com\/product\/"},{"@type":"ListItem","position":3,"name":"1,2-Benzisothiazolin-3-one \/ Bit CAS 2634-33-5"}]},{"@type":"WebSite","@id":"https:\/\/longchangchemical.com\/#website","url":"https:\/\/longchangchemical.com\/","name":"Longchang Chemical","description":"K\u00edna k\u00e9miai gy\u00e1rt\u00f3 \uff06 sz\u00e1ll\u00edt\u00f3","publisher":{"@id":"https:\/\/longchangchemical.com\/#organization"},"potentialAction":[{"@type":"SearchAction","target":{"@type":"EntryPoint","urlTemplate":"https:\/\/longchangchemical.com\/?s={search_term_string}"},"query-input":{"@type":"PropertyValueSpecification","valueRequired":true,"valueName":"search_term_string"}}],"inLanguage":"hu"},{"@type":"Organization","@id":"https:\/\/longchangchemical.com\/#organization","name":"Longchang Chemical","url":"https:\/\/longchangchemical.com\/","logo":{"@type":"ImageObject","inLanguage":"hu","@id":"https:\/\/longchangchemical.com\/#\/schema\/logo\/image\/","url":"https:\/\/longchangchemical.com\/wp-content\/uploads\/2020\/08\/cropped-longchang-logo.png","contentUrl":"https:\/\/longchangchemical.com\/wp-content\/uploads\/2020\/08\/cropped-longchang-logo.png","width":512,"height":512,"caption":"Longchang Chemical"},"image":{"@id":"https:\/\/longchangchemical.com\/#\/schema\/logo\/image\/"}}]}},"_links":{"self":[{"href":"https:\/\/longchangchemical.com\/hu\/wp-json\/wp\/v2\/product\/3501","targetHints":{"allow":["GET"]}}],"collection":[{"href":"https:\/\/longchangchemical.com\/hu\/wp-json\/wp\/v2\/product"}],"about":[{"href":"https:\/\/longchangchemical.com\/hu\/wp-json\/wp\/v2\/types\/product"}],"replies":[{"embeddable":true,"href":"https:\/\/longchangchemical.com\/hu\/wp-json\/wp\/v2\/comments?post=3501"}],"wp:featuredmedia":[{"embeddable":true,"href":"https:\/\/longchangchemical.com\/hu\/wp-json\/wp\/v2\/media\/4181"}],"wp:attachment":[{"href":"https:\/\/longchangchemical.com\/hu\/wp-json\/wp\/v2\/media?parent=3501"}],"wp:term":[{"taxonomy":"product_brand","embeddable":true,"href":"https:\/\/longchangchemical.com\/hu\/wp-json\/wp\/v2\/product_brand?post=3501"},{"taxonomy":"product_cat","embeddable":true,"href":"https:\/\/longchangchemical.com\/hu\/wp-json\/wp\/v2\/product_cat?post=3501"},{"taxonomy":"product_tag","embeddable":true,"href":"https:\/\/longchangchemical.com\/hu\/wp-json\/wp\/v2\/product_tag?post=3501"}],"curies":[{"name":"wp","href":"https:\/\/api.w.org\/{rel}","templated":true}]}}