{"id":3497,"date":"2021-01-20T06:45:26","date_gmt":"2021-01-20T06:45:26","guid":{"rendered":"https:\/\/longchangchemical.com\/?post_type=product&#038;p=3497"},"modified":"2025-12-23T04:27:39","modified_gmt":"2025-12-23T04:27:39","slug":"2-imidazolidone-ethyleneurea-cas-120-93-4","status":"publish","type":"product","link":"https:\/\/longchangchemical.com\/hu\/product\/2-imidazolidone-ethyleneurea-cas-120-93-4\/","title":{"rendered":"2-imidazolidon \/ etil\u00e9n-karbamid cas 120-93-4"},"content":{"rendered":"<h1>2-imidazolidon \/ etil\u00e9n-karbamid cas 120-93-4<\/h1>\n<table class=\"table-1\" cellspacing=\"0\" cellpadding=\"0\">\n<tbody>\n<tr align=\"left\">\n<td>\n<h4>T\u00e9telek<\/h4>\n<\/td>\n<td>\n<h4>Specifik\u00e1ci\u00f3<\/h4>\n<\/td>\n<td>\n<h4>Eredm\u00e9nyek<\/h4>\n<\/td>\n<\/tr>\n<tr align=\"left\">\n<td>\n<h4>Megjelen\u00e9s<\/h4>\n<\/td>\n<td>\n<h4>Feh\u00e9r krist\u00e1lyos por<\/h4>\n<\/td>\n<td>\n<h4>Meger\u0151s\u00edti<\/h4>\n<\/td>\n<\/tr>\n<tr align=\"left\">\n<td>\n<h4>Assay, %<\/h4>\n<\/td>\n<td>\n<h4>\u226599.0<\/h4>\n<\/td>\n<td>\n<h4>99.28<\/h4>\n<\/td>\n<\/tr>\n<tr align=\"left\">\n<td>\n<h4>Oldhat\u00f3s\u00e1g<\/h4>\n<\/td>\n<td>\n<h4>K\u00f6nnyen old\u00f3dik v\u00edzben<\/h4>\n<\/td>\n<td>\n<h4>Meger\u0151s\u00edti<\/h4>\n<\/td>\n<\/tr>\n<tr align=\"left\">\n<td>\n<h4>Olvad\u00e1spont,\u00b0C<\/h4>\n<\/td>\n<td>\n<h4>\u2265129.0<\/h4>\n<\/td>\n<td>\n<h4>131<\/h4>\n<\/td>\n<\/tr>\n<tr align=\"left\">\n<td>\n<h4>Sz\u00e1r\u00edt\u00e1si vesztes\u00e9g, %<\/h4>\n<\/td>\n<td>\n<h4>\u22640.50<\/h4>\n<\/td>\n<td data-spm-anchor-id=\"a2700.details.pronpeci14.i0.47c51007xDDJHu\">\n<h4>0.35<\/h4>\n<\/td>\n<\/tr>\n<\/tbody>\n<\/table>\n<p>&nbsp;<\/p>\n<h2><strong>2-Imidazolidon \/ etil\u00e9n-karbamid haszn\u00e1lata<\/strong><\/h2>\n<h4><span class=\"JLqJ4b ChMk0b\" data-language-for-alternatives=\"en\" data-language-to-translate-into=\"auto\" data-phrase-index=\"0\">1. Az etil\u00e9n-karbamid haszn\u00e1lhat\u00f3 a kir\u00e1lis mikropor\u00f3zus anyagok szint\u00e9zis\u00e9re, amelyeket achir\u00e1lis prekurzorokb\u00f3l \u00e1ll\u00edtanak el\u0151.<\/span><\/h4>\n<h4><span class=\"JLqJ4b ChMk0b\" data-language-for-alternatives=\"en\" data-language-to-translate-into=\"auto\" data-phrase-index=\"2\">2. Az etil\u00e9n-karbamid felhaszn\u00e1lhat\u00f3 aril- \u00e9s heteroaril-N-acil-karbamidok el\u0151\u00e1ll\u00edt\u00e1s\u00e1ra mikrohull\u00e1mmal t\u00e1mogatott pall\u00e1dium-kataliz\u00e1lt karbonilez\u00e9si reakci\u00f3val.<\/span><\/h4>\n<h4><span class=\"JLqJ4b ChMk0b\" data-language-for-alternatives=\"en\" data-language-to-translate-into=\"auto\" data-phrase-index=\"4\">3. Az etil\u00e9n-karbamid felhaszn\u00e1lhat\u00f3 egy hum\u00e1n neutrofil elaszt\u00e1z inhibitoron alapul\u00f3, nagy v\u00edzben old\u00f3d\u00f3 peptid szint\u00e9zis\u00e9re.<\/span><\/h4>\n<h4><span class=\"JLqJ4b ChMk0b\" data-language-for-alternatives=\"en\" data-language-to-translate-into=\"auto\" data-phrase-index=\"6\">4. Az etil\u00e9n-karbamid cianoacetilez\u00e9si reakci\u00f3val k\u00e9pezhet\u0151, \u00e9s antibakteri\u00e1lis heterociklusok szint\u00e9zis\u00e9re haszn\u00e1lhat\u00f3.<\/span><\/h4>\n<h4><span class=\"JLqJ4b ChMk0b\" data-language-for-alternatives=\"en\" data-language-to-translate-into=\"auto\" data-phrase-index=\"8\">5. Az etil\u00e9n-karbamid felhaszn\u00e1lhat\u00f3 a Pd \u00e9s a heteroarom\u00e1s toszil\u00e1t k\u00f6z\u00f6tti C-N k\u00f6t\u00e9sek kialakul\u00e1s\u00e1nak kataliz\u00e1l\u00e1s\u00e1ra.<\/span><\/h4>\n<h4><span class=\"JLqJ4b ChMk0b\" data-language-for-alternatives=\"en\" data-language-to-translate-into=\"auto\" data-phrase-index=\"10\">6. Az etil\u00e9n-karbamid az alk\u00e9nek oxidat\u00edv amid\u00e1l\u00e1si reakci\u00f3j\u00e1nak aktiv\u00e1l\u00e1s\u00e1ra haszn\u00e1lhat\u00f3.<\/span><\/h4>\n<h4><span class=\"JLqJ4b ChMk0b\" data-language-for-alternatives=\"en\" data-language-to-translate-into=\"auto\" data-phrase-index=\"12\">7. Az etil\u00e9n-karbamid formaldehid-lev\u00e1laszt\u00f3 szerk\u00e9nt haszn\u00e1lhat\u00f3 a sz\u00f6vetben maradt formaldehid elt\u00e1vol\u00edt\u00e1s\u00e1ra a 2D-gyant\u00e1val, KB-gyant\u00e1val, karbamid-formaldehid-gyant\u00e1val, melamin-formaldehid-gyant\u00e1val stb. t\u00f6rt\u00e9n\u0151 kik\u00e9sz\u00edt\u00e9s ut\u00e1n.<\/span><\/h4>\n<h4><span class=\"JLqJ4b ChMk0b\" data-language-for-alternatives=\"en\" data-language-to-translate-into=\"auto\" data-phrase-index=\"14\">8. A term\u00e9ket finomk\u00e9miai intermedierk\u00e9nt is haszn\u00e1lj\u00e1k, amelyet gyant\u00e1k, l\u00e1gy\u00edt\u00f3k, fest\u00e9ksz\u00f3r\u00f3k, ragaszt\u00f3k stb. gy\u00e1rt\u00e1s\u00e1hoz haszn\u00e1lnak.<\/span><\/h4>\n<p>&nbsp;<\/p>\n<h2><strong>2-Imidazolidon \/ etil\u00e9n-karbamid csomagol\u00e1sa<br \/>\n<\/strong><\/h2>\n<h4>25 kg-os forg\u00e1cslapb\u00f3l k\u00e9sz\u00fclt, k\u00e9tr\u00e9teg\u0171 polietil\u00e9n f\u00f3li\u00e1val b\u00e9lelt dob.<\/h4>\n<p>&nbsp;<\/p>\n<h2><strong>2-Imidazolidon \/ etil\u00e9n-karbamid t\u00e1rol\u00e1sa<\/strong><\/h2>\n<h4>T\u0171zt\u0151l \u00e9s h\u0151t\u0151l t\u00e1vol tartand\u00f3. Lez\u00e1rva, h\u0171v\u00f6s, sz\u00e1raz k\u00f6rnyezetben, nedvess\u00e9gt\u0151l v\u00e9dve t\u00e1rolja. Ker\u00fclje az oxidokkal val\u00f3 egy\u00fctt\u00e9l\u00e9st.<\/h4>\n<h2><strong><b>L\u00e9pjen kapcsolatba vel\u00fcnk most!<\/b><\/strong><\/h2>\n<h4><strong><b>Ha COA, MSDS vagy TDS-re van sz\u00fcks\u00e9ge, k\u00e9rj\u00fck, t\u00f6ltse ki el\u00e9rhet\u0151s\u00e9g\u00e9t az al\u00e1bbi \u0171rlapon, \u00e1ltal\u00e1ban 24 \u00f3r\u00e1n bel\u00fcl felvessz\u00fck \u00d6nnel a kapcsolatot. \u00d6n is k\u00fcldhet nekem e-mailt <span style=\"color: #0000ff;\"><a style=\"color: #0000ff;\" href=\"mailto:info@longchangchemical.com\">info@longchangchemical.com<\/a><\/span> munkaid\u0151ben ( 8:30-18:00 UTC+8 H.-Szombat ) vagy haszn\u00e1lja a weboldal \u00e9l\u0151 chatj\u00e9t, hogy azonnali v\u00e1laszt kapjon.<\/b><\/strong><\/h4>","protected":false},"excerpt":{"rendered":"<h4>K\u00e9miai n\u00e9v: Vegyi n\u00e9v: 2-Imidazolidon<\/h4>\n<h4>Egy\u00e9b n\u00e9v: Ethyleneurea<\/h4>\n<h4>CAS-sz\u00e1m: 120-93-4<\/h4>\n<h4>Molekul\u00e1ris k\u00e9plet:C3H6N2O<\/h4>\n<h4>Molekulat\u00f6meg:86,09<\/h4>\n<h4>K\u00e9miai szerkezet:<img decoding=\"async\" title=\"2-Imidazolidon szerkezet\" src=\"https:\/\/www.longchangchemical.com\/wp-content\/uploads\/product-details\/20200616011406.png\" alt=\"2-Imidazolidon szerkezet\" width=\"60\" height=\"69\" border=\"0\" vspace=\"0\" \/><\/h4>\n<h4>Megjelen\u00e9s: Feh\u00e9r krist\u00e1lyos por<\/h4>\n<h4>Analitika: 99% gy\u00f3gyszeripari min\u0151s\u00e9g, 96% ipari min\u0151s\u00e9g eset\u00e9n<\/h4>","protected":false},"featured_media":4169,"comment_status":"open","ping_status":"closed","template":"","meta":[],"product_brand":[],"product_cat":[69],"product_tag":[],"class_list":{"0":"post-3497","1":"product","2":"type-product","3":"status-publish","4":"has-post-thumbnail","6":"product_cat-catalysts-chemical-auxiliary-agents","8":"first","9":"instock","10":"shipping-taxable","11":"product-type-simple"},"yoast_head":"<!-- This site is optimized with the Yoast SEO plugin v25.3.1 - https:\/\/yoast.com\/wordpress\/plugins\/seo\/ -->\n<title>China 2-Imidazolidone \/ Ethyleneurea CAS 120-93-4 Manufacturer \uff06 Supplier - Longchang chemical Co., Ltd.<\/title>\n<meta name=\"description\" content=\"Longchang Chemical is a leading manufacturer and supplier of 2-Imidazolidone \/ Ethyleneurea CAS 120-93-4 in China. Buy 2-Imidazolidone \/ Ethyleneurea in china. We can provide the best 2-Imidazolidone \/ Ethyleneurea price.\" \/>\n<meta name=\"robots\" content=\"index, follow, max-snippet:-1, max-image-preview:large, max-video-preview:-1\" \/>\n<link rel=\"canonical\" href=\"https:\/\/longchangchemical.com\/hu\/product\/2-imidazolidone-ethyleneurea-cas-120-93-4\/\" \/>\n<meta property=\"og:locale\" content=\"hu_HU\" \/>\n<meta property=\"og:type\" content=\"article\" \/>\n<meta property=\"og:title\" content=\"China 2-Imidazolidone \/ Ethyleneurea CAS 120-93-4 Manufacturer \uff06 Supplier - Longchang chemical Co., Ltd.\" \/>\n<meta property=\"og:description\" content=\"Longchang Chemical is a leading manufacturer and supplier of 2-Imidazolidone \/ Ethyleneurea CAS 120-93-4 in China. Buy 2-Imidazolidone \/ Ethyleneurea in china. We can provide the best 2-Imidazolidone \/ Ethyleneurea price.\" \/>\n<meta property=\"og:url\" content=\"https:\/\/longchangchemical.com\/hu\/product\/2-imidazolidone-ethyleneurea-cas-120-93-4\/\" \/>\n<meta property=\"og:site_name\" content=\"Longchang Chemical\" \/>\n<meta property=\"article:modified_time\" content=\"2025-12-23T04:27:39+00:00\" \/>\n<meta property=\"og:image\" content=\"https:\/\/longchangchemical.com\/wp-content\/uploads\/2021\/01\/Ethyleneurea-Appearance.jpg\" \/>\n\t<meta property=\"og:image:width\" content=\"600\" \/>\n\t<meta property=\"og:image:height\" content=\"800\" \/>\n\t<meta property=\"og:image:type\" content=\"image\/jpeg\" \/>\n<meta name=\"twitter:card\" content=\"summary_large_image\" \/>\n<script type=\"application\/ld+json\" class=\"yoast-schema-graph\">{\"@context\":\"https:\/\/schema.org\",\"@graph\":[{\"@type\":\"WebPage\",\"@id\":\"https:\/\/longchangchemical.com\/product\/2-imidazolidone-ethyleneurea-cas-120-93-4\/\",\"url\":\"https:\/\/longchangchemical.com\/product\/2-imidazolidone-ethyleneurea-cas-120-93-4\/\",\"name\":\"China 2-Imidazolidone \/ Ethyleneurea CAS 120-93-4 Manufacturer \uff06 Supplier - Longchang chemical Co., Ltd.\",\"isPartOf\":{\"@id\":\"https:\/\/longchangchemical.com\/#website\"},\"primaryImageOfPage\":{\"@id\":\"https:\/\/longchangchemical.com\/product\/2-imidazolidone-ethyleneurea-cas-120-93-4\/#primaryimage\"},\"image\":{\"@id\":\"https:\/\/longchangchemical.com\/product\/2-imidazolidone-ethyleneurea-cas-120-93-4\/#primaryimage\"},\"thumbnailUrl\":\"https:\/\/longchangchemical.com\/wp-content\/uploads\/2021\/01\/Ethyleneurea-Appearance.jpg\",\"datePublished\":\"2021-01-20T06:45:26+00:00\",\"dateModified\":\"2025-12-23T04:27:39+00:00\",\"description\":\"Longchang Chemical is a leading manufacturer and supplier of 2-Imidazolidone \/ Ethyleneurea CAS 120-93-4 in China. Buy 2-Imidazolidone \/ Ethyleneurea in china. We can provide the best 2-Imidazolidone \/ Ethyleneurea price.\",\"breadcrumb\":{\"@id\":\"https:\/\/longchangchemical.com\/product\/2-imidazolidone-ethyleneurea-cas-120-93-4\/#breadcrumb\"},\"inLanguage\":\"hu\",\"potentialAction\":[{\"@type\":\"ReadAction\",\"target\":[\"https:\/\/longchangchemical.com\/product\/2-imidazolidone-ethyleneurea-cas-120-93-4\/\"]}]},{\"@type\":\"ImageObject\",\"inLanguage\":\"hu\",\"@id\":\"https:\/\/longchangchemical.com\/product\/2-imidazolidone-ethyleneurea-cas-120-93-4\/#primaryimage\",\"url\":\"https:\/\/longchangchemical.com\/wp-content\/uploads\/2021\/01\/Ethyleneurea-Appearance.jpg\",\"contentUrl\":\"https:\/\/longchangchemical.com\/wp-content\/uploads\/2021\/01\/Ethyleneurea-Appearance.jpg\",\"width\":600,\"height\":800,\"caption\":\"Ethyleneurea Appearance\"},{\"@type\":\"BreadcrumbList\",\"@id\":\"https:\/\/longchangchemical.com\/product\/2-imidazolidone-ethyleneurea-cas-120-93-4\/#breadcrumb\",\"itemListElement\":[{\"@type\":\"ListItem\",\"position\":1,\"name\":\"Home\",\"item\":\"https:\/\/longchangchemical.com\/\"},{\"@type\":\"ListItem\",\"position\":2,\"name\":\"Products Longchang\",\"item\":\"https:\/\/longchangchemical.com\/product\/\"},{\"@type\":\"ListItem\",\"position\":3,\"name\":\"2-imidazolidone \/ Ethyleneurea cas 120-93-4\"}]},{\"@type\":\"WebSite\",\"@id\":\"https:\/\/longchangchemical.com\/#website\",\"url\":\"https:\/\/longchangchemical.com\/\",\"name\":\"Longchang Chemical\",\"description\":\"China chemical manufacturer \uff06 supplier\",\"publisher\":{\"@id\":\"https:\/\/longchangchemical.com\/#organization\"},\"potentialAction\":[{\"@type\":\"SearchAction\",\"target\":{\"@type\":\"EntryPoint\",\"urlTemplate\":\"https:\/\/longchangchemical.com\/?s={search_term_string}\"},\"query-input\":{\"@type\":\"PropertyValueSpecification\",\"valueRequired\":true,\"valueName\":\"search_term_string\"}}],\"inLanguage\":\"hu\"},{\"@type\":\"Organization\",\"@id\":\"https:\/\/longchangchemical.com\/#organization\",\"name\":\"Longchang Chemical\",\"url\":\"https:\/\/longchangchemical.com\/\",\"logo\":{\"@type\":\"ImageObject\",\"inLanguage\":\"hu\",\"@id\":\"https:\/\/longchangchemical.com\/#\/schema\/logo\/image\/\",\"url\":\"https:\/\/longchangchemical.com\/wp-content\/uploads\/2020\/08\/cropped-longchang-logo.png\",\"contentUrl\":\"https:\/\/longchangchemical.com\/wp-content\/uploads\/2020\/08\/cropped-longchang-logo.png\",\"width\":512,\"height\":512,\"caption\":\"Longchang Chemical\"},\"image\":{\"@id\":\"https:\/\/longchangchemical.com\/#\/schema\/logo\/image\/\"}}]}<\/script>\n<!-- \/ Yoast SEO plugin. -->","yoast_head_json":{"title":"K\u00edna 2-Imidazolidon \/ etil\u00e9n-karbamid CAS 120-93-4 gy\u00e1rt\u00f3 \uff06 sz\u00e1ll\u00edt\u00f3 - Longchang Chemical Co., Ltd.","description":"A Longchang Chemical vezet\u0151 gy\u00e1rt\u00f3ja \u00e9s sz\u00e1ll\u00edt\u00f3ja a 2-Imidazolidon \/ Ethyleneurea CAS 120-93-4 K\u00edn\u00e1ban. V\u00e1s\u00e1roljon 2-Imidazolidon \/ etil\u00e9n-karbamidot K\u00edn\u00e1ban. A legjobb 2-Imidazolidon \/ etil\u00e9n-karbamid \u00e1rat tudjuk biztos\u00edtani.","robots":{"index":"index","follow":"follow","max-snippet":"max-snippet:-1","max-image-preview":"max-image-preview:large","max-video-preview":"max-video-preview:-1"},"canonical":"https:\/\/longchangchemical.com\/hu\/product\/2-imidazolidone-ethyleneurea-cas-120-93-4\/","og_locale":"hu_HU","og_type":"article","og_title":"China 2-Imidazolidone \/ Ethyleneurea CAS 120-93-4 Manufacturer \uff06 Supplier - Longchang chemical Co., Ltd.","og_description":"Longchang Chemical is a leading manufacturer and supplier of 2-Imidazolidone \/ Ethyleneurea CAS 120-93-4 in China. Buy 2-Imidazolidone \/ Ethyleneurea in china. We can provide the best 2-Imidazolidone \/ Ethyleneurea price.","og_url":"https:\/\/longchangchemical.com\/hu\/product\/2-imidazolidone-ethyleneurea-cas-120-93-4\/","og_site_name":"Longchang Chemical","article_modified_time":"2025-12-23T04:27:39+00:00","og_image":[{"width":600,"height":800,"url":"https:\/\/longchangchemical.com\/wp-content\/uploads\/2021\/01\/Ethyleneurea-Appearance.jpg","type":"image\/jpeg"}],"twitter_card":"summary_large_image","schema":{"@context":"https:\/\/schema.org","@graph":[{"@type":"WebPage","@id":"https:\/\/longchangchemical.com\/product\/2-imidazolidone-ethyleneurea-cas-120-93-4\/","url":"https:\/\/longchangchemical.com\/product\/2-imidazolidone-ethyleneurea-cas-120-93-4\/","name":"K\u00edna 2-Imidazolidon \/ etil\u00e9n-karbamid CAS 120-93-4 gy\u00e1rt\u00f3 \uff06 sz\u00e1ll\u00edt\u00f3 - Longchang Chemical Co., Ltd.","isPartOf":{"@id":"https:\/\/longchangchemical.com\/#website"},"primaryImageOfPage":{"@id":"https:\/\/longchangchemical.com\/product\/2-imidazolidone-ethyleneurea-cas-120-93-4\/#primaryimage"},"image":{"@id":"https:\/\/longchangchemical.com\/product\/2-imidazolidone-ethyleneurea-cas-120-93-4\/#primaryimage"},"thumbnailUrl":"https:\/\/longchangchemical.com\/wp-content\/uploads\/2021\/01\/Ethyleneurea-Appearance.jpg","datePublished":"2021-01-20T06:45:26+00:00","dateModified":"2025-12-23T04:27:39+00:00","description":"A Longchang Chemical vezet\u0151 gy\u00e1rt\u00f3ja \u00e9s sz\u00e1ll\u00edt\u00f3ja a 2-Imidazolidon \/ Ethyleneurea CAS 120-93-4 K\u00edn\u00e1ban. V\u00e1s\u00e1roljon 2-Imidazolidon \/ etil\u00e9n-karbamidot K\u00edn\u00e1ban. A legjobb 2-Imidazolidon \/ etil\u00e9n-karbamid \u00e1rat tudjuk biztos\u00edtani.","breadcrumb":{"@id":"https:\/\/longchangchemical.com\/product\/2-imidazolidone-ethyleneurea-cas-120-93-4\/#breadcrumb"},"inLanguage":"hu","potentialAction":[{"@type":"ReadAction","target":["https:\/\/longchangchemical.com\/product\/2-imidazolidone-ethyleneurea-cas-120-93-4\/"]}]},{"@type":"ImageObject","inLanguage":"hu","@id":"https:\/\/longchangchemical.com\/product\/2-imidazolidone-ethyleneurea-cas-120-93-4\/#primaryimage","url":"https:\/\/longchangchemical.com\/wp-content\/uploads\/2021\/01\/Ethyleneurea-Appearance.jpg","contentUrl":"https:\/\/longchangchemical.com\/wp-content\/uploads\/2021\/01\/Ethyleneurea-Appearance.jpg","width":600,"height":800,"caption":"Ethyleneurea Appearance"},{"@type":"BreadcrumbList","@id":"https:\/\/longchangchemical.com\/product\/2-imidazolidone-ethyleneurea-cas-120-93-4\/#breadcrumb","itemListElement":[{"@type":"ListItem","position":1,"name":"Home","item":"https:\/\/longchangchemical.com\/"},{"@type":"ListItem","position":2,"name":"Products Longchang","item":"https:\/\/longchangchemical.com\/product\/"},{"@type":"ListItem","position":3,"name":"2-imidazolidone \/ Ethyleneurea cas 120-93-4"}]},{"@type":"WebSite","@id":"https:\/\/longchangchemical.com\/#website","url":"https:\/\/longchangchemical.com\/","name":"Longchang Chemical","description":"K\u00edna k\u00e9miai gy\u00e1rt\u00f3 \uff06 sz\u00e1ll\u00edt\u00f3","publisher":{"@id":"https:\/\/longchangchemical.com\/#organization"},"potentialAction":[{"@type":"SearchAction","target":{"@type":"EntryPoint","urlTemplate":"https:\/\/longchangchemical.com\/?s={search_term_string}"},"query-input":{"@type":"PropertyValueSpecification","valueRequired":true,"valueName":"search_term_string"}}],"inLanguage":"hu"},{"@type":"Organization","@id":"https:\/\/longchangchemical.com\/#organization","name":"Longchang Chemical","url":"https:\/\/longchangchemical.com\/","logo":{"@type":"ImageObject","inLanguage":"hu","@id":"https:\/\/longchangchemical.com\/#\/schema\/logo\/image\/","url":"https:\/\/longchangchemical.com\/wp-content\/uploads\/2020\/08\/cropped-longchang-logo.png","contentUrl":"https:\/\/longchangchemical.com\/wp-content\/uploads\/2020\/08\/cropped-longchang-logo.png","width":512,"height":512,"caption":"Longchang Chemical"},"image":{"@id":"https:\/\/longchangchemical.com\/#\/schema\/logo\/image\/"}}]}},"_links":{"self":[{"href":"https:\/\/longchangchemical.com\/hu\/wp-json\/wp\/v2\/product\/3497","targetHints":{"allow":["GET"]}}],"collection":[{"href":"https:\/\/longchangchemical.com\/hu\/wp-json\/wp\/v2\/product"}],"about":[{"href":"https:\/\/longchangchemical.com\/hu\/wp-json\/wp\/v2\/types\/product"}],"replies":[{"embeddable":true,"href":"https:\/\/longchangchemical.com\/hu\/wp-json\/wp\/v2\/comments?post=3497"}],"wp:featuredmedia":[{"embeddable":true,"href":"https:\/\/longchangchemical.com\/hu\/wp-json\/wp\/v2\/media\/4169"}],"wp:attachment":[{"href":"https:\/\/longchangchemical.com\/hu\/wp-json\/wp\/v2\/media?parent=3497"}],"wp:term":[{"taxonomy":"product_brand","embeddable":true,"href":"https:\/\/longchangchemical.com\/hu\/wp-json\/wp\/v2\/product_brand?post=3497"},{"taxonomy":"product_cat","embeddable":true,"href":"https:\/\/longchangchemical.com\/hu\/wp-json\/wp\/v2\/product_cat?post=3497"},{"taxonomy":"product_tag","embeddable":true,"href":"https:\/\/longchangchemical.com\/hu\/wp-json\/wp\/v2\/product_tag?post=3497"}],"curies":[{"name":"wp","href":"https:\/\/api.w.org\/{rel}","templated":true}]}}