{"id":3496,"date":"2021-01-20T06:35:17","date_gmt":"2021-01-20T06:35:17","guid":{"rendered":"https:\/\/longchangchemical.com\/?post_type=product&#038;p=3496"},"modified":"2025-12-23T04:23:32","modified_gmt":"2025-12-23T04:23:32","slug":"benzyl-methyl-ammonium-chloride-cas-61789-73-9","status":"publish","type":"product","link":"https:\/\/longchangchemical.com\/hu\/product\/benzyl-methyl-ammonium-chloride-cas-61789-73-9\/","title":{"rendered":"D1817\/Benzil-metil-amm\u00f3nium-klorid CAS 61789-73-9"},"content":{"rendered":"<h1>D1817\/Benzil-metil-amm\u00f3nium-klorid CAS 61789-73-9<\/h1>\n<table class=\"table-1\" cellspacing=\"0\">\n<tbody>\n<tr>\n<td>\n<h4><strong>T\u00e9tel<\/strong><\/h4>\n<\/td>\n<td>\n<h4><strong>Specifik\u00e1ci\u00f3<\/strong><\/h4>\n<\/td>\n<\/tr>\n<tr>\n<td>\n<h4>Megjelen\u00e9s (25\u2103)<\/h4>\n<\/td>\n<td>\n<h4>A feh\u00e9rt\u0151l a vil\u00e1goss\u00e1rg\u00e1ig terjed\u0151 sz\u00edn\u0171 szil\u00e1rd anyag<\/h4>\n<\/td>\n<\/tr>\n<tr>\n<td>\n<h4>Sz\u00edn (Gard)<\/h4>\n<\/td>\n<td>\n<h4>\u22647.0<\/h4>\n<\/td>\n<\/tr>\n<tr>\n<td>\n<h4>Szil\u00e1rd tartalom %<\/h4>\n<\/td>\n<td>\n<h4>80.0-85.0<\/h4>\n<\/td>\n<\/tr>\n<tr>\n<td>\n<h4>Szabad aminAminhidroklorid %<\/h4>\n<\/td>\n<td>\n<h4>\u22642.0<\/h4>\n<\/td>\n<\/tr>\n<tr>\n<td>\n<h4>PH-\u00e9rt\u00e9k<\/h4>\n<\/td>\n<td>\n<h4>7.0-9.0<\/h4>\n<\/td>\n<\/tr>\n<tr>\n<td>\n<h4>Etanol %<\/h4>\n<\/td>\n<td>\n<h4>\u226414.0<\/h4>\n<\/td>\n<\/tr>\n<\/tbody>\n<\/table>\n<h2><strong>Benzil-metil-amm\u00f3nium-klorid felhaszn\u00e1l\u00e1s<\/strong><\/h2>\n<h4>Lotionok, bakt\u00e9rium\u00f6l\u0151k, k\u0151olaj-adal\u00e9kanyagok, korr\u00f3zi\u00f3g\u00e1tl\u00f3k, emulge\u00e1l\u00f3szerek, textilolajok, l\u00e1gy\u00edt\u00f3k, f\u00e9mtiszt\u00edt\u00f3 \u00e9s -f\u00e9nyes\u00edt\u0151 szerek, ritkaf\u00e9m flot\u00e1ci\u00f3s szerek, szerves szennyv\u00edzkezel\u0151 szerek \u00e9s f\u00e9mrozsdag\u00e1tl\u00f3k.<\/h4>\n<p>&nbsp;<\/p>\n<h2><strong>Benzil-metil-amm\u00f3nium-klorid Csomagol\u00e1s \u00e9s sz\u00e1ll\u00edt\u00e1s<\/strong><\/h2>\n<h4>175kg dobonk\u00e9nt , vagy 50kg dobonk\u00e9nt.<\/h4>\n<p>&nbsp;<\/p>\n<h2><strong>Benzil-metil-amm\u00f3nium-klorid t\u00e1rol\u00e1sa<\/strong><\/h2>\n<h4>sz\u00e1raz, h\u0171v\u00f6s helyen.<\/h4>\n<h2><strong><b>L\u00e9pjen kapcsolatba vel\u00fcnk most!<\/b><\/strong><\/h2>\n<h4><strong><b>Egyedi szolg\u00e1ltat\u00e1sokat ny\u00fajtunk, \u00e1ltal\u00e1ban 24 \u00f3r\u00e1n bel\u00fcl felvessz\u00fck \u00d6nnel a kapcsolatot. A munkaid\u0151ben ( 8:30-18:00 UTC+8 H.~Szombat ) az info@longchangchemical.com e-mail c\u00edmen is k\u00fcldhet e-mailt, vagy haszn\u00e1lhatja a weboldal \u00e9l\u0151 chatj\u00e9t, hogy gyors v\u00e1laszt kapjon.<\/b><\/strong><\/h4>\n<p>&nbsp;<\/p>","protected":false},"excerpt":{"rendered":"<p>K\u00e9miai n\u00e9v: D1817 \/Benzil-metil-amm\u00f3nium-klorid<\/p>\n<p>CAS-sz\u00e1m: 61789-73-9<\/p>\n<p>Molekul\u00e1ris fomula: C8H12ClN<\/p>\n<p>Molekulat\u00f6meg: 157,64058<\/p>\n<p>Benzil-metil-amm\u00f3nium-klorid szerkezet:<img decoding=\"async\" title=\"D1817 \/Kvaterner amm\u00f3niumvegy\u00fcletek, benzil-bisz(hidrog\u00e9nezett faggy\u00faalkil)metil, kloridok Szerkezet\" src=\"https:\/\/www.longchangchemical.com\/wp-content\/uploads\/product-details\/20200612137199.png\" alt=\"D1817 \/Kvaterner amm\u00f3niumvegy\u00fcletek, benzil-bisz(hidrog\u00e9nezett faggy\u00faalkil)metil, kloridok Szerkezet\" width=\"143\" height=\"68\" border=\"0\" vspace=\"0\" \/><\/p>\n<p>Megjelen\u00e9s: Feh\u00e9rt\u0151l a vil\u00e1goss\u00e1rg\u00e1ig terjed\u0151 sz\u00edn\u0171 szil\u00e1rd anyag<\/p>\n<p>Pr\u00f3ba: 70-85%<\/p>","protected":false},"featured_media":4165,"comment_status":"open","ping_status":"closed","template":"","meta":[],"product_brand":[],"product_cat":[69],"product_tag":[],"class_list":{"0":"post-3496","1":"product","2":"type-product","3":"status-publish","4":"has-post-thumbnail","6":"product_cat-catalysts-chemical-auxiliary-agents","8":"first","9":"instock","10":"shipping-taxable","11":"product-type-simple"},"yoast_head":"<!-- This site is optimized with the Yoast SEO plugin v25.3.1 - https:\/\/yoast.com\/wordpress\/plugins\/seo\/ -->\n<title>China Benzyl Methyl Ammonium Chloride CAS 61789-73-9 Manufacturer \uff06 Supplier - Longchang chemical Co., Ltd.<\/title>\n<meta name=\"description\" content=\"Longchang Chemical is a leading manufacturer and supplier of Benzyl Methyl Ammonium Chloride CAS 61789-73-9 in China. Buy Benzyl Methyl Ammonium Chloride in china. We can provide the best Benzyl Methyl Ammonium Chloride price.\" \/>\n<meta name=\"robots\" content=\"index, follow, max-snippet:-1, max-image-preview:large, max-video-preview:-1\" \/>\n<link rel=\"canonical\" href=\"https:\/\/longchangchemical.com\/hu\/product\/benzyl-methyl-ammonium-chloride-cas-61789-73-9\/\" \/>\n<meta property=\"og:locale\" content=\"hu_HU\" \/>\n<meta property=\"og:type\" content=\"article\" \/>\n<meta property=\"og:title\" content=\"China Benzyl Methyl Ammonium Chloride CAS 61789-73-9 Manufacturer \uff06 Supplier - Longchang chemical Co., Ltd.\" \/>\n<meta property=\"og:description\" content=\"Longchang Chemical is a leading manufacturer and supplier of Benzyl Methyl Ammonium Chloride CAS 61789-73-9 in China. Buy Benzyl Methyl Ammonium Chloride in china. We can provide the best Benzyl Methyl Ammonium Chloride price.\" \/>\n<meta property=\"og:url\" content=\"https:\/\/longchangchemical.com\/hu\/product\/benzyl-methyl-ammonium-chloride-cas-61789-73-9\/\" \/>\n<meta property=\"og:site_name\" content=\"Longchang Chemical\" \/>\n<meta property=\"article:modified_time\" content=\"2025-12-23T04:23:32+00:00\" \/>\n<meta property=\"og:image\" content=\"https:\/\/longchangchemical.com\/wp-content\/uploads\/2021\/01\/Benzyl-Methyl-Ammonium-Chloride-Appearance.jpg\" \/>\n\t<meta property=\"og:image:width\" content=\"600\" \/>\n\t<meta property=\"og:image:height\" content=\"800\" \/>\n\t<meta property=\"og:image:type\" content=\"image\/jpeg\" \/>\n<meta name=\"twitter:card\" content=\"summary_large_image\" \/>\n<script type=\"application\/ld+json\" class=\"yoast-schema-graph\">{\"@context\":\"https:\/\/schema.org\",\"@graph\":[{\"@type\":\"WebPage\",\"@id\":\"https:\/\/longchangchemical.com\/product\/benzyl-methyl-ammonium-chloride-cas-61789-73-9\/\",\"url\":\"https:\/\/longchangchemical.com\/product\/benzyl-methyl-ammonium-chloride-cas-61789-73-9\/\",\"name\":\"China Benzyl Methyl Ammonium Chloride CAS 61789-73-9 Manufacturer \uff06 Supplier - Longchang chemical Co., Ltd.\",\"isPartOf\":{\"@id\":\"https:\/\/longchangchemical.com\/#website\"},\"primaryImageOfPage\":{\"@id\":\"https:\/\/longchangchemical.com\/product\/benzyl-methyl-ammonium-chloride-cas-61789-73-9\/#primaryimage\"},\"image\":{\"@id\":\"https:\/\/longchangchemical.com\/product\/benzyl-methyl-ammonium-chloride-cas-61789-73-9\/#primaryimage\"},\"thumbnailUrl\":\"https:\/\/longchangchemical.com\/wp-content\/uploads\/2021\/01\/Benzyl-Methyl-Ammonium-Chloride-Appearance.jpg\",\"datePublished\":\"2021-01-20T06:35:17+00:00\",\"dateModified\":\"2025-12-23T04:23:32+00:00\",\"description\":\"Longchang Chemical is a leading manufacturer and supplier of Benzyl Methyl Ammonium Chloride CAS 61789-73-9 in China. Buy Benzyl Methyl Ammonium Chloride in china. We can provide the best Benzyl Methyl Ammonium Chloride price.\",\"breadcrumb\":{\"@id\":\"https:\/\/longchangchemical.com\/product\/benzyl-methyl-ammonium-chloride-cas-61789-73-9\/#breadcrumb\"},\"inLanguage\":\"hu\",\"potentialAction\":[{\"@type\":\"ReadAction\",\"target\":[\"https:\/\/longchangchemical.com\/product\/benzyl-methyl-ammonium-chloride-cas-61789-73-9\/\"]}]},{\"@type\":\"ImageObject\",\"inLanguage\":\"hu\",\"@id\":\"https:\/\/longchangchemical.com\/product\/benzyl-methyl-ammonium-chloride-cas-61789-73-9\/#primaryimage\",\"url\":\"https:\/\/longchangchemical.com\/wp-content\/uploads\/2021\/01\/Benzyl-Methyl-Ammonium-Chloride-Appearance.jpg\",\"contentUrl\":\"https:\/\/longchangchemical.com\/wp-content\/uploads\/2021\/01\/Benzyl-Methyl-Ammonium-Chloride-Appearance.jpg\",\"width\":600,\"height\":800,\"caption\":\"Benzyl Methyl Ammonium Chloride Appearance\"},{\"@type\":\"BreadcrumbList\",\"@id\":\"https:\/\/longchangchemical.com\/product\/benzyl-methyl-ammonium-chloride-cas-61789-73-9\/#breadcrumb\",\"itemListElement\":[{\"@type\":\"ListItem\",\"position\":1,\"name\":\"Home\",\"item\":\"https:\/\/longchangchemical.com\/\"},{\"@type\":\"ListItem\",\"position\":2,\"name\":\"Products Longchang\",\"item\":\"https:\/\/longchangchemical.com\/product\/\"},{\"@type\":\"ListItem\",\"position\":3,\"name\":\"D1817\/Benzyl Methyl Ammonium Chloride CAS 61789-73-9\"}]},{\"@type\":\"WebSite\",\"@id\":\"https:\/\/longchangchemical.com\/#website\",\"url\":\"https:\/\/longchangchemical.com\/\",\"name\":\"Longchang Chemical\",\"description\":\"China chemical manufacturer \uff06 supplier\",\"publisher\":{\"@id\":\"https:\/\/longchangchemical.com\/#organization\"},\"potentialAction\":[{\"@type\":\"SearchAction\",\"target\":{\"@type\":\"EntryPoint\",\"urlTemplate\":\"https:\/\/longchangchemical.com\/?s={search_term_string}\"},\"query-input\":{\"@type\":\"PropertyValueSpecification\",\"valueRequired\":true,\"valueName\":\"search_term_string\"}}],\"inLanguage\":\"hu\"},{\"@type\":\"Organization\",\"@id\":\"https:\/\/longchangchemical.com\/#organization\",\"name\":\"Longchang Chemical\",\"url\":\"https:\/\/longchangchemical.com\/\",\"logo\":{\"@type\":\"ImageObject\",\"inLanguage\":\"hu\",\"@id\":\"https:\/\/longchangchemical.com\/#\/schema\/logo\/image\/\",\"url\":\"https:\/\/longchangchemical.com\/wp-content\/uploads\/2020\/08\/cropped-longchang-logo.png\",\"contentUrl\":\"https:\/\/longchangchemical.com\/wp-content\/uploads\/2020\/08\/cropped-longchang-logo.png\",\"width\":512,\"height\":512,\"caption\":\"Longchang Chemical\"},\"image\":{\"@id\":\"https:\/\/longchangchemical.com\/#\/schema\/logo\/image\/\"}}]}<\/script>\n<!-- \/ Yoast SEO plugin. -->","yoast_head_json":{"title":"K\u00edna benzil-metil-amm\u00f3nium-klorid CAS 61789-73-9 gy\u00e1rt\u00f3 \uff06 sz\u00e1ll\u00edt\u00f3 - Longchang Chemical Co., Ltd.","description":"A Longchang Chemical vezet\u0151 gy\u00e1rt\u00f3ja \u00e9s sz\u00e1ll\u00edt\u00f3ja a benzil-metil-amm\u00f3nium-klorid CAS 61789-73-9 K\u00edn\u00e1ban. V\u00e1s\u00e1roljon benzilmetil-amm\u00f3nium-kloridot K\u00edn\u00e1ban. A legjobb benzilmetil-amm\u00f3nium-klorid \u00e1rat tudjuk biztos\u00edtani.","robots":{"index":"index","follow":"follow","max-snippet":"max-snippet:-1","max-image-preview":"max-image-preview:large","max-video-preview":"max-video-preview:-1"},"canonical":"https:\/\/longchangchemical.com\/hu\/product\/benzyl-methyl-ammonium-chloride-cas-61789-73-9\/","og_locale":"hu_HU","og_type":"article","og_title":"China Benzyl Methyl Ammonium Chloride CAS 61789-73-9 Manufacturer \uff06 Supplier - Longchang chemical Co., Ltd.","og_description":"Longchang Chemical is a leading manufacturer and supplier of Benzyl Methyl Ammonium Chloride CAS 61789-73-9 in China. Buy Benzyl Methyl Ammonium Chloride in china. We can provide the best Benzyl Methyl Ammonium Chloride price.","og_url":"https:\/\/longchangchemical.com\/hu\/product\/benzyl-methyl-ammonium-chloride-cas-61789-73-9\/","og_site_name":"Longchang Chemical","article_modified_time":"2025-12-23T04:23:32+00:00","og_image":[{"width":600,"height":800,"url":"https:\/\/longchangchemical.com\/wp-content\/uploads\/2021\/01\/Benzyl-Methyl-Ammonium-Chloride-Appearance.jpg","type":"image\/jpeg"}],"twitter_card":"summary_large_image","schema":{"@context":"https:\/\/schema.org","@graph":[{"@type":"WebPage","@id":"https:\/\/longchangchemical.com\/product\/benzyl-methyl-ammonium-chloride-cas-61789-73-9\/","url":"https:\/\/longchangchemical.com\/product\/benzyl-methyl-ammonium-chloride-cas-61789-73-9\/","name":"K\u00edna benzil-metil-amm\u00f3nium-klorid CAS 61789-73-9 gy\u00e1rt\u00f3 \uff06 sz\u00e1ll\u00edt\u00f3 - Longchang Chemical Co., Ltd.","isPartOf":{"@id":"https:\/\/longchangchemical.com\/#website"},"primaryImageOfPage":{"@id":"https:\/\/longchangchemical.com\/product\/benzyl-methyl-ammonium-chloride-cas-61789-73-9\/#primaryimage"},"image":{"@id":"https:\/\/longchangchemical.com\/product\/benzyl-methyl-ammonium-chloride-cas-61789-73-9\/#primaryimage"},"thumbnailUrl":"https:\/\/longchangchemical.com\/wp-content\/uploads\/2021\/01\/Benzyl-Methyl-Ammonium-Chloride-Appearance.jpg","datePublished":"2021-01-20T06:35:17+00:00","dateModified":"2025-12-23T04:23:32+00:00","description":"A Longchang Chemical vezet\u0151 gy\u00e1rt\u00f3ja \u00e9s sz\u00e1ll\u00edt\u00f3ja a benzil-metil-amm\u00f3nium-klorid CAS 61789-73-9 K\u00edn\u00e1ban. V\u00e1s\u00e1roljon benzilmetil-amm\u00f3nium-kloridot K\u00edn\u00e1ban. A legjobb benzilmetil-amm\u00f3nium-klorid \u00e1rat tudjuk biztos\u00edtani.","breadcrumb":{"@id":"https:\/\/longchangchemical.com\/product\/benzyl-methyl-ammonium-chloride-cas-61789-73-9\/#breadcrumb"},"inLanguage":"hu","potentialAction":[{"@type":"ReadAction","target":["https:\/\/longchangchemical.com\/product\/benzyl-methyl-ammonium-chloride-cas-61789-73-9\/"]}]},{"@type":"ImageObject","inLanguage":"hu","@id":"https:\/\/longchangchemical.com\/product\/benzyl-methyl-ammonium-chloride-cas-61789-73-9\/#primaryimage","url":"https:\/\/longchangchemical.com\/wp-content\/uploads\/2021\/01\/Benzyl-Methyl-Ammonium-Chloride-Appearance.jpg","contentUrl":"https:\/\/longchangchemical.com\/wp-content\/uploads\/2021\/01\/Benzyl-Methyl-Ammonium-Chloride-Appearance.jpg","width":600,"height":800,"caption":"Benzyl Methyl Ammonium Chloride Appearance"},{"@type":"BreadcrumbList","@id":"https:\/\/longchangchemical.com\/product\/benzyl-methyl-ammonium-chloride-cas-61789-73-9\/#breadcrumb","itemListElement":[{"@type":"ListItem","position":1,"name":"Home","item":"https:\/\/longchangchemical.com\/"},{"@type":"ListItem","position":2,"name":"Products Longchang","item":"https:\/\/longchangchemical.com\/product\/"},{"@type":"ListItem","position":3,"name":"D1817\/Benzyl Methyl Ammonium Chloride CAS 61789-73-9"}]},{"@type":"WebSite","@id":"https:\/\/longchangchemical.com\/#website","url":"https:\/\/longchangchemical.com\/","name":"Longchang Chemical","description":"K\u00edna k\u00e9miai gy\u00e1rt\u00f3 \uff06 sz\u00e1ll\u00edt\u00f3","publisher":{"@id":"https:\/\/longchangchemical.com\/#organization"},"potentialAction":[{"@type":"SearchAction","target":{"@type":"EntryPoint","urlTemplate":"https:\/\/longchangchemical.com\/?s={search_term_string}"},"query-input":{"@type":"PropertyValueSpecification","valueRequired":true,"valueName":"search_term_string"}}],"inLanguage":"hu"},{"@type":"Organization","@id":"https:\/\/longchangchemical.com\/#organization","name":"Longchang Chemical","url":"https:\/\/longchangchemical.com\/","logo":{"@type":"ImageObject","inLanguage":"hu","@id":"https:\/\/longchangchemical.com\/#\/schema\/logo\/image\/","url":"https:\/\/longchangchemical.com\/wp-content\/uploads\/2020\/08\/cropped-longchang-logo.png","contentUrl":"https:\/\/longchangchemical.com\/wp-content\/uploads\/2020\/08\/cropped-longchang-logo.png","width":512,"height":512,"caption":"Longchang Chemical"},"image":{"@id":"https:\/\/longchangchemical.com\/#\/schema\/logo\/image\/"}}]}},"_links":{"self":[{"href":"https:\/\/longchangchemical.com\/hu\/wp-json\/wp\/v2\/product\/3496","targetHints":{"allow":["GET"]}}],"collection":[{"href":"https:\/\/longchangchemical.com\/hu\/wp-json\/wp\/v2\/product"}],"about":[{"href":"https:\/\/longchangchemical.com\/hu\/wp-json\/wp\/v2\/types\/product"}],"replies":[{"embeddable":true,"href":"https:\/\/longchangchemical.com\/hu\/wp-json\/wp\/v2\/comments?post=3496"}],"wp:featuredmedia":[{"embeddable":true,"href":"https:\/\/longchangchemical.com\/hu\/wp-json\/wp\/v2\/media\/4165"}],"wp:attachment":[{"href":"https:\/\/longchangchemical.com\/hu\/wp-json\/wp\/v2\/media?parent=3496"}],"wp:term":[{"taxonomy":"product_brand","embeddable":true,"href":"https:\/\/longchangchemical.com\/hu\/wp-json\/wp\/v2\/product_brand?post=3496"},{"taxonomy":"product_cat","embeddable":true,"href":"https:\/\/longchangchemical.com\/hu\/wp-json\/wp\/v2\/product_cat?post=3496"},{"taxonomy":"product_tag","embeddable":true,"href":"https:\/\/longchangchemical.com\/hu\/wp-json\/wp\/v2\/product_tag?post=3496"}],"curies":[{"name":"wp","href":"https:\/\/api.w.org\/{rel}","templated":true}]}}