{"id":3478,"date":"2020-12-22T12:07:06","date_gmt":"2020-12-22T12:07:06","guid":{"rendered":"https:\/\/longchangchemical.com\/?post_type=product&#038;p=3478"},"modified":"2024-08-01T05:35:51","modified_gmt":"2024-08-01T05:35:51","slug":"ethanolamine-thioglycolate-cas-126-97-6","status":"publish","type":"product","link":"https:\/\/longchangchemical.com\/hu\/product\/ethanolamine-thioglycolate-cas-126-97-6\/","title":{"rendered":"CAS 126-97-6"},"content":{"rendered":"<h1><strong>CAS 126-97-6<\/strong><\/h1>\n<table style=\"border-collapse: collapse; width: 394.52pt;\" border=\"0\" width=\"526\" cellspacing=\"0\" cellpadding=\"0\">\n<tbody>\n<tr style=\"height: 18.00pt;\">\n<td class=\"et2\" style=\"height: 18.00pt; width: 191.25pt;\" width=\"255\" height=\"24\">\n<h4>Jellemz\u0151k:<\/h4>\n<\/td>\n<td class=\"et3\" style=\"width: 203.25pt;\" width=\"271\">\n<h4>sz\u00edntelen, \u00e1tl\u00e1tsz\u00f3 folyad\u00e9k.<\/h4>\n<\/td>\n<\/tr>\n<tr style=\"height: 18.00pt;\">\n<td class=\"et2\" style=\"height: 18.00pt; width: 191.25pt;\" width=\"255\" height=\"24\">\n<h4>Fajlagos t\u00f6meg:<\/h4>\n<\/td>\n<td class=\"et3\">\n<h4>1.15-1.30 (25\u00b0C)<\/h4>\n<\/td>\n<\/tr>\n<tr style=\"height: 18.00pt;\">\n<td class=\"et2\" style=\"height: 18.00pt; width: 191.25pt;\" width=\"255\" height=\"24\">\n<h4>PH:<\/h4>\n<\/td>\n<td class=\"et3\">\n<h4>6,0-7,0 (25\u00b0C)<\/h4>\n<\/td>\n<\/tr>\n<tr style=\"height: 36.00pt;\">\n<td class=\"et2\" style=\"height: 36.00pt; width: 191.25pt;\" width=\"255\" height=\"48\">\n<h4>Neh\u00e9zf\u00e9m (Pb) PPM (mg\/kg)<\/h4>\n<\/td>\n<td class=\"et3\">\n<h4>\u22645<\/h4>\n<\/td>\n<\/tr>\n<tr style=\"height: 18.00pt;\">\n<td class=\"et2\" style=\"height: 18.00pt; width: 191.25pt;\" width=\"255\" height=\"24\">\n<h4>Vas (Fe) PPM (mg\/kg)<\/h4>\n<\/td>\n<td class=\"et3\">\n<h4>\u2264 0.5<\/h4>\n<\/td>\n<\/tr>\n<tr style=\"height: 18.00pt;\">\n<td class=\"et2\" style=\"height: 18.00pt; width: 191.25pt;\" width=\"255\" height=\"24\">\n<h4>Arz\u00e9n (As) PPM (mg\/kg)<\/h4>\n<\/td>\n<td class=\"et3\">\n<h4>\u2264 5<\/h4>\n<\/td>\n<\/tr>\n<tr style=\"height: 18.00pt;\">\n<td class=\"et2\" style=\"height: 18.00pt; width: 191.25pt;\" width=\"255\" height=\"24\">\n<h4>Tartalom:<\/h4>\n<\/td>\n<td class=\"et3\">\n<h4>\u2265 51%, 61%, 71%<\/h4>\n<\/td>\n<\/tr>\n<\/tbody>\n<\/table>\n<p>&nbsp;<\/p>\n<div>\n<h2>CAS 126-97-6 Felhaszn\u00e1l\u00e1s<\/h2>\n<p>&nbsp;<\/p>\n<h4>Ez a term\u00e9k mind nagy tisztas\u00e1g\u00fa import\u00e1lt nyersanyagokb\u00f3l k\u00e9sz\u00fcl, sz\u00e9les k\u00f6rben haszn\u00e1lj\u00e1k a forr\u00f3 fest\u0151anyagban, tiszt\u00edt\u00f3szerk\u00e9nt, rozsdaelt\u00e1vol\u00edt\u00f3k\u00e9nt, galvaniz\u00e1l\u00e1sk\u00e9nt is haszn\u00e1lhat\u00f3, kiv\u00e1l\u00f3 korr\u00f3zi\u00f3g\u00e1tl\u00e1sk\u00e9nt is haszn\u00e1lhat\u00f3 a br\u00f3ms\u00f3 kit\u00f6lt\u0151 folyad\u00e9kban a k\u0151olajkutat\u00e1sban.<\/h4>\n<\/div>\n<h2>CAS 126-97-6 Csomagol\u00e1si specifik\u00e1ci\u00f3<\/h2>\n<h4>250 kg\/m\u0171anyagdob, az \u00fcgyf\u00e9l ig\u00e9nyei szerint is csomagolhat\u00f3.<\/h4>\n<h2><strong>Egy\u00e9b n\u00e9v:\u00a0<\/strong><\/h2>\n<p>Tioglikol\u00e1t-MEA;<\/p>\n<p>2-hidroxietil)amm\u00f3nium-merkaptoacet\u00e1t;<\/p>\n<p>Monoetanolamin-tioglikol\u00e1t;<\/p>\n<p>2-hidroxietanaminium-szulfanylacet\u00e1t;<\/p>\n<h2><strong><b>L\u00e9pjen kapcsolatba vel\u00fcnk most!<\/b><\/strong><\/h2>\n<h4><strong><b>\u00e1ltal\u00e1ban 24 \u00f3r\u00e1n bel\u00fcl felvessz\u00fck \u00d6nnel a kapcsolatot. \u00d6n is k\u00fcldhet nekem e-mailt <span style=\"color: #00ccff;\"><a style=\"color: #00ccff;\" href=\"mailto:info@longchangchemical.com\">info@longchangchemical.com<\/a><\/span> munkaid\u0151ben ( 8:30-18:00 UTC+8 H.-Szombat ) vagy haszn\u00e1lja a weboldal \u00e9l\u0151 chatj\u00e9t, hogy azonnali v\u00e1laszt kapjon.<\/b><\/strong><\/h4>","protected":false},"excerpt":{"rendered":"<h4>Term\u00e9k neve: Etanolamin-tioglikol\u00e1t<\/h4>\n<h4>CAS-sz\u00e1m: 126-97-6<\/h4>\n<h4>Molekul\u00e1ris k\u00e9plet: HSCH2COOH.NH2CH2CH2CH2OH<\/h4>\n<h4>MW: 153.2<\/h4>\n<h4>Megjelen\u00e9s: sz\u00edntelen, \u00e1tl\u00e1tsz\u00f3 folyad\u00e9k.<\/h4>","protected":false},"featured_media":3479,"comment_status":"open","ping_status":"closed","template":"","meta":[],"product_brand":[],"product_cat":[135],"product_tag":[],"class_list":{"0":"post-3478","1":"product","2":"type-product","3":"status-publish","4":"has-post-thumbnail","6":"product_cat-santicor-corrosion-inhibitor","8":"first","9":"instock","10":"shipping-taxable","11":"product-type-simple"},"yoast_head":"<!-- This site is optimized with the Yoast SEO plugin v25.3.1 - https:\/\/yoast.com\/wordpress\/plugins\/seo\/ -->\n<title>China Ethanolamine Thioglycolate CAS 126-97-6 manufacturer and supplier - Longchang Chemical<\/title>\n<meta name=\"description\" content=\"Longchang Chemical is a leading manufacturer and supplier of Ethanolamine Thioglycolate CAS 126-97-6 in China. Buy Ethanolamine Thioglycolate in china. We can provide the best Ethanolamine Thioglycolate price. Other Name:\u00a0Thioglycolate-MEA;2-hydroxyethyl)ammonium mercaptoacetate;\u00a0Monoethanolamine thioglycolate;\u00a02-hydroxyethanaminium sulfanylacetate;\u00a0\" \/>\n<meta name=\"robots\" content=\"index, follow, max-snippet:-1, max-image-preview:large, max-video-preview:-1\" \/>\n<link rel=\"canonical\" href=\"https:\/\/longchangchemical.com\/hu\/product\/ethanolamine-thioglycolate-cas-126-97-6\/\" \/>\n<meta property=\"og:locale\" content=\"hu_HU\" \/>\n<meta property=\"og:type\" content=\"article\" \/>\n<meta property=\"og:title\" content=\"China Ethanolamine Thioglycolate CAS 126-97-6 manufacturer and supplier - Longchang Chemical\" \/>\n<meta property=\"og:description\" content=\"Longchang Chemical is a leading manufacturer and supplier of Ethanolamine Thioglycolate CAS 126-97-6 in China. Buy Ethanolamine Thioglycolate in china. We can provide the best Ethanolamine Thioglycolate price. Other Name:\u00a0Thioglycolate-MEA;2-hydroxyethyl)ammonium mercaptoacetate;\u00a0Monoethanolamine thioglycolate;\u00a02-hydroxyethanaminium sulfanylacetate;\u00a0\" \/>\n<meta property=\"og:url\" content=\"https:\/\/longchangchemical.com\/hu\/product\/ethanolamine-thioglycolate-cas-126-97-6\/\" \/>\n<meta property=\"og:site_name\" content=\"Longchang Chemical\" \/>\n<meta property=\"article:modified_time\" content=\"2024-08-01T05:35:51+00:00\" \/>\n<meta property=\"og:image\" content=\"https:\/\/longchangchemical.com\/wp-content\/uploads\/2020\/12\/Ethanolamine-Thioglycolate-Appearance.jpg\" \/>\n\t<meta property=\"og:image:width\" content=\"600\" \/>\n\t<meta property=\"og:image:height\" content=\"800\" \/>\n\t<meta property=\"og:image:type\" content=\"image\/jpeg\" \/>\n<meta name=\"twitter:card\" content=\"summary_large_image\" \/>\n<script type=\"application\/ld+json\" class=\"yoast-schema-graph\">{\"@context\":\"https:\/\/schema.org\",\"@graph\":[{\"@type\":\"WebPage\",\"@id\":\"https:\/\/longchangchemical.com\/product\/ethanolamine-thioglycolate-cas-126-97-6\/\",\"url\":\"https:\/\/longchangchemical.com\/product\/ethanolamine-thioglycolate-cas-126-97-6\/\",\"name\":\"China Ethanolamine Thioglycolate CAS 126-97-6 manufacturer and supplier - Longchang Chemical\",\"isPartOf\":{\"@id\":\"https:\/\/longchangchemical.com\/#website\"},\"primaryImageOfPage\":{\"@id\":\"https:\/\/longchangchemical.com\/product\/ethanolamine-thioglycolate-cas-126-97-6\/#primaryimage\"},\"image\":{\"@id\":\"https:\/\/longchangchemical.com\/product\/ethanolamine-thioglycolate-cas-126-97-6\/#primaryimage\"},\"thumbnailUrl\":\"https:\/\/longchangchemical.com\/wp-content\/uploads\/2020\/12\/Ethanolamine-Thioglycolate-Appearance.jpg\",\"datePublished\":\"2020-12-22T12:07:06+00:00\",\"dateModified\":\"2024-08-01T05:35:51+00:00\",\"description\":\"Longchang Chemical is a leading manufacturer and supplier of Ethanolamine Thioglycolate CAS 126-97-6 in China. Buy Ethanolamine Thioglycolate in china. We can provide the best Ethanolamine Thioglycolate price. Other Name:\u00a0Thioglycolate-MEA;2-hydroxyethyl)ammonium mercaptoacetate;\u00a0Monoethanolamine thioglycolate;\u00a02-hydroxyethanaminium sulfanylacetate;\u00a0\",\"breadcrumb\":{\"@id\":\"https:\/\/longchangchemical.com\/product\/ethanolamine-thioglycolate-cas-126-97-6\/#breadcrumb\"},\"inLanguage\":\"hu\",\"potentialAction\":[{\"@type\":\"ReadAction\",\"target\":[\"https:\/\/longchangchemical.com\/product\/ethanolamine-thioglycolate-cas-126-97-6\/\"]}]},{\"@type\":\"ImageObject\",\"inLanguage\":\"hu\",\"@id\":\"https:\/\/longchangchemical.com\/product\/ethanolamine-thioglycolate-cas-126-97-6\/#primaryimage\",\"url\":\"https:\/\/longchangchemical.com\/wp-content\/uploads\/2020\/12\/Ethanolamine-Thioglycolate-Appearance.jpg\",\"contentUrl\":\"https:\/\/longchangchemical.com\/wp-content\/uploads\/2020\/12\/Ethanolamine-Thioglycolate-Appearance.jpg\",\"width\":600,\"height\":800,\"caption\":\"Ethanolamine Thioglycolate Appearance\"},{\"@type\":\"BreadcrumbList\",\"@id\":\"https:\/\/longchangchemical.com\/product\/ethanolamine-thioglycolate-cas-126-97-6\/#breadcrumb\",\"itemListElement\":[{\"@type\":\"ListItem\",\"position\":1,\"name\":\"Home\",\"item\":\"https:\/\/longchangchemical.com\/\"},{\"@type\":\"ListItem\",\"position\":2,\"name\":\"Products Longchang\",\"item\":\"https:\/\/longchangchemical.com\/product\/\"},{\"@type\":\"ListItem\",\"position\":3,\"name\":\"CAS 126-97-6\"}]},{\"@type\":\"WebSite\",\"@id\":\"https:\/\/longchangchemical.com\/#website\",\"url\":\"https:\/\/longchangchemical.com\/\",\"name\":\"Longchang Chemical\",\"description\":\"China chemical manufacturer \uff06 supplier\",\"publisher\":{\"@id\":\"https:\/\/longchangchemical.com\/#organization\"},\"potentialAction\":[{\"@type\":\"SearchAction\",\"target\":{\"@type\":\"EntryPoint\",\"urlTemplate\":\"https:\/\/longchangchemical.com\/?s={search_term_string}\"},\"query-input\":{\"@type\":\"PropertyValueSpecification\",\"valueRequired\":true,\"valueName\":\"search_term_string\"}}],\"inLanguage\":\"hu\"},{\"@type\":\"Organization\",\"@id\":\"https:\/\/longchangchemical.com\/#organization\",\"name\":\"Longchang Chemical\",\"url\":\"https:\/\/longchangchemical.com\/\",\"logo\":{\"@type\":\"ImageObject\",\"inLanguage\":\"hu\",\"@id\":\"https:\/\/longchangchemical.com\/#\/schema\/logo\/image\/\",\"url\":\"https:\/\/longchangchemical.com\/wp-content\/uploads\/2020\/08\/cropped-longchang-logo.png\",\"contentUrl\":\"https:\/\/longchangchemical.com\/wp-content\/uploads\/2020\/08\/cropped-longchang-logo.png\",\"width\":512,\"height\":512,\"caption\":\"Longchang Chemical\"},\"image\":{\"@id\":\"https:\/\/longchangchemical.com\/#\/schema\/logo\/image\/\"}}]}<\/script>\n<!-- \/ Yoast SEO plugin. -->","yoast_head_json":{"title":"K\u00edna etanolamin tioglikol\u00e1t CAS 126-97-6 gy\u00e1rt\u00f3 \u00e9s sz\u00e1ll\u00edt\u00f3 - Longchang Chemical","description":"A Longchang Chemical vezet\u0151 gy\u00e1rt\u00f3ja \u00e9s sz\u00e1ll\u00edt\u00f3ja az etanolamin-tioglikol\u00e1t CAS 126-97-6 K\u00edn\u00e1ban. V\u00e1s\u00e1roljon etanolamin-tioglikol\u00e1tot K\u00edn\u00e1ban. A legjobb etanolamin-tioglikol\u00e1t \u00e1rat tudjuk biztos\u00edtani. M\u00e1s n\u00e9v: Monoetanolamin-tioglikol\u00e1t; 2-hidroxietil-)amm\u00f3nium-merkaptoacet\u00e1t; Monoetanolamin-tioglikol\u00e1t; 2-hidroxietanaminium-szulfanylacet\u00e1t;\u00a0","robots":{"index":"index","follow":"follow","max-snippet":"max-snippet:-1","max-image-preview":"max-image-preview:large","max-video-preview":"max-video-preview:-1"},"canonical":"https:\/\/longchangchemical.com\/hu\/product\/ethanolamine-thioglycolate-cas-126-97-6\/","og_locale":"hu_HU","og_type":"article","og_title":"China Ethanolamine Thioglycolate CAS 126-97-6 manufacturer and supplier - Longchang Chemical","og_description":"Longchang Chemical is a leading manufacturer and supplier of Ethanolamine Thioglycolate CAS 126-97-6 in China. Buy Ethanolamine Thioglycolate in china. We can provide the best Ethanolamine Thioglycolate price. Other Name:\u00a0Thioglycolate-MEA;2-hydroxyethyl)ammonium mercaptoacetate;\u00a0Monoethanolamine thioglycolate;\u00a02-hydroxyethanaminium sulfanylacetate;\u00a0","og_url":"https:\/\/longchangchemical.com\/hu\/product\/ethanolamine-thioglycolate-cas-126-97-6\/","og_site_name":"Longchang Chemical","article_modified_time":"2024-08-01T05:35:51+00:00","og_image":[{"width":600,"height":800,"url":"https:\/\/longchangchemical.com\/wp-content\/uploads\/2020\/12\/Ethanolamine-Thioglycolate-Appearance.jpg","type":"image\/jpeg"}],"twitter_card":"summary_large_image","schema":{"@context":"https:\/\/schema.org","@graph":[{"@type":"WebPage","@id":"https:\/\/longchangchemical.com\/product\/ethanolamine-thioglycolate-cas-126-97-6\/","url":"https:\/\/longchangchemical.com\/product\/ethanolamine-thioglycolate-cas-126-97-6\/","name":"K\u00edna etanolamin tioglikol\u00e1t CAS 126-97-6 gy\u00e1rt\u00f3 \u00e9s sz\u00e1ll\u00edt\u00f3 - Longchang Chemical","isPartOf":{"@id":"https:\/\/longchangchemical.com\/#website"},"primaryImageOfPage":{"@id":"https:\/\/longchangchemical.com\/product\/ethanolamine-thioglycolate-cas-126-97-6\/#primaryimage"},"image":{"@id":"https:\/\/longchangchemical.com\/product\/ethanolamine-thioglycolate-cas-126-97-6\/#primaryimage"},"thumbnailUrl":"https:\/\/longchangchemical.com\/wp-content\/uploads\/2020\/12\/Ethanolamine-Thioglycolate-Appearance.jpg","datePublished":"2020-12-22T12:07:06+00:00","dateModified":"2024-08-01T05:35:51+00:00","description":"A Longchang Chemical vezet\u0151 gy\u00e1rt\u00f3ja \u00e9s sz\u00e1ll\u00edt\u00f3ja az etanolamin-tioglikol\u00e1t CAS 126-97-6 K\u00edn\u00e1ban. V\u00e1s\u00e1roljon etanolamin-tioglikol\u00e1tot K\u00edn\u00e1ban. A legjobb etanolamin-tioglikol\u00e1t \u00e1rat tudjuk biztos\u00edtani. M\u00e1s n\u00e9v: Monoetanolamin-tioglikol\u00e1t; 2-hidroxietil-)amm\u00f3nium-merkaptoacet\u00e1t; Monoetanolamin-tioglikol\u00e1t; 2-hidroxietanaminium-szulfanylacet\u00e1t;\u00a0","breadcrumb":{"@id":"https:\/\/longchangchemical.com\/product\/ethanolamine-thioglycolate-cas-126-97-6\/#breadcrumb"},"inLanguage":"hu","potentialAction":[{"@type":"ReadAction","target":["https:\/\/longchangchemical.com\/product\/ethanolamine-thioglycolate-cas-126-97-6\/"]}]},{"@type":"ImageObject","inLanguage":"hu","@id":"https:\/\/longchangchemical.com\/product\/ethanolamine-thioglycolate-cas-126-97-6\/#primaryimage","url":"https:\/\/longchangchemical.com\/wp-content\/uploads\/2020\/12\/Ethanolamine-Thioglycolate-Appearance.jpg","contentUrl":"https:\/\/longchangchemical.com\/wp-content\/uploads\/2020\/12\/Ethanolamine-Thioglycolate-Appearance.jpg","width":600,"height":800,"caption":"Ethanolamine Thioglycolate Appearance"},{"@type":"BreadcrumbList","@id":"https:\/\/longchangchemical.com\/product\/ethanolamine-thioglycolate-cas-126-97-6\/#breadcrumb","itemListElement":[{"@type":"ListItem","position":1,"name":"Home","item":"https:\/\/longchangchemical.com\/"},{"@type":"ListItem","position":2,"name":"Products Longchang","item":"https:\/\/longchangchemical.com\/product\/"},{"@type":"ListItem","position":3,"name":"CAS 126-97-6"}]},{"@type":"WebSite","@id":"https:\/\/longchangchemical.com\/#website","url":"https:\/\/longchangchemical.com\/","name":"Longchang Chemical","description":"K\u00edna k\u00e9miai gy\u00e1rt\u00f3 \uff06 sz\u00e1ll\u00edt\u00f3","publisher":{"@id":"https:\/\/longchangchemical.com\/#organization"},"potentialAction":[{"@type":"SearchAction","target":{"@type":"EntryPoint","urlTemplate":"https:\/\/longchangchemical.com\/?s={search_term_string}"},"query-input":{"@type":"PropertyValueSpecification","valueRequired":true,"valueName":"search_term_string"}}],"inLanguage":"hu"},{"@type":"Organization","@id":"https:\/\/longchangchemical.com\/#organization","name":"Longchang Chemical","url":"https:\/\/longchangchemical.com\/","logo":{"@type":"ImageObject","inLanguage":"hu","@id":"https:\/\/longchangchemical.com\/#\/schema\/logo\/image\/","url":"https:\/\/longchangchemical.com\/wp-content\/uploads\/2020\/08\/cropped-longchang-logo.png","contentUrl":"https:\/\/longchangchemical.com\/wp-content\/uploads\/2020\/08\/cropped-longchang-logo.png","width":512,"height":512,"caption":"Longchang Chemical"},"image":{"@id":"https:\/\/longchangchemical.com\/#\/schema\/logo\/image\/"}}]}},"_links":{"self":[{"href":"https:\/\/longchangchemical.com\/hu\/wp-json\/wp\/v2\/product\/3478","targetHints":{"allow":["GET"]}}],"collection":[{"href":"https:\/\/longchangchemical.com\/hu\/wp-json\/wp\/v2\/product"}],"about":[{"href":"https:\/\/longchangchemical.com\/hu\/wp-json\/wp\/v2\/types\/product"}],"replies":[{"embeddable":true,"href":"https:\/\/longchangchemical.com\/hu\/wp-json\/wp\/v2\/comments?post=3478"}],"wp:featuredmedia":[{"embeddable":true,"href":"https:\/\/longchangchemical.com\/hu\/wp-json\/wp\/v2\/media\/3479"}],"wp:attachment":[{"href":"https:\/\/longchangchemical.com\/hu\/wp-json\/wp\/v2\/media?parent=3478"}],"wp:term":[{"taxonomy":"product_brand","embeddable":true,"href":"https:\/\/longchangchemical.com\/hu\/wp-json\/wp\/v2\/product_brand?post=3478"},{"taxonomy":"product_cat","embeddable":true,"href":"https:\/\/longchangchemical.com\/hu\/wp-json\/wp\/v2\/product_cat?post=3478"},{"taxonomy":"product_tag","embeddable":true,"href":"https:\/\/longchangchemical.com\/hu\/wp-json\/wp\/v2\/product_tag?post=3478"}],"curies":[{"name":"wp","href":"https:\/\/api.w.org\/{rel}","templated":true}]}}