{"id":3456,"date":"2020-12-08T05:48:04","date_gmt":"2020-12-08T05:48:04","guid":{"rendered":"https:\/\/longchangchemical.com\/?post_type=product&#038;p=3456"},"modified":"2026-05-08T02:59:27","modified_gmt":"2026-05-08T02:59:27","slug":"sodium-thioglycolate-cas-367-51-1","status":"publish","type":"product","link":"https:\/\/longchangchemical.com\/hu\/product\/sodium-thioglycolate-cas-367-51-1\/","title":{"rendered":"N\u00e1trium-tioglikol\u00e1t CAS 367-51-1"},"content":{"rendered":"<h2><strong>N\u00e1trium-tioglikol\u00e1t CAS 367-51-1<\/strong><\/h2>\n<table class=\"table-1\" cellspacing=\"0\">\n<tbody>\n<tr>\n<td>\n<h4>Olvad\u00e1spont<\/h4>\n<\/td>\n<td>\n<h4>&gt;300 \u00b0C(lit.)<\/h4>\n<\/td>\n<\/tr>\n<tr>\n<td>\n<h4>V\u00edzoldhat\u00f3s\u00e1g<\/h4>\n<\/td>\n<td>\n<h4>609,1 g\/l<\/h4>\n<\/td>\n<\/tr>\n<tr>\n<td>\n<h4>Megjelen\u00e9s<\/h4>\n<\/td>\n<td>\n<h4>Vil\u00e1goss\u00e1rg\u00e1t\u00f3l a s\u00f6t\u00e9tv\u00f6r\u00f6sig terjed\u0151 folyad\u00e9k<\/h4>\n<\/td>\n<\/tr>\n<tr>\n<td>\n<h4>Tisztas\u00e1g<\/h4>\n<\/td>\n<td>\n<h4>40%min<\/h4>\n<\/td>\n<\/tr>\n<tr>\n<td>\n<h4>Stabilit\u00e1s<\/h4>\n<\/td>\n<td>\n<h4>stabil<\/h4>\n<\/td>\n<\/tr>\n<\/tbody>\n<\/table>\n<p>&nbsp;<\/p>\n<h2>Milyen t\u00edpus\u00fa gy\u00f3gyszer a n\u00e1trium-tioglikol\u00e1t?<\/h2>\n<h4>A n\u00e1trium-tioglikol\u00e1t (TGA) fontos flot\u00e1ci\u00f3s inhibitor. A r\u00e9z\u00e1sv\u00e1nyok \u00e9s a pirit g\u00e1tl\u00f3jak\u00e9nt haszn\u00e1lj\u00e1k a r\u00e9z-molibd\u00e9n\u00e9rc flot\u00e1ci\u00f3j\u00e1ban. Nyilv\u00e1nval\u00f3 g\u00e1tl\u00f3 hat\u00e1sa van a r\u00e9zre, a k\u00e9nre \u00e9s m\u00e1s \u00e1sv\u00e1nyokra, \u00e9s hat\u00e9konyan jav\u00edthatja a molibd\u00e9nkoncentr\u00e1tum min\u0151s\u00e9g\u00e9t. A n\u00e1trium-tioglikol\u00e1tot mint az \u00faj t\u00edpus\u00fa szulfidos \u00e9rcek hat\u00e9kony inhibitor\u00e1t m\u00e1r \u00e9vek \u00f3ta sikeresen haszn\u00e1lj\u00e1k a molibd\u00e9ngy\u00e1rt\u00e1sban, \u00e9s teljesen felv\u00e1ltotta a rendk\u00edv\u00fcl m\u00e9rgez\u0151 n\u00e1trium-cianid inhibitort.<\/h4>\n<h2><strong>N\u00e1trium-tioglikol\u00e1t Haszn\u00e1lat<\/strong><\/h2>\n<h4>1. A r\u00e9z-\u00f3lom elv\u00e1laszt\u00e1s alkalmaz\u00e1sakor a n\u00e1trium-tioglikol\u00e1t, mint nem m\u00e9rgez\u0151, kis molekul\u00e1j\u00fa inhibitor, j\u00f3 g\u00e1tl\u00f3 hat\u00e1ssal van a kalcopiritre, \u00e9s a r\u00e9z-\u00f3lom vegyes koncentr\u00e1tum elv\u00e1laszt\u00e1si folyamat\u00e1ban haszn\u00e1lhat\u00f3 a r\u00e9z \u00e9s az \u00f3lom elv\u00e1laszt\u00e1s\u00e1nak el\u00e9r\u00e9se \u00e9rdek\u00e9ben. A r\u00e9z-\u00f3lom vegyes koncentr\u00e1tum drogmentes\u00edt\u0151 hat\u00e1sa, a gy\u0171jt\u0151 t\u00edpusa \u00e9s adagol\u00e1sa az elv\u00e1laszt\u00e1s sor\u00e1n, a p\u00e9p pH-\u00e9rt\u00e9ke, a n\u00e1trium-tioglikol\u00e1t adagol\u00e1sa \u00e9s egy\u00e9b t\u00e9nyez\u0151k fontos hat\u00e1ssal vannak a r\u00e9z-\u00f3lom elv\u00e1laszt\u00f3 hat\u00e1s\u00e1ra, de a n\u00e1trium-tioglikol\u00e1t adagol\u00e1sa A legfontosabb befoly\u00e1sol\u00f3 t\u00e9nyez\u0151 az, hogy ha az adagol\u00e1s megfelel\u0151, a r\u00e9z \u00e9s az \u00f3lom elv\u00e1laszt\u00e1sa jobban el\u00e9rhet\u0151. Ha az adagol\u00e1s t\u00fal nagy, a n\u00e1trium-tioglikol\u00e1t g\u00e1tl\u00f3 hat\u00e1ssal van mindkett\u0151re. G\u00e1tl\u00e1si mechanizmus: Az infrav\u00f6r\u00f6s spektrumg\u00f6rbe a n\u00e1trium-tioglikol\u00e1t hat\u00e1sa ut\u00e1n a kalkopirittel \u00e9s a galenittel kett\u00e9v\u00e1lik \u00e9s eltol\u00f3dik, \u00e9s vannak szimmetrikus \u00e9s aszimmetrikus ny\u00fajt\u00e1si rezg\u00e9s abszorpci\u00f3s v\u00f6lgyek a-CH2 \u00e9s aszimmetrikus ny\u00fajt\u00e1si rezg\u00e9s a-COO- Abszorbe\u00e1lja a v\u00f6lgyet \u00e9s \u00edgy tov\u00e1bb. Az infrav\u00f6r\u00f6s spektrumg\u00f6rb\u00e9n a mos\u00e1s ut\u00e1n ezeknek a jellegzetes csoportoknak az abszorpci\u00f3s v\u00f6lgye gyeng\u00e9v\u00e9 v\u00e1lt, de nem t\u0171nt el teljesen, ami bizony\u00edtotta, hogy a n\u00e1trium-tioglikol\u00e1t fizikai adszorpci\u00f3ja \u00e9s k\u00e9miai adszorpci\u00f3ja a kalkopirit \u00e9s a gal\u00e9n fel\u00fclet\u00e9n egyidej\u0171leg l\u00e9tezett.<\/h4>\n<h4>2. Aktiv\u00e1lja a szfaleritet r\u00e9z-szulf\u00e1ttal magas pH-\u00e9rt\u00e9k\u0171 iszapban, haszn\u00e1ljon meszet a pirrit \u00e9s a pirit inhibitorak\u00e9nt, kieg\u00e9sz\u00edtve n\u00e1trium-tioglikol\u00e1ttal, amely hat\u00e9konyan k\u00e9pes el\u00e9rni a cink-k\u00e9n elv\u00e1laszt\u00e1st. Az ipari termel\u00e9si k\u00eds\u00e9rletek 45,10 % cinkkoncentr\u00e1tumot \u00e9rtek el, a m\u0171k\u00f6d\u00e9si visszanyer\u00e9si ar\u00e1ny 94,39%. A n\u00e1trium-tioglikol\u00e1t m\u00e9rs\u00e9kelten m\u00e9rgez\u0151 szer, amely j\u00f3 g\u00e1tl\u00f3 hat\u00e1ssal van a piritre \u00e9s a pirritre. Teljesen helyettes\u00edtheti az er\u0151sen m\u00e9rgez\u0151 cianidot, \u00e9s megval\u00f3s\u00edthatja a cink-k\u00e9n nem cianid sz\u00e9tv\u00e1laszt\u00e1si folyamatot, amely nemcsak a cinkkoncentr\u00e1tumot garant\u00e1lja A termel\u00e9si mutat\u00f3k a min\u0151s\u00e9g \u00e9s a visszanyer\u00e9si ar\u00e1ny megfelel a nemzeti k\u00f6rnyezetv\u00e9delmi k\u00f6vetelm\u00e9nyeknek. A n\u00e1trium-tioglikol\u00e1tnak kev\u00e9s g\u00e1tl\u00f3 hat\u00e1sa van a szfaleritre. A n\u00e1trium-tioglikol\u00e1t haszn\u00e1lata \u00f3ta j\u00f3 termel\u00e9si mutat\u00f3t tart fenn.<\/h4>\n<p>&nbsp;<\/p>\n<h2><strong>N\u00e1trium-tioglikol\u00e1t Csomagol\u00e1s \u00e9s sz\u00e1ll\u00edt\u00e1s<\/strong><\/h2>\n<h4>Csomagol\u00e1s: 200kg\/dob<\/h4>\n<p>&nbsp;<\/p>\n<h2><strong>N\u00e1trium-tioglikol\u00e1t T\u00e1rol\u00e1s<\/strong><\/h2>\n<h4>Lez\u00e1rt tart\u00e1lyban, s\u00f6t\u00e9t helyen t\u00e1roljuk.<\/h4>\n<p>&nbsp;<\/p>\n<h2><strong><b>L\u00e9pjen kapcsolatba vel\u00fcnk most!<\/b><\/strong><\/h2>\n<h4><strong><b>Egyedi szolg\u00e1ltat\u00e1sokat ny\u00fajtunk, \u00e1ltal\u00e1ban 24 \u00f3r\u00e1n bel\u00fcl felvessz\u00fck \u00d6nnel a kapcsolatot. A munkaid\u0151ben ( 8:30-18:00 UTC+8 H.~Szombat ) az info@longchangchemical.com e-mail c\u00edmen is k\u00fcldhet e-mailt, vagy haszn\u00e1lhatja a weboldal \u00e9l\u0151 chatj\u00e9t, hogy gyors v\u00e1laszt kapjon.<\/b><\/strong><\/h4>","protected":false},"excerpt":{"rendered":"<h4>K\u00e9miai n\u00e9v: N\u00e1trium-tioglikol\u00e1t<\/h4>\n<h4>CAS-sz\u00e1m: 367-51-1<\/h4>\n<h4>Molekul\u00e1ris k\u00e9plet: C2H3NaO2S<\/h4>\n<h4>Molekulat\u00f6meg: 114,1<\/h4>\n<h4>Molekulaszerkezet:<img decoding=\"async\" title=\"N\u00e1trium-tioglikol\u00e1t Szerkezet\" src=\"https:\/\/www.longchangchemical.com\/wp-content\/uploads\/product-details\/20200610177202.png\" alt=\"N\u00e1trium-tioglikol\u00e1t Szerkezet\" width=\"112\" height=\"45\" border=\"0\" vspace=\"0\" \/><\/h4>\n<h4>Megjelen\u00e9s: Vil\u00e1goss\u00e1rga folyad\u00e9k<\/h4>","protected":false},"featured_media":3457,"comment_status":"open","ping_status":"closed","template":"","meta":[],"product_brand":[],"product_cat":[69],"product_tag":[],"class_list":{"0":"post-3456","1":"product","2":"type-product","3":"status-publish","4":"has-post-thumbnail","6":"product_cat-catalysts-chemical-auxiliary-agents","8":"first","9":"instock","10":"shipping-taxable","11":"product-type-simple"},"yoast_head":"<!-- This site is optimized with the Yoast SEO plugin v25.3.1 - https:\/\/yoast.com\/wordpress\/plugins\/seo\/ -->\n<title>China Sodium thioglycolate CAS 367-51-1 manufacturer and supplier - Longchang Chemical<\/title>\n<meta name=\"description\" content=\"Longchang Chemical is a leading manufacturer and supplier of Sodium thioglycolate in China. Buy Sodium thioglycolate in china. We can provide the best Sodium thioglycolate price.\" \/>\n<meta name=\"robots\" content=\"index, follow, max-snippet:-1, max-image-preview:large, max-video-preview:-1\" \/>\n<link rel=\"canonical\" href=\"https:\/\/longchangchemical.com\/hu\/product\/sodium-thioglycolate-cas-367-51-1\/\" \/>\n<meta property=\"og:locale\" content=\"hu_HU\" \/>\n<meta property=\"og:type\" content=\"article\" \/>\n<meta property=\"og:title\" content=\"China Sodium thioglycolate CAS 367-51-1 manufacturer and supplier - Longchang Chemical\" \/>\n<meta property=\"og:description\" content=\"Longchang Chemical is a leading manufacturer and supplier of Sodium thioglycolate in China. Buy Sodium thioglycolate in china. We can provide the best Sodium thioglycolate price.\" \/>\n<meta property=\"og:url\" content=\"https:\/\/longchangchemical.com\/hu\/product\/sodium-thioglycolate-cas-367-51-1\/\" \/>\n<meta property=\"og:site_name\" content=\"Longchang Chemical\" \/>\n<meta property=\"article:modified_time\" content=\"2026-05-08T02:59:27+00:00\" \/>\n<meta property=\"og:image\" content=\"https:\/\/longchangchemical.com\/wp-content\/uploads\/2020\/12\/Sodium-thioglycolate-Appearance.jpg\" \/>\n\t<meta property=\"og:image:width\" content=\"600\" \/>\n\t<meta property=\"og:image:height\" content=\"800\" \/>\n\t<meta property=\"og:image:type\" content=\"image\/jpeg\" \/>\n<meta name=\"twitter:card\" content=\"summary_large_image\" \/>\n<script type=\"application\/ld+json\" class=\"yoast-schema-graph\">{\"@context\":\"https:\/\/schema.org\",\"@graph\":[{\"@type\":\"WebPage\",\"@id\":\"https:\/\/longchangchemical.com\/product\/sodium-thioglycolate-cas-367-51-1\/\",\"url\":\"https:\/\/longchangchemical.com\/product\/sodium-thioglycolate-cas-367-51-1\/\",\"name\":\"China Sodium thioglycolate CAS 367-51-1 manufacturer and supplier - Longchang Chemical\",\"isPartOf\":{\"@id\":\"https:\/\/longchangchemical.com\/#website\"},\"primaryImageOfPage\":{\"@id\":\"https:\/\/longchangchemical.com\/product\/sodium-thioglycolate-cas-367-51-1\/#primaryimage\"},\"image\":{\"@id\":\"https:\/\/longchangchemical.com\/product\/sodium-thioglycolate-cas-367-51-1\/#primaryimage\"},\"thumbnailUrl\":\"https:\/\/longchangchemical.com\/wp-content\/uploads\/2020\/12\/Sodium-thioglycolate-Appearance.jpg\",\"datePublished\":\"2020-12-08T05:48:04+00:00\",\"dateModified\":\"2026-05-08T02:59:27+00:00\",\"description\":\"Longchang Chemical is a leading manufacturer and supplier of Sodium thioglycolate in China. Buy Sodium thioglycolate in china. We can provide the best Sodium thioglycolate price.\",\"breadcrumb\":{\"@id\":\"https:\/\/longchangchemical.com\/product\/sodium-thioglycolate-cas-367-51-1\/#breadcrumb\"},\"inLanguage\":\"hu\",\"potentialAction\":[{\"@type\":\"ReadAction\",\"target\":[\"https:\/\/longchangchemical.com\/product\/sodium-thioglycolate-cas-367-51-1\/\"]}]},{\"@type\":\"ImageObject\",\"inLanguage\":\"hu\",\"@id\":\"https:\/\/longchangchemical.com\/product\/sodium-thioglycolate-cas-367-51-1\/#primaryimage\",\"url\":\"https:\/\/longchangchemical.com\/wp-content\/uploads\/2020\/12\/Sodium-thioglycolate-Appearance.jpg\",\"contentUrl\":\"https:\/\/longchangchemical.com\/wp-content\/uploads\/2020\/12\/Sodium-thioglycolate-Appearance.jpg\",\"width\":600,\"height\":800,\"caption\":\"Sodium thioglycolate Appearance\"},{\"@type\":\"BreadcrumbList\",\"@id\":\"https:\/\/longchangchemical.com\/product\/sodium-thioglycolate-cas-367-51-1\/#breadcrumb\",\"itemListElement\":[{\"@type\":\"ListItem\",\"position\":1,\"name\":\"Home\",\"item\":\"https:\/\/longchangchemical.com\/\"},{\"@type\":\"ListItem\",\"position\":2,\"name\":\"Products Longchang\",\"item\":\"https:\/\/longchangchemical.com\/product\/\"},{\"@type\":\"ListItem\",\"position\":3,\"name\":\"Sodium thioglycolate CAS 367-51-1\"}]},{\"@type\":\"WebSite\",\"@id\":\"https:\/\/longchangchemical.com\/#website\",\"url\":\"https:\/\/longchangchemical.com\/\",\"name\":\"Longchang Chemical\",\"description\":\"China chemical manufacturer \uff06 supplier\",\"publisher\":{\"@id\":\"https:\/\/longchangchemical.com\/#organization\"},\"potentialAction\":[{\"@type\":\"SearchAction\",\"target\":{\"@type\":\"EntryPoint\",\"urlTemplate\":\"https:\/\/longchangchemical.com\/?s={search_term_string}\"},\"query-input\":{\"@type\":\"PropertyValueSpecification\",\"valueRequired\":true,\"valueName\":\"search_term_string\"}}],\"inLanguage\":\"hu\"},{\"@type\":\"Organization\",\"@id\":\"https:\/\/longchangchemical.com\/#organization\",\"name\":\"Longchang Chemical\",\"url\":\"https:\/\/longchangchemical.com\/\",\"logo\":{\"@type\":\"ImageObject\",\"inLanguage\":\"hu\",\"@id\":\"https:\/\/longchangchemical.com\/#\/schema\/logo\/image\/\",\"url\":\"https:\/\/longchangchemical.com\/wp-content\/uploads\/2020\/08\/cropped-longchang-logo.png\",\"contentUrl\":\"https:\/\/longchangchemical.com\/wp-content\/uploads\/2020\/08\/cropped-longchang-logo.png\",\"width\":512,\"height\":512,\"caption\":\"Longchang Chemical\"},\"image\":{\"@id\":\"https:\/\/longchangchemical.com\/#\/schema\/logo\/image\/\"}}]}<\/script>\n<!-- \/ Yoast SEO plugin. -->","yoast_head_json":{"title":"K\u00edna n\u00e1trium-tioglikol\u00e1t CAS 367-51-1 gy\u00e1rt\u00f3 \u00e9s sz\u00e1ll\u00edt\u00f3 - Longchang Chemical","description":"A Longchang Chemical vezet\u0151 gy\u00e1rt\u00f3ja \u00e9s sz\u00e1ll\u00edt\u00f3ja a n\u00e1trium-tioglikol\u00e1tnak K\u00edn\u00e1ban. V\u00e1s\u00e1roljon n\u00e1trium-tioglikol\u00e1tot K\u00edn\u00e1ban. A legjobb n\u00e1trium-tioglikol\u00e1t \u00e1rat tudjuk biztos\u00edtani.","robots":{"index":"index","follow":"follow","max-snippet":"max-snippet:-1","max-image-preview":"max-image-preview:large","max-video-preview":"max-video-preview:-1"},"canonical":"https:\/\/longchangchemical.com\/hu\/product\/sodium-thioglycolate-cas-367-51-1\/","og_locale":"hu_HU","og_type":"article","og_title":"China Sodium thioglycolate CAS 367-51-1 manufacturer and supplier - Longchang Chemical","og_description":"Longchang Chemical is a leading manufacturer and supplier of Sodium thioglycolate in China. Buy Sodium thioglycolate in china. We can provide the best Sodium thioglycolate price.","og_url":"https:\/\/longchangchemical.com\/hu\/product\/sodium-thioglycolate-cas-367-51-1\/","og_site_name":"Longchang Chemical","article_modified_time":"2026-05-08T02:59:27+00:00","og_image":[{"width":600,"height":800,"url":"https:\/\/longchangchemical.com\/wp-content\/uploads\/2020\/12\/Sodium-thioglycolate-Appearance.jpg","type":"image\/jpeg"}],"twitter_card":"summary_large_image","schema":{"@context":"https:\/\/schema.org","@graph":[{"@type":"WebPage","@id":"https:\/\/longchangchemical.com\/product\/sodium-thioglycolate-cas-367-51-1\/","url":"https:\/\/longchangchemical.com\/product\/sodium-thioglycolate-cas-367-51-1\/","name":"K\u00edna n\u00e1trium-tioglikol\u00e1t CAS 367-51-1 gy\u00e1rt\u00f3 \u00e9s sz\u00e1ll\u00edt\u00f3 - Longchang Chemical","isPartOf":{"@id":"https:\/\/longchangchemical.com\/#website"},"primaryImageOfPage":{"@id":"https:\/\/longchangchemical.com\/product\/sodium-thioglycolate-cas-367-51-1\/#primaryimage"},"image":{"@id":"https:\/\/longchangchemical.com\/product\/sodium-thioglycolate-cas-367-51-1\/#primaryimage"},"thumbnailUrl":"https:\/\/longchangchemical.com\/wp-content\/uploads\/2020\/12\/Sodium-thioglycolate-Appearance.jpg","datePublished":"2020-12-08T05:48:04+00:00","dateModified":"2026-05-08T02:59:27+00:00","description":"A Longchang Chemical vezet\u0151 gy\u00e1rt\u00f3ja \u00e9s sz\u00e1ll\u00edt\u00f3ja a n\u00e1trium-tioglikol\u00e1tnak K\u00edn\u00e1ban. V\u00e1s\u00e1roljon n\u00e1trium-tioglikol\u00e1tot K\u00edn\u00e1ban. A legjobb n\u00e1trium-tioglikol\u00e1t \u00e1rat tudjuk biztos\u00edtani.","breadcrumb":{"@id":"https:\/\/longchangchemical.com\/product\/sodium-thioglycolate-cas-367-51-1\/#breadcrumb"},"inLanguage":"hu","potentialAction":[{"@type":"ReadAction","target":["https:\/\/longchangchemical.com\/product\/sodium-thioglycolate-cas-367-51-1\/"]}]},{"@type":"ImageObject","inLanguage":"hu","@id":"https:\/\/longchangchemical.com\/product\/sodium-thioglycolate-cas-367-51-1\/#primaryimage","url":"https:\/\/longchangchemical.com\/wp-content\/uploads\/2020\/12\/Sodium-thioglycolate-Appearance.jpg","contentUrl":"https:\/\/longchangchemical.com\/wp-content\/uploads\/2020\/12\/Sodium-thioglycolate-Appearance.jpg","width":600,"height":800,"caption":"Sodium thioglycolate Appearance"},{"@type":"BreadcrumbList","@id":"https:\/\/longchangchemical.com\/product\/sodium-thioglycolate-cas-367-51-1\/#breadcrumb","itemListElement":[{"@type":"ListItem","position":1,"name":"Home","item":"https:\/\/longchangchemical.com\/"},{"@type":"ListItem","position":2,"name":"Products Longchang","item":"https:\/\/longchangchemical.com\/product\/"},{"@type":"ListItem","position":3,"name":"Sodium thioglycolate CAS 367-51-1"}]},{"@type":"WebSite","@id":"https:\/\/longchangchemical.com\/#website","url":"https:\/\/longchangchemical.com\/","name":"Longchang Chemical","description":"K\u00edna k\u00e9miai gy\u00e1rt\u00f3 \uff06 sz\u00e1ll\u00edt\u00f3","publisher":{"@id":"https:\/\/longchangchemical.com\/#organization"},"potentialAction":[{"@type":"SearchAction","target":{"@type":"EntryPoint","urlTemplate":"https:\/\/longchangchemical.com\/?s={search_term_string}"},"query-input":{"@type":"PropertyValueSpecification","valueRequired":true,"valueName":"search_term_string"}}],"inLanguage":"hu"},{"@type":"Organization","@id":"https:\/\/longchangchemical.com\/#organization","name":"Longchang Chemical","url":"https:\/\/longchangchemical.com\/","logo":{"@type":"ImageObject","inLanguage":"hu","@id":"https:\/\/longchangchemical.com\/#\/schema\/logo\/image\/","url":"https:\/\/longchangchemical.com\/wp-content\/uploads\/2020\/08\/cropped-longchang-logo.png","contentUrl":"https:\/\/longchangchemical.com\/wp-content\/uploads\/2020\/08\/cropped-longchang-logo.png","width":512,"height":512,"caption":"Longchang Chemical"},"image":{"@id":"https:\/\/longchangchemical.com\/#\/schema\/logo\/image\/"}}]}},"_links":{"self":[{"href":"https:\/\/longchangchemical.com\/hu\/wp-json\/wp\/v2\/product\/3456","targetHints":{"allow":["GET"]}}],"collection":[{"href":"https:\/\/longchangchemical.com\/hu\/wp-json\/wp\/v2\/product"}],"about":[{"href":"https:\/\/longchangchemical.com\/hu\/wp-json\/wp\/v2\/types\/product"}],"replies":[{"embeddable":true,"href":"https:\/\/longchangchemical.com\/hu\/wp-json\/wp\/v2\/comments?post=3456"}],"wp:featuredmedia":[{"embeddable":true,"href":"https:\/\/longchangchemical.com\/hu\/wp-json\/wp\/v2\/media\/3457"}],"wp:attachment":[{"href":"https:\/\/longchangchemical.com\/hu\/wp-json\/wp\/v2\/media?parent=3456"}],"wp:term":[{"taxonomy":"product_brand","embeddable":true,"href":"https:\/\/longchangchemical.com\/hu\/wp-json\/wp\/v2\/product_brand?post=3456"},{"taxonomy":"product_cat","embeddable":true,"href":"https:\/\/longchangchemical.com\/hu\/wp-json\/wp\/v2\/product_cat?post=3456"},{"taxonomy":"product_tag","embeddable":true,"href":"https:\/\/longchangchemical.com\/hu\/wp-json\/wp\/v2\/product_tag?post=3456"}],"curies":[{"name":"wp","href":"https:\/\/api.w.org\/{rel}","templated":true}]}}