{"id":3443,"date":"2020-12-05T05:59:18","date_gmt":"2020-12-05T05:59:18","guid":{"rendered":"https:\/\/longchangchemical.com\/?post_type=product&#038;p=3443"},"modified":"2025-12-23T03:58:58","modified_gmt":"2025-12-23T03:58:58","slug":"sulfamoylbenzoic-aicd-carzenide-cas-138-41-0","status":"publish","type":"product","link":"https:\/\/longchangchemical.com\/hu\/product\/sulfamoylbenzoic-aicd-carzenide-cas-138-41-0\/","title":{"rendered":"Szulfamoil-benzoesav \/ karzenid CAS 138-41-0"},"content":{"rendered":"<h2><strong>A karzenid m\u00e1sik neve:<\/strong><\/h2>\n<h4>Szulfamoil-benzoesav-ICD; p-karboxi-benzol-szulfonamid; 4-szulfamid-benzoesav; 4-Aminoszulfonil-benzoesav; p-szulfonamid-benzoesav.<\/h4>\n<h2><strong>Karzenid szint\u00e9zis m\u00f3dszer<\/strong><\/h2>\n<h4>1. A p-toluolszulfonamid k\u00e1lium-dikrom\u00e1ttal t\u00f6rt\u00e9n\u0151 oxid\u00e1ci\u00f3j\u00e1b\u00f3l sz\u00e1rmazik.<\/h4>\n<h4>2. Egy m\u00e1sik oxid\u00e1ci\u00f3s m\u0171velet a p-toluolszulfonamid \u00e9s k\u00e1lium-permangan\u00e1t reakci\u00f3ja.<\/h4>\n<h2><strong>Karzenid haszn\u00e1lata<\/strong><\/h2>\n<h4>1. A karzenidet k\u00f6ztes term\u00e9kk\u00e9nt haszn\u00e1lj\u00e1k a szerves szint\u00e9zisben vagy a gy\u00f3gyszerszint\u00e9zisben.<\/h4>\n<h4>2. A karzenidet probenecid intermedierk\u00e9nt haszn\u00e1lj\u00e1k.<\/h4>\n<h2><strong><b>L\u00e9pjen kapcsolatba vel\u00fcnk most!<\/b><\/strong><\/h2>\n<h4><strong><b>Ha COA, MSDS vagy TDS-re van sz\u00fcks\u00e9ge, k\u00e9rj\u00fck, t\u00f6ltse ki el\u00e9rhet\u0151s\u00e9g\u00e9t az al\u00e1bbi \u0171rlapon, \u00e1ltal\u00e1ban 24 \u00f3r\u00e1n bel\u00fcl felvessz\u00fck \u00d6nnel a kapcsolatot. \u00d6n is k\u00fcldhet nekem e-mailt <span style=\"color: #0000ff;\"><a style=\"color: #0000ff;\" href=\"mailto:info@longchangchemical.com\">info@longchangchemical.com<\/a><\/span> munkaid\u0151ben ( 8:30-18:00 UTC+8 H.-Szombat ) vagy haszn\u00e1lja a weboldal \u00e9l\u0151 chatj\u00e9t, hogy azonnali v\u00e1laszt kapjon.<\/b><\/strong><\/h4>","protected":false},"excerpt":{"rendered":"<h4>A term\u00e9k neve: <a class=\"blue\">Carzenide<\/a><\/h4>\n<h4>CAS-sz\u00e1m: 138-41-0<\/h4>\n<h4>Molekul\u00e1ris k\u00e9plet: C7H7NO4S<\/h4>\n<h4>Molekulat\u00f6meg: 201,2<\/h4>\n<h4>Karzenid szerkezet:<img decoding=\"async\" src=\"http:\/\/en.pyhgchem.com\/uploads\/180620\/2-1P6201S21M93.JPG\" alt=\"\" \/><\/h4>\n<p><img decoding=\"async\" class=\"size-full wp-image-3444\" src=\"https:\/\/longchangchemical.com\/wp-content\/uploads\/2020\/12\/Carzenide-Structure.jpg\" alt=\"Karzenid szerkezet\" width=\"236\" height=\"124\" \/><\/p>\n<h4>Megjelen\u00e9s: feh\u00e9r por<\/h4>\n<h4>Tartalom: 98%<\/h4>\n<p>&nbsp;<\/p>","protected":false},"featured_media":3445,"comment_status":"open","ping_status":"closed","template":"","meta":[],"product_brand":[],"product_cat":[113],"product_tag":[],"class_list":{"0":"post-3443","1":"product","2":"type-product","3":"status-publish","4":"has-post-thumbnail","6":"product_cat-organic-intermediate","8":"first","9":"instock","10":"shipping-taxable","11":"product-type-simple"},"yoast_head":"<!-- This site is optimized with the Yoast SEO plugin v25.3.1 - https:\/\/yoast.com\/wordpress\/plugins\/seo\/ -->\n<title>China Sulfamoylbenzoic acid \/ Carzenide CAS 138-41-0 manufacturer and supplier - Longchang chemical<\/title>\n<meta name=\"description\" content=\"Longchang Chemical is a leading manufacturer and supplier of Sulfamoylbenzoic acid \/ Carzenide in China. Buy Sulfamoylbenzoic acid \/ Carzenide in china. We can provide the best Sulfamoylbenzoic acid \/ Carzenide price.\" \/>\n<meta name=\"robots\" content=\"index, follow, max-snippet:-1, max-image-preview:large, max-video-preview:-1\" \/>\n<link rel=\"canonical\" href=\"https:\/\/longchangchemical.com\/hu\/product\/sulfamoylbenzoic-aicd-carzenide-cas-138-41-0\/\" \/>\n<meta property=\"og:locale\" content=\"hu_HU\" \/>\n<meta property=\"og:type\" content=\"article\" \/>\n<meta property=\"og:title\" content=\"China Sulfamoylbenzoic acid \/ Carzenide CAS 138-41-0 manufacturer and supplier - Longchang chemical\" \/>\n<meta property=\"og:description\" content=\"Longchang Chemical is a leading manufacturer and supplier of Sulfamoylbenzoic acid \/ Carzenide in China. Buy Sulfamoylbenzoic acid \/ Carzenide in china. We can provide the best Sulfamoylbenzoic acid \/ Carzenide price.\" \/>\n<meta property=\"og:url\" content=\"https:\/\/longchangchemical.com\/hu\/product\/sulfamoylbenzoic-aicd-carzenide-cas-138-41-0\/\" \/>\n<meta property=\"og:site_name\" content=\"Longchang Chemical\" \/>\n<meta property=\"article:modified_time\" content=\"2025-12-23T03:58:58+00:00\" \/>\n<meta property=\"og:image\" content=\"https:\/\/longchangchemical.com\/wp-content\/uploads\/2020\/12\/Sulfamoylbenzoic-aicd-Appearance.png\" \/>\n\t<meta property=\"og:image:width\" content=\"600\" \/>\n\t<meta property=\"og:image:height\" content=\"800\" \/>\n\t<meta property=\"og:image:type\" content=\"image\/png\" \/>\n<meta name=\"twitter:card\" content=\"summary_large_image\" \/>\n<script type=\"application\/ld+json\" class=\"yoast-schema-graph\">{\"@context\":\"https:\/\/schema.org\",\"@graph\":[{\"@type\":\"WebPage\",\"@id\":\"https:\/\/longchangchemical.com\/product\/sulfamoylbenzoic-aicd-carzenide-cas-138-41-0\/\",\"url\":\"https:\/\/longchangchemical.com\/product\/sulfamoylbenzoic-aicd-carzenide-cas-138-41-0\/\",\"name\":\"China Sulfamoylbenzoic acid \/ Carzenide CAS 138-41-0 manufacturer and supplier - Longchang chemical\",\"isPartOf\":{\"@id\":\"https:\/\/longchangchemical.com\/#website\"},\"primaryImageOfPage\":{\"@id\":\"https:\/\/longchangchemical.com\/product\/sulfamoylbenzoic-aicd-carzenide-cas-138-41-0\/#primaryimage\"},\"image\":{\"@id\":\"https:\/\/longchangchemical.com\/product\/sulfamoylbenzoic-aicd-carzenide-cas-138-41-0\/#primaryimage\"},\"thumbnailUrl\":\"https:\/\/longchangchemical.com\/wp-content\/uploads\/2020\/12\/Sulfamoylbenzoic-aicd-Appearance.png\",\"datePublished\":\"2020-12-05T05:59:18+00:00\",\"dateModified\":\"2025-12-23T03:58:58+00:00\",\"description\":\"Longchang Chemical is a leading manufacturer and supplier of Sulfamoylbenzoic acid \/ Carzenide in China. Buy Sulfamoylbenzoic acid \/ Carzenide in china. We can provide the best Sulfamoylbenzoic acid \/ Carzenide price.\",\"breadcrumb\":{\"@id\":\"https:\/\/longchangchemical.com\/product\/sulfamoylbenzoic-aicd-carzenide-cas-138-41-0\/#breadcrumb\"},\"inLanguage\":\"hu\",\"potentialAction\":[{\"@type\":\"ReadAction\",\"target\":[\"https:\/\/longchangchemical.com\/product\/sulfamoylbenzoic-aicd-carzenide-cas-138-41-0\/\"]}]},{\"@type\":\"ImageObject\",\"inLanguage\":\"hu\",\"@id\":\"https:\/\/longchangchemical.com\/product\/sulfamoylbenzoic-aicd-carzenide-cas-138-41-0\/#primaryimage\",\"url\":\"https:\/\/longchangchemical.com\/wp-content\/uploads\/2020\/12\/Sulfamoylbenzoic-aicd-Appearance.png\",\"contentUrl\":\"https:\/\/longchangchemical.com\/wp-content\/uploads\/2020\/12\/Sulfamoylbenzoic-aicd-Appearance.png\",\"width\":600,\"height\":800,\"caption\":\"Sulfamoylbenzoic aicd Appearance\"},{\"@type\":\"BreadcrumbList\",\"@id\":\"https:\/\/longchangchemical.com\/product\/sulfamoylbenzoic-aicd-carzenide-cas-138-41-0\/#breadcrumb\",\"itemListElement\":[{\"@type\":\"ListItem\",\"position\":1,\"name\":\"Home\",\"item\":\"https:\/\/longchangchemical.com\/\"},{\"@type\":\"ListItem\",\"position\":2,\"name\":\"Products Longchang\",\"item\":\"https:\/\/longchangchemical.com\/product\/\"},{\"@type\":\"ListItem\",\"position\":3,\"name\":\"Sulfamoylbenzoic acid \/ Carzenide CAS 138-41-0\"}]},{\"@type\":\"WebSite\",\"@id\":\"https:\/\/longchangchemical.com\/#website\",\"url\":\"https:\/\/longchangchemical.com\/\",\"name\":\"Longchang Chemical\",\"description\":\"China chemical manufacturer \uff06 supplier\",\"publisher\":{\"@id\":\"https:\/\/longchangchemical.com\/#organization\"},\"potentialAction\":[{\"@type\":\"SearchAction\",\"target\":{\"@type\":\"EntryPoint\",\"urlTemplate\":\"https:\/\/longchangchemical.com\/?s={search_term_string}\"},\"query-input\":{\"@type\":\"PropertyValueSpecification\",\"valueRequired\":true,\"valueName\":\"search_term_string\"}}],\"inLanguage\":\"hu\"},{\"@type\":\"Organization\",\"@id\":\"https:\/\/longchangchemical.com\/#organization\",\"name\":\"Longchang Chemical\",\"url\":\"https:\/\/longchangchemical.com\/\",\"logo\":{\"@type\":\"ImageObject\",\"inLanguage\":\"hu\",\"@id\":\"https:\/\/longchangchemical.com\/#\/schema\/logo\/image\/\",\"url\":\"https:\/\/longchangchemical.com\/wp-content\/uploads\/2020\/08\/cropped-longchang-logo.png\",\"contentUrl\":\"https:\/\/longchangchemical.com\/wp-content\/uploads\/2020\/08\/cropped-longchang-logo.png\",\"width\":512,\"height\":512,\"caption\":\"Longchang Chemical\"},\"image\":{\"@id\":\"https:\/\/longchangchemical.com\/#\/schema\/logo\/image\/\"}}]}<\/script>\n<!-- \/ Yoast SEO plugin. -->","yoast_head_json":{"title":"K\u00edna szulfamoil-benzoesav \/ Carzenide CAS 138-41-0 gy\u00e1rt\u00f3 \u00e9s sz\u00e1ll\u00edt\u00f3 - Longchang vegyi anyag","description":"A Longchang Chemical vezet\u0151 gy\u00e1rt\u00f3ja \u00e9s sz\u00e1ll\u00edt\u00f3ja a Sulfamoylbenzoic acid \/ Carzenide K\u00edn\u00e1ban. V\u00e1s\u00e1roljon szulfamoil-benzoesav \/ karzenidot K\u00edn\u00e1ban. A legjobb Sulfamoylbenzoic sav \/ Carzenide \u00e1rat tudjuk biztos\u00edtani.","robots":{"index":"index","follow":"follow","max-snippet":"max-snippet:-1","max-image-preview":"max-image-preview:large","max-video-preview":"max-video-preview:-1"},"canonical":"https:\/\/longchangchemical.com\/hu\/product\/sulfamoylbenzoic-aicd-carzenide-cas-138-41-0\/","og_locale":"hu_HU","og_type":"article","og_title":"China Sulfamoylbenzoic acid \/ Carzenide CAS 138-41-0 manufacturer and supplier - Longchang chemical","og_description":"Longchang Chemical is a leading manufacturer and supplier of Sulfamoylbenzoic acid \/ Carzenide in China. Buy Sulfamoylbenzoic acid \/ Carzenide in china. We can provide the best Sulfamoylbenzoic acid \/ Carzenide price.","og_url":"https:\/\/longchangchemical.com\/hu\/product\/sulfamoylbenzoic-aicd-carzenide-cas-138-41-0\/","og_site_name":"Longchang Chemical","article_modified_time":"2025-12-23T03:58:58+00:00","og_image":[{"width":600,"height":800,"url":"https:\/\/longchangchemical.com\/wp-content\/uploads\/2020\/12\/Sulfamoylbenzoic-aicd-Appearance.png","type":"image\/png"}],"twitter_card":"summary_large_image","schema":{"@context":"https:\/\/schema.org","@graph":[{"@type":"WebPage","@id":"https:\/\/longchangchemical.com\/product\/sulfamoylbenzoic-aicd-carzenide-cas-138-41-0\/","url":"https:\/\/longchangchemical.com\/product\/sulfamoylbenzoic-aicd-carzenide-cas-138-41-0\/","name":"K\u00edna szulfamoil-benzoesav \/ Carzenide CAS 138-41-0 gy\u00e1rt\u00f3 \u00e9s sz\u00e1ll\u00edt\u00f3 - Longchang vegyi anyag","isPartOf":{"@id":"https:\/\/longchangchemical.com\/#website"},"primaryImageOfPage":{"@id":"https:\/\/longchangchemical.com\/product\/sulfamoylbenzoic-aicd-carzenide-cas-138-41-0\/#primaryimage"},"image":{"@id":"https:\/\/longchangchemical.com\/product\/sulfamoylbenzoic-aicd-carzenide-cas-138-41-0\/#primaryimage"},"thumbnailUrl":"https:\/\/longchangchemical.com\/wp-content\/uploads\/2020\/12\/Sulfamoylbenzoic-aicd-Appearance.png","datePublished":"2020-12-05T05:59:18+00:00","dateModified":"2025-12-23T03:58:58+00:00","description":"A Longchang Chemical vezet\u0151 gy\u00e1rt\u00f3ja \u00e9s sz\u00e1ll\u00edt\u00f3ja a Sulfamoylbenzoic acid \/ Carzenide K\u00edn\u00e1ban. V\u00e1s\u00e1roljon szulfamoil-benzoesav \/ karzenidot K\u00edn\u00e1ban. A legjobb Sulfamoylbenzoic sav \/ Carzenide \u00e1rat tudjuk biztos\u00edtani.","breadcrumb":{"@id":"https:\/\/longchangchemical.com\/product\/sulfamoylbenzoic-aicd-carzenide-cas-138-41-0\/#breadcrumb"},"inLanguage":"hu","potentialAction":[{"@type":"ReadAction","target":["https:\/\/longchangchemical.com\/product\/sulfamoylbenzoic-aicd-carzenide-cas-138-41-0\/"]}]},{"@type":"ImageObject","inLanguage":"hu","@id":"https:\/\/longchangchemical.com\/product\/sulfamoylbenzoic-aicd-carzenide-cas-138-41-0\/#primaryimage","url":"https:\/\/longchangchemical.com\/wp-content\/uploads\/2020\/12\/Sulfamoylbenzoic-aicd-Appearance.png","contentUrl":"https:\/\/longchangchemical.com\/wp-content\/uploads\/2020\/12\/Sulfamoylbenzoic-aicd-Appearance.png","width":600,"height":800,"caption":"Sulfamoylbenzoic aicd Appearance"},{"@type":"BreadcrumbList","@id":"https:\/\/longchangchemical.com\/product\/sulfamoylbenzoic-aicd-carzenide-cas-138-41-0\/#breadcrumb","itemListElement":[{"@type":"ListItem","position":1,"name":"Home","item":"https:\/\/longchangchemical.com\/"},{"@type":"ListItem","position":2,"name":"Products Longchang","item":"https:\/\/longchangchemical.com\/product\/"},{"@type":"ListItem","position":3,"name":"Sulfamoylbenzoic acid \/ Carzenide CAS 138-41-0"}]},{"@type":"WebSite","@id":"https:\/\/longchangchemical.com\/#website","url":"https:\/\/longchangchemical.com\/","name":"Longchang Chemical","description":"K\u00edna k\u00e9miai gy\u00e1rt\u00f3 \uff06 sz\u00e1ll\u00edt\u00f3","publisher":{"@id":"https:\/\/longchangchemical.com\/#organization"},"potentialAction":[{"@type":"SearchAction","target":{"@type":"EntryPoint","urlTemplate":"https:\/\/longchangchemical.com\/?s={search_term_string}"},"query-input":{"@type":"PropertyValueSpecification","valueRequired":true,"valueName":"search_term_string"}}],"inLanguage":"hu"},{"@type":"Organization","@id":"https:\/\/longchangchemical.com\/#organization","name":"Longchang Chemical","url":"https:\/\/longchangchemical.com\/","logo":{"@type":"ImageObject","inLanguage":"hu","@id":"https:\/\/longchangchemical.com\/#\/schema\/logo\/image\/","url":"https:\/\/longchangchemical.com\/wp-content\/uploads\/2020\/08\/cropped-longchang-logo.png","contentUrl":"https:\/\/longchangchemical.com\/wp-content\/uploads\/2020\/08\/cropped-longchang-logo.png","width":512,"height":512,"caption":"Longchang Chemical"},"image":{"@id":"https:\/\/longchangchemical.com\/#\/schema\/logo\/image\/"}}]}},"_links":{"self":[{"href":"https:\/\/longchangchemical.com\/hu\/wp-json\/wp\/v2\/product\/3443","targetHints":{"allow":["GET"]}}],"collection":[{"href":"https:\/\/longchangchemical.com\/hu\/wp-json\/wp\/v2\/product"}],"about":[{"href":"https:\/\/longchangchemical.com\/hu\/wp-json\/wp\/v2\/types\/product"}],"replies":[{"embeddable":true,"href":"https:\/\/longchangchemical.com\/hu\/wp-json\/wp\/v2\/comments?post=3443"}],"wp:featuredmedia":[{"embeddable":true,"href":"https:\/\/longchangchemical.com\/hu\/wp-json\/wp\/v2\/media\/3445"}],"wp:attachment":[{"href":"https:\/\/longchangchemical.com\/hu\/wp-json\/wp\/v2\/media?parent=3443"}],"wp:term":[{"taxonomy":"product_brand","embeddable":true,"href":"https:\/\/longchangchemical.com\/hu\/wp-json\/wp\/v2\/product_brand?post=3443"},{"taxonomy":"product_cat","embeddable":true,"href":"https:\/\/longchangchemical.com\/hu\/wp-json\/wp\/v2\/product_cat?post=3443"},{"taxonomy":"product_tag","embeddable":true,"href":"https:\/\/longchangchemical.com\/hu\/wp-json\/wp\/v2\/product_tag?post=3443"}],"curies":[{"name":"wp","href":"https:\/\/api.w.org\/{rel}","templated":true}]}}