{"id":3397,"date":"2020-11-05T10:49:55","date_gmt":"2020-11-05T10:49:55","guid":{"rendered":"https:\/\/longchangchemical.com\/?post_type=product&#038;p=3397"},"modified":"2025-12-23T03:49:46","modified_gmt":"2025-12-23T03:49:46","slug":"isopropyl-myristate-cas-110-27-0","status":"publish","type":"product","link":"https:\/\/longchangchemical.com\/hu\/product\/isopropyl-myristate-cas-110-27-0\/","title":{"rendered":"IPM \/ izopropil- miriszt\u00e1t CAS 110-27-0"},"content":{"rendered":"<h1><strong>COA of <\/strong>Izopropil- miriszt\u00e1t CAS 110-27-0<\/h1>\n<table class=\"table-1\">\n<tbody>\n<tr>\n<td>\n<h4>T\u00e9tel<\/h4>\n<\/td>\n<td>\n<h4>M\u0171szaki adatok<\/h4>\n<\/td>\n<\/tr>\n<tr>\n<td>\n<h4>Megjelen\u00e9s<\/h4>\n<\/td>\n<td>\n<h4>Sz\u00edntelen vagy s\u00e1rg\u00e1s olajos folyad\u00e9k.<\/h4>\n<\/td>\n<\/tr>\n<tr>\n<td>\n<h4>Tartalom<\/h4>\n<\/td>\n<td>\n<h4>99%Min<\/h4>\n<\/td>\n<\/tr>\n<tr>\n<td>\n<h4>Sav\u00e9rt\u00e9k (MgKOH\/g)<\/h4>\n<\/td>\n<td>\n<h4>0.5%Max<\/h4>\n<\/td>\n<\/tr>\n<tr>\n<td>\n<h4>Fagy\u00e1spont<\/h4>\n<\/td>\n<td>\n<h4>2 \u2103Max<\/h4>\n<\/td>\n<\/tr>\n<tr>\n<td>\n<h4>T\u00f6r\u00e9smutat\u00f3<\/h4>\n<\/td>\n<td>\n<h4>1.434-1.438<\/h4>\n<\/td>\n<\/tr>\n<tr>\n<td>\n<h4>Fajlagos s\u00faly`<\/h4>\n<\/td>\n<td>\n<h4>0.850-0.860<\/h4>\n<\/td>\n<\/tr>\n<tr>\n<td>\n<h4>Arz\u00e9n<\/h4>\n<\/td>\n<td>\n<h4>2ppmMax<\/h4>\n<\/td>\n<\/tr>\n<tr>\n<td>\n<h4>Neh\u00e9zf\u00e9mek<\/h4>\n<\/td>\n<td>\n<h4>5ppmMax<\/h4>\n<\/td>\n<\/tr>\n<\/tbody>\n<\/table>\n<p>&nbsp;<\/p>\n<h2>Mi az az izopropil- miriszt\u00e1t?<\/h2>\n<h4>Az izopropil- miriszt\u00e1tot sz\u00e9les k\u00f6rben haszn\u00e1lj\u00e1k a kozmetikumokban. Hidrat\u00e1lja \u00e9s hidrat\u00e1lja a b\u0151rt. A b\u0151r j\u00f3l felsz\u00edvja a term\u00e9ket. Hat\u00e9konyan \u00e9rintkezhet a sz\u0151rt\u00fcsz\u0151kkel a k\u00e9regben, m\u00e9lyen behatolhat a b\u0151rbe, \u00e9s integr\u00e1lhatja a kozmetikumok hat\u00f3anyagait Bevinni \u00e9s teljes m\u00e9rt\u00e9kben kihaszn\u00e1lni a hat\u00e9kony \u00f6sszetev\u0151k szerep\u00e9t.<\/h4>\n<h2><strong>Izopropil- miriszt\u00e1t Haszn\u00e1lat<\/strong><\/h2>\n<h4>1. Az izopropil- miriszt\u00e1t egy zs\u00edrmentes l\u00e1gy\u00edt\u00f3szer, amely k\u00f6nnyen felsz\u00edv\u00f3dik a b\u0151rbe. A f\u00e9lszil\u00e1rd m\u00e1trix egyik \u00f6sszetev\u0151je, \u00e9s a helyileg alkalmazand\u00f3 k\u00e9sz\u00edtm\u00e9nyekben sz\u00e1mos anyag old\u00f3szerk\u00e9nt is haszn\u00e1lhat\u00f3.<\/h4>\n<h4>2. Az izopropil- miriszt\u00e1tot k\u00fcl\u00f6nb\u00f6z\u0151 helyi k\u00e9sz\u00edtm\u00e9nyekben \u00e9s kozmetikumokban haszn\u00e1lj\u00e1k, bele\u00e9rtve a f\u00fcrd\u0151olajokat, kozmetikumokat, haj\u00e1pol\u00e1si term\u00e9keket, arckr\u00e9meket, test\u00e1pol\u00f3kat, ajakbalzsamot, borotvakr\u00e9met, puh\u00edt\u00f3szereket, dezodorokat, f\u00fcl r\u00e9szleges szuszpenzi\u00f3t, h\u00fcvelykr\u00e9met. P\u00e9ld\u00e1ul az izopropil- miriszt\u00e1t egy hidegkr\u00e9mrecept \u00f6nemulge\u00e1l\u00f3 \u00f6sszetev\u0151je, \u00e9s ez a hidegkr\u00e9mrecept sz\u00e1mos gy\u00f3gyszer \u00e9s b\u0151rgy\u00f3gyszer alapjak\u00e9nt haszn\u00e1lhat\u00f3.<\/h4>\n<h4>3. A kozmetikumokban ragaszt\u00f3k\u00e9nt, l\u00e1gy\u00edt\u00f3szerk\u00e9nt \u00e9s keratinl\u00e1gy\u00edt\u00f3k\u00e9nt haszn\u00e1lj\u00e1k. Az ezt az \u00f6sszetev\u0151t tartalmaz\u00f3 term\u00e9kek k\u00f6nnyebben alkalmazhat\u00f3k \u00e9s friss\u00edt\u0151 text\u00far\u00e1j\u00faak. Az \u00f6sszetev\u0151 kis molekul\u00e1kkal rendelkezik, k\u00f6nnyen behatol, \u00e9s j\u00f3 tiszt\u00edt\u00f3 hat\u00e1ssal rendelkezik a sminklemos\u00e1shoz.<\/h4>\n<h4>4. Az izopropil- miriszt\u00e1t penetr\u00e1ci\u00f3fokoz\u00f3k\u00e9nt haszn\u00e1lhat\u00f3 transzderm\u00e1lis felsz\u00edv\u00f3d\u00e1s\u00fa k\u00e9sz\u00edtm\u00e9nyekben, valamint ter\u00e1pi\u00e1s ultrahanggal \u00e9s iontofor\u00e9zissel kombin\u00e1lva.<\/h4>\n<h4>5. Az izopropil- miriszt\u00e1t a v\u00edz-olaj g\u00e9l elny\u00fajtott hat\u00f3anyag-lead\u00e1s\u00fa emulzi\u00f3 olajf\u00e1zis\u00e1nak f\u0151 \u00f6sszetev\u0151jek\u00e9nt haszn\u00e1lhat\u00f3.<\/h4>\n<p>&nbsp;<\/p>\n<h2><strong>Izopropil- miriszt\u00e1t <\/strong><strong>Csomagol\u00e1s \u00e9s sz\u00e1ll\u00edt\u00e1s<\/strong><\/h2>\n<h4>175kg\/m\u0171anyag dob<strong><br \/>\n<\/strong><\/h4>\n<p>&nbsp;<\/p>\n<h2><strong>Izopropil- miriszt\u00e1t <\/strong><strong>T\u00e1rol\u00e1s<\/strong><strong><br \/>\n<\/strong><\/h2>\n<h4>Az izopropil- miriszt\u00e1tot nem k\u00f6nny\u0171 oxid\u00e1lni \u00e9s hidroliz\u00e1lni, \u00e9s nem k\u00f6nny\u0171 megrohadni. Z\u00e1rt tart\u00e1lyban, s\u00f6t\u00e9t, h\u0171v\u00f6s \u00e9s sz\u00e1raz helyen kell t\u00e1rolni.<\/h4>\n<h2>K\u00e9rj\u00fck, vegye figyelembe<\/h2>\n<h4>Amikor az izopropil- miriszt\u00e1t gumival \u00e9rintkezik, a gumi megduzzad, r\u00e9szben felold\u00f3dik, \u00e9s viszkozit\u00e1sa cs\u00f6kken; amikor m\u0171anyagokkal (p\u00e9ld\u00e1ul nejlonnal \u00e9s polietil\u00e9nnel) \u00e9rintkezik, ezek az anyagok megduzzadnak. Az izopropil- miriszt\u00e1t \u00e9s a paraffinviasz ellenjavallt, szemcs\u00e9s kever\u00e9ket alkotnak, \u00e9s nem kompatibilisek az er\u0151s oxid\u00e1l\u00f3szerekkel.<\/h4>\n<p>&nbsp;<\/p>\n<h2>Ugyanazon sorozat term\u00e9kei<\/h2>\n<table style=\"border-collapse: collapse; width: 318.02pt;\" border=\"0\" width=\"424\" cellspacing=\"0\" cellpadding=\"0\">\n<tbody>\n<tr style=\"height: 13.50pt;\">\n<td class=\"et2\" style=\"height: 13.50pt; width: 87.00pt;\" width=\"116\" height=\"18\">Term\u00e9k neve<\/td>\n<td class=\"et2\" style=\"width: 129.75pt;\" width=\"173\">K\u00e9miai n\u00e9v<\/td>\n<td class=\"et2\" style=\"width: 101.25pt;\" width=\"135\">CAS-sz\u00e1m<\/td>\n<\/tr>\n<tr style=\"height: 13.50pt;\">\n<td class=\"et2\" style=\"height: 13.50pt;\" height=\"18\">IPP<\/td>\n<td class=\"et2\"><a href=\"https:\/\/longchangchemical.com\/hu\/product\/isopropyl-palmitate-cas-142-91-6\/\"><span style=\"color: #00ccff;\">Izopropil-palmit\u00e1t<\/span><\/a><\/td>\n<td class=\"et2\">CAS 142-91-6<\/td>\n<\/tr>\n<tr style=\"height: 13.50pt;\">\n<td class=\"et2\" style=\"height: 13.50pt;\" height=\"18\">IPL<\/td>\n<td class=\"et2\"><a href=\"https:\/\/longchangchemical.com\/hu\/product\/isopropyl-laurate-cas-10233-13-3\/\"><span style=\"color: #00ccff;\">Izopropil-laur\u00e1t<\/span><\/a><\/td>\n<td class=\"et2\">CAS 10233-13-3<\/td>\n<\/tr>\n<tr style=\"height: 13.50pt;\">\n<td class=\"et2\" style=\"height: 13.50pt;\" height=\"18\">2-EHP<\/td>\n<td class=\"et2\"><a href=\"https:\/\/longchangchemical.com\/hu\/product\/isooctyl-palmitate-cas-1341-38-4\/\"><span style=\"color: #00ccff;\">Izooktil-palmit\u00e1t<\/span><\/a><\/td>\n<td class=\"et2\">CAS 1341-38-4<\/td>\n<\/tr>\n<tr style=\"height: 13.50pt;\">\n<td class=\"et2\" style=\"height: 13.50pt;\" height=\"18\">IPM<\/td>\n<td class=\"et2\"><a href=\"https:\/\/longchangchemical.com\/hu\/product\/isopropyl-myristate-cas-110-27-0\/\"><span style=\"color: #00ccff;\">Izopropil- miriszt\u00e1t<\/span><\/a><\/td>\n<td class=\"et2\">CAS 110-27-0<\/td>\n<\/tr>\n<\/tbody>\n<\/table>\n<h2><\/h2>\n<h2><strong><b>L\u00e9pjen kapcsolatba vel\u00fcnk most!<\/b><\/strong><\/h2>\n<h4><strong><b>Ha COA, MSDS vagy TDS-re van sz\u00fcks\u00e9ge, k\u00e9rj\u00fck, t\u00f6ltse ki el\u00e9rhet\u0151s\u00e9g\u00e9t az al\u00e1bbi \u0171rlapon, \u00e1ltal\u00e1ban 24 \u00f3r\u00e1n bel\u00fcl felvessz\u00fck \u00d6nnel a kapcsolatot. \u00d6n is k\u00fcldhet nekem e-mailt <span style=\"color: #0000ff;\"><a style=\"color: #0000ff;\" href=\"mailto:info@longchangchemical.com\">info@longchangchemical.com<\/a><\/span> munkaid\u0151ben ( 8:30-18:00 UTC+8 H.-Szombat ) vagy haszn\u00e1lja a weboldal \u00e9l\u0151 chatj\u00e9t, hogy azonnali v\u00e1laszt kapjon.<\/b><\/strong><\/h4>","protected":false},"excerpt":{"rendered":"<h4>K\u00e9miai n\u00e9v: Vegyi n\u00e9v: izopropil- miriszt\u00e1t<\/h4>\n<h4>CAS-sz\u00e1m: 110-27-0<\/h4>\n<h4>Molekul\u00e1ris k\u00e9plet: C17H34O2<\/h4>\n<h4>K\u00e9miai szerkezet:<img decoding=\"async\" title=\"image.png\" src=\"https:\/\/www.longchangchemical.com\/wp-content\/uploads\/product-details\/20200617305486.png\" alt=\"image.png\" \/><\/h4>\n<h4>Molekulat\u00f6meg: 270,45<\/h4>\n<h4>Megjelen\u00e9s: Sz\u00edntelen vagy s\u00e1rg\u00e1s olajos folyad\u00e9k.<\/h4>\n<h4>Pr\u00f3ba: 98%<\/h4>","protected":false},"featured_media":3398,"comment_status":"open","ping_status":"closed","template":"","meta":[],"product_brand":[],"product_cat":[103],"product_tag":[],"class_list":{"0":"post-3397","1":"product","2":"type-product","3":"status-publish","4":"has-post-thumbnail","6":"product_cat-cosmetic-additives","8":"first","9":"instock","10":"shipping-taxable","11":"product-type-simple"},"yoast_head":"<!-- This site is optimized with the Yoast SEO plugin v25.3.1 - https:\/\/yoast.com\/wordpress\/plugins\/seo\/ -->\n<title>China Isopropyl myristate CAS 110-27-0 manufacturer and supplier - Longchang Chemical<\/title>\n<meta name=\"description\" content=\"Longchang Chemical is a leading manufacturer and supplier of Isopropyl myristate CAS 110-27-0 in China. Buy Isopropyl myristate CAS 110-27-0 in china. We can provide the best Isopropyl myristate price.\" \/>\n<meta name=\"robots\" content=\"index, follow, max-snippet:-1, max-image-preview:large, max-video-preview:-1\" \/>\n<link rel=\"canonical\" href=\"https:\/\/longchangchemical.com\/hu\/product\/isopropyl-myristate-cas-110-27-0\/\" \/>\n<meta property=\"og:locale\" content=\"hu_HU\" \/>\n<meta property=\"og:type\" content=\"article\" \/>\n<meta property=\"og:title\" content=\"China Isopropyl myristate CAS 110-27-0 manufacturer and supplier - Longchang Chemical\" \/>\n<meta property=\"og:description\" content=\"Longchang Chemical is a leading manufacturer and supplier of Isopropyl myristate CAS 110-27-0 in China. Buy Isopropyl myristate CAS 110-27-0 in china. We can provide the best Isopropyl myristate price.\" \/>\n<meta property=\"og:url\" content=\"https:\/\/longchangchemical.com\/hu\/product\/isopropyl-myristate-cas-110-27-0\/\" \/>\n<meta property=\"og:site_name\" content=\"Longchang Chemical\" \/>\n<meta property=\"article:modified_time\" content=\"2025-12-23T03:49:46+00:00\" \/>\n<meta property=\"og:image\" content=\"https:\/\/longchangchemical.com\/wp-content\/uploads\/2020\/11\/Isopropyl-myristate-Appearance.jpg\" \/>\n\t<meta property=\"og:image:width\" content=\"600\" \/>\n\t<meta property=\"og:image:height\" content=\"800\" \/>\n\t<meta property=\"og:image:type\" content=\"image\/jpeg\" \/>\n<meta name=\"twitter:card\" content=\"summary_large_image\" \/>\n<script type=\"application\/ld+json\" class=\"yoast-schema-graph\">{\"@context\":\"https:\/\/schema.org\",\"@graph\":[{\"@type\":\"WebPage\",\"@id\":\"https:\/\/longchangchemical.com\/product\/isopropyl-myristate-cas-110-27-0\/\",\"url\":\"https:\/\/longchangchemical.com\/product\/isopropyl-myristate-cas-110-27-0\/\",\"name\":\"China Isopropyl myristate CAS 110-27-0 manufacturer and supplier - Longchang Chemical\",\"isPartOf\":{\"@id\":\"https:\/\/longchangchemical.com\/#website\"},\"primaryImageOfPage\":{\"@id\":\"https:\/\/longchangchemical.com\/product\/isopropyl-myristate-cas-110-27-0\/#primaryimage\"},\"image\":{\"@id\":\"https:\/\/longchangchemical.com\/product\/isopropyl-myristate-cas-110-27-0\/#primaryimage\"},\"thumbnailUrl\":\"https:\/\/longchangchemical.com\/wp-content\/uploads\/2020\/11\/Isopropyl-myristate-Appearance.jpg\",\"datePublished\":\"2020-11-05T10:49:55+00:00\",\"dateModified\":\"2025-12-23T03:49:46+00:00\",\"description\":\"Longchang Chemical is a leading manufacturer and supplier of Isopropyl myristate CAS 110-27-0 in China. Buy Isopropyl myristate CAS 110-27-0 in china. We can provide the best Isopropyl myristate price.\",\"breadcrumb\":{\"@id\":\"https:\/\/longchangchemical.com\/product\/isopropyl-myristate-cas-110-27-0\/#breadcrumb\"},\"inLanguage\":\"hu\",\"potentialAction\":[{\"@type\":\"ReadAction\",\"target\":[\"https:\/\/longchangchemical.com\/product\/isopropyl-myristate-cas-110-27-0\/\"]}]},{\"@type\":\"ImageObject\",\"inLanguage\":\"hu\",\"@id\":\"https:\/\/longchangchemical.com\/product\/isopropyl-myristate-cas-110-27-0\/#primaryimage\",\"url\":\"https:\/\/longchangchemical.com\/wp-content\/uploads\/2020\/11\/Isopropyl-myristate-Appearance.jpg\",\"contentUrl\":\"https:\/\/longchangchemical.com\/wp-content\/uploads\/2020\/11\/Isopropyl-myristate-Appearance.jpg\",\"width\":600,\"height\":800,\"caption\":\"Isopropyl myristate Appearance\"},{\"@type\":\"BreadcrumbList\",\"@id\":\"https:\/\/longchangchemical.com\/product\/isopropyl-myristate-cas-110-27-0\/#breadcrumb\",\"itemListElement\":[{\"@type\":\"ListItem\",\"position\":1,\"name\":\"Home\",\"item\":\"https:\/\/longchangchemical.com\/\"},{\"@type\":\"ListItem\",\"position\":2,\"name\":\"Products Longchang\",\"item\":\"https:\/\/longchangchemical.com\/product\/\"},{\"@type\":\"ListItem\",\"position\":3,\"name\":\"IPM \/ Isopropyl myristate CAS 110-27-0\"}]},{\"@type\":\"WebSite\",\"@id\":\"https:\/\/longchangchemical.com\/#website\",\"url\":\"https:\/\/longchangchemical.com\/\",\"name\":\"Longchang Chemical\",\"description\":\"China chemical manufacturer \uff06 supplier\",\"publisher\":{\"@id\":\"https:\/\/longchangchemical.com\/#organization\"},\"potentialAction\":[{\"@type\":\"SearchAction\",\"target\":{\"@type\":\"EntryPoint\",\"urlTemplate\":\"https:\/\/longchangchemical.com\/?s={search_term_string}\"},\"query-input\":{\"@type\":\"PropertyValueSpecification\",\"valueRequired\":true,\"valueName\":\"search_term_string\"}}],\"inLanguage\":\"hu\"},{\"@type\":\"Organization\",\"@id\":\"https:\/\/longchangchemical.com\/#organization\",\"name\":\"Longchang Chemical\",\"url\":\"https:\/\/longchangchemical.com\/\",\"logo\":{\"@type\":\"ImageObject\",\"inLanguage\":\"hu\",\"@id\":\"https:\/\/longchangchemical.com\/#\/schema\/logo\/image\/\",\"url\":\"https:\/\/longchangchemical.com\/wp-content\/uploads\/2020\/08\/cropped-longchang-logo.png\",\"contentUrl\":\"https:\/\/longchangchemical.com\/wp-content\/uploads\/2020\/08\/cropped-longchang-logo.png\",\"width\":512,\"height\":512,\"caption\":\"Longchang Chemical\"},\"image\":{\"@id\":\"https:\/\/longchangchemical.com\/#\/schema\/logo\/image\/\"}}]}<\/script>\n<!-- \/ Yoast SEO plugin. -->","yoast_head_json":{"title":"K\u00edna Isopropyl myristate CAS 110-27-0 gy\u00e1rt\u00f3 \u00e9s sz\u00e1ll\u00edt\u00f3 - Longchang Chemical","description":"A Longchang Chemical vezet\u0151 gy\u00e1rt\u00f3ja \u00e9s sz\u00e1ll\u00edt\u00f3ja a CAS 110-27-0 izopropil- miriszt\u00e1tnak K\u00edn\u00e1ban. V\u00e1s\u00e1roljon izopropil- miriszt\u00e1tot CAS 110-27-0 K\u00edn\u00e1ban. A legjobb izopropil- miriszt\u00e1t \u00e1rat tudjuk biztos\u00edtani.","robots":{"index":"index","follow":"follow","max-snippet":"max-snippet:-1","max-image-preview":"max-image-preview:large","max-video-preview":"max-video-preview:-1"},"canonical":"https:\/\/longchangchemical.com\/hu\/product\/isopropyl-myristate-cas-110-27-0\/","og_locale":"hu_HU","og_type":"article","og_title":"China Isopropyl myristate CAS 110-27-0 manufacturer and supplier - Longchang Chemical","og_description":"Longchang Chemical is a leading manufacturer and supplier of Isopropyl myristate CAS 110-27-0 in China. Buy Isopropyl myristate CAS 110-27-0 in china. We can provide the best Isopropyl myristate price.","og_url":"https:\/\/longchangchemical.com\/hu\/product\/isopropyl-myristate-cas-110-27-0\/","og_site_name":"Longchang Chemical","article_modified_time":"2025-12-23T03:49:46+00:00","og_image":[{"width":600,"height":800,"url":"https:\/\/longchangchemical.com\/wp-content\/uploads\/2020\/11\/Isopropyl-myristate-Appearance.jpg","type":"image\/jpeg"}],"twitter_card":"summary_large_image","schema":{"@context":"https:\/\/schema.org","@graph":[{"@type":"WebPage","@id":"https:\/\/longchangchemical.com\/product\/isopropyl-myristate-cas-110-27-0\/","url":"https:\/\/longchangchemical.com\/product\/isopropyl-myristate-cas-110-27-0\/","name":"K\u00edna Isopropyl myristate CAS 110-27-0 gy\u00e1rt\u00f3 \u00e9s sz\u00e1ll\u00edt\u00f3 - Longchang Chemical","isPartOf":{"@id":"https:\/\/longchangchemical.com\/#website"},"primaryImageOfPage":{"@id":"https:\/\/longchangchemical.com\/product\/isopropyl-myristate-cas-110-27-0\/#primaryimage"},"image":{"@id":"https:\/\/longchangchemical.com\/product\/isopropyl-myristate-cas-110-27-0\/#primaryimage"},"thumbnailUrl":"https:\/\/longchangchemical.com\/wp-content\/uploads\/2020\/11\/Isopropyl-myristate-Appearance.jpg","datePublished":"2020-11-05T10:49:55+00:00","dateModified":"2025-12-23T03:49:46+00:00","description":"A Longchang Chemical vezet\u0151 gy\u00e1rt\u00f3ja \u00e9s sz\u00e1ll\u00edt\u00f3ja a CAS 110-27-0 izopropil- miriszt\u00e1tnak K\u00edn\u00e1ban. V\u00e1s\u00e1roljon izopropil- miriszt\u00e1tot CAS 110-27-0 K\u00edn\u00e1ban. A legjobb izopropil- miriszt\u00e1t \u00e1rat tudjuk biztos\u00edtani.","breadcrumb":{"@id":"https:\/\/longchangchemical.com\/product\/isopropyl-myristate-cas-110-27-0\/#breadcrumb"},"inLanguage":"hu","potentialAction":[{"@type":"ReadAction","target":["https:\/\/longchangchemical.com\/product\/isopropyl-myristate-cas-110-27-0\/"]}]},{"@type":"ImageObject","inLanguage":"hu","@id":"https:\/\/longchangchemical.com\/product\/isopropyl-myristate-cas-110-27-0\/#primaryimage","url":"https:\/\/longchangchemical.com\/wp-content\/uploads\/2020\/11\/Isopropyl-myristate-Appearance.jpg","contentUrl":"https:\/\/longchangchemical.com\/wp-content\/uploads\/2020\/11\/Isopropyl-myristate-Appearance.jpg","width":600,"height":800,"caption":"Isopropyl myristate Appearance"},{"@type":"BreadcrumbList","@id":"https:\/\/longchangchemical.com\/product\/isopropyl-myristate-cas-110-27-0\/#breadcrumb","itemListElement":[{"@type":"ListItem","position":1,"name":"Home","item":"https:\/\/longchangchemical.com\/"},{"@type":"ListItem","position":2,"name":"Products Longchang","item":"https:\/\/longchangchemical.com\/product\/"},{"@type":"ListItem","position":3,"name":"IPM \/ Isopropyl myristate CAS 110-27-0"}]},{"@type":"WebSite","@id":"https:\/\/longchangchemical.com\/#website","url":"https:\/\/longchangchemical.com\/","name":"Longchang Chemical","description":"K\u00edna k\u00e9miai gy\u00e1rt\u00f3 \uff06 sz\u00e1ll\u00edt\u00f3","publisher":{"@id":"https:\/\/longchangchemical.com\/#organization"},"potentialAction":[{"@type":"SearchAction","target":{"@type":"EntryPoint","urlTemplate":"https:\/\/longchangchemical.com\/?s={search_term_string}"},"query-input":{"@type":"PropertyValueSpecification","valueRequired":true,"valueName":"search_term_string"}}],"inLanguage":"hu"},{"@type":"Organization","@id":"https:\/\/longchangchemical.com\/#organization","name":"Longchang Chemical","url":"https:\/\/longchangchemical.com\/","logo":{"@type":"ImageObject","inLanguage":"hu","@id":"https:\/\/longchangchemical.com\/#\/schema\/logo\/image\/","url":"https:\/\/longchangchemical.com\/wp-content\/uploads\/2020\/08\/cropped-longchang-logo.png","contentUrl":"https:\/\/longchangchemical.com\/wp-content\/uploads\/2020\/08\/cropped-longchang-logo.png","width":512,"height":512,"caption":"Longchang Chemical"},"image":{"@id":"https:\/\/longchangchemical.com\/#\/schema\/logo\/image\/"}}]}},"_links":{"self":[{"href":"https:\/\/longchangchemical.com\/hu\/wp-json\/wp\/v2\/product\/3397","targetHints":{"allow":["GET"]}}],"collection":[{"href":"https:\/\/longchangchemical.com\/hu\/wp-json\/wp\/v2\/product"}],"about":[{"href":"https:\/\/longchangchemical.com\/hu\/wp-json\/wp\/v2\/types\/product"}],"replies":[{"embeddable":true,"href":"https:\/\/longchangchemical.com\/hu\/wp-json\/wp\/v2\/comments?post=3397"}],"wp:featuredmedia":[{"embeddable":true,"href":"https:\/\/longchangchemical.com\/hu\/wp-json\/wp\/v2\/media\/3398"}],"wp:attachment":[{"href":"https:\/\/longchangchemical.com\/hu\/wp-json\/wp\/v2\/media?parent=3397"}],"wp:term":[{"taxonomy":"product_brand","embeddable":true,"href":"https:\/\/longchangchemical.com\/hu\/wp-json\/wp\/v2\/product_brand?post=3397"},{"taxonomy":"product_cat","embeddable":true,"href":"https:\/\/longchangchemical.com\/hu\/wp-json\/wp\/v2\/product_cat?post=3397"},{"taxonomy":"product_tag","embeddable":true,"href":"https:\/\/longchangchemical.com\/hu\/wp-json\/wp\/v2\/product_tag?post=3397"}],"curies":[{"name":"wp","href":"https:\/\/api.w.org\/{rel}","templated":true}]}}