{"id":3392,"date":"2020-11-02T03:42:19","date_gmt":"2020-11-02T03:42:19","guid":{"rendered":"https:\/\/longchangchemical.com\/?post_type=product&#038;p=3392"},"modified":"2025-12-23T03:42:04","modified_gmt":"2025-12-23T03:42:04","slug":"isopropyl-laurate-cas-10233-13-3","status":"publish","type":"product","link":"https:\/\/longchangchemical.com\/hu\/product\/isopropyl-laurate-cas-10233-13-3\/","title":{"rendered":"IPL \/ izopropil-laur\u00e1t CAS 10233-13-3"},"content":{"rendered":"<h1><strong>Izopropil-laur\u00e1t CAS 10233-13-3<\/strong><\/h1>\n<table>\n<tbody>\n<tr>\n<td width=\"203\">T\u00e9tel<\/td>\n<td width=\"254\">Index<\/td>\n<\/tr>\n<tr>\n<td width=\"203\">Megjelen\u00e9s<\/td>\n<td width=\"254\">Sz\u00edntelen vagy enyh\u00e9n s\u00e1rga olajos folyad\u00e9k<\/td>\n<\/tr>\n<tr>\n<td width=\"203\">Eszter %<\/td>\n<td width=\"254\">\u226598<\/td>\n<\/tr>\n<tr>\n<td width=\"203\">Sav\u00e9rt\u00e9k (mgKOH\/g)<\/td>\n<td width=\"254\">\u22640.5<\/td>\n<\/tr>\n<tr>\n<td width=\"203\">Elszappanos\u00edt\u00e1si \u00e9rt\u00e9k (mgKOH\/g)<\/td>\n<td width=\"254\">225~235<\/td>\n<\/tr>\n<tr>\n<td width=\"203\">Chroma (Hazen)<\/td>\n<td width=\"254\">\u226430<\/td>\n<\/tr>\n<tr>\n<td width=\"203\">Mint %<\/td>\n<td width=\"254\">\u22640.0002<\/td>\n<\/tr>\n<tr>\n<td width=\"203\">Neh\u00e9zf\u00e9mek (Pb-k\u00e9nt) %<\/td>\n<td width=\"254\">\u22640.0005<\/td>\n<\/tr>\n<\/tbody>\n<\/table>\n<h2><\/h2>\n<h2><strong><b>Izopropil-laur\u00e1t<\/b><\/strong><strong><b>\u00a0Haszn\u00e1lja a  c\u00edmet.<\/b><\/strong><\/h2>\n<h4>1. Az izopropil-laur\u00e1t kozmetikai olajos nyersanyagk\u00e9nt haszn\u00e1lhat\u00f3, \u00e9s az izopropil-laur\u00e1t ken\u0151anyag-adal\u00e9kanyagk\u00e9nt is haszn\u00e1lhat\u00f3.<\/h4>\n<h4>2. Az izopropil-laur\u00e1tot gy\u00f3gyszeripari seg\u00e9danyagk\u00e9nt, old\u00f3szerk\u00e9nt \u00e9s penetr\u00e1ci\u00f3fokoz\u00f3k\u00e9nt is lehet haszn\u00e1lni a helyi gy\u00f3gyszerekhez, n\u00f6v\u00e9nyi olaj helyett, ken\u0151anyagk\u00e9nt \u00e9s m\u00e1trixk\u00e9nt, valamint ken\u0151cs\u00f6k \u00e9s kr\u00e9mek k\u00e9sz\u00edt\u00e9s\u00e9hez.<\/h4>\n<h4>3. Aj\u00e1nlott a b\u00e9lyegz\u0151olaj old\u00f3szerek (l\u00e9gkondicion\u00e1l\u00f3 alum\u00ednium lamell\u00e1s olaj), alapolajok \u00e9s adal\u00e9kok f\u00e9mmegmunk\u00e1l\u00f3 folyad\u00e9kok, old\u00f3szer alap\u00fa tiszt\u00edt\u00f3szerek \u00e9s v\u00edzalap\u00fa tiszt\u00edt\u00f3folyad\u00e9kok sz\u00e1m\u00e1ra.<\/h4>\n<p>&nbsp;<\/p>\n<h2><strong>Izopropil-laur\u00e1t csomagol\u00e1s<\/strong><\/h2>\n<h4>Az izopropil-dodek\u00e1nsav kis kiszerel\u00e9sben 500 ml\/palack, a nagy kiszerel\u00e9s pedig sz\u00e9les sz\u00e1j\u00fa, vastag polietil\u00e9n m\u0171anyag hord\u00f3ban (bels\u0151 fed\u00e9llel) 175 kg-os vashord\u00f3ban van csomagolva.<\/h4>\n<h2><strong>Izopropil-l Laur\u00e1t t\u00e1rol\u00e1sa<\/strong><\/h2>\n<h4>Az izopropil-dodekano\u00e1tot h\u0171v\u00f6s \u00e9s sz\u00e1raz helyen, lez\u00e1rva kell t\u00e1rolni.<\/h4>\n<h2>Ugyanazon sorozat term\u00e9kei<\/h2>\n<table style=\"border-collapse: collapse; width: 318.02pt;\" border=\"0\" width=\"424\" cellspacing=\"0\" cellpadding=\"0\">\n<tbody>\n<tr style=\"height: 13.50pt;\">\n<td class=\"et2\" style=\"height: 13.50pt; width: 87.00pt;\" width=\"116\" height=\"18\">Term\u00e9k neve<\/td>\n<td class=\"et2\" style=\"width: 129.75pt;\" width=\"173\">K\u00e9miai n\u00e9v<\/td>\n<td class=\"et2\" style=\"width: 101.25pt;\" width=\"135\">CAS-sz\u00e1m<\/td>\n<\/tr>\n<tr style=\"height: 13.50pt;\">\n<td class=\"et2\" style=\"height: 13.50pt;\" height=\"18\">IPP<\/td>\n<td class=\"et2\"><a href=\"https:\/\/longchangchemical.com\/hu\/product\/isopropyl-palmitate-cas-142-91-6\/\"><span style=\"color: #00ccff;\">Izopropil-palmit\u00e1t<\/span><\/a><\/td>\n<td class=\"et2\">CAS 142-91-6<\/td>\n<\/tr>\n<tr style=\"height: 13.50pt;\">\n<td class=\"et2\" style=\"height: 13.50pt;\" height=\"18\">IPL<\/td>\n<td class=\"et2\"><a href=\"https:\/\/longchangchemical.com\/hu\/product\/isopropyl-laurate-cas-10233-13-3\/\"><span style=\"color: #00ccff;\">Izopropil-laur\u00e1t<\/span><\/a><\/td>\n<td class=\"et2\">CAS 10233-13-3<\/td>\n<\/tr>\n<tr style=\"height: 13.50pt;\">\n<td class=\"et2\" style=\"height: 13.50pt;\" height=\"18\">2-EHP<\/td>\n<td class=\"et2\"><a href=\"https:\/\/longchangchemical.com\/hu\/product\/isooctyl-palmitate-cas-1341-38-4\/\"><span style=\"color: #00ccff;\">Izooktil-palmit\u00e1t<\/span><\/a><\/td>\n<td class=\"et2\">CAS 1341-38-4<\/td>\n<\/tr>\n<tr style=\"height: 13.50pt;\">\n<td class=\"et2\" style=\"height: 13.50pt;\" height=\"18\">IPM<\/td>\n<td class=\"et2\"><a href=\"https:\/\/longchangchemical.com\/hu\/product\/isopropyl-myristate-cas-110-27-0\/\"><span style=\"color: #00ccff;\">Izopropil- miriszt\u00e1t<\/span><\/a><\/td>\n<td class=\"et2\">CAS 110-27-0<\/td>\n<\/tr>\n<\/tbody>\n<\/table>\n<h2><\/h2>\n<h2><strong><b>L\u00e9pjen kapcsolatba vel\u00fcnk most!<\/b><\/strong><\/h2>\n<h4><strong><b>Ha COA, MSDS vagy TDS-re van sz\u00fcks\u00e9ge, k\u00e9rj\u00fck, t\u00f6ltse ki el\u00e9rhet\u0151s\u00e9g\u00e9t az al\u00e1bbi \u0171rlapon, \u00e1ltal\u00e1ban 24 \u00f3r\u00e1n bel\u00fcl felvessz\u00fck \u00d6nnel a kapcsolatot. \u00d6n is k\u00fcldhet nekem e-mailt <span style=\"color: #0000ff;\"><a style=\"color: #0000ff;\" href=\"mailto:info@longchangchemical.com\">info@longchangchemical.com<\/a><\/span> munkaid\u0151ben ( 8:30-18:00 UTC+8 H.-Szombat ) vagy haszn\u00e1lja a weboldal \u00e9l\u0151 chatj\u00e9t, hogy azonnali v\u00e1laszt kapjon.<\/b><\/strong><\/h4>\n<p>&nbsp;<\/p>","protected":false},"excerpt":{"rendered":"<h4>K\u00e9miai n\u00e9v: izopropil-laur\u00e1t<\/h4>\n<h4>Egy\u00e9b nevek: dodek\u00e1nsav izopropil-\u00e9szter ; 1-metil-etil-dodekano\u00e1t<\/h4>\n<h4>CAS: 10233-13-3<\/h4>\n<h4>MF: C3H7 *<\/h4>\n<h4>MW: 43.08768<\/h4>\n<h4>Megjelen\u00e9s: Sz\u00edntelen vagy enyh\u00e9n s\u00e1rga olajos folyad\u00e9k<\/h4>\n<h4>Eszter: 98%<\/h4>","protected":false},"featured_media":3393,"comment_status":"open","ping_status":"closed","template":"","meta":[],"product_brand":[],"product_cat":[103],"product_tag":[],"class_list":{"0":"post-3392","1":"product","2":"type-product","3":"status-publish","4":"has-post-thumbnail","6":"product_cat-cosmetic-additives","8":"first","9":"instock","10":"shipping-taxable","11":"product-type-simple"},"yoast_head":"<!-- This site is optimized with the Yoast SEO plugin v25.3.1 - https:\/\/yoast.com\/wordpress\/plugins\/seo\/ -->\n<title>China Isopropyl Laurate CAS 10233-13-3 manufacturer and supplier - Longchang Chemical<\/title>\n<meta name=\"description\" content=\"Longchang Chemical is a leading manufacturer and supplier of Isopropyl Laurate CAS 10233-13-3 in China. Buy Isopropyl Laurate CAS 10233-13-3 in china. We can provide the best Isopropyl Laurate price. Other Names: dodecanoic acid isopropyl ester ; 1-Methylethyl dodecanoate.\" \/>\n<meta name=\"robots\" content=\"index, follow, max-snippet:-1, max-image-preview:large, max-video-preview:-1\" \/>\n<link rel=\"canonical\" href=\"https:\/\/longchangchemical.com\/hu\/product\/isopropyl-laurate-cas-10233-13-3\/\" \/>\n<meta property=\"og:locale\" content=\"hu_HU\" \/>\n<meta property=\"og:type\" content=\"article\" \/>\n<meta property=\"og:title\" content=\"China Isopropyl Laurate CAS 10233-13-3 manufacturer and supplier - Longchang Chemical\" \/>\n<meta property=\"og:description\" content=\"Longchang Chemical is a leading manufacturer and supplier of Isopropyl Laurate CAS 10233-13-3 in China. Buy Isopropyl Laurate CAS 10233-13-3 in china. We can provide the best Isopropyl Laurate price. Other Names: dodecanoic acid isopropyl ester ; 1-Methylethyl dodecanoate.\" \/>\n<meta property=\"og:url\" content=\"https:\/\/longchangchemical.com\/hu\/product\/isopropyl-laurate-cas-10233-13-3\/\" \/>\n<meta property=\"og:site_name\" content=\"Longchang Chemical\" \/>\n<meta property=\"article:modified_time\" content=\"2025-12-23T03:42:04+00:00\" \/>\n<meta property=\"og:image\" content=\"https:\/\/longchangchemical.com\/wp-content\/uploads\/2020\/11\/Isopropyl-Laurate-Appearance.jpg\" \/>\n\t<meta property=\"og:image:width\" content=\"600\" \/>\n\t<meta property=\"og:image:height\" content=\"800\" \/>\n\t<meta property=\"og:image:type\" content=\"image\/jpeg\" \/>\n<meta name=\"twitter:card\" content=\"summary_large_image\" \/>\n<script type=\"application\/ld+json\" class=\"yoast-schema-graph\">{\"@context\":\"https:\/\/schema.org\",\"@graph\":[{\"@type\":\"WebPage\",\"@id\":\"https:\/\/longchangchemical.com\/product\/isopropyl-laurate-cas-10233-13-3\/\",\"url\":\"https:\/\/longchangchemical.com\/product\/isopropyl-laurate-cas-10233-13-3\/\",\"name\":\"China Isopropyl Laurate CAS 10233-13-3 manufacturer and supplier - Longchang Chemical\",\"isPartOf\":{\"@id\":\"https:\/\/longchangchemical.com\/#website\"},\"primaryImageOfPage\":{\"@id\":\"https:\/\/longchangchemical.com\/product\/isopropyl-laurate-cas-10233-13-3\/#primaryimage\"},\"image\":{\"@id\":\"https:\/\/longchangchemical.com\/product\/isopropyl-laurate-cas-10233-13-3\/#primaryimage\"},\"thumbnailUrl\":\"https:\/\/longchangchemical.com\/wp-content\/uploads\/2020\/11\/Isopropyl-Laurate-Appearance.jpg\",\"datePublished\":\"2020-11-02T03:42:19+00:00\",\"dateModified\":\"2025-12-23T03:42:04+00:00\",\"description\":\"Longchang Chemical is a leading manufacturer and supplier of Isopropyl Laurate CAS 10233-13-3 in China. Buy Isopropyl Laurate CAS 10233-13-3 in china. We can provide the best Isopropyl Laurate price. Other Names: dodecanoic acid isopropyl ester ; 1-Methylethyl dodecanoate.\",\"breadcrumb\":{\"@id\":\"https:\/\/longchangchemical.com\/product\/isopropyl-laurate-cas-10233-13-3\/#breadcrumb\"},\"inLanguage\":\"hu\",\"potentialAction\":[{\"@type\":\"ReadAction\",\"target\":[\"https:\/\/longchangchemical.com\/product\/isopropyl-laurate-cas-10233-13-3\/\"]}]},{\"@type\":\"ImageObject\",\"inLanguage\":\"hu\",\"@id\":\"https:\/\/longchangchemical.com\/product\/isopropyl-laurate-cas-10233-13-3\/#primaryimage\",\"url\":\"https:\/\/longchangchemical.com\/wp-content\/uploads\/2020\/11\/Isopropyl-Laurate-Appearance.jpg\",\"contentUrl\":\"https:\/\/longchangchemical.com\/wp-content\/uploads\/2020\/11\/Isopropyl-Laurate-Appearance.jpg\",\"width\":600,\"height\":800,\"caption\":\"Isopropyl Laurate Appearance\"},{\"@type\":\"BreadcrumbList\",\"@id\":\"https:\/\/longchangchemical.com\/product\/isopropyl-laurate-cas-10233-13-3\/#breadcrumb\",\"itemListElement\":[{\"@type\":\"ListItem\",\"position\":1,\"name\":\"Home\",\"item\":\"https:\/\/longchangchemical.com\/\"},{\"@type\":\"ListItem\",\"position\":2,\"name\":\"Products Longchang\",\"item\":\"https:\/\/longchangchemical.com\/product\/\"},{\"@type\":\"ListItem\",\"position\":3,\"name\":\"IPL \/ Isopropyl Laurate CAS 10233-13-3\"}]},{\"@type\":\"WebSite\",\"@id\":\"https:\/\/longchangchemical.com\/#website\",\"url\":\"https:\/\/longchangchemical.com\/\",\"name\":\"Longchang Chemical\",\"description\":\"China chemical manufacturer \uff06 supplier\",\"publisher\":{\"@id\":\"https:\/\/longchangchemical.com\/#organization\"},\"potentialAction\":[{\"@type\":\"SearchAction\",\"target\":{\"@type\":\"EntryPoint\",\"urlTemplate\":\"https:\/\/longchangchemical.com\/?s={search_term_string}\"},\"query-input\":{\"@type\":\"PropertyValueSpecification\",\"valueRequired\":true,\"valueName\":\"search_term_string\"}}],\"inLanguage\":\"hu\"},{\"@type\":\"Organization\",\"@id\":\"https:\/\/longchangchemical.com\/#organization\",\"name\":\"Longchang Chemical\",\"url\":\"https:\/\/longchangchemical.com\/\",\"logo\":{\"@type\":\"ImageObject\",\"inLanguage\":\"hu\",\"@id\":\"https:\/\/longchangchemical.com\/#\/schema\/logo\/image\/\",\"url\":\"https:\/\/longchangchemical.com\/wp-content\/uploads\/2020\/08\/cropped-longchang-logo.png\",\"contentUrl\":\"https:\/\/longchangchemical.com\/wp-content\/uploads\/2020\/08\/cropped-longchang-logo.png\",\"width\":512,\"height\":512,\"caption\":\"Longchang Chemical\"},\"image\":{\"@id\":\"https:\/\/longchangchemical.com\/#\/schema\/logo\/image\/\"}}]}<\/script>\n<!-- \/ Yoast SEO plugin. -->","yoast_head_json":{"title":"K\u00edna izopropil-laur\u00e1t CAS 10233-13-3 gy\u00e1rt\u00f3 \u00e9s besz\u00e1ll\u00edt\u00f3 - Longchang Chemical","description":"A Longchang Chemical vezet\u0151 gy\u00e1rt\u00f3ja \u00e9s sz\u00e1ll\u00edt\u00f3ja a CAS 10233-13-3 izopropil-laur\u00e1tnak K\u00edn\u00e1ban. V\u00e1s\u00e1roljon izopropil-laur\u00e1tot CAS 10233-13-3 K\u00edn\u00e1ban. A legjobb izopropil-laur\u00e1t \u00e1rat tudjuk biztos\u00edtani. Egy\u00e9b nevek: dodek\u00e1nsav izopropil-\u00e9szter ; 1-metil-etil-dodekano\u00e1t.","robots":{"index":"index","follow":"follow","max-snippet":"max-snippet:-1","max-image-preview":"max-image-preview:large","max-video-preview":"max-video-preview:-1"},"canonical":"https:\/\/longchangchemical.com\/hu\/product\/isopropyl-laurate-cas-10233-13-3\/","og_locale":"hu_HU","og_type":"article","og_title":"China Isopropyl Laurate CAS 10233-13-3 manufacturer and supplier - Longchang Chemical","og_description":"Longchang Chemical is a leading manufacturer and supplier of Isopropyl Laurate CAS 10233-13-3 in China. Buy Isopropyl Laurate CAS 10233-13-3 in china. We can provide the best Isopropyl Laurate price. Other Names: dodecanoic acid isopropyl ester ; 1-Methylethyl dodecanoate.","og_url":"https:\/\/longchangchemical.com\/hu\/product\/isopropyl-laurate-cas-10233-13-3\/","og_site_name":"Longchang Chemical","article_modified_time":"2025-12-23T03:42:04+00:00","og_image":[{"width":600,"height":800,"url":"https:\/\/longchangchemical.com\/wp-content\/uploads\/2020\/11\/Isopropyl-Laurate-Appearance.jpg","type":"image\/jpeg"}],"twitter_card":"summary_large_image","schema":{"@context":"https:\/\/schema.org","@graph":[{"@type":"WebPage","@id":"https:\/\/longchangchemical.com\/product\/isopropyl-laurate-cas-10233-13-3\/","url":"https:\/\/longchangchemical.com\/product\/isopropyl-laurate-cas-10233-13-3\/","name":"K\u00edna izopropil-laur\u00e1t CAS 10233-13-3 gy\u00e1rt\u00f3 \u00e9s besz\u00e1ll\u00edt\u00f3 - Longchang Chemical","isPartOf":{"@id":"https:\/\/longchangchemical.com\/#website"},"primaryImageOfPage":{"@id":"https:\/\/longchangchemical.com\/product\/isopropyl-laurate-cas-10233-13-3\/#primaryimage"},"image":{"@id":"https:\/\/longchangchemical.com\/product\/isopropyl-laurate-cas-10233-13-3\/#primaryimage"},"thumbnailUrl":"https:\/\/longchangchemical.com\/wp-content\/uploads\/2020\/11\/Isopropyl-Laurate-Appearance.jpg","datePublished":"2020-11-02T03:42:19+00:00","dateModified":"2025-12-23T03:42:04+00:00","description":"A Longchang Chemical vezet\u0151 gy\u00e1rt\u00f3ja \u00e9s sz\u00e1ll\u00edt\u00f3ja a CAS 10233-13-3 izopropil-laur\u00e1tnak K\u00edn\u00e1ban. V\u00e1s\u00e1roljon izopropil-laur\u00e1tot CAS 10233-13-3 K\u00edn\u00e1ban. A legjobb izopropil-laur\u00e1t \u00e1rat tudjuk biztos\u00edtani. Egy\u00e9b nevek: dodek\u00e1nsav izopropil-\u00e9szter ; 1-metil-etil-dodekano\u00e1t.","breadcrumb":{"@id":"https:\/\/longchangchemical.com\/product\/isopropyl-laurate-cas-10233-13-3\/#breadcrumb"},"inLanguage":"hu","potentialAction":[{"@type":"ReadAction","target":["https:\/\/longchangchemical.com\/product\/isopropyl-laurate-cas-10233-13-3\/"]}]},{"@type":"ImageObject","inLanguage":"hu","@id":"https:\/\/longchangchemical.com\/product\/isopropyl-laurate-cas-10233-13-3\/#primaryimage","url":"https:\/\/longchangchemical.com\/wp-content\/uploads\/2020\/11\/Isopropyl-Laurate-Appearance.jpg","contentUrl":"https:\/\/longchangchemical.com\/wp-content\/uploads\/2020\/11\/Isopropyl-Laurate-Appearance.jpg","width":600,"height":800,"caption":"Isopropyl Laurate Appearance"},{"@type":"BreadcrumbList","@id":"https:\/\/longchangchemical.com\/product\/isopropyl-laurate-cas-10233-13-3\/#breadcrumb","itemListElement":[{"@type":"ListItem","position":1,"name":"Home","item":"https:\/\/longchangchemical.com\/"},{"@type":"ListItem","position":2,"name":"Products Longchang","item":"https:\/\/longchangchemical.com\/product\/"},{"@type":"ListItem","position":3,"name":"IPL \/ Isopropyl Laurate CAS 10233-13-3"}]},{"@type":"WebSite","@id":"https:\/\/longchangchemical.com\/#website","url":"https:\/\/longchangchemical.com\/","name":"Longchang Chemical","description":"K\u00edna k\u00e9miai gy\u00e1rt\u00f3 \uff06 sz\u00e1ll\u00edt\u00f3","publisher":{"@id":"https:\/\/longchangchemical.com\/#organization"},"potentialAction":[{"@type":"SearchAction","target":{"@type":"EntryPoint","urlTemplate":"https:\/\/longchangchemical.com\/?s={search_term_string}"},"query-input":{"@type":"PropertyValueSpecification","valueRequired":true,"valueName":"search_term_string"}}],"inLanguage":"hu"},{"@type":"Organization","@id":"https:\/\/longchangchemical.com\/#organization","name":"Longchang Chemical","url":"https:\/\/longchangchemical.com\/","logo":{"@type":"ImageObject","inLanguage":"hu","@id":"https:\/\/longchangchemical.com\/#\/schema\/logo\/image\/","url":"https:\/\/longchangchemical.com\/wp-content\/uploads\/2020\/08\/cropped-longchang-logo.png","contentUrl":"https:\/\/longchangchemical.com\/wp-content\/uploads\/2020\/08\/cropped-longchang-logo.png","width":512,"height":512,"caption":"Longchang Chemical"},"image":{"@id":"https:\/\/longchangchemical.com\/#\/schema\/logo\/image\/"}}]}},"_links":{"self":[{"href":"https:\/\/longchangchemical.com\/hu\/wp-json\/wp\/v2\/product\/3392","targetHints":{"allow":["GET"]}}],"collection":[{"href":"https:\/\/longchangchemical.com\/hu\/wp-json\/wp\/v2\/product"}],"about":[{"href":"https:\/\/longchangchemical.com\/hu\/wp-json\/wp\/v2\/types\/product"}],"replies":[{"embeddable":true,"href":"https:\/\/longchangchemical.com\/hu\/wp-json\/wp\/v2\/comments?post=3392"}],"wp:featuredmedia":[{"embeddable":true,"href":"https:\/\/longchangchemical.com\/hu\/wp-json\/wp\/v2\/media\/3393"}],"wp:attachment":[{"href":"https:\/\/longchangchemical.com\/hu\/wp-json\/wp\/v2\/media?parent=3392"}],"wp:term":[{"taxonomy":"product_brand","embeddable":true,"href":"https:\/\/longchangchemical.com\/hu\/wp-json\/wp\/v2\/product_brand?post=3392"},{"taxonomy":"product_cat","embeddable":true,"href":"https:\/\/longchangchemical.com\/hu\/wp-json\/wp\/v2\/product_cat?post=3392"},{"taxonomy":"product_tag","embeddable":true,"href":"https:\/\/longchangchemical.com\/hu\/wp-json\/wp\/v2\/product_tag?post=3392"}],"curies":[{"name":"wp","href":"https:\/\/api.w.org\/{rel}","templated":true}]}}