{"id":3384,"date":"2020-10-24T06:34:00","date_gmt":"2020-10-24T06:34:00","guid":{"rendered":"https:\/\/longchangchemical.com\/?post_type=product&#038;p=3384"},"modified":"2025-12-23T03:34:58","modified_gmt":"2025-12-23T03:34:58","slug":"allantoin-cas-97-59-6","status":"publish","type":"product","link":"https:\/\/longchangchemical.com\/hu\/product\/allantoin-cas-97-59-6\/","title":{"rendered":"Allantoin cas 97-59-6"},"content":{"rendered":"<h2><strong>Allantoin Tipikus tulajdons\u00e1gok<\/strong><\/h2>\n<table class=\"table-1\">\n<tbody>\n<tr>\n<td>\n<h4>T\u00e9telek<\/h4>\n<\/td>\n<td>\n<h4>M\u0171szaki adatok<\/h4>\n<\/td>\n<\/tr>\n<tr>\n<td>\n<h4>Megjelen\u00e9s<\/h4>\n<\/td>\n<td>\n<h4>Feh\u00e9r krist\u00e1lyos por<\/h4>\n<\/td>\n<\/tr>\n<tr>\n<td>\n<h4>Tisztas\u00e1g<\/h4>\n<\/td>\n<td>\n<h4>98.5%-101%<\/h4>\n<\/td>\n<\/tr>\n<tr>\n<td>\n<h4>Olvad\u00e1spont<\/h4>\n<\/td>\n<td>\n<h4>225.0 \u2103min<\/h4>\n<\/td>\n<\/tr>\n<tr>\n<td>\n<h4>DH(0.5% V\u00edzoldat)<\/h4>\n<\/td>\n<td>\n<h4>4.0-6.5<\/h4>\n<\/td>\n<\/tr>\n<tr>\n<td>\n<h4>Sz\u00e1r\u00edt\u00e1s vesztes\u00e9g eset\u00e9n<\/h4>\n<\/td>\n<td>\n<h4>0.5max<\/h4>\n<\/td>\n<\/tr>\n<\/tbody>\n<\/table>\n<h2><strong>Allantoin alkalmaz\u00e1sa<\/strong><\/h2>\n<h3><strong>1. Alkalmaz\u00e1s az orvostudom\u00e1ny ter\u00fclet\u00e9n<\/strong><\/h3>\n<h4>Az allantoin karbamid-hidantoin, \u00e9s a karbamid b\u0151rre gyakorolt hat\u00e1s\u00e1nak patol\u00f3giai megfigyel\u00e9se azt mutatja, hogy a f\u0151 v\u00e1ltoz\u00e1sok a szarur\u00e9teg degener\u00e1ci\u00f3ja, region\u00e1lis keratinos duzzanat \u00e9s megvastagod\u00e1s, \u00f6d\u00e9ma \u00e9s reped\u00e9sek az epiderm\u00e1lis fonalas sejtekben, valamint vil\u00e1gos b\u0151rkollag\u00e9n rostok. A degener\u00e1ci\u00f3 m\u00e9rt\u00e9ke azt jelzi, hogy hat\u00e1sa a szarur\u00e9teg felold\u00e1sa \u00e9s denatur\u00e1l\u00e1sa, valamint a b\u0151r nedvess\u00e9gtartalm\u00e1nak n\u00f6vel\u00e9se. Az epiderm\u00e1lis stratum corneum v\u00edzfelv\u00e9teli k\u00e9pess\u00e9ge els\u0151sorban a keratinocit\u00e1kat \u00f6sszek\u00f6t\u0151, nem keratinos, elektrons\u0171r\u0171 cementm\u00e1trixra t\u00e1maszkodik, \u00e9s maga a keratin kev\u00e9ss\u00e9 befoly\u00e1solja a b\u0151r teljes nedvess\u00e9gtartalm\u00e1t.<\/h4>\n<h4>Az allantoin hidrat\u00e1lja a b\u0151rt, mert k\u00e9pes n\u00f6velni \u00e9s el\u0151seg\u00edteni a k\u00f6t\u00e9sm\u00e1trix hidrat\u00e1l\u00f3 k\u00e9pess\u00e9g\u00e9t. A keratinra is k\u00e9pes hatni, hogy n\u00f6velje annak v\u00edzmegk\u00f6t\u0151 k\u00e9pess\u00e9g\u00e9t, \u00edgy a b\u0151r sima, hidrat\u00e1lt \u00e9s rugalmas lesz. Az allantoin \u00e9s az alum\u00ednium-hidroxi-allantinsav-klorid in vitro k\u00eds\u00e9rletek vizsg\u00e1lat\u00e1ra szolg\u00e1l\u00f3 pap\u00edrr\u00e9teg-elemz\u00e9si m\u00f3dszerben meg\u00e1llap\u00edtott\u00e1k, hogy k\u00e9pesek ellaz\u00edtani a norm\u00e1l \u00e9s k\u00f3ros szarur\u00e9teget, k\u00f6nnyen old\u00f3d\u00f3 nem keratinos vizet \u00e9s t\u00f6bb szabad aminosavat szabad\u00edtanak fel. Az allantoin karbamid r\u00e9sze gomba- \u00e9s bakt\u00e9riumellenes hat\u00e1ssal is rendelkezik. A szakirodalomban arr\u00f3l sz\u00e1moltak be, hogy a 2%, 5% \u00e9s 10% karbamid g\u00e1tolja a gipszszer\u0171 gy\u0171r\u0171sf\u00e9reg \u00e9s az epidermophyton flocculent cs\u0151ben; a lapos korong m\u00f3dszer k\u00eds\u00e9rleti megfigyel\u00e9se azt mutatja, hogy a 10%-60% karbamid g\u00e1tolja a Staphylococcus aureus , E. coli, Pseudomonas aeruginosa n\u00f6veked\u00e9s\u00e9t. Az allantoin hidantoin r\u00e9sze hasonl\u00f3 a barbitur\u00e1thoz (barbituirit sav) \u00e9s f\u00e1jdalomcsillap\u00edt\u00f3, \u00e9rz\u00e9stelen\u00edt\u0151 \u00e9s irrit\u00e1ci\u00f3ellenes hat\u00e1s\u00fa. Mivel az irrit\u00e1l\u00f3 anyagok semleges\u00edt\u00e9s\u00e9vel \u00e9s m\u00e9regtelen\u00edt\u00e9s\u00e9vel k\u00e9pes megnyugtatni a b\u0151rt, irrit\u00e1ci\u00f3ellenes \u00e9s narkotikus hat\u00e1s\u00fanak tartj\u00e1k. Az allantoin szint\u00e9n a h\u00fagysav sz\u00e1rmaz\u00e9ka. K\u00eds\u00e9rletek \u00e9s klinikai vizsg\u00e1latok kimutatt\u00e1k, hogy keratol\u00edzis, hidrat\u00e1l\u00e1s, \u00e9rz\u00e9stelen\u00edt\u00e9s, f\u00e1jdalomcsillap\u00edt\u00e1s, irrit\u00e1ci\u00f3 elleni, h\u00e1mn\u00f6veked\u00e9st el\u0151seg\u00edt\u0151, gyullad\u00e1scs\u00f6kkent\u0151 \u00e9s antibakteri\u00e1lis hat\u00e1sai vannak. 1937-ben Kaplan az allantoint kr\u00f3nikus seb\u00e9szeti fek\u00e9lyek kezel\u00e9s\u00e9re haszn\u00e1lta, \u00e9s meg\u00e1llap\u00edtotta, hogy jelent\u0151s hat\u00e1ssal van a nekrotikus sz\u00f6vetekre, el\u0151seg\u00edti a granul\u00e1ci\u00f3s sz\u00f6vet n\u00f6veked\u00e9s\u00e9t \u00e9s a sebgy\u00f3gyul\u00e1st. 1962-ben Cahen \u00e9s munkat\u00e1rsai el\u0151sz\u00f6r alkalmazt\u00e1k az allantoin hidroxi-alum\u00ednium s\u00f3t gyomorfek\u00e9ly kezel\u00e9s\u00e9re k\u00eds\u00e9rleti \u00e1llatokon, \u00e9s jelent\u0151s hat\u00e1st \u00e9rtek el. K\u00e9s\u0151bb sz\u00e1mos jelent\u00e9s sz\u00fcletett kiel\u00e9g\u00edt\u0151 klinikai hat\u00e1sokr\u00f3l Eur\u00f3p\u00e1ban \u00e9s Amerik\u00e1ban, k\u00fcl\u00f6n\u00f6sen Jap\u00e1nban. Haz\u00e1mban 1976-ban az \u00fajonnan kifejlesztett vegy\u00fclet allantoin tablett\u00e1k j\u00f3 gy\u00f3gy\u00edt\u00f3 hat\u00e1ssal voltak a gyomor- \u00e9s nyomb\u00e9lfek\u00e9lyre.<\/h4>\n<h4>Jelenleg az allantoint sz\u00e9les k\u00f6rben haszn\u00e1lj\u00e1k a klinikai b\u0151rgy\u00f3gy\u00e1szatban helyi k\u00e9sz\u00edtm\u00e9nyk\u00e9nt, \u00faj kezel\u00e9si lehet\u0151s\u00e9geket biztos\u00edtva a k\u00e9z- \u00e9s l\u00e1bfej reped\u00e9sek, az ichti\u00f3zis, a pikkelys\u00f6m\u00f6r, a k\u00fcl\u00f6nb\u00f6z\u0151 kerat\u00f3zisos b\u0151rbetegs\u00e9gek, a sebek kit\u00e1g\u00edt\u00e1sa \u00e9s tiszt\u00edt\u00e1sa, valamint a gyomorfek\u00e9lyek kezel\u00e9s\u00e9re. Hat\u00e1sos m\u00f3dok. Ha a 2% allantoint keratosis follicularis, palmoplant\u00e1ris keratoderma \u00e9s exfoliat\u00edv keratol\u00edzis kezel\u00e9s\u00e9re haszn\u00e1lj\u00e1k, gy\u00f3gy\u00edt\u00f3 hat\u00e1sa jobb, mint a 30% karbamid\u00e9. A 1% allantoin kr\u00e9met \u00e9s a 6101 kr\u00e9met (egyszer\u0171 kr\u00e9m) kontrollk\u00e9nt haszn\u00e1lva 46 esetben kezelt\u00e9k az ichthyosis \u00e9s a kerat\u00f3zis b\u0151rbetegs\u00e9geket, \u00e9s meg\u00e1llap\u00edtott\u00e1k, hogy a 1% allantoin kr\u00e9m szignifik\u00e1nsan jobb, mint a 6101 kr\u00e9m, m\u00edg a 0,1% vitaminos hangyasavkr\u00e9m vagy ken\u0151cs nem hat\u00e9kony az ichthyosisra. Egy jap\u00e1n szabadalmi jelent\u00e9s szerint az allantoin fontos \u00f6sszetev\u0151k\u00e9nt haszn\u00e1latos a cukorbetegs\u00e9g, a m\u00e1jcirr\u00f3zis \u00e9s a r\u00e1k kezel\u00e9s\u00e9ben, \u00e9s csontvel\u0151gyullad\u00e1s kezel\u00e9s\u00e9re is alkalmazhat\u00f3.<\/h4>\n<h3><strong>2. Alkalmaz\u00e1s a k\u00f6nny\u0171 vegyiparban<\/strong><\/h3>\n<h4>Az allantoin nem m\u00e9rgez\u0151, szagtalan \u00e9s nem irrit\u00e1l\u00f3 feh\u00e9r krist\u00e1ly. Kiv\u00e1l\u00f3 min\u0151s\u00e9g\u0171 kozmetikai alapanyag. K\u00f6zvetlen\u00fcl felhaszn\u00e1lhat\u00f3 a cs\u00facskateg\u00f3ri\u00e1s kozmetikumok \u00e9s m\u00e1s napi k\u00e9miai adal\u00e9kanyagok (p\u00e9ld\u00e1ul fogkr\u00e9mek, samponok, szappanok stb.) adal\u00e9kanyagak\u00e9nt. Hidrat\u00e1l\u00f3, sz\u00f6vetv\u00e9d\u0151, hidrofil, v\u00edzfelvev\u0151 \u00e9s v\u00edzvesztes\u00e9get megakad\u00e1lyoz\u00f3. Ezenk\u00edv\u00fcl v\u00e9d\u0151 hat\u00e1ssal van a hajra, \u00edgy a haj nem t\u00f6redezik, \u00e9s tov\u00e1bb n\u0151. A b\u0151rt \u00e9s az ajkakat puh\u00e1v\u00e1, rugalmass\u00e1 \u00e9s f\u00e9nyess\u00e9 teheti, k\u00fclf\u00f6ld\u00f6n sz\u00e9les k\u00f6rben haszn\u00e1lj\u00e1k. Mivel az allantoin maga is amfoter vegy\u00fclet, sz\u00e1mos anyaggal k\u00e9pes f\u00e9ms\u00f3k \u00e9s add\u00edci\u00f3s vegy\u00fcletek kialak\u00edt\u00e1s\u00e1ra, \u00e9s az \u00e1ltala k\u00e9pzett k\u00e9miai kombin\u00e1ci\u00f3s add\u00edci\u00f3s term\u00e9kek nem puszt\u00edtj\u00e1k el az egyes komponensek eredeti funkci\u00f3it. Az allantoin p\u00e9ld\u00e1ul 5% para-aminobenzoesavval (PABA) kombin\u00e1l\u00f3dik. Mivel a PABA maga is szintetiz\u00e1lhat\u00f3 a szarur\u00e9teggel, hat\u00e1s\u00e1t nem gyeng\u00edti a f\u00fcrd\u00e9s \u00e9s az izzad\u00e1s. Ha metil-ketonnal keveredik, az is cs\u00f6kkentheti a PABA-t. A napf\u00e9nyben 2800\uff5e3200 hull\u00e1mhossz\u00fas\u00e1g\u00fa ultraibolya sugarak erythema elnyel\u0151 \u00e9s sz\u0171r\u0151 funkci\u00f3ja van. Ez az egyik legv\u00e9d\u0151bb \u00e9s legsz\u00e9lesebb k\u00f6rben haszn\u00e1lt f\u00e9nyv\u00e9d\u0151 szer a le\u00e9g\u00e9s ellen az ultraibolya tartom\u00e1nyban. J\u00f3 megel\u0151z\u0151 hat\u00e1ssal rendelkezik. Az ultraibolya sugarak \u00e1ltal okozott b\u0151rr\u00e1k hat\u00e1sa.<\/h4>\n<h4>Az allantoin-sz\u00e1rmaz\u00e9kokat k\u00fcl\u00f6nb\u00f6z\u0151 kr\u00e9mekbe, porokba, vizes oldatokba \u00e9s tinkt\u00far\u00e1kba lehet formul\u00e1zni, amelyek nagyon n\u00e9pszer\u0171ek. Ilyen p\u00e9ld\u00e1ul az alpolygal porz\u00f3 por, amely m\u00e9regtelen\u00edt\u0151, b\u0151rsim\u00edt\u00f3, gyullad\u00e1scs\u00f6kkent\u0151 \u00e9s antibakteri\u00e1lis hat\u00e1s\u00fa. A sampon ellen\u00e1ll az irrit\u00e1ci\u00f3nak, cs\u00f6kkenti a fejb\u0151r h\u00e1ml\u00e1s\u00e1t, \u00e9s puh\u00e1v\u00e1 teszi a hajat. Egy m\u00e1sik p\u00e9lda az alkloxa, az alum\u00ednium-kl\u00f3rozott hidroxi-all\u00e1nsav, amely 0,2% - 0,5% tinkt\u00far\u00e1v\u00e1 tehet\u0151, amely formul\u00e1zhat\u00f3 \u00f6sszeh\u00faz\u00f3 parf\u00fcm, borotv\u00e1lkoz\u00f3 kr\u00e9m, dezodor, tiszt\u00edt\u00f3 kr\u00e9m stb. Az allantoin \u00e9s sz\u00e1rmaz\u00e9kai hazai \u00e9s k\u00fclf\u00f6ldi alkalmaz\u00e1sai sor\u00e1n nem sz\u00e1moltak be b\u0151rirrit\u00e1ci\u00f3r\u00f3l, f\u00e9ny\u00e9rz\u00e9kenys\u00e9gr\u0151l, allergi\u00e1s reakci\u00f3kr\u00f3l \u00e9s egy\u00e9b mell\u00e9khat\u00e1sokr\u00f3l, \u00e9s k\u00fcls\u0151leg is biztons\u00e1gosan alkalmazhat\u00f3. A sz\u00e9ps\u00e9g\u00e1pol\u00e1s fontos \u00f6sszetev\u0151jek\u00e9nt egyre nagyobb figyelmet kapott \u00e9s sz\u00e9lesk\u00f6r\u0171 kil\u00e1t\u00e1sokkal rendelkezik.<\/h4>\n<h3><strong>3. Alkalmaz\u00e1s a mez\u0151gazdas\u00e1gban<\/strong><\/h3>\n<h4>Az allantoin egy n\u00f6v\u00e9nyi n\u00f6veked\u00e9sszab\u00e1lyoz\u00f3, amely n\u00f6velheti a b\u00faza, a narancs, a rizs, a z\u00f6lds\u00e9gek \u00e9s a sz\u00f3jabab term\u00e9s\u00e9t, \u00e9s feszes\u00edt\u0151 \u00e9s \u00e9rlel\u0151 hat\u00e1s\u00fa. Ugyanakkor ez a k\u00fcl\u00f6nb\u00f6z\u0151 \u00f6sszetett m\u0171tr\u00e1gy\u00e1k, mikrotr\u00e1gy\u00e1k, lassan felszabadul\u00f3 m\u0171tr\u00e1gy\u00e1k \u00e9s a ritkaf\u00f6ldf\u00e9m m\u0171tr\u00e1gy\u00e1k alapvet\u0151 nyersanyaga. P\u00e9ld\u00e1ul a vonatkoz\u00f3 inform\u00e1ci\u00f3k szerint a sz\u00f3jababot a n\u00f6veked\u00e9si folyamat sor\u00e1n vegetat\u00edv n\u00f6veked\u00e9sre \u00e9s reprodukt\u00edv n\u00f6veked\u00e9sre osztj\u00e1k. Az \u00fagynevezett vegetat\u00edv n\u00f6veked\u00e9s a nitrog\u00e9nt a k\u00f6z\u00f6ns\u00e9ges nitrog\u00e9nm\u0171tr\u00e1gy\u00e1kb\u00f3l veszi fel a sz\u00e1rak \u00e9s levelek n\u00f6veked\u00e9s\u00e9nek el\u0151seg\u00edt\u00e9se \u00e9rdek\u00e9ben; az \u00fagynevezett reprodukt\u00edv n\u00f6veked\u00e9s a leveg\u0151ben l\u00e9v\u0151 nitrog\u00e9nt a csom\u00f3k nitrog\u00e9nmegk\u00f6t\u0151 rendszere \u00e1ltal cs\u00f6kkenti, \u00e9s a n\u00f6v\u00e9nyeket k\u00f6z\u00f6ns\u00e9ges nitrog\u00e9n form\u00e1j\u00e1ban ell\u00e1tja a vir\u00e1g \u00e9s a h\u00fcvely el\u0151seg\u00edt\u00e9se \u00e9rdek\u00e9ben, hogy magas hozamot \u00e9rjen el. Ha azonban a reduk\u00e1lt nitrog\u00e9n t\u00falzott m\u00e9rt\u00e9k\u0171, a sz\u00f3jabab egy allantoin nev\u0171 szerves nitrog\u00e9nvegy\u00fcletet termel a reduk\u00e1lt nitrog\u00e9n hat\u00e9kony t\u00e1rol\u00e1sa \u00e9rdek\u00e9ben.<\/h4>\n<h4>Az allantoin a d\u00fas sz\u00e1rak \u00e9s levelek id\u0151szak\u00e1ban ritk\u00e1n ker\u00fcl felhaszn\u00e1l\u00e1sra, hanem a sok nitrog\u00e9nt s\u00fcrg\u0151sen ig\u00e9nyl\u0151 sz\u00f3jabab h\u00fcvelyekbe ker\u00fcl, \u00e9s itt lebomlik \u00e9s felhaszn\u00e1l\u00e1sra ker\u00fcl a sz\u00f3jabab magvak feh\u00e9rj\u00e9j\u00e9nek hat\u00e9kony kialak\u00edt\u00e1s\u00e1hoz. B\u00e1r az allantoin d\u00f6nt\u0151 szerepet j\u00e1tszik a sz\u00f3jaterm\u00e9s n\u00f6vel\u00e9s\u00e9ben, a term\u00e9s beltartalma igen csek\u00e9ly. Lehetetlen mesters\u00e9gesen szab\u00e1lyozni a n\u00f6v\u00e9ny \u00e1ltal termelt allantoin koncentr\u00e1ci\u00f3j\u00e1t. Ez\u00e9rt a sz\u00f3jabab vir\u00e1gz\u00e1si id\u0151szak\u00e1ban \u00e9ri el. Az allantoin permetez\u00e9se az \u00e9r\u00e9s sor\u00e1n a sz\u00f3jabab reprodukt\u00edv n\u00f6veked\u00e9s\u00e9nek sz\u00fcks\u00e9gleteinek kiel\u00e9g\u00edt\u00e9s\u00e9re \u00e9s a reprodukt\u00edv auxin szerep\u00e9nek bet\u00f6lt\u00e9s\u00e9re, a sz\u00f3jatermel\u00e9s n\u00f6vel\u00e9s\u00e9nek c\u00e9lj\u00e1nak el\u00e9r\u00e9se \u00e9rdek\u00e9ben. orsz\u00e1gom nagy mez\u0151gazdas\u00e1gi orsz\u00e1g, amelynek teljes term\u00e9smennyis\u00e9ge t\u00f6bb t\u00edzmilli\u00e1rd katica. Ha a termel\u00e9s n\u00f6veked\u00e9s\u00e9t el lehet \u00e9rni, akkor ez egy tisztess\u00e9ges sz\u00e1m lesz, ami nagy jelent\u0151s\u00e9ggel b\u00edr az ipari \u00e9s mez\u0151gazdas\u00e1gi termel\u00e9s, az emberek \u00e9lete \u00e9s a k\u00fclkereskedelem szempontj\u00e1b\u00f3l.<\/h4>\n<h2><strong>AllantoinKiszerel\u00e9s \u00e9s sz\u00e1ll\u00edt\u00e1s<\/strong><\/h2>\n<h4>25kg\/dob<\/h4>\n<h2><strong>Allantoin t\u00e1rol\u00e1sa<\/strong><\/h2>\n<h4>Alacsony h\u0151m\u00e9rs\u00e9klet, sz\u00e1raz, ker\u00fclje a k\u00f6zvetlen napf\u00e9nyt.<\/h4>\n<h2><strong>L\u00e9pjen kapcsolatba vel\u00fcnk most!<\/strong><\/h2>\n<h4>Elfogadjuk az egyedi szolg\u00e1ltat\u00e1sokat, \u00e1ltal\u00e1ban 24 \u00f3r\u00e1n bel\u00fcl felvessz\u00fck \u00d6nnel a kapcsolatot. A munkaid\u0151ben ( 8:30-18:00 UTC+8 H.~Szombat ) az info@longchangchemical.com e-mail c\u00edmen is k\u00fcldhet e-mailt, vagy haszn\u00e1lhatja a weboldal \u00e9l\u0151 chatj\u00e9t, hogy gyors v\u00e1laszt kapjon.<\/h4>","protected":false},"excerpt":{"rendered":"<h1><strong>Allantoin CAS 97-59-6<\/strong><\/h1>\n<h4>K\u00e9miai n\u00e9v: Allantoin<\/h4>\n<h4>CAS-sz\u00e1m: 97-59-6<\/h4>\n<h4>Molekul\u00e1ris k\u00e9plet: C4H6N4O3<\/h4>\n<h4>K\u00e9miai szerkezet:<img decoding=\"async\" title=\"image.png\" src=\"https:\/\/www.longchangchemical.com\/wp-content\/uploads\/product-details\/20200617233976.png\" alt=\"image.png\" \/><\/h4>\n<h4>Molekulat\u00f6meg:158,12<\/h4>\n<h4>Megjelen\u00e9s: Feh\u00e9r krist\u00e1lyos por<\/h4>\n<h4>Assay\uff1a98.5%-101%<\/h4>","protected":false},"featured_media":3385,"comment_status":"open","ping_status":"closed","template":"","meta":[],"product_brand":[],"product_cat":[103],"product_tag":[],"class_list":{"0":"post-3384","1":"product","2":"type-product","3":"status-publish","4":"has-post-thumbnail","6":"product_cat-cosmetic-additives","8":"first","9":"instock","10":"shipping-taxable","11":"product-type-simple"},"yoast_head":"<!-- This site is optimized with the Yoast SEO plugin v25.3.1 - https:\/\/yoast.com\/wordpress\/plugins\/seo\/ -->\n<title>China Allantoin cas 97-59-6 manufacturer and supplier - Longchang Chemical<\/title>\n<meta name=\"description\" content=\"Longchang Chemical is a leading manufacturer and supplier of Allantoin cas 97-59-6 in China. Buy Allantoin cas 97-59-6 in china. We can provide the best Allantoin price.\" \/>\n<meta name=\"robots\" content=\"index, follow, max-snippet:-1, max-image-preview:large, max-video-preview:-1\" \/>\n<link rel=\"canonical\" href=\"https:\/\/longchangchemical.com\/hu\/product\/allantoin-cas-97-59-6\/\" \/>\n<meta property=\"og:locale\" content=\"hu_HU\" \/>\n<meta property=\"og:type\" content=\"article\" \/>\n<meta property=\"og:title\" content=\"China Allantoin cas 97-59-6 manufacturer and supplier - Longchang Chemical\" \/>\n<meta property=\"og:description\" content=\"Longchang Chemical is a leading manufacturer and supplier of Allantoin cas 97-59-6 in China. Buy Allantoin cas 97-59-6 in china. We can provide the best Allantoin price.\" \/>\n<meta property=\"og:url\" content=\"https:\/\/longchangchemical.com\/hu\/product\/allantoin-cas-97-59-6\/\" \/>\n<meta property=\"og:site_name\" content=\"Longchang Chemical\" \/>\n<meta property=\"article:modified_time\" content=\"2025-12-23T03:34:58+00:00\" \/>\n<meta property=\"og:image\" content=\"https:\/\/longchangchemical.com\/wp-content\/uploads\/2020\/10\/Appearnce.jpg\" \/>\n\t<meta property=\"og:image:width\" content=\"600\" \/>\n\t<meta property=\"og:image:height\" content=\"800\" \/>\n\t<meta property=\"og:image:type\" content=\"image\/jpeg\" \/>\n<meta name=\"twitter:card\" content=\"summary_large_image\" \/>\n<script type=\"application\/ld+json\" class=\"yoast-schema-graph\">{\"@context\":\"https:\/\/schema.org\",\"@graph\":[{\"@type\":\"WebPage\",\"@id\":\"https:\/\/longchangchemical.com\/product\/allantoin-cas-97-59-6\/\",\"url\":\"https:\/\/longchangchemical.com\/product\/allantoin-cas-97-59-6\/\",\"name\":\"China Allantoin cas 97-59-6 manufacturer and supplier - Longchang Chemical\",\"isPartOf\":{\"@id\":\"https:\/\/longchangchemical.com\/#website\"},\"primaryImageOfPage\":{\"@id\":\"https:\/\/longchangchemical.com\/product\/allantoin-cas-97-59-6\/#primaryimage\"},\"image\":{\"@id\":\"https:\/\/longchangchemical.com\/product\/allantoin-cas-97-59-6\/#primaryimage\"},\"thumbnailUrl\":\"https:\/\/longchangchemical.com\/wp-content\/uploads\/2020\/10\/Appearnce.jpg\",\"datePublished\":\"2020-10-24T06:34:00+00:00\",\"dateModified\":\"2025-12-23T03:34:58+00:00\",\"description\":\"Longchang Chemical is a leading manufacturer and supplier of Allantoin cas 97-59-6 in China. Buy Allantoin cas 97-59-6 in china. We can provide the best Allantoin price.\",\"breadcrumb\":{\"@id\":\"https:\/\/longchangchemical.com\/product\/allantoin-cas-97-59-6\/#breadcrumb\"},\"inLanguage\":\"hu\",\"potentialAction\":[{\"@type\":\"ReadAction\",\"target\":[\"https:\/\/longchangchemical.com\/product\/allantoin-cas-97-59-6\/\"]}]},{\"@type\":\"ImageObject\",\"inLanguage\":\"hu\",\"@id\":\"https:\/\/longchangchemical.com\/product\/allantoin-cas-97-59-6\/#primaryimage\",\"url\":\"https:\/\/longchangchemical.com\/wp-content\/uploads\/2020\/10\/Appearnce.jpg\",\"contentUrl\":\"https:\/\/longchangchemical.com\/wp-content\/uploads\/2020\/10\/Appearnce.jpg\",\"width\":600,\"height\":800,\"caption\":\"Allantoin Appearance\"},{\"@type\":\"BreadcrumbList\",\"@id\":\"https:\/\/longchangchemical.com\/product\/allantoin-cas-97-59-6\/#breadcrumb\",\"itemListElement\":[{\"@type\":\"ListItem\",\"position\":1,\"name\":\"Home\",\"item\":\"https:\/\/longchangchemical.com\/\"},{\"@type\":\"ListItem\",\"position\":2,\"name\":\"Products Longchang\",\"item\":\"https:\/\/longchangchemical.com\/product\/\"},{\"@type\":\"ListItem\",\"position\":3,\"name\":\"Allantoin cas 97-59-6\"}]},{\"@type\":\"WebSite\",\"@id\":\"https:\/\/longchangchemical.com\/#website\",\"url\":\"https:\/\/longchangchemical.com\/\",\"name\":\"Longchang Chemical\",\"description\":\"China chemical manufacturer \uff06 supplier\",\"publisher\":{\"@id\":\"https:\/\/longchangchemical.com\/#organization\"},\"potentialAction\":[{\"@type\":\"SearchAction\",\"target\":{\"@type\":\"EntryPoint\",\"urlTemplate\":\"https:\/\/longchangchemical.com\/?s={search_term_string}\"},\"query-input\":{\"@type\":\"PropertyValueSpecification\",\"valueRequired\":true,\"valueName\":\"search_term_string\"}}],\"inLanguage\":\"hu\"},{\"@type\":\"Organization\",\"@id\":\"https:\/\/longchangchemical.com\/#organization\",\"name\":\"Longchang Chemical\",\"url\":\"https:\/\/longchangchemical.com\/\",\"logo\":{\"@type\":\"ImageObject\",\"inLanguage\":\"hu\",\"@id\":\"https:\/\/longchangchemical.com\/#\/schema\/logo\/image\/\",\"url\":\"https:\/\/longchangchemical.com\/wp-content\/uploads\/2020\/08\/cropped-longchang-logo.png\",\"contentUrl\":\"https:\/\/longchangchemical.com\/wp-content\/uploads\/2020\/08\/cropped-longchang-logo.png\",\"width\":512,\"height\":512,\"caption\":\"Longchang Chemical\"},\"image\":{\"@id\":\"https:\/\/longchangchemical.com\/#\/schema\/logo\/image\/\"}}]}<\/script>\n<!-- \/ Yoast SEO plugin. -->","yoast_head_json":{"title":"K\u00edna Allantoin cas 97-59-6 gy\u00e1rt\u00f3 \u00e9s sz\u00e1ll\u00edt\u00f3 - Longchang Chemical","description":"A Longchang Chemical az Allantoin cas 97-59-6 vezet\u0151 gy\u00e1rt\u00f3ja \u00e9s sz\u00e1ll\u00edt\u00f3ja K\u00edn\u00e1ban. V\u00e1s\u00e1rolja meg az Allantoin cas 97-59-6-ot K\u00edn\u00e1ban. A legjobb Allantoin \u00e1rat tudjuk biztos\u00edtani.","robots":{"index":"index","follow":"follow","max-snippet":"max-snippet:-1","max-image-preview":"max-image-preview:large","max-video-preview":"max-video-preview:-1"},"canonical":"https:\/\/longchangchemical.com\/hu\/product\/allantoin-cas-97-59-6\/","og_locale":"hu_HU","og_type":"article","og_title":"China Allantoin cas 97-59-6 manufacturer and supplier - Longchang Chemical","og_description":"Longchang Chemical is a leading manufacturer and supplier of Allantoin cas 97-59-6 in China. Buy Allantoin cas 97-59-6 in china. We can provide the best Allantoin price.","og_url":"https:\/\/longchangchemical.com\/hu\/product\/allantoin-cas-97-59-6\/","og_site_name":"Longchang Chemical","article_modified_time":"2025-12-23T03:34:58+00:00","og_image":[{"width":600,"height":800,"url":"https:\/\/longchangchemical.com\/wp-content\/uploads\/2020\/10\/Appearnce.jpg","type":"image\/jpeg"}],"twitter_card":"summary_large_image","schema":{"@context":"https:\/\/schema.org","@graph":[{"@type":"WebPage","@id":"https:\/\/longchangchemical.com\/product\/allantoin-cas-97-59-6\/","url":"https:\/\/longchangchemical.com\/product\/allantoin-cas-97-59-6\/","name":"K\u00edna Allantoin cas 97-59-6 gy\u00e1rt\u00f3 \u00e9s sz\u00e1ll\u00edt\u00f3 - Longchang Chemical","isPartOf":{"@id":"https:\/\/longchangchemical.com\/#website"},"primaryImageOfPage":{"@id":"https:\/\/longchangchemical.com\/product\/allantoin-cas-97-59-6\/#primaryimage"},"image":{"@id":"https:\/\/longchangchemical.com\/product\/allantoin-cas-97-59-6\/#primaryimage"},"thumbnailUrl":"https:\/\/longchangchemical.com\/wp-content\/uploads\/2020\/10\/Appearnce.jpg","datePublished":"2020-10-24T06:34:00+00:00","dateModified":"2025-12-23T03:34:58+00:00","description":"A Longchang Chemical az Allantoin cas 97-59-6 vezet\u0151 gy\u00e1rt\u00f3ja \u00e9s sz\u00e1ll\u00edt\u00f3ja K\u00edn\u00e1ban. V\u00e1s\u00e1rolja meg az Allantoin cas 97-59-6-ot K\u00edn\u00e1ban. A legjobb Allantoin \u00e1rat tudjuk biztos\u00edtani.","breadcrumb":{"@id":"https:\/\/longchangchemical.com\/product\/allantoin-cas-97-59-6\/#breadcrumb"},"inLanguage":"hu","potentialAction":[{"@type":"ReadAction","target":["https:\/\/longchangchemical.com\/product\/allantoin-cas-97-59-6\/"]}]},{"@type":"ImageObject","inLanguage":"hu","@id":"https:\/\/longchangchemical.com\/product\/allantoin-cas-97-59-6\/#primaryimage","url":"https:\/\/longchangchemical.com\/wp-content\/uploads\/2020\/10\/Appearnce.jpg","contentUrl":"https:\/\/longchangchemical.com\/wp-content\/uploads\/2020\/10\/Appearnce.jpg","width":600,"height":800,"caption":"Allantoin Appearance"},{"@type":"BreadcrumbList","@id":"https:\/\/longchangchemical.com\/product\/allantoin-cas-97-59-6\/#breadcrumb","itemListElement":[{"@type":"ListItem","position":1,"name":"Home","item":"https:\/\/longchangchemical.com\/"},{"@type":"ListItem","position":2,"name":"Products Longchang","item":"https:\/\/longchangchemical.com\/product\/"},{"@type":"ListItem","position":3,"name":"Allantoin cas 97-59-6"}]},{"@type":"WebSite","@id":"https:\/\/longchangchemical.com\/#website","url":"https:\/\/longchangchemical.com\/","name":"Longchang Chemical","description":"K\u00edna k\u00e9miai gy\u00e1rt\u00f3 \uff06 sz\u00e1ll\u00edt\u00f3","publisher":{"@id":"https:\/\/longchangchemical.com\/#organization"},"potentialAction":[{"@type":"SearchAction","target":{"@type":"EntryPoint","urlTemplate":"https:\/\/longchangchemical.com\/?s={search_term_string}"},"query-input":{"@type":"PropertyValueSpecification","valueRequired":true,"valueName":"search_term_string"}}],"inLanguage":"hu"},{"@type":"Organization","@id":"https:\/\/longchangchemical.com\/#organization","name":"Longchang Chemical","url":"https:\/\/longchangchemical.com\/","logo":{"@type":"ImageObject","inLanguage":"hu","@id":"https:\/\/longchangchemical.com\/#\/schema\/logo\/image\/","url":"https:\/\/longchangchemical.com\/wp-content\/uploads\/2020\/08\/cropped-longchang-logo.png","contentUrl":"https:\/\/longchangchemical.com\/wp-content\/uploads\/2020\/08\/cropped-longchang-logo.png","width":512,"height":512,"caption":"Longchang Chemical"},"image":{"@id":"https:\/\/longchangchemical.com\/#\/schema\/logo\/image\/"}}]}},"_links":{"self":[{"href":"https:\/\/longchangchemical.com\/hu\/wp-json\/wp\/v2\/product\/3384","targetHints":{"allow":["GET"]}}],"collection":[{"href":"https:\/\/longchangchemical.com\/hu\/wp-json\/wp\/v2\/product"}],"about":[{"href":"https:\/\/longchangchemical.com\/hu\/wp-json\/wp\/v2\/types\/product"}],"replies":[{"embeddable":true,"href":"https:\/\/longchangchemical.com\/hu\/wp-json\/wp\/v2\/comments?post=3384"}],"wp:featuredmedia":[{"embeddable":true,"href":"https:\/\/longchangchemical.com\/hu\/wp-json\/wp\/v2\/media\/3385"}],"wp:attachment":[{"href":"https:\/\/longchangchemical.com\/hu\/wp-json\/wp\/v2\/media?parent=3384"}],"wp:term":[{"taxonomy":"product_brand","embeddable":true,"href":"https:\/\/longchangchemical.com\/hu\/wp-json\/wp\/v2\/product_brand?post=3384"},{"taxonomy":"product_cat","embeddable":true,"href":"https:\/\/longchangchemical.com\/hu\/wp-json\/wp\/v2\/product_cat?post=3384"},{"taxonomy":"product_tag","embeddable":true,"href":"https:\/\/longchangchemical.com\/hu\/wp-json\/wp\/v2\/product_tag?post=3384"}],"curies":[{"name":"wp","href":"https:\/\/api.w.org\/{rel}","templated":true}]}}