{"id":3382,"date":"2020-10-23T12:00:12","date_gmt":"2020-10-23T12:00:12","guid":{"rendered":"https:\/\/longchangchemical.com\/?post_type=product&#038;p=3382"},"modified":"2026-05-08T02:59:26","modified_gmt":"2026-05-08T02:59:26","slug":"hals-119-light-stabilizer-119-chimassorb-119","status":"publish","type":"product","link":"https:\/\/longchangchemical.com\/hu\/product\/hals-119-light-stabilizer-119-chimassorb-119\/","title":{"rendered":"CHLUMILS\u00ae UV-119 \/ HALS 119 \/ F\u00e9nystabiliz\u00e1tor 119 \/ Chimassorb 119 CAS 106990-43-6"},"content":{"rendered":"<h2><strong>UV-119 Chimassorb 119 Tipikus tulajdons\u00e1gok<\/strong><\/h2>\n<table class=\"table-1\">\n<tbody>\n<tr>\n<td width=\"284\">\n<h4><strong><b>T\u00e9tel<\/b><\/strong><\/h4>\n<\/td>\n<td width=\"284\">\n<h4><strong><b>M\u0171szaki adatok<\/b><\/strong><\/h4>\n<\/td>\n<\/tr>\n<tr>\n<td width=\"284\">\n<h4>Megjelen\u00e9s<\/h4>\n<\/td>\n<td width=\"284\">\n<h4>Feh\u00e9r vagy vil\u00e1goss\u00e1rga szemcs\u00e9k<\/h4>\n<\/td>\n<\/tr>\n<tr>\n<td width=\"284\">\n<h4>Ill\u00e9kony anyagok<\/h4>\n<\/td>\n<td width=\"284\">\n<h4>\u22640,50%<\/h4>\n<\/td>\n<\/tr>\n<tr>\n<td width=\"284\">\n<h4>Ash<\/h4>\n<\/td>\n<td width=\"284\">\n<h4>\u22640,1%<\/h4>\n<\/td>\n<\/tr>\n<tr>\n<td width=\"284\">\n<h4>L\u00e1gyul\u00e1si pont<\/h4>\n<\/td>\n<td width=\"284\">\n<h4>120-135\u2103<\/h4>\n<\/td>\n<\/tr>\n<tr>\n<td width=\"284\">\n<h4>Chroma(Apah)<\/h4>\n<\/td>\n<td width=\"284\">\n<h4>\u2264100<\/h4>\n<\/td>\n<\/tr>\n<tr>\n<td width=\"284\">\n<h4>F\u00e9ny\u00e1tereszt\u00e9s<\/h4>\n<h4>\uff08425nm\uff09<\/h4>\n<\/td>\n<td width=\"284\">\n<h4><\/h4>\n<h4>\u226585%<\/h4>\n<\/td>\n<\/tr>\n<tr>\n<td width=\"284\">\n<h4>F\u00e9ny\u00e1tereszt\u00e9s<\/h4>\n<h4>\uff08450nm\uff09<\/h4>\n<\/td>\n<td width=\"284\">\n<h4><\/h4>\n<h4>\u226587%<\/h4>\n<\/td>\n<\/tr>\n<tr>\n<td width=\"284\">\n<h4>F\u00e9ny\u00e1tereszt\u00e9s<\/h4>\n<h4>\uff08500nm\uff09<\/h4>\n<\/td>\n<td width=\"284\">\n<h4><\/h4>\n<h4>\u226589%<\/h4>\n<\/td>\n<\/tr>\n<\/tbody>\n<\/table>\n<h2><\/h2>\n<h2><strong>Chimassorb 119 Haszn\u00e1lat<\/strong><\/h2>\n<h4>1. A term\u00e9k k\u00fcl\u00f6n\u00f6sen alkalmas PE mez\u0151gazdas\u00e1gi \u00fcvegh\u00e1zi f\u00f3lia, PP sz\u00e1lak, talkumporral t\u00f6lt\u00f6tt PP \u00e9s TPO aut\u00f3ipari alkatr\u00e9szek felhaszn\u00e1l\u00e1s\u00e1ra.<br \/>\n2. A porfest\u00e9kek mellett EVA, EPDM, PA, PET, PMMA \u00e9s m\u00e1s anyagokhoz is haszn\u00e1lhat\u00f3.<\/h4>\n<p>&nbsp;<\/p>\n<h2><strong>Chimassorb 119 Csomagol\u00e1s<\/strong><\/h2>\n<h4>25 kg-os kartondoboz bels\u0151 m\u0171anyag zacsk\u00f3val vagy az \u00fcgyf\u00e9l ig\u00e9nyei szerint.<\/h4>\n<p>&nbsp;<\/p>\n<h2><strong>Chimassorb 119 t\u00e1rol\u00e1s<\/strong><\/h2>\n<h4>Tartsa a tart\u00e1lyt szorosan lez\u00e1rva, sz\u00e1raz \u00e9s j\u00f3l szell\u0151z\u0151 helyen.<\/h4>\n<p>&nbsp;<\/p>\n<h2><strong>Ugyanazon sorozat term\u00e9kei<\/strong><\/h2>\n<table width=\"546\">\n<tbody>\n<tr>\n<td width=\"399\">\n<h4><a href=\"https:\/\/longchangchemical.com\/hu\/product\/hals-119-light-stabilizer-119-chimassorb-119\/\"><span style=\"color: #0000ff;\">HALS 119 \/ F\u00c9NYSTABILIZ\u00c1TOR 119 \/ CHIMASSORB 119<\/span><\/a><\/h4>\n<\/td>\n<td width=\"147\">\n<h4>106990-43-6<\/h4>\n<\/td>\n<\/tr>\n<tr>\n<td>\n<h4><a href=\"https:\/\/longchangchemical.com\/hu\/product\/light-stabilizer-123-tinuvin-123-cas-129757-67-1\/\"><span style=\"color: #0000ff;\">HALS 123 \/ F\u00c9NYSTABILIZ\u00c1TOR 123 \/ TINUVIN 123<\/span><\/a><\/h4>\n<\/td>\n<td>\n<h4>129757-67-1<\/h4>\n<\/td>\n<\/tr>\n<tr>\n<td>\n<h4><a href=\"https:\/\/longchangchemical.com\/hu\/product\/light-stabilizer-622-tinuvin-622-cas-65447-77-0\/\"><span style=\"color: #0000ff;\">HALS 622 \/ K\u00d6NNY\u0170 STABILIZ\u00c1TOR 622 \/ TINUVIN 622<\/span><\/a><\/h4>\n<\/td>\n<td>\n<h4><span style=\"color: #000000;\">65447-77-0<\/span><\/h4>\n<\/td>\n<\/tr>\n<tr>\n<td>\n<h4><a href=\"https:\/\/longchangchemical.com\/hu\/product\/light-stabilizer-770-tinuvin-770-cas-52829-07-9\/\"><span style=\"color: #0000ff;\">HALS 770 \/ K\u00d6NNY\u0170 STABILIZ\u00c1TOR 770 \/ TINUVIN 770<\/span><\/a><\/h4>\n<\/td>\n<td>\n<h4>52829-07-9<\/h4>\n<\/td>\n<\/tr>\n<tr>\n<td>\n<h4><a href=\"https:\/\/longchangchemical.com\/hu\/product\/uv-light-stabilizer-783-tinuvin-783\/\"><span style=\"color: #0000ff;\">HALS 783 \/ UV F\u00c9NYSTABILIZ\u00c1TOR 783 \/ TINUVIN 783<\/span><\/a><\/h4>\n<\/td>\n<td><\/td>\n<\/tr>\n<tr>\n<td>\n<h4><a href=\"https:\/\/longchangchemical.com\/hu\/product\/light-stabilizer-791-tinuvin-791\/\"><span style=\"color: #0000ff;\">HALS 791 \/ K\u00d6NNY\u0170 STABILIZ\u00c1TOR 791 \/ TINUVIN 791<\/span><\/a><\/h4>\n<\/td>\n<td><\/td>\n<\/tr>\n<tr>\n<td>\n<h4><a href=\"https:\/\/longchangchemical.com\/hu\/product\/light-stabilizer-944-cas-70624-18-9\/\"><span style=\"color: #0000ff;\">HALS 944 F\u00c9NYSTABILIZ\u00c1TOR-944 CHIMASORB 944<\/span><\/a><\/h4>\n<\/td>\n<td>\n<h4>70624-18-9 \/ 71878-19-8<\/h4>\n<\/td>\n<\/tr>\n<\/tbody>\n<\/table>\n<p>&nbsp;<\/p>\n<h2><strong><b>L\u00e9pjen kapcsolatba vel\u00fcnk most!<\/b><\/strong><\/h2>\n<h4><strong><b>Ha COA, MSDS vagy TDS-re van sz\u00fcks\u00e9ge, k\u00e9rj\u00fck, t\u00f6ltse ki el\u00e9rhet\u0151s\u00e9g\u00e9t az al\u00e1bbi \u0171rlapon, \u00e1ltal\u00e1ban 24 \u00f3r\u00e1n bel\u00fcl felvessz\u00fck \u00d6nnel a kapcsolatot. \u00d6n is k\u00fcldhet nekem e-mailt <span style=\"color: #0000ff;\"><a style=\"color: #0000ff;\" href=\"mailto:info@longchangchemical.com\">info@longchangchemical.com<\/a><\/span> munkaid\u0151ben ( 8:30-18:00 UTC+8 H.-Szombat ) vagy haszn\u00e1lja a weboldal \u00e9l\u0151 chatj\u00e9t, hogy azonnali v\u00e1laszt kapjon.<\/b><\/strong><\/h4>","protected":false},"excerpt":{"rendered":"<p>K\u00e9miai n\u00e9v: Vegyi n\u00e9v: Chimassorb 119<\/p>\n<p>Egy\u00e9b nevek: F\u00e9nystabiliz\u00e1tor 119<\/p>\n<p>CAS-sz\u00e1m: 106990-43-6<\/p>\n<p>Molekul\u00e1ris k\u00e9plet: C132H250N32<\/p>\n<p>Molekulat\u00f6meg: 2285,61<\/p>\n<p>Megjelen\u00e9s: Feh\u00e9r vagy vil\u00e1goss\u00e1rga szemcs\u00e9k<\/p>","protected":false},"featured_media":3383,"comment_status":"open","ping_status":"closed","template":"","meta":[],"product_brand":[],"product_cat":[104],"product_tag":[],"class_list":{"0":"post-3382","1":"product","2":"type-product","3":"status-publish","4":"has-post-thumbnail","6":"product_cat-light-stabilizer","8":"first","9":"instock","10":"shipping-taxable","11":"product-type-simple"},"yoast_head":"<!-- This site is optimized with the Yoast SEO plugin v25.3.1 - https:\/\/yoast.com\/wordpress\/plugins\/seo\/ -->\n<title>China HALS 119 \/ Light Stabilizer 119 \/ Chimassorb 119 CAS 106990-43-6 manufacturer and supplier - Longchang Chemical<\/title>\n<meta name=\"description\" content=\"Longchang Chemical is a leading manufacturer and supplier of HALS 119 \/ Light Stabilizer 119 \/ Chimassorb 119 in China. Buy Chimassorb 119 in china. We can provide the best Chimassorb 119 price.\" \/>\n<meta name=\"robots\" content=\"index, follow, max-snippet:-1, max-image-preview:large, max-video-preview:-1\" \/>\n<link rel=\"canonical\" href=\"https:\/\/longchangchemical.com\/hu\/product\/hals-119-light-stabilizer-119-chimassorb-119\/\" \/>\n<meta property=\"og:locale\" content=\"hu_HU\" \/>\n<meta property=\"og:type\" content=\"article\" \/>\n<meta property=\"og:title\" content=\"China HALS 119 \/ Light Stabilizer 119 \/ Chimassorb 119 CAS 106990-43-6 manufacturer and supplier - Longchang Chemical\" \/>\n<meta property=\"og:description\" content=\"Longchang Chemical is a leading manufacturer and supplier of HALS 119 \/ Light Stabilizer 119 \/ Chimassorb 119 in China. Buy Chimassorb 119 in china. We can provide the best Chimassorb 119 price.\" \/>\n<meta property=\"og:url\" content=\"https:\/\/longchangchemical.com\/hu\/product\/hals-119-light-stabilizer-119-chimassorb-119\/\" \/>\n<meta property=\"og:site_name\" content=\"Longchang Chemical\" \/>\n<meta property=\"article:modified_time\" content=\"2026-05-08T02:59:26+00:00\" \/>\n<meta property=\"og:image\" content=\"https:\/\/longchangchemical.com\/wp-content\/uploads\/2020\/10\/Chimassorb-119-Appearance.jpg\" \/>\n\t<meta property=\"og:image:width\" content=\"600\" \/>\n\t<meta property=\"og:image:height\" content=\"800\" \/>\n\t<meta property=\"og:image:type\" content=\"image\/jpeg\" \/>\n<meta name=\"twitter:card\" content=\"summary_large_image\" \/>\n<script type=\"application\/ld+json\" class=\"yoast-schema-graph\">{\"@context\":\"https:\/\/schema.org\",\"@graph\":[{\"@type\":\"WebPage\",\"@id\":\"https:\/\/longchangchemical.com\/product\/hals-119-light-stabilizer-119-chimassorb-119\/\",\"url\":\"https:\/\/longchangchemical.com\/product\/hals-119-light-stabilizer-119-chimassorb-119\/\",\"name\":\"China HALS 119 \/ Light Stabilizer 119 \/ Chimassorb 119 CAS 106990-43-6 manufacturer and supplier - Longchang Chemical\",\"isPartOf\":{\"@id\":\"https:\/\/longchangchemical.com\/#website\"},\"primaryImageOfPage\":{\"@id\":\"https:\/\/longchangchemical.com\/product\/hals-119-light-stabilizer-119-chimassorb-119\/#primaryimage\"},\"image\":{\"@id\":\"https:\/\/longchangchemical.com\/product\/hals-119-light-stabilizer-119-chimassorb-119\/#primaryimage\"},\"thumbnailUrl\":\"https:\/\/longchangchemical.com\/wp-content\/uploads\/2020\/10\/Chimassorb-119-Appearance.jpg\",\"datePublished\":\"2020-10-23T12:00:12+00:00\",\"dateModified\":\"2026-05-08T02:59:26+00:00\",\"description\":\"Longchang Chemical is a leading manufacturer and supplier of HALS 119 \/ Light Stabilizer 119 \/ Chimassorb 119 in China. Buy Chimassorb 119 in china. We can provide the best Chimassorb 119 price.\",\"breadcrumb\":{\"@id\":\"https:\/\/longchangchemical.com\/product\/hals-119-light-stabilizer-119-chimassorb-119\/#breadcrumb\"},\"inLanguage\":\"hu\",\"potentialAction\":[{\"@type\":\"ReadAction\",\"target\":[\"https:\/\/longchangchemical.com\/product\/hals-119-light-stabilizer-119-chimassorb-119\/\"]}]},{\"@type\":\"ImageObject\",\"inLanguage\":\"hu\",\"@id\":\"https:\/\/longchangchemical.com\/product\/hals-119-light-stabilizer-119-chimassorb-119\/#primaryimage\",\"url\":\"https:\/\/longchangchemical.com\/wp-content\/uploads\/2020\/10\/Chimassorb-119-Appearance.jpg\",\"contentUrl\":\"https:\/\/longchangchemical.com\/wp-content\/uploads\/2020\/10\/Chimassorb-119-Appearance.jpg\",\"width\":600,\"height\":800,\"caption\":\"Chimassorb 119 Appearance\"},{\"@type\":\"BreadcrumbList\",\"@id\":\"https:\/\/longchangchemical.com\/product\/hals-119-light-stabilizer-119-chimassorb-119\/#breadcrumb\",\"itemListElement\":[{\"@type\":\"ListItem\",\"position\":1,\"name\":\"Home\",\"item\":\"https:\/\/longchangchemical.com\/\"},{\"@type\":\"ListItem\",\"position\":2,\"name\":\"Products Longchang\",\"item\":\"https:\/\/longchangchemical.com\/product\/\"},{\"@type\":\"ListItem\",\"position\":3,\"name\":\"CHLUMILS\u00ae UV-119 \/ HALS 119 \/ Light Stabilizer 119 \/ Chimassorb 119 CAS 106990-43-6\"}]},{\"@type\":\"WebSite\",\"@id\":\"https:\/\/longchangchemical.com\/#website\",\"url\":\"https:\/\/longchangchemical.com\/\",\"name\":\"Longchang Chemical\",\"description\":\"China chemical manufacturer \uff06 supplier\",\"publisher\":{\"@id\":\"https:\/\/longchangchemical.com\/#organization\"},\"potentialAction\":[{\"@type\":\"SearchAction\",\"target\":{\"@type\":\"EntryPoint\",\"urlTemplate\":\"https:\/\/longchangchemical.com\/?s={search_term_string}\"},\"query-input\":{\"@type\":\"PropertyValueSpecification\",\"valueRequired\":true,\"valueName\":\"search_term_string\"}}],\"inLanguage\":\"hu\"},{\"@type\":\"Organization\",\"@id\":\"https:\/\/longchangchemical.com\/#organization\",\"name\":\"Longchang Chemical\",\"url\":\"https:\/\/longchangchemical.com\/\",\"logo\":{\"@type\":\"ImageObject\",\"inLanguage\":\"hu\",\"@id\":\"https:\/\/longchangchemical.com\/#\/schema\/logo\/image\/\",\"url\":\"https:\/\/longchangchemical.com\/wp-content\/uploads\/2020\/08\/cropped-longchang-logo.png\",\"contentUrl\":\"https:\/\/longchangchemical.com\/wp-content\/uploads\/2020\/08\/cropped-longchang-logo.png\",\"width\":512,\"height\":512,\"caption\":\"Longchang Chemical\"},\"image\":{\"@id\":\"https:\/\/longchangchemical.com\/#\/schema\/logo\/image\/\"}}]}<\/script>\n<!-- \/ Yoast SEO plugin. -->","yoast_head_json":{"title":"K\u00edna HALS 119 \/ Light Stabilizer 119 \/ Chimassorb 119 CAS 106990-43-6 gy\u00e1rt\u00f3 \u00e9s sz\u00e1ll\u00edt\u00f3 - Longchang Chemical","description":"A Longchang Chemical a HALS 119 \/ Light Stabilizer 119 \/ Chimassorb 119 vezet\u0151 gy\u00e1rt\u00f3ja \u00e9s sz\u00e1ll\u00edt\u00f3ja K\u00edn\u00e1ban. V\u00e1s\u00e1roljon Chimassorb 119-et K\u00edn\u00e1ban. A legjobb Chimassorb 119 \u00e1rat tudjuk biztos\u00edtani.","robots":{"index":"index","follow":"follow","max-snippet":"max-snippet:-1","max-image-preview":"max-image-preview:large","max-video-preview":"max-video-preview:-1"},"canonical":"https:\/\/longchangchemical.com\/hu\/product\/hals-119-light-stabilizer-119-chimassorb-119\/","og_locale":"hu_HU","og_type":"article","og_title":"China HALS 119 \/ Light Stabilizer 119 \/ Chimassorb 119 CAS 106990-43-6 manufacturer and supplier - Longchang Chemical","og_description":"Longchang Chemical is a leading manufacturer and supplier of HALS 119 \/ Light Stabilizer 119 \/ Chimassorb 119 in China. Buy Chimassorb 119 in china. We can provide the best Chimassorb 119 price.","og_url":"https:\/\/longchangchemical.com\/hu\/product\/hals-119-light-stabilizer-119-chimassorb-119\/","og_site_name":"Longchang Chemical","article_modified_time":"2026-05-08T02:59:26+00:00","og_image":[{"width":600,"height":800,"url":"https:\/\/longchangchemical.com\/wp-content\/uploads\/2020\/10\/Chimassorb-119-Appearance.jpg","type":"image\/jpeg"}],"twitter_card":"summary_large_image","schema":{"@context":"https:\/\/schema.org","@graph":[{"@type":"WebPage","@id":"https:\/\/longchangchemical.com\/product\/hals-119-light-stabilizer-119-chimassorb-119\/","url":"https:\/\/longchangchemical.com\/product\/hals-119-light-stabilizer-119-chimassorb-119\/","name":"K\u00edna HALS 119 \/ Light Stabilizer 119 \/ Chimassorb 119 CAS 106990-43-6 gy\u00e1rt\u00f3 \u00e9s sz\u00e1ll\u00edt\u00f3 - Longchang Chemical","isPartOf":{"@id":"https:\/\/longchangchemical.com\/#website"},"primaryImageOfPage":{"@id":"https:\/\/longchangchemical.com\/product\/hals-119-light-stabilizer-119-chimassorb-119\/#primaryimage"},"image":{"@id":"https:\/\/longchangchemical.com\/product\/hals-119-light-stabilizer-119-chimassorb-119\/#primaryimage"},"thumbnailUrl":"https:\/\/longchangchemical.com\/wp-content\/uploads\/2020\/10\/Chimassorb-119-Appearance.jpg","datePublished":"2020-10-23T12:00:12+00:00","dateModified":"2026-05-08T02:59:26+00:00","description":"A Longchang Chemical a HALS 119 \/ Light Stabilizer 119 \/ Chimassorb 119 vezet\u0151 gy\u00e1rt\u00f3ja \u00e9s sz\u00e1ll\u00edt\u00f3ja K\u00edn\u00e1ban. V\u00e1s\u00e1roljon Chimassorb 119-et K\u00edn\u00e1ban. A legjobb Chimassorb 119 \u00e1rat tudjuk biztos\u00edtani.","breadcrumb":{"@id":"https:\/\/longchangchemical.com\/product\/hals-119-light-stabilizer-119-chimassorb-119\/#breadcrumb"},"inLanguage":"hu","potentialAction":[{"@type":"ReadAction","target":["https:\/\/longchangchemical.com\/product\/hals-119-light-stabilizer-119-chimassorb-119\/"]}]},{"@type":"ImageObject","inLanguage":"hu","@id":"https:\/\/longchangchemical.com\/product\/hals-119-light-stabilizer-119-chimassorb-119\/#primaryimage","url":"https:\/\/longchangchemical.com\/wp-content\/uploads\/2020\/10\/Chimassorb-119-Appearance.jpg","contentUrl":"https:\/\/longchangchemical.com\/wp-content\/uploads\/2020\/10\/Chimassorb-119-Appearance.jpg","width":600,"height":800,"caption":"Chimassorb 119 Appearance"},{"@type":"BreadcrumbList","@id":"https:\/\/longchangchemical.com\/product\/hals-119-light-stabilizer-119-chimassorb-119\/#breadcrumb","itemListElement":[{"@type":"ListItem","position":1,"name":"Home","item":"https:\/\/longchangchemical.com\/"},{"@type":"ListItem","position":2,"name":"Products Longchang","item":"https:\/\/longchangchemical.com\/product\/"},{"@type":"ListItem","position":3,"name":"CHLUMILS\u00ae UV-119 \/ HALS 119 \/ Light Stabilizer 119 \/ Chimassorb 119 CAS 106990-43-6"}]},{"@type":"WebSite","@id":"https:\/\/longchangchemical.com\/#website","url":"https:\/\/longchangchemical.com\/","name":"Longchang Chemical","description":"K\u00edna k\u00e9miai gy\u00e1rt\u00f3 \uff06 sz\u00e1ll\u00edt\u00f3","publisher":{"@id":"https:\/\/longchangchemical.com\/#organization"},"potentialAction":[{"@type":"SearchAction","target":{"@type":"EntryPoint","urlTemplate":"https:\/\/longchangchemical.com\/?s={search_term_string}"},"query-input":{"@type":"PropertyValueSpecification","valueRequired":true,"valueName":"search_term_string"}}],"inLanguage":"hu"},{"@type":"Organization","@id":"https:\/\/longchangchemical.com\/#organization","name":"Longchang Chemical","url":"https:\/\/longchangchemical.com\/","logo":{"@type":"ImageObject","inLanguage":"hu","@id":"https:\/\/longchangchemical.com\/#\/schema\/logo\/image\/","url":"https:\/\/longchangchemical.com\/wp-content\/uploads\/2020\/08\/cropped-longchang-logo.png","contentUrl":"https:\/\/longchangchemical.com\/wp-content\/uploads\/2020\/08\/cropped-longchang-logo.png","width":512,"height":512,"caption":"Longchang Chemical"},"image":{"@id":"https:\/\/longchangchemical.com\/#\/schema\/logo\/image\/"}}]}},"_links":{"self":[{"href":"https:\/\/longchangchemical.com\/hu\/wp-json\/wp\/v2\/product\/3382","targetHints":{"allow":["GET"]}}],"collection":[{"href":"https:\/\/longchangchemical.com\/hu\/wp-json\/wp\/v2\/product"}],"about":[{"href":"https:\/\/longchangchemical.com\/hu\/wp-json\/wp\/v2\/types\/product"}],"replies":[{"embeddable":true,"href":"https:\/\/longchangchemical.com\/hu\/wp-json\/wp\/v2\/comments?post=3382"}],"wp:featuredmedia":[{"embeddable":true,"href":"https:\/\/longchangchemical.com\/hu\/wp-json\/wp\/v2\/media\/3383"}],"wp:attachment":[{"href":"https:\/\/longchangchemical.com\/hu\/wp-json\/wp\/v2\/media?parent=3382"}],"wp:term":[{"taxonomy":"product_brand","embeddable":true,"href":"https:\/\/longchangchemical.com\/hu\/wp-json\/wp\/v2\/product_brand?post=3382"},{"taxonomy":"product_cat","embeddable":true,"href":"https:\/\/longchangchemical.com\/hu\/wp-json\/wp\/v2\/product_cat?post=3382"},{"taxonomy":"product_tag","embeddable":true,"href":"https:\/\/longchangchemical.com\/hu\/wp-json\/wp\/v2\/product_tag?post=3382"}],"curies":[{"name":"wp","href":"https:\/\/api.w.org\/{rel}","templated":true}]}}