{"id":3369,"date":"2020-10-14T07:42:41","date_gmt":"2020-10-14T07:42:41","guid":{"rendered":"https:\/\/longchangchemical.com\/?post_type=product&#038;p=3369"},"modified":"2025-04-01T05:53:58","modified_gmt":"2025-04-01T05:53:58","slug":"light-stabilizer-123-tinuvin-123-cas-129757-67-1","status":"publish","type":"product","link":"https:\/\/longchangchemical.com\/hu\/product\/light-stabilizer-123-tinuvin-123-cas-129757-67-1\/","title":{"rendered":"CHLUMILS\u00ae UV-123 \/ HALS 123 \/ F\u00e9nystabiliz\u00e1tor 123 \/ Tinuvin 123 CAS 129757-67-1"},"content":{"rendered":"<h1><strong>UV-123 \/ F\u00e9nystabiliz\u00e1tor 123 \/ Tinuvin 123<\/strong><\/h1>\n<p>&nbsp;<\/p>\n<table class=\"table-1\" cellspacing=\"0\">\n<tbody>\n<tr>\n<td>\n<h4>T\u00e9tel<\/h4>\n<\/td>\n<td>\n<h4>Index<\/h4>\n<\/td>\n<\/tr>\n<tr>\n<td>\n<h4>Megjelen\u00e9s<\/h4>\n<\/td>\n<td>\n<h4>Halv\u00e1nys\u00e1rga folyad\u00e9k<\/h4>\n<\/td>\n<\/tr>\n<tr>\n<td>\n<h4>Forr\u00e1spont<\/h4>\n<\/td>\n<td>\n<h4>499,8\u00b0C 760 mmHg-n\u00e1l<\/h4>\n<\/td>\n<\/tr>\n<tr>\n<td>\n<h4>Lobban\u00e1spont<\/h4>\n<\/td>\n<td>\n<h4>256\u00b0C<\/h4>\n<\/td>\n<\/tr>\n<tr>\n<td>\n<h4>G\u0151znyom\u00e1s<\/h4>\n<\/td>\n<td>\n<h4>4.03E-10mmHg 25\u00b0C-on<\/h4>\n<\/td>\n<\/tr>\n<\/tbody>\n<\/table>\n<h2><\/h2>\n<h2><strong>Milyen t\u00edpus\u00fa gy\u00f3gyszer a Light Stabilizer 123 (Tinuvin 123)?<\/strong><\/h2>\n<h4>A 123-as f\u00e9nystabiliz\u00e1tor egy rendk\u00edv\u00fcl hat\u00e9kony gy\u00f6kfog\u00f3, amely az amino\u00e9ter-funkcionalit\u00e1son alapul\u00f3 stabiliz\u00e1torok Hindered Amine Light Stabilizers (HALS) csal\u00e1dj\u00e1ba tartozik.<\/h4>\n<h2><strong>F\u00e9nystabiliz\u00e1tor 123 (Tinuvin 123) Haszn\u00e1lat<\/strong><\/h2>\n<h4>1. A 123-as f\u00e9nystabiliz\u00e1tor (Tinuvin 123) egy foly\u00e9kony HALS alacsony b\u00e1zicit\u00e1ssal \u00e9s kiemelked\u0151 f\u00e9nystabilit\u00e1ssal olyan alkalmaz\u00e1sokban, mint a bevonatok, nyomdafest\u00e9kek \u00e9s poliuret\u00e1n lakkok.<\/h4>\n<h4>2. Megakad\u00e1lyozza a fel\u00fclet kif\u00fav\u00f3d\u00e1s\u00e1t, lev\u00e1l\u00e1s\u00e1t vagy kr\u00e9t\u00e1sod\u00e1s\u00e1t pigment\u00e1lt fest\u00e9kek eset\u00e9ben, \u00e9s k\u00fcl\u00f6n\u00f6sen alkalmas nagy szil\u00e1rds\u00e1g\u00fa, savas ataliz\u00e1lt aut\u00f3ipari \u00e9s ipari bevonatokhoz nagy hat\u00e9konys\u00e1ggal.<\/h4>\n<h4>3. B\u00e1r v\u00edzben nem old\u00f3dik, foly\u00e9kony form\u00e1ja lehet\u0151v\u00e9 teszi a v\u00edzben val\u00f3 k\u00f6nny\u0171 emulge\u00e1l\u00e1st is. UV-abszorberrel egy\u00fctt haszn\u00e1lva er\u0151s szinergikus hat\u00e1ssal is rendelkezik.<\/h4>\n<h4>Ez a term\u00e9k helyettes\u00edtheti az UV-123; UV 123; Tinuvin 123; THASORB UV-123; SUNSORB LS-123; Omnistab LS 123; Omnistab 123; Milestab 123; Eversorb 95; Chiguard 101.<\/h4>\n<p>&nbsp;<\/p>\n<h2><strong>F\u00e9nystabiliz\u00e1tor 123 (Tinuvin 123) Csomagol\u00e1s \u00e9s sz\u00e1ll\u00edt\u00e1s<\/strong><\/h2>\n<h4>Csomagol\u00e1s: 25kg vagy 200L\/dob.<\/h4>\n<h4>Sz\u00e1ll\u00edt\u00e1s: 5-7 munkanapon bel\u00fcl.<\/h4>\n<h4><\/h4>\n<h2><strong>F\u00e9nystabiliz\u00e1tor 123 (Tinuvin 123) t\u00e1rol\u00e1sa<\/strong><\/h2>\n<h4>K\u00f6zvetlen napf\u00e9nyt\u0151l v\u00e9dett, h\u0171v\u00f6s, sz\u00e1raz helyen t\u00e1rolva.<\/h4>\n<p>&nbsp;<\/p>\n<h2><strong>Ugyanazon sorozat term\u00e9kei<\/strong><\/h2>\n<table width=\"546\">\n<tbody>\n<tr>\n<td width=\"399\">\n<h4><a href=\"https:\/\/longchangchemical.com\/hu\/product\/hals-119-light-stabilizer-119-chimassorb-119\/\"><span style=\"color: #0000ff;\">HALS 119 \/ F\u00c9NYSTABILIZ\u00c1TOR 119 \/ CHIMASSORB 119<\/span><\/a><\/h4>\n<\/td>\n<td width=\"147\">\n<h4>106990-43-6<\/h4>\n<\/td>\n<\/tr>\n<tr>\n<td>\n<h4>HALS 123 \/ F\u00c9NYSTABILIZ\u00c1TOR 123 \/ TINUVIN 123<\/h4>\n<\/td>\n<td>\n<h4>129757-67-1<\/h4>\n<\/td>\n<\/tr>\n<tr>\n<td>\n<h4><a href=\"https:\/\/longchangchemical.com\/hu\/product\/light-stabilizer-622-tinuvin-622-cas-65447-77-0\/\"><span style=\"color: #0000ff;\">HALS 622 \/ K\u00d6NNY\u0170 STABILIZ\u00c1TOR 622 \/ TINUVIN 622<\/span><\/a><\/h4>\n<\/td>\n<td>\n<h4><span style=\"color: #000000;\">65447-77-0<\/span><\/h4>\n<\/td>\n<\/tr>\n<tr>\n<td>\n<h4><a href=\"https:\/\/longchangchemical.com\/hu\/product\/light-stabilizer-770-tinuvin-770-cas-52829-07-9\/\"><span style=\"color: #0000ff;\">HALS 770 \/ K\u00d6NNY\u0170 STABILIZ\u00c1TOR 770 \/ TINUVIN 770<\/span><\/a><\/h4>\n<\/td>\n<td>\n<h4>52829-07-9<\/h4>\n<\/td>\n<\/tr>\n<tr>\n<td>\n<h4><a href=\"https:\/\/longchangchemical.com\/hu\/product\/uv-light-stabilizer-783-tinuvin-783\/\"><span style=\"color: #0000ff;\">HALS 783 \/ UV F\u00c9NYSTABILIZ\u00c1TOR 783 \/ TINUVIN 783<\/span><\/a><\/h4>\n<\/td>\n<td><\/td>\n<\/tr>\n<tr>\n<td>\n<h4><a href=\"https:\/\/longchangchemical.com\/hu\/product\/light-stabilizer-791-tinuvin-791\/\"><span style=\"color: #0000ff;\">HALS 791 \/ K\u00d6NNY\u0170 STABILIZ\u00c1TOR 791 \/ TINUVIN 791<\/span><\/a><\/h4>\n<\/td>\n<td><\/td>\n<\/tr>\n<tr>\n<td>\n<h4><a href=\"https:\/\/longchangchemical.com\/hu\/product\/light-stabilizer-944-cas-70624-18-9\/\"><span style=\"color: #0000ff;\">HALS 944 F\u00c9NYSTABILIZ\u00c1TOR-944 CHIMASORB 944<\/span><\/a><\/h4>\n<\/td>\n<td>\n<h4>70624-18-9 \/ 71878-19-8<\/h4>\n<\/td>\n<\/tr>\n<\/tbody>\n<\/table>\n<h2><strong><b>L\u00e9pjen kapcsolatba vel\u00fcnk most!<\/b><\/strong><\/h2>\n<h4><strong><b>Ha COA, MSDS vagy TDS-re van sz\u00fcks\u00e9ge, k\u00e9rj\u00fck, t\u00f6ltse ki el\u00e9rhet\u0151s\u00e9g\u00e9t az al\u00e1bbi \u0171rlapon, \u00e1ltal\u00e1ban 24 \u00f3r\u00e1n bel\u00fcl felvessz\u00fck \u00d6nnel a kapcsolatot. <\/b><\/strong> \u00d6n is k\u00fcldhet nekem e-mailt <a href=\"\/hu\/info@longchangchemical.com\/\"><span style=\"color: #0000ff;\"><strong>info@longchangchemical<\/strong><\/span>.com<\/a> munkaid\u0151ben ( 8:30-18:00 UTC+8 H.-Szombat ) vagy haszn\u00e1lja a weboldal \u00e9l\u0151 chatj\u00e9t, hogy azonnali v\u00e1laszt kapjon.<\/h4>","protected":false},"excerpt":{"rendered":"<h4>K\u00e9miai n\u00e9v: Bis-(1-oktiloxi-2,2,6,6,6-tetrametil-4-piperidinil) szebak\u00e1t<\/h4>\n<h4>Term\u00e9k neve: Light Stabilizer 123; HALS HS-112<\/h4>\n<h4>Kereskedelmi nevek: UV-123; UV 123; Tinuvin 123; THASORB UV-123; SUNSORB LS-123; Omnistab LS 123; Omnistab 123; Milestab 123; Eversorb 95; Chiguard 101.<\/h4>\n<h4>CAS-sz\u00e1m: 129757-67-1<\/h4>\n<h4>Molekul\u00e1ris k\u00e9plet: C40H80N2O6<\/h4>\n<h4>Molekulat\u00f6meg: 737,15<\/h4>\n<h4>Molekulaszerkezet:<img decoding=\"async\" title=\"TINUVIN 123 Szerkezet\" src=\"https:\/\/www.longchangchemical.com\/wp-content\/uploads\/product-details\/20200612005835.png\" alt=\"TINUVIN 123 Szerkezet\" width=\"273\" height=\"192\" border=\"0\" vspace=\"0\" \/><\/h4>","protected":false},"featured_media":3370,"comment_status":"open","ping_status":"closed","template":"","meta":[],"product_brand":[],"product_cat":[104],"product_tag":[],"class_list":{"0":"post-3369","1":"product","2":"type-product","3":"status-publish","4":"has-post-thumbnail","6":"product_cat-light-stabilizer","8":"first","9":"instock","10":"shipping-taxable","11":"product-type-simple"},"yoast_head":"<!-- This site is optimized with the Yoast SEO plugin v25.3.1 - https:\/\/yoast.com\/wordpress\/plugins\/seo\/ -->\n<title>China HALS 123 \/ Light stabilizer 123 \/ Tinuvin 123 CAS 129757-67-1 manufacturer - Longchang Chemical<\/title>\n<meta name=\"description\" content=\"Longchang Chemical is a leading supplier and manufacturer of HALS 123 \/ Light stabilizer 123 \/ Tinuvin 123 CAS 129757-67-1 in China. Buy Light stabilizer 123 \/ Tinuvin 123 in china. We can provide the best Tinuvin 123 price. This product can replace UV-123; UV 123; Tinuvin 123; THASORB UV-123; SUNSORB LS-123; Omnistab LS 123; Omnistab 123; Milestab 123; Eversorb 95; Chiguard 101.\" \/>\n<meta name=\"robots\" content=\"index, follow, max-snippet:-1, max-image-preview:large, max-video-preview:-1\" \/>\n<link rel=\"canonical\" href=\"https:\/\/longchangchemical.com\/hu\/product\/light-stabilizer-123-tinuvin-123-cas-129757-67-1\/\" \/>\n<meta property=\"og:locale\" content=\"hu_HU\" \/>\n<meta property=\"og:type\" content=\"article\" \/>\n<meta property=\"og:title\" content=\"China HALS 123 \/ Light stabilizer 123 \/ Tinuvin 123 CAS 129757-67-1 manufacturer - Longchang Chemical\" \/>\n<meta property=\"og:description\" content=\"Longchang Chemical is a leading supplier and manufacturer of HALS 123 \/ Light stabilizer 123 \/ Tinuvin 123 CAS 129757-67-1 in China. Buy Light stabilizer 123 \/ Tinuvin 123 in china. We can provide the best Tinuvin 123 price. This product can replace UV-123; UV 123; Tinuvin 123; THASORB UV-123; SUNSORB LS-123; Omnistab LS 123; Omnistab 123; Milestab 123; Eversorb 95; Chiguard 101.\" \/>\n<meta property=\"og:url\" content=\"https:\/\/longchangchemical.com\/hu\/product\/light-stabilizer-123-tinuvin-123-cas-129757-67-1\/\" \/>\n<meta property=\"og:site_name\" content=\"Longchang Chemical\" \/>\n<meta property=\"article:modified_time\" content=\"2025-04-01T05:53:58+00:00\" \/>\n<meta property=\"og:image\" content=\"https:\/\/longchangchemical.com\/wp-content\/uploads\/2020\/10\/Light-Stabilizer-123-appearance.jpg\" \/>\n\t<meta property=\"og:image:width\" content=\"600\" \/>\n\t<meta property=\"og:image:height\" content=\"800\" \/>\n\t<meta property=\"og:image:type\" content=\"image\/jpeg\" \/>\n<meta name=\"twitter:card\" content=\"summary_large_image\" \/>\n<script type=\"application\/ld+json\" class=\"yoast-schema-graph\">{\"@context\":\"https:\/\/schema.org\",\"@graph\":[{\"@type\":\"WebPage\",\"@id\":\"https:\/\/longchangchemical.com\/product\/light-stabilizer-123-tinuvin-123-cas-129757-67-1\/\",\"url\":\"https:\/\/longchangchemical.com\/product\/light-stabilizer-123-tinuvin-123-cas-129757-67-1\/\",\"name\":\"China HALS 123 \/ Light stabilizer 123 \/ Tinuvin 123 CAS 129757-67-1 manufacturer - Longchang Chemical\",\"isPartOf\":{\"@id\":\"https:\/\/longchangchemical.com\/#website\"},\"primaryImageOfPage\":{\"@id\":\"https:\/\/longchangchemical.com\/product\/light-stabilizer-123-tinuvin-123-cas-129757-67-1\/#primaryimage\"},\"image\":{\"@id\":\"https:\/\/longchangchemical.com\/product\/light-stabilizer-123-tinuvin-123-cas-129757-67-1\/#primaryimage\"},\"thumbnailUrl\":\"https:\/\/longchangchemical.com\/wp-content\/uploads\/2020\/10\/Light-Stabilizer-123-appearance.jpg\",\"datePublished\":\"2020-10-14T07:42:41+00:00\",\"dateModified\":\"2025-04-01T05:53:58+00:00\",\"description\":\"Longchang Chemical is a leading supplier and manufacturer of HALS 123 \/ Light stabilizer 123 \/ Tinuvin 123 CAS 129757-67-1 in China. Buy Light stabilizer 123 \/ Tinuvin 123 in china. We can provide the best Tinuvin 123 price. This product can replace UV-123; UV 123; Tinuvin 123; THASORB UV-123; SUNSORB LS-123; Omnistab LS 123; Omnistab 123; Milestab 123; Eversorb 95; Chiguard 101.\",\"breadcrumb\":{\"@id\":\"https:\/\/longchangchemical.com\/product\/light-stabilizer-123-tinuvin-123-cas-129757-67-1\/#breadcrumb\"},\"inLanguage\":\"hu\",\"potentialAction\":[{\"@type\":\"ReadAction\",\"target\":[\"https:\/\/longchangchemical.com\/product\/light-stabilizer-123-tinuvin-123-cas-129757-67-1\/\"]}]},{\"@type\":\"ImageObject\",\"inLanguage\":\"hu\",\"@id\":\"https:\/\/longchangchemical.com\/product\/light-stabilizer-123-tinuvin-123-cas-129757-67-1\/#primaryimage\",\"url\":\"https:\/\/longchangchemical.com\/wp-content\/uploads\/2020\/10\/Light-Stabilizer-123-appearance.jpg\",\"contentUrl\":\"https:\/\/longchangchemical.com\/wp-content\/uploads\/2020\/10\/Light-Stabilizer-123-appearance.jpg\",\"width\":600,\"height\":800,\"caption\":\"Light Stabilizer 123 appearance\"},{\"@type\":\"BreadcrumbList\",\"@id\":\"https:\/\/longchangchemical.com\/product\/light-stabilizer-123-tinuvin-123-cas-129757-67-1\/#breadcrumb\",\"itemListElement\":[{\"@type\":\"ListItem\",\"position\":1,\"name\":\"Home\",\"item\":\"https:\/\/longchangchemical.com\/\"},{\"@type\":\"ListItem\",\"position\":2,\"name\":\"Products Longchang\",\"item\":\"https:\/\/longchangchemical.com\/product\/\"},{\"@type\":\"ListItem\",\"position\":3,\"name\":\"CHLUMILS\u00ae UV-123 \/ HALS 123 \/ Light Stabilizer 123 \/ Tinuvin 123 CAS 129757-67-1\"}]},{\"@type\":\"WebSite\",\"@id\":\"https:\/\/longchangchemical.com\/#website\",\"url\":\"https:\/\/longchangchemical.com\/\",\"name\":\"Longchang Chemical\",\"description\":\"China chemical manufacturer \uff06 supplier\",\"publisher\":{\"@id\":\"https:\/\/longchangchemical.com\/#organization\"},\"potentialAction\":[{\"@type\":\"SearchAction\",\"target\":{\"@type\":\"EntryPoint\",\"urlTemplate\":\"https:\/\/longchangchemical.com\/?s={search_term_string}\"},\"query-input\":{\"@type\":\"PropertyValueSpecification\",\"valueRequired\":true,\"valueName\":\"search_term_string\"}}],\"inLanguage\":\"hu\"},{\"@type\":\"Organization\",\"@id\":\"https:\/\/longchangchemical.com\/#organization\",\"name\":\"Longchang Chemical\",\"url\":\"https:\/\/longchangchemical.com\/\",\"logo\":{\"@type\":\"ImageObject\",\"inLanguage\":\"hu\",\"@id\":\"https:\/\/longchangchemical.com\/#\/schema\/logo\/image\/\",\"url\":\"https:\/\/longchangchemical.com\/wp-content\/uploads\/2020\/08\/cropped-longchang-logo.png\",\"contentUrl\":\"https:\/\/longchangchemical.com\/wp-content\/uploads\/2020\/08\/cropped-longchang-logo.png\",\"width\":512,\"height\":512,\"caption\":\"Longchang Chemical\"},\"image\":{\"@id\":\"https:\/\/longchangchemical.com\/#\/schema\/logo\/image\/\"}}]}<\/script>\n<!-- \/ Yoast SEO plugin. -->","yoast_head_json":{"title":"K\u00edna HALS 123 \/ Light stabiliz\u00e1tor 123 \/ Tinuvin 123 CAS 129757-67-1 gy\u00e1rt\u00f3 - Longchang Chemical","description":"A Longchang Chemical vezet\u0151 sz\u00e1ll\u00edt\u00f3ja \u00e9s gy\u00e1rt\u00f3ja a HALS 123 \/ Light stabiliz\u00e1tor 123 \/ Tinuvin 123 CAS 129757-67-1 K\u00edn\u00e1ban. V\u00e1s\u00e1roljon f\u00e9nystabiliz\u00e1tor 123 \/ Tinuvin 123 K\u00edn\u00e1ban. A legjobb Tinuvin 123 \u00e1rat tudjuk biztos\u00edtani. Ez a term\u00e9k helyettes\u00edtheti az UV-123; UV 123; Tinuvin 123; THASORB UV-123; SUNSORB LS-123; Omnistab LS 123; Omnistab 123; Milestab 123; Eversorb 95; Chiguard 101.","robots":{"index":"index","follow":"follow","max-snippet":"max-snippet:-1","max-image-preview":"max-image-preview:large","max-video-preview":"max-video-preview:-1"},"canonical":"https:\/\/longchangchemical.com\/hu\/product\/light-stabilizer-123-tinuvin-123-cas-129757-67-1\/","og_locale":"hu_HU","og_type":"article","og_title":"China HALS 123 \/ Light stabilizer 123 \/ Tinuvin 123 CAS 129757-67-1 manufacturer - Longchang Chemical","og_description":"Longchang Chemical is a leading supplier and manufacturer of HALS 123 \/ Light stabilizer 123 \/ Tinuvin 123 CAS 129757-67-1 in China. Buy Light stabilizer 123 \/ Tinuvin 123 in china. We can provide the best Tinuvin 123 price. This product can replace UV-123; UV 123; Tinuvin 123; THASORB UV-123; SUNSORB LS-123; Omnistab LS 123; Omnistab 123; Milestab 123; Eversorb 95; Chiguard 101.","og_url":"https:\/\/longchangchemical.com\/hu\/product\/light-stabilizer-123-tinuvin-123-cas-129757-67-1\/","og_site_name":"Longchang Chemical","article_modified_time":"2025-04-01T05:53:58+00:00","og_image":[{"width":600,"height":800,"url":"https:\/\/longchangchemical.com\/wp-content\/uploads\/2020\/10\/Light-Stabilizer-123-appearance.jpg","type":"image\/jpeg"}],"twitter_card":"summary_large_image","schema":{"@context":"https:\/\/schema.org","@graph":[{"@type":"WebPage","@id":"https:\/\/longchangchemical.com\/product\/light-stabilizer-123-tinuvin-123-cas-129757-67-1\/","url":"https:\/\/longchangchemical.com\/product\/light-stabilizer-123-tinuvin-123-cas-129757-67-1\/","name":"K\u00edna HALS 123 \/ Light stabiliz\u00e1tor 123 \/ Tinuvin 123 CAS 129757-67-1 gy\u00e1rt\u00f3 - Longchang Chemical","isPartOf":{"@id":"https:\/\/longchangchemical.com\/#website"},"primaryImageOfPage":{"@id":"https:\/\/longchangchemical.com\/product\/light-stabilizer-123-tinuvin-123-cas-129757-67-1\/#primaryimage"},"image":{"@id":"https:\/\/longchangchemical.com\/product\/light-stabilizer-123-tinuvin-123-cas-129757-67-1\/#primaryimage"},"thumbnailUrl":"https:\/\/longchangchemical.com\/wp-content\/uploads\/2020\/10\/Light-Stabilizer-123-appearance.jpg","datePublished":"2020-10-14T07:42:41+00:00","dateModified":"2025-04-01T05:53:58+00:00","description":"A Longchang Chemical vezet\u0151 sz\u00e1ll\u00edt\u00f3ja \u00e9s gy\u00e1rt\u00f3ja a HALS 123 \/ Light stabiliz\u00e1tor 123 \/ Tinuvin 123 CAS 129757-67-1 K\u00edn\u00e1ban. V\u00e1s\u00e1roljon f\u00e9nystabiliz\u00e1tor 123 \/ Tinuvin 123 K\u00edn\u00e1ban. A legjobb Tinuvin 123 \u00e1rat tudjuk biztos\u00edtani. Ez a term\u00e9k helyettes\u00edtheti az UV-123; UV 123; Tinuvin 123; THASORB UV-123; SUNSORB LS-123; Omnistab LS 123; Omnistab 123; Milestab 123; Eversorb 95; Chiguard 101.","breadcrumb":{"@id":"https:\/\/longchangchemical.com\/product\/light-stabilizer-123-tinuvin-123-cas-129757-67-1\/#breadcrumb"},"inLanguage":"hu","potentialAction":[{"@type":"ReadAction","target":["https:\/\/longchangchemical.com\/product\/light-stabilizer-123-tinuvin-123-cas-129757-67-1\/"]}]},{"@type":"ImageObject","inLanguage":"hu","@id":"https:\/\/longchangchemical.com\/product\/light-stabilizer-123-tinuvin-123-cas-129757-67-1\/#primaryimage","url":"https:\/\/longchangchemical.com\/wp-content\/uploads\/2020\/10\/Light-Stabilizer-123-appearance.jpg","contentUrl":"https:\/\/longchangchemical.com\/wp-content\/uploads\/2020\/10\/Light-Stabilizer-123-appearance.jpg","width":600,"height":800,"caption":"Light Stabilizer 123 appearance"},{"@type":"BreadcrumbList","@id":"https:\/\/longchangchemical.com\/product\/light-stabilizer-123-tinuvin-123-cas-129757-67-1\/#breadcrumb","itemListElement":[{"@type":"ListItem","position":1,"name":"Home","item":"https:\/\/longchangchemical.com\/"},{"@type":"ListItem","position":2,"name":"Products Longchang","item":"https:\/\/longchangchemical.com\/product\/"},{"@type":"ListItem","position":3,"name":"CHLUMILS\u00ae UV-123 \/ HALS 123 \/ Light Stabilizer 123 \/ Tinuvin 123 CAS 129757-67-1"}]},{"@type":"WebSite","@id":"https:\/\/longchangchemical.com\/#website","url":"https:\/\/longchangchemical.com\/","name":"Longchang Chemical","description":"K\u00edna k\u00e9miai gy\u00e1rt\u00f3 \uff06 sz\u00e1ll\u00edt\u00f3","publisher":{"@id":"https:\/\/longchangchemical.com\/#organization"},"potentialAction":[{"@type":"SearchAction","target":{"@type":"EntryPoint","urlTemplate":"https:\/\/longchangchemical.com\/?s={search_term_string}"},"query-input":{"@type":"PropertyValueSpecification","valueRequired":true,"valueName":"search_term_string"}}],"inLanguage":"hu"},{"@type":"Organization","@id":"https:\/\/longchangchemical.com\/#organization","name":"Longchang Chemical","url":"https:\/\/longchangchemical.com\/","logo":{"@type":"ImageObject","inLanguage":"hu","@id":"https:\/\/longchangchemical.com\/#\/schema\/logo\/image\/","url":"https:\/\/longchangchemical.com\/wp-content\/uploads\/2020\/08\/cropped-longchang-logo.png","contentUrl":"https:\/\/longchangchemical.com\/wp-content\/uploads\/2020\/08\/cropped-longchang-logo.png","width":512,"height":512,"caption":"Longchang Chemical"},"image":{"@id":"https:\/\/longchangchemical.com\/#\/schema\/logo\/image\/"}}]}},"_links":{"self":[{"href":"https:\/\/longchangchemical.com\/hu\/wp-json\/wp\/v2\/product\/3369","targetHints":{"allow":["GET"]}}],"collection":[{"href":"https:\/\/longchangchemical.com\/hu\/wp-json\/wp\/v2\/product"}],"about":[{"href":"https:\/\/longchangchemical.com\/hu\/wp-json\/wp\/v2\/types\/product"}],"replies":[{"embeddable":true,"href":"https:\/\/longchangchemical.com\/hu\/wp-json\/wp\/v2\/comments?post=3369"}],"wp:featuredmedia":[{"embeddable":true,"href":"https:\/\/longchangchemical.com\/hu\/wp-json\/wp\/v2\/media\/3370"}],"wp:attachment":[{"href":"https:\/\/longchangchemical.com\/hu\/wp-json\/wp\/v2\/media?parent=3369"}],"wp:term":[{"taxonomy":"product_brand","embeddable":true,"href":"https:\/\/longchangchemical.com\/hu\/wp-json\/wp\/v2\/product_brand?post=3369"},{"taxonomy":"product_cat","embeddable":true,"href":"https:\/\/longchangchemical.com\/hu\/wp-json\/wp\/v2\/product_cat?post=3369"},{"taxonomy":"product_tag","embeddable":true,"href":"https:\/\/longchangchemical.com\/hu\/wp-json\/wp\/v2\/product_tag?post=3369"}],"curies":[{"name":"wp","href":"https:\/\/api.w.org\/{rel}","templated":true}]}}