{"id":3295,"date":"2020-09-29T03:49:26","date_gmt":"2020-09-29T03:49:26","guid":{"rendered":"https:\/\/longchangchemical.com\/?post_type=product&#038;p=3295"},"modified":"2025-12-30T09:03:08","modified_gmt":"2025-12-30T09:03:08","slug":"light-stabilizer-622-tinuvin-622-cas-65447-77-0","status":"publish","type":"product","link":"https:\/\/longchangchemical.com\/hu\/product\/light-stabilizer-622-tinuvin-622-cas-65447-77-0\/","title":{"rendered":"CHLUMILS\u00ae UV-622 \/ HALS 622 \/ F\u00e9nystabiliz\u00e1tor 622 \/ Tinuvin 622 CAS 65447-77-0"},"content":{"rendered":"<h1><strong>HALS 622 \/ F\u00e9nystabiliz\u00e1tor 622 \/ Tinuvin 622 CAS 65447-77-0<\/strong><\/h1>\n<table>\n<tbody>\n<tr>\n<td>\n<h4><strong><b>T\u00e9tel<\/b><\/strong><\/h4>\n<\/td>\n<td>\n<h4><strong><b>Standard<\/b><\/strong><\/h4>\n<\/td>\n<\/tr>\n<tr>\n<td>\n<h4>Megjelen\u00e9s<\/h4>\n<\/td>\n<td>\n<h4>Feh\u00e9r durva por vagy s\u00e1rg\u00e1s szemcs\u00e9s<\/h4>\n<\/td>\n<\/tr>\n<tr>\n<td>\n<h4>Ill\u00e9kony anyagok<\/h4>\n<\/td>\n<td>\n<h4>\u22640,5%<\/h4>\n<\/td>\n<\/tr>\n<tr>\n<td>\n<h4>F\u00e9ny\u00e1tereszt\u0151 k\u00e9pess\u00e9g 425nm<\/h4>\n<\/td>\n<td>\n<h4>\u226597%<\/h4>\n<\/td>\n<\/tr>\n<tr>\n<td>\n<h4>F\u00e9ny\u00e1tereszt\u0151 k\u00e9pess\u00e9g 450nm<\/h4>\n<\/td>\n<td>\n<h4>\u226598% (10g\/100ml metil-benzol)<\/h4>\n<\/td>\n<\/tr>\n<tr>\n<td>\n<h4>F\u00e9ny\u00e1tereszt\u0151 k\u00e9pess\u00e9g 500nm<\/h4>\n<\/td>\n<td>\n<h4>\u226599%<\/h4>\n<\/td>\n<\/tr>\n<tr>\n<td>\n<h4>Ash<\/h4>\n<\/td>\n<td>\n<h4>\u22640,05%<\/h4>\n<\/td>\n<\/tr>\n<tr>\n<td>\n<h4>L\u00e1gy\u00edt\u00e1si tartom\u00e1ny<\/h4>\n<\/td>\n<td>\n<h4>50-70 \u2103<\/h4>\n<\/td>\n<\/tr>\n<\/tbody>\n<\/table>\n<h2><\/h2>\n<h2><strong><b>Tinuvin 622<\/b><\/strong><strong><b>\u00a0<\/b><\/strong><strong><b>Haszn\u00e1lat<\/b><\/strong><\/h2>\n<h4>1. A 622-es f\u00e9nystabiliz\u00e1tor a polimer hindered amin f\u00e9nystabiliz\u00e1tor leg\u00fajabb gener\u00e1ci\u00f3j\u00e1hoz tartozik, amely kiv\u00e1l\u00f3 meleg feldolgoz\u00e1si stabilit\u00e1ssal rendelkezik. Ragyog\u00f3 kompatibilit\u00e1s a gyant\u00e1val, kiel\u00e9g\u00edt\u0151 v\u00edzzel szembeni fog\u00e9konys\u00e1g \u00e9s rendk\u00edv\u00fcl alacsony ill\u00e9konys\u00e1g \u00e9s v\u00e1ndorl\u00e1s.<\/h4>\n<h4>2. A 622 f\u00e9nystabiliz\u00e1tor alkalmazhat\u00f3 a PE.PP. Polisztirol, ABS, poliuret\u00e1n \u00e9s poliamid stb., optim\u00e1lis hat\u00e1s \u00e9rhet\u0151 el, ha antioxid\u00e1nsokkal \u00e9s UV-abszorberekkel egy\u00fctt alkalmazz\u00e1k.<\/h4>\n<h4>3. A 622-es f\u00e9nystabiliz\u00e1tor egyike az FDA \u00e1ltal az \u00e9lelmiszercsomagol\u00e1sokban val\u00f3 felhaszn\u00e1l\u00e1sra enged\u00e9lyezett f\u00e9nystabiliz\u00e1toroknak. Referenciaadagol\u00e1s a PE mez\u0151gazdas\u00e1gi f\u00f3li\u00e1ban: 0,3-0,6%.<\/h4>\n<h4>4. Polimeriz\u00e1lt HALS nagy molekulas\u00faly\u00fa, alacsony ill\u00e9konys\u00e1g\u00fa, alacsony leboml\u00e1s\u00fa, alig kivonhat\u00f3 (v\u00edzzel) vagy kimoshat\u00f3 (g\u00e1zzal), \u00e9s finom h\u0151\u00e1ll\u00f3s\u00e1g\u00fa, m\u0171k\u00f6d\u0151<\/h4>\n<p><strong><b>\u00a0<\/b><\/strong><\/p>\n<h2><strong><b>Tinuvin 622<\/b><\/strong><strong><b>\u00a0<\/b><\/strong><strong><b>Csomagol\u00e1s \u00e9s sz\u00e1ll\u00edt\u00e1s<\/b><\/strong><\/h2>\n<h4>Csomagol\u00e1s: 25 kg\/doboz; 20 doboz\/raklap; 20 kg-os kartondoboz (bels\u0151 m\u0171anyag zacsk\u00f3val).<\/h4>\n<p>&nbsp;<\/p>\n<h2><strong><b>Tinuvin 622<\/b><\/strong><strong><b>\u00a0<\/b><\/strong><strong><b>T\u00e1rol\u00e1s<\/b><\/strong><\/h2>\n<h4>Sz\u00e1raz, 30 \u2103 alatti helyen, a nedvess\u00e9get \u00e9s a f\u00e9nyt elker\u00fclve t\u00e1rolja.<\/h4>\n<p>&nbsp;<\/p>\n<h2><strong>Ugyanazon sorozat term\u00e9kei<\/strong><\/h2>\n<table width=\"546\">\n<tbody>\n<tr>\n<td width=\"399\">\n<h4><a href=\"https:\/\/longchangchemical.com\/hu\/product\/hals-119-light-stabilizer-119-chimassorb-119\/\"><span style=\"color: #0000ff;\">HALS 119 \/ F\u00c9NYSTABILIZ\u00c1TOR 119 \/ CHIMASSORB 119<\/span><\/a><\/h4>\n<\/td>\n<td width=\"147\">\n<h4>106990-43-6<\/h4>\n<\/td>\n<\/tr>\n<tr>\n<td>\n<h4><a href=\"https:\/\/longchangchemical.com\/hu\/product\/light-stabilizer-123-tinuvin-123-cas-129757-67-1\/\"><span style=\"color: #0000ff;\">HALS 123 \/ F\u00c9NYSTABILIZ\u00c1TOR 123 \/ TINUVIN 123<\/span><\/a><\/h4>\n<\/td>\n<td>\n<h4>129757-67-1<\/h4>\n<\/td>\n<\/tr>\n<tr>\n<td>\n<h4><a href=\"https:\/\/longchangchemical.com\/hu\/product\/light-stabilizer-622-tinuvin-622-cas-65447-77-0\/\"><span style=\"color: #0000ff;\">HALS 622 \/ K\u00d6NNY\u0170 STABILIZ\u00c1TOR 622 \/ TINUVIN 622<\/span><\/a><\/h4>\n<\/td>\n<td>\n<h4><span style=\"color: #000000;\">65447-77-0<\/span><\/h4>\n<\/td>\n<\/tr>\n<tr>\n<td>\n<h4><a href=\"https:\/\/longchangchemical.com\/hu\/product\/light-stabilizer-770-tinuvin-770-cas-52829-07-9\/\"><span style=\"color: #0000ff;\">HALS 770 \/ K\u00d6NNY\u0170 STABILIZ\u00c1TOR 770 \/ TINUVIN 770<\/span><\/a><\/h4>\n<\/td>\n<td>\n<h4>52829-07-9<\/h4>\n<\/td>\n<\/tr>\n<tr>\n<td>\n<h4><a href=\"https:\/\/longchangchemical.com\/hu\/product\/uv-light-stabilizer-783-tinuvin-783\/\"><span style=\"color: #0000ff;\">HALS 783 \/ UV F\u00c9NYSTABILIZ\u00c1TOR 783 \/ TINUVIN 783<\/span><\/a><\/h4>\n<\/td>\n<td><\/td>\n<\/tr>\n<tr>\n<td>\n<h4><a href=\"https:\/\/longchangchemical.com\/hu\/product\/light-stabilizer-791-tinuvin-791\/\"><span style=\"color: #0000ff;\">HALS 791 \/ K\u00d6NNY\u0170 STABILIZ\u00c1TOR 791 \/ TINUVIN 791<\/span><\/a><\/h4>\n<\/td>\n<td><\/td>\n<\/tr>\n<tr>\n<td>\n<h4><a href=\"https:\/\/longchangchemical.com\/hu\/product\/light-stabilizer-944-cas-70624-18-9\/\"><span style=\"color: #0000ff;\">HALS 944 F\u00c9NYSTABILIZ\u00c1TOR-944 CHIMASORB 944<\/span><\/a><\/h4>\n<\/td>\n<td>\n<h4>70624-18-9 \/ 71878-19-8<\/h4>\n<\/td>\n<\/tr>\n<\/tbody>\n<\/table>\n<p>&nbsp;<\/p>\n<p>&nbsp;<\/p>\n<h2><strong><b>L\u00e9pjen kapcsolatba vel\u00fcnk most!<\/b><\/strong><\/h2>\n<h4><strong><b>Ha COA, MSDS vagy TDS-re van sz\u00fcks\u00e9ge, k\u00e9rj\u00fck, t\u00f6ltse ki el\u00e9rhet\u0151s\u00e9g\u00e9t az al\u00e1bbi \u0171rlapon, \u00e1ltal\u00e1ban 24 \u00f3r\u00e1n bel\u00fcl felvessz\u00fck \u00d6nnel a kapcsolatot. <\/b><\/strong> \u00d6n is k\u00fcldhet nekem e-mailt <span style=\"color: #0000ff;\"><strong><a style=\"color: #0000ff;\" href=\"mailto:info@longchangchemical\">info@longchangchemical<\/a><\/strong><\/span>.com munkaid\u0151ben ( 8:30-18:00 UTC+8 H.~Szombat ) vagy haszn\u00e1lja a weboldal \u00e9l\u0151 chatj\u00e9t, hogy azonnali v\u00e1laszt kapjon.<\/h4>","protected":false},"excerpt":{"rendered":"<h4>K\u00e9miai n\u00e9v: Poli-(N-b\u00e9ta-hidroxietil-2,2,6,6,6-tetrametil-4-hidroxipiperidil-szukcin\u00e1t)<\/h4>\n<h4>Term\u00e9k neve: Light Stabilizer 622<\/h4>\n<h4>Kereskedelmi n\u00e9v: Tinuvin 622 (Ciba), Uvinul 5062 H (BASF), Lowilite 62 (Great Lakes) stb.<\/h4>\n<h4>CAS-sz\u00e1m: 65447-77-0<\/h4>\n<h4>Molekul\u00e1ris k\u00e9plet: C7H15NO<\/h4>\n<h4>Molekulat\u00f6meg: &gt; 2500<\/h4>\n<h4>Tinuvin 622 Szerkezet: <img decoding=\"async\" class=\"size-medium wp-image-3296\" src=\"https:\/\/longchangchemical.com\/wp-content\/uploads\/2020\/09\/Tinuvin-622-Structure-300x90.png\" alt=\"Tinuvin 622 Szerkezet\" width=\"300\" height=\"90\" srcset=\"https:\/\/longchangchemical.com\/wp-content\/uploads\/2020\/09\/Tinuvin-622-Structure-300x90.png 300w, https:\/\/longchangchemical.com\/wp-content\/uploads\/2020\/09\/Tinuvin-622-Structure.png 325w\" sizes=\"(max-width: 300px) 100vw, 300px\" \/><\/h4>\n<h4>Megjelen\u00e9s: Feh\u00e9r durva por vagy s\u00e1rg\u00e1s szemcs\u00e9s<\/h4>\n<h4><strong><b>Ha COA, MSDS vagy TDS-re van sz\u00fcks\u00e9ge, k\u00e9rj\u00fck, t\u00f6ltse ki el\u00e9rhet\u0151s\u00e9g\u00e9t az al\u00e1bbi \u0171rlapon, \u00e1ltal\u00e1ban 24 \u00f3r\u00e1n bel\u00fcl felvessz\u00fck \u00d6nnel a kapcsolatot. <\/b><\/strong> \u00d6n is k\u00fcldhet nekem e-mailt <a href=\"mailto:info@longchangchemical.com\"><span style=\"color: #0000ff;\"><strong>info@longchangchemical<\/strong><\/span>.com<\/a> munkaid\u0151ben ( 8:30-18:00 UTC+8 H.-Szombat ) vagy haszn\u00e1lja a weboldal \u00e9l\u0151 chatj\u00e9t, hogy azonnali v\u00e1laszt kapjon.<\/h4>","protected":false},"featured_media":3297,"comment_status":"open","ping_status":"closed","template":"","meta":[],"product_brand":[],"product_cat":[104],"product_tag":[],"class_list":{"0":"post-3295","1":"product","2":"type-product","3":"status-publish","4":"has-post-thumbnail","6":"product_cat-light-stabilizer","8":"first","9":"instock","10":"shipping-taxable","11":"product-type-simple"},"yoast_head":"<!-- This site is optimized with the Yoast SEO plugin v25.3.1 - https:\/\/yoast.com\/wordpress\/plugins\/seo\/ -->\n<title>China Light Stabilizer 622 \/ Tinuvin 622 CAS 65447-77-0 manufacturer - Longchang Chemical<\/title>\n<meta name=\"description\" content=\"China top Light Stabilizer 622 \/ Tinuvin 622 manufacturers and CAS 65447-77-0 suppliers. Longchang chemical can provide the best Tinuvin 622 price.\" \/>\n<meta name=\"robots\" content=\"index, follow, max-snippet:-1, max-image-preview:large, max-video-preview:-1\" \/>\n<link rel=\"canonical\" href=\"https:\/\/longchangchemical.com\/hu\/product\/light-stabilizer-622-tinuvin-622-cas-65447-77-0\/\" \/>\n<meta property=\"og:locale\" content=\"hu_HU\" \/>\n<meta property=\"og:type\" content=\"article\" \/>\n<meta property=\"og:title\" content=\"China Light Stabilizer 622 \/ Tinuvin 622 CAS 65447-77-0 manufacturer - Longchang Chemical\" \/>\n<meta property=\"og:description\" content=\"China top Light Stabilizer 622 \/ Tinuvin 622 manufacturers and CAS 65447-77-0 suppliers. Longchang chemical can provide the best Tinuvin 622 price.\" \/>\n<meta property=\"og:url\" content=\"https:\/\/longchangchemical.com\/hu\/product\/light-stabilizer-622-tinuvin-622-cas-65447-77-0\/\" \/>\n<meta property=\"og:site_name\" content=\"Longchang Chemical\" \/>\n<meta property=\"article:modified_time\" content=\"2025-12-30T09:03:08+00:00\" \/>\n<meta property=\"og:image\" content=\"https:\/\/longchangchemical.com\/wp-content\/uploads\/2020\/09\/HALS-622-Light-Stabilizer-622-Tinuvin-622-appearance.jpg\" \/>\n\t<meta property=\"og:image:width\" content=\"600\" \/>\n\t<meta property=\"og:image:height\" content=\"800\" \/>\n\t<meta property=\"og:image:type\" content=\"image\/jpeg\" \/>\n<meta name=\"twitter:card\" content=\"summary_large_image\" \/>\n<script type=\"application\/ld+json\" class=\"yoast-schema-graph\">{\"@context\":\"https:\/\/schema.org\",\"@graph\":[{\"@type\":\"WebPage\",\"@id\":\"https:\/\/longchangchemical.com\/product\/light-stabilizer-622-tinuvin-622-cas-65447-77-0\/\",\"url\":\"https:\/\/longchangchemical.com\/product\/light-stabilizer-622-tinuvin-622-cas-65447-77-0\/\",\"name\":\"China Light Stabilizer 622 \/ Tinuvin 622 CAS 65447-77-0 manufacturer - Longchang Chemical\",\"isPartOf\":{\"@id\":\"https:\/\/longchangchemical.com\/#website\"},\"primaryImageOfPage\":{\"@id\":\"https:\/\/longchangchemical.com\/product\/light-stabilizer-622-tinuvin-622-cas-65447-77-0\/#primaryimage\"},\"image\":{\"@id\":\"https:\/\/longchangchemical.com\/product\/light-stabilizer-622-tinuvin-622-cas-65447-77-0\/#primaryimage\"},\"thumbnailUrl\":\"https:\/\/longchangchemical.com\/wp-content\/uploads\/2020\/09\/HALS-622-Light-Stabilizer-622-Tinuvin-622-appearance.jpg\",\"datePublished\":\"2020-09-29T03:49:26+00:00\",\"dateModified\":\"2025-12-30T09:03:08+00:00\",\"description\":\"China top Light Stabilizer 622 \/ Tinuvin 622 manufacturers and CAS 65447-77-0 suppliers. Longchang chemical can provide the best Tinuvin 622 price.\",\"breadcrumb\":{\"@id\":\"https:\/\/longchangchemical.com\/product\/light-stabilizer-622-tinuvin-622-cas-65447-77-0\/#breadcrumb\"},\"inLanguage\":\"hu\",\"potentialAction\":[{\"@type\":\"ReadAction\",\"target\":[\"https:\/\/longchangchemical.com\/product\/light-stabilizer-622-tinuvin-622-cas-65447-77-0\/\"]}]},{\"@type\":\"ImageObject\",\"inLanguage\":\"hu\",\"@id\":\"https:\/\/longchangchemical.com\/product\/light-stabilizer-622-tinuvin-622-cas-65447-77-0\/#primaryimage\",\"url\":\"https:\/\/longchangchemical.com\/wp-content\/uploads\/2020\/09\/HALS-622-Light-Stabilizer-622-Tinuvin-622-appearance.jpg\",\"contentUrl\":\"https:\/\/longchangchemical.com\/wp-content\/uploads\/2020\/09\/HALS-622-Light-Stabilizer-622-Tinuvin-622-appearance.jpg\",\"width\":600,\"height\":800,\"caption\":\"HALS 622 Light Stabilizer 622 Tinuvin 622 appearance\"},{\"@type\":\"BreadcrumbList\",\"@id\":\"https:\/\/longchangchemical.com\/product\/light-stabilizer-622-tinuvin-622-cas-65447-77-0\/#breadcrumb\",\"itemListElement\":[{\"@type\":\"ListItem\",\"position\":1,\"name\":\"Home\",\"item\":\"https:\/\/longchangchemical.com\/\"},{\"@type\":\"ListItem\",\"position\":2,\"name\":\"Products Longchang\",\"item\":\"https:\/\/longchangchemical.com\/product\/\"},{\"@type\":\"ListItem\",\"position\":3,\"name\":\"CHLUMILS\u00ae UV-622 \/ HALS 622 \/ Light Stabilizer 622 \/ Tinuvin 622 CAS 65447-77-0\"}]},{\"@type\":\"WebSite\",\"@id\":\"https:\/\/longchangchemical.com\/#website\",\"url\":\"https:\/\/longchangchemical.com\/\",\"name\":\"Longchang Chemical\",\"description\":\"China chemical manufacturer \uff06 supplier\",\"publisher\":{\"@id\":\"https:\/\/longchangchemical.com\/#organization\"},\"potentialAction\":[{\"@type\":\"SearchAction\",\"target\":{\"@type\":\"EntryPoint\",\"urlTemplate\":\"https:\/\/longchangchemical.com\/?s={search_term_string}\"},\"query-input\":{\"@type\":\"PropertyValueSpecification\",\"valueRequired\":true,\"valueName\":\"search_term_string\"}}],\"inLanguage\":\"hu\"},{\"@type\":\"Organization\",\"@id\":\"https:\/\/longchangchemical.com\/#organization\",\"name\":\"Longchang Chemical\",\"url\":\"https:\/\/longchangchemical.com\/\",\"logo\":{\"@type\":\"ImageObject\",\"inLanguage\":\"hu\",\"@id\":\"https:\/\/longchangchemical.com\/#\/schema\/logo\/image\/\",\"url\":\"https:\/\/longchangchemical.com\/wp-content\/uploads\/2020\/08\/cropped-longchang-logo.png\",\"contentUrl\":\"https:\/\/longchangchemical.com\/wp-content\/uploads\/2020\/08\/cropped-longchang-logo.png\",\"width\":512,\"height\":512,\"caption\":\"Longchang Chemical\"},\"image\":{\"@id\":\"https:\/\/longchangchemical.com\/#\/schema\/logo\/image\/\"}}]}<\/script>\n<!-- \/ Yoast SEO plugin. -->","yoast_head_json":{"title":"K\u00edna k\u00f6nny\u0171 stabiliz\u00e1tor 622 \/ Tinuvin 622 CAS 65447-77-0 gy\u00e1rt\u00f3 - Longchang Chemical","description":"K\u00edna legjobb f\u00e9nystabiliz\u00e1tor 622 \/ Tinuvin 622 gy\u00e1rt\u00f3k \u00e9s CAS 65447-77-0 besz\u00e1ll\u00edt\u00f3k. A Longchang Chemical a legjobb Tinuvin 622 \u00e1rat tudja biztos\u00edtani.","robots":{"index":"index","follow":"follow","max-snippet":"max-snippet:-1","max-image-preview":"max-image-preview:large","max-video-preview":"max-video-preview:-1"},"canonical":"https:\/\/longchangchemical.com\/hu\/product\/light-stabilizer-622-tinuvin-622-cas-65447-77-0\/","og_locale":"hu_HU","og_type":"article","og_title":"China Light Stabilizer 622 \/ Tinuvin 622 CAS 65447-77-0 manufacturer - Longchang Chemical","og_description":"China top Light Stabilizer 622 \/ Tinuvin 622 manufacturers and CAS 65447-77-0 suppliers. Longchang chemical can provide the best Tinuvin 622 price.","og_url":"https:\/\/longchangchemical.com\/hu\/product\/light-stabilizer-622-tinuvin-622-cas-65447-77-0\/","og_site_name":"Longchang Chemical","article_modified_time":"2025-12-30T09:03:08+00:00","og_image":[{"width":600,"height":800,"url":"https:\/\/longchangchemical.com\/wp-content\/uploads\/2020\/09\/HALS-622-Light-Stabilizer-622-Tinuvin-622-appearance.jpg","type":"image\/jpeg"}],"twitter_card":"summary_large_image","schema":{"@context":"https:\/\/schema.org","@graph":[{"@type":"WebPage","@id":"https:\/\/longchangchemical.com\/product\/light-stabilizer-622-tinuvin-622-cas-65447-77-0\/","url":"https:\/\/longchangchemical.com\/product\/light-stabilizer-622-tinuvin-622-cas-65447-77-0\/","name":"K\u00edna k\u00f6nny\u0171 stabiliz\u00e1tor 622 \/ Tinuvin 622 CAS 65447-77-0 gy\u00e1rt\u00f3 - Longchang Chemical","isPartOf":{"@id":"https:\/\/longchangchemical.com\/#website"},"primaryImageOfPage":{"@id":"https:\/\/longchangchemical.com\/product\/light-stabilizer-622-tinuvin-622-cas-65447-77-0\/#primaryimage"},"image":{"@id":"https:\/\/longchangchemical.com\/product\/light-stabilizer-622-tinuvin-622-cas-65447-77-0\/#primaryimage"},"thumbnailUrl":"https:\/\/longchangchemical.com\/wp-content\/uploads\/2020\/09\/HALS-622-Light-Stabilizer-622-Tinuvin-622-appearance.jpg","datePublished":"2020-09-29T03:49:26+00:00","dateModified":"2025-12-30T09:03:08+00:00","description":"K\u00edna legjobb f\u00e9nystabiliz\u00e1tor 622 \/ Tinuvin 622 gy\u00e1rt\u00f3k \u00e9s CAS 65447-77-0 besz\u00e1ll\u00edt\u00f3k. A Longchang Chemical a legjobb Tinuvin 622 \u00e1rat tudja biztos\u00edtani.","breadcrumb":{"@id":"https:\/\/longchangchemical.com\/product\/light-stabilizer-622-tinuvin-622-cas-65447-77-0\/#breadcrumb"},"inLanguage":"hu","potentialAction":[{"@type":"ReadAction","target":["https:\/\/longchangchemical.com\/product\/light-stabilizer-622-tinuvin-622-cas-65447-77-0\/"]}]},{"@type":"ImageObject","inLanguage":"hu","@id":"https:\/\/longchangchemical.com\/product\/light-stabilizer-622-tinuvin-622-cas-65447-77-0\/#primaryimage","url":"https:\/\/longchangchemical.com\/wp-content\/uploads\/2020\/09\/HALS-622-Light-Stabilizer-622-Tinuvin-622-appearance.jpg","contentUrl":"https:\/\/longchangchemical.com\/wp-content\/uploads\/2020\/09\/HALS-622-Light-Stabilizer-622-Tinuvin-622-appearance.jpg","width":600,"height":800,"caption":"HALS 622 Light Stabilizer 622 Tinuvin 622 appearance"},{"@type":"BreadcrumbList","@id":"https:\/\/longchangchemical.com\/product\/light-stabilizer-622-tinuvin-622-cas-65447-77-0\/#breadcrumb","itemListElement":[{"@type":"ListItem","position":1,"name":"Home","item":"https:\/\/longchangchemical.com\/"},{"@type":"ListItem","position":2,"name":"Products Longchang","item":"https:\/\/longchangchemical.com\/product\/"},{"@type":"ListItem","position":3,"name":"CHLUMILS\u00ae UV-622 \/ HALS 622 \/ Light Stabilizer 622 \/ Tinuvin 622 CAS 65447-77-0"}]},{"@type":"WebSite","@id":"https:\/\/longchangchemical.com\/#website","url":"https:\/\/longchangchemical.com\/","name":"Longchang Chemical","description":"K\u00edna k\u00e9miai gy\u00e1rt\u00f3 \uff06 sz\u00e1ll\u00edt\u00f3","publisher":{"@id":"https:\/\/longchangchemical.com\/#organization"},"potentialAction":[{"@type":"SearchAction","target":{"@type":"EntryPoint","urlTemplate":"https:\/\/longchangchemical.com\/?s={search_term_string}"},"query-input":{"@type":"PropertyValueSpecification","valueRequired":true,"valueName":"search_term_string"}}],"inLanguage":"hu"},{"@type":"Organization","@id":"https:\/\/longchangchemical.com\/#organization","name":"Longchang Chemical","url":"https:\/\/longchangchemical.com\/","logo":{"@type":"ImageObject","inLanguage":"hu","@id":"https:\/\/longchangchemical.com\/#\/schema\/logo\/image\/","url":"https:\/\/longchangchemical.com\/wp-content\/uploads\/2020\/08\/cropped-longchang-logo.png","contentUrl":"https:\/\/longchangchemical.com\/wp-content\/uploads\/2020\/08\/cropped-longchang-logo.png","width":512,"height":512,"caption":"Longchang Chemical"},"image":{"@id":"https:\/\/longchangchemical.com\/#\/schema\/logo\/image\/"}}]}},"_links":{"self":[{"href":"https:\/\/longchangchemical.com\/hu\/wp-json\/wp\/v2\/product\/3295","targetHints":{"allow":["GET"]}}],"collection":[{"href":"https:\/\/longchangchemical.com\/hu\/wp-json\/wp\/v2\/product"}],"about":[{"href":"https:\/\/longchangchemical.com\/hu\/wp-json\/wp\/v2\/types\/product"}],"replies":[{"embeddable":true,"href":"https:\/\/longchangchemical.com\/hu\/wp-json\/wp\/v2\/comments?post=3295"}],"wp:featuredmedia":[{"embeddable":true,"href":"https:\/\/longchangchemical.com\/hu\/wp-json\/wp\/v2\/media\/3297"}],"wp:attachment":[{"href":"https:\/\/longchangchemical.com\/hu\/wp-json\/wp\/v2\/media?parent=3295"}],"wp:term":[{"taxonomy":"product_brand","embeddable":true,"href":"https:\/\/longchangchemical.com\/hu\/wp-json\/wp\/v2\/product_brand?post=3295"},{"taxonomy":"product_cat","embeddable":true,"href":"https:\/\/longchangchemical.com\/hu\/wp-json\/wp\/v2\/product_cat?post=3295"},{"taxonomy":"product_tag","embeddable":true,"href":"https:\/\/longchangchemical.com\/hu\/wp-json\/wp\/v2\/product_tag?post=3295"}],"curies":[{"name":"wp","href":"https:\/\/api.w.org\/{rel}","templated":true}]}}