{"id":3264,"date":"2020-09-24T02:25:30","date_gmt":"2020-09-24T02:25:30","guid":{"rendered":"https:\/\/longchangchemical.com\/?post_type=product&#038;p=3264"},"modified":"2025-04-01T05:54:11","modified_gmt":"2025-04-01T05:54:11","slug":"light-stabilizer-944-cas-70624-18-9","status":"publish","type":"product","link":"https:\/\/longchangchemical.com\/hu\/product\/light-stabilizer-944-cas-70624-18-9\/","title":{"rendered":"CHLUMILS\u00ae UV-944 \/ HALS 944 f\u00e9nystabiliz\u00e1tor-944 Chimasorb 944 CAS 70624-18-9 \/ 71878-19-8"},"content":{"rendered":"<h2><strong><b>Light Stabilizer-944 Tipikus tulajdons\u00e1gok<\/b><\/strong><\/h2>\n<table>\n<tbody>\n<tr>\n<td>T\u00e9tel<\/td>\n<td colspan=\"2\">M\u0171szaki adatok<\/td>\n<\/tr>\n<tr>\n<td>Megjelen\u00e9s<\/td>\n<td colspan=\"2\">Feh\u00e9r por vagy vil\u00e1goss\u00e1rga szemcs\u00e9k<\/td>\n<\/tr>\n<tr>\n<td>Olvad\u00e1spont,\u2103<\/td>\n<td colspan=\"2\">110-130<\/td>\n<\/tr>\n<tr>\n<td>Ash<\/td>\n<td colspan=\"2\">\u22640,1%<\/td>\n<\/tr>\n<tr>\n<td>Ill\u00e9kony anyag<\/td>\n<td colspan=\"2\">\u22641.0%<\/td>\n<\/tr>\n<tr>\n<td>Transzmittancia<\/td>\n<td colspan=\"2\">425 nm\u226593% 450 nm\u226595%<\/td>\n<\/tr>\n<tr>\n<td rowspan=\"5\">Oldhat\u00f3s\u00e1g<\/td>\n<td>v\u00edz<\/td>\n<td>&lt;0.01<\/td>\n<\/tr>\n<tr>\n<td>Etil-acet\u00e1t<\/td>\n<td>&gt;50<\/td>\n<\/tr>\n<tr>\n<td>Hex\u00e1n<\/td>\n<td>41<\/td>\n<\/tr>\n<tr>\n<td>Metanol<\/td>\n<td>3<\/td>\n<\/tr>\n<tr>\n<td>aceton<\/td>\n<td>&gt;50<\/td>\n<\/tr>\n<\/tbody>\n<\/table>\n<h2><\/h2>\n<h2><strong><b>Milyen t\u00edpus\u00fa gy\u00f3gyszer a Light Stabilizer-944?<\/b><\/strong><\/h2>\n<h4>Az UV-944 egy nagy molekulat\u00f6meg\u0171, akad\u00e1lyozott amin f\u00e9nystabiliz\u00e1tor, amely kiv\u00e1l\u00f3 kompatibilit\u00e1ssal, extrakci\u00f3\u00e1ll\u00f3s\u00e1ggal \u00e9s alacsony ill\u00e9konys\u00e1ggal rendelkezik. A 944-es f\u00e9nystabiliz\u00e1tor jellemz\u0151je a nagy molekulat\u00f6meg\u0171, akad\u00e1lyozott amin f\u00e9nystabiliz\u00e1tor, kiv\u00e1l\u00f3 kompatibilit\u00e1s, j\u00f3 extrakci\u00f3\u00e1ll\u00f3s\u00e1g \u00e9s alacsony ill\u00e9konys\u00e1g.<\/h4>\n<p>&nbsp;<\/p>\n<h2><strong><b>F\u00e9nystabiliz\u00e1tor-944 Haszn\u00e1lat<\/b><\/strong><\/h2>\n<h4>Az 1.HALS 944 alkalmaz\u00e1si ter\u00fcletei k\u00f6z\u00e9 tartoznak a poliolefinek (PP, PE), az olefin kopolimerek, mint p\u00e9ld\u00e1ul az EVA, valamint a polipropil\u00e9n \u00e9s elasztomerek kever\u00e9kei. Kiv\u00e1l\u00f3 f\u00e9nystabilit\u00e1st k\u00f6lcs\u00f6n\u00f6z a v\u00e9kony cikkeknek, k\u00fcl\u00f6n\u00f6sen a sz\u00e1laknak \u00e9s a filmeknek. Vastag keresztmetszetekben kifejezetten alkalmas polietil\u00e9n cikkekhez.<\/h4>\n<h4>2. HALS 944 Polioximetil\u00e9n (POM), poliamid (PA), poliuret\u00e1n (PU), l\u00e1gy \u00e9s kem\u00e9ny PVC \u00e9s PVC-kever\u00e9kekben haszn\u00e1latos.<\/h4>\n<h4>3. HALS 944 Sztirol elasztomereken \u00e9s ragacsokon haszn\u00e1lt<\/h4>\n<h4>4. A k\u00e9n vagy a halog\u00e9nt\u00edpus befoly\u00e1solhatja az UV-944 hat\u00e1st, ha l\u00e9tezik.<\/h4>\n<h4>5. Koncentr\u00e1ci\u00f3ja 0,1 % \u00e9s 2,0 % k\u00f6z\u00f6tt mozog, a hordoz\u00f3t\u00f3l, a feldolgoz\u00e1si k\u00f6r\u00fclm\u00e9nyekt\u0151l \u00e9s az alkalmaz\u00e1st\u00f3l f\u00fcgg\u0151en.<\/h4>\n<p>&nbsp;<\/p>\n<h2><strong><b>Light Stabilizer-944 Csomagol\u00e1s \u00e9s sz\u00e1ll\u00edt\u00e1s<\/b><\/strong><\/h2>\n<h4>Csomagol\u00e1s: 25kg \/ dob<\/h4>\n<h4>Sz\u00e1ll\u00edt\u00e1s: Tengeren vagy l\u00e9gi \u00faton<\/h4>\n<p>&nbsp;<\/p>\n<h2><strong><b>F\u00e9nystabiliz\u00e1tor-944 T\u00e1rol\u00e1s<\/b><\/strong><\/h2>\n<h4>F\u00e9nyt\u0151l v\u00e9dett, h\u0171v\u00f6s, sz\u00e1raz helyen t\u00e1roljuk.<\/h4>\n<h4><\/h4>\n<h2><strong><b>L\u00e9pjen kapcsolatba vel\u00fcnk most!<\/b><\/strong><\/h2>\n<h4><strong><b>Ha COA, MSDS vagy TDS-re van sz\u00fcks\u00e9ge, k\u00e9rj\u00fck, t\u00f6ltse ki el\u00e9rhet\u0151s\u00e9g\u00e9t az al\u00e1bbi \u0171rlapon, \u00e1ltal\u00e1ban 24 \u00f3r\u00e1n bel\u00fcl felvessz\u00fck \u00d6nnel a kapcsolatot. \u00d6n is k\u00fcldhet nekem e-mailt <span style=\"color: #0000ff;\"><a style=\"color: #0000ff;\" href=\"mailto:info@longchangchemical.com\">info@longchangchemical.com<\/a><\/span> munkaid\u0151ben ( 8:30-18:00 UTC+8 H.-Szombat ) vagy haszn\u00e1lja a weboldal \u00e9l\u0151 chatj\u00e9t, hogy azonnali v\u00e1laszt kapjon.<\/b><\/strong><\/h4>","protected":false},"excerpt":{"rendered":"<h2><strong><b>Light Stabilizer-944 R\u00e9szletek<\/b><\/strong><\/h2>\n<p>K\u00e9miai n\u00e9v: F\u00e9nystabiliz\u00e1tor-944<\/p>\n<p>Egy\u00e9b n\u00e9v: HALS 944; Chimasorb 944<\/p>\n<p>CAS-sz\u00e1m: 70624-18-9; 71878-19-8<\/p>\n<p>Molekul\u00e1ris k\u00e9plet: C35H69Cl3N8<\/p>\n<p>Molekulat\u00f6meg:708,3<\/p>\n<p>F\u00e9nystabiliz\u00e1tor-944 szerkezet:<\/p>\n<p><img decoding=\"async\" class=\"size-full wp-image-3265\" src=\"https:\/\/longchangchemical.com\/wp-content\/uploads\/2020\/09\/Light-Stabilizer-944-Structure.png\" alt=\"F\u00e9nystabiliz\u00e1tor-944 szerkezet\" width=\"221\" height=\"170\" \/><\/p>\n<p>Megjelen\u00e9s: Feh\u00e9r por vagy vil\u00e1goss\u00e1rga szemcs\u00e9k<\/p>","protected":false},"featured_media":3266,"comment_status":"open","ping_status":"closed","template":"","meta":[],"product_brand":[],"product_cat":[104],"product_tag":[],"class_list":{"0":"post-3264","1":"product","2":"type-product","3":"status-publish","4":"has-post-thumbnail","6":"product_cat-light-stabilizer","8":"first","9":"instock","10":"shipping-taxable","11":"product-type-simple"},"yoast_head":"<!-- This site is optimized with the Yoast SEO plugin v25.3.1 - https:\/\/yoast.com\/wordpress\/plugins\/seo\/ -->\n<title>China Light Stabilizer-944 Chimasorb 944 CAS 70624-18-9 \/ 71878-19-8 manufacturer - longchang chemical<\/title>\n<meta name=\"description\" content=\"China top Light Stabilizer-944 manufacturers and CAS 70624-18-9 suppliers. Buy Chimasorb 944 in china. Longchang chemical can provide the best Light Stabilizer-944 price. other name: HALS 944; Tinuvin 944\" \/>\n<meta name=\"robots\" content=\"index, follow, max-snippet:-1, max-image-preview:large, max-video-preview:-1\" \/>\n<link rel=\"canonical\" href=\"https:\/\/longchangchemical.com\/hu\/product\/light-stabilizer-944-cas-70624-18-9\/\" \/>\n<meta property=\"og:locale\" content=\"hu_HU\" \/>\n<meta property=\"og:type\" content=\"article\" \/>\n<meta property=\"og:title\" content=\"China Light Stabilizer-944 Chimasorb 944 CAS 70624-18-9 \/ 71878-19-8 manufacturer - longchang chemical\" \/>\n<meta property=\"og:description\" content=\"China top Light Stabilizer-944 manufacturers and CAS 70624-18-9 suppliers. Buy Chimasorb 944 in china. Longchang chemical can provide the best Light Stabilizer-944 price. other name: HALS 944; Tinuvin 944\" \/>\n<meta property=\"og:url\" content=\"https:\/\/longchangchemical.com\/hu\/product\/light-stabilizer-944-cas-70624-18-9\/\" \/>\n<meta property=\"og:site_name\" content=\"Longchang Chemical\" \/>\n<meta property=\"article:modified_time\" content=\"2025-04-01T05:54:11+00:00\" \/>\n<meta property=\"og:image\" content=\"https:\/\/longchangchemical.com\/wp-content\/uploads\/2020\/09\/Light-Stabilizer-944-appearance.jpg\" \/>\n\t<meta property=\"og:image:width\" content=\"600\" \/>\n\t<meta property=\"og:image:height\" content=\"800\" \/>\n\t<meta property=\"og:image:type\" content=\"image\/jpeg\" \/>\n<meta name=\"twitter:card\" content=\"summary_large_image\" \/>\n<script type=\"application\/ld+json\" class=\"yoast-schema-graph\">{\"@context\":\"https:\/\/schema.org\",\"@graph\":[{\"@type\":\"WebPage\",\"@id\":\"https:\/\/longchangchemical.com\/product\/light-stabilizer-944-cas-70624-18-9\/\",\"url\":\"https:\/\/longchangchemical.com\/product\/light-stabilizer-944-cas-70624-18-9\/\",\"name\":\"China Light Stabilizer-944 Chimasorb 944 CAS 70624-18-9 \/ 71878-19-8 manufacturer - longchang chemical\",\"isPartOf\":{\"@id\":\"https:\/\/longchangchemical.com\/#website\"},\"primaryImageOfPage\":{\"@id\":\"https:\/\/longchangchemical.com\/product\/light-stabilizer-944-cas-70624-18-9\/#primaryimage\"},\"image\":{\"@id\":\"https:\/\/longchangchemical.com\/product\/light-stabilizer-944-cas-70624-18-9\/#primaryimage\"},\"thumbnailUrl\":\"https:\/\/longchangchemical.com\/wp-content\/uploads\/2020\/09\/Light-Stabilizer-944-appearance.jpg\",\"datePublished\":\"2020-09-24T02:25:30+00:00\",\"dateModified\":\"2025-04-01T05:54:11+00:00\",\"description\":\"China top Light Stabilizer-944 manufacturers and CAS 70624-18-9 suppliers. Buy Chimasorb 944 in china. Longchang chemical can provide the best Light Stabilizer-944 price. other name: HALS 944; Tinuvin 944\",\"breadcrumb\":{\"@id\":\"https:\/\/longchangchemical.com\/product\/light-stabilizer-944-cas-70624-18-9\/#breadcrumb\"},\"inLanguage\":\"hu\",\"potentialAction\":[{\"@type\":\"ReadAction\",\"target\":[\"https:\/\/longchangchemical.com\/product\/light-stabilizer-944-cas-70624-18-9\/\"]}]},{\"@type\":\"ImageObject\",\"inLanguage\":\"hu\",\"@id\":\"https:\/\/longchangchemical.com\/product\/light-stabilizer-944-cas-70624-18-9\/#primaryimage\",\"url\":\"https:\/\/longchangchemical.com\/wp-content\/uploads\/2020\/09\/Light-Stabilizer-944-appearance.jpg\",\"contentUrl\":\"https:\/\/longchangchemical.com\/wp-content\/uploads\/2020\/09\/Light-Stabilizer-944-appearance.jpg\",\"width\":600,\"height\":800,\"caption\":\"Light-Stabilizer-944-appearance\"},{\"@type\":\"BreadcrumbList\",\"@id\":\"https:\/\/longchangchemical.com\/product\/light-stabilizer-944-cas-70624-18-9\/#breadcrumb\",\"itemListElement\":[{\"@type\":\"ListItem\",\"position\":1,\"name\":\"Home\",\"item\":\"https:\/\/longchangchemical.com\/\"},{\"@type\":\"ListItem\",\"position\":2,\"name\":\"Products Longchang\",\"item\":\"https:\/\/longchangchemical.com\/product\/\"},{\"@type\":\"ListItem\",\"position\":3,\"name\":\"CHLUMILS\u00ae UV-944 \/ HALS 944 Light Stabilizer-944 Chimasorb 944 CAS 70624-18-9 \/ 71878-19-8\"}]},{\"@type\":\"WebSite\",\"@id\":\"https:\/\/longchangchemical.com\/#website\",\"url\":\"https:\/\/longchangchemical.com\/\",\"name\":\"Longchang Chemical\",\"description\":\"China chemical manufacturer \uff06 supplier\",\"publisher\":{\"@id\":\"https:\/\/longchangchemical.com\/#organization\"},\"potentialAction\":[{\"@type\":\"SearchAction\",\"target\":{\"@type\":\"EntryPoint\",\"urlTemplate\":\"https:\/\/longchangchemical.com\/?s={search_term_string}\"},\"query-input\":{\"@type\":\"PropertyValueSpecification\",\"valueRequired\":true,\"valueName\":\"search_term_string\"}}],\"inLanguage\":\"hu\"},{\"@type\":\"Organization\",\"@id\":\"https:\/\/longchangchemical.com\/#organization\",\"name\":\"Longchang Chemical\",\"url\":\"https:\/\/longchangchemical.com\/\",\"logo\":{\"@type\":\"ImageObject\",\"inLanguage\":\"hu\",\"@id\":\"https:\/\/longchangchemical.com\/#\/schema\/logo\/image\/\",\"url\":\"https:\/\/longchangchemical.com\/wp-content\/uploads\/2020\/08\/cropped-longchang-logo.png\",\"contentUrl\":\"https:\/\/longchangchemical.com\/wp-content\/uploads\/2020\/08\/cropped-longchang-logo.png\",\"width\":512,\"height\":512,\"caption\":\"Longchang Chemical\"},\"image\":{\"@id\":\"https:\/\/longchangchemical.com\/#\/schema\/logo\/image\/\"}}]}<\/script>\n<!-- \/ Yoast SEO plugin. -->","yoast_head_json":{"title":"K\u00edna k\u00f6nny\u0171 stabiliz\u00e1tor-944 Chimasorb 944 CAS 70624-18-9 \/ 71878-19-8 gy\u00e1rt\u00f3 - longchang vegyi anyag - longchang k\u00e9miai","description":"K\u00edna legjobb f\u00e9nystabiliz\u00e1tor-944 gy\u00e1rt\u00f3k \u00e9s CAS 70624-18-9 besz\u00e1ll\u00edt\u00f3k. V\u00e1s\u00e1roljon Chimasorb 944-et K\u00edn\u00e1ban. A Longchang vegyi anyag a legjobb f\u00e9nystabiliz\u00e1tor-944 \u00e1rat tudja biztos\u00edtani. m\u00e1s n\u00e9v: HALS 944; Tinuvin 944.","robots":{"index":"index","follow":"follow","max-snippet":"max-snippet:-1","max-image-preview":"max-image-preview:large","max-video-preview":"max-video-preview:-1"},"canonical":"https:\/\/longchangchemical.com\/hu\/product\/light-stabilizer-944-cas-70624-18-9\/","og_locale":"hu_HU","og_type":"article","og_title":"China Light Stabilizer-944 Chimasorb 944 CAS 70624-18-9 \/ 71878-19-8 manufacturer - longchang chemical","og_description":"China top Light Stabilizer-944 manufacturers and CAS 70624-18-9 suppliers. Buy Chimasorb 944 in china. Longchang chemical can provide the best Light Stabilizer-944 price. other name: HALS 944; Tinuvin 944","og_url":"https:\/\/longchangchemical.com\/hu\/product\/light-stabilizer-944-cas-70624-18-9\/","og_site_name":"Longchang Chemical","article_modified_time":"2025-04-01T05:54:11+00:00","og_image":[{"width":600,"height":800,"url":"https:\/\/longchangchemical.com\/wp-content\/uploads\/2020\/09\/Light-Stabilizer-944-appearance.jpg","type":"image\/jpeg"}],"twitter_card":"summary_large_image","schema":{"@context":"https:\/\/schema.org","@graph":[{"@type":"WebPage","@id":"https:\/\/longchangchemical.com\/product\/light-stabilizer-944-cas-70624-18-9\/","url":"https:\/\/longchangchemical.com\/product\/light-stabilizer-944-cas-70624-18-9\/","name":"K\u00edna k\u00f6nny\u0171 stabiliz\u00e1tor-944 Chimasorb 944 CAS 70624-18-9 \/ 71878-19-8 gy\u00e1rt\u00f3 - longchang vegyi anyag - longchang k\u00e9miai","isPartOf":{"@id":"https:\/\/longchangchemical.com\/#website"},"primaryImageOfPage":{"@id":"https:\/\/longchangchemical.com\/product\/light-stabilizer-944-cas-70624-18-9\/#primaryimage"},"image":{"@id":"https:\/\/longchangchemical.com\/product\/light-stabilizer-944-cas-70624-18-9\/#primaryimage"},"thumbnailUrl":"https:\/\/longchangchemical.com\/wp-content\/uploads\/2020\/09\/Light-Stabilizer-944-appearance.jpg","datePublished":"2020-09-24T02:25:30+00:00","dateModified":"2025-04-01T05:54:11+00:00","description":"K\u00edna legjobb f\u00e9nystabiliz\u00e1tor-944 gy\u00e1rt\u00f3k \u00e9s CAS 70624-18-9 besz\u00e1ll\u00edt\u00f3k. V\u00e1s\u00e1roljon Chimasorb 944-et K\u00edn\u00e1ban. A Longchang vegyi anyag a legjobb f\u00e9nystabiliz\u00e1tor-944 \u00e1rat tudja biztos\u00edtani. m\u00e1s n\u00e9v: HALS 944; Tinuvin 944.","breadcrumb":{"@id":"https:\/\/longchangchemical.com\/product\/light-stabilizer-944-cas-70624-18-9\/#breadcrumb"},"inLanguage":"hu","potentialAction":[{"@type":"ReadAction","target":["https:\/\/longchangchemical.com\/product\/light-stabilizer-944-cas-70624-18-9\/"]}]},{"@type":"ImageObject","inLanguage":"hu","@id":"https:\/\/longchangchemical.com\/product\/light-stabilizer-944-cas-70624-18-9\/#primaryimage","url":"https:\/\/longchangchemical.com\/wp-content\/uploads\/2020\/09\/Light-Stabilizer-944-appearance.jpg","contentUrl":"https:\/\/longchangchemical.com\/wp-content\/uploads\/2020\/09\/Light-Stabilizer-944-appearance.jpg","width":600,"height":800,"caption":"Light-Stabilizer-944-appearance"},{"@type":"BreadcrumbList","@id":"https:\/\/longchangchemical.com\/product\/light-stabilizer-944-cas-70624-18-9\/#breadcrumb","itemListElement":[{"@type":"ListItem","position":1,"name":"Home","item":"https:\/\/longchangchemical.com\/"},{"@type":"ListItem","position":2,"name":"Products Longchang","item":"https:\/\/longchangchemical.com\/product\/"},{"@type":"ListItem","position":3,"name":"CHLUMILS\u00ae UV-944 \/ HALS 944 Light Stabilizer-944 Chimasorb 944 CAS 70624-18-9 \/ 71878-19-8"}]},{"@type":"WebSite","@id":"https:\/\/longchangchemical.com\/#website","url":"https:\/\/longchangchemical.com\/","name":"Longchang Chemical","description":"K\u00edna k\u00e9miai gy\u00e1rt\u00f3 \uff06 sz\u00e1ll\u00edt\u00f3","publisher":{"@id":"https:\/\/longchangchemical.com\/#organization"},"potentialAction":[{"@type":"SearchAction","target":{"@type":"EntryPoint","urlTemplate":"https:\/\/longchangchemical.com\/?s={search_term_string}"},"query-input":{"@type":"PropertyValueSpecification","valueRequired":true,"valueName":"search_term_string"}}],"inLanguage":"hu"},{"@type":"Organization","@id":"https:\/\/longchangchemical.com\/#organization","name":"Longchang Chemical","url":"https:\/\/longchangchemical.com\/","logo":{"@type":"ImageObject","inLanguage":"hu","@id":"https:\/\/longchangchemical.com\/#\/schema\/logo\/image\/","url":"https:\/\/longchangchemical.com\/wp-content\/uploads\/2020\/08\/cropped-longchang-logo.png","contentUrl":"https:\/\/longchangchemical.com\/wp-content\/uploads\/2020\/08\/cropped-longchang-logo.png","width":512,"height":512,"caption":"Longchang Chemical"},"image":{"@id":"https:\/\/longchangchemical.com\/#\/schema\/logo\/image\/"}}]}},"_links":{"self":[{"href":"https:\/\/longchangchemical.com\/hu\/wp-json\/wp\/v2\/product\/3264","targetHints":{"allow":["GET"]}}],"collection":[{"href":"https:\/\/longchangchemical.com\/hu\/wp-json\/wp\/v2\/product"}],"about":[{"href":"https:\/\/longchangchemical.com\/hu\/wp-json\/wp\/v2\/types\/product"}],"replies":[{"embeddable":true,"href":"https:\/\/longchangchemical.com\/hu\/wp-json\/wp\/v2\/comments?post=3264"}],"wp:featuredmedia":[{"embeddable":true,"href":"https:\/\/longchangchemical.com\/hu\/wp-json\/wp\/v2\/media\/3266"}],"wp:attachment":[{"href":"https:\/\/longchangchemical.com\/hu\/wp-json\/wp\/v2\/media?parent=3264"}],"wp:term":[{"taxonomy":"product_brand","embeddable":true,"href":"https:\/\/longchangchemical.com\/hu\/wp-json\/wp\/v2\/product_brand?post=3264"},{"taxonomy":"product_cat","embeddable":true,"href":"https:\/\/longchangchemical.com\/hu\/wp-json\/wp\/v2\/product_cat?post=3264"},{"taxonomy":"product_tag","embeddable":true,"href":"https:\/\/longchangchemical.com\/hu\/wp-json\/wp\/v2\/product_tag?post=3264"}],"curies":[{"name":"wp","href":"https:\/\/api.w.org\/{rel}","templated":true}]}}