{"id":3257,"date":"2020-09-21T08:37:36","date_gmt":"2020-09-21T08:37:36","guid":{"rendered":"https:\/\/longchangchemical.com\/?post_type=product&#038;p=3257"},"modified":"2025-04-01T07:41:47","modified_gmt":"2025-04-01T07:41:47","slug":"optical-brightening-agent-cbs-x-cas-27344-41-8","status":"publish","type":"product","link":"https:\/\/longchangchemical.com\/hu\/product\/optical-brightening-agent-cbs-x-cas-27344-41-8\/","title":{"rendered":"CHLUMIPHOR\u00ae Megawhite DT \/ Optikai f\u00e9nyes\u00edt\u0151 anyag cbs-x cas 27344-41-8"},"content":{"rendered":"<h1><strong><b>Megawhite DT \/ optikai f\u00e9nyes\u00edt\u0151szer CBS-X cas 27344-41-8<\/b><\/strong><\/h1>\n<table>\n<tbody>\n<tr>\n<td>\n<h4>T\u00e9tel<\/h4>\n<\/td>\n<td>\n<h4>Standard<\/h4>\n<\/td>\n<td>\n<h4>Eredm\u00e9nyek<\/h4>\n<\/td>\n<\/tr>\n<tr>\n<td>\n<h4>Megjelen\u00e9s<\/h4>\n<\/td>\n<td>\n<h4>Vil\u00e1goss\u00e1rg\u00e1s por<\/h4>\n<\/td>\n<td>\n<h4>Vil\u00e1goss\u00e1rg\u00e1s por<\/h4>\n<\/td>\n<\/tr>\n<tr>\n<td>\n<h4>Oldhatatlan anyag<\/h4>\n<\/td>\n<td>\n<h4>\u22660.5%<\/h4>\n<\/td>\n<td>\n<h4>0.3%<\/h4>\n<\/td>\n<\/tr>\n<tr>\n<td>\n<h4>Max az ultraibolya tartom\u00e1nyban<\/h4>\n<\/td>\n<td>\n<h4>348-350nm<\/h4>\n<\/td>\n<td>\n<h4>348nm<\/h4>\n<\/td>\n<\/tr>\n<tr>\n<td>\n<h4>E (1%\/ cm) \u00e9rt\u00e9k<\/h4>\n<\/td>\n<td>\n<h4>1105~1181<\/h4>\n<\/td>\n<td>\n<h4>1120<\/h4>\n<\/td>\n<\/tr>\n<tr>\n<td>\n<h4>K\u00f6vetkeztet\u00e9s<\/h4>\n<\/td>\n<td colspan=\"2\">\n<h4>K\u00e9pzett<\/h4>\n<\/td>\n<\/tr>\n<\/tbody>\n<\/table>\n<h2><strong><b>CBS-X optikai vil\u00e1gos\u00edt\u00f3 szer<\/b><\/strong><strong><b>\u00a0<\/b><\/strong><strong><b>Specifik\u00e1ci\u00f3<\/b><\/strong><\/h2>\n<h4>A CBS-X optikai f\u00e9nyes\u00edt\u0151szer a sztirol-bifenil t\u00edpus\u00fa optikai f\u00e9nyes\u00edt\u0151szer, amely a mos\u00f3szer optikai f\u00e9nyes\u00edt\u00e9s\u00e9re alkalmas a feldolgoz\u00e1s minden szakasz\u00e1ban.<\/h4>\n<h2><strong><b>CBS-X optikai vil\u00e1gos\u00edt\u00f3 szer<\/b><\/strong><strong><b>\u00a0<\/b><\/strong><strong><b>M\u0171szaki adatok<\/b><\/strong><\/h2>\n<h4>E (1% \/cm) \u00c9rt\u00e9k: 1120-1140<\/h4>\n<h4>Oldhatatlan anyag: \u22640.5%<\/h4>\n<h4>Max. az ultraibolya tartom\u00e1nyban: 348-350 nm<\/h4>\n<h2><strong><b>CBS-X optikai vil\u00e1gos\u00edt\u00f3 szer<\/b><\/strong><strong><b>\u00a0<\/b><\/strong><strong><b>Alkalmaz\u00e1s<\/b><\/strong><\/h2>\n<h4>Els\u0151sorban szintetikus mos\u00f3szerek, szappanok \u00e9s szappanok, pamut, v\u00e1szon, nejlongyapj\u00fa \u00e9s pap\u00edr, pamut, poli\u00e9szter \u00e9s pamut kever\u00e9ksz\u00f6vetek, valamint pamut kever\u00e9ksz\u00f6vetek egy f\u00fcrd\u0151ben t\u00f6rt\u00e9n\u0151 feh\u00e9r\u00edt\u00e9s\u00e9re haszn\u00e1lj\u00e1k. Sz\u00e9les k\u00f6rben haszn\u00e1lj\u00e1k a mos\u00f3szer-, feh\u00e9r\u00edt\u0151-, pap\u00edrgy\u00e1rt\u00f3- \u00e9s fest\u00e9kiparban.<\/h4>\n<h2><strong>Hogyan kell haszn\u00e1lni <b>CBS-X optikai vil\u00e1gos\u00edt\u00f3 szer<\/b><\/strong>:<\/h2>\n<h4>Feh\u00e9r\u00edtett ruha feh\u00e9r\u00edt\u00e9s<br \/>\n(1) P\u00e1rn\u00e1z\u00e1s feh\u00e9r\u00edt\u00e9s: 4BK: 0,05 ~ 0,6% (o.w.f) J\u00fcanming por: 5 ~ 20g \/ L<br \/>\nF\u00fcrd\u0151 ar\u00e1ny: 1:10-30 Fest\u00e9si h\u0151m\u00e9rs\u00e9klet: 20 \u2103-100 \u2103 Tart\u00e1si id\u0151: 20-30 perc<br \/>\n(2) Oxig\u00e9nes feh\u00e9r\u00edt\u00e9s feh\u00e9r\u00edt\u00e9s: 4BK: 0,05 ~ 0,6% ( o.w.f.)<br \/>\nH2O: 2-10g\/L NaOH: 1g\/L NaSiO3: 2,5g\/L Mos\u00f3szer: 1g\/L F\u00fcrd\u0151ar\u00e1ny: 1:10-30<br \/>\nFest\u00e9si h\u0151m\u00e9rs\u00e9klet: 90 \u2103-100 \u2103 Tart\u00e1si id\u0151: 20-30 perc<\/h4>\n<p>&nbsp;<\/p>\n<h2><strong><b>CBS-X optikai vil\u00e1gos\u00edt\u00f3 szer<\/b><\/strong><strong><b>\u00a0<\/b><\/strong><strong><b>Csomagol\u00e1s<\/b><\/strong><\/h2>\n<h4>25 kg \/ sz\u00e1las dob PE b\u00e9l\u00e9ssel.<\/h4>\n<h2><strong><b>CBS-X optikai vil\u00e1gos\u00edt\u00f3 szer<\/b><\/strong><strong><b>\u00a0<\/b><\/strong><strong><b>T\u00e1rol\u00e1s<\/b><\/strong><\/h2>\n<h4>Tartsa l\u00e9gmentesen, sz\u00e1raz \u00e9s h\u0171v\u00f6s helyen.<\/h4>\n<p>&nbsp;<\/p>\n<h2><strong><b>L\u00e9pjen kapcsolatba vel\u00fcnk most!<\/b><\/strong><\/h2>\n<h4><strong><b>Ha COA, MSDS vagy TDS-re van sz\u00fcks\u00e9ge, k\u00e9rj\u00fck, t\u00f6ltse ki el\u00e9rhet\u0151s\u00e9g\u00e9t az al\u00e1bbi \u0171rlapon, \u00e1ltal\u00e1ban 24 \u00f3r\u00e1n bel\u00fcl felvessz\u00fck \u00d6nnel a kapcsolatot. \u00d6n is k\u00fcldhet nekem e-mailt <span style=\"color: #0000ff;\"><a style=\"color: #0000ff;\" href=\"mailto:info@longchangchemical.com\">info@longchangchemical.com<\/a><\/span> munkaid\u0151ben ( 8:30-18:00 UTC+8 H.-Szombat ) vagy haszn\u00e1lja a weboldal \u00e9l\u0151 chatj\u00e9t, hogy azonnali v\u00e1laszt kapjon.<\/b><\/strong><\/h4>","protected":false},"excerpt":{"rendered":"<p>K\u00e9miai n\u00e9v: CBS-X<\/p>\n<p>CAS-sz\u00e1m: 27344-41-8<\/p>\n<p>Egy\u00e9b n\u00e9v: Megawhite DT: fluoreszk\u00e1l\u00f3 vil\u00e1gos\u00edt\u00f3 351; Megawhite DT<\/p>\n<p>Molekul\u00e1ris k\u00e9plet: C28H20Na2O6S2<\/p>\n<p>Megjelen\u00e9s: S\u00e1rg\u00e1s-z\u00f6ld krist\u00e1lyos por \/ szemcs\u00e9s<\/p>\n<p>Tisztas\u00e1g: 99.5%<\/p>","protected":false},"featured_media":3258,"comment_status":"open","ping_status":"closed","template":"","meta":[],"product_brand":[],"product_cat":[140],"product_tag":[],"class_list":{"0":"post-3257","1":"product","2":"type-product","3":"status-publish","4":"has-post-thumbnail","6":"product_cat-chlumiphor-fluorescent-brightener","8":"first","9":"instock","10":"shipping-taxable","11":"product-type-simple"},"yoast_head":"<!-- This site is optimized with the Yoast SEO plugin v25.3.1 - https:\/\/yoast.com\/wordpress\/plugins\/seo\/ -->\n<title>China Megawhite DT \/ Optical Brightening Agent CBS-X cas 27344-41-8 manufacturer - Longchang Chemical<\/title>\n<meta name=\"description\" content=\"Longchang chemical is China top Optical Brightening Agent CBS-X suppliers \uff06 cas 27344-41-8 manufacturers, Our MOQ is 1kg, we can provide the best Optical Brightening Agent CBS-X price. Other name: Fluorescent Brightener 351; Megawhite DT\" \/>\n<meta name=\"robots\" content=\"index, follow, max-snippet:-1, max-image-preview:large, max-video-preview:-1\" \/>\n<link rel=\"canonical\" href=\"https:\/\/longchangchemical.com\/hu\/product\/optical-brightening-agent-cbs-x-cas-27344-41-8\/\" \/>\n<meta property=\"og:locale\" content=\"hu_HU\" \/>\n<meta property=\"og:type\" content=\"article\" \/>\n<meta property=\"og:title\" content=\"China Megawhite DT \/ Optical Brightening Agent CBS-X cas 27344-41-8 manufacturer - Longchang Chemical\" \/>\n<meta property=\"og:description\" content=\"Longchang chemical is China top Optical Brightening Agent CBS-X suppliers \uff06 cas 27344-41-8 manufacturers, Our MOQ is 1kg, we can provide the best Optical Brightening Agent CBS-X price. Other name: Fluorescent Brightener 351; Megawhite DT\" \/>\n<meta property=\"og:url\" content=\"https:\/\/longchangchemical.com\/hu\/product\/optical-brightening-agent-cbs-x-cas-27344-41-8\/\" \/>\n<meta property=\"og:site_name\" content=\"Longchang Chemical\" \/>\n<meta property=\"article:modified_time\" content=\"2025-04-01T07:41:47+00:00\" \/>\n<meta property=\"og:image\" content=\"https:\/\/longchangchemical.com\/wp-content\/uploads\/2020\/09\/Optical-brightening-agent-cbs-x-appearance.jpg\" \/>\n\t<meta property=\"og:image:width\" content=\"600\" \/>\n\t<meta property=\"og:image:height\" content=\"800\" \/>\n\t<meta property=\"og:image:type\" content=\"image\/jpeg\" \/>\n<meta name=\"twitter:card\" content=\"summary_large_image\" \/>\n<script type=\"application\/ld+json\" class=\"yoast-schema-graph\">{\"@context\":\"https:\/\/schema.org\",\"@graph\":[{\"@type\":\"WebPage\",\"@id\":\"https:\/\/longchangchemical.com\/product\/optical-brightening-agent-cbs-x-cas-27344-41-8\/\",\"url\":\"https:\/\/longchangchemical.com\/product\/optical-brightening-agent-cbs-x-cas-27344-41-8\/\",\"name\":\"China Megawhite DT \/ Optical Brightening Agent CBS-X cas 27344-41-8 manufacturer - Longchang Chemical\",\"isPartOf\":{\"@id\":\"https:\/\/longchangchemical.com\/#website\"},\"primaryImageOfPage\":{\"@id\":\"https:\/\/longchangchemical.com\/product\/optical-brightening-agent-cbs-x-cas-27344-41-8\/#primaryimage\"},\"image\":{\"@id\":\"https:\/\/longchangchemical.com\/product\/optical-brightening-agent-cbs-x-cas-27344-41-8\/#primaryimage\"},\"thumbnailUrl\":\"https:\/\/longchangchemical.com\/wp-content\/uploads\/2020\/09\/Optical-brightening-agent-cbs-x-appearance.jpg\",\"datePublished\":\"2020-09-21T08:37:36+00:00\",\"dateModified\":\"2025-04-01T07:41:47+00:00\",\"description\":\"Longchang chemical is China top Optical Brightening Agent CBS-X suppliers \uff06 cas 27344-41-8 manufacturers, Our MOQ is 1kg, we can provide the best Optical Brightening Agent CBS-X price. Other name: Fluorescent Brightener 351; Megawhite DT\",\"breadcrumb\":{\"@id\":\"https:\/\/longchangchemical.com\/product\/optical-brightening-agent-cbs-x-cas-27344-41-8\/#breadcrumb\"},\"inLanguage\":\"hu\",\"potentialAction\":[{\"@type\":\"ReadAction\",\"target\":[\"https:\/\/longchangchemical.com\/product\/optical-brightening-agent-cbs-x-cas-27344-41-8\/\"]}]},{\"@type\":\"ImageObject\",\"inLanguage\":\"hu\",\"@id\":\"https:\/\/longchangchemical.com\/product\/optical-brightening-agent-cbs-x-cas-27344-41-8\/#primaryimage\",\"url\":\"https:\/\/longchangchemical.com\/wp-content\/uploads\/2020\/09\/Optical-brightening-agent-cbs-x-appearance.jpg\",\"contentUrl\":\"https:\/\/longchangchemical.com\/wp-content\/uploads\/2020\/09\/Optical-brightening-agent-cbs-x-appearance.jpg\",\"width\":600,\"height\":800,\"caption\":\"Optical brightening agent cbs-x appearance\"},{\"@type\":\"BreadcrumbList\",\"@id\":\"https:\/\/longchangchemical.com\/product\/optical-brightening-agent-cbs-x-cas-27344-41-8\/#breadcrumb\",\"itemListElement\":[{\"@type\":\"ListItem\",\"position\":1,\"name\":\"Home\",\"item\":\"https:\/\/longchangchemical.com\/\"},{\"@type\":\"ListItem\",\"position\":2,\"name\":\"Products Longchang\",\"item\":\"https:\/\/longchangchemical.com\/product\/\"},{\"@type\":\"ListItem\",\"position\":3,\"name\":\"CHLUMIPHOR\u00ae Megawhite DT \/ Optical brightening agent cbs-x cas 27344-41-8\"}]},{\"@type\":\"WebSite\",\"@id\":\"https:\/\/longchangchemical.com\/#website\",\"url\":\"https:\/\/longchangchemical.com\/\",\"name\":\"Longchang Chemical\",\"description\":\"China chemical manufacturer \uff06 supplier\",\"publisher\":{\"@id\":\"https:\/\/longchangchemical.com\/#organization\"},\"potentialAction\":[{\"@type\":\"SearchAction\",\"target\":{\"@type\":\"EntryPoint\",\"urlTemplate\":\"https:\/\/longchangchemical.com\/?s={search_term_string}\"},\"query-input\":{\"@type\":\"PropertyValueSpecification\",\"valueRequired\":true,\"valueName\":\"search_term_string\"}}],\"inLanguage\":\"hu\"},{\"@type\":\"Organization\",\"@id\":\"https:\/\/longchangchemical.com\/#organization\",\"name\":\"Longchang Chemical\",\"url\":\"https:\/\/longchangchemical.com\/\",\"logo\":{\"@type\":\"ImageObject\",\"inLanguage\":\"hu\",\"@id\":\"https:\/\/longchangchemical.com\/#\/schema\/logo\/image\/\",\"url\":\"https:\/\/longchangchemical.com\/wp-content\/uploads\/2020\/08\/cropped-longchang-logo.png\",\"contentUrl\":\"https:\/\/longchangchemical.com\/wp-content\/uploads\/2020\/08\/cropped-longchang-logo.png\",\"width\":512,\"height\":512,\"caption\":\"Longchang Chemical\"},\"image\":{\"@id\":\"https:\/\/longchangchemical.com\/#\/schema\/logo\/image\/\"}}]}<\/script>\n<!-- \/ Yoast SEO plugin. -->","yoast_head_json":{"title":"K\u00edna Megawhite DT \/ optikai f\u00e9nyes\u00edt\u0151szer CBS-X cas 27344-41-8 gy\u00e1rt\u00f3 - Longchang Chemical","description":"Longchang k\u00e9miai K\u00edna top optikai f\u00e9nyes\u00edt\u0151 szer CBS-X besz\u00e1ll\u00edt\u00f3k \uff06 cas 27344-41-8 gy\u00e1rt\u00f3k, a MOQ 1kg, tudjuk biztos\u00edtani a legjobb optikai f\u00e9nyes\u00edt\u0151 szer CBS-X \u00e1r. M\u00e1s n\u00e9v: 351 fluoreszcens f\u00e9nyes\u00edt\u0151szer; Megawhite DT","robots":{"index":"index","follow":"follow","max-snippet":"max-snippet:-1","max-image-preview":"max-image-preview:large","max-video-preview":"max-video-preview:-1"},"canonical":"https:\/\/longchangchemical.com\/hu\/product\/optical-brightening-agent-cbs-x-cas-27344-41-8\/","og_locale":"hu_HU","og_type":"article","og_title":"China Megawhite DT \/ Optical Brightening Agent CBS-X cas 27344-41-8 manufacturer - Longchang Chemical","og_description":"Longchang chemical is China top Optical Brightening Agent CBS-X suppliers \uff06 cas 27344-41-8 manufacturers, Our MOQ is 1kg, we can provide the best Optical Brightening Agent CBS-X price. Other name: Fluorescent Brightener 351; Megawhite DT","og_url":"https:\/\/longchangchemical.com\/hu\/product\/optical-brightening-agent-cbs-x-cas-27344-41-8\/","og_site_name":"Longchang Chemical","article_modified_time":"2025-04-01T07:41:47+00:00","og_image":[{"width":600,"height":800,"url":"https:\/\/longchangchemical.com\/wp-content\/uploads\/2020\/09\/Optical-brightening-agent-cbs-x-appearance.jpg","type":"image\/jpeg"}],"twitter_card":"summary_large_image","schema":{"@context":"https:\/\/schema.org","@graph":[{"@type":"WebPage","@id":"https:\/\/longchangchemical.com\/product\/optical-brightening-agent-cbs-x-cas-27344-41-8\/","url":"https:\/\/longchangchemical.com\/product\/optical-brightening-agent-cbs-x-cas-27344-41-8\/","name":"K\u00edna Megawhite DT \/ optikai f\u00e9nyes\u00edt\u0151szer CBS-X cas 27344-41-8 gy\u00e1rt\u00f3 - Longchang Chemical","isPartOf":{"@id":"https:\/\/longchangchemical.com\/#website"},"primaryImageOfPage":{"@id":"https:\/\/longchangchemical.com\/product\/optical-brightening-agent-cbs-x-cas-27344-41-8\/#primaryimage"},"image":{"@id":"https:\/\/longchangchemical.com\/product\/optical-brightening-agent-cbs-x-cas-27344-41-8\/#primaryimage"},"thumbnailUrl":"https:\/\/longchangchemical.com\/wp-content\/uploads\/2020\/09\/Optical-brightening-agent-cbs-x-appearance.jpg","datePublished":"2020-09-21T08:37:36+00:00","dateModified":"2025-04-01T07:41:47+00:00","description":"Longchang k\u00e9miai K\u00edna top optikai f\u00e9nyes\u00edt\u0151 szer CBS-X besz\u00e1ll\u00edt\u00f3k \uff06 cas 27344-41-8 gy\u00e1rt\u00f3k, a MOQ 1kg, tudjuk biztos\u00edtani a legjobb optikai f\u00e9nyes\u00edt\u0151 szer CBS-X \u00e1r. M\u00e1s n\u00e9v: 351 fluoreszcens f\u00e9nyes\u00edt\u0151szer; Megawhite DT","breadcrumb":{"@id":"https:\/\/longchangchemical.com\/product\/optical-brightening-agent-cbs-x-cas-27344-41-8\/#breadcrumb"},"inLanguage":"hu","potentialAction":[{"@type":"ReadAction","target":["https:\/\/longchangchemical.com\/product\/optical-brightening-agent-cbs-x-cas-27344-41-8\/"]}]},{"@type":"ImageObject","inLanguage":"hu","@id":"https:\/\/longchangchemical.com\/product\/optical-brightening-agent-cbs-x-cas-27344-41-8\/#primaryimage","url":"https:\/\/longchangchemical.com\/wp-content\/uploads\/2020\/09\/Optical-brightening-agent-cbs-x-appearance.jpg","contentUrl":"https:\/\/longchangchemical.com\/wp-content\/uploads\/2020\/09\/Optical-brightening-agent-cbs-x-appearance.jpg","width":600,"height":800,"caption":"Optical brightening agent cbs-x appearance"},{"@type":"BreadcrumbList","@id":"https:\/\/longchangchemical.com\/product\/optical-brightening-agent-cbs-x-cas-27344-41-8\/#breadcrumb","itemListElement":[{"@type":"ListItem","position":1,"name":"Home","item":"https:\/\/longchangchemical.com\/"},{"@type":"ListItem","position":2,"name":"Products Longchang","item":"https:\/\/longchangchemical.com\/product\/"},{"@type":"ListItem","position":3,"name":"CHLUMIPHOR\u00ae Megawhite DT \/ Optical brightening agent cbs-x cas 27344-41-8"}]},{"@type":"WebSite","@id":"https:\/\/longchangchemical.com\/#website","url":"https:\/\/longchangchemical.com\/","name":"Longchang Chemical","description":"K\u00edna k\u00e9miai gy\u00e1rt\u00f3 \uff06 sz\u00e1ll\u00edt\u00f3","publisher":{"@id":"https:\/\/longchangchemical.com\/#organization"},"potentialAction":[{"@type":"SearchAction","target":{"@type":"EntryPoint","urlTemplate":"https:\/\/longchangchemical.com\/?s={search_term_string}"},"query-input":{"@type":"PropertyValueSpecification","valueRequired":true,"valueName":"search_term_string"}}],"inLanguage":"hu"},{"@type":"Organization","@id":"https:\/\/longchangchemical.com\/#organization","name":"Longchang Chemical","url":"https:\/\/longchangchemical.com\/","logo":{"@type":"ImageObject","inLanguage":"hu","@id":"https:\/\/longchangchemical.com\/#\/schema\/logo\/image\/","url":"https:\/\/longchangchemical.com\/wp-content\/uploads\/2020\/08\/cropped-longchang-logo.png","contentUrl":"https:\/\/longchangchemical.com\/wp-content\/uploads\/2020\/08\/cropped-longchang-logo.png","width":512,"height":512,"caption":"Longchang Chemical"},"image":{"@id":"https:\/\/longchangchemical.com\/#\/schema\/logo\/image\/"}}]}},"_links":{"self":[{"href":"https:\/\/longchangchemical.com\/hu\/wp-json\/wp\/v2\/product\/3257","targetHints":{"allow":["GET"]}}],"collection":[{"href":"https:\/\/longchangchemical.com\/hu\/wp-json\/wp\/v2\/product"}],"about":[{"href":"https:\/\/longchangchemical.com\/hu\/wp-json\/wp\/v2\/types\/product"}],"replies":[{"embeddable":true,"href":"https:\/\/longchangchemical.com\/hu\/wp-json\/wp\/v2\/comments?post=3257"}],"wp:featuredmedia":[{"embeddable":true,"href":"https:\/\/longchangchemical.com\/hu\/wp-json\/wp\/v2\/media\/3258"}],"wp:attachment":[{"href":"https:\/\/longchangchemical.com\/hu\/wp-json\/wp\/v2\/media?parent=3257"}],"wp:term":[{"taxonomy":"product_brand","embeddable":true,"href":"https:\/\/longchangchemical.com\/hu\/wp-json\/wp\/v2\/product_brand?post=3257"},{"taxonomy":"product_cat","embeddable":true,"href":"https:\/\/longchangchemical.com\/hu\/wp-json\/wp\/v2\/product_cat?post=3257"},{"taxonomy":"product_tag","embeddable":true,"href":"https:\/\/longchangchemical.com\/hu\/wp-json\/wp\/v2\/product_tag?post=3257"}],"curies":[{"name":"wp","href":"https:\/\/api.w.org\/{rel}","templated":true}]}}