{"id":3248,"date":"2020-09-17T02:11:54","date_gmt":"2020-09-17T02:11:54","guid":{"rendered":"https:\/\/longchangchemical.com\/?post_type=product&#038;p=3248"},"modified":"2025-12-16T08:53:23","modified_gmt":"2025-12-16T08:53:23","slug":"naringinase-cas-9068-31-9","status":"publish","type":"product","link":"https:\/\/longchangchemical.com\/hu\/product\/naringinase-cas-9068-31-9\/","title":{"rendered":"Longzyme\u00ae naringin\u00e1z CAS 9068-31-9"},"content":{"rendered":"<h2><strong><b>Naringin\u00e1z tipikus tulajdons\u00e1gok<\/b><\/strong><\/h2>\n<p><strong><b>\u00a0<\/b><\/strong><\/p>\n<table>\n<tbody>\n<tr>\n<td width=\"186\"><strong><b>TEST<\/b><\/strong><\/td>\n<td width=\"125\"><strong><b>S<\/b><\/strong><strong><b>pecifications<\/b><\/strong><\/td>\n<td width=\"191\"><strong><b>Teszteredm\u00e9nyek<\/b><\/strong><\/td>\n<td width=\"134\"><strong><b>Eredm\u00e9nyek<\/b><\/strong><\/td>\n<\/tr>\n<tr>\n<td width=\"186\">Megjelen\u00e9s<\/td>\n<td width=\"125\">A feh\u00e9rt\u0151l a vil\u00e1goss\u00e1rg\u00e1ig terjed\u0151 sz\u00edn\u0171 por<\/td>\n<td width=\"191\">A feh\u00e9rt\u0151l a vil\u00e1goss\u00e1rg\u00e1ig terjed\u0151 sz\u00edn\u0171 por<\/td>\n<td width=\"134\">Megfelel<\/td>\n<\/tr>\n<tr>\n<td width=\"186\">Enzimaktivit\u00e1s (ezer u\/g)<\/td>\n<td width=\"125\">\u2265100<\/td>\n<td width=\"191\">100<\/td>\n<td width=\"134\">Megfelel<\/td>\n<\/tr>\n<tr>\n<td width=\"186\">\u00d6sszes arz\u00e9n (mg\/kg)<\/td>\n<td width=\"125\">\u22643<\/td>\n<td width=\"191\">&lt;3<\/td>\n<td width=\"134\">Megfelel<\/td>\n<\/tr>\n<tr>\n<td width=\"186\">Pb (mg\/kg)<\/td>\n<td width=\"125\">\u22645<\/td>\n<td width=\"191\">&lt;5<\/td>\n<td width=\"134\">Megfelel<\/td>\n<\/tr>\n<tr>\n<td width=\"186\">Telepek sz\u00e1ma \u00f6sszesen (cfu\/g)<\/td>\n<td width=\"125\">\u226450000<\/td>\n<td width=\"191\">22000<\/td>\n<td width=\"134\">Megfelel<\/td>\n<\/tr>\n<tr>\n<td width=\"186\">Coliform (cfu\/g)<\/td>\n<td width=\"125\">\u226430<\/td>\n<td width=\"191\">18<\/td>\n<td width=\"134\">Megfelel<\/td>\n<\/tr>\n<tr>\n<td width=\"186\">Pen\u00e9szgomb\u00e1k \u00e9s \u00e9leszt\u0151gomb\u00e1k (cfu\/g)<\/td>\n<td width=\"125\">\u226430<\/td>\n<td width=\"191\">16<\/td>\n<td width=\"134\">Megfelel<\/td>\n<\/tr>\n<tr>\n<td width=\"186\">Escherichia coli (mpn\/g)<\/td>\n<td width=\"125\">\u22643<\/td>\n<td width=\"191\">&lt;3<\/td>\n<td width=\"134\">Megfelel<\/td>\n<\/tr>\n<tr>\n<td width=\"186\">Szalmonella (25g)<\/td>\n<td width=\"125\">Nem kimutathat\u00f3<\/td>\n<td width=\"191\">Nem \u00e9szlelt<\/td>\n<td width=\"134\">Megfelel<\/td>\n<\/tr>\n<tr>\n<td width=\"186\">M\u00e1rkan\u00e9v<\/td>\n<td width=\"125\">Fousi vegyi anyag<\/td>\n<td width=\"191\"><\/td>\n<td width=\"134\"><\/td>\n<\/tr>\n<\/tbody>\n<\/table>\n<p><strong><b>\u00a0<\/b><\/strong><\/p>\n<p><strong><b>NARINGINASE-t \u00e1ll\u00edtunk el\u0151 20.000 enzimaktivit\u00e1ssal.<\/b><\/strong><strong><b>. 50,000.<\/b><\/strong><strong><b>\u00a0100.000 \u00e9s 200.000, ha m\u00e1s szintekre van sz\u00fcks\u00e9ge, akkor is testre szabhatjuk.\u00a0<\/b><\/strong><\/p>\n<h2><strong><b>Naringin\u00e1z K\u00e9miai tulajdons\u00e1gok<\/b><\/strong><\/h2>\n<p>1. Ez a term\u00e9k egy enzimk\u00e9sz\u00edtm\u00e9ny. Els\u0151sorban a grapefruit \u00e9s a keser\u0171 narancs gy\u00fcm\u00f6lcslev\u00e9nek, gy\u00fcm\u00f6lcsh\u00fas\u00e1nak \u00e9s h\u00e9j\u00e1nak keser\u0171v\u00e9 t\u00e9tel\u00e9re haszn\u00e1lj\u00e1k.<\/p>\n<p>2. Ez a term\u00e9k els\u0151sorban k\u00e9t enzimet tartalmaz, az egyik a ramnosid\u00e1z, amely k\u00e9pes hidroliz\u00e1lni a keser\u0171 naringint (pummelozid-7-ramnosid) ramn\u00f3zz\u00e1 \u00e9s nosulinn\u00e1, a m\u00e1sik a \u03b2 -Gl\u00fckozid\u00e1z, amely k\u00e9pes hidroliz\u00e1lni a sakurarint szagtalan pomelo anyagg\u00e1 \u00e9s gl\u00fck\u00f3zz\u00e1, a folyamat: a naringin\u00e1z optim\u00e1lis pH \u00e9rt\u00e9ke 3,5 \uff5e 0, \u00e9s az optim\u00e1lis h\u0151m\u00e9rs\u00e9klet 50 \uff5e 60 \u2103.<\/p>\n<h2><strong><b>Naringin\u00e1z felhaszn\u00e1l\u00e1s<\/b><\/strong><\/h2>\n<p>&nbsp;<\/p>\n<h3>1. Antibiotikumok el\u0151\u00e1ll\u00edt\u00e1sa<\/h3>\n<p>A naringin\u00e1z ramnozid\u00e1z biol\u00f3giai aktivit\u00e1s\u00e1t felhaszn\u00e1lva el\u0151\u00e1ll\u00edthat\u00f3 a kl\u00f3rpolipszporin antibiotikum, amely a deglikozil\u00e1lt glikopeptid antibiotikumok egyik oszt\u00e1lya. Az A, B \u00e9s C kl\u00f3rpoliporinok enzimatikus hidrol\u00edzissel deglikozil\u00e1lt term\u00e9kekk\u00e9 alak\u00edthat\u00f3k. A kl\u00f3rpoliporinC antibiotikumok \u00e9s a lakt\u00e1m antibiotikumok egy\u00fcttes alkalmaz\u00e1sa fokozhatja a met-rezisztens Staphylococcus elleni hat\u00e1st. A kl\u00f3rpoliporinok er\u0151s g\u00e1tl\u00f3 hat\u00e1ssal rendelkeznek a Gram-pozit\u00edv bakt\u00e9riumokra, bele\u00e9rtve a meticillin-rezisztens Staphylococcusokat \u00e9s az anaerob Gram-pozit\u00edv b\u00e9lbakt\u00e9riumokat. \u00c1ltal\u00e1noss\u00e1gban elmondhat\u00f3, hogy a kl\u00f3rpoliporinC a kl\u00f3rpoliporin vegy\u00fcletek legakt\u00edvabb komponense, \u00e9s aktivit\u00e1sa nagyobb, mint a \u03b2-avoparcinok\u00e9.<\/p>\n<p>&nbsp;<\/p>\n<h3>2. A ramn\u00f3z el\u0151\u00e1ll\u00edt\u00e1sa<\/h3>\n<p>A ramn\u00f3z a naringin hidroliz\u00e1l\u00e1s\u00e1val \u00e1ll\u00edthat\u00f3 el\u0151 naringin\u00e1zzal, amely nagy aktivit\u00e1s\u00fa ramnozid\u00e1z \u00e9s alacsony aktivit\u00e1s\u00fa gl\u00fckozid\u00e1z vegyes rendszer\u00e9b\u0151l \u00e1ll. A ramn\u00f3z gy\u00f3gyszerek \u00e9s n\u00f6v\u00e9nyv\u00e9d\u0151 szerek el\u0151\u00e1ll\u00edt\u00e1s\u00e1ra haszn\u00e1lhat\u00f3.<\/p>\n<p>&nbsp;<\/p>\n<h3>3. Prunin el\u0151\u00e1ll\u00edt\u00e1sa<\/h3>\n<p>Miut\u00e1n az immobiliz\u00e1lt naringin\u00e1zt l\u00fagos pufferrel kezelt\u00e9k, a naringin hidroliz\u00e1lhat\u00f3, \u00e9s purunin keletkezik. A term\u00e9k hozama magasabb. A pruninin a DNS\/RNS-v\u00edrusokkal szembeni aktivit\u00e1ssal rendelkezik. A flavonoidok gyullad\u00e1scs\u00f6kkent\u0151 hat\u00e1s\u00faak, \u00e9s cukorbetegek sz\u00e1m\u00e1ra \u00e9dess\u00e9gek helyettes\u00edt\u00e9s\u00e9re haszn\u00e1lhat\u00f3k. Sz\u00e1mos term\u00e9szetes flavonoidnak v\u00e1ltoz\u00f3 spektrum\u00fa tulajdons\u00e1gai vannak a DNS- vagy RNS-v\u00edrusokkal szemben. In vitro sejtkult\u00far\u00e1n kereszt\u00fcl vizsg\u00e1lj\u00e1k a flavonoidok naringin, hesperitin \u00e9s purunin fert\u0151z\u00e9s\u00e9t \u00e9s szaporod\u00e1s\u00e1t HSV-1 (poliov\u00edrus-1 t\u00edpus), Pf-3 (parainfluenzavirust\u00edpus-3) \u00e9s RSV (respiratorysyncytialvirus) v\u00edrusok ellen. A jelent\u00e9sek szerint az \u00e1llatszimul\u00e1ci\u00f3s k\u00eds\u00e9rleteken kereszt\u00fcl a dihidroflavonoid glikozid naringenin megakad\u00e1lyozhatja a gyomorfek\u00e9lyt. A naringenin maga is hat\u00e1ssal van az alkohol okozta gyomorprobl\u00e9m\u00e1kra.<\/p>\n<p>&nbsp;<\/p>\n<h3>4. \u00c1talak\u00edt\u00f3 szteroidok<\/h3>\n<p>A g\u00f6r\u00f6gsz\u00e9namagot a naringin\u00e1z enzimatikusan hidroliz\u00e1lja, \u00edgy szaponin \u00e9s dioszcin (klinikailag hasznos szteroid) keletkezik bel\u0151le. Ebben a folyamatban az immobiliz\u00e1lt naringin\u00e1z \u00e9s pektin\u00e1z k\u00e9tszer \u00fajra felhaszn\u00e1lhat\u00f3 a dioszcin elveszt\u00e9se n\u00e9lk\u00fcl.<\/p>\n<p>&nbsp;<\/p>\n<h3>5. Egy\u00e9b<\/h3>\n<p>A ramnosid\u00e1z, \u03b2-gl\u00fckozid\u00e1z \u00e9s arabinosid\u00e1z k\u00f6lcs\u00f6nhat\u00e1sa jav\u00edthatja a bor \u00edz\u00e9t, amely els\u0151sorban a ramnosid\u00e1z biol\u00f3giai aktivit\u00e1s\u00e1t haszn\u00e1lja a naringin\u00e1zban. A gomb\u00e1k gl\u00fckozid\u00e1z\u00e1nak szil\u00e1rd hordoz\u00f3n t\u00f6rt\u00e9n\u0151 immobiliz\u00e1l\u00e1s\u00e1nak c\u00e9lja, hogy folyamatosan hatjon a borra, el\u0151seg\u00edtse az \u00edz javul\u00e1s\u00e1t, \u00e9s n\u00f6velje a bor \u00edz\u00e9t. Ugyanakkor a rendszer dinamikus viselked\u00e9s\u00e9t \u00e9s immobiliz\u00e1ci\u00f3j\u00e1t is tanulm\u00e1nyozzuk. Az amil\u00e1z, a poligalakturon\u00e1z \u00e9s a naringin\u00e1z egy\u00fcttes immobiliz\u00e1l\u00e1sa a gy\u00fcm\u00f6lcs- \u00e9s z\u00f6lds\u00e9glevekben l\u00e9v\u0151 kem\u00e9ny\u00edt\u0151 \u00e9s pektin hidrol\u00edzis\u00e9re jobb, mint az amil\u00e1z \u00e9s a pektin\u00e1z \u00f6n\u00e1ll\u00f3 immobiliz\u00e1l\u00e1sa. A naringin\u00e1zt kitinre, kitoz\u00e1nra, illetve DE-kitoz\u00e1nra immobiliz\u00e1lt\u00e1k, \u00e9s az eredm\u00e9nyek azt mutatt\u00e1k, hogy mindegyik\u00fck k\u00e9pes fokozni a bor \u00edz\u00e9t.<\/p>\n<h2><strong><b>Naringin\u00e1z csomagol\u00e1s<\/b><\/strong><\/h2>\n<p>25kg\/dob<\/p>\n<h2><strong><b>L\u00e9pjen kapcsolatba vel\u00fcnk most!<\/b><\/strong><\/h2>\n<h4><strong><b>Ha sz\u00fcks\u00e9ge van Price-ra, k\u00e9rj\u00fck, t\u00f6ltse ki el\u00e9rhet\u0151s\u00e9g\u00e9t az al\u00e1bbi \u0171rlapon, \u00e1ltal\u00e1ban 24 \u00f3r\u00e1n bel\u00fcl felvessz\u00fck \u00d6nnel a kapcsolatot. \u00d6n is k\u00fcldhet nekem e-mailt\u00a0<span style=\"color: #00ccff;\"><a style=\"color: #00ccff;\" href=\"mailto:info@longchangchemical.com\">info@longchangchemical.com<\/a><\/span>\u00a0munkaid\u0151ben ( 8:30-18:00 UTC+8 H.-Szombat ) vagy haszn\u00e1lja a weboldal \u00e9l\u0151 chatj\u00e9t, hogy azonnali v\u00e1laszt kapjon.<\/b><\/strong><\/h4>\n<table style=\"border-collapse: collapse; width: 326.27pt;\" border=\"0\" width=\"435\" cellspacing=\"0\" cellpadding=\"0\">\n<tbody>\n<tr style=\"height: 13.50pt;\">\n<td class=\"et2\" style=\"height: 13.50pt; width: 164.25pt;\" width=\"219\" height=\"18\"><a href=\"https:\/\/longchangchemical.com\/hu\/product\/compound-glucoamylase-cas-9032-08-0\/\"><span style=\"color: #00ccff;\">\u00d6sszet\u00e9tel Gl\u00fckoamil\u00e1z<\/span><\/a><\/td>\n<td class=\"et2\" style=\"width: 162.00pt;\" width=\"216\">9032-08-0<\/td>\n<\/tr>\n<tr style=\"height: 13.50pt;\">\n<td class=\"et2\" style=\"height: 13.50pt;\" height=\"18\"><a href=\"https:\/\/longchangchemical.com\/hu\/product\/pullulanase-cas-9075-68-7\/\"><span style=\"color: #00ccff;\">Pullulanase<\/span><\/a><\/td>\n<td class=\"et2\">9075-68-7<\/td>\n<\/tr>\n<tr style=\"height: 13.50pt;\">\n<td class=\"et2\" style=\"height: 13.50pt;\" height=\"18\"><a href=\"https:\/\/longchangchemical.com\/hu\/product\/xylanase-cas-37278-89-0\/\"><span style=\"color: #00ccff;\">Xilan\u00e1z<\/span><\/a><\/td>\n<td class=\"et2\">37278-89-0<\/td>\n<\/tr>\n<tr style=\"height: 13.50pt;\">\n<td class=\"et2\" style=\"height: 13.50pt;\" height=\"18\"><a href=\"https:\/\/longchangchemical.com\/hu\/product\/cellulase-cas-9012-54-8\/\"><span style=\"color: #00ccff;\">Cellul\u00e1z<\/span><\/a><\/td>\n<td class=\"et2\">9012-54-8<\/td>\n<\/tr>\n<tr style=\"height: 13.50pt;\">\n<td class=\"et2\" style=\"height: 13.50pt;\" height=\"18\"><a href=\"https:\/\/longchangchemical.com\/hu\/product\/naringinase-cas-9068-31-9\/\"><span style=\"color: #00ccff;\">Naringin\u00e1z<\/span><\/a><\/td>\n<td class=\"et2\">9068-31-9<\/td>\n<\/tr>\n<tr style=\"height: 13.50pt;\">\n<td class=\"et2\" style=\"height: 13.50pt;\" height=\"18\"><a href=\"https:\/\/longchangchemical.com\/hu\/product\/beta-amylase-cas-9000-91-3\/\"><span style=\"color: #00ccff;\">\u03b2-Amil\u00e1z<\/span><\/a><\/td>\n<td class=\"et2\">9000-91-3<\/td>\n<\/tr>\n<tr style=\"height: 13.50pt;\">\n<td class=\"et2\" style=\"height: 13.50pt;\" height=\"18\"><a href=\"https:\/\/longchangchemical.com\/hu\/product\/glucose-oxidase-cas-9001-37-0\/\"><span style=\"color: #00ccff;\">Gl\u00fck\u00f3z-oxid\u00e1z<\/span><\/a><\/td>\n<td class=\"et2\">9001-37-0<\/td>\n<\/tr>\n<tr style=\"height: 13.50pt;\">\n<td class=\"et2\" style=\"height: 13.50pt;\" height=\"18\">alfa-amil\u00e1z<\/td>\n<td class=\"et2\">9000-90-2<\/td>\n<\/tr>\n<tr style=\"height: 13.50pt;\">\n<td class=\"et2\" style=\"height: 13.50pt;\" height=\"18\"><a href=\"https:\/\/longchangchemical.com\/hu\/product\/longzyme-acid-pectinase-cas-9032-75-1\/\"><span style=\"color: #00ccff;\">Pektin\u00e1z<\/span><\/a><\/td>\n<td class=\"et2\">9032-75-1<\/td>\n<\/tr>\n<tr style=\"height: 13.50pt;\">\n<td class=\"et2\" style=\"height: 13.50pt;\" height=\"18\">Peroxid\u00e1z<\/td>\n<td class=\"et2\">9003-99-0<\/td>\n<\/tr>\n<tr style=\"height: 13.50pt;\">\n<td class=\"et2\" style=\"height: 13.50pt;\" height=\"18\"><a href=\"https:\/\/longchangchemical.com\/hu\/product\/lipase-cas-9001-62-1\/\"><span style=\"color: #00ccff;\">Lip\u00e1z<\/span><\/a><\/td>\n<td class=\"et2\">9001-62-1<\/td>\n<\/tr>\n<tr style=\"height: 13.50pt;\">\n<td class=\"et2\" style=\"height: 13.50pt;\" height=\"18\"><a href=\"https:\/\/longchangchemical.com\/hu\/product\/catalase-cas-9001-05-2\/\"><span style=\"color: #00ccff;\">Katal\u00e1z<\/span><\/a><\/td>\n<td class=\"et4\">9001-05-2<\/td>\n<\/tr>\n<tr style=\"height: 13.50pt;\">\n<td class=\"et2\" style=\"height: 13.50pt;\" height=\"18\"><a href=\"https:\/\/longchangchemical.com\/hu\/product\/tannase-cas-9025-71-2\/\"><span style=\"color: #00ccff;\">TANNASE<\/span><\/a><\/td>\n<td class=\"et2\">9025-71-2<\/td>\n<\/tr>\n<tr style=\"height: 13.50pt;\">\n<td class=\"et2\" style=\"height: 13.50pt;\" height=\"18\"><a href=\"https:\/\/longchangchemical.com\/hu\/product\/elastase-cas-39445-21-1\/\"><span style=\"color: #00ccff;\">Elaszt\u00e1z<\/span><\/a><\/td>\n<td class=\"et2\">39445-21-1<\/td>\n<\/tr>\n<tr style=\"height: 13.50pt;\">\n<td class=\"et2\" style=\"height: 13.50pt;\" height=\"18\"><a href=\"https:\/\/longchangchemical.com\/hu\/product\/urease-cas-9002-13-5\/\"><span style=\"color: #00ccff;\">Ure\u00e1z<\/span><\/a><\/td>\n<td class=\"et2\">9002-13-5<\/td>\n<\/tr>\n<tr style=\"height: 13.50pt;\">\n<td class=\"et2\" style=\"height: 13.50pt;\" height=\"18\"><a href=\"https:\/\/longchangchemical.com\/hu\/product\/dextranase-cas-9025-70-1\/\"><span style=\"color: #00ccff;\">DEXTRANASE<\/span><\/a><\/td>\n<td class=\"et2\">9025-70-1<\/td>\n<\/tr>\n<tr style=\"height: 13.50pt;\">\n<td class=\"et2\" style=\"height: 13.5pt; text-align: left;\" height=\"18\"><a href=\"https:\/\/longchangchemical.com\/hu\/product\/l-lactic-dehydrogenase-cas-9001-60-9\/\"><span style=\"color: #00ccff;\">L-laktil-dehidrogen\u00e1z<\/span><\/a><\/td>\n<td class=\"et2\">9001-60-9<\/td>\n<\/tr>\n<tr style=\"height: 13.50pt;\">\n<td class=\"et2\" style=\"height: 13.50pt;\" height=\"18\"><a href=\"https:\/\/longchangchemical.com\/hu\/product\/dehydrogenase-malate-cas-9001-64-3\/\"><span style=\"color: #00ccff;\">Dehidrogen\u00e1z mal\u00e1t<\/span><\/a><\/td>\n<td class=\"et2\">9001-64-3<\/td>\n<\/tr>\n<tr style=\"height: 13.50pt;\">\n<td class=\"et2\" style=\"height: 13.50pt;\" height=\"18\"><a href=\"https:\/\/longchangchemical.com\/hu\/product\/cholesterol-oxidase-cas-9028-76-6\/\"><span style=\"color: #00ccff;\">Koleszterin-oxid\u00e1z<\/span><\/a><\/td>\n<td class=\"et2\">9028-76-6<\/td>\n<\/tr>\n<\/tbody>\n<\/table>","protected":false},"excerpt":{"rendered":"<h2><strong><b>Naringin\u00e1z gyors r\u00e9szletek<\/b><\/strong><\/h2>\n<p>K\u00e9miai n\u00e9v: Naringin\u00e1z<\/p>\n<p>CAS: 9068-31-9<\/p>\n<p>Megjelen\u00e9s: Feh\u00e9r vagy vil\u00e1goss\u00e1rga por<\/p>","protected":false},"featured_media":3249,"comment_status":"open","ping_status":"closed","template":"","meta":[],"product_brand":[],"product_cat":[172],"product_tag":[],"class_list":{"0":"post-3248","1":"product","2":"type-product","3":"status-publish","4":"has-post-thumbnail","6":"product_cat-longzyme-enzyme","8":"first","9":"instock","10":"shipping-taxable","11":"product-type-simple"},"yoast_head":"<!-- This site is optimized with the Yoast SEO plugin v25.3.1 - https:\/\/yoast.com\/wordpress\/plugins\/seo\/ -->\n<title>China Naringinase manufacturer and supplier - Longchang chemical<\/title>\n<meta name=\"description\" content=\"Longchang chemical is China top Naringinase suppliers \uff06 CAS 9068-31-9 manufacturers, Our MOQ is 1kg, we can provide the best Naringinase price. We provide customized services\" \/>\n<meta name=\"robots\" content=\"index, follow, max-snippet:-1, max-image-preview:large, max-video-preview:-1\" \/>\n<link rel=\"canonical\" href=\"https:\/\/longchangchemical.com\/hu\/product\/naringinase-cas-9068-31-9\/\" \/>\n<meta property=\"og:locale\" content=\"hu_HU\" \/>\n<meta property=\"og:type\" content=\"article\" \/>\n<meta property=\"og:title\" content=\"China Naringinase manufacturer and supplier - Longchang chemical\" \/>\n<meta property=\"og:description\" content=\"Longchang chemical is China top Naringinase suppliers \uff06 CAS 9068-31-9 manufacturers, Our MOQ is 1kg, we can provide the best Naringinase price. We provide customized services\" \/>\n<meta property=\"og:url\" content=\"https:\/\/longchangchemical.com\/hu\/product\/naringinase-cas-9068-31-9\/\" \/>\n<meta property=\"og:site_name\" content=\"Longchang Chemical\" \/>\n<meta property=\"article:modified_time\" content=\"2025-12-16T08:53:23+00:00\" \/>\n<meta property=\"og:image\" content=\"https:\/\/longchangchemical.com\/wp-content\/uploads\/2020\/09\/Naringinase-package1.jpg\" \/>\n\t<meta property=\"og:image:width\" content=\"600\" \/>\n\t<meta property=\"og:image:height\" content=\"800\" \/>\n\t<meta property=\"og:image:type\" content=\"image\/jpeg\" \/>\n<meta name=\"twitter:card\" content=\"summary_large_image\" \/>\n<script type=\"application\/ld+json\" class=\"yoast-schema-graph\">{\"@context\":\"https:\/\/schema.org\",\"@graph\":[{\"@type\":\"WebPage\",\"@id\":\"https:\/\/longchangchemical.com\/product\/naringinase-cas-9068-31-9\/\",\"url\":\"https:\/\/longchangchemical.com\/product\/naringinase-cas-9068-31-9\/\",\"name\":\"China Naringinase manufacturer and supplier - Longchang chemical\",\"isPartOf\":{\"@id\":\"https:\/\/longchangchemical.com\/#website\"},\"primaryImageOfPage\":{\"@id\":\"https:\/\/longchangchemical.com\/product\/naringinase-cas-9068-31-9\/#primaryimage\"},\"image\":{\"@id\":\"https:\/\/longchangchemical.com\/product\/naringinase-cas-9068-31-9\/#primaryimage\"},\"thumbnailUrl\":\"https:\/\/longchangchemical.com\/wp-content\/uploads\/2020\/09\/Naringinase-package1.jpg\",\"datePublished\":\"2020-09-17T02:11:54+00:00\",\"dateModified\":\"2025-12-16T08:53:23+00:00\",\"description\":\"Longchang chemical is China top Naringinase suppliers \uff06 CAS 9068-31-9 manufacturers, Our MOQ is 1kg, we can provide the best Naringinase price. We provide customized services\",\"breadcrumb\":{\"@id\":\"https:\/\/longchangchemical.com\/product\/naringinase-cas-9068-31-9\/#breadcrumb\"},\"inLanguage\":\"hu\",\"potentialAction\":[{\"@type\":\"ReadAction\",\"target\":[\"https:\/\/longchangchemical.com\/product\/naringinase-cas-9068-31-9\/\"]}]},{\"@type\":\"ImageObject\",\"inLanguage\":\"hu\",\"@id\":\"https:\/\/longchangchemical.com\/product\/naringinase-cas-9068-31-9\/#primaryimage\",\"url\":\"https:\/\/longchangchemical.com\/wp-content\/uploads\/2020\/09\/Naringinase-package1.jpg\",\"contentUrl\":\"https:\/\/longchangchemical.com\/wp-content\/uploads\/2020\/09\/Naringinase-package1.jpg\",\"width\":600,\"height\":800,\"caption\":\"Naringinase package1\"},{\"@type\":\"BreadcrumbList\",\"@id\":\"https:\/\/longchangchemical.com\/product\/naringinase-cas-9068-31-9\/#breadcrumb\",\"itemListElement\":[{\"@type\":\"ListItem\",\"position\":1,\"name\":\"Home\",\"item\":\"https:\/\/longchangchemical.com\/\"},{\"@type\":\"ListItem\",\"position\":2,\"name\":\"Products Longchang\",\"item\":\"https:\/\/longchangchemical.com\/product\/\"},{\"@type\":\"ListItem\",\"position\":3,\"name\":\"Longzyme\u00ae Naringinase CAS 9068-31-9\"}]},{\"@type\":\"WebSite\",\"@id\":\"https:\/\/longchangchemical.com\/#website\",\"url\":\"https:\/\/longchangchemical.com\/\",\"name\":\"Longchang Chemical\",\"description\":\"China chemical manufacturer \uff06 supplier\",\"publisher\":{\"@id\":\"https:\/\/longchangchemical.com\/#organization\"},\"potentialAction\":[{\"@type\":\"SearchAction\",\"target\":{\"@type\":\"EntryPoint\",\"urlTemplate\":\"https:\/\/longchangchemical.com\/?s={search_term_string}\"},\"query-input\":{\"@type\":\"PropertyValueSpecification\",\"valueRequired\":true,\"valueName\":\"search_term_string\"}}],\"inLanguage\":\"hu\"},{\"@type\":\"Organization\",\"@id\":\"https:\/\/longchangchemical.com\/#organization\",\"name\":\"Longchang Chemical\",\"url\":\"https:\/\/longchangchemical.com\/\",\"logo\":{\"@type\":\"ImageObject\",\"inLanguage\":\"hu\",\"@id\":\"https:\/\/longchangchemical.com\/#\/schema\/logo\/image\/\",\"url\":\"https:\/\/longchangchemical.com\/wp-content\/uploads\/2020\/08\/cropped-longchang-logo.png\",\"contentUrl\":\"https:\/\/longchangchemical.com\/wp-content\/uploads\/2020\/08\/cropped-longchang-logo.png\",\"width\":512,\"height\":512,\"caption\":\"Longchang Chemical\"},\"image\":{\"@id\":\"https:\/\/longchangchemical.com\/#\/schema\/logo\/image\/\"}}]}<\/script>\n<!-- \/ Yoast SEO plugin. -->","yoast_head_json":{"title":"K\u00edna Naringinase gy\u00e1rt\u00f3 \u00e9s sz\u00e1ll\u00edt\u00f3 - Longchang vegyi anyag","description":"A Longchang vegyi anyag K\u00edna legjobb Naringinase besz\u00e1ll\u00edt\u00f3i \uff06 CAS 9068-31-9 gy\u00e1rt\u00f3k, a MOQ 1kg, a legjobb Naringinase \u00e1rat tudjuk biztos\u00edtani. Testreszabott szolg\u00e1ltat\u00e1sokat ny\u00fajtunk","robots":{"index":"index","follow":"follow","max-snippet":"max-snippet:-1","max-image-preview":"max-image-preview:large","max-video-preview":"max-video-preview:-1"},"canonical":"https:\/\/longchangchemical.com\/hu\/product\/naringinase-cas-9068-31-9\/","og_locale":"hu_HU","og_type":"article","og_title":"China Naringinase manufacturer and supplier - Longchang chemical","og_description":"Longchang chemical is China top Naringinase suppliers \uff06 CAS 9068-31-9 manufacturers, Our MOQ is 1kg, we can provide the best Naringinase price. We provide customized services","og_url":"https:\/\/longchangchemical.com\/hu\/product\/naringinase-cas-9068-31-9\/","og_site_name":"Longchang Chemical","article_modified_time":"2025-12-16T08:53:23+00:00","og_image":[{"width":600,"height":800,"url":"https:\/\/longchangchemical.com\/wp-content\/uploads\/2020\/09\/Naringinase-package1.jpg","type":"image\/jpeg"}],"twitter_card":"summary_large_image","schema":{"@context":"https:\/\/schema.org","@graph":[{"@type":"WebPage","@id":"https:\/\/longchangchemical.com\/product\/naringinase-cas-9068-31-9\/","url":"https:\/\/longchangchemical.com\/product\/naringinase-cas-9068-31-9\/","name":"K\u00edna Naringinase gy\u00e1rt\u00f3 \u00e9s sz\u00e1ll\u00edt\u00f3 - Longchang vegyi anyag","isPartOf":{"@id":"https:\/\/longchangchemical.com\/#website"},"primaryImageOfPage":{"@id":"https:\/\/longchangchemical.com\/product\/naringinase-cas-9068-31-9\/#primaryimage"},"image":{"@id":"https:\/\/longchangchemical.com\/product\/naringinase-cas-9068-31-9\/#primaryimage"},"thumbnailUrl":"https:\/\/longchangchemical.com\/wp-content\/uploads\/2020\/09\/Naringinase-package1.jpg","datePublished":"2020-09-17T02:11:54+00:00","dateModified":"2025-12-16T08:53:23+00:00","description":"A Longchang vegyi anyag K\u00edna legjobb Naringinase besz\u00e1ll\u00edt\u00f3i \uff06 CAS 9068-31-9 gy\u00e1rt\u00f3k, a MOQ 1kg, a legjobb Naringinase \u00e1rat tudjuk biztos\u00edtani. Testreszabott szolg\u00e1ltat\u00e1sokat ny\u00fajtunk","breadcrumb":{"@id":"https:\/\/longchangchemical.com\/product\/naringinase-cas-9068-31-9\/#breadcrumb"},"inLanguage":"hu","potentialAction":[{"@type":"ReadAction","target":["https:\/\/longchangchemical.com\/product\/naringinase-cas-9068-31-9\/"]}]},{"@type":"ImageObject","inLanguage":"hu","@id":"https:\/\/longchangchemical.com\/product\/naringinase-cas-9068-31-9\/#primaryimage","url":"https:\/\/longchangchemical.com\/wp-content\/uploads\/2020\/09\/Naringinase-package1.jpg","contentUrl":"https:\/\/longchangchemical.com\/wp-content\/uploads\/2020\/09\/Naringinase-package1.jpg","width":600,"height":800,"caption":"Naringinase package1"},{"@type":"BreadcrumbList","@id":"https:\/\/longchangchemical.com\/product\/naringinase-cas-9068-31-9\/#breadcrumb","itemListElement":[{"@type":"ListItem","position":1,"name":"Home","item":"https:\/\/longchangchemical.com\/"},{"@type":"ListItem","position":2,"name":"Products Longchang","item":"https:\/\/longchangchemical.com\/product\/"},{"@type":"ListItem","position":3,"name":"Longzyme\u00ae Naringinase CAS 9068-31-9"}]},{"@type":"WebSite","@id":"https:\/\/longchangchemical.com\/#website","url":"https:\/\/longchangchemical.com\/","name":"Longchang Chemical","description":"K\u00edna k\u00e9miai gy\u00e1rt\u00f3 \uff06 sz\u00e1ll\u00edt\u00f3","publisher":{"@id":"https:\/\/longchangchemical.com\/#organization"},"potentialAction":[{"@type":"SearchAction","target":{"@type":"EntryPoint","urlTemplate":"https:\/\/longchangchemical.com\/?s={search_term_string}"},"query-input":{"@type":"PropertyValueSpecification","valueRequired":true,"valueName":"search_term_string"}}],"inLanguage":"hu"},{"@type":"Organization","@id":"https:\/\/longchangchemical.com\/#organization","name":"Longchang Chemical","url":"https:\/\/longchangchemical.com\/","logo":{"@type":"ImageObject","inLanguage":"hu","@id":"https:\/\/longchangchemical.com\/#\/schema\/logo\/image\/","url":"https:\/\/longchangchemical.com\/wp-content\/uploads\/2020\/08\/cropped-longchang-logo.png","contentUrl":"https:\/\/longchangchemical.com\/wp-content\/uploads\/2020\/08\/cropped-longchang-logo.png","width":512,"height":512,"caption":"Longchang Chemical"},"image":{"@id":"https:\/\/longchangchemical.com\/#\/schema\/logo\/image\/"}}]}},"_links":{"self":[{"href":"https:\/\/longchangchemical.com\/hu\/wp-json\/wp\/v2\/product\/3248","targetHints":{"allow":["GET"]}}],"collection":[{"href":"https:\/\/longchangchemical.com\/hu\/wp-json\/wp\/v2\/product"}],"about":[{"href":"https:\/\/longchangchemical.com\/hu\/wp-json\/wp\/v2\/types\/product"}],"replies":[{"embeddable":true,"href":"https:\/\/longchangchemical.com\/hu\/wp-json\/wp\/v2\/comments?post=3248"}],"wp:featuredmedia":[{"embeddable":true,"href":"https:\/\/longchangchemical.com\/hu\/wp-json\/wp\/v2\/media\/3249"}],"wp:attachment":[{"href":"https:\/\/longchangchemical.com\/hu\/wp-json\/wp\/v2\/media?parent=3248"}],"wp:term":[{"taxonomy":"product_brand","embeddable":true,"href":"https:\/\/longchangchemical.com\/hu\/wp-json\/wp\/v2\/product_brand?post=3248"},{"taxonomy":"product_cat","embeddable":true,"href":"https:\/\/longchangchemical.com\/hu\/wp-json\/wp\/v2\/product_cat?post=3248"},{"taxonomy":"product_tag","embeddable":true,"href":"https:\/\/longchangchemical.com\/hu\/wp-json\/wp\/v2\/product_tag?post=3248"}],"curies":[{"name":"wp","href":"https:\/\/api.w.org\/{rel}","templated":true}]}}