{"id":3245,"date":"2020-09-17T01:37:23","date_gmt":"2020-09-17T01:37:23","guid":{"rendered":"https:\/\/longchangchemical.com\/?post_type=product&#038;p=3245"},"modified":"2025-04-01T07:41:55","modified_gmt":"2025-04-01T07:41:55","slug":"fluorescent-brightener-378-cas-40470-68-6","status":"publish","type":"product","link":"https:\/\/longchangchemical.com\/hu\/product\/fluorescent-brightener-378-cas-40470-68-6\/","title":{"rendered":"CHLUMIPHOR\u00ae FP-127 \/ fluoreszk\u00e1l\u00f3 vil\u00e1gos\u00edt\u00f3 378 CAS 40470-68-6"},"content":{"rendered":"<p>&nbsp;<\/p>\n<h2><strong><b>fluoreszk\u00e1l\u00f3 vil\u00e1gos\u00edt\u00f3 378 <\/b><\/strong><strong><b>TypicalProperties<\/b><\/strong><\/h2>\n<table>\n<tbody>\n<tr>\n<td>T\u00e9tel<\/td>\n<td>M\u0171szaki adatok<\/td>\n<\/tr>\n<tr>\n<td>Megjelen\u00e9s<\/td>\n<td>halv\u00e1nys\u00e1rga por<\/td>\n<\/tr>\n<tr>\n<td>V\u00edz<\/td>\n<td>\u22640,5%<\/td>\n<\/tr>\n<tr>\n<td>Ash<\/td>\n<td>\u22640,5%<\/td>\n<\/tr>\n<tr>\n<td>Olvad\u00e1spont<\/td>\n<td>219-221\u2103<\/td>\n<\/tr>\n<tr>\n<td>Assay<\/td>\n<td>\u226599%<\/td>\n<\/tr>\n<\/tbody>\n<\/table>\n<h2><strong><b>fluoreszk\u00e1l\u00f3 vil\u00e1gos\u00edt\u00f3 378 <\/b><\/strong><strong><b>Haszn\u00e1lat<\/b><\/strong><\/h2>\n<ol>\n<li>PVC \u00e9s polisztirol term\u00e9kek \u00e9s m\u00e1s h\u0151re l\u00e1gyul\u00f3 m\u0171anyagok feh\u00e9r\u00edt\u00e9s\u00e9re haszn\u00e1lj\u00e1k.<\/li>\n<li>M\u0171b\u0151r, m\u0171b\u0151r feh\u00e9r\u00edt\u00e9s\u00e9hez \u00e9s nyomdafest\u00e9k bevonatokhoz haszn\u00e1lj\u00e1k.<\/li>\n<\/ol>\n<h2><strong><b>Tulajdons\u00e1gok <\/b><\/strong><strong><b>fluoreszk\u00e1l\u00f3 vil\u00e1gos\u00edt\u00f3 378<\/b><\/strong><\/h2>\n<p>Az FP-127 optikai vil\u00e1gos\u00edt\u00f3 nem old\u00f3dik v\u00edzben, de old\u00f3dik a szok\u00e1sos szerves old\u00f3szerekben, maxim\u00e1lis abszorpci\u00f3s hull\u00e1mhossza 368 nm, maxim\u00e1lis emisszi\u00f3s hull\u00e1mhossza 436 nm. Er\u0151s sav- \u00e9s l\u00fag\u00e1ll\u00f3s\u00e1ggal, magas feh\u00e9rs\u00e9ggel rendelkezik, kis adagol\u00e1ssal nagyon j\u00f3 feh\u00e9r\u00edt\u0151 hat\u00e1st eredm\u00e9nyez. Az FP-127 feh\u00e9r\u00edt\u0151 j\u00f3 kompatibilit\u00e1ssal rendelkezik a m\u0171anyagokkal, magas h\u0151m\u00e9rs\u00e9klet-\u00e1ll\u00f3s\u00e1ggal \u00e9s kiv\u00e1l\u00f3 id\u0151j\u00e1r\u00e1s\u00e1ll\u00f3s\u00e1ggal.<\/p>\n<h2><strong><b>Alkalmaz\u00e1sok <\/b><\/strong><strong><b>fluoreszk\u00e1l\u00f3 vil\u00e1gos\u00edt\u00f3 378<\/b><\/strong><\/h2>\n<p>Az FP-127 optikai feh\u00e9r\u00edt\u0151 j\u00f3 feh\u00e9r\u00edt\u0151 hat\u00e1ssal rendelkezik mindenf\u00e9le m\u0171anyagra \u00e9s m\u0171anyag term\u00e9kre, k\u00fcl\u00f6n\u00f6sen PVC, polipropil\u00e9n \u00e9s egy\u00e9b m\u0171anyag term\u00e9kekre. Ide\u00e1lis a m\u0171b\u0151r term\u00e9kek feh\u00e9r\u00edt\u0151 \u00e9s f\u00e9nyes\u00edt\u0151 hat\u00e1s\u00e1ra, valamint m\u00e1s h\u0151re l\u00e1gyul\u00f3 m\u0171anyagok, bevonatok, tint\u00e1k, szintetikus sz\u00e1lak stb. feh\u00e9r\u00edt\u00e9s\u00e9re \u00e9s f\u00e9nyes\u00edt\u00e9s\u00e9re is haszn\u00e1lhat\u00f3. Az FP-127 feh\u00e9r\u00edt\u0151 el\u0151nye a hossz\u00fa t\u00e1v\u00fa t\u00e1rol\u00e1s s\u00e1rgul\u00e1s \u00e9s fakul\u00e1s n\u00e9lk\u00fcl. A hasonl\u00f3 term\u00e9k az uvitex FP.<\/p>\n<p>&nbsp;<\/p>\n<h2><strong><b>fluoreszk\u00e1l\u00f3 vil\u00e1gos\u00edt\u00f3 378 <\/b><\/strong><strong><b>Csomag<\/b><\/strong><\/h2>\n<p>25kg\/sz\u00e1las dob<\/p>\n<h2><strong><b>fluoreszk\u00e1l\u00f3 vil\u00e1gos\u00edt\u00f3 378 <\/b><\/strong><strong><b>T\u00e1rol\u00e1s<\/b><\/strong><\/h2>\n<p>H\u0171v\u00f6s, sz\u00e1raz, szell\u0151ztetett rakt\u00e1rban t\u00e1rolva<\/p>\n<h2><\/h2>\n<h2><strong><b>L\u00e9pjen kapcsolatba vel\u00fcnk most!<\/b><\/strong><\/h2>\n<h4><strong><b>Ha COA, MSDS vagy TDS-re van sz\u00fcks\u00e9ge, k\u00e9rj\u00fck, t\u00f6ltse ki el\u00e9rhet\u0151s\u00e9g\u00e9t az al\u00e1bbi \u0171rlapon, \u00e1ltal\u00e1ban 24 \u00f3r\u00e1n bel\u00fcl felvessz\u00fck \u00d6nnel a kapcsolatot. \u00d6n is k\u00fcldhet nekem e-mailt <span style=\"color: #0000ff;\"><a style=\"color: #0000ff;\" href=\"mailto:info@longchangchemical.com\">info@longchangchemical.com<\/a><\/span> munkaid\u0151ben ( 8:30-18:00 UTC+8 H.-Szombat ) vagy haszn\u00e1lja a weboldal \u00e9l\u0151 chatj\u00e9t, hogy azonnali v\u00e1laszt kapjon.<\/b><\/strong><\/h4>","protected":false},"excerpt":{"rendered":"<h2><strong><b>fluoreszk\u00e1l\u00f3 vil\u00e1gos\u00edt\u00f3 378 <\/b><\/strong><strong><b>Gyors r\u00e9szletek<\/b><\/strong><\/h2>\n<p>Term\u00e9k neve: CBS-127\/fluoreszk\u00e1l\u00f3 vil\u00e1gos\u00edt\u00f3 378<\/p>\n<p>CAS-sz\u00e1m: 40470-68-6<\/p>\n<p>Molekul\u00e1ris k\u00e9plet: C30H26O2<\/p>\n<p>Molekulat\u00f6meg: 418,53<\/p>\n<p>fluoreszk\u00e1l\u00f3 vil\u00e1gos\u00edt\u00f3 378 Szerkezet:<\/p>\n<p><img decoding=\"async\" class=\"size-full wp-image-3246\" src=\"https:\/\/longchangchemical.com\/wp-content\/uploads\/2020\/09\/fluorescent-Brightener-378-Structure.png\" alt=\"fluoreszk\u00e1l\u00f3 vil\u00e1gos\u00edt\u00f3 378 Szerkezet\" width=\"256\" height=\"141\" \/><\/p>\n<p>Megjelen\u00e9s: halv\u00e1nys\u00e1rga por<\/p>\n<p>Tisztas\u00e1g: 99%<\/p>","protected":false},"featured_media":3247,"comment_status":"open","ping_status":"closed","template":"","meta":[],"product_brand":[],"product_cat":[140],"product_tag":[],"class_list":{"0":"post-3245","1":"product","2":"type-product","3":"status-publish","4":"has-post-thumbnail","6":"product_cat-chlumiphor-fluorescent-brightener","8":"first","9":"instock","10":"shipping-taxable","11":"product-type-simple"},"yoast_head":"<!-- This site is optimized with the Yoast SEO plugin v25.3.1 - https:\/\/yoast.com\/wordpress\/plugins\/seo\/ -->\n<title>China fluorescent Brightener 378 manufacturer and supplier - Longchang chemical<\/title>\n<meta name=\"description\" content=\"Longchang chemical is a China fluorescent Brightener 378 CAS 40470-68-6 manufacturer and supplier, we can provide the best fluorescent Brightener 378 price. Other Name: 4,4\u2032-Bis(2-Methoxystyryl)biphenyl \/ Fluorescent Brightener CBS-127\" \/>\n<meta name=\"robots\" content=\"index, follow, max-snippet:-1, max-image-preview:large, max-video-preview:-1\" \/>\n<link rel=\"canonical\" href=\"https:\/\/longchangchemical.com\/hu\/product\/fluorescent-brightener-378-cas-40470-68-6\/\" \/>\n<meta property=\"og:locale\" content=\"hu_HU\" \/>\n<meta property=\"og:type\" content=\"article\" \/>\n<meta property=\"og:title\" content=\"China fluorescent Brightener 378 manufacturer and supplier - Longchang chemical\" \/>\n<meta property=\"og:description\" content=\"Longchang chemical is a China fluorescent Brightener 378 CAS 40470-68-6 manufacturer and supplier, we can provide the best fluorescent Brightener 378 price. Other Name: 4,4\u2032-Bis(2-Methoxystyryl)biphenyl \/ Fluorescent Brightener CBS-127\" \/>\n<meta property=\"og:url\" content=\"https:\/\/longchangchemical.com\/hu\/product\/fluorescent-brightener-378-cas-40470-68-6\/\" \/>\n<meta property=\"og:site_name\" content=\"Longchang Chemical\" \/>\n<meta property=\"article:modified_time\" content=\"2025-04-01T07:41:55+00:00\" \/>\n<meta property=\"og:image\" content=\"https:\/\/longchangchemical.com\/wp-content\/uploads\/2020\/09\/fluorescent-Brightener-378-Appearance.jpg\" \/>\n\t<meta property=\"og:image:width\" content=\"600\" \/>\n\t<meta property=\"og:image:height\" content=\"800\" \/>\n\t<meta property=\"og:image:type\" content=\"image\/jpeg\" \/>\n<meta name=\"twitter:card\" content=\"summary_large_image\" \/>\n<script type=\"application\/ld+json\" class=\"yoast-schema-graph\">{\"@context\":\"https:\/\/schema.org\",\"@graph\":[{\"@type\":\"WebPage\",\"@id\":\"https:\/\/longchangchemical.com\/product\/fluorescent-brightener-378-cas-40470-68-6\/\",\"url\":\"https:\/\/longchangchemical.com\/product\/fluorescent-brightener-378-cas-40470-68-6\/\",\"name\":\"China fluorescent Brightener 378 manufacturer and supplier - Longchang chemical\",\"isPartOf\":{\"@id\":\"https:\/\/longchangchemical.com\/#website\"},\"primaryImageOfPage\":{\"@id\":\"https:\/\/longchangchemical.com\/product\/fluorescent-brightener-378-cas-40470-68-6\/#primaryimage\"},\"image\":{\"@id\":\"https:\/\/longchangchemical.com\/product\/fluorescent-brightener-378-cas-40470-68-6\/#primaryimage\"},\"thumbnailUrl\":\"https:\/\/longchangchemical.com\/wp-content\/uploads\/2020\/09\/fluorescent-Brightener-378-Appearance.jpg\",\"datePublished\":\"2020-09-17T01:37:23+00:00\",\"dateModified\":\"2025-04-01T07:41:55+00:00\",\"description\":\"Longchang chemical is a China fluorescent Brightener 378 CAS 40470-68-6 manufacturer and supplier, we can provide the best fluorescent Brightener 378 price. Other Name: 4,4\u2032-Bis(2-Methoxystyryl)biphenyl \/ Fluorescent Brightener CBS-127\",\"breadcrumb\":{\"@id\":\"https:\/\/longchangchemical.com\/product\/fluorescent-brightener-378-cas-40470-68-6\/#breadcrumb\"},\"inLanguage\":\"hu\",\"potentialAction\":[{\"@type\":\"ReadAction\",\"target\":[\"https:\/\/longchangchemical.com\/product\/fluorescent-brightener-378-cas-40470-68-6\/\"]}]},{\"@type\":\"ImageObject\",\"inLanguage\":\"hu\",\"@id\":\"https:\/\/longchangchemical.com\/product\/fluorescent-brightener-378-cas-40470-68-6\/#primaryimage\",\"url\":\"https:\/\/longchangchemical.com\/wp-content\/uploads\/2020\/09\/fluorescent-Brightener-378-Appearance.jpg\",\"contentUrl\":\"https:\/\/longchangchemical.com\/wp-content\/uploads\/2020\/09\/fluorescent-Brightener-378-Appearance.jpg\",\"width\":600,\"height\":800,\"caption\":\"fluorescent Brightener 378 Appearance\"},{\"@type\":\"BreadcrumbList\",\"@id\":\"https:\/\/longchangchemical.com\/product\/fluorescent-brightener-378-cas-40470-68-6\/#breadcrumb\",\"itemListElement\":[{\"@type\":\"ListItem\",\"position\":1,\"name\":\"Home\",\"item\":\"https:\/\/longchangchemical.com\/\"},{\"@type\":\"ListItem\",\"position\":2,\"name\":\"Products Longchang\",\"item\":\"https:\/\/longchangchemical.com\/product\/\"},{\"@type\":\"ListItem\",\"position\":3,\"name\":\"CHLUMIPHOR\u00ae FP-127 \/ fluorescent Brightener 378 CAS 40470-68-6\"}]},{\"@type\":\"WebSite\",\"@id\":\"https:\/\/longchangchemical.com\/#website\",\"url\":\"https:\/\/longchangchemical.com\/\",\"name\":\"Longchang Chemical\",\"description\":\"China chemical manufacturer \uff06 supplier\",\"publisher\":{\"@id\":\"https:\/\/longchangchemical.com\/#organization\"},\"potentialAction\":[{\"@type\":\"SearchAction\",\"target\":{\"@type\":\"EntryPoint\",\"urlTemplate\":\"https:\/\/longchangchemical.com\/?s={search_term_string}\"},\"query-input\":{\"@type\":\"PropertyValueSpecification\",\"valueRequired\":true,\"valueName\":\"search_term_string\"}}],\"inLanguage\":\"hu\"},{\"@type\":\"Organization\",\"@id\":\"https:\/\/longchangchemical.com\/#organization\",\"name\":\"Longchang Chemical\",\"url\":\"https:\/\/longchangchemical.com\/\",\"logo\":{\"@type\":\"ImageObject\",\"inLanguage\":\"hu\",\"@id\":\"https:\/\/longchangchemical.com\/#\/schema\/logo\/image\/\",\"url\":\"https:\/\/longchangchemical.com\/wp-content\/uploads\/2020\/08\/cropped-longchang-logo.png\",\"contentUrl\":\"https:\/\/longchangchemical.com\/wp-content\/uploads\/2020\/08\/cropped-longchang-logo.png\",\"width\":512,\"height\":512,\"caption\":\"Longchang Chemical\"},\"image\":{\"@id\":\"https:\/\/longchangchemical.com\/#\/schema\/logo\/image\/\"}}]}<\/script>\n<!-- \/ Yoast SEO plugin. -->","yoast_head_json":{"title":"K\u00edna fluoreszk\u00e1l\u00f3 vil\u00e1gos\u00edt\u00f3 378 gy\u00e1rt\u00f3 \u00e9s sz\u00e1ll\u00edt\u00f3 - Longchang vegyi anyag","description":"Longchang vegyi anyag egy k\u00ednai fluoreszk\u00e1l\u00f3 vil\u00e1g\u00edt\u00f3 378 CAS 40470-68-6 gy\u00e1rt\u00f3 \u00e9s sz\u00e1ll\u00edt\u00f3, tudjuk biztos\u00edtani a legjobb fluoreszk\u00e1l\u00f3 vil\u00e1g\u00edt\u00f3 378 \u00e1r. Egy\u00e9b n\u00e9v: CBS-127 fluoreszcens vil\u00e1gos\u00edt\u00f3szer \/ fluoreszcens vil\u00e1gos\u00edt\u00f3 CBS-127","robots":{"index":"index","follow":"follow","max-snippet":"max-snippet:-1","max-image-preview":"max-image-preview:large","max-video-preview":"max-video-preview:-1"},"canonical":"https:\/\/longchangchemical.com\/hu\/product\/fluorescent-brightener-378-cas-40470-68-6\/","og_locale":"hu_HU","og_type":"article","og_title":"China fluorescent Brightener 378 manufacturer and supplier - Longchang chemical","og_description":"Longchang chemical is a China fluorescent Brightener 378 CAS 40470-68-6 manufacturer and supplier, we can provide the best fluorescent Brightener 378 price. Other Name: 4,4\u2032-Bis(2-Methoxystyryl)biphenyl \/ Fluorescent Brightener CBS-127","og_url":"https:\/\/longchangchemical.com\/hu\/product\/fluorescent-brightener-378-cas-40470-68-6\/","og_site_name":"Longchang Chemical","article_modified_time":"2025-04-01T07:41:55+00:00","og_image":[{"width":600,"height":800,"url":"https:\/\/longchangchemical.com\/wp-content\/uploads\/2020\/09\/fluorescent-Brightener-378-Appearance.jpg","type":"image\/jpeg"}],"twitter_card":"summary_large_image","schema":{"@context":"https:\/\/schema.org","@graph":[{"@type":"WebPage","@id":"https:\/\/longchangchemical.com\/product\/fluorescent-brightener-378-cas-40470-68-6\/","url":"https:\/\/longchangchemical.com\/product\/fluorescent-brightener-378-cas-40470-68-6\/","name":"K\u00edna fluoreszk\u00e1l\u00f3 vil\u00e1gos\u00edt\u00f3 378 gy\u00e1rt\u00f3 \u00e9s sz\u00e1ll\u00edt\u00f3 - Longchang vegyi anyag","isPartOf":{"@id":"https:\/\/longchangchemical.com\/#website"},"primaryImageOfPage":{"@id":"https:\/\/longchangchemical.com\/product\/fluorescent-brightener-378-cas-40470-68-6\/#primaryimage"},"image":{"@id":"https:\/\/longchangchemical.com\/product\/fluorescent-brightener-378-cas-40470-68-6\/#primaryimage"},"thumbnailUrl":"https:\/\/longchangchemical.com\/wp-content\/uploads\/2020\/09\/fluorescent-Brightener-378-Appearance.jpg","datePublished":"2020-09-17T01:37:23+00:00","dateModified":"2025-04-01T07:41:55+00:00","description":"Longchang vegyi anyag egy k\u00ednai fluoreszk\u00e1l\u00f3 vil\u00e1g\u00edt\u00f3 378 CAS 40470-68-6 gy\u00e1rt\u00f3 \u00e9s sz\u00e1ll\u00edt\u00f3, tudjuk biztos\u00edtani a legjobb fluoreszk\u00e1l\u00f3 vil\u00e1g\u00edt\u00f3 378 \u00e1r. Egy\u00e9b n\u00e9v: CBS-127 fluoreszcens vil\u00e1gos\u00edt\u00f3szer \/ fluoreszcens vil\u00e1gos\u00edt\u00f3 CBS-127","breadcrumb":{"@id":"https:\/\/longchangchemical.com\/product\/fluorescent-brightener-378-cas-40470-68-6\/#breadcrumb"},"inLanguage":"hu","potentialAction":[{"@type":"ReadAction","target":["https:\/\/longchangchemical.com\/product\/fluorescent-brightener-378-cas-40470-68-6\/"]}]},{"@type":"ImageObject","inLanguage":"hu","@id":"https:\/\/longchangchemical.com\/product\/fluorescent-brightener-378-cas-40470-68-6\/#primaryimage","url":"https:\/\/longchangchemical.com\/wp-content\/uploads\/2020\/09\/fluorescent-Brightener-378-Appearance.jpg","contentUrl":"https:\/\/longchangchemical.com\/wp-content\/uploads\/2020\/09\/fluorescent-Brightener-378-Appearance.jpg","width":600,"height":800,"caption":"fluorescent Brightener 378 Appearance"},{"@type":"BreadcrumbList","@id":"https:\/\/longchangchemical.com\/product\/fluorescent-brightener-378-cas-40470-68-6\/#breadcrumb","itemListElement":[{"@type":"ListItem","position":1,"name":"Home","item":"https:\/\/longchangchemical.com\/"},{"@type":"ListItem","position":2,"name":"Products Longchang","item":"https:\/\/longchangchemical.com\/product\/"},{"@type":"ListItem","position":3,"name":"CHLUMIPHOR\u00ae FP-127 \/ fluorescent Brightener 378 CAS 40470-68-6"}]},{"@type":"WebSite","@id":"https:\/\/longchangchemical.com\/#website","url":"https:\/\/longchangchemical.com\/","name":"Longchang Chemical","description":"K\u00edna k\u00e9miai gy\u00e1rt\u00f3 \uff06 sz\u00e1ll\u00edt\u00f3","publisher":{"@id":"https:\/\/longchangchemical.com\/#organization"},"potentialAction":[{"@type":"SearchAction","target":{"@type":"EntryPoint","urlTemplate":"https:\/\/longchangchemical.com\/?s={search_term_string}"},"query-input":{"@type":"PropertyValueSpecification","valueRequired":true,"valueName":"search_term_string"}}],"inLanguage":"hu"},{"@type":"Organization","@id":"https:\/\/longchangchemical.com\/#organization","name":"Longchang Chemical","url":"https:\/\/longchangchemical.com\/","logo":{"@type":"ImageObject","inLanguage":"hu","@id":"https:\/\/longchangchemical.com\/#\/schema\/logo\/image\/","url":"https:\/\/longchangchemical.com\/wp-content\/uploads\/2020\/08\/cropped-longchang-logo.png","contentUrl":"https:\/\/longchangchemical.com\/wp-content\/uploads\/2020\/08\/cropped-longchang-logo.png","width":512,"height":512,"caption":"Longchang Chemical"},"image":{"@id":"https:\/\/longchangchemical.com\/#\/schema\/logo\/image\/"}}]}},"_links":{"self":[{"href":"https:\/\/longchangchemical.com\/hu\/wp-json\/wp\/v2\/product\/3245","targetHints":{"allow":["GET"]}}],"collection":[{"href":"https:\/\/longchangchemical.com\/hu\/wp-json\/wp\/v2\/product"}],"about":[{"href":"https:\/\/longchangchemical.com\/hu\/wp-json\/wp\/v2\/types\/product"}],"replies":[{"embeddable":true,"href":"https:\/\/longchangchemical.com\/hu\/wp-json\/wp\/v2\/comments?post=3245"}],"wp:featuredmedia":[{"embeddable":true,"href":"https:\/\/longchangchemical.com\/hu\/wp-json\/wp\/v2\/media\/3247"}],"wp:attachment":[{"href":"https:\/\/longchangchemical.com\/hu\/wp-json\/wp\/v2\/media?parent=3245"}],"wp:term":[{"taxonomy":"product_brand","embeddable":true,"href":"https:\/\/longchangchemical.com\/hu\/wp-json\/wp\/v2\/product_brand?post=3245"},{"taxonomy":"product_cat","embeddable":true,"href":"https:\/\/longchangchemical.com\/hu\/wp-json\/wp\/v2\/product_cat?post=3245"},{"taxonomy":"product_tag","embeddable":true,"href":"https:\/\/longchangchemical.com\/hu\/wp-json\/wp\/v2\/product_tag?post=3245"}],"curies":[{"name":"wp","href":"https:\/\/api.w.org\/{rel}","templated":true}]}}