{"id":3109,"date":"2020-09-05T06:04:18","date_gmt":"2020-09-05T06:04:18","guid":{"rendered":"https:\/\/longchangchemical.com\/?post_type=product&#038;p=3109"},"modified":"2025-04-01T07:42:12","modified_gmt":"2025-04-01T07:42:12","slug":"optical-brightener-ob-1-cas-1533-45-5","status":"publish","type":"product","link":"https:\/\/longchangchemical.com\/hu\/product\/optical-brightener-ob-1-cas-1533-45-5\/","title":{"rendered":"CHLUMIPHOR\u00ae OB-1 \/ Optikai feh\u00e9r\u00edt\u0151 OB-1 CAS 1533-45-5"},"content":{"rendered":"<h2><strong><b>Optikai feh\u00e9r\u00edt\u0151 OB-1 Tipikus tulajdons\u00e1gok<\/b><\/strong><\/h2>\n<table>\n<tbody>\n<tr>\n<td>T\u00e9tel<\/td>\n<td>M\u0171szaki adatok<\/td>\n<\/tr>\n<tr>\n<td>Megjelen\u00e9s<\/td>\n<td>Enyh\u00e9n z\u00f6ldess\u00e1rga por<\/td>\n<\/tr>\n<tr>\n<td>Tartalom (HPLC)<\/td>\n<td>98~98.5%<\/td>\n<\/tr>\n<tr>\n<td>Olvad\u00e1spont<\/td>\n<td>352~358\u2103<\/td>\n<\/tr>\n<tr>\n<td>Hamutartalom<\/td>\n<td>\u22660.5%<\/td>\n<\/tr>\n<tr>\n<td>Ill\u00e9kony anyag<\/td>\n<td>\u22660.5%<\/td>\n<\/tr>\n<\/tbody>\n<\/table>\n<h2 class=\"blog-entry-title text-center\" style=\"text-align: left;\"><span style=\"color: #00ffff;\"><a style=\"color: #00ffff;\" href=\"https:\/\/longchangchemical.com\/hu\/what-is-the-difference-between-optical-brightener-ob-and-optical-brightener-ob-1\/\">Mi a k\u00fcl\u00f6nbs\u00e9g az optikai feh\u00e9r\u00edt\u0151 OB \u00e9s az optikai feh\u00e9r\u00edt\u0151 OB-1 k\u00f6z\u00f6tt\uff1f<\/a><\/span><\/h2>\n<p><strong>Az optikai feh\u00e9r\u00edt\u0151 OB \u00e9s az optikai feh\u00e9r\u00edt\u0151 OB-1 teljesen k\u00fcl\u00f6nb\u00f6z\u0151 vegyi anyagok, a fenti linkre kattintva l\u00e1thatja a k\u00fcl\u00f6nbs\u00e9geket.<\/strong><\/p>\n<h2><strong><b>Optikai feh\u00e9r\u00edt\u0151 OB-1 Haszn\u00e1lat<\/b><\/strong><\/h2>\n<p>1. Az OB-1 optikai feh\u00e9r\u00edt\u0151 haszn\u00e1lhat\u00f3 poli\u00e9szter sz\u00e1lak, nejlonsz\u00e1lak \u00e9s polipropil\u00e9n sz\u00e1lak feh\u00e9r\u00edt\u00e9s\u00e9re.<\/p>\n<p>2. Az OB-1 optikai feh\u00e9r\u00edt\u0151 haszn\u00e1lhat\u00f3 polipropil\u00e9n m\u0171anyag, merev PVC, ABS, EVA, polisztirol \u00e9s Makrolon feh\u00e9r\u00edt\u00e9s\u00e9re.<\/p>\n<p>3. Az OB-1 optikai f\u00e9nyes\u00edt\u0151 haszn\u00e1lhat\u00f3 poli\u00e9szterhez \u00e9s nejlonhoz.<\/p>\n<p>4. Az OB-1 optikai feh\u00e9r\u00edt\u0151 haszn\u00e1lhat\u00f3 olyan m\u0171anyagok feh\u00e9r\u00edt\u00e9s\u00e9re is, mint az ABS, PS, HIPS, PA, PC, PP, EVA \u00e9s kem\u00e9ny PVC. Az OB-1 hozz\u00e1ad\u00e1sa nylonsz\u00e1lhoz, nejlonhoz \u00e9s poli\u00e9szterhez szint\u00e9n jelent\u0151sen jav\u00edtja a feh\u00e9r\u00edt\u00e9si fokot.<\/p>\n<p>5. Az OB-1 optikai f\u00e9nyes\u00edt\u0151 OB-1-et ad az \u00fajrahasznos\u00edtott poli\u00e9sztersz\u00e1l-hullad\u00e9khoz, palackanyaghoz \u00e9s forg\u00e1cshoz, az \u00fajrahasznos\u00edtott anyag feh\u00e9rebbnek t\u0171nik, \u00e9s a k\u00fcl\u00f6nb\u00f6z\u0151 \u00fajrahasznos\u00edtott anyagok sz\u00ednvil\u00e1ga egys\u00e9gesebb\u00e9 v\u00e1lik.<\/p>\n<h2><strong><b>Optikai feh\u00e9r\u00edt\u0151 OB-1 Jellemz\u0151k<\/b><\/strong><\/h2>\n<p>1. nagy feh\u00e9r\u00edt\u0151 er\u0151 \u00e9s er\u0151s fluoreszcencia.<\/p>\n<p>2. sz\u00e9les alkalmaz\u00e1si ter\u00fclet: poli\u00e9szter, nylonsz\u00e1l \u00e9s k\u00fcl\u00f6nb\u00f6z\u0151 m\u0171anyagok.<\/p>\n<p>3. Az OB-1 optikai feh\u00e9r\u00edt\u0151 k\u00fcl\u00f6n\u00f6sen ellen\u00e1ll a magas h\u0151m\u00e9rs\u00e9kletnek, \u00e9s els\u0151sorban a feh\u00e9r\u00edt\u00e9sre haszn\u00e1lj\u00e1k forr\u00f3 olvad\u00e9kkal t\u00f6rt\u00e9n\u0151 p\u00e1rnafest\u00e9ssel, amely alkalmas poli\u00e9sztersz\u00e1lak feh\u00e9r\u00edt\u00e9s\u00e9re \u00e9s poli\u00e9szter, pamut \u00e9s m\u00e1s sz\u00e1lakkal kevert sz\u00f6vetek feh\u00e9r\u00edt\u00e9s\u00e9re.<\/p>\n<p>4. Az OB-1 optikai f\u00e9nyes\u00edt\u0151 kiv\u00e1l\u00f3 oxazol f\u00e9nyes\u00edt\u0151, v\u00edzben nem old\u00f3dik, stabil teljes\u00edtm\u00e9ny\u0171, \u00e9s j\u00f3 ellen\u00e1ll\u00e1ssal rendelkezik a napf\u00e9nnyel, a kl\u00f3ros feh\u00e9r\u00edt\u00e9ssel \u00e9s a migr\u00e1ci\u00f3val szemben.<\/p>\n<h2><strong><b>Optikai f\u00e9nyes\u00edt\u0151 OB-1 Alkalmaz\u00e1si m\u00f3dszer<\/b><\/strong><\/h2>\n<p>Aj\u00e1nlott adagol\u00e1s: 1000 kg anyagra<br \/>\n1.EVA, polipropil\u00e9n sz\u00e1l, nylon \u00e9s Makrolon: 75\uff5e200g<br \/>\n2.poliszter sz\u00e1l: 75\uff5e300g<\/p>\n<h2><strong><b>Optikai feh\u00e9r\u00edt\u0151 OB-1 Csomagol\u00e1s \u00e9s sz\u00e1ll\u00edt\u00e1s<\/b><\/strong><\/h2>\n<p>Csomagol\u00e1s a vev\u0151 ig\u00e9nyei szerint (25 kg) kartondobozok, pap\u00edrv\u00f6d\u00f6r, pap\u00edrzacsk\u00f3k. Csomagol\u00e1s a vev\u0151 ig\u00e9nyei szerint. Sz\u00e1raz, s\u00f6t\u00e9t t\u00e1rol\u00e1s.<\/p>\n<p>&nbsp;<\/p>\n<h2><strong><b>L\u00e9pjen kapcsolatba vel\u00fcnk most!<\/b><\/strong><\/h2>\n<h4><strong><b>Ha \u00e1rra van sz\u00fcks\u00e9ge, k\u00e9rj\u00fck, t\u00f6ltse ki el\u00e9rhet\u0151s\u00e9g\u00e9t az al\u00e1bbi \u0171rlapon, \u00e1ltal\u00e1ban 24 \u00f3r\u00e1n bel\u00fcl felvessz\u00fck \u00d6nnel a kapcsolatot. \u00d6n is k\u00fcldhet nekem e-mailt <span style=\"color: #0000ff;\"><a style=\"color: #0000ff;\" href=\"mailto:info@longchangchemical.com\">info@longchangchemical.com<\/a><\/span> munkaid\u0151ben ( 8:30-18:00 UTC+8 H.-Szombat ) vagy haszn\u00e1lja a weboldal \u00e9l\u0151 chatj\u00e9t, hogy azonnali v\u00e1laszt kapjon.<\/b><\/strong><\/h4>\n<p><!--more--><\/p>\n<p>Mi\u00e9rt s\u00e1rgulnak a szivacsterm\u00e9kek? Mi a megold\u00e1s?<br \/>\nA szivacs term\u00e9kek a haszn\u00e1lat sor\u00e1n k\u00fcl\u00f6nb\u00f6z\u0151 okokb\u00f3l s\u00e1rgulhatnak. \u00cdme n\u00e9h\u00e1ny lehets\u00e9ges ok:<\/p>\n<p>1, Oxid\u00e1ci\u00f3: amikor a szivacsterm\u00e9kek anyagai oxig\u00e9nnel \u00e9rintkeznek, oxid\u00e1ci\u00f3s reakci\u00f3 l\u00e9phet fel, ami a szivacs s\u00e1rgul\u00e1s\u00e1t okozza. Ennek oka \u00e1ltal\u00e1ban az, hogy a szivacsban l\u00e9v\u0151 polimer anyag reakci\u00f3ba l\u00e9p a leveg\u0151ben l\u00e9v\u0151 oxig\u00e9nnel, ami sz\u00ednv\u00e1ltoz\u00e1shoz vezet.<\/p>\n<p>2, szennyez\u0151d\u00e9sek \u00e9s szennyez\u0151d\u00e9sek: A szivacsterm\u00e9keket \u00e1ltal\u00e1ban fel\u00fcletek tiszt\u00edt\u00e1s\u00e1ra \u00e9s t\u00f6rl\u00e9s\u00e9re haszn\u00e1lj\u00e1k, ez\u00e9rt k\u00fcl\u00f6nf\u00e9le szennyez\u0151d\u00e9sekkel \u00e9s szennyez\u0151d\u00e9sekkel ker\u00fclnek kapcsolatba. Ez a szennyez\u0151d\u00e9s behatolhat a szivacs rostjaiba, \u00e9s nehezen tiszt\u00edthat\u00f3 meg teljesen. Id\u0151vel a szennyez\u0151d\u00e9s felhalmoz\u00f3dhat, \u00e9s a szivacs s\u00e1rg\u00e1v\u00e1 v\u00e1lhat.<\/p>\n<p>3, napf\u00e9ny \u00e9s UV-expoz\u00edci\u00f3: ha a szivacsterm\u00e9kek hossz\u00fa ideig napf\u00e9nynek vagy UV-sug\u00e1rz\u00e1snak vannak kit\u00e9ve, az anyag egyes \u00f6sszetev\u0151i fotok\u00e9miai reakci\u00f3ba l\u00e9phetnek. Ez a reakci\u00f3 a molekulaszerkezet megv\u00e1ltoz\u00e1s\u00e1hoz vezethet, ami a szivacsot s\u00e1rg\u00e1v\u00e1 teszi.<\/p>\n<p>4, k\u00e9miai reakci\u00f3: egyes szivacsterm\u00e9kek \u00e9rz\u00e9kenyek lehetnek bizonyos vegyi anyagokra, \u00e9s \u00e9rintkez\u00e9se s\u00e1rgul\u00e1st okozhat. Ezek a vegyi anyagok lehetnek mos\u00f3szerek, feh\u00e9r\u00edt\u0151szerek, sz\u00ednez\u00e9kek vagy m\u00e1s vegyi anyagok.<\/p>\n<p>5, helytelen t\u00e1rol\u00e1s \u00e9s karbantart\u00e1s: Ha a szivacsterm\u00e9keket nem megfelel\u0151en t\u00e1rolj\u00e1k \u00e9s karbantartj\u00e1k, p\u00e9ld\u00e1ul hossz\u00fa ideig nedvess\u00e9gnek teszik ki, vagy m\u00e1s sz\u00ednes anyagokkal egy\u00fctt t\u00e1rolj\u00e1k, ez a szivacs s\u00e1rgul\u00e1s\u00e1hoz vezethet.<\/p>\n<p>Meg kell jegyezni, hogy a szivacsterm\u00e9kek s\u00e1rgul\u00e1sa nem felt\u00e9tlen\u00fcl jelenti a teljes\u00edtm\u00e9ny\u00fck vagy funkci\u00f3juk roml\u00e1s\u00e1t, de befoly\u00e1solhatja a megjelen\u00e9st. Ha szeretn\u00e9 meg\u0151rizni a szivacsterm\u00e9kek eredeti sz\u00edn\u00e9t, akkor rendszeresen tiszt\u00edtsa \u00e9s \u00e1polja \u0151ket, \u00e9s ker\u00fclje a s\u00e1rgul\u00e1st okoz\u00f3 anyagokkal val\u00f3 \u00e9rintkez\u00e9st.<\/p>\n<p>&nbsp;<\/p>\n<p>Megold\u00e1s: Ez egy olyan term\u00e9k, amely seg\u00edt meg\u0151rizni a szivacs sz\u00edn\u00e9t:<\/p>\n<p>1, v\u00e1lassza ki a megfelel\u0151 szivacs s\u00e1rgul\u00e1sg\u00e1tl\u00f3 szert: a piacon k\u00fcl\u00f6nb\u00f6z\u0151 t\u00edpus\u00fa szivacs s\u00e1rgul\u00e1sg\u00e1tl\u00f3 szerek \u00e1llnak rendelkez\u00e9sre. Gy\u0151z\u0151dj\u00f6n meg r\u00f3la, hogy a szivacs t\u00edpus\u00e1nak \u00e9s alkalmaz\u00e1s\u00e1nak megfelel\u0151 term\u00e9ket v\u00e1lasztja. Olvassa el a term\u00e9kle\u00edr\u00e1sokat \u00e9s az alkalmazand\u00f3 felt\u00e9telekr\u0151l \u00e9s felhaszn\u00e1l\u00e1sr\u00f3l sz\u00f3l\u00f3 ir\u00e1nyelveket.<\/p>\n<p>2, A szivacsok el\u0151kezel\u00e9se: A szivacsok felhaszn\u00e1l\u00e1s el\u0151tt el\u0151kezelhet\u0151k. \u00c1ztassa a szivacsot megfelel\u0151 mennyis\u00e9g\u0171 szivacs s\u00e1rgul\u00e1sg\u00e1tl\u00f3 szerrel kevert meleg v\u00edzben a term\u00e9k haszn\u00e1lati utas\u00edt\u00e1s\u00e1ban megadott ideig. Az el\u0151kezel\u00e9s seg\u00edthet megel\u0151zni, hogy a szivacs el\u0151re megs\u00e1rguljon.<\/p>\n<p>3, Rendszeres tiszt\u00edt\u00e1s \u00e9s karbantart\u00e1s: A szivacs rendszeres tiszt\u00edt\u00e1sa fontos l\u00e9p\u00e9s a s\u00e1rgul\u00e1s megel\u0151z\u00e9s\u00e9ben. Meleg v\u00edzzel \u00e9s enyhe mos\u00f3szerrel alaposan tiszt\u00edtsa meg a szivacs fel\u00fclet\u00e9t \u00e9s sz\u00e1lait. Ker\u00fclje a feh\u00e9r\u00edt\u0151t vagy er\u0151s savakat \u00e9s l\u00fagokat tartalmaz\u00f3 tiszt\u00edt\u00f3szereket, amelyek k\u00e1ros\u00edthatj\u00e1k a szivacs sz\u00edn\u00e9t \u00e9s text\u00far\u00e1j\u00e1t.<\/p>\n<p>4, ker\u00fclje a szennyez\u0151d\u00e9seket \u00e9s a vegyi anyagokat: Pr\u00f3b\u00e1lja meg elker\u00fclni, hogy a szivacsok szennyez\u0151 anyagokkal \u00e9s vegyi anyagokkal \u00e9rintkezzenek, amelyek s\u00e1rgul\u00e1st okozhatnak. Ker\u00fclje a szivacs haszn\u00e1lat\u00e1t er\u0151s pigmenteket vagy sz\u00ednez\u00e9keket tartalmaz\u00f3 t\u00e1rgyak tiszt\u00edt\u00e1s\u00e1ra. Ker\u00fclje tov\u00e1bb\u00e1 a szivacs \u00e9s a feh\u00e9r\u00edt\u0151t vagy m\u00e1s k\u00e1ros vegyi anyagokat tartalmaz\u00f3 t\u00e1rgyak \u00e9rintkez\u00e9s\u00e9t.<\/p>\n<p>5, Megfelel\u0151 t\u00e1rol\u00e1s: A szivacsokat sz\u00e1raz, j\u00f3l szell\u0151z\u0151, k\u00f6zvetlen napf\u00e9nyt\u0151l v\u00e9dett helyen kell t\u00e1rolni. A pen\u00e9szed\u00e9s \u00e9s a s\u00e1rgul\u00e1s megel\u0151z\u00e9se \u00e9rdek\u00e9ben ker\u00fclje a szivacsot a nedvess\u00e9gnek val\u00f3 kitetts\u00e9get.<\/p>\n<p>6, cser\u00e9lje ki a szivacsot rendszeresen: A szivacs id\u0151vel elhaszn\u00e1l\u00f3dik \u00e9s el\u00f6regszik. Rendszeresen ellen\u0151rizze a szivacsok \u00e1llapot\u00e1t, \u00e9s id\u0151ben cser\u00e9lje ki azokat, amelyek cser\u00e9re szorulnak, hogy tiszt\u00e1k \u00e9s j\u00f3l n\u00e9zzenek ki.<\/p>\n<p>Felh\u00edvjuk figyelm\u00e9t, hogy a szivacs s\u00e1rgul\u00e1sg\u00e1tl\u00f3 szerek haszn\u00e1lata nem z\u00e1rja ki teljesen a szivacs s\u00e1rgul\u00e1s\u00e1nak lehet\u0151s\u00e9g\u00e9t, de hat\u00e9konyan k\u00e9sleltetheti a s\u00e1rgul\u00e1s kialakul\u00e1s\u00e1t. Gondoskodjon arr\u00f3l is, hogy a szivacs s\u00e1rgul\u00e1sg\u00e1tl\u00f3 szert helyesen v\u00e1lassza ki \u00e9s haszn\u00e1lja, \u00e9s k\u00f6vesse a term\u00e9k utas\u00edt\u00e1sait.<\/p>","protected":false},"excerpt":{"rendered":"<h1><strong><b>Optikai feh\u00e9r\u00edt\u0151 OB-1\u00a0<\/b><\/strong><\/h1>\n<p>K\u00e9miai n\u00e9v: OB-1 optikai feh\u00e9r\u00edt\u0151<\/p>\n<p>Egy\u00e9b n\u00e9v: 4,4\u2032-bisz(2-benzoxazolil)sztilb\u00e9n ; fluoreszk\u00e1l\u00f3 vil\u00e1gos\u00edt\u00f3 OB-1<\/p>\n<p>CAS-sz\u00e1m: 1533-45-5<\/p>\n<p>Molekul\u00e1ris k\u00e9plet: C28H18N2O2<\/p>\n<p>Molekulat\u00f6meg: 414,45<\/p>\n<p>Optikai feh\u00e9r\u00edt\u0151 OB-1 Szerkezet:<\/p>\n<p><img decoding=\"async\" class=\"size-medium wp-image-3111\" src=\"https:\/\/longchangchemical.com\/wp-content\/uploads\/2020\/09\/Optical-brightener-OB-1-Structure-300x50.png\" alt=\"Optikai feh\u00e9r\u00edt\u0151 OB-1 Szerkezet\" width=\"300\" height=\"50\" srcset=\"https:\/\/longchangchemical.com\/wp-content\/uploads\/2020\/09\/Optical-brightener-OB-1-Structure-300x50.png 300w, https:\/\/longchangchemical.com\/wp-content\/uploads\/2020\/09\/Optical-brightener-OB-1-Structure.png 365w\" sizes=\"(max-width: 300px) 100vw, 300px\" \/><\/p>\n<p>Megjelen\u00e9s: S\u00e1rga z\u00f6ldes por<\/p>\n<p>Pr\u00f3ba: 99%<\/p>","protected":false},"featured_media":3110,"comment_status":"open","ping_status":"closed","template":"","meta":[],"product_brand":[],"product_cat":[140],"product_tag":[],"class_list":{"0":"post-3109","1":"product","2":"type-product","3":"status-publish","4":"has-post-thumbnail","6":"product_cat-chlumiphor-fluorescent-brightener","8":"first","9":"instock","10":"shipping-taxable","11":"product-type-simple"},"yoast_head":"<!-- This site is optimized with the Yoast SEO plugin v25.3.1 - https:\/\/yoast.com\/wordpress\/plugins\/seo\/ -->\n<title>China Optical brightener OB-1 manufacturer and supplier - Longchang chemical<\/title>\n<meta name=\"description\" content=\"Longchang chemical is a China Optical brightener OB-1 CAS 1533-45-5 manufacturer and supplier, we can provide the best Optical brightener OB-1 price. Other Name: Fluorescent Brightener 393 ; 4,4\u2032-Bis(2-benzoxazolyl)stilbene\" \/>\n<meta name=\"robots\" content=\"index, follow, max-snippet:-1, max-image-preview:large, max-video-preview:-1\" \/>\n<link rel=\"canonical\" href=\"https:\/\/longchangchemical.com\/hu\/product\/optical-brightener-ob-1-cas-1533-45-5\/\" \/>\n<meta property=\"og:locale\" content=\"hu_HU\" \/>\n<meta property=\"og:type\" content=\"article\" \/>\n<meta property=\"og:title\" content=\"China Optical brightener OB-1 manufacturer and supplier - Longchang chemical\" \/>\n<meta property=\"og:description\" content=\"Longchang chemical is a China Optical brightener OB-1 CAS 1533-45-5 manufacturer and supplier, we can provide the best Optical brightener OB-1 price. Other Name: Fluorescent Brightener 393 ; 4,4\u2032-Bis(2-benzoxazolyl)stilbene\" \/>\n<meta property=\"og:url\" content=\"https:\/\/longchangchemical.com\/hu\/product\/optical-brightener-ob-1-cas-1533-45-5\/\" \/>\n<meta property=\"og:site_name\" content=\"Longchang Chemical\" \/>\n<meta property=\"article:modified_time\" content=\"2025-04-01T07:42:12+00:00\" \/>\n<meta property=\"og:image\" content=\"https:\/\/longchangchemical.com\/wp-content\/uploads\/2020\/09\/Optical-brightener-OB-1-appearance.jpg\" \/>\n\t<meta property=\"og:image:width\" content=\"900\" \/>\n\t<meta property=\"og:image:height\" content=\"1200\" \/>\n\t<meta property=\"og:image:type\" content=\"image\/jpeg\" \/>\n<meta name=\"twitter:card\" content=\"summary_large_image\" \/>\n<script type=\"application\/ld+json\" class=\"yoast-schema-graph\">{\"@context\":\"https:\/\/schema.org\",\"@graph\":[{\"@type\":\"WebPage\",\"@id\":\"https:\/\/longchangchemical.com\/product\/optical-brightener-ob-1-cas-1533-45-5\/\",\"url\":\"https:\/\/longchangchemical.com\/product\/optical-brightener-ob-1-cas-1533-45-5\/\",\"name\":\"China Optical brightener OB-1 manufacturer and supplier - Longchang chemical\",\"isPartOf\":{\"@id\":\"https:\/\/longchangchemical.com\/#website\"},\"primaryImageOfPage\":{\"@id\":\"https:\/\/longchangchemical.com\/product\/optical-brightener-ob-1-cas-1533-45-5\/#primaryimage\"},\"image\":{\"@id\":\"https:\/\/longchangchemical.com\/product\/optical-brightener-ob-1-cas-1533-45-5\/#primaryimage\"},\"thumbnailUrl\":\"https:\/\/longchangchemical.com\/wp-content\/uploads\/2020\/09\/Optical-brightener-OB-1-appearance.jpg\",\"datePublished\":\"2020-09-05T06:04:18+00:00\",\"dateModified\":\"2025-04-01T07:42:12+00:00\",\"description\":\"Longchang chemical is a China Optical brightener OB-1 CAS 1533-45-5 manufacturer and supplier, we can provide the best Optical brightener OB-1 price. Other Name: Fluorescent Brightener 393 ; 4,4\u2032-Bis(2-benzoxazolyl)stilbene\",\"breadcrumb\":{\"@id\":\"https:\/\/longchangchemical.com\/product\/optical-brightener-ob-1-cas-1533-45-5\/#breadcrumb\"},\"inLanguage\":\"hu\",\"potentialAction\":[{\"@type\":\"ReadAction\",\"target\":[\"https:\/\/longchangchemical.com\/product\/optical-brightener-ob-1-cas-1533-45-5\/\"]}]},{\"@type\":\"ImageObject\",\"inLanguage\":\"hu\",\"@id\":\"https:\/\/longchangchemical.com\/product\/optical-brightener-ob-1-cas-1533-45-5\/#primaryimage\",\"url\":\"https:\/\/longchangchemical.com\/wp-content\/uploads\/2020\/09\/Optical-brightener-OB-1-appearance.jpg\",\"contentUrl\":\"https:\/\/longchangchemical.com\/wp-content\/uploads\/2020\/09\/Optical-brightener-OB-1-appearance.jpg\",\"width\":900,\"height\":1200,\"caption\":\"Optical brightener OB-1 appearance\"},{\"@type\":\"BreadcrumbList\",\"@id\":\"https:\/\/longchangchemical.com\/product\/optical-brightener-ob-1-cas-1533-45-5\/#breadcrumb\",\"itemListElement\":[{\"@type\":\"ListItem\",\"position\":1,\"name\":\"Home\",\"item\":\"https:\/\/longchangchemical.com\/\"},{\"@type\":\"ListItem\",\"position\":2,\"name\":\"Products Longchang\",\"item\":\"https:\/\/longchangchemical.com\/product\/\"},{\"@type\":\"ListItem\",\"position\":3,\"name\":\"CHLUMIPHOR\u00ae OB-1 \/ Optical brightener OB-1 CAS 1533-45-5\"}]},{\"@type\":\"WebSite\",\"@id\":\"https:\/\/longchangchemical.com\/#website\",\"url\":\"https:\/\/longchangchemical.com\/\",\"name\":\"Longchang Chemical\",\"description\":\"China chemical manufacturer \uff06 supplier\",\"publisher\":{\"@id\":\"https:\/\/longchangchemical.com\/#organization\"},\"potentialAction\":[{\"@type\":\"SearchAction\",\"target\":{\"@type\":\"EntryPoint\",\"urlTemplate\":\"https:\/\/longchangchemical.com\/?s={search_term_string}\"},\"query-input\":{\"@type\":\"PropertyValueSpecification\",\"valueRequired\":true,\"valueName\":\"search_term_string\"}}],\"inLanguage\":\"hu\"},{\"@type\":\"Organization\",\"@id\":\"https:\/\/longchangchemical.com\/#organization\",\"name\":\"Longchang Chemical\",\"url\":\"https:\/\/longchangchemical.com\/\",\"logo\":{\"@type\":\"ImageObject\",\"inLanguage\":\"hu\",\"@id\":\"https:\/\/longchangchemical.com\/#\/schema\/logo\/image\/\",\"url\":\"https:\/\/longchangchemical.com\/wp-content\/uploads\/2020\/08\/cropped-longchang-logo.png\",\"contentUrl\":\"https:\/\/longchangchemical.com\/wp-content\/uploads\/2020\/08\/cropped-longchang-logo.png\",\"width\":512,\"height\":512,\"caption\":\"Longchang Chemical\"},\"image\":{\"@id\":\"https:\/\/longchangchemical.com\/#\/schema\/logo\/image\/\"}}]}<\/script>\n<!-- \/ Yoast SEO plugin. -->","yoast_head_json":{"title":"K\u00edna optikai f\u00e9nyes\u00edt\u0151 OB-1 gy\u00e1rt\u00f3 \u00e9s sz\u00e1ll\u00edt\u00f3 - Longchang vegyi anyag","description":"A Longchang vegyi anyag egy k\u00ednai optikai feh\u00e9r\u00edt\u0151 OB-1 CAS 1533-45-5 gy\u00e1rt\u00f3 \u00e9s sz\u00e1ll\u00edt\u00f3, a legjobb optikai feh\u00e9r\u00edt\u0151 OB-1 \u00e1rat tudjuk biztos\u00edtani. Egy\u00e9b n\u00e9v: 4,4\u2032-bisz(2-benzoxazolil)sztilb\u00e9n.","robots":{"index":"index","follow":"follow","max-snippet":"max-snippet:-1","max-image-preview":"max-image-preview:large","max-video-preview":"max-video-preview:-1"},"canonical":"https:\/\/longchangchemical.com\/hu\/product\/optical-brightener-ob-1-cas-1533-45-5\/","og_locale":"hu_HU","og_type":"article","og_title":"China Optical brightener OB-1 manufacturer and supplier - Longchang chemical","og_description":"Longchang chemical is a China Optical brightener OB-1 CAS 1533-45-5 manufacturer and supplier, we can provide the best Optical brightener OB-1 price. Other Name: Fluorescent Brightener 393 ; 4,4\u2032-Bis(2-benzoxazolyl)stilbene","og_url":"https:\/\/longchangchemical.com\/hu\/product\/optical-brightener-ob-1-cas-1533-45-5\/","og_site_name":"Longchang Chemical","article_modified_time":"2025-04-01T07:42:12+00:00","og_image":[{"width":900,"height":1200,"url":"https:\/\/longchangchemical.com\/wp-content\/uploads\/2020\/09\/Optical-brightener-OB-1-appearance.jpg","type":"image\/jpeg"}],"twitter_card":"summary_large_image","schema":{"@context":"https:\/\/schema.org","@graph":[{"@type":"WebPage","@id":"https:\/\/longchangchemical.com\/product\/optical-brightener-ob-1-cas-1533-45-5\/","url":"https:\/\/longchangchemical.com\/product\/optical-brightener-ob-1-cas-1533-45-5\/","name":"K\u00edna optikai f\u00e9nyes\u00edt\u0151 OB-1 gy\u00e1rt\u00f3 \u00e9s sz\u00e1ll\u00edt\u00f3 - Longchang vegyi anyag","isPartOf":{"@id":"https:\/\/longchangchemical.com\/#website"},"primaryImageOfPage":{"@id":"https:\/\/longchangchemical.com\/product\/optical-brightener-ob-1-cas-1533-45-5\/#primaryimage"},"image":{"@id":"https:\/\/longchangchemical.com\/product\/optical-brightener-ob-1-cas-1533-45-5\/#primaryimage"},"thumbnailUrl":"https:\/\/longchangchemical.com\/wp-content\/uploads\/2020\/09\/Optical-brightener-OB-1-appearance.jpg","datePublished":"2020-09-05T06:04:18+00:00","dateModified":"2025-04-01T07:42:12+00:00","description":"A Longchang vegyi anyag egy k\u00ednai optikai feh\u00e9r\u00edt\u0151 OB-1 CAS 1533-45-5 gy\u00e1rt\u00f3 \u00e9s sz\u00e1ll\u00edt\u00f3, a legjobb optikai feh\u00e9r\u00edt\u0151 OB-1 \u00e1rat tudjuk biztos\u00edtani. Egy\u00e9b n\u00e9v: 4,4\u2032-bisz(2-benzoxazolil)sztilb\u00e9n.","breadcrumb":{"@id":"https:\/\/longchangchemical.com\/product\/optical-brightener-ob-1-cas-1533-45-5\/#breadcrumb"},"inLanguage":"hu","potentialAction":[{"@type":"ReadAction","target":["https:\/\/longchangchemical.com\/product\/optical-brightener-ob-1-cas-1533-45-5\/"]}]},{"@type":"ImageObject","inLanguage":"hu","@id":"https:\/\/longchangchemical.com\/product\/optical-brightener-ob-1-cas-1533-45-5\/#primaryimage","url":"https:\/\/longchangchemical.com\/wp-content\/uploads\/2020\/09\/Optical-brightener-OB-1-appearance.jpg","contentUrl":"https:\/\/longchangchemical.com\/wp-content\/uploads\/2020\/09\/Optical-brightener-OB-1-appearance.jpg","width":900,"height":1200,"caption":"Optical brightener OB-1 appearance"},{"@type":"BreadcrumbList","@id":"https:\/\/longchangchemical.com\/product\/optical-brightener-ob-1-cas-1533-45-5\/#breadcrumb","itemListElement":[{"@type":"ListItem","position":1,"name":"Home","item":"https:\/\/longchangchemical.com\/"},{"@type":"ListItem","position":2,"name":"Products Longchang","item":"https:\/\/longchangchemical.com\/product\/"},{"@type":"ListItem","position":3,"name":"CHLUMIPHOR\u00ae OB-1 \/ Optical brightener OB-1 CAS 1533-45-5"}]},{"@type":"WebSite","@id":"https:\/\/longchangchemical.com\/#website","url":"https:\/\/longchangchemical.com\/","name":"Longchang Chemical","description":"K\u00edna k\u00e9miai gy\u00e1rt\u00f3 \uff06 sz\u00e1ll\u00edt\u00f3","publisher":{"@id":"https:\/\/longchangchemical.com\/#organization"},"potentialAction":[{"@type":"SearchAction","target":{"@type":"EntryPoint","urlTemplate":"https:\/\/longchangchemical.com\/?s={search_term_string}"},"query-input":{"@type":"PropertyValueSpecification","valueRequired":true,"valueName":"search_term_string"}}],"inLanguage":"hu"},{"@type":"Organization","@id":"https:\/\/longchangchemical.com\/#organization","name":"Longchang Chemical","url":"https:\/\/longchangchemical.com\/","logo":{"@type":"ImageObject","inLanguage":"hu","@id":"https:\/\/longchangchemical.com\/#\/schema\/logo\/image\/","url":"https:\/\/longchangchemical.com\/wp-content\/uploads\/2020\/08\/cropped-longchang-logo.png","contentUrl":"https:\/\/longchangchemical.com\/wp-content\/uploads\/2020\/08\/cropped-longchang-logo.png","width":512,"height":512,"caption":"Longchang Chemical"},"image":{"@id":"https:\/\/longchangchemical.com\/#\/schema\/logo\/image\/"}}]}},"_links":{"self":[{"href":"https:\/\/longchangchemical.com\/hu\/wp-json\/wp\/v2\/product\/3109","targetHints":{"allow":["GET"]}}],"collection":[{"href":"https:\/\/longchangchemical.com\/hu\/wp-json\/wp\/v2\/product"}],"about":[{"href":"https:\/\/longchangchemical.com\/hu\/wp-json\/wp\/v2\/types\/product"}],"replies":[{"embeddable":true,"href":"https:\/\/longchangchemical.com\/hu\/wp-json\/wp\/v2\/comments?post=3109"}],"wp:featuredmedia":[{"embeddable":true,"href":"https:\/\/longchangchemical.com\/hu\/wp-json\/wp\/v2\/media\/3110"}],"wp:attachment":[{"href":"https:\/\/longchangchemical.com\/hu\/wp-json\/wp\/v2\/media?parent=3109"}],"wp:term":[{"taxonomy":"product_brand","embeddable":true,"href":"https:\/\/longchangchemical.com\/hu\/wp-json\/wp\/v2\/product_brand?post=3109"},{"taxonomy":"product_cat","embeddable":true,"href":"https:\/\/longchangchemical.com\/hu\/wp-json\/wp\/v2\/product_cat?post=3109"},{"taxonomy":"product_tag","embeddable":true,"href":"https:\/\/longchangchemical.com\/hu\/wp-json\/wp\/v2\/product_tag?post=3109"}],"curies":[{"name":"wp","href":"https:\/\/api.w.org\/{rel}","templated":true}]}}