{"id":3054,"date":"2020-08-26T03:21:16","date_gmt":"2020-08-26T03:21:16","guid":{"rendered":"https:\/\/longchangchemical.com\/?post_type=product&#038;p=3054"},"modified":"2025-12-23T03:29:27","modified_gmt":"2025-12-23T03:29:27","slug":"chlorine-dioxide-tablets-cas-10049-04-4","status":"publish","type":"product","link":"https:\/\/longchangchemical.com\/hu\/product\/chlorine-dioxide-tablets-cas-10049-04-4\/","title":{"rendered":"Kl\u00f3r-dioxid tabletta cas 10049-04-4"},"content":{"rendered":"<h1><strong><b>Kl\u00f3r-dioxid tabletta<\/b><\/strong><strong><b>\u00a0<\/b><\/strong><\/h1>\n<p><strong><b>\u00a0<\/b><\/strong><\/p>\n<table>\n<tbody>\n<tr>\n<td width=\"249\">T\u00e9telek<\/td>\n<td width=\"232\">Standard<\/td>\n<td width=\"232\">Eredm\u00e9ny<\/td>\n<\/tr>\n<tr>\n<td width=\"249\">A vizes oldat megjelen\u00e9se<\/td>\n<td width=\"232\">S\u00e1rga z\u00f6ld<\/td>\n<td width=\"232\">K\u00e9pzett<\/td>\n<\/tr>\n<tr>\n<td width=\"249\">ClO2, % \u2265<\/td>\n<td width=\"232\">8.0<\/td>\n<td width=\"232\">10.2<\/td>\n<\/tr>\n<tr>\n<td colspan=\"3\" width=\"714\">K\u00f6vetkeztet\u00e9s: Min\u0151s\u00edtett<\/td>\n<\/tr>\n<\/tbody>\n<\/table>\n<p><strong><b>\u00a0<\/b><\/strong><\/p>\n<h2><strong><b>Mi az a kl\u00f3r-dioxid tabletta?<\/b><\/strong><\/h2>\n<p>A kl\u00f3r-dioxid tablett\u00e1kat ma m\u00e1r a legbiztons\u00e1gosabb, leghat\u00e9konyabb \u00e9s legk\u00f6rnyezetbar\u00e1tabb fert\u0151tlen\u00edt\u0151szerk\u00e9nt tartj\u00e1k sz\u00e1mon. Az US EPA aj\u00e1nlja iv\u00f3v\u00edz-adal\u00e9kanyagk\u00e9nt, hogy az iv\u00f3v\u00edz fert\u0151tlen\u00edt\u00e9s\u00e9n\u00e9l helyettes\u00edtse a kl\u00f3rt. A kl\u00f3r-dioxid tabletta ide\u00e1lis fert\u0151tlen\u00edt\u0151szer, amely kiel\u00e9g\u00edti az uszodaipar \u00e9s az \u00fasz\u00f3k k\u00f6vetelm\u00e9nyeit \u00e9s ig\u00e9nyeit!!! Nem okoz allergi\u00e1s reakci\u00f3kat (nem okoz b\u0151rirrit\u00e1ci\u00f3t vagy b\u0151rreped\u00e9st, nem aktiv\u00e1lja a ny\u00e1lkah\u00e1rty\u00e1t, nem irrit\u00e1lja a szemet), \u00e9s nem keletkezik a medenc\u00e9kre jellemz\u0151 szag. a term\u00e9k lehet\u0151v\u00e9 teszi, hogy kl\u00f3r haszn\u00e1lata n\u00e9lk\u00fcl biztos\u00edtsa az \u00fasz\u00e1s k\u00e9nyelm\u00e9t, \u00e9s nem keletkezik klorit, klor\u00e1t vagy szabad kl\u00f3r.<\/p>\n<h2><strong><b>Kl\u00f3r-dioxid tablett\u00e1k Bevezet\u00e9s<\/b><\/strong><\/h2>\n<p>A stabil kl\u00f3r-dioxid CLO2 egy sz\u00e9les spektrum\u00fa, nagy hat\u00e9konys\u00e1g\u00fa \u00e9s nem m\u00e9rgez\u0151 \u00faj t\u00edpus\u00fa steriliz\u00e1l\u00f3 \u00e9s fert\u0151tlen\u00edt\u0151szer, amelyet sz\u00e1mos ter\u00fcleten sz\u00e9les k\u00f6rben alkalmaznak.<\/p>\n<p>A kl\u00f3rral \u00f6sszehasonl\u00edtva biocid k\u00e9pess\u00e9ge 3-5-sz\u00f6r nagyobb, biocid hat\u00e1s\u00e1t alapvet\u0151en nem befoly\u00e1solja a pH-\u00e9rt\u00e9k, \u00e9s folyamatos antibakteri\u00e1lis hat\u00e1ssal rendelkezik. Biztons\u00e1gos, nem m\u00e9rgez\u0151, nincs mell\u00e9khat\u00e1sa az emberi szervezetre, a kezelt v\u00edznek nincs saj\u00e1tos szaga, \u00e9s nem tartalmaz r\u00e1kkelt\u0151 anyagokat. A nemzetk\u00f6zileg elismert kl\u00f3ros fert\u0151tlen\u00edt\u0151szer, mint a legide\u00e1lisabb helyettes\u00edt\u0151 term\u00e9k.<\/p>\n<h2><strong><b>Kl\u00f3r-dioxid tablett\u00e1k Felhaszn\u00e1l\u00e1si tartom\u00e1ny<\/b><\/strong><\/h2>\n<p>A kl\u00f3r-dioxid alkalmaz\u00e1si ter\u00fclete: az ehet\u0151 gomb\u00e1k, \u0151r\u00f6lt gy\u0171r\u0171, ez\u00fcstrudak, bambuszhajt\u00e1sok, l\u00f3tuszmagok, dinnyemagok, yuba, konjac, retek, halfil\u00e9, h\u00fas, v\u00edzi term\u00e9kek, z\u00f6lds\u00e9gek, gy\u00fcm\u00f6lcs\u00f6k, tejterm\u00e9kek, italok feh\u00e9r\u00edt\u00e9se \u00e9s frissen tart\u00e1sa, valamint lisztfeh\u00e9r\u00edt\u00e9s.<\/p>\n<h2><strong><b>Kl\u00f3r-dioxid tabletta\u00a0<\/b><\/strong><strong><b>toxicit\u00e1s<\/b><\/strong><\/h2>\n<p>A kl\u00f3r-dioxid k\u00e1ros az emberi szervezetre, m\u00e9rgez\u0151 hat\u00e1sa hasonl\u00f3 a kl\u00f3r\u00e9hoz, \u00e9s erod\u00e1lhatja a szemet \u00e9s a l\u00e9gz\u0151szerveket. Nagy koncentr\u00e1ci\u00f3 eset\u00e9n a k\u00f6zponti idegrendszerbe hatolva hal\u00e1lt okozhat.<br \/>\nA leveg\u0151ben a megengedett koncentr\u00e1ci\u00f3 0,3 mg\/m3. Ha bel\u00e9legezte, azonnal vigye tiszta leveg\u0151re.<br \/>\nHa v\u00e9letlen\u00fcl szembe fr\u00f6ccsen, alaposan \u00f6bl\u00edtse ki v\u00edzzel. A munkav\u00e9gz\u00e9s el\u0151tt munkaruh\u00e1t, gumik\u00f6penyt, latexkeszty\u0171t \u00e9s egy\u00e9ni v\u00e9d\u0151maszkot kell viselni. Munka k\u00f6zben a termel\u0151berendez\u00e9seket z\u00e1rva kell tartani \u00e9s j\u00f3l szell\u0151ztetni. Miut\u00e1n v\u00e9gzett a munk\u00e1val, mindenk\u00e9ppen zuhanyozzon le.<\/p>\n<h2><strong><b>Kl\u00f3r-dioxid tabletta\u00a0<\/b><\/strong><strong><b>Utas\u00edt\u00e1sok<\/b><\/strong><\/h2>\n<p>1. El\u0151kezel\u00e9s: \u00e1ztassa a k\u00edv\u00e1nt feh\u00e9r\u00edtett \u00e9lelmiszert v\u00edzbe, s\u00f3talan\u00edtsa 24 \u00f3r\u00e1n \u00e1t vagy habos\u00edtja, a legjobb a foly\u00f3v\u00edz (a s\u00f3zott \u00e9lelmiszerekn\u00e9l ez a folyamat elhagyhat\u00f3).<\/p>\n<p>2. Koncentr\u00e1lt oldat k\u00e9sz\u00edt\u00e9se: adjon 1000 gramm term\u00e9kport 25 kg v\u00edzhez, \u00e9s keverje addig, am\u00edg teljesen fel nem old\u00f3dik, majd tegye egy lez\u00e1rt m\u0171anyag v\u00f6d\u00f6rbe, \u00e9s tegye h\u0171v\u00f6s helyre k\u00e9s\u0151bbi felhaszn\u00e1l\u00e1sra (eltarthat\u00f3s\u00e1gi ideje 12 h\u00f3nap).<\/p>\n<p>3. Feh\u00e9r\u00edt\u0151 oldat konfigur\u00e1ci\u00f3ja: m\u00e9rjen bizonyos mennyis\u00e9g\u0171 koncentr\u00e1lt oldatot \u00e9s megfelel\u0151 mennyis\u00e9g\u0171 aktiv\u00e1tort (citromsavval) a t\u00e1bl\u00e1zatban szerepl\u0151 k\u00f6vetelm\u00e9nyeknek megfelel\u0151en, keverje \u00f6ssze \u00e9s keverje 10-20 percig, majd adjon hozz\u00e1 vizet a t\u00e1bl\u00e1zatban szerepl\u0151 mennyis\u00e9gnek megfelel\u0151en, \u00e9s h\u00edg\u00edtsa v\u00edzzel .<\/p>\n<p>4. Feh\u00e9r\u00edt\u00e9s: M\u00e9rje a megfelel\u0151 s\u00faly\u00fa \u00e9lelmiszert a feh\u00e9r\u00edt\u0151 oldatba, majd t\u00e1vol\u00edtsa el a feh\u00e9r\u00edt\u00e9s ut\u00e1n a k\u00edv\u00e1nt feh\u00e9rs\u00e9gig. A feh\u00e9r\u00edt\u0151oldat h\u0151m\u00e9rs\u00e9klet\u00e9t 40-50 \u2103-on szab\u00e1lyozzuk a legjobb feh\u00e9r\u00edt\u0151 hat\u00e1s \u00e9s a leggyorsabb sebess\u00e9g \u00e9rdek\u00e9ben.<\/p>\n<p>&nbsp;<\/p>\n<h2><strong><b>Kl\u00f3r-dioxid tabletta<\/b><\/strong><strong><b>\u00a0Haszn\u00e1lat<\/b><\/strong><\/h2>\n<p>1. \u00c9l\u0151v\u00edz, iv\u00f3v\u00edz \u00e9s csapv\u00edz fert\u0151tlen\u00edt\u00e9se k\u00fcl\u00f6nb\u00f6z\u0151 alkalmakkor.<\/p>\n<p>2. A sz\u00e1lloda, a csal\u00e1d, a b\u00f3d\u00e9 \u00e9tk\u00e9szlet\u00e9nek \u00e9s a higi\u00e9niai l\u00e9tes\u00edtm\u00e9nyeknek, valamint a leveg\u0151 k\u00f6rnyezet\u00e9nek steriliz\u00e1l\u00e1sa \u00e9s fert\u0151tlen\u00edt\u00e9se.<\/p>\n<p>3. A berendez\u00e9sek, cs\u00f6vek \u00e9s tart\u00e1lyok v\u00e9gs\u0151 steriliz\u00e1l\u00e1sa \u00e9s fert\u0151tlen\u00edt\u00e9se az \u00e9lelmiszer- \u00e9s ital\u00fczemekben \u00e9s az erjeszt\u0151iparban.<\/p>\n<p>4. A cs\u0151vezet\u00e9kek, l\u00e9tes\u00edtm\u00e9nyek \u00e9s a tej\u00fczemek \u00e9s v\u00e1g\u00f3hidak k\u00f6rnyezet\u00e9nek steriliz\u00e1l\u00e1sa.<\/p>\n<p>5. K\u00f3rh\u00e1zi szennyv\u00edz steriliz\u00e1l\u00e1si kezel\u00e9se.<\/p>\n<p>6. Az uszoda kering\u0151 viz\u00e9nek \u00e9s f\u00fcrd\u0151viz\u00e9nek steriliz\u00e1l\u00e1sa \u00e9s fert\u0151tlen\u00edt\u00e9se.<\/p>\n<p>7. Orvosi, eg\u00e9szs\u00e9g\u00fcgyi \u00e9s klinikai eszk\u00f6z\u00f6k fert\u0151tlen\u00edt\u00e9se, steriliz\u00e1l\u00e1sa, szagtalan\u00edt\u00e1sa \u00e9s pen\u00e9sz elleni kezel\u00e9se.<\/p>\n<p>8. Csal\u00e1di, sz\u00e1llodai, \u00e9ttermi, gy\u00fcm\u00f6lcs- \u00e9s z\u00f6lds\u00e9g-, hal- \u00e9s h\u00fas\u00e9telek steriliz\u00e1l\u00e1sa \u00e9s friss tart\u00e1sa, a szaniterek v\u00e9gs\u0151 mos\u00e1sa \u00e9s fert\u0151tlen\u00edt\u00e9se.<\/p>\n<p>9. Steriliz\u00e1l\u00e1s \u00e9s szagtalan\u00edt\u00e1s a visszanyert v\u00edz \u00fajrafelhaszn\u00e1l\u00e1s\u00e1ban.<\/p>\n<p>10. Feh\u00e9r\u00edt\u0151szerek liszthez \u00e9s k\u00fcl\u00f6nb\u00f6z\u0151 \u00e9lelmiszerekhez.<\/p>\n<p>11. Feh\u00e9r\u00edt\u0151szerek a pap\u00edrgy\u00e1rt\u00e1sban, valamint a nyomdaiparban \u00e9s a fest\u0151iparban.<\/p>\n<p>12. Ipari h\u0171t\u0151keringet\u0151 v\u00edz algamentes\u00edt\u00e9s \u00e9s steriliz\u00e1l\u00e1sa.<\/p>\n<p>&nbsp;<\/p>\n<h2><strong>Kl\u00f3r-dioxid tablett\u00e1k tablett\u00e1k Csomag<\/strong><\/h2>\n<p>100g\/\u00fcveg vagy egyedi csomagol\u00e1sban.<\/p>\n<h2><strong><b>Kl\u00f3r-dioxid tabletta<\/b><\/strong><strong><b>\u00a0T\u00e1rol\u00e1s<\/b><\/strong><\/h2>\n<p>V\u00e9dett, sz\u00e1raz, s\u00f6t\u00e9t helyen t\u00f6rt\u00e9n\u0151 t\u00e1rol\u00e1s.<\/p>\n<p>&nbsp;<\/p>\n<h2><strong><b>L\u00e9pjen kapcsolatba vel\u00fcnk most!<\/b><\/strong><\/h2>\n<h4><strong><b>Ha COA, MSDS vagy TDS-re van sz\u00fcks\u00e9ge, k\u00e9rj\u00fck, t\u00f6ltse ki el\u00e9rhet\u0151s\u00e9g\u00e9t az al\u00e1bbi \u0171rlapon, \u00e1ltal\u00e1ban 24 \u00f3r\u00e1n bel\u00fcl felvessz\u00fck \u00d6nnel a kapcsolatot. \u00d6n is k\u00fcldhet nekem e-mailt <span style=\"color: #0000ff;\"><a style=\"color: #0000ff;\" href=\"mailto:info@longchangchemical.com\">info@longchangchemical.com<\/a><\/span> munkaid\u0151ben ( 8:30-18:00 UTC+8 H.-Szombat ) vagy haszn\u00e1lja a weboldal \u00e9l\u0151 chatj\u00e9t, hogy azonnali v\u00e1laszt kapjon.<\/b><\/strong><\/h4>","protected":false},"excerpt":{"rendered":"<p>Term\u00e9k neve: Kl\u00f3r-dioxid tabletta<\/p>\n<p>CAS-sz\u00e1m: 10049-04-4<\/p>\n<p>Molekul\u00e1ris k\u00e9plet: ClO2<\/p>\n<p>Molekulat\u00f6meg: 67,45<\/p>\n<p>Megjelen\u00e9s: feh\u00e9r por vagy feh\u00e9r szil\u00e1rd anyag<\/p>","protected":false},"featured_media":3138,"comment_status":"open","ping_status":"closed","template":"","meta":[],"product_brand":[],"product_cat":[69,109],"product_tag":[],"class_list":{"0":"post-3054","1":"product","2":"type-product","3":"status-publish","4":"has-post-thumbnail","6":"product_cat-catalysts-chemical-auxiliary-agents","7":"product_cat-water-treatment","9":"first","10":"instock","11":"shipping-taxable","12":"product-type-simple"},"yoast_head":"<!-- This site is optimized with the Yoast SEO plugin v25.3.1 - https:\/\/yoast.com\/wordpress\/plugins\/seo\/ -->\n<title>China Chlorine dioxide tablets manufacturer \uff06 supplier - Longchang chemical<\/title>\n<meta name=\"description\" content=\"Longchang chemical produce and supply Chlorine dioxide tablets, with the best price, and we can provide REACH and FDA.\" \/>\n<meta name=\"robots\" content=\"index, follow, max-snippet:-1, max-image-preview:large, max-video-preview:-1\" \/>\n<link rel=\"canonical\" href=\"https:\/\/longchangchemical.com\/hu\/product\/chlorine-dioxide-tablets-cas-10049-04-4\/\" \/>\n<meta property=\"og:locale\" content=\"hu_HU\" \/>\n<meta property=\"og:type\" content=\"article\" \/>\n<meta property=\"og:title\" content=\"China Chlorine dioxide tablets manufacturer \uff06 supplier - Longchang chemical\" \/>\n<meta property=\"og:description\" content=\"Longchang chemical produce and supply Chlorine dioxide tablets, with the best price, and we can provide REACH and FDA.\" \/>\n<meta property=\"og:url\" content=\"https:\/\/longchangchemical.com\/hu\/product\/chlorine-dioxide-tablets-cas-10049-04-4\/\" \/>\n<meta property=\"og:site_name\" content=\"Longchang Chemical\" \/>\n<meta property=\"article:modified_time\" content=\"2025-12-23T03:29:27+00:00\" \/>\n<meta property=\"og:image\" content=\"https:\/\/longchangchemical.com\/wp-content\/uploads\/2020\/08\/Chlorine-dioxide-tablets-appearance-1-2.jpg\" \/>\n\t<meta property=\"og:image:width\" content=\"600\" \/>\n\t<meta property=\"og:image:height\" content=\"800\" \/>\n\t<meta property=\"og:image:type\" content=\"image\/jpeg\" \/>\n<meta name=\"twitter:card\" content=\"summary_large_image\" \/>\n<script type=\"application\/ld+json\" class=\"yoast-schema-graph\">{\"@context\":\"https:\/\/schema.org\",\"@graph\":[{\"@type\":\"WebPage\",\"@id\":\"https:\/\/longchangchemical.com\/product\/chlorine-dioxide-tablets-cas-10049-04-4\/\",\"url\":\"https:\/\/longchangchemical.com\/product\/chlorine-dioxide-tablets-cas-10049-04-4\/\",\"name\":\"China Chlorine dioxide tablets manufacturer \uff06 supplier - Longchang chemical\",\"isPartOf\":{\"@id\":\"https:\/\/longchangchemical.com\/#website\"},\"primaryImageOfPage\":{\"@id\":\"https:\/\/longchangchemical.com\/product\/chlorine-dioxide-tablets-cas-10049-04-4\/#primaryimage\"},\"image\":{\"@id\":\"https:\/\/longchangchemical.com\/product\/chlorine-dioxide-tablets-cas-10049-04-4\/#primaryimage\"},\"thumbnailUrl\":\"https:\/\/longchangchemical.com\/wp-content\/uploads\/2020\/08\/Chlorine-dioxide-tablets-appearance-1-2.jpg\",\"datePublished\":\"2020-08-26T03:21:16+00:00\",\"dateModified\":\"2025-12-23T03:29:27+00:00\",\"description\":\"Longchang chemical produce and supply Chlorine dioxide tablets, with the best price, and we can provide REACH and FDA.\",\"breadcrumb\":{\"@id\":\"https:\/\/longchangchemical.com\/product\/chlorine-dioxide-tablets-cas-10049-04-4\/#breadcrumb\"},\"inLanguage\":\"hu\",\"potentialAction\":[{\"@type\":\"ReadAction\",\"target\":[\"https:\/\/longchangchemical.com\/product\/chlorine-dioxide-tablets-cas-10049-04-4\/\"]}]},{\"@type\":\"ImageObject\",\"inLanguage\":\"hu\",\"@id\":\"https:\/\/longchangchemical.com\/product\/chlorine-dioxide-tablets-cas-10049-04-4\/#primaryimage\",\"url\":\"https:\/\/longchangchemical.com\/wp-content\/uploads\/2020\/08\/Chlorine-dioxide-tablets-appearance-1-2.jpg\",\"contentUrl\":\"https:\/\/longchangchemical.com\/wp-content\/uploads\/2020\/08\/Chlorine-dioxide-tablets-appearance-1-2.jpg\",\"width\":600,\"height\":800,\"caption\":\"Chlorine-dioxide-tablets-appearance-(1)\"},{\"@type\":\"BreadcrumbList\",\"@id\":\"https:\/\/longchangchemical.com\/product\/chlorine-dioxide-tablets-cas-10049-04-4\/#breadcrumb\",\"itemListElement\":[{\"@type\":\"ListItem\",\"position\":1,\"name\":\"Home\",\"item\":\"https:\/\/longchangchemical.com\/\"},{\"@type\":\"ListItem\",\"position\":2,\"name\":\"Products Longchang\",\"item\":\"https:\/\/longchangchemical.com\/product\/\"},{\"@type\":\"ListItem\",\"position\":3,\"name\":\"Chlorine dioxide tablets cas 10049-04-4\"}]},{\"@type\":\"WebSite\",\"@id\":\"https:\/\/longchangchemical.com\/#website\",\"url\":\"https:\/\/longchangchemical.com\/\",\"name\":\"Longchang Chemical\",\"description\":\"China chemical manufacturer \uff06 supplier\",\"publisher\":{\"@id\":\"https:\/\/longchangchemical.com\/#organization\"},\"potentialAction\":[{\"@type\":\"SearchAction\",\"target\":{\"@type\":\"EntryPoint\",\"urlTemplate\":\"https:\/\/longchangchemical.com\/?s={search_term_string}\"},\"query-input\":{\"@type\":\"PropertyValueSpecification\",\"valueRequired\":true,\"valueName\":\"search_term_string\"}}],\"inLanguage\":\"hu\"},{\"@type\":\"Organization\",\"@id\":\"https:\/\/longchangchemical.com\/#organization\",\"name\":\"Longchang Chemical\",\"url\":\"https:\/\/longchangchemical.com\/\",\"logo\":{\"@type\":\"ImageObject\",\"inLanguage\":\"hu\",\"@id\":\"https:\/\/longchangchemical.com\/#\/schema\/logo\/image\/\",\"url\":\"https:\/\/longchangchemical.com\/wp-content\/uploads\/2020\/08\/cropped-longchang-logo.png\",\"contentUrl\":\"https:\/\/longchangchemical.com\/wp-content\/uploads\/2020\/08\/cropped-longchang-logo.png\",\"width\":512,\"height\":512,\"caption\":\"Longchang Chemical\"},\"image\":{\"@id\":\"https:\/\/longchangchemical.com\/#\/schema\/logo\/image\/\"}}]}<\/script>\n<!-- \/ Yoast SEO plugin. -->","yoast_head_json":{"title":"K\u00edna kl\u00f3r-dioxid tabletta gy\u00e1rt\u00f3 \uff06 sz\u00e1ll\u00edt\u00f3 - Longchang vegyi anyag","description":"Longchang k\u00e9miai termel \u00e9s sz\u00e1ll\u00edt Kl\u00f3r-dioxid tablett\u00e1k, a legjobb \u00e1ron, \u00e9s tudjuk biztos\u00edtani a REACH \u00e9s az FDA.","robots":{"index":"index","follow":"follow","max-snippet":"max-snippet:-1","max-image-preview":"max-image-preview:large","max-video-preview":"max-video-preview:-1"},"canonical":"https:\/\/longchangchemical.com\/hu\/product\/chlorine-dioxide-tablets-cas-10049-04-4\/","og_locale":"hu_HU","og_type":"article","og_title":"China Chlorine dioxide tablets manufacturer \uff06 supplier - Longchang chemical","og_description":"Longchang chemical produce and supply Chlorine dioxide tablets, with the best price, and we can provide REACH and FDA.","og_url":"https:\/\/longchangchemical.com\/hu\/product\/chlorine-dioxide-tablets-cas-10049-04-4\/","og_site_name":"Longchang Chemical","article_modified_time":"2025-12-23T03:29:27+00:00","og_image":[{"width":600,"height":800,"url":"https:\/\/longchangchemical.com\/wp-content\/uploads\/2020\/08\/Chlorine-dioxide-tablets-appearance-1-2.jpg","type":"image\/jpeg"}],"twitter_card":"summary_large_image","schema":{"@context":"https:\/\/schema.org","@graph":[{"@type":"WebPage","@id":"https:\/\/longchangchemical.com\/product\/chlorine-dioxide-tablets-cas-10049-04-4\/","url":"https:\/\/longchangchemical.com\/product\/chlorine-dioxide-tablets-cas-10049-04-4\/","name":"K\u00edna kl\u00f3r-dioxid tabletta gy\u00e1rt\u00f3 \uff06 sz\u00e1ll\u00edt\u00f3 - Longchang vegyi anyag","isPartOf":{"@id":"https:\/\/longchangchemical.com\/#website"},"primaryImageOfPage":{"@id":"https:\/\/longchangchemical.com\/product\/chlorine-dioxide-tablets-cas-10049-04-4\/#primaryimage"},"image":{"@id":"https:\/\/longchangchemical.com\/product\/chlorine-dioxide-tablets-cas-10049-04-4\/#primaryimage"},"thumbnailUrl":"https:\/\/longchangchemical.com\/wp-content\/uploads\/2020\/08\/Chlorine-dioxide-tablets-appearance-1-2.jpg","datePublished":"2020-08-26T03:21:16+00:00","dateModified":"2025-12-23T03:29:27+00:00","description":"Longchang k\u00e9miai termel \u00e9s sz\u00e1ll\u00edt Kl\u00f3r-dioxid tablett\u00e1k, a legjobb \u00e1ron, \u00e9s tudjuk biztos\u00edtani a REACH \u00e9s az FDA.","breadcrumb":{"@id":"https:\/\/longchangchemical.com\/product\/chlorine-dioxide-tablets-cas-10049-04-4\/#breadcrumb"},"inLanguage":"hu","potentialAction":[{"@type":"ReadAction","target":["https:\/\/longchangchemical.com\/product\/chlorine-dioxide-tablets-cas-10049-04-4\/"]}]},{"@type":"ImageObject","inLanguage":"hu","@id":"https:\/\/longchangchemical.com\/product\/chlorine-dioxide-tablets-cas-10049-04-4\/#primaryimage","url":"https:\/\/longchangchemical.com\/wp-content\/uploads\/2020\/08\/Chlorine-dioxide-tablets-appearance-1-2.jpg","contentUrl":"https:\/\/longchangchemical.com\/wp-content\/uploads\/2020\/08\/Chlorine-dioxide-tablets-appearance-1-2.jpg","width":600,"height":800,"caption":"Chlorine-dioxide-tablets-appearance-(1)"},{"@type":"BreadcrumbList","@id":"https:\/\/longchangchemical.com\/product\/chlorine-dioxide-tablets-cas-10049-04-4\/#breadcrumb","itemListElement":[{"@type":"ListItem","position":1,"name":"Home","item":"https:\/\/longchangchemical.com\/"},{"@type":"ListItem","position":2,"name":"Products Longchang","item":"https:\/\/longchangchemical.com\/product\/"},{"@type":"ListItem","position":3,"name":"Chlorine dioxide tablets cas 10049-04-4"}]},{"@type":"WebSite","@id":"https:\/\/longchangchemical.com\/#website","url":"https:\/\/longchangchemical.com\/","name":"Longchang Chemical","description":"K\u00edna k\u00e9miai gy\u00e1rt\u00f3 \uff06 sz\u00e1ll\u00edt\u00f3","publisher":{"@id":"https:\/\/longchangchemical.com\/#organization"},"potentialAction":[{"@type":"SearchAction","target":{"@type":"EntryPoint","urlTemplate":"https:\/\/longchangchemical.com\/?s={search_term_string}"},"query-input":{"@type":"PropertyValueSpecification","valueRequired":true,"valueName":"search_term_string"}}],"inLanguage":"hu"},{"@type":"Organization","@id":"https:\/\/longchangchemical.com\/#organization","name":"Longchang Chemical","url":"https:\/\/longchangchemical.com\/","logo":{"@type":"ImageObject","inLanguage":"hu","@id":"https:\/\/longchangchemical.com\/#\/schema\/logo\/image\/","url":"https:\/\/longchangchemical.com\/wp-content\/uploads\/2020\/08\/cropped-longchang-logo.png","contentUrl":"https:\/\/longchangchemical.com\/wp-content\/uploads\/2020\/08\/cropped-longchang-logo.png","width":512,"height":512,"caption":"Longchang Chemical"},"image":{"@id":"https:\/\/longchangchemical.com\/#\/schema\/logo\/image\/"}}]}},"_links":{"self":[{"href":"https:\/\/longchangchemical.com\/hu\/wp-json\/wp\/v2\/product\/3054","targetHints":{"allow":["GET"]}}],"collection":[{"href":"https:\/\/longchangchemical.com\/hu\/wp-json\/wp\/v2\/product"}],"about":[{"href":"https:\/\/longchangchemical.com\/hu\/wp-json\/wp\/v2\/types\/product"}],"replies":[{"embeddable":true,"href":"https:\/\/longchangchemical.com\/hu\/wp-json\/wp\/v2\/comments?post=3054"}],"wp:featuredmedia":[{"embeddable":true,"href":"https:\/\/longchangchemical.com\/hu\/wp-json\/wp\/v2\/media\/3138"}],"wp:attachment":[{"href":"https:\/\/longchangchemical.com\/hu\/wp-json\/wp\/v2\/media?parent=3054"}],"wp:term":[{"taxonomy":"product_brand","embeddable":true,"href":"https:\/\/longchangchemical.com\/hu\/wp-json\/wp\/v2\/product_brand?post=3054"},{"taxonomy":"product_cat","embeddable":true,"href":"https:\/\/longchangchemical.com\/hu\/wp-json\/wp\/v2\/product_cat?post=3054"},{"taxonomy":"product_tag","embeddable":true,"href":"https:\/\/longchangchemical.com\/hu\/wp-json\/wp\/v2\/product_tag?post=3054"}],"curies":[{"name":"wp","href":"https:\/\/api.w.org\/{rel}","templated":true}]}}