{"id":747,"date":"2016-04-19T17:42:25","date_gmt":"2016-04-19T17:42:25","guid":{"rendered":"https:\/\/dione.thememove.com\/?page_id=747"},"modified":"2025-07-08T10:56:54","modified_gmt":"2025-07-08T10:56:54","slug":"about-us","status":"publish","type":"page","link":"https:\/\/longchangchemical.com\/hu\/about-us\/","title":{"rendered":"Longchangr\u00f3l"},"content":{"rendered":"<div id=\"ut-row-69f8e76fe1953\" data-vc-full-width=\"true\" data-vc-full-width-init=\"false\" data-vc-stretch-content=\"true\" class=\"vc_row wpb_row vc_row-fluid vc_column-gap-0 vc_row-no-padding ut-row-69f8e76fe195d\" ><div class=\"wpb_column vc_column_container vc_col-sm-6\" ><div id=\"ut_inner_column_69f8e76fe2411\" class=\"vc_column-inner\" ><div class=\"wpb_wrapper\"><div style=\"text-align: left\" class=\"vc_custom_heading wow fadeInUp\">A Longchang Chemical Co., Ltd. egy k\u00ednai vegyipari gy\u00e1rt\u00f3 \u00e9s besz\u00e1ll\u00edt\u00f3.<\/div><\/div><\/div><style type=\"text\/css\">#ut_inner_column_69f8e76fe2411{padding-top: 150px !important;padding-right: 200px !important;padding-bottom: 150px !important;padding-left: 200px !important;}<\/style><\/div><div class=\"wpb_column vc_column_container vc_col-sm-6\" ><div id=\"ut_inner_column_69f8e76fe2c40\" class=\"vc_column-inner\" ><div class=\"wpb_wrapper\">\r\n\t<div class=\"wpb_single_image wpb_content_element vc_align_left   wow fadeInRight\">\r\n\t\t\r\n\t\t<figure class=\"wpb_wrapper vc_figure\">\r\n\t\t\t<div class=\"vc_single_image-wrapper   vc_box_border_grey\"><img decoding=\"async\" width=\"958\" height=\"600\" src=\"https:\/\/longchangchemical.com\/wp-content\/uploads\/2020\/09\/about-us.jpg\" class=\"vc_single_image-img attachment-full\" alt=\"r\u00f3lunk\" srcset=\"https:\/\/longchangchemical.com\/wp-content\/uploads\/2020\/09\/about-us.jpg 958w, https:\/\/longchangchemical.com\/wp-content\/uploads\/2020\/09\/about-us-300x188.jpg 300w, https:\/\/longchangchemical.com\/wp-content\/uploads\/2020\/09\/about-us-768x481.jpg 768w, https:\/\/longchangchemical.com\/wp-content\/uploads\/2020\/09\/about-us-600x376.jpg 600w\" sizes=\"(max-width: 958px) 100vw, 958px\" \/><\/div>\r\n\t\t<\/figure>\r\n\t<\/div>\r\n<\/div><\/div><\/div><style type=\"text\/css\">#ut-row-69f8e76fe1953{margin-bottom: 0px !important;} <\/style><\/div><div class=\"vc_row-full-width vc_clearfix\"><\/div><div id=\"ut-row-69f8e76fe35cb\" data-vc-full-width=\"true\" data-vc-full-width-init=\"false\" class=\"vc_row wpb_row vc_row-fluid vc_column-gap-0 ut-row-69f8e76fe35d2\" ><div class=\"wpb_column vc_column_container vc_col-sm-12\" ><div id=\"ut_inner_column_69f8e76fe388d\" class=\"vc_column-inner\" ><div class=\"wpb_wrapper\">\r\n\t<div class=\"wpb_text_column wpb_content_element\" >\r\n\t\t<div class=\"wpb_wrapper\">\r\n\t\t\t\r\n\t\t<\/div>\r\n\t<\/div>\r\n<\/div><\/div><\/div><div class=\"wpb_column vc_column_container vc_col-sm-12\" ><div id=\"ut_inner_column_69f8e76fe3e79\" class=\"vc_column-inner\" ><div class=\"wpb_wrapper\">\r\n\t<div class=\"wpb_text_column wpb_content_element\" >\r\n\t\t<div class=\"wpb_wrapper\">\r\n\t\t\t<p><a href=\"https:\/\/longchangchemical.com\/hu\/\"><span style=\"color: #00ccff;\">Longchang Chemical Co., Ltd.<\/span><\/a> 1996-ban alakult, \u00e9s a 309-es nemzeti \u00fat d\u00e9li oldal\u00e1n, a Shibu gazdas\u00e1gi fejleszt\u00e9si z\u00f3n\u00e1ban, Changyi City, Weifangban tal\u00e1lhat\u00f3. 2003 okt\u00f3ber\u00e9ben a Changyi Longchang Paohua sz\u00f3dagy\u00e1rb\u00f3l \u00e1tszervezt\u00e9k, \u00e9s l\u00e9trehozt\u00e1k a Longchang Biochemical Co., Ltd. nevet. A v\u00e1llalat megl\u00e9v\u0151 eszk\u00f6zei 8 milli\u00f3 j\u00fcan \u00e9s az \u00fczem ter\u00fclete 11 000 n\u00e9gyzetm\u00e9teres ter\u00fcletet fed le, a v\u00e1llalatnak van egy csoportja a k\u00e9miai menedzsmenttel, termel\u00e9ssel, kutat\u00e1ssal \u00e9s fejleszt\u00e9ssel foglalkoz\u00f3 szakemberek, 10 high-tech \u00e9s magas sz\u00ednvonal\u00fa vezet\u0151i szem\u00e9lyzettel, 126 alkalmazottal, amelyek k\u00f6z\u00fcl a m\u0171szaki szem\u00e9lyzet ar\u00e1nya 30%, l\u00e9trehozott termel\u00e9si oszt\u00e1ly, min\u0151s\u00e9gellen\u0151rz\u00e9si oszt\u00e1ly, sz\u00e1ll\u00edt\u00e1si oszt\u00e1ly, K + F oszt\u00e1ly, beszerz\u00e9si oszt\u00e1ly, p\u00e9nz\u00fcgyi oszt\u00e1ly.<\/p>\n\r\n\t\t<\/div>\r\n\t<\/div>\r\n\r\n\t<div class=\"wpb_text_column wpb_content_element\" >\r\n\t\t<div class=\"wpb_wrapper\">\r\n\t\t\t<p>A Longchang Chemical Co., Ltd. 2018-ban \u00e1tesett az ISO-9001 min\u0151s\u00e9gbiztos\u00edt\u00e1si rendszer tan\u00fas\u00edt\u00e1s\u00e1n, \u00e9s megfelelt a k\u00f6rnyezeti hat\u00e1svizsg\u00e1lati auditon. A v\u00e1llalatnak van egy olyan szakembercsoportja, amely vegyipari menedzsmenttel, termel\u00e9ssel, valamint kutat\u00e1ssal \u00e9s fejleszt\u00e9ssel foglalkozik. A v\u00e1llalat szigor\u00faan k\u00f6veti az ISO9001, ISO14001, GB \/ T-28001 szabv\u00e1nyokat A termel\u00e9s minden szempontj\u00e1nak fel\u00fcgyelete, ellen\u0151rz\u00e9se \u00e9s m\u0171k\u00f6dtet\u00e9se sz\u00fcks\u00e9ges a t\u00e1rsadalmi felel\u0151ss\u00e9gv\u00e1llal\u00e1s, a munkav\u00e1llal\u00f3k eg\u00e9szs\u00e9g\u00e9nek, a k\u00f6rnyezetv\u00e9delem \u00e9s a term\u00e9kmin\u0151s\u00e9g t\u00f6k\u00e9letes kombin\u00e1ci\u00f3j\u00e1nak el\u00e9r\u00e9se \u00e9rdek\u00e9ben.<\/p>\n\r\n\t\t<\/div>\r\n\t<\/div>\r\n\r\n\t<div class=\"wpb_text_column wpb_content_element\" >\r\n\t\t<div class=\"wpb_wrapper\">\r\n\t\t\t<p>C\u00e9g\u00fcnk viszonylag szoros egy\u00fcttm\u0171k\u00f6d\u00e9st folytat a Pekingi Egyetem \u00e9s a Qilu M\u0171szaki Egyetem K\u00e9miai \u00e9s Molekul\u00e1ris M\u00e9rn\u00f6ki Kar\u00e1val, \u00edgy a v\u00e1llalat folyamatosan \u00faj term\u00e9keket fejleszt, a kezdeti n\u00e1trium-szilik\u00e1tt\u00f3l a k\u00e9s\u0151bbi f\u0151 term\u00e9kekig \u00e9s a k\u0151olajgyanta-sorozat mell\u00e9kterm\u00e9keiig. 2015-ben a v\u00e1llalat sz\u00e1mos tehets\u00e9get mutatott be \u00e9s \u00faj laborat\u00f3riumot nyitott, jelent\u0151s \u00e1tt\u00f6r\u00e9st \u00e9rt el a fotoinici\u00e1torok, a fotopolimeriz\u00e1lhat\u00f3 monomerek, a fluorozott monomerek, az UV oligomerek \u00e9s a f\u00e9nyre kem\u00e9nyed\u0151 term\u00e9kek ter\u00e9n. C\u00e9g\u00fcnk term\u00e9kei \u00e9s \u00e1tfog\u00f3 technikai k\u00e9pess\u00e9gei a vegyipar vezet\u0151 v\u00e1llalkoz\u00e1s\u00e1v\u00e1 tesznek minket.<\/p>\n\r\n\t\t<\/div>\r\n\t<\/div>\r\n\r\n\t<div class=\"wpb_text_column wpb_content_element\" >\r\n\t\t<div class=\"wpb_wrapper\">\r\n\t\t\t<p>2019 v\u00e9g\u00e9n, a tov\u00e1bbi felsz\u00e1ll\u00e1s \u00e9rdek\u00e9ben a v\u00e1llalat megkezdte a K\u00fclkereskedelmi \u00e9s H\u00e1l\u00f3zati M\u0171veletek Miniszt\u00e9rium\u00e1nak megalak\u00edt\u00e1s\u00e1t, hogy bel\u00e9pjen a k\u00fclf\u00f6ldi piacokra. 2024 v\u00e9g\u00e9n v\u00e1llalatunk fi\u00f3ktelepet hozott l\u00e9tre Jinanban, Shandong tartom\u00e1nyban: <a href=\"https:\/\/changhongchemical.com\/\"><span style=\"color: #00ccff;\">Shandong Changhong Chemical Co., Ltd.<\/span><\/a><\/p>\n\r\n\t\t<\/div>\r\n\t<\/div>\r\n\r\n\t<div class=\"wpb_text_column wpb_content_element\" >\r\n\t\t<div class=\"wpb_wrapper\">\r\n\t\t\t<p>2024 v\u00e9g\u00e9n fotoinici\u00e1torokat, fotopolimeriz\u00e1lhat\u00f3 monomereket \u00e9s UV oligomereket fogunk haszn\u00e1lni a downstream kutat\u00e1shoz, valamint HEMA-mentes UV zsel\u00e9s lakkzsel\u00e9 kifejleszt\u00e9s\u00e9hez \u00e9s gy\u00e1rt\u00e1s\u00e1hoz saj\u00e1t m\u00e1rkanev\u00fcnk alatt: <a href=\"https:\/\/chromeclair.com\/\"><span style=\"color: #00ccff;\">CHROM\u00c9CLAIR<\/span><\/a><\/p>\n\r\n\t\t<\/div>\r\n\t<\/div>\r\n\r\n\t<div class=\"wpb_text_column wpb_content_element\" >\r\n\t\t<div class=\"wpb_wrapper\">\r\n\t\t\t<p>A v\u00e1llalat ragaszkodik a \"h\u00edrn\u00e9v az els\u0151, a min\u0151s\u00e9g \u00e1ll\" elv\u00e9hez, \u00e9s k\u00f6veti az \"integrit\u00e1s, pragmatizmus, innov\u00e1ci\u00f3 \u00e9s magas hat\u00e9konys\u00e1g\" koncepci\u00f3j\u00e1t. Ugyanakkor hajland\u00f3ak vagyunk megosztani a k\u00f6lcs\u00f6n\u00f6s el\u0151ny\u00f6ket, \u00e9s hossz\u00fa t\u00e1v\u00fa win-win \u00fczleti kapcsolatot alak\u00edtunk ki \u00fcgyfeleinkkel a vil\u00e1g minden t\u00e1j\u00e1r\u00f3l.<\/p>\n\r\n\t\t<\/div>\r\n\t<\/div>\r\n<\/div><\/div><\/div><\/div><div class=\"vc_row-full-width vc_clearfix\"><\/div>","protected":false},"excerpt":{"rendered":"Longchang chemical Co., Ltd. is a china chemical manufacturer and supplier.#ut_inner_column_69f8e76fe4d82{padding-top: 150px !important;padding-right: 200px !important;padding-bottom: 150px !important;padding-left: 200px !important;} #ut-row-69f8e76fe47b7{margin-bottom: 0px !important;} Longchang chemical Co., Ltd. was established in 1996 and is located on the south side of 309 National Road, Shibu Economic Development Zone, Changyi City, Weifang. In October 2003, it was restructured from [...]","protected":false},"author":1,"featured_media":0,"parent":0,"menu_order":0,"comment_status":"closed","ping_status":"closed","template":"","meta":{"footnotes":""},"class_list":["post-747","page","type-page","status-publish","hentry"],"yoast_head":"<!-- This site is optimized with the Yoast SEO plugin v25.3.1 - https:\/\/yoast.com\/wordpress\/plugins\/seo\/ -->\n<title>About us - Longchang Chemical Co., Ltd.<\/title>\n<meta name=\"description\" content=\"Longchang Chemical Co., Ltd. is a china chemical manufacturer \uff06 supplier. We hope our products are used worldwide to enable science.\" \/>\n<meta name=\"robots\" content=\"index, follow, max-snippet:-1, max-image-preview:large, max-video-preview:-1\" \/>\n<link rel=\"canonical\" href=\"https:\/\/longchangchemical.com\/hu\/about-us\/\" \/>\n<meta property=\"og:locale\" content=\"hu_HU\" \/>\n<meta property=\"og:type\" content=\"article\" \/>\n<meta property=\"og:title\" content=\"About us - Longchang Chemical Co., Ltd.\" \/>\n<meta property=\"og:description\" content=\"Longchang Chemical Co., Ltd. is a china chemical manufacturer \uff06 supplier. We hope our products are used worldwide to enable science.\" \/>\n<meta property=\"og:url\" content=\"https:\/\/longchangchemical.com\/hu\/about-us\/\" \/>\n<meta property=\"og:site_name\" content=\"Longchang Chemical\" \/>\n<meta property=\"article:modified_time\" content=\"2025-07-08T10:56:54+00:00\" \/>\n<meta property=\"og:image\" content=\"https:\/\/longchangchemical.com\/wp-content\/uploads\/2024\/02\/logo-jpeg.jpg\" \/>\n\t<meta property=\"og:image:width\" content=\"1000\" \/>\n\t<meta property=\"og:image:height\" content=\"1000\" \/>\n\t<meta property=\"og:image:type\" content=\"image\/jpeg\" \/>\n<meta name=\"twitter:card\" content=\"summary_large_image\" \/>\n<script type=\"application\/ld+json\" class=\"yoast-schema-graph\">{\"@context\":\"https:\/\/schema.org\",\"@graph\":[{\"@type\":\"WebPage\",\"@id\":\"https:\/\/longchangchemical.com\/about-us\/\",\"url\":\"https:\/\/longchangchemical.com\/about-us\/\",\"name\":\"About us - Longchang Chemical Co., Ltd.\",\"isPartOf\":{\"@id\":\"https:\/\/longchangchemical.com\/#website\"},\"datePublished\":\"2016-04-19T17:42:25+00:00\",\"dateModified\":\"2025-07-08T10:56:54+00:00\",\"description\":\"Longchang Chemical Co., Ltd. is a china chemical manufacturer \uff06 supplier. We hope our products are used worldwide to enable science.\",\"breadcrumb\":{\"@id\":\"https:\/\/longchangchemical.com\/about-us\/#breadcrumb\"},\"inLanguage\":\"hu\",\"potentialAction\":[{\"@type\":\"ReadAction\",\"target\":[\"https:\/\/longchangchemical.com\/about-us\/\"]}]},{\"@type\":\"BreadcrumbList\",\"@id\":\"https:\/\/longchangchemical.com\/about-us\/#breadcrumb\",\"itemListElement\":[{\"@type\":\"ListItem\",\"position\":1,\"name\":\"Home\",\"item\":\"https:\/\/longchangchemical.com\/\"},{\"@type\":\"ListItem\",\"position\":2,\"name\":\"About Longchang\"}]},{\"@type\":\"WebSite\",\"@id\":\"https:\/\/longchangchemical.com\/#website\",\"url\":\"https:\/\/longchangchemical.com\/\",\"name\":\"Longchang Chemical\",\"description\":\"China chemical manufacturer \uff06 supplier\",\"publisher\":{\"@id\":\"https:\/\/longchangchemical.com\/#organization\"},\"potentialAction\":[{\"@type\":\"SearchAction\",\"target\":{\"@type\":\"EntryPoint\",\"urlTemplate\":\"https:\/\/longchangchemical.com\/?s={search_term_string}\"},\"query-input\":{\"@type\":\"PropertyValueSpecification\",\"valueRequired\":true,\"valueName\":\"search_term_string\"}}],\"inLanguage\":\"hu\"},{\"@type\":\"Organization\",\"@id\":\"https:\/\/longchangchemical.com\/#organization\",\"name\":\"Longchang Chemical\",\"url\":\"https:\/\/longchangchemical.com\/\",\"logo\":{\"@type\":\"ImageObject\",\"inLanguage\":\"hu\",\"@id\":\"https:\/\/longchangchemical.com\/#\/schema\/logo\/image\/\",\"url\":\"https:\/\/longchangchemical.com\/wp-content\/uploads\/2020\/08\/cropped-longchang-logo.png\",\"contentUrl\":\"https:\/\/longchangchemical.com\/wp-content\/uploads\/2020\/08\/cropped-longchang-logo.png\",\"width\":512,\"height\":512,\"caption\":\"Longchang Chemical\"},\"image\":{\"@id\":\"https:\/\/longchangchemical.com\/#\/schema\/logo\/image\/\"}}]}<\/script>\n<!-- \/ Yoast SEO plugin. -->","yoast_head_json":{"title":"R\u00f3lunk - Longchang Chemical Co., Ltd.","description":"A Longchang Chemical Co., Ltd. egy k\u00ednai vegyipari gy\u00e1rt\u00f3 \uff06 sz\u00e1ll\u00edt\u00f3. Rem\u00e9lj\u00fck, hogy term\u00e9keinket vil\u00e1gszerte haszn\u00e1lj\u00e1k, hogy lehet\u0151v\u00e9 tegy\u00e9k a tudom\u00e1nyt.","robots":{"index":"index","follow":"follow","max-snippet":"max-snippet:-1","max-image-preview":"max-image-preview:large","max-video-preview":"max-video-preview:-1"},"canonical":"https:\/\/longchangchemical.com\/hu\/about-us\/","og_locale":"hu_HU","og_type":"article","og_title":"About us - Longchang Chemical Co., Ltd.","og_description":"Longchang Chemical Co., Ltd. is a china chemical manufacturer \uff06 supplier. We hope our products are used worldwide to enable science.","og_url":"https:\/\/longchangchemical.com\/hu\/about-us\/","og_site_name":"Longchang Chemical","article_modified_time":"2025-07-08T10:56:54+00:00","og_image":[{"width":1000,"height":1000,"url":"https:\/\/longchangchemical.com\/wp-content\/uploads\/2024\/02\/logo-jpeg.jpg","type":"image\/jpeg"}],"twitter_card":"summary_large_image","schema":{"@context":"https:\/\/schema.org","@graph":[{"@type":"WebPage","@id":"https:\/\/longchangchemical.com\/about-us\/","url":"https:\/\/longchangchemical.com\/about-us\/","name":"R\u00f3lunk - Longchang Chemical Co., Ltd.","isPartOf":{"@id":"https:\/\/longchangchemical.com\/#website"},"datePublished":"2016-04-19T17:42:25+00:00","dateModified":"2025-07-08T10:56:54+00:00","description":"A Longchang Chemical Co., Ltd. egy k\u00ednai vegyipari gy\u00e1rt\u00f3 \uff06 sz\u00e1ll\u00edt\u00f3. Rem\u00e9lj\u00fck, hogy term\u00e9keinket vil\u00e1gszerte haszn\u00e1lj\u00e1k, hogy lehet\u0151v\u00e9 tegy\u00e9k a tudom\u00e1nyt.","breadcrumb":{"@id":"https:\/\/longchangchemical.com\/about-us\/#breadcrumb"},"inLanguage":"hu","potentialAction":[{"@type":"ReadAction","target":["https:\/\/longchangchemical.com\/about-us\/"]}]},{"@type":"BreadcrumbList","@id":"https:\/\/longchangchemical.com\/about-us\/#breadcrumb","itemListElement":[{"@type":"ListItem","position":1,"name":"Home","item":"https:\/\/longchangchemical.com\/"},{"@type":"ListItem","position":2,"name":"About Longchang"}]},{"@type":"WebSite","@id":"https:\/\/longchangchemical.com\/#website","url":"https:\/\/longchangchemical.com\/","name":"Longchang Chemical","description":"K\u00edna k\u00e9miai gy\u00e1rt\u00f3 \uff06 sz\u00e1ll\u00edt\u00f3","publisher":{"@id":"https:\/\/longchangchemical.com\/#organization"},"potentialAction":[{"@type":"SearchAction","target":{"@type":"EntryPoint","urlTemplate":"https:\/\/longchangchemical.com\/?s={search_term_string}"},"query-input":{"@type":"PropertyValueSpecification","valueRequired":true,"valueName":"search_term_string"}}],"inLanguage":"hu"},{"@type":"Organization","@id":"https:\/\/longchangchemical.com\/#organization","name":"Longchang Chemical","url":"https:\/\/longchangchemical.com\/","logo":{"@type":"ImageObject","inLanguage":"hu","@id":"https:\/\/longchangchemical.com\/#\/schema\/logo\/image\/","url":"https:\/\/longchangchemical.com\/wp-content\/uploads\/2020\/08\/cropped-longchang-logo.png","contentUrl":"https:\/\/longchangchemical.com\/wp-content\/uploads\/2020\/08\/cropped-longchang-logo.png","width":512,"height":512,"caption":"Longchang Chemical"},"image":{"@id":"https:\/\/longchangchemical.com\/#\/schema\/logo\/image\/"}}]}},"_links":{"self":[{"href":"https:\/\/longchangchemical.com\/hu\/wp-json\/wp\/v2\/pages\/747","targetHints":{"allow":["GET"]}}],"collection":[{"href":"https:\/\/longchangchemical.com\/hu\/wp-json\/wp\/v2\/pages"}],"about":[{"href":"https:\/\/longchangchemical.com\/hu\/wp-json\/wp\/v2\/types\/page"}],"author":[{"embeddable":true,"href":"https:\/\/longchangchemical.com\/hu\/wp-json\/wp\/v2\/users\/1"}],"replies":[{"embeddable":true,"href":"https:\/\/longchangchemical.com\/hu\/wp-json\/wp\/v2\/comments?post=747"}],"version-history":[{"count":9,"href":"https:\/\/longchangchemical.com\/hu\/wp-json\/wp\/v2\/pages\/747\/revisions"}],"predecessor-version":[{"id":8235,"href":"https:\/\/longchangchemical.com\/hu\/wp-json\/wp\/v2\/pages\/747\/revisions\/8235"}],"wp:attachment":[{"href":"https:\/\/longchangchemical.com\/hu\/wp-json\/wp\/v2\/media?parent=747"}],"curies":[{"name":"wp","href":"https:\/\/api.w.org\/{rel}","templated":true}]}}