{"id":8221,"date":"2025-06-30T08:54:59","date_gmt":"2025-06-30T08:54:59","guid":{"rendered":"https:\/\/longchangchemical.com\/?post_type=product&#038;p=8221"},"modified":"2025-08-22T11:20:13","modified_gmt":"2025-08-22T11:20:13","slug":"chromeclair-hema-free-gel-polish","status":"publish","type":"product","link":"https:\/\/longchangchemical.com\/fr\/product\/chromeclair-hema-free-gel-polish\/","title":{"rendered":"CHROM\u00c9CLAIR\u00ae Gel Polish sans HEMA \uff06 sans TPO \uff06 sans Di-HEMA \uff06 sans TMHDC"},"content":{"rendered":"<h1><strong>CHROM\u00c9CLAIR\u00ae Gel Polish sans HEMA \uff06 sans TPO \uff06 sans Di-HEMA \uff06 sans TMHDC<\/strong><\/h1>\n<p>Ingr\u00e9dients am\u00e9lior\u00e9s : Sans HEMA \uff06 sans TPO \uff06 sans Di-HEMA \uff06 sans TMHDC, ce qui est conforme \u00e0 la norme de l'UE.<\/p>\n<p>Le design du flacon change la donne : Les couleurs affich\u00e9es sur le fond et les c\u00f4t\u00e9s du flacon correspondent \u00e0 la couleur du vernis \u00e0 ongles contenu dans le flacon.<\/p>\n<p>Capacit\u00e9 am\u00e9lior\u00e9e : la grande capacit\u00e9 de 17 ml convient \u00e0 une utilisation en diverses occasions et tout au long de l'ann\u00e9e.<\/p>\n<p>Longue dur\u00e9e : Le vernis gel CHROM\u00c9CLAIR peut durer plus de 20 jours.<\/p>\n<p>S\u00e9chage rapide : durcissement de 30 \u00e0 60 secondes sous lampes \u00e0 ongles UV ou LED.<\/p>\n<p>&nbsp;<\/p>\n<p>&nbsp;<\/p>\n<p>Instructions relatives \u00e0 la candidature :<\/p>\n<p>\u00c9tape 1. Nettoyer les ongles, puis couper la surface de l'ongle selon le processus normal de manucure.<\/p>\n<p>\u00c9tape 2. Secouez compl\u00e8tement le vernis en gel, cela permet d'\u00e9quilibrer la couleur du vernis en gel. (Important)<\/p>\n<p>\u00c9tape 3. Appliquer d'abord la couche de base, ce qui permet au vernis de durer plus longtemps. Durcir avec une lampe UV ou une lampe LED pendant environ 60 secondes. (N\u00e9cessaire)<\/p>\n<p>\u00c9tape 4. Appliquez une premi\u00e8re couche fine de gel color\u00e9 directement, durcissez avec une lampe LED ou une lampe UV pendant 60 secondes.<\/p>\n<p>\u00c9tape 5. Appliquez une deuxi\u00e8me couche fine de gel color\u00e9, puis durcissez imm\u00e9diatement avec une lampe UV ou une lampe LED pendant environ 60 secondes.<\/p>\n<p>\u00c9tape 6. Appliquer la couche de finition, durcie par une lampe UV ou une lampe LED.<\/p>\n<h1><strong><b>Contactez-nous d\u00e8s maintenant !<\/b><\/strong><\/h1>\n<h4><strong><b>Si vous avez besoin de Price, veuillez indiquer vos coordonn\u00e9es dans le formulaire ci-dessous. Nous vous contacterons g\u00e9n\u00e9ralement dans les 24 heures. Vous pouvez \u00e9galement m'envoyer un courriel <a href=\"mailto:sales@chromeclair.com\"><span style=\"color: #00ccff;\">sales@chromeclair.com<\/span><\/a>\u00a0pendant les heures de travail ( 8:30 am to 6:00 pm UTC+8 Mon.~Sat. ) ou utilisez le chat en direct du site web pour obtenir une r\u00e9ponse rapide.<\/b><\/strong><\/h4>","protected":false},"excerpt":{"rendered":"<p>Obtenez un gel de polissage sans HEMA \uff06 sans TPO \uff06 sans Di-HEMA \uff06 sans TMHDC Prix. MEHQ\uff1c10PPM \uff01<\/p>\n<p><a href=\"https:\/\/longchangchemical.com\/fr\/product-category\/photoinitiator\/\"><span style=\"color: #00ccff;\">CHLUMINIT\u00ae Photo-initiateur UV<\/span><\/a> + <a href=\"https:\/\/longchangchemical.com\/fr\/product-category\/functional-monomers\/\"><span style=\"color: #00ccff;\">Monom\u00e8res CHLUMICRYL\u00ae UV<\/span><\/a> + <a href=\"https:\/\/longchangchemical.com\/fr\/product-category\/uv-oligomer\/\"><span style=\"color: #00ccff;\">CHLUMICRYL\u00ae UV Oligom\u00e8re<\/span><\/a> + Couleur = Gel Polish UV<\/p>\n<p>Conditionnement : 17ml \/ flacon ; 1KG \/ flacon<\/p>\n<p>Obtenir le prix : <strong><b><a href=\"mailto:sales@chromeclair.com\"><span style=\"color: #00ccff;\">sales@chromeclair.com<\/span><\/a><\/b><\/strong><\/p>\n<p>MOQ : 1 bouteille KG \/ 7 bouteilles 17ml<\/p>","protected":false},"featured_media":8246,"comment_status":"closed","ping_status":"closed","template":"","meta":[],"product_brand":[],"product_cat":[187],"product_tag":[],"class_list":{"0":"post-8221","1":"product","2":"type-product","3":"status-publish","4":"has-post-thumbnail","6":"product_cat-chromeclair-gel-polish","8":"first","9":"instock","10":"shipping-taxable","11":"product-type-simple"},"yoast_head":"<!-- This site is optimized with the Yoast SEO plugin v25.3.1 - https:\/\/yoast.com\/wordpress\/plugins\/seo\/ -->\n<title>Wholesale CHROM\u00c9CLAIR\u00ae HEMA free \uff06 TPO free \uff06 Di-HEMA-Free \uff06 TMHDC-Free Gel Polish price Manufacturer - Longchang Chemical<\/title>\n<meta name=\"description\" content=\"CHROM\u00c9CLAIR\u00ae HEMA free \uff06 TPO free \uff06 Di-HEMA-Free \uff06 TMHDC-Free Gel Polish is a key product of Longchang Chemical. We provide the best price. We are the leading manufacturer in China with the best quality and competitive price.\" \/>\n<meta name=\"robots\" content=\"index, follow, max-snippet:-1, max-image-preview:large, max-video-preview:-1\" \/>\n<link rel=\"canonical\" href=\"https:\/\/longchangchemical.com\/fr\/product\/chromeclair-hema-free-gel-polish\/\" \/>\n<meta property=\"og:locale\" content=\"fr_FR\" \/>\n<meta property=\"og:type\" content=\"article\" \/>\n<meta property=\"og:title\" content=\"Wholesale CHROM\u00c9CLAIR\u00ae HEMA free \uff06 TPO free \uff06 Di-HEMA-Free \uff06 TMHDC-Free Gel Polish price Manufacturer - Longchang Chemical\" \/>\n<meta property=\"og:description\" content=\"CHROM\u00c9CLAIR\u00ae HEMA free \uff06 TPO free \uff06 Di-HEMA-Free \uff06 TMHDC-Free Gel Polish is a key product of Longchang Chemical. We provide the best price. We are the leading manufacturer in China with the best quality and competitive price.\" \/>\n<meta property=\"og:url\" content=\"https:\/\/longchangchemical.com\/fr\/product\/chromeclair-hema-free-gel-polish\/\" \/>\n<meta property=\"og:site_name\" content=\"Longchang Chemical\" \/>\n<meta property=\"article:modified_time\" content=\"2025-08-22T11:20:13+00:00\" \/>\n<meta property=\"og:image\" content=\"https:\/\/longchangchemical.com\/wp-content\/uploads\/2025\/06\/CHROMECLAIR-SR-CL-CE-Color.jpg\" \/>\n\t<meta property=\"og:image:width\" content=\"1670\" \/>\n\t<meta property=\"og:image:height\" content=\"1546\" \/>\n\t<meta property=\"og:image:type\" content=\"image\/jpeg\" \/>\n<meta name=\"twitter:card\" content=\"summary_large_image\" \/>\n<script type=\"application\/ld+json\" class=\"yoast-schema-graph\">{\"@context\":\"https:\/\/schema.org\",\"@graph\":[{\"@type\":\"WebPage\",\"@id\":\"https:\/\/longchangchemical.com\/product\/chromeclair-hema-free-gel-polish\/\",\"url\":\"https:\/\/longchangchemical.com\/product\/chromeclair-hema-free-gel-polish\/\",\"name\":\"Wholesale CHROM\u00c9CLAIR\u00ae HEMA free \uff06 TPO free \uff06 Di-HEMA-Free \uff06 TMHDC-Free Gel Polish price Manufacturer - Longchang Chemical\",\"isPartOf\":{\"@id\":\"https:\/\/longchangchemical.com\/#website\"},\"primaryImageOfPage\":{\"@id\":\"https:\/\/longchangchemical.com\/product\/chromeclair-hema-free-gel-polish\/#primaryimage\"},\"image\":{\"@id\":\"https:\/\/longchangchemical.com\/product\/chromeclair-hema-free-gel-polish\/#primaryimage\"},\"thumbnailUrl\":\"https:\/\/longchangchemical.com\/wp-content\/uploads\/2025\/06\/CHROMECLAIR-SR-CL-CE-Color.jpg\",\"datePublished\":\"2025-06-30T08:54:59+00:00\",\"dateModified\":\"2025-08-22T11:20:13+00:00\",\"description\":\"CHROM\u00c9CLAIR\u00ae HEMA free \uff06 TPO free \uff06 Di-HEMA-Free \uff06 TMHDC-Free Gel Polish is a key product of Longchang Chemical. We provide the best price. We are the leading manufacturer in China with the best quality and competitive price.\",\"breadcrumb\":{\"@id\":\"https:\/\/longchangchemical.com\/product\/chromeclair-hema-free-gel-polish\/#breadcrumb\"},\"inLanguage\":\"fr-FR\",\"potentialAction\":[{\"@type\":\"ReadAction\",\"target\":[\"https:\/\/longchangchemical.com\/product\/chromeclair-hema-free-gel-polish\/\"]}]},{\"@type\":\"ImageObject\",\"inLanguage\":\"fr-FR\",\"@id\":\"https:\/\/longchangchemical.com\/product\/chromeclair-hema-free-gel-polish\/#primaryimage\",\"url\":\"https:\/\/longchangchemical.com\/wp-content\/uploads\/2025\/06\/CHROMECLAIR-SR-CL-CE-Color.jpg\",\"contentUrl\":\"https:\/\/longchangchemical.com\/wp-content\/uploads\/2025\/06\/CHROMECLAIR-SR-CL-CE-Color.jpg\",\"width\":1670,\"height\":1546},{\"@type\":\"BreadcrumbList\",\"@id\":\"https:\/\/longchangchemical.com\/product\/chromeclair-hema-free-gel-polish\/#breadcrumb\",\"itemListElement\":[{\"@type\":\"ListItem\",\"position\":1,\"name\":\"Home\",\"item\":\"https:\/\/longchangchemical.com\/\"},{\"@type\":\"ListItem\",\"position\":2,\"name\":\"Products Longchang\",\"item\":\"https:\/\/longchangchemical.com\/product\/\"},{\"@type\":\"ListItem\",\"position\":3,\"name\":\"CHROM\u00c9CLAIR\u00ae HEMA free \uff06 TPO free \uff06 Di-HEMA-Free \uff06 TMHDC-Free Gel Polish\"}]},{\"@type\":\"WebSite\",\"@id\":\"https:\/\/longchangchemical.com\/#website\",\"url\":\"https:\/\/longchangchemical.com\/\",\"name\":\"Longchang Chemical\",\"description\":\"China chemical manufacturer \uff06 supplier\",\"publisher\":{\"@id\":\"https:\/\/longchangchemical.com\/#organization\"},\"potentialAction\":[{\"@type\":\"SearchAction\",\"target\":{\"@type\":\"EntryPoint\",\"urlTemplate\":\"https:\/\/longchangchemical.com\/?s={search_term_string}\"},\"query-input\":{\"@type\":\"PropertyValueSpecification\",\"valueRequired\":true,\"valueName\":\"search_term_string\"}}],\"inLanguage\":\"fr-FR\"},{\"@type\":\"Organization\",\"@id\":\"https:\/\/longchangchemical.com\/#organization\",\"name\":\"Longchang Chemical\",\"url\":\"https:\/\/longchangchemical.com\/\",\"logo\":{\"@type\":\"ImageObject\",\"inLanguage\":\"fr-FR\",\"@id\":\"https:\/\/longchangchemical.com\/#\/schema\/logo\/image\/\",\"url\":\"https:\/\/longchangchemical.com\/wp-content\/uploads\/2020\/08\/cropped-longchang-logo.png\",\"contentUrl\":\"https:\/\/longchangchemical.com\/wp-content\/uploads\/2020\/08\/cropped-longchang-logo.png\",\"width\":512,\"height\":512,\"caption\":\"Longchang Chemical\"},\"image\":{\"@id\":\"https:\/\/longchangchemical.com\/#\/schema\/logo\/image\/\"}}]}<\/script>\n<!-- \/ Yoast SEO plugin. -->","yoast_head_json":{"title":"Prix de gros CHROM\u00c9CLAIR\u00ae sans HEMA \uff06 sans TPO \uff06 sans Di-HEMA \uff06 sans TMHDC Gel Polish - Longchang Chemical","description":"CHROM\u00c9CLAIR\u00ae Gel Polish sans HEMA \uff06 sans TPO \uff06 sans Di-HEMA \uff06 sans TMHDC est un produit cl\u00e9 de Longchang Chemical. Nous fournissons le meilleur prix. Nous sommes le principal fabricant en Chine avec la meilleure qualit\u00e9 et le prix comp\u00e9titif.","robots":{"index":"index","follow":"follow","max-snippet":"max-snippet:-1","max-image-preview":"max-image-preview:large","max-video-preview":"max-video-preview:-1"},"canonical":"https:\/\/longchangchemical.com\/fr\/product\/chromeclair-hema-free-gel-polish\/","og_locale":"fr_FR","og_type":"article","og_title":"Wholesale CHROM\u00c9CLAIR\u00ae HEMA free \uff06 TPO free \uff06 Di-HEMA-Free \uff06 TMHDC-Free Gel Polish price Manufacturer - Longchang Chemical","og_description":"CHROM\u00c9CLAIR\u00ae HEMA free \uff06 TPO free \uff06 Di-HEMA-Free \uff06 TMHDC-Free Gel Polish is a key product of Longchang Chemical. We provide the best price. We are the leading manufacturer in China with the best quality and competitive price.","og_url":"https:\/\/longchangchemical.com\/fr\/product\/chromeclair-hema-free-gel-polish\/","og_site_name":"Longchang Chemical","article_modified_time":"2025-08-22T11:20:13+00:00","og_image":[{"width":1670,"height":1546,"url":"https:\/\/longchangchemical.com\/wp-content\/uploads\/2025\/06\/CHROMECLAIR-SR-CL-CE-Color.jpg","type":"image\/jpeg"}],"twitter_card":"summary_large_image","schema":{"@context":"https:\/\/schema.org","@graph":[{"@type":"WebPage","@id":"https:\/\/longchangchemical.com\/product\/chromeclair-hema-free-gel-polish\/","url":"https:\/\/longchangchemical.com\/product\/chromeclair-hema-free-gel-polish\/","name":"Prix de gros CHROM\u00c9CLAIR\u00ae sans HEMA \uff06 sans TPO \uff06 sans Di-HEMA \uff06 sans TMHDC Gel Polish - Longchang Chemical","isPartOf":{"@id":"https:\/\/longchangchemical.com\/#website"},"primaryImageOfPage":{"@id":"https:\/\/longchangchemical.com\/product\/chromeclair-hema-free-gel-polish\/#primaryimage"},"image":{"@id":"https:\/\/longchangchemical.com\/product\/chromeclair-hema-free-gel-polish\/#primaryimage"},"thumbnailUrl":"https:\/\/longchangchemical.com\/wp-content\/uploads\/2025\/06\/CHROMECLAIR-SR-CL-CE-Color.jpg","datePublished":"2025-06-30T08:54:59+00:00","dateModified":"2025-08-22T11:20:13+00:00","description":"CHROM\u00c9CLAIR\u00ae Gel Polish sans HEMA \uff06 sans TPO \uff06 sans Di-HEMA \uff06 sans TMHDC est un produit cl\u00e9 de Longchang Chemical. Nous fournissons le meilleur prix. Nous sommes le principal fabricant en Chine avec la meilleure qualit\u00e9 et le prix comp\u00e9titif.","breadcrumb":{"@id":"https:\/\/longchangchemical.com\/product\/chromeclair-hema-free-gel-polish\/#breadcrumb"},"inLanguage":"fr-FR","potentialAction":[{"@type":"ReadAction","target":["https:\/\/longchangchemical.com\/product\/chromeclair-hema-free-gel-polish\/"]}]},{"@type":"ImageObject","inLanguage":"fr-FR","@id":"https:\/\/longchangchemical.com\/product\/chromeclair-hema-free-gel-polish\/#primaryimage","url":"https:\/\/longchangchemical.com\/wp-content\/uploads\/2025\/06\/CHROMECLAIR-SR-CL-CE-Color.jpg","contentUrl":"https:\/\/longchangchemical.com\/wp-content\/uploads\/2025\/06\/CHROMECLAIR-SR-CL-CE-Color.jpg","width":1670,"height":1546},{"@type":"BreadcrumbList","@id":"https:\/\/longchangchemical.com\/product\/chromeclair-hema-free-gel-polish\/#breadcrumb","itemListElement":[{"@type":"ListItem","position":1,"name":"Home","item":"https:\/\/longchangchemical.com\/"},{"@type":"ListItem","position":2,"name":"Products Longchang","item":"https:\/\/longchangchemical.com\/product\/"},{"@type":"ListItem","position":3,"name":"CHROM\u00c9CLAIR\u00ae HEMA free \uff06 TPO free \uff06 Di-HEMA-Free \uff06 TMHDC-Free Gel Polish"}]},{"@type":"WebSite","@id":"https:\/\/longchangchemical.com\/#website","url":"https:\/\/longchangchemical.com\/","name":"Longchang Chemical","description":"Fabricant chinois de produits chimiques \uff06 fournisseur","publisher":{"@id":"https:\/\/longchangchemical.com\/#organization"},"potentialAction":[{"@type":"SearchAction","target":{"@type":"EntryPoint","urlTemplate":"https:\/\/longchangchemical.com\/?s={search_term_string}"},"query-input":{"@type":"PropertyValueSpecification","valueRequired":true,"valueName":"search_term_string"}}],"inLanguage":"fr-FR"},{"@type":"Organization","@id":"https:\/\/longchangchemical.com\/#organization","name":"Longchang Chemical","url":"https:\/\/longchangchemical.com\/","logo":{"@type":"ImageObject","inLanguage":"fr-FR","@id":"https:\/\/longchangchemical.com\/#\/schema\/logo\/image\/","url":"https:\/\/longchangchemical.com\/wp-content\/uploads\/2020\/08\/cropped-longchang-logo.png","contentUrl":"https:\/\/longchangchemical.com\/wp-content\/uploads\/2020\/08\/cropped-longchang-logo.png","width":512,"height":512,"caption":"Longchang Chemical"},"image":{"@id":"https:\/\/longchangchemical.com\/#\/schema\/logo\/image\/"}}]}},"_links":{"self":[{"href":"https:\/\/longchangchemical.com\/fr\/wp-json\/wp\/v2\/product\/8221","targetHints":{"allow":["GET"]}}],"collection":[{"href":"https:\/\/longchangchemical.com\/fr\/wp-json\/wp\/v2\/product"}],"about":[{"href":"https:\/\/longchangchemical.com\/fr\/wp-json\/wp\/v2\/types\/product"}],"replies":[{"embeddable":true,"href":"https:\/\/longchangchemical.com\/fr\/wp-json\/wp\/v2\/comments?post=8221"}],"wp:featuredmedia":[{"embeddable":true,"href":"https:\/\/longchangchemical.com\/fr\/wp-json\/wp\/v2\/media\/8246"}],"wp:attachment":[{"href":"https:\/\/longchangchemical.com\/fr\/wp-json\/wp\/v2\/media?parent=8221"}],"wp:term":[{"taxonomy":"product_brand","embeddable":true,"href":"https:\/\/longchangchemical.com\/fr\/wp-json\/wp\/v2\/product_brand?post=8221"},{"taxonomy":"product_cat","embeddable":true,"href":"https:\/\/longchangchemical.com\/fr\/wp-json\/wp\/v2\/product_cat?post=8221"},{"taxonomy":"product_tag","embeddable":true,"href":"https:\/\/longchangchemical.com\/fr\/wp-json\/wp\/v2\/product_tag?post=8221"}],"curies":[{"name":"wp","href":"https:\/\/api.w.org\/{rel}","templated":true}]}}