{"id":7570,"date":"2024-11-11T06:01:21","date_gmt":"2024-11-11T06:01:21","guid":{"rendered":"https:\/\/longchangchemical.com\/?post_type=product&#038;p=7570"},"modified":"2025-04-01T05:39:51","modified_gmt":"2025-04-01T05:39:51","slug":"photoinitiator-6976","status":"publish","type":"product","link":"https:\/\/longchangchemical.com\/fr\/product\/photoinitiator-6976\/","title":{"rendered":"CHLUMINIT\u00ae 6976 \/ Photoinitiateur 6976 CAS 71449-78-0 89452-37-9 108-32-7"},"content":{"rendered":"<h1>Photoinitiateur 6976<\/h1>\n<p><strong>Synonyme<\/strong><strong>:<\/strong>Photoinitiateur cationique UV 6993;UVI-6993;UVI-6976 ; Sels de triarylsulfonium hexafluoro antimoniate de type mixte<\/p>\n<p><strong>CAS NO :<\/strong>71449-78-0 &amp; 89452-37-9 &amp; 108-32-7<\/p>\n<p><strong><b>Standard\uff1a<\/b><\/strong><\/p>\n<table>\n<tbody>\n<tr>\n<td width=\"147\">Apparence<\/td>\n<td width=\"705\">Liquide jaune<\/td>\n<\/tr>\n<tr>\n<td width=\"147\">Contenu actif<\/td>\n<td width=\"705\">50% min<\/td>\n<\/tr>\n<tr>\n<td width=\"147\">Couleur Gardner<\/td>\n<td width=\"705\">4 max<\/td>\n<\/tr>\n<tr>\n<td width=\"147\">L'eau<\/td>\n<td width=\"705\">1,0% max<\/td>\n<\/tr>\n<tr>\n<td width=\"147\">\u0395\u00a6 \u00e0 \u03bb 291 nm<\/td>\n<td width=\"705\">101 (Solvant : ac\u00e9tonitrile)<\/td>\n<\/tr>\n<tr>\n<td width=\"147\">\u0395\u00a6 \u00e0 \u03bb 279 nm<\/td>\n<td width=\"705\">96 (solvant : ac\u00e9tonitrile)<\/td>\n<\/tr>\n<\/tbody>\n<\/table>\n<p>&nbsp;<\/p>\n<p><strong>Applications<\/strong><strong><b>:<\/b><\/strong><\/p>\n<p>1\u3001Des rev\u00eatements clairs et des films plus \u00e9pais.<\/p>\n<p>2\u3001Utilis\u00e9 pour durcir les r\u00e9sines \u00e9poxy cycloaliphatiques telles que Sinepoxy CER-421 et Sinepoxy CER-4299, les \u00e9thers vinyliques et d'autres mat\u00e9riaux \u00e0 durcissement cationique.<\/p>\n<p>3\u3001Une formulation de d\u00e9part contiendrait 1,5 - 3,0 % w\/w de 6993 dans un rev\u00eatement transparent.<\/p>\n<p><strong><b>P<\/b><\/strong><strong><b>Emballage et exp\u00e9dition<\/b><\/strong><strong><b>:<\/b><\/strong><\/p>\n<p>Emballage : 25kgs \u00e0 200kgs\/tambour.<\/p>\n<p>Livraison : dans un d\u00e9lai de 5 \u00e0 7 jours ouvrables.<\/p>\n<p><strong><b>Stockage :<\/b><\/strong><\/p>\n<p>Stock\u00e9 dans un endroit frais et sec, \u00e0 l'abri de la lumi\u00e8re directe du soleil.<\/p>\n<h2><strong><b>Contactez-nous d\u00e8s maintenant !<\/b><\/strong><\/h2>\n<h4><strong><b>Si vous avez besoin de Price, veuillez indiquer vos coordonn\u00e9es dans le formulaire ci-dessous. Nous vous contacterons g\u00e9n\u00e9ralement dans les 24 heures. Vous pouvez \u00e9galement m'envoyer un courriel <span style=\"color: #00ccff;\"><a style=\"color: #00ccff;\" href=\"mailto:info@longchangchemical.com\">info@longchangchemical.com<\/a><\/span>\u00a0pendant les heures de travail ( 8:30 am to 6:00 pm UTC+8 Mon.~Sat. ) ou utilisez le chat en direct du site web pour obtenir une r\u00e9ponse rapide.<\/b><\/strong><\/h4>\n<p>&nbsp;<\/p>\n<table style=\"border-collapse: collapse; width: 435.77pt;\" border=\"0\" width=\"581\" cellspacing=\"0\" cellpadding=\"0\">\n<tbody>\n<tr style=\"height: 13.50pt;\">\n<td style=\"height: 13.50pt; width: 215.25pt;\" width=\"287\" height=\"18\"><a href=\"https:\/\/longchangchemical.com\/fr\/product\/photoinitiator-tpo-cas-75980-60-8\/\"><span style=\"color: #00ccff;\">Photoinitiateur TPO<\/span><\/a><\/td>\n<td style=\"width: 220.50pt;\" width=\"294\">CAS 75980-60-8<\/td>\n<\/tr>\n<tr style=\"height: 13.50pt;\">\n<td style=\"height: 13.50pt;\" height=\"18\"><a href=\"https:\/\/longchangchemical.com\/fr\/product\/cas-270586-78-2\/\"><span style=\"color: #00ccff;\">Photoinitiateur TMO<\/span><\/a><\/td>\n<td>CAS 270586-78-2<\/td>\n<\/tr>\n<tr style=\"height: 13.50pt;\">\n<td style=\"height: 13.50pt;\" height=\"18\"><a href=\"https:\/\/longchangchemical.com\/fr\/product\/photoinitiator-pd-01-cas-579-07-7\/\"><span style=\"color: #00ccff;\">Photoinitiateur PD-01<\/span><\/a><\/td>\n<td>CAS 579-07-7<\/td>\n<\/tr>\n<tr style=\"height: 13.50pt;\">\n<td style=\"height: 13.50pt;\" height=\"18\"><a href=\"https:\/\/longchangchemical.com\/fr\/product\/photoinitiator-pbz-cas-2128-93-0\/\"><span style=\"color: #00ccff;\">Photoinitiateur PBZ<\/span><\/a><\/td>\n<td>CAS 2128-93-0<\/td>\n<\/tr>\n<tr style=\"height: 13.50pt;\">\n<td style=\"height: 13.50pt;\" height=\"18\"><a href=\"https:\/\/longchangchemical.com\/fr\/product\/photoinitiator-oxe-02-cas-478556-66-0\/\"><span style=\"color: #00ccff;\">Photoinitiateur OXE-02<\/span><\/a><\/td>\n<td>CAS 478556-66-0<\/td>\n<\/tr>\n<tr style=\"height: 13.50pt;\">\n<td style=\"height: 13.50pt;\" height=\"18\"><a href=\"https:\/\/longchangchemical.com\/fr\/product\/photoinitiator-ombb\/\"><span style=\"color: #00ccff;\">Photoinitiateur OMBB<\/span><\/a><\/td>\n<td>CAS 606-28-0<\/td>\n<\/tr>\n<tr style=\"height: 13.50pt;\">\n<td style=\"height: 13.50pt;\" height=\"18\"><a href=\"https:\/\/longchangchemical.com\/fr\/product\/photoinitiator-mpbz-6012\/\"><span style=\"color: #00ccff;\">Photoinitiateur MPBZ (6012)<\/span><\/a><\/td>\n<td>CAS 86428-83-3<\/td>\n<\/tr>\n<tr style=\"height: 13.50pt;\">\n<td style=\"height: 13.50pt;\" height=\"18\"><a href=\"https:\/\/longchangchemical.com\/fr\/product\/photoinitiator-mbp-cas-134-84-9\/\"><span style=\"color: #00ccff;\">Photoinitiateur MBP<\/span><\/a><\/td>\n<td>CAS 134-84-9<\/td>\n<\/tr>\n<tr style=\"height: 13.50pt;\">\n<td style=\"height: 13.50pt;\" height=\"18\"><a href=\"https:\/\/longchangchemical.com\/fr\/product\/photoinitiator-mbf-cas-15206-55-0\/\"><span style=\"color: #00ccff;\">Photoinitiateur MBF<\/span><\/a><\/td>\n<td>CAS 15206-55-0<\/td>\n<\/tr>\n<tr style=\"height: 13.50pt;\">\n<td style=\"height: 13.50pt;\" height=\"18\"><a href=\"https:\/\/longchangchemical.com\/fr\/product\/photoinitiator-lap-cas-85073-19-4\/\"><span style=\"color: #00ccff;\">Photoinitiateur LAP<\/span><\/a><\/td>\n<td>CAS 85073-19-4<\/td>\n<\/tr>\n<tr style=\"height: 13.50pt;\">\n<td style=\"height: 13.50pt;\" height=\"18\"><a href=\"https:\/\/longchangchemical.com\/fr\/product\/photoinitiator-itx-cas-5495-84-1\/\"><span style=\"color: #00ccff;\">Photoinitiateur ITX<\/span><\/a><\/td>\n<td>CAS 5495-84-1<\/td>\n<\/tr>\n<tr style=\"height: 13.50pt;\">\n<td style=\"height: 13.50pt;\" height=\"18\"><a href=\"https:\/\/longchangchemical.com\/fr\/product\/photoinitiator-emk\/\"><span style=\"color: #00ccff;\">Photoinitiateur EMK<\/span><\/a><\/td>\n<td>CAS 90-93-7<\/td>\n<\/tr>\n<tr style=\"height: 13.50pt;\">\n<td style=\"height: 13.50pt;\" height=\"18\"><a href=\"https:\/\/longchangchemical.com\/fr\/product\/photoinitiator-eha-cas-21245-02-3\/\"><span style=\"color: #00ccff;\">Photoinitiateur EHA<\/span><\/a><\/td>\n<td>CAS 21245-02-3<\/td>\n<\/tr>\n<tr style=\"height: 13.50pt;\">\n<td style=\"height: 13.50pt;\" height=\"18\"><a href=\"https:\/\/longchangchemical.com\/fr\/product\/photoinitiator-edb-cas-10287-53-3\/\"><span style=\"color: #00ccff;\">Photo-initiateur EDB<\/span><\/a><\/td>\n<td>CAS 10287-53-3<\/td>\n<\/tr>\n<tr style=\"height: 13.50pt;\">\n<td style=\"height: 13.50pt;\" height=\"18\"><a href=\"https:\/\/longchangchemical.com\/fr\/product\/photoinitiator-detx-cas-82799-44-8\/\"><span style=\"color: #00ccff;\">Photoinitiateur DETX<\/span><\/a><\/td>\n<td>CAS 82799-44-8<\/td>\n<\/tr>\n<tr style=\"height: 13.50pt;\">\n<td style=\"height: 13.50pt;\" height=\"18\"><a href=\"https:\/\/longchangchemical.com\/fr\/product\/photoinitiator-cq\/\"><span style=\"color: #00ccff;\">Photoinitiateur CQ \/ Camphorquinone<\/span><\/a><\/td>\n<td>CAS 10373-78-1<\/td>\n<\/tr>\n<tr style=\"height: 13.50pt;\">\n<td style=\"height: 13.50pt;\" height=\"18\"><a href=\"https:\/\/longchangchemical.com\/fr\/product\/photoinitiator-cbp-cas-134-85-0\/\"><span style=\"color: #00ccff;\">Photoinitiateur CBP<\/span><\/a><\/td>\n<td>CAS 134-85-0<\/td>\n<\/tr>\n<tr style=\"height: 13.50pt;\">\n<td style=\"height: 13.50pt;\" height=\"18\"><a href=\"https:\/\/longchangchemical.com\/fr\/product\/photoinitiator-bp-cas-119-61-9\/\"><span style=\"color: #00ccff;\">Photo-initiateur BP \/ Benzoph\u00e9none<\/span><\/a><\/td>\n<td>CAS 119-61-9<\/td>\n<\/tr>\n<tr style=\"height: 13.50pt;\">\n<td style=\"height: 13.50pt;\" height=\"18\"><a href=\"https:\/\/longchangchemical.com\/fr\/product\/photoinitiator-bms\/\"><span style=\"color: #00ccff;\">Photoinitiateur BMS<\/span><\/a><\/td>\n<td>CAS 83846-85-9<\/td>\n<\/tr>\n<tr style=\"height: 13.50pt;\">\n<td style=\"height: 13.50pt;\" height=\"18\"><a href=\"https:\/\/longchangchemical.com\/fr\/product\/photoinitiator-938\/\"><span style=\"color: #00ccff;\">Photoinitiateur 938<\/span><\/a><\/td>\n<td>CAS 61358-25-6<\/td>\n<\/tr>\n<tr style=\"height: 13.50pt;\">\n<td style=\"height: 13.50pt;\" height=\"18\"><a href=\"https:\/\/longchangchemical.com\/fr\/product\/photoinitiator-937-cas-71786-70-4\/\"><span style=\"color: #00ccff;\">Photoinitiateur 937<\/span><\/a><\/td>\n<td>CAS 71786-70-4<\/td>\n<\/tr>\n<tr style=\"height: 13.50pt;\">\n<td style=\"height: 13.50pt;\" height=\"18\"><a href=\"https:\/\/longchangchemical.com\/fr\/product\/photoinitiator-819-dw\/\"><span style=\"color: #00ccff;\">Photo-initiateur 819 DW<\/span><\/a><\/td>\n<td>CAS 162881-26-7<\/td>\n<\/tr>\n<tr style=\"height: 13.50pt;\">\n<td style=\"height: 13.50pt;\" height=\"18\"><a href=\"https:\/\/longchangchemical.com\/fr\/product\/photoinitiator-819-irgacure-819-cas-162881-26-7\/\"><span style=\"color: #00ccff;\">Photoinitiateur 819<\/span><\/a><\/td>\n<td>CAS 162881-26-7<\/td>\n<\/tr>\n<tr style=\"height: 13.50pt;\">\n<td style=\"height: 13.50pt;\" height=\"18\"><a href=\"https:\/\/longchangchemical.com\/fr\/product\/photoinitiator-784-cas-125051-32-3\/\"><span style=\"color: #00ccff;\">Photoinitiateur 784<\/span><\/a><\/td>\n<td>CAS 125051-32-3<\/td>\n<\/tr>\n<tr style=\"height: 13.50pt;\">\n<td style=\"height: 13.50pt;\" height=\"18\"><a href=\"https:\/\/longchangchemical.com\/fr\/product\/photoinitiator-754-cas-211510-16-6-442536-99-4\/\"><span style=\"color: #00ccff;\">Photoinitiateur 754<\/span><\/a><\/td>\n<td>CAS 211510-16-6 442536-99-4<\/td>\n<\/tr>\n<tr style=\"height: 13.50pt;\">\n<td style=\"height: 13.50pt;\" height=\"18\"><a href=\"https:\/\/longchangchemical.com\/fr\/product\/photoinitiator-6993-cas-71449-78-0\/\"><span style=\"color: #00ccff;\">Photoinitiateur 6993<\/span><\/a><\/td>\n<td>CAS 71449-78-0<\/td>\n<\/tr>\n<tr style=\"height: 13.50pt;\">\n<td style=\"height: 13.50pt;\" height=\"18\"><a href=\"https:\/\/longchangchemical.com\/fr\/product\/photoinitiator-6976\/\"><span style=\"color: #00ccff;\">Photoinitiateur 6976<\/span><\/a><\/td>\n<td>CAS 71449-78-0 89452-37-9 108-32-7<\/td>\n<\/tr>\n<tr style=\"height: 13.50pt;\">\n<td style=\"height: 13.50pt;\" height=\"18\"><a href=\"https:\/\/longchangchemical.com\/fr\/product\/photoinitiator-379-cas-119344-86-4\/\"><span style=\"color: #00ccff;\">Photoinitiateur 379<\/span><\/a><\/td>\n<td>CAS 119344-86-4<\/td>\n<\/tr>\n<tr style=\"height: 13.50pt;\">\n<td style=\"height: 13.50pt;\" height=\"18\"><a href=\"https:\/\/longchangchemical.com\/fr\/product\/photoinitiator-369-cas-119313-12-1\/\"><span style=\"color: #00ccff;\">Photoinitiateur 369<\/span><\/a><\/td>\n<td>CAS 119313-12-1<\/td>\n<\/tr>\n<tr style=\"height: 13.50pt;\">\n<td style=\"height: 13.50pt;\" height=\"18\"><span style=\"color: #00ccff;\"><a style=\"color: #00ccff;\" href=\"https:\/\/longchangchemical.com\/fr\/product\/photoinitiator-160\/\">Photoinitiateur 160<\/a><\/span><\/td>\n<td>CAS 71868-15-0<\/td>\n<\/tr>\n<tr style=\"height: 13.50pt;\">\n<td style=\"height: 13.50pt;\" height=\"18\"><a href=\"https:\/\/longchangchemical.com\/fr\/product\/photoinitiator-1206\/\"><span style=\"color: #00ccff;\">Photoinitiateur 1206<\/span><\/a><\/td>\n<td><\/td>\n<\/tr>\n<tr style=\"height: 13.50pt;\">\n<td style=\"height: 13.50pt;\" height=\"18\"><a href=\"https:\/\/longchangchemical.com\/fr\/product\/irgacure-1173-cas-7473-98-5\/\"><span style=\"color: #00ccff;\">Photoinitiateur 1173<\/span><\/a><\/td>\n<td>CAS 7473-98-5<\/td>\n<\/tr>\n<\/tbody>\n<\/table>\n<p>&nbsp;<\/p>","protected":false},"excerpt":{"rendered":"<p><strong> Photoinitiateur 6976<\/strong>\u00a0est un photo-initiateur cationique, qui est un m\u00e9lange de sels d'hexafluoroantimoniate de triarylsulfonium dans du carbonate de propyl\u00e8ne.<\/p>","protected":false},"featured_media":8078,"comment_status":"open","ping_status":"closed","template":"","meta":[],"product_brand":[],"product_cat":[175,174],"product_tag":[],"class_list":{"0":"post-7570","1":"product","2":"type-product","3":"status-publish","4":"has-post-thumbnail","6":"product_cat-cationic-photoinitiator","7":"product_cat-photoinitiator","9":"first","10":"instock","11":"shipping-taxable","12":"product-type-simple"},"yoast_head":"<!-- This site is optimized with the Yoast SEO plugin v25.3.1 - https:\/\/yoast.com\/wordpress\/plugins\/seo\/ -->\n<title>Cationic Photoinitiator- 6976 Mixed type triarylsulfonium hexafluoro antimonate salts manufacturer -Longchang Chemical<\/title>\n<meta name=\"description\" content=\"6976 ( CAS NO 71449-78-0 &amp; 89452-37-9 &amp; 108-32-7 )is cationic photoinitiator,aka UV Cationic Photoinitiator 6993;UVI-6993;UVI-6976,designed for the cationic curing of optical films, inks, photo resists and coatings,Longchang Chemical is a professional manufacturer and supplier of photoinitiator in China.\" \/>\n<meta name=\"robots\" content=\"index, follow, max-snippet:-1, max-image-preview:large, max-video-preview:-1\" \/>\n<link rel=\"canonical\" href=\"https:\/\/longchangchemical.com\/fr\/product\/photoinitiator-6976\/\" \/>\n<meta property=\"og:locale\" content=\"fr_FR\" \/>\n<meta property=\"og:type\" content=\"article\" \/>\n<meta property=\"og:title\" content=\"Cationic Photoinitiator- 6976 Mixed type triarylsulfonium hexafluoro antimonate salts manufacturer -Longchang Chemical\" \/>\n<meta property=\"og:description\" content=\"6976 ( CAS NO 71449-78-0 &amp; 89452-37-9 &amp; 108-32-7 )is cationic photoinitiator,aka UV Cationic Photoinitiator 6993;UVI-6993;UVI-6976,designed for the cationic curing of optical films, inks, photo resists and coatings,Longchang Chemical is a professional manufacturer and supplier of photoinitiator in China.\" \/>\n<meta property=\"og:url\" content=\"https:\/\/longchangchemical.com\/fr\/product\/photoinitiator-6976\/\" \/>\n<meta property=\"og:site_name\" content=\"Longchang Chemical\" \/>\n<meta property=\"article:modified_time\" content=\"2025-04-01T05:39:51+00:00\" \/>\n<meta property=\"og:image\" content=\"https:\/\/longchangchemical.com\/wp-content\/uploads\/2024\/11\/71449-78-0-1.jpg\" \/>\n\t<meta property=\"og:image:width\" content=\"600\" \/>\n\t<meta property=\"og:image:height\" content=\"600\" \/>\n\t<meta property=\"og:image:type\" content=\"image\/jpeg\" \/>\n<meta name=\"twitter:card\" content=\"summary_large_image\" \/>\n<script type=\"application\/ld+json\" class=\"yoast-schema-graph\">{\"@context\":\"https:\/\/schema.org\",\"@graph\":[{\"@type\":\"WebPage\",\"@id\":\"https:\/\/longchangchemical.com\/product\/photoinitiator-6976\/\",\"url\":\"https:\/\/longchangchemical.com\/product\/photoinitiator-6976\/\",\"name\":\"Cationic Photoinitiator- 6976 Mixed type triarylsulfonium hexafluoro antimonate salts manufacturer -Longchang Chemical\",\"isPartOf\":{\"@id\":\"https:\/\/longchangchemical.com\/#website\"},\"primaryImageOfPage\":{\"@id\":\"https:\/\/longchangchemical.com\/product\/photoinitiator-6976\/#primaryimage\"},\"image\":{\"@id\":\"https:\/\/longchangchemical.com\/product\/photoinitiator-6976\/#primaryimage\"},\"thumbnailUrl\":\"https:\/\/longchangchemical.com\/wp-content\/uploads\/2024\/11\/71449-78-0-1.jpg\",\"datePublished\":\"2024-11-11T06:01:21+00:00\",\"dateModified\":\"2025-04-01T05:39:51+00:00\",\"description\":\"6976 ( CAS NO 71449-78-0 & 89452-37-9 & 108-32-7 )is cationic photoinitiator,aka UV Cationic Photoinitiator 6993;UVI-6993;UVI-6976,designed for the cationic curing of optical films, inks, photo resists and coatings,Longchang Chemical is a professional manufacturer and supplier of photoinitiator in China.\",\"breadcrumb\":{\"@id\":\"https:\/\/longchangchemical.com\/product\/photoinitiator-6976\/#breadcrumb\"},\"inLanguage\":\"fr-FR\",\"potentialAction\":[{\"@type\":\"ReadAction\",\"target\":[\"https:\/\/longchangchemical.com\/product\/photoinitiator-6976\/\"]}]},{\"@type\":\"ImageObject\",\"inLanguage\":\"fr-FR\",\"@id\":\"https:\/\/longchangchemical.com\/product\/photoinitiator-6976\/#primaryimage\",\"url\":\"https:\/\/longchangchemical.com\/wp-content\/uploads\/2024\/11\/71449-78-0-1.jpg\",\"contentUrl\":\"https:\/\/longchangchemical.com\/wp-content\/uploads\/2024\/11\/71449-78-0-1.jpg\",\"width\":600,\"height\":600},{\"@type\":\"BreadcrumbList\",\"@id\":\"https:\/\/longchangchemical.com\/product\/photoinitiator-6976\/#breadcrumb\",\"itemListElement\":[{\"@type\":\"ListItem\",\"position\":1,\"name\":\"Home\",\"item\":\"https:\/\/longchangchemical.com\/\"},{\"@type\":\"ListItem\",\"position\":2,\"name\":\"Products Longchang\",\"item\":\"https:\/\/longchangchemical.com\/product\/\"},{\"@type\":\"ListItem\",\"position\":3,\"name\":\"CHLUMINIT\u00ae 6976 \/ Photoinitiator 6976 CAS 71449-78-0 89452-37-9 108-32-7\"}]},{\"@type\":\"WebSite\",\"@id\":\"https:\/\/longchangchemical.com\/#website\",\"url\":\"https:\/\/longchangchemical.com\/\",\"name\":\"Longchang Chemical\",\"description\":\"China chemical manufacturer \uff06 supplier\",\"publisher\":{\"@id\":\"https:\/\/longchangchemical.com\/#organization\"},\"potentialAction\":[{\"@type\":\"SearchAction\",\"target\":{\"@type\":\"EntryPoint\",\"urlTemplate\":\"https:\/\/longchangchemical.com\/?s={search_term_string}\"},\"query-input\":{\"@type\":\"PropertyValueSpecification\",\"valueRequired\":true,\"valueName\":\"search_term_string\"}}],\"inLanguage\":\"fr-FR\"},{\"@type\":\"Organization\",\"@id\":\"https:\/\/longchangchemical.com\/#organization\",\"name\":\"Longchang Chemical\",\"url\":\"https:\/\/longchangchemical.com\/\",\"logo\":{\"@type\":\"ImageObject\",\"inLanguage\":\"fr-FR\",\"@id\":\"https:\/\/longchangchemical.com\/#\/schema\/logo\/image\/\",\"url\":\"https:\/\/longchangchemical.com\/wp-content\/uploads\/2020\/08\/cropped-longchang-logo.png\",\"contentUrl\":\"https:\/\/longchangchemical.com\/wp-content\/uploads\/2020\/08\/cropped-longchang-logo.png\",\"width\":512,\"height\":512,\"caption\":\"Longchang Chemical\"},\"image\":{\"@id\":\"https:\/\/longchangchemical.com\/#\/schema\/logo\/image\/\"}}]}<\/script>\n<!-- \/ Yoast SEO plugin. -->","yoast_head_json":{"title":"Photoinitiateur cationique - 6976 Sels de triarylsulfonium hexafluoro antimoniate de type mixte -Longchang Chemical","description":"6976 ( CAS NO 71449-78-0 &amp; 89452-37-9 &amp; 108-32-7 )est un photo-initiateur cationique,aka UV Cationic Photoinitiator 6993;UVI-6993;UVI-6976,con\u00e7u pour le durcissement cationique des films optiques, des encres, des photor\u00e9sistants et des rev\u00eatements,Longchang Chemical est un fabricant et fournisseur professionnel de photo-initiateur en Chine.","robots":{"index":"index","follow":"follow","max-snippet":"max-snippet:-1","max-image-preview":"max-image-preview:large","max-video-preview":"max-video-preview:-1"},"canonical":"https:\/\/longchangchemical.com\/fr\/product\/photoinitiator-6976\/","og_locale":"fr_FR","og_type":"article","og_title":"Cationic Photoinitiator- 6976 Mixed type triarylsulfonium hexafluoro antimonate salts manufacturer -Longchang Chemical","og_description":"6976 ( CAS NO 71449-78-0 & 89452-37-9 & 108-32-7 )is cationic photoinitiator,aka UV Cationic Photoinitiator 6993;UVI-6993;UVI-6976,designed for the cationic curing of optical films, inks, photo resists and coatings,Longchang Chemical is a professional manufacturer and supplier of photoinitiator in China.","og_url":"https:\/\/longchangchemical.com\/fr\/product\/photoinitiator-6976\/","og_site_name":"Longchang Chemical","article_modified_time":"2025-04-01T05:39:51+00:00","og_image":[{"width":600,"height":600,"url":"https:\/\/longchangchemical.com\/wp-content\/uploads\/2024\/11\/71449-78-0-1.jpg","type":"image\/jpeg"}],"twitter_card":"summary_large_image","schema":{"@context":"https:\/\/schema.org","@graph":[{"@type":"WebPage","@id":"https:\/\/longchangchemical.com\/product\/photoinitiator-6976\/","url":"https:\/\/longchangchemical.com\/product\/photoinitiator-6976\/","name":"Photoinitiateur cationique - 6976 Sels de triarylsulfonium hexafluoro antimoniate de type mixte -Longchang Chemical","isPartOf":{"@id":"https:\/\/longchangchemical.com\/#website"},"primaryImageOfPage":{"@id":"https:\/\/longchangchemical.com\/product\/photoinitiator-6976\/#primaryimage"},"image":{"@id":"https:\/\/longchangchemical.com\/product\/photoinitiator-6976\/#primaryimage"},"thumbnailUrl":"https:\/\/longchangchemical.com\/wp-content\/uploads\/2024\/11\/71449-78-0-1.jpg","datePublished":"2024-11-11T06:01:21+00:00","dateModified":"2025-04-01T05:39:51+00:00","description":"6976 ( CAS NO 71449-78-0 &amp; 89452-37-9 &amp; 108-32-7 )est un photo-initiateur cationique,aka UV Cationic Photoinitiator 6993;UVI-6993;UVI-6976,con\u00e7u pour le durcissement cationique des films optiques, des encres, des photor\u00e9sistants et des rev\u00eatements,Longchang Chemical est un fabricant et fournisseur professionnel de photo-initiateur en Chine.","breadcrumb":{"@id":"https:\/\/longchangchemical.com\/product\/photoinitiator-6976\/#breadcrumb"},"inLanguage":"fr-FR","potentialAction":[{"@type":"ReadAction","target":["https:\/\/longchangchemical.com\/product\/photoinitiator-6976\/"]}]},{"@type":"ImageObject","inLanguage":"fr-FR","@id":"https:\/\/longchangchemical.com\/product\/photoinitiator-6976\/#primaryimage","url":"https:\/\/longchangchemical.com\/wp-content\/uploads\/2024\/11\/71449-78-0-1.jpg","contentUrl":"https:\/\/longchangchemical.com\/wp-content\/uploads\/2024\/11\/71449-78-0-1.jpg","width":600,"height":600},{"@type":"BreadcrumbList","@id":"https:\/\/longchangchemical.com\/product\/photoinitiator-6976\/#breadcrumb","itemListElement":[{"@type":"ListItem","position":1,"name":"Home","item":"https:\/\/longchangchemical.com\/"},{"@type":"ListItem","position":2,"name":"Products Longchang","item":"https:\/\/longchangchemical.com\/product\/"},{"@type":"ListItem","position":3,"name":"CHLUMINIT\u00ae 6976 \/ Photoinitiator 6976 CAS 71449-78-0 89452-37-9 108-32-7"}]},{"@type":"WebSite","@id":"https:\/\/longchangchemical.com\/#website","url":"https:\/\/longchangchemical.com\/","name":"Longchang Chemical","description":"Fabricant chinois de produits chimiques \uff06 fournisseur","publisher":{"@id":"https:\/\/longchangchemical.com\/#organization"},"potentialAction":[{"@type":"SearchAction","target":{"@type":"EntryPoint","urlTemplate":"https:\/\/longchangchemical.com\/?s={search_term_string}"},"query-input":{"@type":"PropertyValueSpecification","valueRequired":true,"valueName":"search_term_string"}}],"inLanguage":"fr-FR"},{"@type":"Organization","@id":"https:\/\/longchangchemical.com\/#organization","name":"Longchang Chemical","url":"https:\/\/longchangchemical.com\/","logo":{"@type":"ImageObject","inLanguage":"fr-FR","@id":"https:\/\/longchangchemical.com\/#\/schema\/logo\/image\/","url":"https:\/\/longchangchemical.com\/wp-content\/uploads\/2020\/08\/cropped-longchang-logo.png","contentUrl":"https:\/\/longchangchemical.com\/wp-content\/uploads\/2020\/08\/cropped-longchang-logo.png","width":512,"height":512,"caption":"Longchang Chemical"},"image":{"@id":"https:\/\/longchangchemical.com\/#\/schema\/logo\/image\/"}}]}},"_links":{"self":[{"href":"https:\/\/longchangchemical.com\/fr\/wp-json\/wp\/v2\/product\/7570","targetHints":{"allow":["GET"]}}],"collection":[{"href":"https:\/\/longchangchemical.com\/fr\/wp-json\/wp\/v2\/product"}],"about":[{"href":"https:\/\/longchangchemical.com\/fr\/wp-json\/wp\/v2\/types\/product"}],"replies":[{"embeddable":true,"href":"https:\/\/longchangchemical.com\/fr\/wp-json\/wp\/v2\/comments?post=7570"}],"wp:featuredmedia":[{"embeddable":true,"href":"https:\/\/longchangchemical.com\/fr\/wp-json\/wp\/v2\/media\/8078"}],"wp:attachment":[{"href":"https:\/\/longchangchemical.com\/fr\/wp-json\/wp\/v2\/media?parent=7570"}],"wp:term":[{"taxonomy":"product_brand","embeddable":true,"href":"https:\/\/longchangchemical.com\/fr\/wp-json\/wp\/v2\/product_brand?post=7570"},{"taxonomy":"product_cat","embeddable":true,"href":"https:\/\/longchangchemical.com\/fr\/wp-json\/wp\/v2\/product_cat?post=7570"},{"taxonomy":"product_tag","embeddable":true,"href":"https:\/\/longchangchemical.com\/fr\/wp-json\/wp\/v2\/product_tag?post=7570"}],"curies":[{"name":"wp","href":"https:\/\/api.w.org\/{rel}","templated":true}]}}