{"id":7560,"date":"2024-11-11T06:01:20","date_gmt":"2024-11-11T06:01:20","guid":{"rendered":"https:\/\/longchangchemical.com\/?post_type=product&#038;p=7560"},"modified":"2025-12-16T03:17:03","modified_gmt":"2025-12-16T03:17:03","slug":"photoinitiator-ombb","status":"publish","type":"product","link":"https:\/\/longchangchemical.com\/fr\/product\/photoinitiator-ombb\/","title":{"rendered":"CHLUMINIT\u00ae OMBB \/ Omnirad OMBB \/ Photoinitiateur OMBB \/ Speedcure MBB CAS 606-28-0"},"content":{"rendered":"<h1>Omnirad OMBB \/ Photoinitiateur OMBB \/ Speedcure MBB CAS 606-28-0<\/h1>\n<p><strong>Synonyme\uff1a<\/strong>Photoinitiateur MBB;Speedcure MBB;OMNIRAD OMBB;o-M\u00e9thyl-benzoyl Benzoate<\/p>\n<p><strong><b>Standard\uff1a<\/b><\/strong><\/p>\n<table>\n<tbody>\n<tr>\n<td width=\"249\">Apparence<\/td>\n<td width=\"402\">Poudre cristalline blanche \u00e0 l\u00e9g\u00e8rement jaune<\/td>\n<\/tr>\n<tr>\n<td width=\"249\">Point de fusion<\/td>\n<td width=\"402\">49\u2103-53\u2103<\/td>\n<\/tr>\n<tr>\n<td width=\"249\">Perte au s\u00e9chage<\/td>\n<td width=\"402\">\u22641.5%<\/td>\n<\/tr>\n<tr>\n<td width=\"249\">Solubilit\u00e9<\/td>\n<td width=\"402\">L\u00e9g\u00e8rement jaune et clair<\/td>\n<\/tr>\n<tr>\n<td width=\"249\">Couleur (pt-co)<\/td>\n<td width=\"402\">\u226450<\/td>\n<\/tr>\n<tr>\n<td width=\"249\">Fr\u00eane<\/td>\n<td width=\"402\">\u22640.1%<\/td>\n<\/tr>\n<tr>\n<td width=\"249\">Mati\u00e8res volatiles<\/td>\n<td width=\"402\">\u22640.5%<\/td>\n<\/tr>\n<\/tbody>\n<\/table>\n<p><strong><b>Fonction<\/b><\/strong><strong><b>\u00a0&amp; <\/b><\/strong><strong>Applications<\/strong><strong><b>:<\/b><\/strong><\/p>\n<p>Le photo-initiateur OMBB a un large \u00e9ventail d'applications importantes dans l'industrie. Il joue un r\u00f4le indispensable dans les mat\u00e9riaux de rev\u00eatement traditionnels tels que les peintures et les vernis. Dans l'industrie automobile, par exemple, le rev\u00eatement ext\u00e9rieur des voitures n\u00e9cessite une peinture de haute qualit\u00e9 pour garantir leur beaut\u00e9 et leur durabilit\u00e9. Le photo-initiateur OMBB intervient dans ce processus, en veillant \u00e0 ce que la peinture s\u00e8che rapidement \u00e0 la lumi\u00e8re et forme un film solide.<\/p>\n<p>C'est aussi l'un des ingr\u00e9dients cl\u00e9s des peintures acryliques. Prenons l'exemple des peintures acryliques pour fa\u00e7ades de b\u00e2timents. Ces peintures doivent r\u00e9sister aux intemp\u00e9ries pendant une longue p\u00e9riode, et l'OMBB peut am\u00e9liorer le durcissement de la peinture et prot\u00e9ger les murs du b\u00e2timent. En ce qui concerne les adh\u00e9sifs, tels que certains adh\u00e9sifs \u00e9cologiques utilis\u00e9s dans la fabrication de meubles, l'ajout d'OMBB peut renforcer l'adh\u00e9sivit\u00e9 de l'adh\u00e9sif et lui permettre de mieux fonctionner. Quant aux encres, qu'il s'agisse d'encres pour l'impression de livres ou d'encres pour l'emballage de produits, l'OMBB peut contribuer \u00e0 am\u00e9liorer la vitesse de s\u00e9chage et la qualit\u00e9 d'impression de l'encre.<\/p>\n<p>Il convient de noter que l'OMBB est g\u00e9n\u00e9ralement utilis\u00e9 en combinaison avec d'autres initiateurs. C'est comme un concert complexe de r\u00e9actions chimiques, chaque initiateur jouant un instrument diff\u00e9rent, tous travaillant ensemble pour produire une symphonie parfaite. D'un point de vue chimique, les diff\u00e9rents initiateurs ont des activit\u00e9s de r\u00e9action et des m\u00e9canismes d'action diff\u00e9rents. L'OMBB travaille en synergie avec eux pour contr\u00f4ler plus pr\u00e9cis\u00e9ment la vitesse et l'ampleur de la r\u00e9action. Selon les derni\u00e8res donn\u00e9es de la recherche chimique, cet effet synergique peut augmenter l'efficacit\u00e9 de la r\u00e9action d'environ 30% - 50% (les donn\u00e9es sont hypoth\u00e9tiques et ne sont utilis\u00e9es qu'\u00e0 titre d'illustration), ce qui d\u00e9passe de loin l'effet de l'utilisation d'un seul initiateur.<\/p>\n<p>En outre, nous pouvons supposer que si un nouveau syst\u00e8me de rev\u00eatement est d\u00e9velopp\u00e9 \u00e0 l'avenir et qu'il impose des exigences plus \u00e9lev\u00e9es au photo-initiateur, telles qu'un durcissement plus rapide et un plus grand respect de l'environnement, le photo-initiateur OMBB pourra-t-il r\u00e9pondre \u00e0 cette demande en \u00e9tant encore am\u00e9lior\u00e9 ou combin\u00e9 \u00e0 un nouvel initiateur ? Il s'agit l\u00e0 d'une nouvelle voie que les chimistes et les sp\u00e9cialistes des mat\u00e9riaux devront explorer en profondeur.<\/p>\n<p><strong><b>P<\/b><\/strong><strong><b>Emballage et exp\u00e9dition<\/b><\/strong><strong><b>:<\/b><\/strong><\/p>\n<p>Emballage : 20kg\/carton.<\/p>\n<p>Livraison : dans un d\u00e9lai de 5 \u00e0 7 jours ouvrables.<\/p>\n<p><strong><b>Stockage :<\/b><\/strong><\/p>\n<p>Stock\u00e9 dans un endroit frais et sec, \u00e0 l'abri de la lumi\u00e8re directe du soleil.<\/p>\n<h2><strong><b>Contactez-nous d\u00e8s maintenant !<\/b><\/strong><\/h2>\n<h4><strong><b>Si vous avez besoin de Price, veuillez indiquer vos coordonn\u00e9es dans le formulaire ci-dessous. Nous vous contacterons g\u00e9n\u00e9ralement dans les 24 heures. Vous pouvez \u00e9galement m'envoyer un courriel <span style=\"color: #00ccff;\"><a style=\"color: #00ccff;\" href=\"mailto:info@longchangchemical.com\">info@longchangchemical.com<\/a><\/span>\u00a0pendant les heures de travail ( 8:30 am to 6:00 pm UTC+8 Mon.~Sat. ) ou utilisez le chat en direct du site web pour obtenir une r\u00e9ponse rapide.<\/b><\/strong><\/h4>\n<p>&nbsp;<\/p>\n<table style=\"border-collapse: collapse; width: 435.77pt;\" border=\"0\" width=\"581\" cellspacing=\"0\" cellpadding=\"0\">\n<tbody>\n<tr style=\"height: 13.50pt;\">\n<td style=\"height: 13.50pt; width: 215.25pt;\" width=\"287\" height=\"18\"><a href=\"https:\/\/longchangchemical.com\/fr\/product\/photoinitiator-tpo-cas-75980-60-8\/\"><span style=\"color: #00ccff;\">Photoinitiateur TPO<\/span><\/a><\/td>\n<td style=\"width: 220.50pt;\" width=\"294\">CAS 75980-60-8<\/td>\n<\/tr>\n<tr style=\"height: 13.50pt;\">\n<td style=\"height: 13.50pt;\" height=\"18\"><a href=\"https:\/\/longchangchemical.com\/fr\/product\/cas-270586-78-2\/\"><span style=\"color: #00ccff;\">Photoinitiateur TMO<\/span><\/a><\/td>\n<td>CAS 270586-78-2<\/td>\n<\/tr>\n<tr style=\"height: 13.50pt;\">\n<td style=\"height: 13.50pt;\" height=\"18\"><a href=\"https:\/\/longchangchemical.com\/fr\/product\/photoinitiator-pd-01-cas-579-07-7\/\"><span style=\"color: #00ccff;\">Photoinitiateur PD-01<\/span><\/a><\/td>\n<td>CAS 579-07-7<\/td>\n<\/tr>\n<tr style=\"height: 13.50pt;\">\n<td style=\"height: 13.50pt;\" height=\"18\"><a href=\"https:\/\/longchangchemical.com\/fr\/product\/photoinitiator-pbz-cas-2128-93-0\/\"><span style=\"color: #00ccff;\">Photoinitiateur PBZ<\/span><\/a><\/td>\n<td>CAS 2128-93-0<\/td>\n<\/tr>\n<tr style=\"height: 13.50pt;\">\n<td style=\"height: 13.50pt;\" height=\"18\"><a href=\"https:\/\/longchangchemical.com\/fr\/product\/photoinitiator-oxe-02-cas-478556-66-0\/\"><span style=\"color: #00ccff;\">Photoinitiateur OXE-02<\/span><\/a><\/td>\n<td>CAS 478556-66-0<\/td>\n<\/tr>\n<tr style=\"height: 13.50pt;\">\n<td style=\"height: 13.50pt;\" height=\"18\"><a href=\"https:\/\/longchangchemical.com\/fr\/product\/photoinitiator-ombb\/\"><span style=\"color: #00ccff;\">Photoinitiateur OMBB<\/span><\/a><\/td>\n<td>CAS 606-28-0<\/td>\n<\/tr>\n<tr style=\"height: 13.50pt;\">\n<td style=\"height: 13.50pt;\" height=\"18\"><a href=\"https:\/\/longchangchemical.com\/fr\/product\/photoinitiator-mpbz-6012\/\"><span style=\"color: #00ccff;\">Photoinitiateur MPBZ (6012)<\/span><\/a><\/td>\n<td>CAS 86428-83-3<\/td>\n<\/tr>\n<tr style=\"height: 13.50pt;\">\n<td style=\"height: 13.50pt;\" height=\"18\"><a href=\"https:\/\/longchangchemical.com\/fr\/product\/photoinitiator-mbp-cas-134-84-9\/\"><span style=\"color: #00ccff;\">Photoinitiateur MBP<\/span><\/a><\/td>\n<td>CAS 134-84-9<\/td>\n<\/tr>\n<tr style=\"height: 13.50pt;\">\n<td style=\"height: 13.50pt;\" height=\"18\"><a href=\"https:\/\/longchangchemical.com\/fr\/product\/photoinitiator-mbf-cas-15206-55-0\/\"><span style=\"color: #00ccff;\">Photoinitiateur MBF<\/span><\/a><\/td>\n<td>CAS 15206-55-0<\/td>\n<\/tr>\n<tr style=\"height: 13.50pt;\">\n<td style=\"height: 13.50pt;\" height=\"18\"><a href=\"https:\/\/longchangchemical.com\/fr\/product\/photoinitiator-lap-cas-85073-19-4\/\"><span style=\"color: #00ccff;\">Photoinitiateur LAP<\/span><\/a><\/td>\n<td>CAS 85073-19-4<\/td>\n<\/tr>\n<tr style=\"height: 13.50pt;\">\n<td style=\"height: 13.50pt;\" height=\"18\"><a href=\"https:\/\/longchangchemical.com\/fr\/product\/photoinitiator-itx-cas-5495-84-1\/\"><span style=\"color: #00ccff;\">Photoinitiateur ITX<\/span><\/a><\/td>\n<td>CAS 5495-84-1<\/td>\n<\/tr>\n<tr style=\"height: 13.50pt;\">\n<td style=\"height: 13.50pt;\" height=\"18\"><a href=\"https:\/\/longchangchemical.com\/fr\/product\/photoinitiator-emk\/\"><span style=\"color: #00ccff;\">Photoinitiateur EMK<\/span><\/a><\/td>\n<td>CAS 90-93-7<\/td>\n<\/tr>\n<tr style=\"height: 13.50pt;\">\n<td style=\"height: 13.50pt;\" height=\"18\"><a href=\"https:\/\/longchangchemical.com\/fr\/product\/photoinitiator-eha-cas-21245-02-3\/\"><span style=\"color: #00ccff;\">Photoinitiateur EHA<\/span><\/a><\/td>\n<td>CAS 21245-02-3<\/td>\n<\/tr>\n<tr style=\"height: 13.50pt;\">\n<td style=\"height: 13.50pt;\" height=\"18\"><a href=\"https:\/\/longchangchemical.com\/fr\/product\/photoinitiator-edb-cas-10287-53-3\/\"><span style=\"color: #00ccff;\">Photo-initiateur EDB<\/span><\/a><\/td>\n<td>CAS 10287-53-3<\/td>\n<\/tr>\n<tr style=\"height: 13.50pt;\">\n<td style=\"height: 13.50pt;\" height=\"18\"><a href=\"https:\/\/longchangchemical.com\/fr\/product\/photoinitiator-detx-cas-82799-44-8\/\"><span style=\"color: #00ccff;\">Photoinitiateur DETX<\/span><\/a><\/td>\n<td>CAS 82799-44-8<\/td>\n<\/tr>\n<tr style=\"height: 13.50pt;\">\n<td style=\"height: 13.50pt;\" height=\"18\"><a href=\"https:\/\/longchangchemical.com\/fr\/product\/photoinitiator-cq\/\"><span style=\"color: #00ccff;\">Photoinitiateur CQ \/ Camphorquinone<\/span><\/a><\/td>\n<td>CAS 10373-78-1<\/td>\n<\/tr>\n<tr style=\"height: 13.50pt;\">\n<td style=\"height: 13.50pt;\" height=\"18\"><a href=\"https:\/\/longchangchemical.com\/fr\/product\/photoinitiator-cbp-cas-134-85-0\/\"><span style=\"color: #00ccff;\">Photoinitiateur CBP<\/span><\/a><\/td>\n<td>CAS 134-85-0<\/td>\n<\/tr>\n<tr style=\"height: 13.50pt;\">\n<td style=\"height: 13.50pt;\" height=\"18\"><a href=\"https:\/\/longchangchemical.com\/fr\/product\/photoinitiator-bp-cas-119-61-9\/\"><span style=\"color: #00ccff;\">Photo-initiateur BP \/ Benzoph\u00e9none<\/span><\/a><\/td>\n<td>CAS 119-61-9<\/td>\n<\/tr>\n<tr style=\"height: 13.50pt;\">\n<td style=\"height: 13.50pt;\" height=\"18\"><a href=\"https:\/\/longchangchemical.com\/fr\/product\/photoinitiator-bms\/\"><span style=\"color: #00ccff;\">Photoinitiateur BMS<\/span><\/a><\/td>\n<td>CAS 83846-85-9<\/td>\n<\/tr>\n<tr style=\"height: 13.50pt;\">\n<td style=\"height: 13.50pt;\" height=\"18\"><a href=\"https:\/\/longchangchemical.com\/fr\/product\/photoinitiator-938\/\"><span style=\"color: #00ccff;\">Photoinitiateur 938<\/span><\/a><\/td>\n<td>CAS 61358-25-6<\/td>\n<\/tr>\n<tr style=\"height: 13.50pt;\">\n<td style=\"height: 13.50pt;\" height=\"18\"><a href=\"https:\/\/longchangchemical.com\/fr\/product\/photoinitiator-937-cas-71786-70-4\/\"><span style=\"color: #00ccff;\">Photoinitiateur 937<\/span><\/a><\/td>\n<td>CAS 71786-70-4<\/td>\n<\/tr>\n<tr style=\"height: 13.50pt;\">\n<td style=\"height: 13.50pt;\" height=\"18\"><a href=\"https:\/\/longchangchemical.com\/fr\/product\/photoinitiator-819-dw\/\"><span style=\"color: #00ccff;\">Photo-initiateur 819 DW<\/span><\/a><\/td>\n<td>CAS 162881-26-7<\/td>\n<\/tr>\n<tr style=\"height: 13.50pt;\">\n<td style=\"height: 13.50pt;\" height=\"18\"><a href=\"https:\/\/longchangchemical.com\/fr\/product\/photoinitiator-819-irgacure-819-cas-162881-26-7\/\"><span style=\"color: #00ccff;\">Photoinitiateur 819<\/span><\/a><\/td>\n<td>CAS 162881-26-7<\/td>\n<\/tr>\n<tr style=\"height: 13.50pt;\">\n<td style=\"height: 13.50pt;\" height=\"18\"><a href=\"https:\/\/longchangchemical.com\/fr\/product\/photoinitiator-784-cas-125051-32-3\/\"><span style=\"color: #00ccff;\">Photoinitiateur 784<\/span><\/a><\/td>\n<td>CAS 125051-32-3<\/td>\n<\/tr>\n<tr style=\"height: 13.50pt;\">\n<td style=\"height: 13.50pt;\" height=\"18\"><a href=\"https:\/\/longchangchemical.com\/fr\/product\/photoinitiator-754-cas-211510-16-6-442536-99-4\/\"><span style=\"color: #00ccff;\">Photoinitiateur 754<\/span><\/a><\/td>\n<td>CAS 211510-16-6 442536-99-4<\/td>\n<\/tr>\n<tr style=\"height: 13.50pt;\">\n<td style=\"height: 13.50pt;\" height=\"18\"><a href=\"https:\/\/longchangchemical.com\/fr\/product\/photoinitiator-6993-cas-71449-78-0\/\"><span style=\"color: #00ccff;\">Photoinitiateur 6993<\/span><\/a><\/td>\n<td>CAS 71449-78-0<\/td>\n<\/tr>\n<tr style=\"height: 13.50pt;\">\n<td style=\"height: 13.50pt;\" height=\"18\"><a href=\"https:\/\/longchangchemical.com\/fr\/product\/photoinitiator-6976\/\"><span style=\"color: #00ccff;\">Photoinitiateur 6976<\/span><\/a><\/td>\n<td>CAS 71449-78-0 89452-37-9 108-32-7<\/td>\n<\/tr>\n<tr style=\"height: 13.50pt;\">\n<td style=\"height: 13.50pt;\" height=\"18\"><a href=\"https:\/\/longchangchemical.com\/fr\/product\/photoinitiator-379-cas-119344-86-4\/\"><span style=\"color: #00ccff;\">Photoinitiateur 379<\/span><\/a><\/td>\n<td>CAS 119344-86-4<\/td>\n<\/tr>\n<tr style=\"height: 13.50pt;\">\n<td style=\"height: 13.50pt;\" height=\"18\"><a href=\"https:\/\/longchangchemical.com\/fr\/product\/photoinitiator-369-cas-119313-12-1\/\"><span style=\"color: #00ccff;\">Photoinitiateur 369<\/span><\/a><\/td>\n<td>CAS 119313-12-1<\/td>\n<\/tr>\n<tr style=\"height: 13.50pt;\">\n<td style=\"height: 13.50pt;\" height=\"18\"><span style=\"color: #00ccff;\"><a style=\"color: #00ccff;\" href=\"https:\/\/longchangchemical.com\/fr\/product\/photoinitiator-160\/\">Photoinitiateur 160<\/a><\/span><\/td>\n<td>CAS 71868-15-0<\/td>\n<\/tr>\n<tr style=\"height: 13.50pt;\">\n<td style=\"height: 13.50pt;\" height=\"18\"><a href=\"https:\/\/longchangchemical.com\/fr\/product\/photoinitiator-1206\/\"><span style=\"color: #00ccff;\">Photoinitiateur 1206<\/span><\/a><\/td>\n<td><\/td>\n<\/tr>\n<tr style=\"height: 13.50pt;\">\n<td style=\"height: 13.50pt;\" height=\"18\"><a href=\"https:\/\/longchangchemical.com\/fr\/product\/irgacure-1173-cas-7473-98-5\/\"><span style=\"color: #00ccff;\">Photoinitiateur 1173<\/span><\/a><\/td>\n<td>CAS 7473-98-5<\/td>\n<\/tr>\n<\/tbody>\n<\/table>\n<p>&nbsp;<\/p>","protected":false},"excerpt":{"rendered":"<p>CHLUMINIT\u00ae OMBB est un photo-initiateur de type II \u00e0 radicaux libres presque inodore, principalement utilis\u00e9 pour la polym\u00e9risation UV de la r\u00e9sine correspondante avec l'agent complexant amine tertiaire. Vernis, rev\u00eatements plastiques, rev\u00eatements de bois, encres d'impression lithographique, encres de s\u00e9rigraphie, encres d'impression flexo.<\/p>","protected":false},"featured_media":8087,"comment_status":"open","ping_status":"closed","template":"","meta":[],"product_brand":[],"product_cat":[174,178],"product_tag":[],"class_list":{"0":"post-7560","1":"product","2":"type-product","3":"status-publish","4":"has-post-thumbnail","6":"product_cat-photoinitiator","7":"product_cat-type-ii-free-radical-photoinitiator","9":"first","10":"instock","11":"shipping-taxable","12":"product-type-simple"},"yoast_head":"<!-- This site is optimized with the Yoast SEO plugin v25.3.1 - https:\/\/yoast.com\/wordpress\/plugins\/seo\/ -->\n<title>China Photoinitiator OMBB Cas 606-28-0 manufacturer - Longchang Chemical<\/title>\n<meta name=\"description\" content=\"CHLUMINIT\u00ae OMBB can be used as a photoinitiator and is the key product of Longchang Chemical. We are the leading Photoinitaitor manufacturer and supplier in China with the best quanlity and competitive price. CHLUMINIT\u00ae OMBB can be replaced Omnirad OMBB \/ Photoinitiator OMBB \/ Speedcure MBB \/ PowerCure OMBB. PI-OMBB\" \/>\n<meta name=\"robots\" content=\"index, follow, max-snippet:-1, max-image-preview:large, max-video-preview:-1\" \/>\n<link rel=\"canonical\" href=\"https:\/\/longchangchemical.com\/fr\/product\/photoinitiator-ombb\/\" \/>\n<meta property=\"og:locale\" content=\"fr_FR\" \/>\n<meta property=\"og:type\" content=\"article\" \/>\n<meta property=\"og:title\" content=\"China Photoinitiator OMBB Cas 606-28-0 manufacturer - Longchang Chemical\" \/>\n<meta property=\"og:description\" content=\"CHLUMINIT\u00ae OMBB can be used as a photoinitiator and is the key product of Longchang Chemical. We are the leading Photoinitaitor manufacturer and supplier in China with the best quanlity and competitive price. CHLUMINIT\u00ae OMBB can be replaced Omnirad OMBB \/ Photoinitiator OMBB \/ Speedcure MBB \/ PowerCure OMBB. PI-OMBB\" \/>\n<meta property=\"og:url\" content=\"https:\/\/longchangchemical.com\/fr\/product\/photoinitiator-ombb\/\" \/>\n<meta property=\"og:site_name\" content=\"Longchang Chemical\" \/>\n<meta property=\"article:modified_time\" content=\"2025-12-16T03:17:03+00:00\" \/>\n<meta property=\"og:image\" content=\"https:\/\/longchangchemical.com\/wp-content\/uploads\/2024\/11\/606-28-0.jpg\" \/>\n\t<meta property=\"og:image:width\" content=\"600\" \/>\n\t<meta property=\"og:image:height\" content=\"600\" \/>\n\t<meta property=\"og:image:type\" content=\"image\/jpeg\" \/>\n<meta name=\"twitter:card\" content=\"summary_large_image\" \/>\n<script type=\"application\/ld+json\" class=\"yoast-schema-graph\">{\"@context\":\"https:\/\/schema.org\",\"@graph\":[{\"@type\":\"WebPage\",\"@id\":\"https:\/\/longchangchemical.com\/product\/photoinitiator-ombb\/\",\"url\":\"https:\/\/longchangchemical.com\/product\/photoinitiator-ombb\/\",\"name\":\"China Photoinitiator OMBB Cas 606-28-0 manufacturer - Longchang Chemical\",\"isPartOf\":{\"@id\":\"https:\/\/longchangchemical.com\/#website\"},\"primaryImageOfPage\":{\"@id\":\"https:\/\/longchangchemical.com\/product\/photoinitiator-ombb\/#primaryimage\"},\"image\":{\"@id\":\"https:\/\/longchangchemical.com\/product\/photoinitiator-ombb\/#primaryimage\"},\"thumbnailUrl\":\"https:\/\/longchangchemical.com\/wp-content\/uploads\/2024\/11\/606-28-0.jpg\",\"datePublished\":\"2024-11-11T06:01:20+00:00\",\"dateModified\":\"2025-12-16T03:17:03+00:00\",\"description\":\"CHLUMINIT\u00ae OMBB can be used as a photoinitiator and is the key product of Longchang Chemical. We are the leading Photoinitaitor manufacturer and supplier in China with the best quanlity and competitive price. CHLUMINIT\u00ae OMBB can be replaced Omnirad OMBB \/ Photoinitiator OMBB \/ Speedcure MBB \/ PowerCure OMBB. PI-OMBB\",\"breadcrumb\":{\"@id\":\"https:\/\/longchangchemical.com\/product\/photoinitiator-ombb\/#breadcrumb\"},\"inLanguage\":\"fr-FR\",\"potentialAction\":[{\"@type\":\"ReadAction\",\"target\":[\"https:\/\/longchangchemical.com\/product\/photoinitiator-ombb\/\"]}]},{\"@type\":\"ImageObject\",\"inLanguage\":\"fr-FR\",\"@id\":\"https:\/\/longchangchemical.com\/product\/photoinitiator-ombb\/#primaryimage\",\"url\":\"https:\/\/longchangchemical.com\/wp-content\/uploads\/2024\/11\/606-28-0.jpg\",\"contentUrl\":\"https:\/\/longchangchemical.com\/wp-content\/uploads\/2024\/11\/606-28-0.jpg\",\"width\":600,\"height\":600},{\"@type\":\"BreadcrumbList\",\"@id\":\"https:\/\/longchangchemical.com\/product\/photoinitiator-ombb\/#breadcrumb\",\"itemListElement\":[{\"@type\":\"ListItem\",\"position\":1,\"name\":\"Home\",\"item\":\"https:\/\/longchangchemical.com\/\"},{\"@type\":\"ListItem\",\"position\":2,\"name\":\"Products Longchang\",\"item\":\"https:\/\/longchangchemical.com\/product\/\"},{\"@type\":\"ListItem\",\"position\":3,\"name\":\"CHLUMINIT\u00ae OMBB \/ Omnirad OMBB \/ Photoinitiator OMBB \/ Speedcure MBB CAS 606-28-0\"}]},{\"@type\":\"WebSite\",\"@id\":\"https:\/\/longchangchemical.com\/#website\",\"url\":\"https:\/\/longchangchemical.com\/\",\"name\":\"Longchang Chemical\",\"description\":\"China chemical manufacturer \uff06 supplier\",\"publisher\":{\"@id\":\"https:\/\/longchangchemical.com\/#organization\"},\"potentialAction\":[{\"@type\":\"SearchAction\",\"target\":{\"@type\":\"EntryPoint\",\"urlTemplate\":\"https:\/\/longchangchemical.com\/?s={search_term_string}\"},\"query-input\":{\"@type\":\"PropertyValueSpecification\",\"valueRequired\":true,\"valueName\":\"search_term_string\"}}],\"inLanguage\":\"fr-FR\"},{\"@type\":\"Organization\",\"@id\":\"https:\/\/longchangchemical.com\/#organization\",\"name\":\"Longchang Chemical\",\"url\":\"https:\/\/longchangchemical.com\/\",\"logo\":{\"@type\":\"ImageObject\",\"inLanguage\":\"fr-FR\",\"@id\":\"https:\/\/longchangchemical.com\/#\/schema\/logo\/image\/\",\"url\":\"https:\/\/longchangchemical.com\/wp-content\/uploads\/2020\/08\/cropped-longchang-logo.png\",\"contentUrl\":\"https:\/\/longchangchemical.com\/wp-content\/uploads\/2020\/08\/cropped-longchang-logo.png\",\"width\":512,\"height\":512,\"caption\":\"Longchang Chemical\"},\"image\":{\"@id\":\"https:\/\/longchangchemical.com\/#\/schema\/logo\/image\/\"}}]}<\/script>\n<!-- \/ Yoast SEO plugin. -->","yoast_head_json":{"title":"Photo-initiateur OMBB Cas 606-28-0 fabricant chinois - Longchang Chemical","description":"CHLUMINIT\u00ae OMBB peut \u00eatre utilis\u00e9 comme photo-initiateur et est le produit cl\u00e9 de Longchang Chemical. Nous sommes le principal fabricant et fournisseur de photo-initiateurs en Chine, avec la meilleure qualit\u00e9 et le prix le plus comp\u00e9titif. CHLUMINIT\u00ae OMBB peut remplacer Omnirad OMBB \/ Photoinitiator OMBB \/ Speedcure MBB \/ PowerCure OMBB. PI-OMBB","robots":{"index":"index","follow":"follow","max-snippet":"max-snippet:-1","max-image-preview":"max-image-preview:large","max-video-preview":"max-video-preview:-1"},"canonical":"https:\/\/longchangchemical.com\/fr\/product\/photoinitiator-ombb\/","og_locale":"fr_FR","og_type":"article","og_title":"China Photoinitiator OMBB Cas 606-28-0 manufacturer - Longchang Chemical","og_description":"CHLUMINIT\u00ae OMBB can be used as a photoinitiator and is the key product of Longchang Chemical. We are the leading Photoinitaitor manufacturer and supplier in China with the best quanlity and competitive price. CHLUMINIT\u00ae OMBB can be replaced Omnirad OMBB \/ Photoinitiator OMBB \/ Speedcure MBB \/ PowerCure OMBB. PI-OMBB","og_url":"https:\/\/longchangchemical.com\/fr\/product\/photoinitiator-ombb\/","og_site_name":"Longchang Chemical","article_modified_time":"2025-12-16T03:17:03+00:00","og_image":[{"width":600,"height":600,"url":"https:\/\/longchangchemical.com\/wp-content\/uploads\/2024\/11\/606-28-0.jpg","type":"image\/jpeg"}],"twitter_card":"summary_large_image","schema":{"@context":"https:\/\/schema.org","@graph":[{"@type":"WebPage","@id":"https:\/\/longchangchemical.com\/product\/photoinitiator-ombb\/","url":"https:\/\/longchangchemical.com\/product\/photoinitiator-ombb\/","name":"Photo-initiateur OMBB Cas 606-28-0 fabricant chinois - Longchang Chemical","isPartOf":{"@id":"https:\/\/longchangchemical.com\/#website"},"primaryImageOfPage":{"@id":"https:\/\/longchangchemical.com\/product\/photoinitiator-ombb\/#primaryimage"},"image":{"@id":"https:\/\/longchangchemical.com\/product\/photoinitiator-ombb\/#primaryimage"},"thumbnailUrl":"https:\/\/longchangchemical.com\/wp-content\/uploads\/2024\/11\/606-28-0.jpg","datePublished":"2024-11-11T06:01:20+00:00","dateModified":"2025-12-16T03:17:03+00:00","description":"CHLUMINIT\u00ae OMBB peut \u00eatre utilis\u00e9 comme photo-initiateur et est le produit cl\u00e9 de Longchang Chemical. Nous sommes le principal fabricant et fournisseur de photo-initiateurs en Chine, avec la meilleure qualit\u00e9 et le prix le plus comp\u00e9titif. CHLUMINIT\u00ae OMBB peut remplacer Omnirad OMBB \/ Photoinitiator OMBB \/ Speedcure MBB \/ PowerCure OMBB. PI-OMBB","breadcrumb":{"@id":"https:\/\/longchangchemical.com\/product\/photoinitiator-ombb\/#breadcrumb"},"inLanguage":"fr-FR","potentialAction":[{"@type":"ReadAction","target":["https:\/\/longchangchemical.com\/product\/photoinitiator-ombb\/"]}]},{"@type":"ImageObject","inLanguage":"fr-FR","@id":"https:\/\/longchangchemical.com\/product\/photoinitiator-ombb\/#primaryimage","url":"https:\/\/longchangchemical.com\/wp-content\/uploads\/2024\/11\/606-28-0.jpg","contentUrl":"https:\/\/longchangchemical.com\/wp-content\/uploads\/2024\/11\/606-28-0.jpg","width":600,"height":600},{"@type":"BreadcrumbList","@id":"https:\/\/longchangchemical.com\/product\/photoinitiator-ombb\/#breadcrumb","itemListElement":[{"@type":"ListItem","position":1,"name":"Home","item":"https:\/\/longchangchemical.com\/"},{"@type":"ListItem","position":2,"name":"Products Longchang","item":"https:\/\/longchangchemical.com\/product\/"},{"@type":"ListItem","position":3,"name":"CHLUMINIT\u00ae OMBB \/ Omnirad OMBB \/ Photoinitiator OMBB \/ Speedcure MBB CAS 606-28-0"}]},{"@type":"WebSite","@id":"https:\/\/longchangchemical.com\/#website","url":"https:\/\/longchangchemical.com\/","name":"Longchang Chemical","description":"Fabricant chinois de produits chimiques \uff06 fournisseur","publisher":{"@id":"https:\/\/longchangchemical.com\/#organization"},"potentialAction":[{"@type":"SearchAction","target":{"@type":"EntryPoint","urlTemplate":"https:\/\/longchangchemical.com\/?s={search_term_string}"},"query-input":{"@type":"PropertyValueSpecification","valueRequired":true,"valueName":"search_term_string"}}],"inLanguage":"fr-FR"},{"@type":"Organization","@id":"https:\/\/longchangchemical.com\/#organization","name":"Longchang Chemical","url":"https:\/\/longchangchemical.com\/","logo":{"@type":"ImageObject","inLanguage":"fr-FR","@id":"https:\/\/longchangchemical.com\/#\/schema\/logo\/image\/","url":"https:\/\/longchangchemical.com\/wp-content\/uploads\/2020\/08\/cropped-longchang-logo.png","contentUrl":"https:\/\/longchangchemical.com\/wp-content\/uploads\/2020\/08\/cropped-longchang-logo.png","width":512,"height":512,"caption":"Longchang Chemical"},"image":{"@id":"https:\/\/longchangchemical.com\/#\/schema\/logo\/image\/"}}]}},"_links":{"self":[{"href":"https:\/\/longchangchemical.com\/fr\/wp-json\/wp\/v2\/product\/7560","targetHints":{"allow":["GET"]}}],"collection":[{"href":"https:\/\/longchangchemical.com\/fr\/wp-json\/wp\/v2\/product"}],"about":[{"href":"https:\/\/longchangchemical.com\/fr\/wp-json\/wp\/v2\/types\/product"}],"replies":[{"embeddable":true,"href":"https:\/\/longchangchemical.com\/fr\/wp-json\/wp\/v2\/comments?post=7560"}],"wp:featuredmedia":[{"embeddable":true,"href":"https:\/\/longchangchemical.com\/fr\/wp-json\/wp\/v2\/media\/8087"}],"wp:attachment":[{"href":"https:\/\/longchangchemical.com\/fr\/wp-json\/wp\/v2\/media?parent=7560"}],"wp:term":[{"taxonomy":"product_brand","embeddable":true,"href":"https:\/\/longchangchemical.com\/fr\/wp-json\/wp\/v2\/product_brand?post=7560"},{"taxonomy":"product_cat","embeddable":true,"href":"https:\/\/longchangchemical.com\/fr\/wp-json\/wp\/v2\/product_cat?post=7560"},{"taxonomy":"product_tag","embeddable":true,"href":"https:\/\/longchangchemical.com\/fr\/wp-json\/wp\/v2\/product_tag?post=7560"}],"curies":[{"name":"wp","href":"https:\/\/api.w.org\/{rel}","templated":true}]}}