{"id":7368,"date":"2024-09-26T15:16:18","date_gmt":"2024-09-26T15:16:18","guid":{"rendered":"https:\/\/longchangchemical.com\/?post_type=product&#038;p=7368"},"modified":"2025-12-16T07:49:42","modified_gmt":"2025-12-16T07:49:42","slug":"l-lactic-dehydrogenase-cas-9001-60-9","status":"publish","type":"product","link":"https:\/\/longchangchemical.com\/fr\/product\/l-lactic-dehydrogenase-cas-9001-60-9\/","title":{"rendered":"Longzyme\u00ae L-Lactic d\u00e9shydrog\u00e9nase CAS 9001-60-9"},"content":{"rendered":"<p>pH optimal : 8,0-9,0 ;<br \/>\ntemp\u00e9rature optimale : 60\u2103 ;<br \/>\nStabilit\u00e9 du pH pH 4,0-9,0 (25\u2103, 16 h)<br \/>\nStabilit\u00e9 thermique : stable en dessous de 50\u2103 (pH 7,5, 30 min) ;<br \/>\nStabilit\u00e9 : plus de 90% d'activit\u00e9 sont conserv\u00e9s apr\u00e8s avoir \u00e9t\u00e9 stock\u00e9s \u00e0 -25~-15\u2103 pendant 12 mois.<br \/>\nUtilisations : utilis\u00e9 dans la recherche et le d\u00e9veloppement de r\u00e9actifs pour l'aminotransf\u00e9rase.<\/p>\n<h2><strong><b>Contactez-nous d\u00e8s maintenant !<\/b><\/strong><\/h2>\n<h4><strong><b>Si vous avez besoin de Price, veuillez indiquer vos coordonn\u00e9es dans le formulaire ci-dessous. Nous vous contacterons g\u00e9n\u00e9ralement dans les 24 heures. Vous pouvez \u00e9galement m'envoyer un courriel\u00a0<span style=\"color: #00ccff;\"><a style=\"color: #00ccff;\" href=\"mailto:info@longchangchemical.com\">info@longchangchemical.com<\/a><\/span>\u00a0pendant les heures de travail ( 8:30 am to 6:00 pm UTC+8 Mon.~Sat. ) ou utilisez le chat en direct du site web pour obtenir une r\u00e9ponse rapide.<\/b><\/strong><\/h4>\n<table style=\"border-collapse: collapse; width: 326.27pt;\" border=\"0\" width=\"435\" cellspacing=\"0\" cellpadding=\"0\">\n<tbody>\n<tr style=\"height: 13.50pt;\">\n<td class=\"et2\" style=\"height: 13.50pt; width: 164.25pt;\" width=\"219\" height=\"18\"><a href=\"https:\/\/longchangchemical.com\/fr\/product\/compound-glucoamylase-cas-9032-08-0\/\"><span style=\"color: #00ccff;\">Compos\u00e9 Glucoamylase<\/span><\/a><\/td>\n<td class=\"et2\" style=\"width: 162.00pt;\" width=\"216\">9032-08-0<\/td>\n<\/tr>\n<tr style=\"height: 13.50pt;\">\n<td class=\"et2\" style=\"height: 13.50pt;\" height=\"18\"><a href=\"https:\/\/longchangchemical.com\/fr\/product\/pullulanase-cas-9075-68-7\/\"><span style=\"color: #00ccff;\">Pullulanase<\/span><\/a><\/td>\n<td class=\"et2\">9075-68-7<\/td>\n<\/tr>\n<tr style=\"height: 13.50pt;\">\n<td class=\"et2\" style=\"height: 13.50pt;\" height=\"18\"><a href=\"https:\/\/longchangchemical.com\/fr\/product\/xylanase-cas-37278-89-0\/\"><span style=\"color: #00ccff;\">Xylanase<\/span><\/a><\/td>\n<td class=\"et2\">37278-89-0<\/td>\n<\/tr>\n<tr style=\"height: 13.50pt;\">\n<td class=\"et2\" style=\"height: 13.50pt;\" height=\"18\"><a href=\"https:\/\/longchangchemical.com\/fr\/product\/cellulase-cas-9012-54-8\/\"><span style=\"color: #00ccff;\">Cellulase<\/span><\/a><\/td>\n<td class=\"et2\">9012-54-8<\/td>\n<\/tr>\n<tr style=\"height: 13.50pt;\">\n<td class=\"et2\" style=\"height: 13.50pt;\" height=\"18\"><a href=\"https:\/\/longchangchemical.com\/fr\/product\/naringinase-cas-9068-31-9\/\"><span style=\"color: #00ccff;\">Naringinase<\/span><\/a><\/td>\n<td class=\"et2\">9068-31-9<\/td>\n<\/tr>\n<tr style=\"height: 13.50pt;\">\n<td class=\"et2\" style=\"height: 13.50pt;\" height=\"18\"><a href=\"https:\/\/longchangchemical.com\/fr\/product\/beta-amylase-cas-9000-91-3\/\"><span style=\"color: #00ccff;\">\u03b2-Amylase<\/span><\/a><\/td>\n<td class=\"et2\">9000-91-3<\/td>\n<\/tr>\n<tr style=\"height: 13.50pt;\">\n<td class=\"et2\" style=\"height: 13.50pt;\" height=\"18\"><a href=\"https:\/\/longchangchemical.com\/fr\/product\/glucose-oxidase-cas-9001-37-0\/\"><span style=\"color: #00ccff;\">Glucose oxydase<\/span><\/a><\/td>\n<td class=\"et2\">9001-37-0<\/td>\n<\/tr>\n<tr style=\"height: 13.50pt;\">\n<td class=\"et2\" style=\"height: 13.50pt;\" height=\"18\">alpha-amylase<\/td>\n<td class=\"et2\">9000-90-2<\/td>\n<\/tr>\n<tr style=\"height: 13.50pt;\">\n<td class=\"et2\" style=\"height: 13.50pt;\" height=\"18\"><a href=\"https:\/\/longchangchemical.com\/fr\/product\/longzyme-acid-pectinase-cas-9032-75-1\/\"><span style=\"color: #00ccff;\">Pectinase<\/span><\/a><\/td>\n<td class=\"et2\">9032-75-1<\/td>\n<\/tr>\n<tr style=\"height: 13.50pt;\">\n<td class=\"et2\" style=\"height: 13.50pt;\" height=\"18\">Peroxydase<\/td>\n<td class=\"et2\">9003-99-0<\/td>\n<\/tr>\n<tr style=\"height: 13.50pt;\">\n<td class=\"et2\" style=\"height: 13.50pt;\" height=\"18\"><a href=\"https:\/\/longchangchemical.com\/fr\/product\/lipase-cas-9001-62-1\/\"><span style=\"color: #00ccff;\">Lipase<\/span><\/a><\/td>\n<td class=\"et2\">9001-62-1<\/td>\n<\/tr>\n<tr style=\"height: 13.50pt;\">\n<td class=\"et2\" style=\"height: 13.50pt;\" height=\"18\"><a href=\"https:\/\/longchangchemical.com\/fr\/product\/catalase-cas-9001-05-2\/\"><span style=\"color: #00ccff;\">Catalase<\/span><\/a><\/td>\n<td class=\"et4\">9001-05-2<\/td>\n<\/tr>\n<tr style=\"height: 13.50pt;\">\n<td class=\"et2\" style=\"height: 13.50pt;\" height=\"18\"><a href=\"https:\/\/longchangchemical.com\/fr\/product\/tannase-cas-9025-71-2\/\"><span style=\"color: #00ccff;\">TANNASE<\/span><\/a><\/td>\n<td class=\"et2\">9025-71-2<\/td>\n<\/tr>\n<tr style=\"height: 13.50pt;\">\n<td class=\"et2\" style=\"height: 13.50pt;\" height=\"18\"><a href=\"https:\/\/longchangchemical.com\/fr\/product\/elastase-cas-39445-21-1\/\"><span style=\"color: #00ccff;\">Elastase<\/span><\/a><\/td>\n<td class=\"et2\">39445-21-1<\/td>\n<\/tr>\n<tr style=\"height: 13.50pt;\">\n<td class=\"et2\" style=\"height: 13.50pt;\" height=\"18\"><a href=\"https:\/\/longchangchemical.com\/fr\/product\/urease-cas-9002-13-5\/\"><span style=\"color: #00ccff;\">Ur\u00e9ase<\/span><\/a><\/td>\n<td class=\"et2\">9002-13-5<\/td>\n<\/tr>\n<tr style=\"height: 13.50pt;\">\n<td class=\"et2\" style=\"height: 13.50pt;\" height=\"18\"><a href=\"https:\/\/longchangchemical.com\/fr\/product\/dextranase-cas-9025-70-1\/\"><span style=\"color: #00ccff;\">DEXTRANASE<\/span><\/a><\/td>\n<td class=\"et2\">9025-70-1<\/td>\n<\/tr>\n<tr style=\"height: 13.50pt;\">\n<td class=\"et2\" style=\"height: 13.5pt; text-align: left;\" height=\"18\"><a href=\"https:\/\/longchangchemical.com\/fr\/product\/l-lactic-dehydrogenase-cas-9001-60-9\/\"><span style=\"color: #00ccff;\">L-Lactique d\u00e9shydrog\u00e9nase<\/span><\/a><\/td>\n<td class=\"et2\">9001-60-9<\/td>\n<\/tr>\n<tr style=\"height: 13.50pt;\">\n<td class=\"et2\" style=\"height: 13.50pt;\" height=\"18\"><a href=\"https:\/\/longchangchemical.com\/fr\/product\/dehydrogenase-malate-cas-9001-64-3\/\"><span style=\"color: #00ccff;\">D\u00e9shydrog\u00e9nase malate<\/span><\/a><\/td>\n<td class=\"et2\">9001-64-3<\/td>\n<\/tr>\n<tr style=\"height: 13.50pt;\">\n<td class=\"et2\" style=\"height: 13.50pt;\" height=\"18\"><a href=\"https:\/\/longchangchemical.com\/fr\/product\/cholesterol-oxidase-cas-9028-76-6\/\"><span style=\"color: #00ccff;\">Cholest\u00e9rol oxydase<\/span><\/a><\/td>\n<td class=\"et2\">9028-76-6<\/td>\n<\/tr>\n<\/tbody>\n<\/table>","protected":false},"excerpt":{"rendered":"<p>pH optimal : 8,0-9,0 ; temp\u00e9rature optimale : 60\u2103 ; stabilit\u00e9 du pH : pH 4,0-9,0 (25\u2103, 16 h) stabilit\u00e9 thermique : stable en dessous de 50\u2103 (pH 7,5, 30 min) ; stabilit\u00e9 : plus de 90% activit\u00e9 est conserv\u00e9e apr\u00e8s avoir \u00e9t\u00e9 stock\u00e9 \u00e0 -25~-15\u2103 pendant 12 mois. Utilisations : utilis\u00e9 dans la recherche et le d\u00e9veloppement de r\u00e9actifs d'aminotransf\u00e9rase Contactez nous maintenant ! Si vous avez besoin d'un prix, veuillez [...]<\/p>","protected":false},"featured_media":7374,"comment_status":"closed","ping_status":"closed","template":"","meta":[],"product_brand":[],"product_cat":[172],"product_tag":[],"class_list":{"0":"post-7368","1":"product","2":"type-product","3":"status-publish","4":"has-post-thumbnail","6":"product_cat-longzyme-enzyme","8":"first","9":"instock","10":"shipping-taxable","11":"product-type-simple"},"yoast_head":"<!-- This site is optimized with the Yoast SEO plugin v25.3.1 - https:\/\/yoast.com\/wordpress\/plugins\/seo\/ -->\n<title>China Longzyme\u00ae L-Lactic dehydrogenase CAS 9001-60-9 Manufacturer - Longchang Chemical<\/title>\n<meta name=\"description\" content=\"Longzyme\u00ae L-Lactic dehydrogenase CAS 9001-60-9 is a key product of Longchang Chemical. We provide the best price. We are the leading manufacturer in China with the best quality and competitive price.\" \/>\n<meta name=\"robots\" content=\"index, follow, max-snippet:-1, max-image-preview:large, max-video-preview:-1\" \/>\n<link rel=\"canonical\" href=\"https:\/\/longchangchemical.com\/fr\/product\/l-lactic-dehydrogenase-cas-9001-60-9\/\" \/>\n<meta property=\"og:locale\" content=\"fr_FR\" \/>\n<meta property=\"og:type\" content=\"article\" \/>\n<meta property=\"og:title\" content=\"China Longzyme\u00ae L-Lactic dehydrogenase CAS 9001-60-9 Manufacturer - Longchang Chemical\" \/>\n<meta property=\"og:description\" content=\"Longzyme\u00ae L-Lactic dehydrogenase CAS 9001-60-9 is a key product of Longchang Chemical. We provide the best price. We are the leading manufacturer in China with the best quality and competitive price.\" \/>\n<meta property=\"og:url\" content=\"https:\/\/longchangchemical.com\/fr\/product\/l-lactic-dehydrogenase-cas-9001-60-9\/\" \/>\n<meta property=\"og:site_name\" content=\"Longchang Chemical\" \/>\n<meta property=\"article:modified_time\" content=\"2025-12-16T07:49:42+00:00\" \/>\n<meta property=\"og:image\" content=\"https:\/\/longchangchemical.com\/wp-content\/uploads\/2024\/09\/Longzyme-Enzyme.jpg\" \/>\n\t<meta property=\"og:image:width\" content=\"800\" \/>\n\t<meta property=\"og:image:height\" content=\"800\" \/>\n\t<meta property=\"og:image:type\" content=\"image\/jpeg\" \/>\n<meta name=\"twitter:card\" content=\"summary_large_image\" \/>\n<script type=\"application\/ld+json\" class=\"yoast-schema-graph\">{\"@context\":\"https:\/\/schema.org\",\"@graph\":[{\"@type\":\"WebPage\",\"@id\":\"https:\/\/longchangchemical.com\/product\/l-lactic-dehydrogenase-cas-9001-60-9\/\",\"url\":\"https:\/\/longchangchemical.com\/product\/l-lactic-dehydrogenase-cas-9001-60-9\/\",\"name\":\"China Longzyme\u00ae L-Lactic dehydrogenase CAS 9001-60-9 Manufacturer - Longchang Chemical\",\"isPartOf\":{\"@id\":\"https:\/\/longchangchemical.com\/#website\"},\"primaryImageOfPage\":{\"@id\":\"https:\/\/longchangchemical.com\/product\/l-lactic-dehydrogenase-cas-9001-60-9\/#primaryimage\"},\"image\":{\"@id\":\"https:\/\/longchangchemical.com\/product\/l-lactic-dehydrogenase-cas-9001-60-9\/#primaryimage\"},\"thumbnailUrl\":\"https:\/\/longchangchemical.com\/wp-content\/uploads\/2024\/09\/Longzyme-Enzyme.jpg\",\"datePublished\":\"2024-09-26T15:16:18+00:00\",\"dateModified\":\"2025-12-16T07:49:42+00:00\",\"description\":\"Longzyme\u00ae L-Lactic dehydrogenase CAS 9001-60-9 is a key product of Longchang Chemical. We provide the best price. We are the leading manufacturer in China with the best quality and competitive price.\",\"breadcrumb\":{\"@id\":\"https:\/\/longchangchemical.com\/product\/l-lactic-dehydrogenase-cas-9001-60-9\/#breadcrumb\"},\"inLanguage\":\"fr-FR\",\"potentialAction\":[{\"@type\":\"ReadAction\",\"target\":[\"https:\/\/longchangchemical.com\/product\/l-lactic-dehydrogenase-cas-9001-60-9\/\"]}]},{\"@type\":\"ImageObject\",\"inLanguage\":\"fr-FR\",\"@id\":\"https:\/\/longchangchemical.com\/product\/l-lactic-dehydrogenase-cas-9001-60-9\/#primaryimage\",\"url\":\"https:\/\/longchangchemical.com\/wp-content\/uploads\/2024\/09\/Longzyme-Enzyme.jpg\",\"contentUrl\":\"https:\/\/longchangchemical.com\/wp-content\/uploads\/2024\/09\/Longzyme-Enzyme.jpg\",\"width\":800,\"height\":800,\"caption\":\"Longzyme\u00ae Enzyme\"},{\"@type\":\"BreadcrumbList\",\"@id\":\"https:\/\/longchangchemical.com\/product\/l-lactic-dehydrogenase-cas-9001-60-9\/#breadcrumb\",\"itemListElement\":[{\"@type\":\"ListItem\",\"position\":1,\"name\":\"Home\",\"item\":\"https:\/\/longchangchemical.com\/\"},{\"@type\":\"ListItem\",\"position\":2,\"name\":\"Products Longchang\",\"item\":\"https:\/\/longchangchemical.com\/product\/\"},{\"@type\":\"ListItem\",\"position\":3,\"name\":\"Longzyme\u00ae L-Lactic dehydrogenase CAS 9001-60-9\"}]},{\"@type\":\"WebSite\",\"@id\":\"https:\/\/longchangchemical.com\/#website\",\"url\":\"https:\/\/longchangchemical.com\/\",\"name\":\"Longchang Chemical\",\"description\":\"China chemical manufacturer \uff06 supplier\",\"publisher\":{\"@id\":\"https:\/\/longchangchemical.com\/#organization\"},\"potentialAction\":[{\"@type\":\"SearchAction\",\"target\":{\"@type\":\"EntryPoint\",\"urlTemplate\":\"https:\/\/longchangchemical.com\/?s={search_term_string}\"},\"query-input\":{\"@type\":\"PropertyValueSpecification\",\"valueRequired\":true,\"valueName\":\"search_term_string\"}}],\"inLanguage\":\"fr-FR\"},{\"@type\":\"Organization\",\"@id\":\"https:\/\/longchangchemical.com\/#organization\",\"name\":\"Longchang Chemical\",\"url\":\"https:\/\/longchangchemical.com\/\",\"logo\":{\"@type\":\"ImageObject\",\"inLanguage\":\"fr-FR\",\"@id\":\"https:\/\/longchangchemical.com\/#\/schema\/logo\/image\/\",\"url\":\"https:\/\/longchangchemical.com\/wp-content\/uploads\/2020\/08\/cropped-longchang-logo.png\",\"contentUrl\":\"https:\/\/longchangchemical.com\/wp-content\/uploads\/2020\/08\/cropped-longchang-logo.png\",\"width\":512,\"height\":512,\"caption\":\"Longchang Chemical\"},\"image\":{\"@id\":\"https:\/\/longchangchemical.com\/#\/schema\/logo\/image\/\"}}]}<\/script>\n<!-- \/ Yoast SEO plugin. -->","yoast_head_json":{"title":"Chine Longzyme\u00ae L-Lactic dehydrogenase CAS 9001-60-9 Fabricant - Longchang Chemical","description":"Longzyme\u00ae L-Lactic dehydrogenase CAS 9001-60-9 est un produit cl\u00e9 de Longchang Chemical. Nous fournissons le meilleur prix. Nous sommes le principal fabricant en Chine avec la meilleure qualit\u00e9 et un prix comp\u00e9titif.","robots":{"index":"index","follow":"follow","max-snippet":"max-snippet:-1","max-image-preview":"max-image-preview:large","max-video-preview":"max-video-preview:-1"},"canonical":"https:\/\/longchangchemical.com\/fr\/product\/l-lactic-dehydrogenase-cas-9001-60-9\/","og_locale":"fr_FR","og_type":"article","og_title":"China Longzyme\u00ae L-Lactic dehydrogenase CAS 9001-60-9 Manufacturer - Longchang Chemical","og_description":"Longzyme\u00ae L-Lactic dehydrogenase CAS 9001-60-9 is a key product of Longchang Chemical. We provide the best price. We are the leading manufacturer in China with the best quality and competitive price.","og_url":"https:\/\/longchangchemical.com\/fr\/product\/l-lactic-dehydrogenase-cas-9001-60-9\/","og_site_name":"Longchang Chemical","article_modified_time":"2025-12-16T07:49:42+00:00","og_image":[{"width":800,"height":800,"url":"https:\/\/longchangchemical.com\/wp-content\/uploads\/2024\/09\/Longzyme-Enzyme.jpg","type":"image\/jpeg"}],"twitter_card":"summary_large_image","schema":{"@context":"https:\/\/schema.org","@graph":[{"@type":"WebPage","@id":"https:\/\/longchangchemical.com\/product\/l-lactic-dehydrogenase-cas-9001-60-9\/","url":"https:\/\/longchangchemical.com\/product\/l-lactic-dehydrogenase-cas-9001-60-9\/","name":"Chine Longzyme\u00ae L-Lactic dehydrogenase CAS 9001-60-9 Fabricant - Longchang Chemical","isPartOf":{"@id":"https:\/\/longchangchemical.com\/#website"},"primaryImageOfPage":{"@id":"https:\/\/longchangchemical.com\/product\/l-lactic-dehydrogenase-cas-9001-60-9\/#primaryimage"},"image":{"@id":"https:\/\/longchangchemical.com\/product\/l-lactic-dehydrogenase-cas-9001-60-9\/#primaryimage"},"thumbnailUrl":"https:\/\/longchangchemical.com\/wp-content\/uploads\/2024\/09\/Longzyme-Enzyme.jpg","datePublished":"2024-09-26T15:16:18+00:00","dateModified":"2025-12-16T07:49:42+00:00","description":"Longzyme\u00ae L-Lactic dehydrogenase CAS 9001-60-9 est un produit cl\u00e9 de Longchang Chemical. Nous fournissons le meilleur prix. Nous sommes le principal fabricant en Chine avec la meilleure qualit\u00e9 et un prix comp\u00e9titif.","breadcrumb":{"@id":"https:\/\/longchangchemical.com\/product\/l-lactic-dehydrogenase-cas-9001-60-9\/#breadcrumb"},"inLanguage":"fr-FR","potentialAction":[{"@type":"ReadAction","target":["https:\/\/longchangchemical.com\/product\/l-lactic-dehydrogenase-cas-9001-60-9\/"]}]},{"@type":"ImageObject","inLanguage":"fr-FR","@id":"https:\/\/longchangchemical.com\/product\/l-lactic-dehydrogenase-cas-9001-60-9\/#primaryimage","url":"https:\/\/longchangchemical.com\/wp-content\/uploads\/2024\/09\/Longzyme-Enzyme.jpg","contentUrl":"https:\/\/longchangchemical.com\/wp-content\/uploads\/2024\/09\/Longzyme-Enzyme.jpg","width":800,"height":800,"caption":"Longzyme\u00ae Enzyme"},{"@type":"BreadcrumbList","@id":"https:\/\/longchangchemical.com\/product\/l-lactic-dehydrogenase-cas-9001-60-9\/#breadcrumb","itemListElement":[{"@type":"ListItem","position":1,"name":"Home","item":"https:\/\/longchangchemical.com\/"},{"@type":"ListItem","position":2,"name":"Products Longchang","item":"https:\/\/longchangchemical.com\/product\/"},{"@type":"ListItem","position":3,"name":"Longzyme\u00ae L-Lactic dehydrogenase CAS 9001-60-9"}]},{"@type":"WebSite","@id":"https:\/\/longchangchemical.com\/#website","url":"https:\/\/longchangchemical.com\/","name":"Longchang Chemical","description":"Fabricant chinois de produits chimiques \uff06 fournisseur","publisher":{"@id":"https:\/\/longchangchemical.com\/#organization"},"potentialAction":[{"@type":"SearchAction","target":{"@type":"EntryPoint","urlTemplate":"https:\/\/longchangchemical.com\/?s={search_term_string}"},"query-input":{"@type":"PropertyValueSpecification","valueRequired":true,"valueName":"search_term_string"}}],"inLanguage":"fr-FR"},{"@type":"Organization","@id":"https:\/\/longchangchemical.com\/#organization","name":"Longchang Chemical","url":"https:\/\/longchangchemical.com\/","logo":{"@type":"ImageObject","inLanguage":"fr-FR","@id":"https:\/\/longchangchemical.com\/#\/schema\/logo\/image\/","url":"https:\/\/longchangchemical.com\/wp-content\/uploads\/2020\/08\/cropped-longchang-logo.png","contentUrl":"https:\/\/longchangchemical.com\/wp-content\/uploads\/2020\/08\/cropped-longchang-logo.png","width":512,"height":512,"caption":"Longchang Chemical"},"image":{"@id":"https:\/\/longchangchemical.com\/#\/schema\/logo\/image\/"}}]}},"_links":{"self":[{"href":"https:\/\/longchangchemical.com\/fr\/wp-json\/wp\/v2\/product\/7368","targetHints":{"allow":["GET"]}}],"collection":[{"href":"https:\/\/longchangchemical.com\/fr\/wp-json\/wp\/v2\/product"}],"about":[{"href":"https:\/\/longchangchemical.com\/fr\/wp-json\/wp\/v2\/types\/product"}],"replies":[{"embeddable":true,"href":"https:\/\/longchangchemical.com\/fr\/wp-json\/wp\/v2\/comments?post=7368"}],"wp:featuredmedia":[{"embeddable":true,"href":"https:\/\/longchangchemical.com\/fr\/wp-json\/wp\/v2\/media\/7374"}],"wp:attachment":[{"href":"https:\/\/longchangchemical.com\/fr\/wp-json\/wp\/v2\/media?parent=7368"}],"wp:term":[{"taxonomy":"product_brand","embeddable":true,"href":"https:\/\/longchangchemical.com\/fr\/wp-json\/wp\/v2\/product_brand?post=7368"},{"taxonomy":"product_cat","embeddable":true,"href":"https:\/\/longchangchemical.com\/fr\/wp-json\/wp\/v2\/product_cat?post=7368"},{"taxonomy":"product_tag","embeddable":true,"href":"https:\/\/longchangchemical.com\/fr\/wp-json\/wp\/v2\/product_tag?post=7368"}],"curies":[{"name":"wp","href":"https:\/\/api.w.org\/{rel}","templated":true}]}}