{"id":7361,"date":"2024-09-26T13:24:08","date_gmt":"2024-09-26T13:24:08","guid":{"rendered":"https:\/\/longchangchemical.com\/?post_type=product&#038;p=7361"},"modified":"2026-05-08T08:26:28","modified_gmt":"2026-05-08T08:26:28","slug":"glucose-oxidase-cas-9001-37-0","status":"publish","type":"product","link":"https:\/\/longchangchemical.com\/fr\/product\/glucose-oxidase-cas-9001-37-0\/","title":{"rendered":"Longzyme\u00ae Glucose oxydase CAS 9001-37-0"},"content":{"rendered":"<h2><strong>Glucose oxydase CAS 9001-37-0<\/strong><\/h2>\n<table style=\"border-collapse: collapse; width: 338.27pt;\" border=\"0\" width=\"451\" cellspacing=\"0\" cellpadding=\"0\">\n<tbody>\n<tr style=\"height: 13.50pt;\">\n<td class=\"et2\" style=\"height: 13.50pt; width: 219.75pt;\" width=\"293\" height=\"18\">Objet<\/td>\n<td class=\"et2\" style=\"width: 118.50pt;\" width=\"158\">norme<\/td>\n<\/tr>\n<tr style=\"height: 13.50pt;\">\n<td class=\"et2\" style=\"height: 13.50pt;\" height=\"18\">Volume g\/ml<\/td>\n<td class=\"et2\">1.10-1.25<\/td>\n<\/tr>\n<tr style=\"height: 13.50pt;\">\n<td class=\"et2\" style=\"height: 13.50pt;\" height=\"18\">pH(25\u00b0C)<\/td>\n<td class=\"et2\">3.5-5.5<\/td>\n<\/tr>\n<tr style=\"height: 13.50pt;\">\n<td class=\"et2\" style=\"height: 13.50pt;\" height=\"18\">Plomb(Pb)\/(mg\/kg)<\/td>\n<td class=\"et2\">&lt;5.0<\/td>\n<\/tr>\n<tr style=\"height: 13.50pt;\">\n<td class=\"et2\" style=\"height: 13.50pt;\" height=\"18\">Arsenic total (As)\/(mg\/kg)<\/td>\n<td class=\"et2\">&lt;3.0<\/td>\n<\/tr>\n<tr style=\"height: 13.50pt;\">\n<td class=\"et2\" style=\"height: 13.50pt;\" height=\"18\">Colonies totales\/(CFU\/mL)<\/td>\n<td class=\"et2\">&lt;50000<\/td>\n<\/tr>\n<tr style=\"height: 13.50pt;\">\n<td class=\"et2\" style=\"height: 13.50pt;\" height=\"18\">Coliformes\/(CFU\/mL)<\/td>\n<td class=\"et2\">&lt;30<\/td>\n<\/tr>\n<tr style=\"height: 13.50pt;\">\n<td class=\"et2\" style=\"height: 13.50pt;\" height=\"18\">Escherichia coli(CFU\/mL)\/(MPN\/mL)<\/td>\n<td class=\"et2\">&lt;10\/&lt;3.0<\/td>\n<\/tr>\n<tr style=\"height: 13.50pt;\">\n<td class=\"et2\" style=\"height: 13.50pt;\" height=\"18\">Salmonelle(25ml)<\/td>\n<td class=\"et2\">non d\u00e9tectable<\/td>\n<\/tr>\n<\/tbody>\n<\/table>\n<h2><\/h2>\n<p>1. Glucose oxydase (pour la production de gluconate)<br \/>\n(12 000 activit\u00e9s enzymatiques\/de qualit\u00e9 alimentaire)<br \/>\nPrincipalement utilis\u00e9 dans la production de gluconate<br \/>\nLa glucose oxydase (pour la production de gluconate) est produite par fermentation liquide profonde en utilisant Aspergillus niger comme souche productrice. L'enzyme est une oxydor\u00e9ductase qui oxyde exclusivement le glucose pour produire du gluconolactone en pr\u00e9sence d'oxyg\u00e8ne mol\u00e9culaire, et consomme en m\u00eame temps de l'oxyg\u00e8ne pour produire du peroxyde d'hydrog\u00e8ne, et le gluconolactone produit ensuite de l'acide gluconique.<\/p>\n<p>2. Nouvelle glucose oxydase r\u00e9sistante aux temp\u00e9ratures \u00e9lev\u00e9es (activit\u00e9 de 10 000 enzymes\/niveau d'alimentation)<br \/>\nPrincipalement utilis\u00e9 dans l'alimentation du b\u00e9tail et de la volaille<br \/>\nLa glucose-oxydase d'un nouveau type, r\u00e9sistante aux temp\u00e9ratures \u00e9lev\u00e9es, est produite par une s\u00e9rie de criblages de souches, s\u00e9lectionnant l'excellente souche Aspergillus niger comme souche de production, et affin\u00e9e par fermentation liquide profonde. La glucose oxydase issue de cette souche pr\u00e9sente une r\u00e9sistance \u00e0 la temp\u00e9rature beaucoup plus \u00e9lev\u00e9e (l'activit\u00e9 enzymatique peut \u00eatre maintenue \u00e0 plus de 80% apr\u00e8s 3 minutes de traitement au bain-marie \u00e0 85\u00b0C), de sorte qu'elle peut r\u00e9sister \u00e0 des processus \u00e0 haute temp\u00e9rature tels que la granulation et la transformation des aliments pour animaux.<\/p>\n<h2><strong>Autre nom :\u00a0<\/strong><\/h2>\n<p>D-Glucose-1-oxydase ;<\/p>\n<p>notatin ;<\/p>\n<p>oxidaseglucose ;<\/p>\n<h2><strong><b>Contactez-nous d\u00e8s maintenant !<\/b><\/strong><\/h2>\n<h4><strong><b>Si vous avez besoin de Price, veuillez indiquer vos coordonn\u00e9es dans le formulaire ci-dessous. Nous vous contacterons g\u00e9n\u00e9ralement dans les 24 heures. Vous pouvez \u00e9galement m'envoyer un courriel\u00a0<span style=\"color: #00ccff;\"><a style=\"color: #00ccff;\" href=\"mailto:info@longchangchemical.com\">info@longchangchemical.com<\/a><\/span>\u00a0pendant les heures de travail ( 8:30 am to 6:00 pm UTC+8 Mon.~Sat. ) ou utilisez le chat en direct du site web pour obtenir une r\u00e9ponse rapide.<\/b><\/strong><\/h4>\n<table style=\"border-collapse: collapse; width: 326.27pt;\" border=\"0\" width=\"435\" cellspacing=\"0\" cellpadding=\"0\">\n<tbody>\n<tr style=\"height: 13.50pt;\">\n<td class=\"et2\" style=\"height: 13.50pt; width: 164.25pt;\" width=\"219\" height=\"18\"><a href=\"https:\/\/longchangchemical.com\/fr\/product\/compound-glucoamylase-cas-9032-08-0\/\"><span style=\"color: #00ccff;\">Compos\u00e9 Glucoamylase<\/span><\/a><\/td>\n<td class=\"et2\" style=\"width: 162.00pt;\" width=\"216\">9032-08-0<\/td>\n<\/tr>\n<tr style=\"height: 13.50pt;\">\n<td class=\"et2\" style=\"height: 13.50pt;\" height=\"18\"><a href=\"https:\/\/longchangchemical.com\/fr\/product\/pullulanase-cas-9075-68-7\/\"><span style=\"color: #00ccff;\">Pullulanase<\/span><\/a><\/td>\n<td class=\"et2\">9075-68-7<\/td>\n<\/tr>\n<tr style=\"height: 13.50pt;\">\n<td class=\"et2\" style=\"height: 13.50pt;\" height=\"18\"><a href=\"https:\/\/longchangchemical.com\/fr\/product\/xylanase-cas-37278-89-0\/\"><span style=\"color: #00ccff;\">Xylanase<\/span><\/a><\/td>\n<td class=\"et2\">37278-89-0<\/td>\n<\/tr>\n<tr style=\"height: 13.50pt;\">\n<td class=\"et2\" style=\"height: 13.50pt;\" height=\"18\"><a href=\"https:\/\/longchangchemical.com\/fr\/product\/cellulase-cas-9012-54-8\/\"><span style=\"color: #00ccff;\">Cellulase<\/span><\/a><\/td>\n<td class=\"et2\">9012-54-8<\/td>\n<\/tr>\n<tr style=\"height: 13.50pt;\">\n<td class=\"et2\" style=\"height: 13.50pt;\" height=\"18\"><a href=\"https:\/\/longchangchemical.com\/fr\/product\/naringinase-cas-9068-31-9\/\"><span style=\"color: #00ccff;\">Naringinase<\/span><\/a><\/td>\n<td class=\"et2\">9068-31-9<\/td>\n<\/tr>\n<tr style=\"height: 13.50pt;\">\n<td class=\"et2\" style=\"height: 13.50pt;\" height=\"18\"><a href=\"https:\/\/longchangchemical.com\/fr\/product\/beta-amylase-cas-9000-91-3\/\"><span style=\"color: #00ccff;\">\u03b2-Amylase<\/span><\/a><\/td>\n<td class=\"et2\">9000-91-3<\/td>\n<\/tr>\n<tr style=\"height: 13.50pt;\">\n<td class=\"et2\" style=\"height: 13.50pt;\" height=\"18\"><a href=\"https:\/\/longchangchemical.com\/fr\/product\/glucose-oxidase-cas-9001-37-0\/\"><span style=\"color: #00ccff;\">Glucose oxydase<\/span><\/a><\/td>\n<td class=\"et2\">9001-37-0<\/td>\n<\/tr>\n<tr style=\"height: 13.50pt;\">\n<td class=\"et2\" style=\"height: 13.50pt;\" height=\"18\">alpha-amylase<\/td>\n<td class=\"et2\">9000-90-2<\/td>\n<\/tr>\n<tr style=\"height: 13.50pt;\">\n<td class=\"et2\" style=\"height: 13.50pt;\" height=\"18\"><a href=\"https:\/\/longchangchemical.com\/fr\/product\/longzyme-acid-pectinase-cas-9032-75-1\/\"><span style=\"color: #00ccff;\">Pectinase<\/span><\/a><\/td>\n<td class=\"et2\">9032-75-1<\/td>\n<\/tr>\n<tr style=\"height: 13.50pt;\">\n<td class=\"et2\" style=\"height: 13.50pt;\" height=\"18\">Peroxydase<\/td>\n<td class=\"et2\">9003-99-0<\/td>\n<\/tr>\n<tr style=\"height: 13.50pt;\">\n<td class=\"et2\" style=\"height: 13.50pt;\" height=\"18\"><a href=\"https:\/\/longchangchemical.com\/fr\/product\/lipase-cas-9001-62-1\/\"><span style=\"color: #00ccff;\">Lipase<\/span><\/a><\/td>\n<td class=\"et2\">9001-62-1<\/td>\n<\/tr>\n<tr style=\"height: 13.50pt;\">\n<td class=\"et2\" style=\"height: 13.50pt;\" height=\"18\"><a href=\"https:\/\/longchangchemical.com\/fr\/product\/catalase-cas-9001-05-2\/\"><span style=\"color: #00ccff;\">Catalase<\/span><\/a><\/td>\n<td class=\"et4\">9001-05-2<\/td>\n<\/tr>\n<tr style=\"height: 13.50pt;\">\n<td class=\"et2\" style=\"height: 13.50pt;\" height=\"18\"><a href=\"https:\/\/longchangchemical.com\/fr\/product\/tannase-cas-9025-71-2\/\"><span style=\"color: #00ccff;\">TANNASE<\/span><\/a><\/td>\n<td class=\"et2\">9025-71-2<\/td>\n<\/tr>\n<tr style=\"height: 13.50pt;\">\n<td class=\"et2\" style=\"height: 13.50pt;\" height=\"18\"><a href=\"https:\/\/longchangchemical.com\/fr\/product\/elastase-cas-39445-21-1\/\"><span style=\"color: #00ccff;\">Elastase<\/span><\/a><\/td>\n<td class=\"et2\">39445-21-1<\/td>\n<\/tr>\n<tr style=\"height: 13.50pt;\">\n<td class=\"et2\" style=\"height: 13.50pt;\" height=\"18\"><a href=\"https:\/\/longchangchemical.com\/fr\/product\/urease-cas-9002-13-5\/\"><span style=\"color: #00ccff;\">Ur\u00e9ase<\/span><\/a><\/td>\n<td class=\"et2\">9002-13-5<\/td>\n<\/tr>\n<tr style=\"height: 13.50pt;\">\n<td class=\"et2\" style=\"height: 13.50pt;\" height=\"18\"><a href=\"https:\/\/longchangchemical.com\/fr\/product\/dextranase-cas-9025-70-1\/\"><span style=\"color: #00ccff;\">DEXTRANASE<\/span><\/a><\/td>\n<td class=\"et2\">9025-70-1<\/td>\n<\/tr>\n<tr style=\"height: 13.50pt;\">\n<td class=\"et2\" style=\"height: 13.5pt; text-align: left;\" height=\"18\"><a href=\"https:\/\/longchangchemical.com\/fr\/product\/l-lactic-dehydrogenase-cas-9001-60-9\/\"><span style=\"color: #00ccff;\">L-Lactique d\u00e9shydrog\u00e9nase<\/span><\/a><\/td>\n<td class=\"et2\">9001-60-9<\/td>\n<\/tr>\n<tr style=\"height: 13.50pt;\">\n<td class=\"et2\" style=\"height: 13.50pt;\" height=\"18\"><a href=\"https:\/\/longchangchemical.com\/fr\/product\/dehydrogenase-malate-cas-9001-64-3\/\"><span style=\"color: #00ccff;\">D\u00e9shydrog\u00e9nase malate<\/span><\/a><\/td>\n<td class=\"et2\">9001-64-3<\/td>\n<\/tr>\n<tr style=\"height: 13.50pt;\">\n<td class=\"et2\" style=\"height: 13.50pt;\" height=\"18\"><a href=\"https:\/\/longchangchemical.com\/fr\/product\/cholesterol-oxidase-cas-9028-76-6\/\"><span style=\"color: #00ccff;\">Cholest\u00e9rol oxydase<\/span><\/a><\/td>\n<td class=\"et2\">9028-76-6<\/td>\n<\/tr>\n<\/tbody>\n<\/table>","protected":false},"excerpt":{"rendered":"<p>Glucose oxidase CAS 9001-37-0 Enzyme is an enzyme for laboratory, diagnostic and industrial biocatalytic use. Key properties include and at the same time consumes oxygen to produce hydrogen peroxide, and gluconolactone further produces gluconic acid. 2. New high temperature resistant glucose oxidase (10, and 000 enzyme activity\/feed grade) Mainly used in livestock and poultry feed new type high<\/p>","protected":false},"featured_media":7374,"comment_status":"closed","ping_status":"closed","template":"","meta":[],"product_brand":[],"product_cat":[172],"product_tag":[],"class_list":{"0":"post-7361","1":"product","2":"type-product","3":"status-publish","4":"has-post-thumbnail","6":"product_cat-longzyme-enzyme","8":"first","9":"instock","10":"shipping-taxable","11":"product-type-simple"},"yoast_head":"<!-- This site is optimized with the Yoast SEO plugin v25.3.1 - https:\/\/yoast.com\/wordpress\/plugins\/seo\/ -->\n<title>Glucose oxidase CAS 9001-37-0 Enzyme | Longchang Chemical<\/title>\n<meta name=\"description\" content=\"Longzyme\u00ae Glucose oxidase CAS 9001-37-0 is a key product of Longchang Chemical. We provide the best price. We are the leading manufacturer in China with the best quality and competitive price. Other Name:\u00a0D-Glucose-1-oxidase;\u00a0notatin;\u00a0oxidaseglucose;\u00a0\" \/>\n<meta name=\"robots\" content=\"index, follow, max-snippet:-1, max-image-preview:large, max-video-preview:-1\" \/>\n<link rel=\"canonical\" href=\"https:\/\/longchangchemical.com\/fr\/product\/glucose-oxidase-cas-9001-37-0\/\" \/>\n<meta property=\"og:locale\" content=\"fr_FR\" \/>\n<meta property=\"og:type\" content=\"article\" \/>\n<meta property=\"og:title\" content=\"Glucose oxidase CAS 9001-37-0 Enzyme | Longchang Chemical\" \/>\n<meta property=\"og:description\" content=\"Longzyme\u00ae Glucose oxidase CAS 9001-37-0 is a key product of Longchang Chemical. We provide the best price. We are the leading manufacturer in China with the best quality and competitive price. Other Name:\u00a0D-Glucose-1-oxidase;\u00a0notatin;\u00a0oxidaseglucose;\u00a0\" \/>\n<meta property=\"og:url\" content=\"https:\/\/longchangchemical.com\/fr\/product\/glucose-oxidase-cas-9001-37-0\/\" \/>\n<meta property=\"og:site_name\" content=\"Longchang Chemical\" \/>\n<meta property=\"article:modified_time\" content=\"2026-05-08T08:26:28+00:00\" \/>\n<meta property=\"og:image\" content=\"https:\/\/longchangchemical.com\/wp-content\/uploads\/2024\/09\/Longzyme-Enzyme.jpg\" \/>\n\t<meta property=\"og:image:width\" content=\"800\" \/>\n\t<meta property=\"og:image:height\" content=\"800\" \/>\n\t<meta property=\"og:image:type\" content=\"image\/jpeg\" \/>\n<meta name=\"twitter:card\" content=\"summary_large_image\" \/>\n<script type=\"application\/ld+json\" class=\"yoast-schema-graph\">{\"@context\":\"https:\/\/schema.org\",\"@graph\":[{\"@type\":\"WebPage\",\"@id\":\"https:\/\/longchangchemical.com\/product\/glucose-oxidase-cas-9001-37-0\/\",\"url\":\"https:\/\/longchangchemical.com\/product\/glucose-oxidase-cas-9001-37-0\/\",\"name\":\"Glucose oxidase CAS 9001-37-0 Enzyme | Longchang Chemical\",\"isPartOf\":{\"@id\":\"https:\/\/longchangchemical.com\/#website\"},\"primaryImageOfPage\":{\"@id\":\"https:\/\/longchangchemical.com\/product\/glucose-oxidase-cas-9001-37-0\/#primaryimage\"},\"image\":{\"@id\":\"https:\/\/longchangchemical.com\/product\/glucose-oxidase-cas-9001-37-0\/#primaryimage\"},\"thumbnailUrl\":\"https:\/\/longchangchemical.com\/wp-content\/uploads\/2024\/09\/Longzyme-Enzyme.jpg\",\"datePublished\":\"2024-09-26T13:24:08+00:00\",\"dateModified\":\"2026-05-08T08:26:28+00:00\",\"description\":\"Longzyme\u00ae Glucose oxidase CAS 9001-37-0 is a key product of Longchang Chemical. We provide the best price. We are the leading manufacturer in China with the best quality and competitive price. Other Name:\u00a0D-Glucose-1-oxidase;\u00a0notatin;\u00a0oxidaseglucose;\u00a0\",\"breadcrumb\":{\"@id\":\"https:\/\/longchangchemical.com\/product\/glucose-oxidase-cas-9001-37-0\/#breadcrumb\"},\"inLanguage\":\"fr-FR\",\"potentialAction\":[{\"@type\":\"ReadAction\",\"target\":[\"https:\/\/longchangchemical.com\/product\/glucose-oxidase-cas-9001-37-0\/\"]}]},{\"@type\":\"ImageObject\",\"inLanguage\":\"fr-FR\",\"@id\":\"https:\/\/longchangchemical.com\/product\/glucose-oxidase-cas-9001-37-0\/#primaryimage\",\"url\":\"https:\/\/longchangchemical.com\/wp-content\/uploads\/2024\/09\/Longzyme-Enzyme.jpg\",\"contentUrl\":\"https:\/\/longchangchemical.com\/wp-content\/uploads\/2024\/09\/Longzyme-Enzyme.jpg\",\"width\":800,\"height\":800,\"caption\":\"Longzyme\u00ae Enzyme\"},{\"@type\":\"BreadcrumbList\",\"@id\":\"https:\/\/longchangchemical.com\/product\/glucose-oxidase-cas-9001-37-0\/#breadcrumb\",\"itemListElement\":[{\"@type\":\"ListItem\",\"position\":1,\"name\":\"Home\",\"item\":\"https:\/\/longchangchemical.com\/\"},{\"@type\":\"ListItem\",\"position\":2,\"name\":\"Products Longchang\",\"item\":\"https:\/\/longchangchemical.com\/product\/\"},{\"@type\":\"ListItem\",\"position\":3,\"name\":\"Longzyme\u00ae Glucose oxidase CAS 9001-37-0\"}]},{\"@type\":\"WebSite\",\"@id\":\"https:\/\/longchangchemical.com\/#website\",\"url\":\"https:\/\/longchangchemical.com\/\",\"name\":\"Longchang Chemical\",\"description\":\"China chemical manufacturer \uff06 supplier\",\"publisher\":{\"@id\":\"https:\/\/longchangchemical.com\/#organization\"},\"potentialAction\":[{\"@type\":\"SearchAction\",\"target\":{\"@type\":\"EntryPoint\",\"urlTemplate\":\"https:\/\/longchangchemical.com\/?s={search_term_string}\"},\"query-input\":{\"@type\":\"PropertyValueSpecification\",\"valueRequired\":true,\"valueName\":\"search_term_string\"}}],\"inLanguage\":\"fr-FR\"},{\"@type\":\"Organization\",\"@id\":\"https:\/\/longchangchemical.com\/#organization\",\"name\":\"Longchang Chemical\",\"url\":\"https:\/\/longchangchemical.com\/\",\"logo\":{\"@type\":\"ImageObject\",\"inLanguage\":\"fr-FR\",\"@id\":\"https:\/\/longchangchemical.com\/#\/schema\/logo\/image\/\",\"url\":\"https:\/\/longchangchemical.com\/wp-content\/uploads\/2020\/08\/cropped-longchang-logo.png\",\"contentUrl\":\"https:\/\/longchangchemical.com\/wp-content\/uploads\/2020\/08\/cropped-longchang-logo.png\",\"width\":512,\"height\":512,\"caption\":\"Longchang Chemical\"},\"image\":{\"@id\":\"https:\/\/longchangchemical.com\/#\/schema\/logo\/image\/\"}}]}<\/script>\n<!-- \/ Yoast SEO plugin. -->","yoast_head_json":{"title":"Glucose oxidase CAS 9001-37-0 Enzyme | Longchang Chemical","description":"Longzyme\u00ae Glucose oxydase CAS 9001-37-0 est un produit cl\u00e9 de Longchang Chemical. Nous fournissons le meilleur prix. Nous sommes le principal fabricant en Chine avec la meilleure qualit\u00e9 et un prix comp\u00e9titif. Autre nom : D-Glucose-1-oxydase ; notatine ; oxidaseglucose ;\u00a0","robots":{"index":"index","follow":"follow","max-snippet":"max-snippet:-1","max-image-preview":"max-image-preview:large","max-video-preview":"max-video-preview:-1"},"canonical":"https:\/\/longchangchemical.com\/fr\/product\/glucose-oxidase-cas-9001-37-0\/","og_locale":"fr_FR","og_type":"article","og_title":"Glucose oxidase CAS 9001-37-0 Enzyme | Longchang Chemical","og_description":"Longzyme\u00ae Glucose oxidase CAS 9001-37-0 is a key product of Longchang Chemical. We provide the best price. We are the leading manufacturer in China with the best quality and competitive price. Other Name:\u00a0D-Glucose-1-oxidase;\u00a0notatin;\u00a0oxidaseglucose;\u00a0","og_url":"https:\/\/longchangchemical.com\/fr\/product\/glucose-oxidase-cas-9001-37-0\/","og_site_name":"Longchang Chemical","article_modified_time":"2026-05-08T08:26:28+00:00","og_image":[{"width":800,"height":800,"url":"https:\/\/longchangchemical.com\/wp-content\/uploads\/2024\/09\/Longzyme-Enzyme.jpg","type":"image\/jpeg"}],"twitter_card":"summary_large_image","schema":{"@context":"https:\/\/schema.org","@graph":[{"@type":"WebPage","@id":"https:\/\/longchangchemical.com\/product\/glucose-oxidase-cas-9001-37-0\/","url":"https:\/\/longchangchemical.com\/product\/glucose-oxidase-cas-9001-37-0\/","name":"Glucose oxidase CAS 9001-37-0 Enzyme | Longchang Chemical","isPartOf":{"@id":"https:\/\/longchangchemical.com\/#website"},"primaryImageOfPage":{"@id":"https:\/\/longchangchemical.com\/product\/glucose-oxidase-cas-9001-37-0\/#primaryimage"},"image":{"@id":"https:\/\/longchangchemical.com\/product\/glucose-oxidase-cas-9001-37-0\/#primaryimage"},"thumbnailUrl":"https:\/\/longchangchemical.com\/wp-content\/uploads\/2024\/09\/Longzyme-Enzyme.jpg","datePublished":"2024-09-26T13:24:08+00:00","dateModified":"2026-05-08T08:26:28+00:00","description":"Longzyme\u00ae Glucose oxydase CAS 9001-37-0 est un produit cl\u00e9 de Longchang Chemical. Nous fournissons le meilleur prix. Nous sommes le principal fabricant en Chine avec la meilleure qualit\u00e9 et un prix comp\u00e9titif. Autre nom : D-Glucose-1-oxydase ; notatine ; oxidaseglucose ;\u00a0","breadcrumb":{"@id":"https:\/\/longchangchemical.com\/product\/glucose-oxidase-cas-9001-37-0\/#breadcrumb"},"inLanguage":"fr-FR","potentialAction":[{"@type":"ReadAction","target":["https:\/\/longchangchemical.com\/product\/glucose-oxidase-cas-9001-37-0\/"]}]},{"@type":"ImageObject","inLanguage":"fr-FR","@id":"https:\/\/longchangchemical.com\/product\/glucose-oxidase-cas-9001-37-0\/#primaryimage","url":"https:\/\/longchangchemical.com\/wp-content\/uploads\/2024\/09\/Longzyme-Enzyme.jpg","contentUrl":"https:\/\/longchangchemical.com\/wp-content\/uploads\/2024\/09\/Longzyme-Enzyme.jpg","width":800,"height":800,"caption":"Longzyme\u00ae Enzyme"},{"@type":"BreadcrumbList","@id":"https:\/\/longchangchemical.com\/product\/glucose-oxidase-cas-9001-37-0\/#breadcrumb","itemListElement":[{"@type":"ListItem","position":1,"name":"Home","item":"https:\/\/longchangchemical.com\/"},{"@type":"ListItem","position":2,"name":"Products Longchang","item":"https:\/\/longchangchemical.com\/product\/"},{"@type":"ListItem","position":3,"name":"Longzyme\u00ae Glucose oxidase CAS 9001-37-0"}]},{"@type":"WebSite","@id":"https:\/\/longchangchemical.com\/#website","url":"https:\/\/longchangchemical.com\/","name":"Longchang Chemical","description":"Fabricant chinois de produits chimiques \uff06 fournisseur","publisher":{"@id":"https:\/\/longchangchemical.com\/#organization"},"potentialAction":[{"@type":"SearchAction","target":{"@type":"EntryPoint","urlTemplate":"https:\/\/longchangchemical.com\/?s={search_term_string}"},"query-input":{"@type":"PropertyValueSpecification","valueRequired":true,"valueName":"search_term_string"}}],"inLanguage":"fr-FR"},{"@type":"Organization","@id":"https:\/\/longchangchemical.com\/#organization","name":"Longchang Chemical","url":"https:\/\/longchangchemical.com\/","logo":{"@type":"ImageObject","inLanguage":"fr-FR","@id":"https:\/\/longchangchemical.com\/#\/schema\/logo\/image\/","url":"https:\/\/longchangchemical.com\/wp-content\/uploads\/2020\/08\/cropped-longchang-logo.png","contentUrl":"https:\/\/longchangchemical.com\/wp-content\/uploads\/2020\/08\/cropped-longchang-logo.png","width":512,"height":512,"caption":"Longchang Chemical"},"image":{"@id":"https:\/\/longchangchemical.com\/#\/schema\/logo\/image\/"}}]}},"_links":{"self":[{"href":"https:\/\/longchangchemical.com\/fr\/wp-json\/wp\/v2\/product\/7361","targetHints":{"allow":["GET"]}}],"collection":[{"href":"https:\/\/longchangchemical.com\/fr\/wp-json\/wp\/v2\/product"}],"about":[{"href":"https:\/\/longchangchemical.com\/fr\/wp-json\/wp\/v2\/types\/product"}],"replies":[{"embeddable":true,"href":"https:\/\/longchangchemical.com\/fr\/wp-json\/wp\/v2\/comments?post=7361"}],"wp:featuredmedia":[{"embeddable":true,"href":"https:\/\/longchangchemical.com\/fr\/wp-json\/wp\/v2\/media\/7374"}],"wp:attachment":[{"href":"https:\/\/longchangchemical.com\/fr\/wp-json\/wp\/v2\/media?parent=7361"}],"wp:term":[{"taxonomy":"product_brand","embeddable":true,"href":"https:\/\/longchangchemical.com\/fr\/wp-json\/wp\/v2\/product_brand?post=7361"},{"taxonomy":"product_cat","embeddable":true,"href":"https:\/\/longchangchemical.com\/fr\/wp-json\/wp\/v2\/product_cat?post=7361"},{"taxonomy":"product_tag","embeddable":true,"href":"https:\/\/longchangchemical.com\/fr\/wp-json\/wp\/v2\/product_tag?post=7361"}],"curies":[{"name":"wp","href":"https:\/\/api.w.org\/{rel}","templated":true}]}}