{"id":7340,"date":"2024-09-26T02:49:32","date_gmt":"2024-09-26T02:49:32","guid":{"rendered":"https:\/\/longchangchemical.com\/?post_type=product&#038;p=7340"},"modified":"2024-09-26T02:49:32","modified_gmt":"2024-09-26T02:49:32","slug":"tricyclodecnyl-acetate-cas-5413-60-5","status":"publish","type":"product","link":"https:\/\/longchangchemical.com\/fr\/product\/tricyclodecnyl-acetate-cas-5413-60-5\/","title":{"rendered":"Ac\u00e9tate de tricyclod\u00e9cnyle CAS 5413-60-5"},"content":{"rendered":"<h1><strong>Ac\u00e9tate de tricyclod\u00e9cnyle CAS 5413-60-5<\/strong><\/h1>\n<table>\n<tbody>\n<tr>\n<td width=\"284\"><strong>POINTS<\/strong><\/td>\n<td width=\"284\"><strong>SPECIFICATION<\/strong><\/td>\n<\/tr>\n<tr>\n<td width=\"284\">Densit\u00e9<\/td>\n<td width=\"284\">1.0240<\/td>\n<\/tr>\n<tr>\n<td width=\"284\">Point d'\u00e9bullition<\/td>\n<td width=\"284\">288.25\u00b0C<\/td>\n<\/tr>\n<tr>\n<td width=\"284\">Apparence<\/td>\n<td width=\"284\">Liquide visqueux incolore<\/td>\n<\/tr>\n<tr>\n<td width=\"284\">Odeur<\/td>\n<td width=\"284\">Parfum floral et bois\u00e9<\/td>\n<\/tr>\n<\/tbody>\n<\/table>\n<p><strong><b>\u00a0<\/b><\/strong><\/p>\n<p><strong><b>Ac\u00e9tate de tricyclod\u00e9cnyle<\/b><\/strong><strong><b>\u00a0l'application :<\/b><\/strong><\/p>\n<p>1. Largement utilis\u00e9 dans les formules de savon, de d\u00e9tergent et de d\u00e9sodorisant. S'applique \u00e9galement au gard\u00e9nia, \u00e0 l'orchid\u00e9e clochette, au lilas, au jasmin, \u00e0 l'orchid\u00e9e c\u0153ur v\u00e9g\u00e9tal, \u00e0 la vesce odorante, \u00e0 la lavande, au parfum d'ald\u00e9hydes, au parfum de bois, au parfum clair, au parfum fruit\u00e9 et au parfum moderne de type nouvel ar\u00f4me, selon l'utilisation appropri\u00e9e, peut obtenir un tr\u00e8s bon effet d'ar\u00f4me et montrer un ar\u00f4me sp\u00e9cial. Ne peut pas \u00eatre utilis\u00e9 comme ar\u00f4me comestible.<\/p>\n<p>2, la modulation de la lavande, du bois, du fuchsia, de l'orchid\u00e9e Suzin et d'autres ar\u00f4mes aromatiques, utilis\u00e9s dans les cosm\u00e9tiques ; en raison de la stabilit\u00e9 du milieu alcalin, ils peuvent \u00eatre utilis\u00e9s comme parfums de savon ou de d\u00e9tergent.<\/p>\n<p><strong><b>Ac\u00e9tate de tricyclod\u00e9cnyle<\/b><\/strong><strong><b>\u00a0<\/b><\/strong><strong><b>Emballage et exp\u00e9dition<\/b><\/strong><strong><b>\u00a0<\/b><\/strong><\/p>\n<p>personnalis\u00e9s en fonction des besoins du client.<\/p>\n<p><strong><b>Ac\u00e9tate de tricyclod\u00e9cnyle<\/b><\/strong><strong><b>\u00a0Stockage<\/b><\/strong><\/p>\n<p>Il doit \u00eatre stock\u00e9 dans un endroit propre, sec et frais, \u00e0 l'abri de la lumi\u00e8re du soleil et de la pluie.<\/p>\n<h2><strong><b>Contactez-nous d\u00e8s maintenant !<\/b><\/strong><\/h2>\n<h4><strong><b>Si vous avez besoin de Price, veuillez indiquer vos coordonn\u00e9es dans le formulaire ci-dessous. Nous vous contacterons g\u00e9n\u00e9ralement dans les 24 heures. Vous pouvez \u00e9galement m'envoyer un courriel\u00a0<span style=\"color: #00ccff;\"><a style=\"color: #00ccff;\" href=\"mailto:info@longchangchemical.com\">info@longchangchemical.com<\/a><\/span>\u00a0pendant les heures de travail ( 8:30 am to 6:00 pm UTC+8 Mon.~Sat. ) ou utilisez le chat en direct du site web pour obtenir une r\u00e9ponse rapide.<\/b><\/strong><\/h4>","protected":false},"excerpt":{"rendered":"<p>Nom chimique : ac\u00e9tate de tricyclod\u00e9cnyle<\/p>\n<p>Num\u00e9ro CAS : 5413-60-5<\/p>\n<p>Aspect : Liquide visqueux incolore \u00e0 jaune clair<\/p>\n<p>Assay\uff1a\u226597.0%<\/p>","protected":false},"featured_media":7350,"comment_status":"closed","ping_status":"closed","template":"","meta":[],"product_brand":[],"product_cat":[173],"product_tag":[],"class_list":{"0":"post-7340","1":"product","2":"type-product","3":"status-publish","4":"has-post-thumbnail","6":"product_cat-flavors-and-fragrances","8":"first","9":"instock","10":"shipping-taxable","11":"product-type-simple"},"yoast_head":"<!-- This site is optimized with the Yoast SEO plugin v25.3.1 - https:\/\/yoast.com\/wordpress\/plugins\/seo\/ -->\n<title>China Tricyclodecnyl Acetate CAS 5413-60-5 Manufacturer - Longchang Chemical<\/title>\n<meta name=\"description\" content=\"Tricyclodecnyl Acetate CAS 5413-60-5 is a key product of Longchang Chemical. We provide the best price. We are the leading manufacturer in China with the best quality and competitive price.\" \/>\n<meta name=\"robots\" content=\"index, follow, max-snippet:-1, max-image-preview:large, max-video-preview:-1\" \/>\n<link rel=\"canonical\" href=\"https:\/\/longchangchemical.com\/fr\/product\/tricyclodecnyl-acetate-cas-5413-60-5\/\" \/>\n<meta property=\"og:locale\" content=\"fr_FR\" \/>\n<meta property=\"og:type\" content=\"article\" \/>\n<meta property=\"og:title\" content=\"China Tricyclodecnyl Acetate CAS 5413-60-5 Manufacturer - Longchang Chemical\" \/>\n<meta property=\"og:description\" content=\"Tricyclodecnyl Acetate CAS 5413-60-5 is a key product of Longchang Chemical. We provide the best price. We are the leading manufacturer in China with the best quality and competitive price.\" \/>\n<meta property=\"og:url\" content=\"https:\/\/longchangchemical.com\/fr\/product\/tricyclodecnyl-acetate-cas-5413-60-5\/\" \/>\n<meta property=\"og:site_name\" content=\"Longchang Chemical\" \/>\n<meta property=\"og:image\" content=\"https:\/\/longchangchemical.com\/wp-content\/uploads\/2024\/09\/Tricyclodecnyl-Acetate-CAS-5413-60-5.jpg\" \/>\n\t<meta property=\"og:image:width\" content=\"400\" \/>\n\t<meta property=\"og:image:height\" content=\"400\" \/>\n\t<meta property=\"og:image:type\" content=\"image\/jpeg\" \/>\n<meta name=\"twitter:card\" content=\"summary_large_image\" \/>\n<script type=\"application\/ld+json\" class=\"yoast-schema-graph\">{\"@context\":\"https:\/\/schema.org\",\"@graph\":[{\"@type\":\"WebPage\",\"@id\":\"https:\/\/longchangchemical.com\/product\/tricyclodecnyl-acetate-cas-5413-60-5\/\",\"url\":\"https:\/\/longchangchemical.com\/product\/tricyclodecnyl-acetate-cas-5413-60-5\/\",\"name\":\"China Tricyclodecnyl Acetate CAS 5413-60-5 Manufacturer - Longchang Chemical\",\"isPartOf\":{\"@id\":\"https:\/\/longchangchemical.com\/#website\"},\"primaryImageOfPage\":{\"@id\":\"https:\/\/longchangchemical.com\/product\/tricyclodecnyl-acetate-cas-5413-60-5\/#primaryimage\"},\"image\":{\"@id\":\"https:\/\/longchangchemical.com\/product\/tricyclodecnyl-acetate-cas-5413-60-5\/#primaryimage\"},\"thumbnailUrl\":\"https:\/\/longchangchemical.com\/wp-content\/uploads\/2024\/09\/Tricyclodecnyl-Acetate-CAS-5413-60-5.jpg\",\"datePublished\":\"2024-09-26T02:49:32+00:00\",\"description\":\"Tricyclodecnyl Acetate CAS 5413-60-5 is a key product of Longchang Chemical. We provide the best price. We are the leading manufacturer in China with the best quality and competitive price.\",\"breadcrumb\":{\"@id\":\"https:\/\/longchangchemical.com\/product\/tricyclodecnyl-acetate-cas-5413-60-5\/#breadcrumb\"},\"inLanguage\":\"fr-FR\",\"potentialAction\":[{\"@type\":\"ReadAction\",\"target\":[\"https:\/\/longchangchemical.com\/product\/tricyclodecnyl-acetate-cas-5413-60-5\/\"]}]},{\"@type\":\"ImageObject\",\"inLanguage\":\"fr-FR\",\"@id\":\"https:\/\/longchangchemical.com\/product\/tricyclodecnyl-acetate-cas-5413-60-5\/#primaryimage\",\"url\":\"https:\/\/longchangchemical.com\/wp-content\/uploads\/2024\/09\/Tricyclodecnyl-Acetate-CAS-5413-60-5.jpg\",\"contentUrl\":\"https:\/\/longchangchemical.com\/wp-content\/uploads\/2024\/09\/Tricyclodecnyl-Acetate-CAS-5413-60-5.jpg\",\"width\":400,\"height\":400,\"caption\":\"Tricyclodecnyl Acetate CAS 5413-60-5\"},{\"@type\":\"BreadcrumbList\",\"@id\":\"https:\/\/longchangchemical.com\/product\/tricyclodecnyl-acetate-cas-5413-60-5\/#breadcrumb\",\"itemListElement\":[{\"@type\":\"ListItem\",\"position\":1,\"name\":\"Home\",\"item\":\"https:\/\/longchangchemical.com\/\"},{\"@type\":\"ListItem\",\"position\":2,\"name\":\"Products Longchang\",\"item\":\"https:\/\/longchangchemical.com\/product\/\"},{\"@type\":\"ListItem\",\"position\":3,\"name\":\"Tricyclodecnyl Acetate CAS 5413-60-5\"}]},{\"@type\":\"WebSite\",\"@id\":\"https:\/\/longchangchemical.com\/#website\",\"url\":\"https:\/\/longchangchemical.com\/\",\"name\":\"Longchang Chemical\",\"description\":\"China chemical manufacturer \uff06 supplier\",\"publisher\":{\"@id\":\"https:\/\/longchangchemical.com\/#organization\"},\"potentialAction\":[{\"@type\":\"SearchAction\",\"target\":{\"@type\":\"EntryPoint\",\"urlTemplate\":\"https:\/\/longchangchemical.com\/?s={search_term_string}\"},\"query-input\":{\"@type\":\"PropertyValueSpecification\",\"valueRequired\":true,\"valueName\":\"search_term_string\"}}],\"inLanguage\":\"fr-FR\"},{\"@type\":\"Organization\",\"@id\":\"https:\/\/longchangchemical.com\/#organization\",\"name\":\"Longchang Chemical\",\"url\":\"https:\/\/longchangchemical.com\/\",\"logo\":{\"@type\":\"ImageObject\",\"inLanguage\":\"fr-FR\",\"@id\":\"https:\/\/longchangchemical.com\/#\/schema\/logo\/image\/\",\"url\":\"https:\/\/longchangchemical.com\/wp-content\/uploads\/2020\/08\/cropped-longchang-logo.png\",\"contentUrl\":\"https:\/\/longchangchemical.com\/wp-content\/uploads\/2020\/08\/cropped-longchang-logo.png\",\"width\":512,\"height\":512,\"caption\":\"Longchang Chemical\"},\"image\":{\"@id\":\"https:\/\/longchangchemical.com\/#\/schema\/logo\/image\/\"}}]}<\/script>\n<!-- \/ Yoast SEO plugin. -->","yoast_head_json":{"title":"Ac\u00e9tate de tricyclod\u00e9cnyle CAS 5413-60-5, Chine - Longchang Chemical","description":"L'ac\u00e9tate de tricyclod\u00e9cnyle CAS 5413-60-5 est un produit cl\u00e9 de Longchang Chemical. Nous fournissons le meilleur prix. Nous sommes le principal fabricant en Chine avec la meilleure qualit\u00e9 et un prix comp\u00e9titif.","robots":{"index":"index","follow":"follow","max-snippet":"max-snippet:-1","max-image-preview":"max-image-preview:large","max-video-preview":"max-video-preview:-1"},"canonical":"https:\/\/longchangchemical.com\/fr\/product\/tricyclodecnyl-acetate-cas-5413-60-5\/","og_locale":"fr_FR","og_type":"article","og_title":"China Tricyclodecnyl Acetate CAS 5413-60-5 Manufacturer - Longchang Chemical","og_description":"Tricyclodecnyl Acetate CAS 5413-60-5 is a key product of Longchang Chemical. We provide the best price. We are the leading manufacturer in China with the best quality and competitive price.","og_url":"https:\/\/longchangchemical.com\/fr\/product\/tricyclodecnyl-acetate-cas-5413-60-5\/","og_site_name":"Longchang Chemical","og_image":[{"width":400,"height":400,"url":"https:\/\/longchangchemical.com\/wp-content\/uploads\/2024\/09\/Tricyclodecnyl-Acetate-CAS-5413-60-5.jpg","type":"image\/jpeg"}],"twitter_card":"summary_large_image","schema":{"@context":"https:\/\/schema.org","@graph":[{"@type":"WebPage","@id":"https:\/\/longchangchemical.com\/product\/tricyclodecnyl-acetate-cas-5413-60-5\/","url":"https:\/\/longchangchemical.com\/product\/tricyclodecnyl-acetate-cas-5413-60-5\/","name":"Ac\u00e9tate de tricyclod\u00e9cnyle CAS 5413-60-5, Chine - Longchang Chemical","isPartOf":{"@id":"https:\/\/longchangchemical.com\/#website"},"primaryImageOfPage":{"@id":"https:\/\/longchangchemical.com\/product\/tricyclodecnyl-acetate-cas-5413-60-5\/#primaryimage"},"image":{"@id":"https:\/\/longchangchemical.com\/product\/tricyclodecnyl-acetate-cas-5413-60-5\/#primaryimage"},"thumbnailUrl":"https:\/\/longchangchemical.com\/wp-content\/uploads\/2024\/09\/Tricyclodecnyl-Acetate-CAS-5413-60-5.jpg","datePublished":"2024-09-26T02:49:32+00:00","description":"L'ac\u00e9tate de tricyclod\u00e9cnyle CAS 5413-60-5 est un produit cl\u00e9 de Longchang Chemical. Nous fournissons le meilleur prix. Nous sommes le principal fabricant en Chine avec la meilleure qualit\u00e9 et un prix comp\u00e9titif.","breadcrumb":{"@id":"https:\/\/longchangchemical.com\/product\/tricyclodecnyl-acetate-cas-5413-60-5\/#breadcrumb"},"inLanguage":"fr-FR","potentialAction":[{"@type":"ReadAction","target":["https:\/\/longchangchemical.com\/product\/tricyclodecnyl-acetate-cas-5413-60-5\/"]}]},{"@type":"ImageObject","inLanguage":"fr-FR","@id":"https:\/\/longchangchemical.com\/product\/tricyclodecnyl-acetate-cas-5413-60-5\/#primaryimage","url":"https:\/\/longchangchemical.com\/wp-content\/uploads\/2024\/09\/Tricyclodecnyl-Acetate-CAS-5413-60-5.jpg","contentUrl":"https:\/\/longchangchemical.com\/wp-content\/uploads\/2024\/09\/Tricyclodecnyl-Acetate-CAS-5413-60-5.jpg","width":400,"height":400,"caption":"Tricyclodecnyl Acetate CAS 5413-60-5"},{"@type":"BreadcrumbList","@id":"https:\/\/longchangchemical.com\/product\/tricyclodecnyl-acetate-cas-5413-60-5\/#breadcrumb","itemListElement":[{"@type":"ListItem","position":1,"name":"Home","item":"https:\/\/longchangchemical.com\/"},{"@type":"ListItem","position":2,"name":"Products Longchang","item":"https:\/\/longchangchemical.com\/product\/"},{"@type":"ListItem","position":3,"name":"Tricyclodecnyl Acetate CAS 5413-60-5"}]},{"@type":"WebSite","@id":"https:\/\/longchangchemical.com\/#website","url":"https:\/\/longchangchemical.com\/","name":"Longchang Chemical","description":"Fabricant chinois de produits chimiques \uff06 fournisseur","publisher":{"@id":"https:\/\/longchangchemical.com\/#organization"},"potentialAction":[{"@type":"SearchAction","target":{"@type":"EntryPoint","urlTemplate":"https:\/\/longchangchemical.com\/?s={search_term_string}"},"query-input":{"@type":"PropertyValueSpecification","valueRequired":true,"valueName":"search_term_string"}}],"inLanguage":"fr-FR"},{"@type":"Organization","@id":"https:\/\/longchangchemical.com\/#organization","name":"Longchang Chemical","url":"https:\/\/longchangchemical.com\/","logo":{"@type":"ImageObject","inLanguage":"fr-FR","@id":"https:\/\/longchangchemical.com\/#\/schema\/logo\/image\/","url":"https:\/\/longchangchemical.com\/wp-content\/uploads\/2020\/08\/cropped-longchang-logo.png","contentUrl":"https:\/\/longchangchemical.com\/wp-content\/uploads\/2020\/08\/cropped-longchang-logo.png","width":512,"height":512,"caption":"Longchang Chemical"},"image":{"@id":"https:\/\/longchangchemical.com\/#\/schema\/logo\/image\/"}}]}},"_links":{"self":[{"href":"https:\/\/longchangchemical.com\/fr\/wp-json\/wp\/v2\/product\/7340","targetHints":{"allow":["GET"]}}],"collection":[{"href":"https:\/\/longchangchemical.com\/fr\/wp-json\/wp\/v2\/product"}],"about":[{"href":"https:\/\/longchangchemical.com\/fr\/wp-json\/wp\/v2\/types\/product"}],"replies":[{"embeddable":true,"href":"https:\/\/longchangchemical.com\/fr\/wp-json\/wp\/v2\/comments?post=7340"}],"wp:featuredmedia":[{"embeddable":true,"href":"https:\/\/longchangchemical.com\/fr\/wp-json\/wp\/v2\/media\/7350"}],"wp:attachment":[{"href":"https:\/\/longchangchemical.com\/fr\/wp-json\/wp\/v2\/media?parent=7340"}],"wp:term":[{"taxonomy":"product_brand","embeddable":true,"href":"https:\/\/longchangchemical.com\/fr\/wp-json\/wp\/v2\/product_brand?post=7340"},{"taxonomy":"product_cat","embeddable":true,"href":"https:\/\/longchangchemical.com\/fr\/wp-json\/wp\/v2\/product_cat?post=7340"},{"taxonomy":"product_tag","embeddable":true,"href":"https:\/\/longchangchemical.com\/fr\/wp-json\/wp\/v2\/product_tag?post=7340"}],"curies":[{"name":"wp","href":"https:\/\/api.w.org\/{rel}","templated":true}]}}