{"id":7282,"date":"2024-09-01T10:22:43","date_gmt":"2024-09-01T10:22:43","guid":{"rendered":"https:\/\/longchangchemical.com\/?post_type=product&#038;p=7282"},"modified":"2026-01-12T06:15:25","modified_gmt":"2026-01-12T06:15:25","slug":"diethyltoluamide-cas-134-62-3","status":"publish","type":"product","link":"https:\/\/longchangchemical.com\/fr\/product\/diethyltoluamide-cas-134-62-3\/","title":{"rendered":"Di\u00e9thyltoluamide CAS 134-62-3"},"content":{"rendered":"<h1><strong>Di\u00e9thyltoluamide CAS 134-62-3<\/strong><\/h1>\n<h2><strong>Utilisation<\/strong><\/h2>\n<p>En tant que r\u00e9pulsif pour insectes, l'amine anti-moustique est le principal ingr\u00e9dient r\u00e9pulsif de diverses s\u00e9ries de r\u00e9pulsifs solides et liquides contre les moustiques, qui sont efficaces dans la pr\u00e9vention et l'\u00e9limination des moustiques. Les trois isom\u00e8res ont un effet r\u00e9pulsif sur les moustiques, l'isom\u00e8re interm\u00e9diaire \u00e9tant le plus puissant. Pr\u00e9paration : 70%, 95% liquide.<\/p>\n<h3>Contactez-nous d\u00e8s maintenant !<\/h3>\n<h3>Si vous avez besoin d'un prix ou d'un \u00e9chantillon, veuillez nous envoyer un courriel \u00e0 l'adresse suivante <span style=\"color: #0267c1;\"><a style=\"color: #0267c1;\" href=\"mailto:info@longchangchemical.com\"><strong>info@longchangchemical.com<\/strong><\/a> <\/span>ou utilisez le chat en direct du site web pour obtenir une r\u00e9ponse rapide.<\/h3>\n<p>&nbsp;<\/p>","protected":false},"excerpt":{"rendered":"<p>Diethyltoluamide CAS 134-62-3 Utilisation En tant que r\u00e9pulsif pour insectes, l'amine anti-moustique est le principal ingr\u00e9dient r\u00e9pulsif de diverses s\u00e9ries de r\u00e9pulsifs solides et liquides contre les moustiques, qui sont efficaces pour pr\u00e9venir et \u00e9liminer les moustiques. Les trois isom\u00e8res ont un effet r\u00e9pulsif sur les moustiques, l'isom\u00e8re interm\u00e9diaire \u00e9tant le plus puissant. Pr\u00e9paration : 70%, 95% liquide. Contactez nous maintenant ! Si vous [...]<\/p>","protected":false},"featured_media":7283,"comment_status":"closed","ping_status":"closed","template":"","meta":[],"product_brand":[],"product_cat":[154],"product_tag":[],"class_list":{"0":"post-7282","1":"product","2":"type-product","3":"status-publish","4":"has-post-thumbnail","6":"product_cat-solvent","8":"first","9":"instock","10":"shipping-taxable","11":"product-type-simple"},"yoast_head":"<!-- This site is optimized with the Yoast SEO plugin v25.3.1 - https:\/\/yoast.com\/wordpress\/plugins\/seo\/ -->\n<title>China Diethyltoluamide CAS 134-62-3 Manufacturer - Longchang Chemical<\/title>\n<meta name=\"description\" content=\"Diethyltoluamide CAS 134-62-3 is a key product of Longchang Chemical. We provide the best price. We are the leading manufacturer in China with the best quality and competitive price.\" \/>\n<meta name=\"robots\" content=\"index, follow, max-snippet:-1, max-image-preview:large, max-video-preview:-1\" \/>\n<link rel=\"canonical\" href=\"https:\/\/longchangchemical.com\/fr\/product\/diethyltoluamide-cas-134-62-3\/\" \/>\n<meta property=\"og:locale\" content=\"fr_FR\" \/>\n<meta property=\"og:type\" content=\"article\" \/>\n<meta property=\"og:title\" content=\"China Diethyltoluamide CAS 134-62-3 Manufacturer - Longchang Chemical\" \/>\n<meta property=\"og:description\" content=\"Diethyltoluamide CAS 134-62-3 is a key product of Longchang Chemical. We provide the best price. We are the leading manufacturer in China with the best quality and competitive price.\" \/>\n<meta property=\"og:url\" content=\"https:\/\/longchangchemical.com\/fr\/product\/diethyltoluamide-cas-134-62-3\/\" \/>\n<meta property=\"og:site_name\" content=\"Longchang Chemical\" \/>\n<meta property=\"article:modified_time\" content=\"2026-01-12T06:15:25+00:00\" \/>\n<meta property=\"og:image\" content=\"https:\/\/longchangchemical.com\/wp-content\/uploads\/2024\/09\/Diethyltoluamide.jpg\" \/>\n\t<meta property=\"og:image:width\" content=\"600\" \/>\n\t<meta property=\"og:image:height\" content=\"600\" \/>\n\t<meta property=\"og:image:type\" content=\"image\/jpeg\" \/>\n<meta name=\"twitter:card\" content=\"summary_large_image\" \/>\n<script type=\"application\/ld+json\" class=\"yoast-schema-graph\">{\"@context\":\"https:\/\/schema.org\",\"@graph\":[{\"@type\":\"WebPage\",\"@id\":\"https:\/\/longchangchemical.com\/product\/diethyltoluamide-cas-134-62-3\/\",\"url\":\"https:\/\/longchangchemical.com\/product\/diethyltoluamide-cas-134-62-3\/\",\"name\":\"China Diethyltoluamide CAS 134-62-3 Manufacturer - Longchang Chemical\",\"isPartOf\":{\"@id\":\"https:\/\/longchangchemical.com\/#website\"},\"primaryImageOfPage\":{\"@id\":\"https:\/\/longchangchemical.com\/product\/diethyltoluamide-cas-134-62-3\/#primaryimage\"},\"image\":{\"@id\":\"https:\/\/longchangchemical.com\/product\/diethyltoluamide-cas-134-62-3\/#primaryimage\"},\"thumbnailUrl\":\"https:\/\/longchangchemical.com\/wp-content\/uploads\/2024\/09\/Diethyltoluamide.jpg\",\"datePublished\":\"2024-09-01T10:22:43+00:00\",\"dateModified\":\"2026-01-12T06:15:25+00:00\",\"description\":\"Diethyltoluamide CAS 134-62-3 is a key product of Longchang Chemical. We provide the best price. We are the leading manufacturer in China with the best quality and competitive price.\",\"breadcrumb\":{\"@id\":\"https:\/\/longchangchemical.com\/product\/diethyltoluamide-cas-134-62-3\/#breadcrumb\"},\"inLanguage\":\"fr-FR\",\"potentialAction\":[{\"@type\":\"ReadAction\",\"target\":[\"https:\/\/longchangchemical.com\/product\/diethyltoluamide-cas-134-62-3\/\"]}]},{\"@type\":\"ImageObject\",\"inLanguage\":\"fr-FR\",\"@id\":\"https:\/\/longchangchemical.com\/product\/diethyltoluamide-cas-134-62-3\/#primaryimage\",\"url\":\"https:\/\/longchangchemical.com\/wp-content\/uploads\/2024\/09\/Diethyltoluamide.jpg\",\"contentUrl\":\"https:\/\/longchangchemical.com\/wp-content\/uploads\/2024\/09\/Diethyltoluamide.jpg\",\"width\":600,\"height\":600,\"caption\":\"Diethyltoluamide\"},{\"@type\":\"BreadcrumbList\",\"@id\":\"https:\/\/longchangchemical.com\/product\/diethyltoluamide-cas-134-62-3\/#breadcrumb\",\"itemListElement\":[{\"@type\":\"ListItem\",\"position\":1,\"name\":\"Home\",\"item\":\"https:\/\/longchangchemical.com\/\"},{\"@type\":\"ListItem\",\"position\":2,\"name\":\"Products Longchang\",\"item\":\"https:\/\/longchangchemical.com\/product\/\"},{\"@type\":\"ListItem\",\"position\":3,\"name\":\"Diethyltoluamide CAS 134-62-3\"}]},{\"@type\":\"WebSite\",\"@id\":\"https:\/\/longchangchemical.com\/#website\",\"url\":\"https:\/\/longchangchemical.com\/\",\"name\":\"Longchang Chemical\",\"description\":\"China chemical manufacturer \uff06 supplier\",\"publisher\":{\"@id\":\"https:\/\/longchangchemical.com\/#organization\"},\"potentialAction\":[{\"@type\":\"SearchAction\",\"target\":{\"@type\":\"EntryPoint\",\"urlTemplate\":\"https:\/\/longchangchemical.com\/?s={search_term_string}\"},\"query-input\":{\"@type\":\"PropertyValueSpecification\",\"valueRequired\":true,\"valueName\":\"search_term_string\"}}],\"inLanguage\":\"fr-FR\"},{\"@type\":\"Organization\",\"@id\":\"https:\/\/longchangchemical.com\/#organization\",\"name\":\"Longchang Chemical\",\"url\":\"https:\/\/longchangchemical.com\/\",\"logo\":{\"@type\":\"ImageObject\",\"inLanguage\":\"fr-FR\",\"@id\":\"https:\/\/longchangchemical.com\/#\/schema\/logo\/image\/\",\"url\":\"https:\/\/longchangchemical.com\/wp-content\/uploads\/2020\/08\/cropped-longchang-logo.png\",\"contentUrl\":\"https:\/\/longchangchemical.com\/wp-content\/uploads\/2020\/08\/cropped-longchang-logo.png\",\"width\":512,\"height\":512,\"caption\":\"Longchang Chemical\"},\"image\":{\"@id\":\"https:\/\/longchangchemical.com\/#\/schema\/logo\/image\/\"}}]}<\/script>\n<!-- \/ Yoast SEO plugin. -->","yoast_head_json":{"title":"Fabricant chinois de di\u00e9thyltoluamide CAS 134-62-3 - Longchang Chemical","description":"Le di\u00e9thyltoluamide CAS 134-62-3 est un produit cl\u00e9 de Longchang Chemical. Nous fournissons le meilleur prix. Nous sommes le principal fabricant en Chine avec la meilleure qualit\u00e9 et un prix comp\u00e9titif.","robots":{"index":"index","follow":"follow","max-snippet":"max-snippet:-1","max-image-preview":"max-image-preview:large","max-video-preview":"max-video-preview:-1"},"canonical":"https:\/\/longchangchemical.com\/fr\/product\/diethyltoluamide-cas-134-62-3\/","og_locale":"fr_FR","og_type":"article","og_title":"China Diethyltoluamide CAS 134-62-3 Manufacturer - Longchang Chemical","og_description":"Diethyltoluamide CAS 134-62-3 is a key product of Longchang Chemical. We provide the best price. We are the leading manufacturer in China with the best quality and competitive price.","og_url":"https:\/\/longchangchemical.com\/fr\/product\/diethyltoluamide-cas-134-62-3\/","og_site_name":"Longchang Chemical","article_modified_time":"2026-01-12T06:15:25+00:00","og_image":[{"width":600,"height":600,"url":"https:\/\/longchangchemical.com\/wp-content\/uploads\/2024\/09\/Diethyltoluamide.jpg","type":"image\/jpeg"}],"twitter_card":"summary_large_image","schema":{"@context":"https:\/\/schema.org","@graph":[{"@type":"WebPage","@id":"https:\/\/longchangchemical.com\/product\/diethyltoluamide-cas-134-62-3\/","url":"https:\/\/longchangchemical.com\/product\/diethyltoluamide-cas-134-62-3\/","name":"Fabricant chinois de di\u00e9thyltoluamide CAS 134-62-3 - Longchang Chemical","isPartOf":{"@id":"https:\/\/longchangchemical.com\/#website"},"primaryImageOfPage":{"@id":"https:\/\/longchangchemical.com\/product\/diethyltoluamide-cas-134-62-3\/#primaryimage"},"image":{"@id":"https:\/\/longchangchemical.com\/product\/diethyltoluamide-cas-134-62-3\/#primaryimage"},"thumbnailUrl":"https:\/\/longchangchemical.com\/wp-content\/uploads\/2024\/09\/Diethyltoluamide.jpg","datePublished":"2024-09-01T10:22:43+00:00","dateModified":"2026-01-12T06:15:25+00:00","description":"Le di\u00e9thyltoluamide CAS 134-62-3 est un produit cl\u00e9 de Longchang Chemical. Nous fournissons le meilleur prix. Nous sommes le principal fabricant en Chine avec la meilleure qualit\u00e9 et un prix comp\u00e9titif.","breadcrumb":{"@id":"https:\/\/longchangchemical.com\/product\/diethyltoluamide-cas-134-62-3\/#breadcrumb"},"inLanguage":"fr-FR","potentialAction":[{"@type":"ReadAction","target":["https:\/\/longchangchemical.com\/product\/diethyltoluamide-cas-134-62-3\/"]}]},{"@type":"ImageObject","inLanguage":"fr-FR","@id":"https:\/\/longchangchemical.com\/product\/diethyltoluamide-cas-134-62-3\/#primaryimage","url":"https:\/\/longchangchemical.com\/wp-content\/uploads\/2024\/09\/Diethyltoluamide.jpg","contentUrl":"https:\/\/longchangchemical.com\/wp-content\/uploads\/2024\/09\/Diethyltoluamide.jpg","width":600,"height":600,"caption":"Diethyltoluamide"},{"@type":"BreadcrumbList","@id":"https:\/\/longchangchemical.com\/product\/diethyltoluamide-cas-134-62-3\/#breadcrumb","itemListElement":[{"@type":"ListItem","position":1,"name":"Home","item":"https:\/\/longchangchemical.com\/"},{"@type":"ListItem","position":2,"name":"Products Longchang","item":"https:\/\/longchangchemical.com\/product\/"},{"@type":"ListItem","position":3,"name":"Diethyltoluamide CAS 134-62-3"}]},{"@type":"WebSite","@id":"https:\/\/longchangchemical.com\/#website","url":"https:\/\/longchangchemical.com\/","name":"Longchang Chemical","description":"Fabricant chinois de produits chimiques \uff06 fournisseur","publisher":{"@id":"https:\/\/longchangchemical.com\/#organization"},"potentialAction":[{"@type":"SearchAction","target":{"@type":"EntryPoint","urlTemplate":"https:\/\/longchangchemical.com\/?s={search_term_string}"},"query-input":{"@type":"PropertyValueSpecification","valueRequired":true,"valueName":"search_term_string"}}],"inLanguage":"fr-FR"},{"@type":"Organization","@id":"https:\/\/longchangchemical.com\/#organization","name":"Longchang Chemical","url":"https:\/\/longchangchemical.com\/","logo":{"@type":"ImageObject","inLanguage":"fr-FR","@id":"https:\/\/longchangchemical.com\/#\/schema\/logo\/image\/","url":"https:\/\/longchangchemical.com\/wp-content\/uploads\/2020\/08\/cropped-longchang-logo.png","contentUrl":"https:\/\/longchangchemical.com\/wp-content\/uploads\/2020\/08\/cropped-longchang-logo.png","width":512,"height":512,"caption":"Longchang Chemical"},"image":{"@id":"https:\/\/longchangchemical.com\/#\/schema\/logo\/image\/"}}]}},"_links":{"self":[{"href":"https:\/\/longchangchemical.com\/fr\/wp-json\/wp\/v2\/product\/7282","targetHints":{"allow":["GET"]}}],"collection":[{"href":"https:\/\/longchangchemical.com\/fr\/wp-json\/wp\/v2\/product"}],"about":[{"href":"https:\/\/longchangchemical.com\/fr\/wp-json\/wp\/v2\/types\/product"}],"replies":[{"embeddable":true,"href":"https:\/\/longchangchemical.com\/fr\/wp-json\/wp\/v2\/comments?post=7282"}],"wp:featuredmedia":[{"embeddable":true,"href":"https:\/\/longchangchemical.com\/fr\/wp-json\/wp\/v2\/media\/7283"}],"wp:attachment":[{"href":"https:\/\/longchangchemical.com\/fr\/wp-json\/wp\/v2\/media?parent=7282"}],"wp:term":[{"taxonomy":"product_brand","embeddable":true,"href":"https:\/\/longchangchemical.com\/fr\/wp-json\/wp\/v2\/product_brand?post=7282"},{"taxonomy":"product_cat","embeddable":true,"href":"https:\/\/longchangchemical.com\/fr\/wp-json\/wp\/v2\/product_cat?post=7282"},{"taxonomy":"product_tag","embeddable":true,"href":"https:\/\/longchangchemical.com\/fr\/wp-json\/wp\/v2\/product_tag?post=7282"}],"curies":[{"name":"wp","href":"https:\/\/api.w.org\/{rel}","templated":true}]}}