{"id":7000,"date":"2024-06-13T02:33:33","date_gmt":"2024-06-13T02:33:33","guid":{"rendered":"https:\/\/longchangchemical.com\/?post_type=product&#038;p=7000"},"modified":"2025-04-01T07:06:52","modified_gmt":"2025-04-01T07:06:52","slug":"df-d952r","status":"publish","type":"product","link":"https:\/\/longchangchemical.com\/fr\/product\/df-d952r\/","title":{"rendered":"CHLUMICRYL\u00ae DF-D952R \/ antimousse"},"content":{"rendered":"<h1>Solution de copolym\u00e8re d'acrylate antimousse Solution de copolym\u00e8re d'acrylate<\/h1>\n<p><strong><b>Nom du produit :\u00a0<\/b><\/strong><strong><b>\u00a0\u00a0<\/b><\/strong> DF-D952R<\/p>\n<p><strong>Sp\u00e9cifications<\/strong><\/p>\n<table width=\"594\" cellspacing=\"0\" cellpadding=\"0\">\n<tbody>\n<tr>\n<td>Composition<\/td>\n<td>Solution de copolym\u00e8re d'acrylate<\/td>\n<\/tr>\n<tr>\n<td>Apparence<\/td>\n<td>Liquide clair l\u00e9g\u00e8rement jaun\u00e2tre<\/td>\n<\/tr>\n<tr>\n<td>Solvant Sinosolv<\/td>\n<td>Adipate de diisobutyle<\/td>\n<\/tr>\n<tr>\n<td>Substance active<\/td>\n<td>40%<\/td>\n<\/tr>\n<tr>\n<td>Densit\u00e9<\/td>\n<td>0,92-0,96g\/ml(25\u00b11)\u2103<\/td>\n<\/tr>\n<tr>\n<td>Viscosit\u00e9<\/td>\n<td>20-40s(Tu-4 viscometer)(25\u00b10.2)\u2103<\/td>\n<\/tr>\n<tr>\n<td>Point d'\u00e9clair<\/td>\n<td>\uff1e100\u2103<\/td>\n<\/tr>\n<\/tbody>\n<\/table>\n<p>Note : Cette fiche technique est destin\u00e9e \u00e0 fournir des r\u00e9sultats typiques, et non pas standard.<\/p>\n<p><strong>Syst\u00e8me d'application<\/strong><\/p>\n<p>Rev\u00eatement\/peinture \u00e0 base de solvant Encre<\/p>\n<p><strong>Propri\u00e9t\u00e9s<\/strong><\/p>\n<p>\u25cfExcellente capacit\u00e9 d'inhibition de la mousse et de d\u00e9sa\u00e9ration sans effet secondaire.<\/p>\n<p>\u25cfPeut \u00eatre utilis\u00e9 dans les syst\u00e8mes acryliques, polyester, \u00e9poxy, alkydes et autres, \u00e0 l'exception des vernis.<\/p>\n<p>\u25cf Non soumis au TATA DGR<\/p>\n<p><strong>Incorporation<\/strong><\/p>\n<p>Doit \u00eatre ajout\u00e9 \u00e0 la base du moulin pour am\u00e9liorer la vitesse d'inhibition de la mousse, de d\u00e9sa\u00e9ration et de d\u00e9moussage du syst\u00e8me.<\/p>\n<p><strong>Proposer un ajout<\/strong><\/p>\n<p>Addition \u00e0 la formulation totale 0,15-0,8%<\/p>\n<p><strong><b>Paquet<\/b><\/strong><strong><b>:<\/b><\/strong><\/p>\n<p>Tambour 25KG \/ 180KG<\/p>\n<p><strong><b>Stockage :<\/b><\/strong><\/p>\n<p>Les produits sont conserv\u00e9s dans un entrep\u00f4t sec, propre et bien ventil\u00e9.<\/p>\n<p>\u00c9viter l'exposition \u00e0 la lumi\u00e8re et \u00e0 la chaleur.<\/p>\n<p>Prot\u00e9ger le produit des fuites, de la pluie et de l'insolation pendant le transport.<\/p>\n<p>Les produits qui d\u00e9passent la p\u00e9riode de stockage peuvent continuer \u00e0 \u00eatre utilis\u00e9s apr\u00e8s inspection. Le r\u00e9cipient doit \u00eatre referm\u00e9 imm\u00e9diatement apr\u00e8s utilisation.<\/p>\n<h2><strong><b>Contactez-nous d\u00e8s maintenant !<\/b><\/strong><\/h2>\n<h4><strong><b>Si vous avez besoin de Price, veuillez indiquer vos coordonn\u00e9es dans le formulaire ci-dessous. Nous vous contacterons g\u00e9n\u00e9ralement dans les 24 heures. Vous pouvez \u00e9galement m'envoyer un courriel<span style=\"color: #00ccff;\">\u00a0<a style=\"color: #00ccff;\" href=\"mailto:info@longchangchemical.com\">info@longchangchemical.com<\/a>\u00a0<\/span>pendant les heures de travail ( 8:30 am to 6:00 pm UTC+8 Mon.~Sat. ) ou utilisez le chat en direct du site web pour obtenir une r\u00e9ponse rapide.<\/b><\/strong><\/h4>\n<p>&nbsp;<\/p>","protected":false},"excerpt":{"rendered":"<p>Solution de copolym\u00e8re d'acrylate antimousse Nom du produit :    DF-D952R Sp\u00e9cification Composition Solution de copolym\u00e8re d'acrylate Apparence Liquide clair l\u00e9g\u00e8rement jaun\u00e2tre Solvant Adipate de diisobutyle Substance active 40% Densit\u00e9 0,92-0,96g\/ml(25\u00b11)\u2103 Viscosit\u00e9 20-40s(viscosim\u00e8tre Tu-4)(25\u00b10,2)\u2103 Point d'\u00e9clair \uff1e100\u2103 Remarque : Cette fiche technique est destin\u00e9e \u00e0 donner des r\u00e9sultats typiques, et non standard.Soumis \u00e0 ACO. Syst\u00e8me d'application Rev\u00eatement\/peinture \u00e0 base de solvant Propri\u00e9t\u00e9s de l'encre \u25cfExcellente capacit\u00e9 d'inhibition de la mousse et de d\u00e9sa\u00e9ration sans [...]<\/p>","protected":false},"featured_media":0,"comment_status":"closed","ping_status":"closed","template":"","meta":[],"product_brand":[],"product_cat":[138],"product_tag":[],"class_list":{"0":"post-7000","1":"product","2":"type-product","3":"status-publish","5":"product_cat-coating-and-ink-additives","7":"first","8":"instock","9":"shipping-taxable","10":"product-type-simple"},"yoast_head":"<!-- This site is optimized with the Yoast SEO plugin v25.3.1 - https:\/\/yoast.com\/wordpress\/plugins\/seo\/ -->\n<title>China CHLUMICRYL\u00ae DF-D952R \/ defoamer Manufacturer - Longchang Chemical<\/title>\n<meta name=\"description\" content=\"Polyether siloxane copolymer; Tego Foamex N; Tego Airex 900; Tego Airex 920\" \/>\n<meta name=\"robots\" content=\"index, follow, max-snippet:-1, max-image-preview:large, max-video-preview:-1\" \/>\n<link rel=\"canonical\" href=\"https:\/\/longchangchemical.com\/fr\/product\/df-d952r\/\" \/>\n<meta property=\"og:locale\" content=\"fr_FR\" \/>\n<meta property=\"og:type\" content=\"article\" \/>\n<meta property=\"og:title\" content=\"China CHLUMICRYL\u00ae DF-D952R \/ defoamer Manufacturer - Longchang Chemical\" \/>\n<meta property=\"og:description\" content=\"Polyether siloxane copolymer; Tego Foamex N; Tego Airex 900; Tego Airex 920\" \/>\n<meta property=\"og:url\" content=\"https:\/\/longchangchemical.com\/fr\/product\/df-d952r\/\" \/>\n<meta property=\"og:site_name\" content=\"Longchang Chemical\" \/>\n<meta property=\"article:modified_time\" content=\"2025-04-01T07:06:52+00:00\" \/>\n<meta property=\"og:image\" content=\"https:\/\/longchangchemical.com\/wp-content\/uploads\/2024\/02\/logo-jpeg.jpg\" \/>\n\t<meta property=\"og:image:width\" content=\"1000\" \/>\n\t<meta property=\"og:image:height\" content=\"1000\" \/>\n\t<meta property=\"og:image:type\" content=\"image\/jpeg\" \/>\n<meta name=\"twitter:card\" content=\"summary_large_image\" \/>\n<script type=\"application\/ld+json\" class=\"yoast-schema-graph\">{\"@context\":\"https:\/\/schema.org\",\"@graph\":[{\"@type\":\"WebPage\",\"@id\":\"https:\/\/longchangchemical.com\/product\/df-d952r\/\",\"url\":\"https:\/\/longchangchemical.com\/product\/df-d952r\/\",\"name\":\"China CHLUMICRYL\u00ae DF-D952R \/ defoamer Manufacturer - Longchang Chemical\",\"isPartOf\":{\"@id\":\"https:\/\/longchangchemical.com\/#website\"},\"datePublished\":\"2024-06-13T02:33:33+00:00\",\"dateModified\":\"2025-04-01T07:06:52+00:00\",\"description\":\"Polyether siloxane copolymer; Tego Foamex N; Tego Airex 900; Tego Airex 920\",\"breadcrumb\":{\"@id\":\"https:\/\/longchangchemical.com\/product\/df-d952r\/#breadcrumb\"},\"inLanguage\":\"fr-FR\",\"potentialAction\":[{\"@type\":\"ReadAction\",\"target\":[\"https:\/\/longchangchemical.com\/product\/df-d952r\/\"]}]},{\"@type\":\"BreadcrumbList\",\"@id\":\"https:\/\/longchangchemical.com\/product\/df-d952r\/#breadcrumb\",\"itemListElement\":[{\"@type\":\"ListItem\",\"position\":1,\"name\":\"Home\",\"item\":\"https:\/\/longchangchemical.com\/\"},{\"@type\":\"ListItem\",\"position\":2,\"name\":\"Products Longchang\",\"item\":\"https:\/\/longchangchemical.com\/product\/\"},{\"@type\":\"ListItem\",\"position\":3,\"name\":\"CHLUMICRYL\u00ae DF-D952R \/ defoamer\"}]},{\"@type\":\"WebSite\",\"@id\":\"https:\/\/longchangchemical.com\/#website\",\"url\":\"https:\/\/longchangchemical.com\/\",\"name\":\"Longchang Chemical\",\"description\":\"China chemical manufacturer \uff06 supplier\",\"publisher\":{\"@id\":\"https:\/\/longchangchemical.com\/#organization\"},\"potentialAction\":[{\"@type\":\"SearchAction\",\"target\":{\"@type\":\"EntryPoint\",\"urlTemplate\":\"https:\/\/longchangchemical.com\/?s={search_term_string}\"},\"query-input\":{\"@type\":\"PropertyValueSpecification\",\"valueRequired\":true,\"valueName\":\"search_term_string\"}}],\"inLanguage\":\"fr-FR\"},{\"@type\":\"Organization\",\"@id\":\"https:\/\/longchangchemical.com\/#organization\",\"name\":\"Longchang Chemical\",\"url\":\"https:\/\/longchangchemical.com\/\",\"logo\":{\"@type\":\"ImageObject\",\"inLanguage\":\"fr-FR\",\"@id\":\"https:\/\/longchangchemical.com\/#\/schema\/logo\/image\/\",\"url\":\"https:\/\/longchangchemical.com\/wp-content\/uploads\/2020\/08\/cropped-longchang-logo.png\",\"contentUrl\":\"https:\/\/longchangchemical.com\/wp-content\/uploads\/2020\/08\/cropped-longchang-logo.png\",\"width\":512,\"height\":512,\"caption\":\"Longchang Chemical\"},\"image\":{\"@id\":\"https:\/\/longchangchemical.com\/#\/schema\/logo\/image\/\"}}]}<\/script>\n<!-- \/ Yoast SEO plugin. -->","yoast_head_json":{"title":"CHLUMICRYL\u00ae DF-D952R \/ Fabricant d'antimousse en Chine - Longchang Chemical","description":"Copolym\u00e8re de poly\u00e9ther siloxane ; Tego Foamex N ; Tego Airex 900 ; Tego Airex 920","robots":{"index":"index","follow":"follow","max-snippet":"max-snippet:-1","max-image-preview":"max-image-preview:large","max-video-preview":"max-video-preview:-1"},"canonical":"https:\/\/longchangchemical.com\/fr\/product\/df-d952r\/","og_locale":"fr_FR","og_type":"article","og_title":"China CHLUMICRYL\u00ae DF-D952R \/ defoamer Manufacturer - Longchang Chemical","og_description":"Polyether siloxane copolymer; Tego Foamex N; Tego Airex 900; Tego Airex 920","og_url":"https:\/\/longchangchemical.com\/fr\/product\/df-d952r\/","og_site_name":"Longchang Chemical","article_modified_time":"2025-04-01T07:06:52+00:00","og_image":[{"width":1000,"height":1000,"url":"https:\/\/longchangchemical.com\/wp-content\/uploads\/2024\/02\/logo-jpeg.jpg","type":"image\/jpeg"}],"twitter_card":"summary_large_image","schema":{"@context":"https:\/\/schema.org","@graph":[{"@type":"WebPage","@id":"https:\/\/longchangchemical.com\/product\/df-d952r\/","url":"https:\/\/longchangchemical.com\/product\/df-d952r\/","name":"CHLUMICRYL\u00ae DF-D952R \/ Fabricant d'antimousse en Chine - Longchang Chemical","isPartOf":{"@id":"https:\/\/longchangchemical.com\/#website"},"datePublished":"2024-06-13T02:33:33+00:00","dateModified":"2025-04-01T07:06:52+00:00","description":"Copolym\u00e8re de poly\u00e9ther siloxane ; Tego Foamex N ; Tego Airex 900 ; Tego Airex 920","breadcrumb":{"@id":"https:\/\/longchangchemical.com\/product\/df-d952r\/#breadcrumb"},"inLanguage":"fr-FR","potentialAction":[{"@type":"ReadAction","target":["https:\/\/longchangchemical.com\/product\/df-d952r\/"]}]},{"@type":"BreadcrumbList","@id":"https:\/\/longchangchemical.com\/product\/df-d952r\/#breadcrumb","itemListElement":[{"@type":"ListItem","position":1,"name":"Home","item":"https:\/\/longchangchemical.com\/"},{"@type":"ListItem","position":2,"name":"Products Longchang","item":"https:\/\/longchangchemical.com\/product\/"},{"@type":"ListItem","position":3,"name":"CHLUMICRYL\u00ae DF-D952R \/ defoamer"}]},{"@type":"WebSite","@id":"https:\/\/longchangchemical.com\/#website","url":"https:\/\/longchangchemical.com\/","name":"Longchang Chemical","description":"Fabricant chinois de produits chimiques \uff06 fournisseur","publisher":{"@id":"https:\/\/longchangchemical.com\/#organization"},"potentialAction":[{"@type":"SearchAction","target":{"@type":"EntryPoint","urlTemplate":"https:\/\/longchangchemical.com\/?s={search_term_string}"},"query-input":{"@type":"PropertyValueSpecification","valueRequired":true,"valueName":"search_term_string"}}],"inLanguage":"fr-FR"},{"@type":"Organization","@id":"https:\/\/longchangchemical.com\/#organization","name":"Longchang Chemical","url":"https:\/\/longchangchemical.com\/","logo":{"@type":"ImageObject","inLanguage":"fr-FR","@id":"https:\/\/longchangchemical.com\/#\/schema\/logo\/image\/","url":"https:\/\/longchangchemical.com\/wp-content\/uploads\/2020\/08\/cropped-longchang-logo.png","contentUrl":"https:\/\/longchangchemical.com\/wp-content\/uploads\/2020\/08\/cropped-longchang-logo.png","width":512,"height":512,"caption":"Longchang Chemical"},"image":{"@id":"https:\/\/longchangchemical.com\/#\/schema\/logo\/image\/"}}]}},"_links":{"self":[{"href":"https:\/\/longchangchemical.com\/fr\/wp-json\/wp\/v2\/product\/7000","targetHints":{"allow":["GET"]}}],"collection":[{"href":"https:\/\/longchangchemical.com\/fr\/wp-json\/wp\/v2\/product"}],"about":[{"href":"https:\/\/longchangchemical.com\/fr\/wp-json\/wp\/v2\/types\/product"}],"replies":[{"embeddable":true,"href":"https:\/\/longchangchemical.com\/fr\/wp-json\/wp\/v2\/comments?post=7000"}],"wp:attachment":[{"href":"https:\/\/longchangchemical.com\/fr\/wp-json\/wp\/v2\/media?parent=7000"}],"wp:term":[{"taxonomy":"product_brand","embeddable":true,"href":"https:\/\/longchangchemical.com\/fr\/wp-json\/wp\/v2\/product_brand?post=7000"},{"taxonomy":"product_cat","embeddable":true,"href":"https:\/\/longchangchemical.com\/fr\/wp-json\/wp\/v2\/product_cat?post=7000"},{"taxonomy":"product_tag","embeddable":true,"href":"https:\/\/longchangchemical.com\/fr\/wp-json\/wp\/v2\/product_tag?post=7000"}],"curies":[{"name":"wp","href":"https:\/\/api.w.org\/{rel}","templated":true}]}}