{"id":6963,"date":"2024-05-22T05:42:08","date_gmt":"2024-05-22T05:42:08","guid":{"rendered":"https:\/\/longchangchemical.com\/?post_type=product&#038;p=6963"},"modified":"2025-12-16T09:36:29","modified_gmt":"2025-12-16T09:36:29","slug":"yeast-extract-cas-8013-01-2","status":"publish","type":"product","link":"https:\/\/longchangchemical.com\/fr\/product\/yeast-extract-cas-8013-01-2\/","title":{"rendered":"Extrait de levure CAS 8013-01-2"},"content":{"rendered":"<div class=\"col-md-6\">\n<h1><strong>Extrait de levure CAS 8013-01-2<\/strong><\/h1>\n<p>L'extrait de levure est fabriqu\u00e9 \u00e0 partir de levure de boulangerie ou de levure de bi\u00e8re \u00e0 haute teneur en prot\u00e9ines comme mati\u00e8re premi\u00e8re. Il est obtenu par autolyse, enzymolyse, concentration, s\u00e9chage et autres processus, et est riche en prot\u00e9ines, acides amin\u00e9s, peptides, peptides, acides nucl\u00e9iques, vitamines et oligo-\u00e9l\u00e9ments. Ingr\u00e9dients des produits bio-medium.<br \/>\nL'extrait de levure lcnacure\u00ae est riche en nutriments et est largement utilis\u00e9 dans l'industrie de la culture microbienne, et certaines sp\u00e9cifications sont \u00e9galement utilis\u00e9es dans l'industrie alimentaire, comme la viande \u00e0 base de plantes.<\/p>\n<ul>\n<li>Qualit\u00e9 ultrafiltration\/microfiltration :\u00a0<strong>FM888, FM808, FM818, FM828, FM808<\/strong><\/li>\n<li>Cat\u00e9gorie standard :\u00a0<strong>FM902, FM860, LM800, YA801 (levure autolys\u00e9e), LD00, FM905<\/strong><\/li>\n<li>Industrie alimentaire (d'origine non animale) :\u00a0<strong>KU012, SA524, VKA246<\/strong><\/li>\n<li>Cat\u00e9gorie d'enrichissement des nutriments :\u00a0<strong>FM803, LM802, FM505, LM505<\/strong><\/li>\n<li>Extrait de levure en poudre s\u00e8che :\u00a0<strong>YI01, YI02<\/strong><\/li>\n<li>Extrait de levure pour la culture cellulaire :<strong>\u00a0CM01, CM02<\/strong><\/li>\n<\/ul>\n<table width=\"521\">\n<tbody>\n<tr>\n<td width=\"199\">Articles<\/td>\n<td width=\"322\">Sp\u00e9cifications<\/td>\n<\/tr>\n<tr>\n<td width=\"199\">Apparence<\/td>\n<td width=\"322\">Poudre jaune au go\u00fbt sp\u00e9cifique, sans<\/p>\n<p>odeur \u00e9trang\u00e8re et impuret\u00e9 visible<\/td>\n<\/tr>\n<tr>\n<td width=\"199\">PH(solution 8%)<\/td>\n<td width=\"322\">4.5-8<\/td>\n<\/tr>\n<tr>\n<td width=\"199\">Mati\u00e8re s\u00e8che (MS), %<\/td>\n<td width=\"322\">\u226594.0<\/td>\n<\/tr>\n<tr>\n<td width=\"199\">Azote total\/(DM-NaCl), %<\/td>\n<td width=\"322\">\u22659.0<\/td>\n<\/tr>\n<tr>\n<td width=\"199\">Chlorure de sodium, %<\/td>\n<td width=\"322\">\u22641.0<\/td>\n<\/tr>\n<tr>\n<td width=\"199\">Comptage des plaques a\u00e9robies, cfu\/g<\/td>\n<td width=\"322\">\u22645000<\/td>\n<\/tr>\n<tr>\n<td width=\"199\">Coliformes, ufc\/g<\/td>\n<td width=\"322\">\u226430<\/td>\n<\/tr>\n<tr>\n<td width=\"199\">Clostridium perfringens, ufc\/g<\/td>\n<td width=\"322\">\u226410<\/td>\n<\/tr>\n<tr>\n<td width=\"199\">Levures, ufc\/g<\/td>\n<td width=\"322\">&lt;50<\/td>\n<\/tr>\n<tr>\n<td width=\"199\">Moisissures, ufc\/g<\/td>\n<td width=\"322\">\u226450<\/td>\n<\/tr>\n<tr>\n<td width=\"199\">Salmonelle, \/25g<\/td>\n<td width=\"322\">Absence<\/td>\n<\/tr>\n<tr>\n<td width=\"199\">Escherichia coli, \/25g<\/td>\n<td width=\"322\">Absence<\/td>\n<\/tr>\n<tr>\n<td width=\"199\">Staphylococcus aureus, \/25g<\/td>\n<td width=\"322\">Absence<\/td>\n<\/tr>\n<\/tbody>\n<\/table>\n<p><strong>\u00a0<\/strong><\/p>\n<p><strong>Fonction de l'extrait de levure :<\/strong><\/p>\n<ol>\n<li>Utilis\u00e9 pour les assaisonnements, les compl\u00e9ments nutritionnels, les \u00e9paississants, etc. dans l'industrie alimentaire.<\/li>\n<li>Utilis\u00e9 pour les composants du milieu dans le domaine microbien.<\/li>\n<li>Mati\u00e8res premi\u00e8res pour la production d'antibiotiques dans le domaine de la m\u00e9decine<\/li>\n<\/ol>\n<p><strong>Extrait de levure Emballage et exp\u00e9dition :<\/strong><\/p>\n<p>Emballage : sac de 20 kg.<\/p>\n<p>Livraison : dans un d\u00e9lai de 5 \u00e0 7 jours ouvrables.<\/p>\n<p><strong>\u00a0<\/strong><\/p>\n<p><strong>Stockage des extraits de levure :<\/strong><\/p>\n<p>Stock\u00e9 dans un endroit frais et sec, \u00e0 l'abri de la lumi\u00e8re directe du soleil.<\/p>\n<\/div>\n<div class=\"col-md-6\">\n<h2><strong><b>Contactez-nous d\u00e8s maintenant !<\/b><\/strong><\/h2>\n<h4><strong><b>Nous fournissons des services personnalis\u00e9s, nous vous contacterons g\u00e9n\u00e9ralement dans les 24 heures. Vous pouvez \u00e9galement m'envoyer un courriel <span style=\"color: #00ccff;\"><a style=\"color: #00ccff;\" href=\"mailto:info@longchangchemical.com\">info@longchangchemical.com<\/a><\/span> pendant les heures de travail ( 8:30 am to 6:00 pm UTC+8 Mon.~Sat. ) ou utilisez le chat en direct du site web pour obtenir une r\u00e9ponse rapide.<\/b><\/strong><\/h4>\n<\/div>","protected":false},"excerpt":{"rendered":"<p>Autre nom : Extrait de levure en poudre ; Extrait de levure de fermentation<\/p>\n<p>Cas No. : 8013-01-2<\/p>\n<p>Application : Milieu de culture microbienne ; industrie alimentaire<\/p>\n<p>Emballage : 20 kg\/sac<\/p>","protected":false},"featured_media":6964,"comment_status":"closed","ping_status":"closed","template":"","meta":[],"product_brand":[],"product_cat":[15],"product_tag":[],"class_list":{"0":"post-6963","1":"product","2":"type-product","3":"status-publish","4":"has-post-thumbnail","6":"product_cat-food-additives","8":"first","9":"instock","10":"shipping-taxable","11":"product-type-simple"},"yoast_head":"<!-- This site is optimized with the Yoast SEO plugin v25.3.1 - https:\/\/yoast.com\/wordpress\/plugins\/seo\/ -->\n<title>China Yeast Extract CAS 8013-01-2 Manufacturer - Longchang Chemical<\/title>\n<meta name=\"description\" content=\"Yeast Extract CAS 8013-01-2 is key product of LongChang Chemical. We provide best price. We are the leading manufacturer in China with the best quanlity and competitive price.\" \/>\n<meta name=\"robots\" content=\"index, follow, max-snippet:-1, max-image-preview:large, max-video-preview:-1\" \/>\n<link rel=\"canonical\" href=\"https:\/\/longchangchemical.com\/fr\/product\/yeast-extract-cas-8013-01-2\/\" \/>\n<meta property=\"og:locale\" content=\"fr_FR\" \/>\n<meta property=\"og:type\" content=\"article\" \/>\n<meta property=\"og:title\" content=\"China Yeast Extract CAS 8013-01-2 Manufacturer - Longchang Chemical\" \/>\n<meta property=\"og:description\" content=\"Yeast Extract CAS 8013-01-2 is key product of LongChang Chemical. We provide best price. We are the leading manufacturer in China with the best quanlity and competitive price.\" \/>\n<meta property=\"og:url\" content=\"https:\/\/longchangchemical.com\/fr\/product\/yeast-extract-cas-8013-01-2\/\" \/>\n<meta property=\"og:site_name\" content=\"Longchang Chemical\" \/>\n<meta property=\"article:modified_time\" content=\"2025-12-16T09:36:29+00:00\" \/>\n<meta property=\"og:image\" content=\"https:\/\/longchangchemical.com\/wp-content\/uploads\/2024\/05\/Yeast-Extracts-manufacturer.jpg\" \/>\n\t<meta property=\"og:image:width\" content=\"800\" \/>\n\t<meta property=\"og:image:height\" content=\"800\" \/>\n\t<meta property=\"og:image:type\" content=\"image\/jpeg\" \/>\n<meta name=\"twitter:card\" content=\"summary_large_image\" \/>\n<script type=\"application\/ld+json\" class=\"yoast-schema-graph\">{\"@context\":\"https:\/\/schema.org\",\"@graph\":[{\"@type\":\"WebPage\",\"@id\":\"https:\/\/longchangchemical.com\/product\/yeast-extract-cas-8013-01-2\/\",\"url\":\"https:\/\/longchangchemical.com\/product\/yeast-extract-cas-8013-01-2\/\",\"name\":\"China Yeast Extract CAS 8013-01-2 Manufacturer - Longchang Chemical\",\"isPartOf\":{\"@id\":\"https:\/\/longchangchemical.com\/#website\"},\"primaryImageOfPage\":{\"@id\":\"https:\/\/longchangchemical.com\/product\/yeast-extract-cas-8013-01-2\/#primaryimage\"},\"image\":{\"@id\":\"https:\/\/longchangchemical.com\/product\/yeast-extract-cas-8013-01-2\/#primaryimage\"},\"thumbnailUrl\":\"https:\/\/longchangchemical.com\/wp-content\/uploads\/2024\/05\/Yeast-Extracts-manufacturer.jpg\",\"datePublished\":\"2024-05-22T05:42:08+00:00\",\"dateModified\":\"2025-12-16T09:36:29+00:00\",\"description\":\"Yeast Extract CAS 8013-01-2 is key product of LongChang Chemical. We provide best price. We are the leading manufacturer in China with the best quanlity and competitive price.\",\"breadcrumb\":{\"@id\":\"https:\/\/longchangchemical.com\/product\/yeast-extract-cas-8013-01-2\/#breadcrumb\"},\"inLanguage\":\"fr-FR\",\"potentialAction\":[{\"@type\":\"ReadAction\",\"target\":[\"https:\/\/longchangchemical.com\/product\/yeast-extract-cas-8013-01-2\/\"]}]},{\"@type\":\"ImageObject\",\"inLanguage\":\"fr-FR\",\"@id\":\"https:\/\/longchangchemical.com\/product\/yeast-extract-cas-8013-01-2\/#primaryimage\",\"url\":\"https:\/\/longchangchemical.com\/wp-content\/uploads\/2024\/05\/Yeast-Extracts-manufacturer.jpg\",\"contentUrl\":\"https:\/\/longchangchemical.com\/wp-content\/uploads\/2024\/05\/Yeast-Extracts-manufacturer.jpg\",\"width\":800,\"height\":800,\"caption\":\"Yeast Extracts manufacturer\"},{\"@type\":\"BreadcrumbList\",\"@id\":\"https:\/\/longchangchemical.com\/product\/yeast-extract-cas-8013-01-2\/#breadcrumb\",\"itemListElement\":[{\"@type\":\"ListItem\",\"position\":1,\"name\":\"Home\",\"item\":\"https:\/\/longchangchemical.com\/\"},{\"@type\":\"ListItem\",\"position\":2,\"name\":\"Products Longchang\",\"item\":\"https:\/\/longchangchemical.com\/product\/\"},{\"@type\":\"ListItem\",\"position\":3,\"name\":\"Yeast Extract CAS 8013-01-2\"}]},{\"@type\":\"WebSite\",\"@id\":\"https:\/\/longchangchemical.com\/#website\",\"url\":\"https:\/\/longchangchemical.com\/\",\"name\":\"Longchang Chemical\",\"description\":\"China chemical manufacturer \uff06 supplier\",\"publisher\":{\"@id\":\"https:\/\/longchangchemical.com\/#organization\"},\"potentialAction\":[{\"@type\":\"SearchAction\",\"target\":{\"@type\":\"EntryPoint\",\"urlTemplate\":\"https:\/\/longchangchemical.com\/?s={search_term_string}\"},\"query-input\":{\"@type\":\"PropertyValueSpecification\",\"valueRequired\":true,\"valueName\":\"search_term_string\"}}],\"inLanguage\":\"fr-FR\"},{\"@type\":\"Organization\",\"@id\":\"https:\/\/longchangchemical.com\/#organization\",\"name\":\"Longchang Chemical\",\"url\":\"https:\/\/longchangchemical.com\/\",\"logo\":{\"@type\":\"ImageObject\",\"inLanguage\":\"fr-FR\",\"@id\":\"https:\/\/longchangchemical.com\/#\/schema\/logo\/image\/\",\"url\":\"https:\/\/longchangchemical.com\/wp-content\/uploads\/2020\/08\/cropped-longchang-logo.png\",\"contentUrl\":\"https:\/\/longchangchemical.com\/wp-content\/uploads\/2020\/08\/cropped-longchang-logo.png\",\"width\":512,\"height\":512,\"caption\":\"Longchang Chemical\"},\"image\":{\"@id\":\"https:\/\/longchangchemical.com\/#\/schema\/logo\/image\/\"}}]}<\/script>\n<!-- \/ Yoast SEO plugin. -->","yoast_head_json":{"title":"Extrait de levure CAS 8013-01-2, Chine - Longchang Chemical","description":"L'extrait de levure CAS 8013-01-2 est un produit cl\u00e9 de LongChang Chemical. Nous fournissons les meilleurs prix. Nous sommes le premier fabricant en Chine avec la meilleure qualit\u00e9 et le prix le plus comp\u00e9titif.","robots":{"index":"index","follow":"follow","max-snippet":"max-snippet:-1","max-image-preview":"max-image-preview:large","max-video-preview":"max-video-preview:-1"},"canonical":"https:\/\/longchangchemical.com\/fr\/product\/yeast-extract-cas-8013-01-2\/","og_locale":"fr_FR","og_type":"article","og_title":"China Yeast Extract CAS 8013-01-2 Manufacturer - Longchang Chemical","og_description":"Yeast Extract CAS 8013-01-2 is key product of LongChang Chemical. We provide best price. We are the leading manufacturer in China with the best quanlity and competitive price.","og_url":"https:\/\/longchangchemical.com\/fr\/product\/yeast-extract-cas-8013-01-2\/","og_site_name":"Longchang Chemical","article_modified_time":"2025-12-16T09:36:29+00:00","og_image":[{"width":800,"height":800,"url":"https:\/\/longchangchemical.com\/wp-content\/uploads\/2024\/05\/Yeast-Extracts-manufacturer.jpg","type":"image\/jpeg"}],"twitter_card":"summary_large_image","schema":{"@context":"https:\/\/schema.org","@graph":[{"@type":"WebPage","@id":"https:\/\/longchangchemical.com\/product\/yeast-extract-cas-8013-01-2\/","url":"https:\/\/longchangchemical.com\/product\/yeast-extract-cas-8013-01-2\/","name":"Extrait de levure CAS 8013-01-2, Chine - Longchang Chemical","isPartOf":{"@id":"https:\/\/longchangchemical.com\/#website"},"primaryImageOfPage":{"@id":"https:\/\/longchangchemical.com\/product\/yeast-extract-cas-8013-01-2\/#primaryimage"},"image":{"@id":"https:\/\/longchangchemical.com\/product\/yeast-extract-cas-8013-01-2\/#primaryimage"},"thumbnailUrl":"https:\/\/longchangchemical.com\/wp-content\/uploads\/2024\/05\/Yeast-Extracts-manufacturer.jpg","datePublished":"2024-05-22T05:42:08+00:00","dateModified":"2025-12-16T09:36:29+00:00","description":"L'extrait de levure CAS 8013-01-2 est un produit cl\u00e9 de LongChang Chemical. Nous fournissons les meilleurs prix. Nous sommes le premier fabricant en Chine avec la meilleure qualit\u00e9 et le prix le plus comp\u00e9titif.","breadcrumb":{"@id":"https:\/\/longchangchemical.com\/product\/yeast-extract-cas-8013-01-2\/#breadcrumb"},"inLanguage":"fr-FR","potentialAction":[{"@type":"ReadAction","target":["https:\/\/longchangchemical.com\/product\/yeast-extract-cas-8013-01-2\/"]}]},{"@type":"ImageObject","inLanguage":"fr-FR","@id":"https:\/\/longchangchemical.com\/product\/yeast-extract-cas-8013-01-2\/#primaryimage","url":"https:\/\/longchangchemical.com\/wp-content\/uploads\/2024\/05\/Yeast-Extracts-manufacturer.jpg","contentUrl":"https:\/\/longchangchemical.com\/wp-content\/uploads\/2024\/05\/Yeast-Extracts-manufacturer.jpg","width":800,"height":800,"caption":"Yeast Extracts manufacturer"},{"@type":"BreadcrumbList","@id":"https:\/\/longchangchemical.com\/product\/yeast-extract-cas-8013-01-2\/#breadcrumb","itemListElement":[{"@type":"ListItem","position":1,"name":"Home","item":"https:\/\/longchangchemical.com\/"},{"@type":"ListItem","position":2,"name":"Products Longchang","item":"https:\/\/longchangchemical.com\/product\/"},{"@type":"ListItem","position":3,"name":"Yeast Extract CAS 8013-01-2"}]},{"@type":"WebSite","@id":"https:\/\/longchangchemical.com\/#website","url":"https:\/\/longchangchemical.com\/","name":"Longchang Chemical","description":"Fabricant chinois de produits chimiques \uff06 fournisseur","publisher":{"@id":"https:\/\/longchangchemical.com\/#organization"},"potentialAction":[{"@type":"SearchAction","target":{"@type":"EntryPoint","urlTemplate":"https:\/\/longchangchemical.com\/?s={search_term_string}"},"query-input":{"@type":"PropertyValueSpecification","valueRequired":true,"valueName":"search_term_string"}}],"inLanguage":"fr-FR"},{"@type":"Organization","@id":"https:\/\/longchangchemical.com\/#organization","name":"Longchang Chemical","url":"https:\/\/longchangchemical.com\/","logo":{"@type":"ImageObject","inLanguage":"fr-FR","@id":"https:\/\/longchangchemical.com\/#\/schema\/logo\/image\/","url":"https:\/\/longchangchemical.com\/wp-content\/uploads\/2020\/08\/cropped-longchang-logo.png","contentUrl":"https:\/\/longchangchemical.com\/wp-content\/uploads\/2020\/08\/cropped-longchang-logo.png","width":512,"height":512,"caption":"Longchang Chemical"},"image":{"@id":"https:\/\/longchangchemical.com\/#\/schema\/logo\/image\/"}}]}},"_links":{"self":[{"href":"https:\/\/longchangchemical.com\/fr\/wp-json\/wp\/v2\/product\/6963","targetHints":{"allow":["GET"]}}],"collection":[{"href":"https:\/\/longchangchemical.com\/fr\/wp-json\/wp\/v2\/product"}],"about":[{"href":"https:\/\/longchangchemical.com\/fr\/wp-json\/wp\/v2\/types\/product"}],"replies":[{"embeddable":true,"href":"https:\/\/longchangchemical.com\/fr\/wp-json\/wp\/v2\/comments?post=6963"}],"wp:featuredmedia":[{"embeddable":true,"href":"https:\/\/longchangchemical.com\/fr\/wp-json\/wp\/v2\/media\/6964"}],"wp:attachment":[{"href":"https:\/\/longchangchemical.com\/fr\/wp-json\/wp\/v2\/media?parent=6963"}],"wp:term":[{"taxonomy":"product_brand","embeddable":true,"href":"https:\/\/longchangchemical.com\/fr\/wp-json\/wp\/v2\/product_brand?post=6963"},{"taxonomy":"product_cat","embeddable":true,"href":"https:\/\/longchangchemical.com\/fr\/wp-json\/wp\/v2\/product_cat?post=6963"},{"taxonomy":"product_tag","embeddable":true,"href":"https:\/\/longchangchemical.com\/fr\/wp-json\/wp\/v2\/product_tag?post=6963"}],"curies":[{"name":"wp","href":"https:\/\/api.w.org\/{rel}","templated":true}]}}