{"id":6907,"date":"2024-05-07T05:38:50","date_gmt":"2024-05-07T05:38:50","guid":{"rendered":"https:\/\/longchangchemical.com\/?post_type=product&#038;p=6907"},"modified":"2025-12-17T01:55:34","modified_gmt":"2025-12-17T01:55:34","slug":"dimethyldineodecanoatetin-cas-68928-76-7","status":"publish","type":"product","link":"https:\/\/longchangchemical.com\/fr\/product\/dimethyldineodecanoatetin-cas-68928-76-7\/","title":{"rendered":"Dim\u00e9thyldineod\u00e9cano\u00e9tine CAS 68928-76-7"},"content":{"rendered":"<h1><strong>Dim\u00e9thyldineod\u00e9cano\u00e9tine CAS 68928-76-7<\/strong><\/h1>\n<p>Propri\u00e9t\u00e9s chimiques<\/p>\n<p>Point de fusion : -6\u00b0C<\/p>\n<p>Point d'\u00e9bullition : 265,6\u00b0C \u00e0 760 mmHg<\/p>\n<p>Point d'\u00e9clair : 153\u00b0C<\/p>\n<p>Densit\u00e9 : 1,14 g\/cm3<\/p>\n<p>Pression de vapeur : 0.00263mmHg \u00e0 25\u00b0CRefractionnement<\/p>\n<p>Index : 1.47<\/p>\n<p>Solubilit\u00e9 dans l'eau : 16.27\u03bcg\/L \u00e0 25\u2103<\/p>\n<h2><strong>Dim\u00e9thyldineod\u00e9cano\u00e9tine Utilisation<\/strong><\/h2>\n<p>1. La dim\u00e9thyldineod\u00e9cano\u00e9tine est utilis\u00e9e comme catalyseur efficace dans la fabrication de mousses de polyur\u00e9thane, de rev\u00eatements, d'adh\u00e9sifs et de produits d'\u00e9tanch\u00e9it\u00e9.<\/p>\n<p>2. La dim\u00e9thyldineod\u00e9cano\u00e9tine est utilis\u00e9e dans le polyur\u00e9thane \u00e0 deux composants, le polyester, les peintures nitro, les encres, les catalyseurs de durcissement, etc. Elle pr\u00e9sente une bonne r\u00e9sistance \u00e0 l'oxydation.<br \/>\n3. La dim\u00e9thyldineod\u00e9cano\u00e9tine est utilis\u00e9e dans la production de plastiques de polyur\u00e9thane, de rev\u00eatements de polyur\u00e9thane, de catalyseurs de caoutchouc de silicone, de catalyseurs, etc.<\/p>\n<p>Il pr\u00e9sente l'activit\u00e9 catalytique la plus \u00e9lev\u00e9e de la gamme des catalyseurs organostanniques, ce qui permet d'obtenir des temps de gel et des temps d'anti-adh\u00e9rence tr\u00e8s courts. Son activit\u00e9 est similaire \u00e0 celle du diac\u00e9tate de dibutyl\u00e9tain (DBTDA), mais sans l'odeur d'acide ac\u00e9tique ni la corrosivit\u00e9 du DBTDA. Il remplace le DBTDL dans de nombreux syst\u00e8mes de mousse de polyur\u00e9thane, avec les avantages d'un faible dosage et d'un faible co\u00fbt. Son point de cong\u00e9lation est inf\u00e9rieur \u00e0 celui du DBTDL et sa r\u00e9sistance \u00e0 l'hydrolyse est l\u00e9g\u00e8rement sup\u00e9rieure. Il peut \u00eatre utilis\u00e9 pour les \u00e9lastom\u00e8res coul\u00e9s et pulv\u00e9ris\u00e9s \u00e0 durcissement rapide, dans les syst\u00e8mes de polyur\u00e9thane et de silicone \u00e0 durcissement \u00e0 temp\u00e9rature ambiante, et convient particuli\u00e8rement aux syst\u00e8mes de polyur\u00e9thane aliphatique.<\/p>\n<h2><strong>Autre nom :<\/strong><\/h2>\n<p>Dim\u00e9thylbis[(1-oxoneodecyl)oxy]stannane<\/p>\n<p>Din\u00e9od\u00e9canoate de dim\u00e9thyl\u00e9tain<\/p>\n<p>Dim\u00e9thyldineod\u00e9cano\u00e9tine<\/p>\n<p>Din\u00e9od\u00e9canoate de dim\u00e9thylstannane<\/p>\n<p>Dim\u00e9thyltinneod\u00e9canoate<\/p>\n<p>&nbsp;<\/p>\n<h2><span style=\"color: #000000;\"><strong><b>Contactez-nous d\u00e8s maintenant !<\/b><\/strong><\/span><\/h2>\n<h4><span style=\"color: #000000;\"><strong><b>Si vous avez besoin de Price, veuillez indiquer vos coordonn\u00e9es dans le formulaire ci-dessous. Nous vous contacterons g\u00e9n\u00e9ralement dans les 24 heures. Vous pouvez \u00e9galement m'envoyer un courriel <span style=\"color: #00ffff;\"><a style=\"color: #00ffff;\" href=\"mailto:info@longchangchemical.com\">info@longchangchemical.com<\/a><\/span> pendant les heures de travail ( 8:30 am to 6:00 pm UTC+8 Mon.~Sat. ) ou utilisez le chat en direct du site web pour obtenir une r\u00e9ponse rapide.<\/b><\/strong><\/span><\/h4>\n<p>&nbsp;<\/p>\n<table class=\"aligncenter\" style=\"border-collapse: collapse; width: 326.27pt;\" border=\"0\" width=\"435\" cellspacing=\"0\" cellpadding=\"0\">\n<tbody>\n<tr style=\"height: 13.50pt;\">\n<td class=\"et2\" style=\"height: 13.50pt; width: 164.25pt;\" width=\"219\" height=\"18\"><a href=\"https:\/\/longchangchemical.com\/fr\/product\/stannous-chloride-anhydrous-cas-7772-99-8\/\"><span style=\"color: #00ccff;\">Chlorure stanneux anhydre<\/span><\/a><\/td>\n<td class=\"et2\" style=\"width: 162.00pt;\" width=\"216\">7772-99-8<\/td>\n<\/tr>\n<tr style=\"height: 13.50pt;\">\n<td class=\"et2\" style=\"height: 13.50pt;\" height=\"18\"><a href=\"https:\/\/longchangchemical.com\/fr\/product\/dimethyltin-dichloride-cas-753-73-1\/\"><span style=\"color: #00ccff;\">Dichlorure de dim\u00e9thyl\u00e9tain<\/span><\/a><\/td>\n<td class=\"et2\">753-73-1<\/td>\n<\/tr>\n<tr style=\"height: 14.25pt;\">\n<td class=\"et3\" style=\"height: 14.25pt; width: 164.25pt;\" width=\"219\" height=\"19\"><a href=\"https:\/\/longchangchemical.com\/fr\/product\/monobutyltin-oxide-cas-2273-43-0\/\"><span class=\"font2\" style=\"color: #00ccff;\">Oxyde de monobutyl\u00e9tain<\/span><\/a><\/td>\n<td class=\"et4\" style=\"width: 162.00pt;\" width=\"216\">2273-43-0<\/td>\n<\/tr>\n<tr style=\"height: 14.25pt;\">\n<td class=\"et3\" style=\"height: 14.25pt; width: 164.25pt;\" width=\"219\" height=\"19\"><a href=\"https:\/\/longchangchemical.com\/fr\/product\/dibutyltin-oxide-cas-818-08-6\/\"><span class=\"font2\" style=\"color: #00ccff;\">Oxyde de dibutyl\u00e9tain<\/span><\/a><\/td>\n<td class=\"et4\" style=\"width: 162.00pt;\" width=\"216\">818-08-6<\/td>\n<\/tr>\n<tr style=\"height: 14.25pt;\">\n<td class=\"et3\" style=\"height: 14.25pt; width: 164.25pt;\" width=\"219\" height=\"19\"><a href=\"https:\/\/longchangchemical.com\/fr\/product\/tributyltin-oxide-cas-56-35-9\/\"><span class=\"font2\" style=\"color: #00ccff;\">Oxyde de tributyl\u00e9tain<\/span><\/a><\/td>\n<td class=\"et4\" style=\"width: 162.00pt;\" width=\"216\">56-35-9<\/td>\n<\/tr>\n<tr style=\"height: 14.25pt;\">\n<td class=\"et4\" style=\"height: 14.25pt; width: 164.25pt;\" width=\"219\" height=\"19\"><a href=\"https:\/\/longchangchemical.com\/fr\/product\/tetrabutyl-tin-cas-1461-25-2\/\"><span style=\"color: #00ccff;\">\u00c9tain t\u00e9trabutylique<\/span><\/a><\/td>\n<td class=\"et4\" style=\"width: 162.00pt;\" width=\"216\">1461-25-2<\/td>\n<\/tr>\n<tr style=\"height: 14.25pt;\">\n<td class=\"et3\" style=\"height: 14.25pt; width: 164.25pt;\" width=\"219\" height=\"19\"><a href=\"https:\/\/longchangchemical.com\/fr\/product\/butyltin-mercaptide-cas-26410-42-4\/\"><span class=\"font2\" style=\"color: #00ccff;\">Butyltin Mercaptide<\/span><\/a><\/td>\n<td class=\"et4\" style=\"width: 162.00pt;\" width=\"216\">26410-42-4<\/td>\n<\/tr>\n<tr style=\"height: 14.25pt;\">\n<td class=\"et4\" style=\"height: 14.25pt; width: 164.25pt;\" width=\"219\" height=\"19\"><a href=\"https:\/\/longchangchemical.com\/fr\/product\/dibutyltin-diacetate-cas-1067-33-0\/\"><span style=\"color: #00ccff;\">Diac\u00e9tate de dibutyl\u00e9tain<\/span><\/a><\/td>\n<td class=\"et5\" style=\"width: 162.00pt;\" width=\"216\">1067-33-0<\/td>\n<\/tr>\n<tr style=\"height: 14.25pt;\">\n<td class=\"et3\" style=\"height: 14.25pt; width: 164.25pt;\" width=\"219\" height=\"19\"><a href=\"https:\/\/longchangchemical.com\/fr\/product\/dibutyltin-dilaurate-dbtdl-cas-77-58-7\/\"><span class=\"font2\" style=\"color: #00ccff;\">Dilaurate de dibutyl\u00e9tain<\/span><\/a><\/td>\n<td class=\"et6\" style=\"width: 162.00pt;\" width=\"216\"><span class=\"font2\">77-58-7<\/span><\/td>\n<\/tr>\n<tr style=\"height: 15.00pt;\">\n<td class=\"et3\" style=\"height: 15.00pt; width: 164.25pt;\" width=\"219\" height=\"20\"><a href=\"https:\/\/longchangchemical.com\/fr\/product\/dibutyltin-maleate-cas-78-04-2\/\"><span class=\"font2\" style=\"color: #00ccff;\">Mal\u00e9ate de dibutyl\u00e9tain<\/span><\/a><\/td>\n<td class=\"et7\" style=\"width: 162.00pt;\" width=\"216\">78-04-2<\/td>\n<\/tr>\n<tr style=\"height: 14.25pt;\">\n<td class=\"et3\" style=\"height: 14.25pt; width: 164.25pt;\" width=\"219\" height=\"19\"><a href=\"https:\/\/longchangchemical.com\/fr\/product\/monobutyltin-trichloride-cas-1118-46-3\/\"><span class=\"font2\" style=\"color: #00ccff;\">Trichlorure de monobutyl\u00e9tain<\/span><\/a><\/td>\n<td class=\"et3\" style=\"width: 162.00pt;\" width=\"216\"><span class=\"font2\">1118-46-3<\/span><\/td>\n<\/tr>\n<tr style=\"height: 14.25pt;\">\n<td class=\"et3\" style=\"height: 14.25pt; width: 164.25pt;\" width=\"219\" height=\"19\"><a href=\"https:\/\/longchangchemical.com\/fr\/product\/dibutyltin-dichloride-cas-683-18-1\/\"><span class=\"font2\" style=\"color: #00ccff;\">Dichlorure de dibutyl\u00e9tain<\/span><\/a><\/td>\n<td class=\"et3\" style=\"width: 162.00pt;\" width=\"216\"><span class=\"font2\">683-18-1<\/span><\/td>\n<\/tr>\n<tr style=\"height: 14.25pt;\">\n<td class=\"et3\" style=\"height: 14.25pt; width: 164.25pt;\" width=\"219\" height=\"19\"><a href=\"https:\/\/longchangchemical.com\/fr\/product\/tributyltin-chloride-cas-1461-22-9\/\"><span class=\"font2\" style=\"color: #00ccff;\">Chlorure de tributyl\u00e9tain<\/span><\/a><\/td>\n<td class=\"et3\" style=\"width: 162.00pt;\" width=\"216\"><span class=\"font2\">1461-22-9<\/span><\/td>\n<\/tr>\n<tr style=\"height: 28.50pt;\">\n<td class=\"et3\" style=\"height: 28.50pt; width: 164.25pt;\" width=\"219\" height=\"38\"><a href=\"https:\/\/longchangchemical.com\/fr\/product\/butyltin-tris2-ethylhexanoate-cas-23850-94-4\/\"><span class=\"font2\" style=\"color: #00ccff;\">Butyltine Tris(2-Ethylhexanoate)<\/span><\/a><\/td>\n<td class=\"et3\" style=\"width: 162.00pt;\" width=\"216\"><span class=\"font2\">23850-94-4<\/span><\/td>\n<\/tr>\n<tr style=\"height: 14.25pt;\">\n<td class=\"et3\" style=\"height: 14.25pt; width: 164.25pt;\" width=\"219\" height=\"19\"><a href=\"https:\/\/longchangchemical.com\/fr\/product\/di-n-octyltin-oxide-cas-870-08-6\/\"><span class=\"font2\" style=\"color: #00ccff;\">Oxyde de di-n-octyl\u00e9tain<\/span><\/a><\/td>\n<td class=\"et3\" style=\"width: 162.00pt;\" width=\"216\"><span class=\"font2\">870-08-6<\/span><\/td>\n<\/tr>\n<tr style=\"height: 14.25pt;\">\n<td class=\"et3\" style=\"height: 14.25pt; width: 164.25pt;\" width=\"219\" height=\"19\"><a href=\"https:\/\/longchangchemical.com\/fr\/product\/dimethyldineodecanoatetin-cas-68928-76-7\/\"><span class=\"font2\" style=\"color: #00ccff;\">Dim\u00e9thyldineod\u00e9cano\u00e9tine<\/span><\/a><\/td>\n<td class=\"et3\" style=\"width: 162.00pt;\" width=\"216\"><span class=\"font2\">68928-76-7<\/span><\/td>\n<\/tr>\n<tr style=\"height: 14.25pt;\">\n<td class=\"et3\" style=\"height: 14.25pt; width: 164.25pt;\" width=\"219\" height=\"19\"><a href=\"https:\/\/longchangchemical.com\/fr\/product\/otm-cas-26401-97-8\/\"><span class=\"font2\" style=\"color: #00ccff;\">Mercaptide d'octyltine<\/span><\/a><\/td>\n<td class=\"et3\" style=\"width: 162.00pt;\" width=\"216\"><span class=\"font2\">26401-97-8<\/span><\/td>\n<\/tr>\n<\/tbody>\n<\/table>\n<p><!--more--><\/p>\n<p>Analyse de la s\u00e9lection des catalyseurs pour polyur\u00e9thane<\/p>\n<p>L'utilisation des catalyseurs a deux objectifs principaux :<\/p>\n<p>1. Faire en sorte que la r\u00e9action se d\u00e9roule dans la direction attendue ;<br \/>\n2. R\u00e9guler la vitesse de r\u00e9action, r\u00e9duire le temps de r\u00e9action et am\u00e9liorer l'efficacit\u00e9 de la production.<\/p>\n<p>Dans la s\u00e9lection du catalyseur de mousse de polyur\u00e9thane, les produits de mousse de polyur\u00e9thane sont principalement synth\u00e9tis\u00e9s \u00e0 partir de poly\u00e9ther, d'isocyanate, d'agent moussant, de catalyseur, etc. Le processus principal de formation de la mousse est g\u00e9n\u00e9ralement consid\u00e9r\u00e9 comme suit :<br \/>\n1. par des m\u00e9thodes physiques et des m\u00e9thodes chimiques dans le syst\u00e8me de r\u00e9action du polyur\u00e9thane pour produire de la mousse, et laisser la mousse se disperser uniform\u00e9ment dans le syst\u00e8me de r\u00e9action, dans lequel la principale m\u00e9thode de moussage est l'utilisation d'eau et la production d'isocyanate de dioxyde de carbone pour produire de la mousse.<br \/>\n2. Le processus de formation de mousse n\u00e9cessite une augmentation de la viscosit\u00e9 du syst\u00e8me r\u00e9actionnel afin de stabiliser la mousse et d'\u00e9viter qu'elle ne s'\u00e9chappe.<br \/>\n3\u3001Lorsque la formation de mousse atteint le nombre et la taille souhait\u00e9s, la viscosit\u00e9 du syst\u00e8me r\u00e9actionnel doit continuer \u00e0 augmenter et m\u00eame former un syst\u00e8me de r\u00e9ticulation pour stabiliser la mousse et la transformer en produit.<\/p>\n<p>Dans ce cas, nous avons besoin d'au moins deux catalyseurs pour r\u00e9guler la r\u00e9action, un catalyseur pour promouvoir la r\u00e9action de l'isocyanate et de l'eau, c'est-\u00e0-dire pour promouvoir la r\u00e9action de moussage, choisit g\u00e9n\u00e9ralement des catalyseurs amin\u00e9s ; l'autre catalyseur pour promouvoir la r\u00e9action de l'isocyanate et du poly\u00e9ther ou de l'alcool, c'est-\u00e0-dire la r\u00e9action de croissance et de r\u00e9ticulation de la cha\u00eene de mol\u00e9cules de polyur\u00e9thane, choisit g\u00e9n\u00e9ralement des catalyseurs m\u00e9talliques. Par cons\u00e9quent, dans le processus de synth\u00e8se de la mousse de polyur\u00e9thane, nous choisissons g\u00e9n\u00e9ralement des catalyseurs amin\u00e9s et des catalyseurs organom\u00e9talliques pour travailler ensemble afin de produire des effets synergiques et d'obtenir les meilleurs r\u00e9sultats.<\/p>\n<p>Catalyseurs organom\u00e9talliques<\/p>\n<p>Dans les \u00e9lastom\u00e8res de polyur\u00e9thane et les adh\u00e9sifs, les rev\u00eatements, les produits d'\u00e9tanch\u00e9it\u00e9, les rev\u00eatements imperm\u00e9ables, les mat\u00e9riaux de pavage et autres formulations, les catalyseurs organostanniques traditionnels et autres catalyseurs organom\u00e9talliques sont le plus souvent utilis\u00e9s, car ils sont tr\u00e8s efficaces pour promouvoir la r\u00e9flexion du groupe isocyanate et du groupe hydroxyle, mais avec les exigences de protection de l'environnement, les produits organobismuth et zinc respectueux de l'environnement sont de plus en plus couramment utilis\u00e9s.<\/p>","protected":false},"excerpt":{"rendered":"<p>Informations de base<\/p>\n<p>Nom du produit : DIM\u00c9THYLDINEOD\u00c9CANO\u00c9TINE<\/p>\n<p>Synonymes : dim\u00e9thylbis[(1-oxoneodecyl)oxy]-stannane;dim\u00e9thylbis[(1-oxoneodecyl)oxy]-Stannane;DIMETHYLDINEODECANOATETIN;DIMETHYLTIN DINEODECANOATE ;Stannane, dim\u00e9thylbis(1-oxoneod\u00e9cyl)oxy-;Einecs 273-028-6;Acide n\u00e9od\u00e9cano\u00efque, ester de 1,1\u2032-(dim\u00e9thylstann\u00e8ne);DIMETHYLDINEODECANOATETIN, tech-95<\/p>\n<p>NUM\u00c9RO DE CAS : 68928-76-7<\/p>\n<p>Formule mol\u00e9culaire : C22H44O4SnMol\u00e9culaire<\/p>\n<p>Poids : 491,29<\/p>\n<p>EINECS : 273-028-6<\/p>\n<p>Cat\u00e9gories de produits : Utilis\u00e9 dans la production de plastique de polyur\u00e9thane, de peinture de polyur\u00e9thane, de caoutchouc organique de silicone, de catalyseur et de d\u00e9shydratant.<\/p>","protected":false},"featured_media":6930,"comment_status":"closed","ping_status":"closed","template":"","meta":[],"product_brand":[],"product_cat":[113],"product_tag":[],"class_list":{"0":"post-6907","1":"product","2":"type-product","3":"status-publish","4":"has-post-thumbnail","6":"product_cat-organic-intermediate","8":"first","9":"instock","10":"shipping-taxable","11":"product-type-simple"},"yoast_head":"<!-- This site is optimized with the Yoast SEO plugin v25.3.1 - https:\/\/yoast.com\/wordpress\/plugins\/seo\/ -->\n<title>China Manufacturer Dimethyldineodecanoatetin CAS 68928-76-7 -Longchang Chemical<\/title>\n<meta name=\"description\" content=\"Dimethyldineodecanoatetin CAS 68928-76-7 is key product of LongChang Chemical. We provide best price. We are the leading manufacturer in China with the best quanlity and competitive price.\" \/>\n<meta name=\"robots\" content=\"index, follow, max-snippet:-1, max-image-preview:large, max-video-preview:-1\" \/>\n<link rel=\"canonical\" href=\"https:\/\/longchangchemical.com\/fr\/product\/dimethyldineodecanoatetin-cas-68928-76-7\/\" \/>\n<meta property=\"og:locale\" content=\"fr_FR\" \/>\n<meta property=\"og:type\" content=\"article\" \/>\n<meta property=\"og:title\" content=\"China Manufacturer Dimethyldineodecanoatetin CAS 68928-76-7 -Longchang Chemical\" \/>\n<meta property=\"og:description\" content=\"Dimethyldineodecanoatetin CAS 68928-76-7 is key product of LongChang Chemical. We provide best price. We are the leading manufacturer in China with the best quanlity and competitive price.\" \/>\n<meta property=\"og:url\" content=\"https:\/\/longchangchemical.com\/fr\/product\/dimethyldineodecanoatetin-cas-68928-76-7\/\" \/>\n<meta property=\"og:site_name\" content=\"Longchang Chemical\" \/>\n<meta property=\"article:modified_time\" content=\"2025-12-17T01:55:34+00:00\" \/>\n<meta property=\"og:image\" content=\"https:\/\/longchangchemical.com\/wp-content\/uploads\/2024\/04\/Dimethyldineodecanoatetin.jpg\" \/>\n\t<meta property=\"og:image:width\" content=\"800\" \/>\n\t<meta property=\"og:image:height\" content=\"800\" \/>\n\t<meta property=\"og:image:type\" content=\"image\/jpeg\" \/>\n<meta name=\"twitter:card\" content=\"summary_large_image\" \/>\n<script type=\"application\/ld+json\" class=\"yoast-schema-graph\">{\"@context\":\"https:\/\/schema.org\",\"@graph\":[{\"@type\":\"WebPage\",\"@id\":\"https:\/\/longchangchemical.com\/product\/dimethyldineodecanoatetin-cas-68928-76-7\/\",\"url\":\"https:\/\/longchangchemical.com\/product\/dimethyldineodecanoatetin-cas-68928-76-7\/\",\"name\":\"China Manufacturer Dimethyldineodecanoatetin CAS 68928-76-7 -Longchang Chemical\",\"isPartOf\":{\"@id\":\"https:\/\/longchangchemical.com\/#website\"},\"primaryImageOfPage\":{\"@id\":\"https:\/\/longchangchemical.com\/product\/dimethyldineodecanoatetin-cas-68928-76-7\/#primaryimage\"},\"image\":{\"@id\":\"https:\/\/longchangchemical.com\/product\/dimethyldineodecanoatetin-cas-68928-76-7\/#primaryimage\"},\"thumbnailUrl\":\"https:\/\/longchangchemical.com\/wp-content\/uploads\/2024\/04\/Dimethyldineodecanoatetin.jpg\",\"datePublished\":\"2024-05-07T05:38:50+00:00\",\"dateModified\":\"2025-12-17T01:55:34+00:00\",\"description\":\"Dimethyldineodecanoatetin CAS 68928-76-7 is key product of LongChang Chemical. We provide best price. We are the leading manufacturer in China with the best quanlity and competitive price.\",\"breadcrumb\":{\"@id\":\"https:\/\/longchangchemical.com\/product\/dimethyldineodecanoatetin-cas-68928-76-7\/#breadcrumb\"},\"inLanguage\":\"fr-FR\",\"potentialAction\":[{\"@type\":\"ReadAction\",\"target\":[\"https:\/\/longchangchemical.com\/product\/dimethyldineodecanoatetin-cas-68928-76-7\/\"]}]},{\"@type\":\"ImageObject\",\"inLanguage\":\"fr-FR\",\"@id\":\"https:\/\/longchangchemical.com\/product\/dimethyldineodecanoatetin-cas-68928-76-7\/#primaryimage\",\"url\":\"https:\/\/longchangchemical.com\/wp-content\/uploads\/2024\/04\/Dimethyldineodecanoatetin.jpg\",\"contentUrl\":\"https:\/\/longchangchemical.com\/wp-content\/uploads\/2024\/04\/Dimethyldineodecanoatetin.jpg\",\"width\":800,\"height\":800,\"caption\":\"Dimethyldineodecanoatetin CAS 68928-76-7\"},{\"@type\":\"BreadcrumbList\",\"@id\":\"https:\/\/longchangchemical.com\/product\/dimethyldineodecanoatetin-cas-68928-76-7\/#breadcrumb\",\"itemListElement\":[{\"@type\":\"ListItem\",\"position\":1,\"name\":\"Home\",\"item\":\"https:\/\/longchangchemical.com\/\"},{\"@type\":\"ListItem\",\"position\":2,\"name\":\"Products Longchang\",\"item\":\"https:\/\/longchangchemical.com\/product\/\"},{\"@type\":\"ListItem\",\"position\":3,\"name\":\"Dimethyldineodecanoatetin CAS 68928-76-7\"}]},{\"@type\":\"WebSite\",\"@id\":\"https:\/\/longchangchemical.com\/#website\",\"url\":\"https:\/\/longchangchemical.com\/\",\"name\":\"Longchang Chemical\",\"description\":\"China chemical manufacturer \uff06 supplier\",\"publisher\":{\"@id\":\"https:\/\/longchangchemical.com\/#organization\"},\"potentialAction\":[{\"@type\":\"SearchAction\",\"target\":{\"@type\":\"EntryPoint\",\"urlTemplate\":\"https:\/\/longchangchemical.com\/?s={search_term_string}\"},\"query-input\":{\"@type\":\"PropertyValueSpecification\",\"valueRequired\":true,\"valueName\":\"search_term_string\"}}],\"inLanguage\":\"fr-FR\"},{\"@type\":\"Organization\",\"@id\":\"https:\/\/longchangchemical.com\/#organization\",\"name\":\"Longchang Chemical\",\"url\":\"https:\/\/longchangchemical.com\/\",\"logo\":{\"@type\":\"ImageObject\",\"inLanguage\":\"fr-FR\",\"@id\":\"https:\/\/longchangchemical.com\/#\/schema\/logo\/image\/\",\"url\":\"https:\/\/longchangchemical.com\/wp-content\/uploads\/2020\/08\/cropped-longchang-logo.png\",\"contentUrl\":\"https:\/\/longchangchemical.com\/wp-content\/uploads\/2020\/08\/cropped-longchang-logo.png\",\"width\":512,\"height\":512,\"caption\":\"Longchang Chemical\"},\"image\":{\"@id\":\"https:\/\/longchangchemical.com\/#\/schema\/logo\/image\/\"}}]}<\/script>\n<!-- \/ Yoast SEO plugin. -->","yoast_head_json":{"title":"Fabricant chinois Dimethyldineodecanoatetin CAS 68928-76-7 -Longchang Chemical","description":"La dim\u00e9thyldineod\u00e9cano\u00e9tine CAS 68928-76-7 est un produit cl\u00e9 de LongChang Chemical. Nous fournissons le meilleur prix. Nous sommes le premier fabricant en Chine avec la meilleure quantit\u00e9 et le prix le plus comp\u00e9titif.","robots":{"index":"index","follow":"follow","max-snippet":"max-snippet:-1","max-image-preview":"max-image-preview:large","max-video-preview":"max-video-preview:-1"},"canonical":"https:\/\/longchangchemical.com\/fr\/product\/dimethyldineodecanoatetin-cas-68928-76-7\/","og_locale":"fr_FR","og_type":"article","og_title":"China Manufacturer Dimethyldineodecanoatetin CAS 68928-76-7 -Longchang Chemical","og_description":"Dimethyldineodecanoatetin CAS 68928-76-7 is key product of LongChang Chemical. We provide best price. We are the leading manufacturer in China with the best quanlity and competitive price.","og_url":"https:\/\/longchangchemical.com\/fr\/product\/dimethyldineodecanoatetin-cas-68928-76-7\/","og_site_name":"Longchang Chemical","article_modified_time":"2025-12-17T01:55:34+00:00","og_image":[{"width":800,"height":800,"url":"https:\/\/longchangchemical.com\/wp-content\/uploads\/2024\/04\/Dimethyldineodecanoatetin.jpg","type":"image\/jpeg"}],"twitter_card":"summary_large_image","schema":{"@context":"https:\/\/schema.org","@graph":[{"@type":"WebPage","@id":"https:\/\/longchangchemical.com\/product\/dimethyldineodecanoatetin-cas-68928-76-7\/","url":"https:\/\/longchangchemical.com\/product\/dimethyldineodecanoatetin-cas-68928-76-7\/","name":"Fabricant chinois Dimethyldineodecanoatetin CAS 68928-76-7 -Longchang Chemical","isPartOf":{"@id":"https:\/\/longchangchemical.com\/#website"},"primaryImageOfPage":{"@id":"https:\/\/longchangchemical.com\/product\/dimethyldineodecanoatetin-cas-68928-76-7\/#primaryimage"},"image":{"@id":"https:\/\/longchangchemical.com\/product\/dimethyldineodecanoatetin-cas-68928-76-7\/#primaryimage"},"thumbnailUrl":"https:\/\/longchangchemical.com\/wp-content\/uploads\/2024\/04\/Dimethyldineodecanoatetin.jpg","datePublished":"2024-05-07T05:38:50+00:00","dateModified":"2025-12-17T01:55:34+00:00","description":"La dim\u00e9thyldineod\u00e9cano\u00e9tine CAS 68928-76-7 est un produit cl\u00e9 de LongChang Chemical. Nous fournissons le meilleur prix. Nous sommes le premier fabricant en Chine avec la meilleure quantit\u00e9 et le prix le plus comp\u00e9titif.","breadcrumb":{"@id":"https:\/\/longchangchemical.com\/product\/dimethyldineodecanoatetin-cas-68928-76-7\/#breadcrumb"},"inLanguage":"fr-FR","potentialAction":[{"@type":"ReadAction","target":["https:\/\/longchangchemical.com\/product\/dimethyldineodecanoatetin-cas-68928-76-7\/"]}]},{"@type":"ImageObject","inLanguage":"fr-FR","@id":"https:\/\/longchangchemical.com\/product\/dimethyldineodecanoatetin-cas-68928-76-7\/#primaryimage","url":"https:\/\/longchangchemical.com\/wp-content\/uploads\/2024\/04\/Dimethyldineodecanoatetin.jpg","contentUrl":"https:\/\/longchangchemical.com\/wp-content\/uploads\/2024\/04\/Dimethyldineodecanoatetin.jpg","width":800,"height":800,"caption":"Dimethyldineodecanoatetin CAS 68928-76-7"},{"@type":"BreadcrumbList","@id":"https:\/\/longchangchemical.com\/product\/dimethyldineodecanoatetin-cas-68928-76-7\/#breadcrumb","itemListElement":[{"@type":"ListItem","position":1,"name":"Home","item":"https:\/\/longchangchemical.com\/"},{"@type":"ListItem","position":2,"name":"Products Longchang","item":"https:\/\/longchangchemical.com\/product\/"},{"@type":"ListItem","position":3,"name":"Dimethyldineodecanoatetin CAS 68928-76-7"}]},{"@type":"WebSite","@id":"https:\/\/longchangchemical.com\/#website","url":"https:\/\/longchangchemical.com\/","name":"Longchang Chemical","description":"Fabricant chinois de produits chimiques \uff06 fournisseur","publisher":{"@id":"https:\/\/longchangchemical.com\/#organization"},"potentialAction":[{"@type":"SearchAction","target":{"@type":"EntryPoint","urlTemplate":"https:\/\/longchangchemical.com\/?s={search_term_string}"},"query-input":{"@type":"PropertyValueSpecification","valueRequired":true,"valueName":"search_term_string"}}],"inLanguage":"fr-FR"},{"@type":"Organization","@id":"https:\/\/longchangchemical.com\/#organization","name":"Longchang Chemical","url":"https:\/\/longchangchemical.com\/","logo":{"@type":"ImageObject","inLanguage":"fr-FR","@id":"https:\/\/longchangchemical.com\/#\/schema\/logo\/image\/","url":"https:\/\/longchangchemical.com\/wp-content\/uploads\/2020\/08\/cropped-longchang-logo.png","contentUrl":"https:\/\/longchangchemical.com\/wp-content\/uploads\/2020\/08\/cropped-longchang-logo.png","width":512,"height":512,"caption":"Longchang Chemical"},"image":{"@id":"https:\/\/longchangchemical.com\/#\/schema\/logo\/image\/"}}]}},"_links":{"self":[{"href":"https:\/\/longchangchemical.com\/fr\/wp-json\/wp\/v2\/product\/6907","targetHints":{"allow":["GET"]}}],"collection":[{"href":"https:\/\/longchangchemical.com\/fr\/wp-json\/wp\/v2\/product"}],"about":[{"href":"https:\/\/longchangchemical.com\/fr\/wp-json\/wp\/v2\/types\/product"}],"replies":[{"embeddable":true,"href":"https:\/\/longchangchemical.com\/fr\/wp-json\/wp\/v2\/comments?post=6907"}],"wp:featuredmedia":[{"embeddable":true,"href":"https:\/\/longchangchemical.com\/fr\/wp-json\/wp\/v2\/media\/6930"}],"wp:attachment":[{"href":"https:\/\/longchangchemical.com\/fr\/wp-json\/wp\/v2\/media?parent=6907"}],"wp:term":[{"taxonomy":"product_brand","embeddable":true,"href":"https:\/\/longchangchemical.com\/fr\/wp-json\/wp\/v2\/product_brand?post=6907"},{"taxonomy":"product_cat","embeddable":true,"href":"https:\/\/longchangchemical.com\/fr\/wp-json\/wp\/v2\/product_cat?post=6907"},{"taxonomy":"product_tag","embeddable":true,"href":"https:\/\/longchangchemical.com\/fr\/wp-json\/wp\/v2\/product_tag?post=6907"}],"curies":[{"name":"wp","href":"https:\/\/api.w.org\/{rel}","templated":true}]}}