{"id":6893,"date":"2024-04-29T01:51:00","date_gmt":"2024-04-29T01:51:00","guid":{"rendered":"https:\/\/longchangchemical.com\/?post_type=product&#038;p=6893"},"modified":"2025-12-17T02:07:40","modified_gmt":"2025-12-17T02:07:40","slug":"stannous-chloride-anhydrous-cas-7772-99-8","status":"publish","type":"product","link":"https:\/\/longchangchemical.com\/fr\/product\/stannous-chloride-anhydrous-cas-7772-99-8\/","title":{"rendered":"Chlorure stanneux anhydre CAS 7772-99-8"},"content":{"rendered":"<h1>Chlorure stanneux anhydre CAS 7772-99-8<\/h1>\n<h1 style=\"font-family: Roboto; font-weight: var(--h2_typography-font-weight); line-height: var(--h2_typography-line-height); font-size: var(--h2_typography-font-size); color: var(--h2_typography-color); margin-top: var(--h2_typography-margin-top); margin-bottom: var(--h2_typography-margin-bottom);\">Formule mol\u00e9culaire:Cl2Sn<\/h1>\n<h1 style=\"font-family: Roboto; font-weight: var(--h2_typography-font-weight); line-height: var(--h2_typography-line-height); font-size: var(--h2_typography-font-size); color: var(--h2_typography-color); margin-top: var(--h2_typography-margin-top); margin-bottom: var(--h2_typography-margin-bottom);\">Poids mol\u00e9culaire : 189,62<\/h1>\n<p style=\"margin: 0px 0px 20px; color: #4a4e57; font-family: Roboto;\">Aspect : poudre blanche<\/p>\n<p style=\"margin: 0px 0px 20px; color: #4a4e57; font-family: Roboto;\">Contenu : 99%<\/p>\n<p style=\"margin: 0px 0px 20px; color: #4a4e57; font-family: Roboto;\"><span style=\"font-weight: bolder;\">Chlorure stanneux anhydrePropri\u00e9t\u00e9s typiques<\/span><\/p>\n<table class=\"table-1\" style=\"max-width: 100%; border-collapse: collapse; border-spacing: 0px; --awb-margin-top: 0; --awb-margin-right: 0; --awb-margin-bottom: 0; --awb-margin-left: 0; margin: var(--awb-margin-top) var(--awb-margin-right) var(--awb-margin-bottom) var(--awb-margin-left); color: #4a4e57; font-family: Roboto; width: 540.781px;\" cellspacing=\"0\">\n<tbody>\n<tr>\n<td style=\"border: 1px solid #dcdcdc; padding: 10px 20px; width: 271.858px;\"><span style=\"font-weight: bolder;\">Objet<\/span><\/td>\n<td style=\"border: 1px solid #dcdcdc; padding: 10px 20px; width: 169.809px;\"><span style=\"font-weight: bolder;\">Sp\u00e9cifications<\/span><\/td>\n<td style=\"border: 1px solid #dcdcdc; padding: 10px 20px; width: 98.0035px;\"><span style=\"font-weight: bolder;\">R\u00e9sultats<\/span><\/td>\n<\/tr>\n<tr style=\"background: #f6f6f6;\">\n<td style=\"border: 1px solid #dcdcdc; padding: 10px 20px; width: 271.858px;\">SnCl2%<\/td>\n<td style=\"border: 1px solid #dcdcdc; padding: 10px 20px; width: 169.809px;\">\u226598.5%<\/td>\n<td style=\"border: 1px solid #dcdcdc; padding: 10px 20px; width: 98.0035px;\">99.38<\/td>\n<\/tr>\n<tr>\n<td style=\"border: 1px solid #dcdcdc; padding: 10px 20px; width: 271.858px;\">Cu%<\/td>\n<td style=\"border: 1px solid #dcdcdc; padding: 10px 20px; width: 169.809px;\">\u22640.002<\/td>\n<td style=\"border: 1px solid #dcdcdc; padding: 10px 20px; width: 98.0035px;\">0.0002<\/td>\n<\/tr>\n<tr style=\"background: #f6f6f6;\">\n<td style=\"border: 1px solid #dcdcdc; padding: 10px 20px; width: 271.858px;\">Pb%<\/td>\n<td style=\"border: 1px solid #dcdcdc; padding: 10px 20px; width: 169.809px;\">\u22640.03<\/td>\n<td style=\"border: 1px solid #dcdcdc; padding: 10px 20px; width: 98.0035px;\">0.0032<\/td>\n<\/tr>\n<tr>\n<td style=\"border: 1px solid #dcdcdc; padding: 10px 20px; width: 271.858px;\">Fe%<\/td>\n<td style=\"border: 1px solid #dcdcdc; padding: 10px 20px; width: 169.809px;\">\u22640.03<\/td>\n<td style=\"border: 1px solid #dcdcdc; padding: 10px 20px; width: 98.0035px;\">0.0047<\/td>\n<\/tr>\n<tr style=\"background: #f6f6f6;\">\n<td style=\"border: 1px solid #dcdcdc; padding: 10px 20px; width: 271.858px;\">SnO4<sup>2-<\/sup>%<\/td>\n<td style=\"border: 1px solid #dcdcdc; padding: 10px 20px; width: 169.809px;\">\u22640.1<\/td>\n<td style=\"border: 1px solid #dcdcdc; padding: 10px 20px; width: 98.0035px;\">0.0008<\/td>\n<\/tr>\n<tr>\n<td style=\"border: 1px solid #dcdcdc; padding: 10px 20px; width: 271.858px;\">M\u00e9tal alcalin M\u00e9tal alcalino-terreux(K Na)%<\/td>\n<td style=\"border: 1px solid #dcdcdc; padding: 10px 20px; width: 169.809px;\">\u22640.1<\/td>\n<td style=\"border: 1px solid #dcdcdc; padding: 10px 20px; width: 98.0035px;\">0.010<\/td>\n<\/tr>\n<tr style=\"background: #f6f6f6;\">\n<td style=\"border: 1px solid #dcdcdc; padding: 10px 20px; width: 271.858px;\">Perte de combustion%<\/td>\n<td style=\"border: 1px solid #dcdcdc; padding: 10px 20px; width: 169.809px;\">\u22640.5<\/td>\n<td style=\"border: 1px solid #dcdcdc; padding: 10px 20px; width: 98.0035px;\">0.2750<\/td>\n<\/tr>\n<tr>\n<td style=\"border: 1px solid #dcdcdc; padding: 10px 20px; width: 271.858px;\">Conclusion<\/td>\n<td style=\"border: 1px solid #dcdcdc; padding: 10px 20px; width: 267.812px;\" colspan=\"2\">Les r\u00e9sultats sont conformes aux normes de l'entreprise<\/td>\n<\/tr>\n<\/tbody>\n<\/table>\n<p style=\"margin: 0px 0px 20px; color: #4a4e57; font-family: Roboto;\"><span style=\"font-weight: bolder;\">Chlorure stanneux anhydre Utilisation<\/span><\/p>\n<p style=\"margin: 0px 0px 20px; color: #4a4e57; font-family: Roboto;\">Utilis\u00e9 pour la d\u00e9termination de l'argent, de l'arsenic, du molybd\u00e8ne, etc., \u00e9galement utilis\u00e9 comme mordant, agent r\u00e9ducteur.<\/p>\n<p style=\"margin: 0px 0px 20px; color: #4a4e57; font-family: Roboto;\"><span style=\"font-weight: bolder;\">Chlorure stanneux anhydre Emballage<\/span><\/p>\n<p style=\"margin: 0px 0px 20px; color: #4a4e57; font-family: Roboto;\">25kg\/f\u00fbt<\/p>\n<h2><strong>Autre nom :<\/strong><\/h2>\n<p>dichlorostannane ;<br \/>\ndichlorotine ;<br \/>\nEstocat 150 ;<br \/>\nChlorure stanneux anhydre ;<br \/>\nChlorure stanneux ;<br \/>\nCHLORURE STANNEUX ;<br \/>\nchlorure d'\u00e9tain ;<br \/>\nDichlorure d'\u00e9tain ;<br \/>\nChlorure d'\u00e9tain II ;<\/p>\n<h3>Contactez-nous d\u00e8s maintenant !<\/h3>\n<h3>Si vous avez besoin d'un prix ou d'un \u00e9chantillon, veuillez nous envoyer un courriel \u00e0 l'adresse suivante <span style=\"color: #0267c1;\"><a style=\"color: #0267c1;\" href=\"mailto:info@longchangchemical.com\"><strong>info@longchangchemical.com<\/strong><\/a><\/span>ou utilisez le chat en direct du site web pour obtenir une r\u00e9ponse rapide.<\/h3>","protected":false},"excerpt":{"rendered":"<p style=\"margin: 0px 0px 20px; color: #4a4e57; font-family: Roboto;\">Nom chimique : Chlorure stanneux anhydre<\/p>\n<p style=\"margin: 0px 0px 20px; color: #4a4e57; font-family: Roboto;\">CAS : 7772-99-8<\/p>\n<p style=\"margin: 0px 0px 20px; color: #4a4e57; font-family: Roboto;\">Aspect : Poudre blanche<\/p>\n<p style=\"margin: 0px 0px 20px; color: #4a4e57; font-family: Roboto;\">Contenu : 99%<\/p>","protected":false},"featured_media":6913,"comment_status":"closed","ping_status":"closed","template":"","meta":[],"product_brand":[],"product_cat":[113],"product_tag":[],"class_list":{"0":"post-6893","1":"product","2":"type-product","3":"status-publish","4":"has-post-thumbnail","6":"product_cat-organic-intermediate","8":"first","9":"instock","10":"shipping-taxable","11":"product-type-simple"},"yoast_head":"<!-- This site is optimized with the Yoast SEO plugin v25.3.1 - https:\/\/yoast.com\/wordpress\/plugins\/seo\/ -->\n<title>China Stannous Chloride anhydrous cas 7772-99-8 Manufacturer CAS 7772-99-8 -Longchang Chemical<\/title>\n<meta name=\"description\" content=\"Stannous Chloride anhydrous is key product of LongChang Chemical. We provide best price. We are the leading manufacturer in China with the best quanlity and competitive price. Other Name: dichlorostannane;\u00a0dichlorotin;\u00a0Estocat 150;\u00a0Stannous Chloride anhydrous;\u00a0Stannous chloride;\u00a0STANNOUS CHLORIDE;\u00a0tin chloride;\u00a0Tin dichloride;\u00a0TinII chloride;\u00a0\" \/>\n<meta name=\"robots\" content=\"index, follow, max-snippet:-1, max-image-preview:large, max-video-preview:-1\" \/>\n<link rel=\"canonical\" href=\"https:\/\/longchangchemical.com\/fr\/product\/stannous-chloride-anhydrous-cas-7772-99-8\/\" \/>\n<meta property=\"og:locale\" content=\"fr_FR\" \/>\n<meta property=\"og:type\" content=\"article\" \/>\n<meta property=\"og:title\" content=\"China Stannous Chloride anhydrous cas 7772-99-8 Manufacturer CAS 7772-99-8 -Longchang Chemical\" \/>\n<meta property=\"og:description\" content=\"Stannous Chloride anhydrous is key product of LongChang Chemical. We provide best price. We are the leading manufacturer in China with the best quanlity and competitive price. Other Name: dichlorostannane;\u00a0dichlorotin;\u00a0Estocat 150;\u00a0Stannous Chloride anhydrous;\u00a0Stannous chloride;\u00a0STANNOUS CHLORIDE;\u00a0tin chloride;\u00a0Tin dichloride;\u00a0TinII chloride;\u00a0\" \/>\n<meta property=\"og:url\" content=\"https:\/\/longchangchemical.com\/fr\/product\/stannous-chloride-anhydrous-cas-7772-99-8\/\" \/>\n<meta property=\"og:site_name\" content=\"Longchang Chemical\" \/>\n<meta property=\"article:modified_time\" content=\"2025-12-17T02:07:40+00:00\" \/>\n<meta property=\"og:image\" content=\"https:\/\/longchangchemical.com\/wp-content\/uploads\/2024\/04\/Stannous-Chloride-Anhydrous.jpg\" \/>\n\t<meta property=\"og:image:width\" content=\"800\" \/>\n\t<meta property=\"og:image:height\" content=\"800\" \/>\n\t<meta property=\"og:image:type\" content=\"image\/jpeg\" \/>\n<meta name=\"twitter:card\" content=\"summary_large_image\" \/>\n<script type=\"application\/ld+json\" class=\"yoast-schema-graph\">{\"@context\":\"https:\/\/schema.org\",\"@graph\":[{\"@type\":\"WebPage\",\"@id\":\"https:\/\/longchangchemical.com\/product\/stannous-chloride-anhydrous-cas-7772-99-8\/\",\"url\":\"https:\/\/longchangchemical.com\/product\/stannous-chloride-anhydrous-cas-7772-99-8\/\",\"name\":\"China Stannous Chloride anhydrous cas 7772-99-8 Manufacturer CAS 7772-99-8 -Longchang Chemical\",\"isPartOf\":{\"@id\":\"https:\/\/longchangchemical.com\/#website\"},\"primaryImageOfPage\":{\"@id\":\"https:\/\/longchangchemical.com\/product\/stannous-chloride-anhydrous-cas-7772-99-8\/#primaryimage\"},\"image\":{\"@id\":\"https:\/\/longchangchemical.com\/product\/stannous-chloride-anhydrous-cas-7772-99-8\/#primaryimage\"},\"thumbnailUrl\":\"https:\/\/longchangchemical.com\/wp-content\/uploads\/2024\/04\/Stannous-Chloride-Anhydrous.jpg\",\"datePublished\":\"2024-04-29T01:51:00+00:00\",\"dateModified\":\"2025-12-17T02:07:40+00:00\",\"description\":\"Stannous Chloride anhydrous is key product of LongChang Chemical. We provide best price. We are the leading manufacturer in China with the best quanlity and competitive price. Other Name: dichlorostannane;\u00a0dichlorotin;\u00a0Estocat 150;\u00a0Stannous Chloride anhydrous;\u00a0Stannous chloride;\u00a0STANNOUS CHLORIDE;\u00a0tin chloride;\u00a0Tin dichloride;\u00a0TinII chloride;\u00a0\",\"breadcrumb\":{\"@id\":\"https:\/\/longchangchemical.com\/product\/stannous-chloride-anhydrous-cas-7772-99-8\/#breadcrumb\"},\"inLanguage\":\"fr-FR\",\"potentialAction\":[{\"@type\":\"ReadAction\",\"target\":[\"https:\/\/longchangchemical.com\/product\/stannous-chloride-anhydrous-cas-7772-99-8\/\"]}]},{\"@type\":\"ImageObject\",\"inLanguage\":\"fr-FR\",\"@id\":\"https:\/\/longchangchemical.com\/product\/stannous-chloride-anhydrous-cas-7772-99-8\/#primaryimage\",\"url\":\"https:\/\/longchangchemical.com\/wp-content\/uploads\/2024\/04\/Stannous-Chloride-Anhydrous.jpg\",\"contentUrl\":\"https:\/\/longchangchemical.com\/wp-content\/uploads\/2024\/04\/Stannous-Chloride-Anhydrous.jpg\",\"width\":800,\"height\":800},{\"@type\":\"BreadcrumbList\",\"@id\":\"https:\/\/longchangchemical.com\/product\/stannous-chloride-anhydrous-cas-7772-99-8\/#breadcrumb\",\"itemListElement\":[{\"@type\":\"ListItem\",\"position\":1,\"name\":\"Home\",\"item\":\"https:\/\/longchangchemical.com\/\"},{\"@type\":\"ListItem\",\"position\":2,\"name\":\"Products Longchang\",\"item\":\"https:\/\/longchangchemical.com\/product\/\"},{\"@type\":\"ListItem\",\"position\":3,\"name\":\"Stannous Chloride anhydrous CAS 7772-99-8\"}]},{\"@type\":\"WebSite\",\"@id\":\"https:\/\/longchangchemical.com\/#website\",\"url\":\"https:\/\/longchangchemical.com\/\",\"name\":\"Longchang Chemical\",\"description\":\"China chemical manufacturer \uff06 supplier\",\"publisher\":{\"@id\":\"https:\/\/longchangchemical.com\/#organization\"},\"potentialAction\":[{\"@type\":\"SearchAction\",\"target\":{\"@type\":\"EntryPoint\",\"urlTemplate\":\"https:\/\/longchangchemical.com\/?s={search_term_string}\"},\"query-input\":{\"@type\":\"PropertyValueSpecification\",\"valueRequired\":true,\"valueName\":\"search_term_string\"}}],\"inLanguage\":\"fr-FR\"},{\"@type\":\"Organization\",\"@id\":\"https:\/\/longchangchemical.com\/#organization\",\"name\":\"Longchang Chemical\",\"url\":\"https:\/\/longchangchemical.com\/\",\"logo\":{\"@type\":\"ImageObject\",\"inLanguage\":\"fr-FR\",\"@id\":\"https:\/\/longchangchemical.com\/#\/schema\/logo\/image\/\",\"url\":\"https:\/\/longchangchemical.com\/wp-content\/uploads\/2020\/08\/cropped-longchang-logo.png\",\"contentUrl\":\"https:\/\/longchangchemical.com\/wp-content\/uploads\/2020\/08\/cropped-longchang-logo.png\",\"width\":512,\"height\":512,\"caption\":\"Longchang Chemical\"},\"image\":{\"@id\":\"https:\/\/longchangchemical.com\/#\/schema\/logo\/image\/\"}}]}<\/script>\n<!-- \/ Yoast SEO plugin. -->","yoast_head_json":{"title":"Chlorure stanneux anhydre cas 7772-99-8 Fabricant CAS 7772-99-8 -Longchang Chemical","description":"Le chlorure stanneux anhydre est un produit cl\u00e9 de LongChang Chemical. Nous fournissons le meilleur prix. Nous sommes le principal fabricant en Chine avec la meilleure quantit\u00e9 et un prix comp\u00e9titif. Autres noms : dichlorostannane ; dichlorotine ; Estocat 150 ; chlorure stanneux anhydre ; chlorure stanneux ; CHLORURE STANNEUX ; chlorure d'\u00e9tain ; dichlorure d'\u00e9tain ; chlorure d'\u00e9tain II ;\u00a0","robots":{"index":"index","follow":"follow","max-snippet":"max-snippet:-1","max-image-preview":"max-image-preview:large","max-video-preview":"max-video-preview:-1"},"canonical":"https:\/\/longchangchemical.com\/fr\/product\/stannous-chloride-anhydrous-cas-7772-99-8\/","og_locale":"fr_FR","og_type":"article","og_title":"China Stannous Chloride anhydrous cas 7772-99-8 Manufacturer CAS 7772-99-8 -Longchang Chemical","og_description":"Stannous Chloride anhydrous is key product of LongChang Chemical. We provide best price. We are the leading manufacturer in China with the best quanlity and competitive price. Other Name: dichlorostannane;\u00a0dichlorotin;\u00a0Estocat 150;\u00a0Stannous Chloride anhydrous;\u00a0Stannous chloride;\u00a0STANNOUS CHLORIDE;\u00a0tin chloride;\u00a0Tin dichloride;\u00a0TinII chloride;\u00a0","og_url":"https:\/\/longchangchemical.com\/fr\/product\/stannous-chloride-anhydrous-cas-7772-99-8\/","og_site_name":"Longchang Chemical","article_modified_time":"2025-12-17T02:07:40+00:00","og_image":[{"width":800,"height":800,"url":"https:\/\/longchangchemical.com\/wp-content\/uploads\/2024\/04\/Stannous-Chloride-Anhydrous.jpg","type":"image\/jpeg"}],"twitter_card":"summary_large_image","schema":{"@context":"https:\/\/schema.org","@graph":[{"@type":"WebPage","@id":"https:\/\/longchangchemical.com\/product\/stannous-chloride-anhydrous-cas-7772-99-8\/","url":"https:\/\/longchangchemical.com\/product\/stannous-chloride-anhydrous-cas-7772-99-8\/","name":"Chlorure stanneux anhydre cas 7772-99-8 Fabricant CAS 7772-99-8 -Longchang Chemical","isPartOf":{"@id":"https:\/\/longchangchemical.com\/#website"},"primaryImageOfPage":{"@id":"https:\/\/longchangchemical.com\/product\/stannous-chloride-anhydrous-cas-7772-99-8\/#primaryimage"},"image":{"@id":"https:\/\/longchangchemical.com\/product\/stannous-chloride-anhydrous-cas-7772-99-8\/#primaryimage"},"thumbnailUrl":"https:\/\/longchangchemical.com\/wp-content\/uploads\/2024\/04\/Stannous-Chloride-Anhydrous.jpg","datePublished":"2024-04-29T01:51:00+00:00","dateModified":"2025-12-17T02:07:40+00:00","description":"Le chlorure stanneux anhydre est un produit cl\u00e9 de LongChang Chemical. Nous fournissons le meilleur prix. Nous sommes le principal fabricant en Chine avec la meilleure quantit\u00e9 et un prix comp\u00e9titif. Autres noms : dichlorostannane ; dichlorotine ; Estocat 150 ; chlorure stanneux anhydre ; chlorure stanneux ; CHLORURE STANNEUX ; chlorure d'\u00e9tain ; dichlorure d'\u00e9tain ; chlorure d'\u00e9tain II ;\u00a0","breadcrumb":{"@id":"https:\/\/longchangchemical.com\/product\/stannous-chloride-anhydrous-cas-7772-99-8\/#breadcrumb"},"inLanguage":"fr-FR","potentialAction":[{"@type":"ReadAction","target":["https:\/\/longchangchemical.com\/product\/stannous-chloride-anhydrous-cas-7772-99-8\/"]}]},{"@type":"ImageObject","inLanguage":"fr-FR","@id":"https:\/\/longchangchemical.com\/product\/stannous-chloride-anhydrous-cas-7772-99-8\/#primaryimage","url":"https:\/\/longchangchemical.com\/wp-content\/uploads\/2024\/04\/Stannous-Chloride-Anhydrous.jpg","contentUrl":"https:\/\/longchangchemical.com\/wp-content\/uploads\/2024\/04\/Stannous-Chloride-Anhydrous.jpg","width":800,"height":800},{"@type":"BreadcrumbList","@id":"https:\/\/longchangchemical.com\/product\/stannous-chloride-anhydrous-cas-7772-99-8\/#breadcrumb","itemListElement":[{"@type":"ListItem","position":1,"name":"Home","item":"https:\/\/longchangchemical.com\/"},{"@type":"ListItem","position":2,"name":"Products Longchang","item":"https:\/\/longchangchemical.com\/product\/"},{"@type":"ListItem","position":3,"name":"Stannous Chloride anhydrous CAS 7772-99-8"}]},{"@type":"WebSite","@id":"https:\/\/longchangchemical.com\/#website","url":"https:\/\/longchangchemical.com\/","name":"Longchang Chemical","description":"Fabricant chinois de produits chimiques \uff06 fournisseur","publisher":{"@id":"https:\/\/longchangchemical.com\/#organization"},"potentialAction":[{"@type":"SearchAction","target":{"@type":"EntryPoint","urlTemplate":"https:\/\/longchangchemical.com\/?s={search_term_string}"},"query-input":{"@type":"PropertyValueSpecification","valueRequired":true,"valueName":"search_term_string"}}],"inLanguage":"fr-FR"},{"@type":"Organization","@id":"https:\/\/longchangchemical.com\/#organization","name":"Longchang Chemical","url":"https:\/\/longchangchemical.com\/","logo":{"@type":"ImageObject","inLanguage":"fr-FR","@id":"https:\/\/longchangchemical.com\/#\/schema\/logo\/image\/","url":"https:\/\/longchangchemical.com\/wp-content\/uploads\/2020\/08\/cropped-longchang-logo.png","contentUrl":"https:\/\/longchangchemical.com\/wp-content\/uploads\/2020\/08\/cropped-longchang-logo.png","width":512,"height":512,"caption":"Longchang Chemical"},"image":{"@id":"https:\/\/longchangchemical.com\/#\/schema\/logo\/image\/"}}]}},"_links":{"self":[{"href":"https:\/\/longchangchemical.com\/fr\/wp-json\/wp\/v2\/product\/6893","targetHints":{"allow":["GET"]}}],"collection":[{"href":"https:\/\/longchangchemical.com\/fr\/wp-json\/wp\/v2\/product"}],"about":[{"href":"https:\/\/longchangchemical.com\/fr\/wp-json\/wp\/v2\/types\/product"}],"replies":[{"embeddable":true,"href":"https:\/\/longchangchemical.com\/fr\/wp-json\/wp\/v2\/comments?post=6893"}],"wp:featuredmedia":[{"embeddable":true,"href":"https:\/\/longchangchemical.com\/fr\/wp-json\/wp\/v2\/media\/6913"}],"wp:attachment":[{"href":"https:\/\/longchangchemical.com\/fr\/wp-json\/wp\/v2\/media?parent=6893"}],"wp:term":[{"taxonomy":"product_brand","embeddable":true,"href":"https:\/\/longchangchemical.com\/fr\/wp-json\/wp\/v2\/product_brand?post=6893"},{"taxonomy":"product_cat","embeddable":true,"href":"https:\/\/longchangchemical.com\/fr\/wp-json\/wp\/v2\/product_cat?post=6893"},{"taxonomy":"product_tag","embeddable":true,"href":"https:\/\/longchangchemical.com\/fr\/wp-json\/wp\/v2\/product_tag?post=6893"}],"curies":[{"name":"wp","href":"https:\/\/api.w.org\/{rel}","templated":true}]}}