{"id":6889,"date":"2024-05-23T06:14:37","date_gmt":"2024-05-23T06:14:37","guid":{"rendered":"https:\/\/longchangchemical.com\/?post_type=product&#038;p=6889"},"modified":"2025-12-16T09:28:07","modified_gmt":"2025-12-16T09:28:07","slug":"monobutyltin-oxide-cas-2273-43-0","status":"publish","type":"product","link":"https:\/\/longchangchemical.com\/fr\/product\/monobutyltin-oxide-cas-2273-43-0\/","title":{"rendered":"Oxyde de monobutyl\u00e9tain CAS 2273-43-0"},"content":{"rendered":"<p>&nbsp;<\/p>\n<h2>Utilisation de l'oxyde de monobutyl\u00e9tain :<\/h2>\n<p>&nbsp;<\/p>\n<p>Poudre blanche au go\u00fbt particulier, insoluble dans l'eau et la plupart des solvants organiques, soluble dans les bases fortes et les acides min\u00e9raux.<\/p>\n<p>&nbsp;<\/p>\n<p>Utilis\u00e9 dans la synth\u00e8se de polyester satur\u00e9 pour les rev\u00eatements en poudre, les rev\u00eatements de bobines (acier), les peintures isolantes, etc. ; utilis\u00e9 dans la synth\u00e8se de polyester insatur\u00e9 ; utilis\u00e9 dans la synth\u00e8se de PBT<\/p>\n<p>&nbsp;<\/p>\n<p>Synth\u00e8se de r\u00e9sines techniques et d'autres produits de r\u00e9action d'est\u00e9rification et d'\u00e9change d'esters.<\/p>\n<p>&nbsp;<\/p>\n<h2>Oxyde de monobutyl\u00e9tain Stockage et transport :<\/h2>\n<p>&nbsp;<\/p>\n<p>Ils doivent \u00eatre scell\u00e9s et stock\u00e9s dans un entrep\u00f4t sec, frais et ventil\u00e9.<\/p>\n<p>&nbsp;<\/p>\n<h2>Oxyde de monobutyl\u00e9tain Emballage :<\/h2>\n<p>&nbsp;<\/p>\n<p>200KG\/tambour<\/p>\n<p>&nbsp;<\/p>\n<h2>Stockage de l'oxyde de monobutyl\u00e9tain :<\/h2>\n<p>&nbsp;<\/p>\n<p>Il est recommand\u00e9 de le conserver dans un endroit sec et frais, avec une bonne ventilation. Veuillez fermer le couvercle de l'emballage d\u00e8s que possible apr\u00e8s l'emballage d'origine afin d'\u00e9viter le m\u00e9lange d'autres substances telles que l'humidit\u00e9 et d'autres substances susceptibles d'affecter les performances du produit. Conservez le produit dans un endroit frais et sec, gardez le r\u00e9cipient ferm\u00e9 et \u00e9vitez tout contact avec les oxydes. Ne pas inhaler la poussi\u00e8re et \u00e9viter tout contact avec la peau et les muqueuses. Il est interdit de fumer, de manger et de boire sur le lieu de travail. Apr\u00e8s le travail, prendre une douche et changer de v\u00eatements. Conserver les v\u00eatements contamin\u00e9s s\u00e9par\u00e9ment et les laver avant de les utiliser. Maintenir de bonnes pratiques d'hygi\u00e8ne.<\/p>\n<h2><span style=\"color: #000000;\"><strong><b>Contactez-nous d\u00e8s maintenant !<\/b><\/strong><\/span><\/h2>\n<h4><span style=\"color: #000000;\"><strong><b>Si vous avez besoin de Price, veuillez indiquer vos coordonn\u00e9es dans le formulaire ci-dessous. Nous vous contacterons g\u00e9n\u00e9ralement dans les 24 heures. Vous pouvez \u00e9galement m'envoyer un courriel <span style=\"color: #00ffff;\"><a style=\"color: #00ffff;\" href=\"mailto:info@longchangchemical.com\">info@longchangchemical.com<\/a><\/span> pendant les heures de travail ( 8:30 am to 6:00 pm UTC+8 Mon.~Sat. ) ou utilisez le chat en direct du site web pour obtenir une r\u00e9ponse rapide.<\/b><\/strong><\/span><\/h4>\n<p>&nbsp;<\/p>\n<table class=\"aligncenter\" style=\"border-collapse: collapse; width: 326.27pt;\" border=\"0\" width=\"435\" cellspacing=\"0\" cellpadding=\"0\">\n<tbody>\n<tr style=\"height: 13.50pt;\">\n<td class=\"et2\" style=\"height: 13.50pt; width: 164.25pt;\" width=\"219\" height=\"18\"><a href=\"https:\/\/longchangchemical.com\/fr\/product\/stannous-chloride-anhydrous-cas-7772-99-8\/\"><span style=\"color: #00ccff;\">Chlorure stanneux anhydre<\/span><\/a><\/td>\n<td class=\"et2\" style=\"width: 162.00pt;\" width=\"216\">7772-99-8<\/td>\n<\/tr>\n<tr style=\"height: 13.50pt;\">\n<td class=\"et2\" style=\"height: 13.50pt;\" height=\"18\"><a href=\"https:\/\/longchangchemical.com\/fr\/product\/dimethyltin-dichloride-cas-753-73-1\/\"><span style=\"color: #00ccff;\">Dichlorure de dim\u00e9thyl\u00e9tain<\/span><\/a><\/td>\n<td class=\"et2\">753-73-1<\/td>\n<\/tr>\n<tr style=\"height: 14.25pt;\">\n<td class=\"et3\" style=\"height: 14.25pt; width: 164.25pt;\" width=\"219\" height=\"19\"><a href=\"https:\/\/longchangchemical.com\/fr\/product\/monobutyltin-oxide-cas-2273-43-0\/\"><span class=\"font2\" style=\"color: #00ccff;\">Oxyde de monobutyl\u00e9tain<\/span><\/a><\/td>\n<td class=\"et4\" style=\"width: 162.00pt;\" width=\"216\">2273-43-0<\/td>\n<\/tr>\n<tr style=\"height: 14.25pt;\">\n<td class=\"et3\" style=\"height: 14.25pt; width: 164.25pt;\" width=\"219\" height=\"19\"><a href=\"https:\/\/longchangchemical.com\/fr\/product\/dibutyltin-oxide-cas-818-08-6\/\"><span class=\"font2\" style=\"color: #00ccff;\">Oxyde de dibutyl\u00e9tain<\/span><\/a><\/td>\n<td class=\"et4\" style=\"width: 162.00pt;\" width=\"216\">818-08-6<\/td>\n<\/tr>\n<tr style=\"height: 14.25pt;\">\n<td class=\"et3\" style=\"height: 14.25pt; width: 164.25pt;\" width=\"219\" height=\"19\"><a href=\"https:\/\/longchangchemical.com\/fr\/product\/tributyltin-oxide-cas-56-35-9\/\"><span class=\"font2\" style=\"color: #00ccff;\">Oxyde de tributyl\u00e9tain<\/span><\/a><\/td>\n<td class=\"et4\" style=\"width: 162.00pt;\" width=\"216\">56-35-9<\/td>\n<\/tr>\n<tr style=\"height: 14.25pt;\">\n<td class=\"et4\" style=\"height: 14.25pt; width: 164.25pt;\" width=\"219\" height=\"19\"><a href=\"https:\/\/longchangchemical.com\/fr\/product\/tetrabutyl-tin-cas-1461-25-2\/\"><span style=\"color: #00ccff;\">\u00c9tain t\u00e9trabutylique<\/span><\/a><\/td>\n<td class=\"et4\" style=\"width: 162.00pt;\" width=\"216\">1461-25-2<\/td>\n<\/tr>\n<tr style=\"height: 14.25pt;\">\n<td class=\"et3\" style=\"height: 14.25pt; width: 164.25pt;\" width=\"219\" height=\"19\"><a href=\"https:\/\/longchangchemical.com\/fr\/product\/butyltin-mercaptide-cas-26410-42-4\/\"><span class=\"font2\" style=\"color: #00ccff;\">Butyltin Mercaptide<\/span><\/a><\/td>\n<td class=\"et4\" style=\"width: 162.00pt;\" width=\"216\">26410-42-4<\/td>\n<\/tr>\n<tr style=\"height: 14.25pt;\">\n<td class=\"et4\" style=\"height: 14.25pt; width: 164.25pt;\" width=\"219\" height=\"19\"><a href=\"https:\/\/longchangchemical.com\/fr\/product\/dibutyltin-diacetate-cas-1067-33-0\/\"><span style=\"color: #00ccff;\">Diac\u00e9tate de dibutyl\u00e9tain<\/span><\/a><\/td>\n<td class=\"et5\" style=\"width: 162.00pt;\" width=\"216\">1067-33-0<\/td>\n<\/tr>\n<tr style=\"height: 14.25pt;\">\n<td class=\"et3\" style=\"height: 14.25pt; width: 164.25pt;\" width=\"219\" height=\"19\"><a href=\"https:\/\/longchangchemical.com\/fr\/product\/dibutyltin-dilaurate-dbtdl-cas-77-58-7\/\"><span class=\"font2\" style=\"color: #00ccff;\">Dilaurate de dibutyl\u00e9tain<\/span><\/a><\/td>\n<td class=\"et6\" style=\"width: 162.00pt;\" width=\"216\"><span class=\"font2\">77-58-7<\/span><\/td>\n<\/tr>\n<tr style=\"height: 15.00pt;\">\n<td class=\"et3\" style=\"height: 15.00pt; width: 164.25pt;\" width=\"219\" height=\"20\"><a href=\"https:\/\/longchangchemical.com\/fr\/product\/dibutyltin-maleate-cas-78-04-2\/\"><span class=\"font2\" style=\"color: #00ccff;\">Mal\u00e9ate de dibutyl\u00e9tain<\/span><\/a><\/td>\n<td class=\"et7\" style=\"width: 162.00pt;\" width=\"216\">78-04-2<\/td>\n<\/tr>\n<tr style=\"height: 14.25pt;\">\n<td class=\"et3\" style=\"height: 14.25pt; width: 164.25pt;\" width=\"219\" height=\"19\"><a href=\"https:\/\/longchangchemical.com\/fr\/product\/monobutyltin-trichloride-cas-1118-46-3\/\"><span class=\"font2\" style=\"color: #00ccff;\">Trichlorure de monobutyl\u00e9tain<\/span><\/a><\/td>\n<td class=\"et3\" style=\"width: 162.00pt;\" width=\"216\"><span class=\"font2\">1118-46-3<\/span><\/td>\n<\/tr>\n<tr style=\"height: 14.25pt;\">\n<td class=\"et3\" style=\"height: 14.25pt; width: 164.25pt;\" width=\"219\" height=\"19\"><a href=\"https:\/\/longchangchemical.com\/fr\/product\/dibutyltin-dichloride-cas-683-18-1\/\"><span class=\"font2\" style=\"color: #00ccff;\">Dichlorure de dibutyl\u00e9tain<\/span><\/a><\/td>\n<td class=\"et3\" style=\"width: 162.00pt;\" width=\"216\"><span class=\"font2\">683-18-1<\/span><\/td>\n<\/tr>\n<tr style=\"height: 14.25pt;\">\n<td class=\"et3\" style=\"height: 14.25pt; width: 164.25pt;\" width=\"219\" height=\"19\"><a href=\"https:\/\/longchangchemical.com\/fr\/product\/tributyltin-chloride-cas-1461-22-9\/\"><span class=\"font2\" style=\"color: #00ccff;\">Chlorure de tributyl\u00e9tain<\/span><\/a><\/td>\n<td class=\"et3\" style=\"width: 162.00pt;\" width=\"216\"><span class=\"font2\">1461-22-9<\/span><\/td>\n<\/tr>\n<tr style=\"height: 28.50pt;\">\n<td class=\"et3\" style=\"height: 28.50pt; width: 164.25pt;\" width=\"219\" height=\"38\"><a href=\"https:\/\/longchangchemical.com\/fr\/product\/butyltin-tris2-ethylhexanoate-cas-23850-94-4\/\"><span class=\"font2\" style=\"color: #00ccff;\">Butyltine Tris(2-Ethylhexanoate)<\/span><\/a><\/td>\n<td class=\"et3\" style=\"width: 162.00pt;\" width=\"216\"><span class=\"font2\">23850-94-4<\/span><\/td>\n<\/tr>\n<tr style=\"height: 14.25pt;\">\n<td class=\"et3\" style=\"height: 14.25pt; width: 164.25pt;\" width=\"219\" height=\"19\"><a href=\"https:\/\/longchangchemical.com\/fr\/product\/di-n-octyltin-oxide-cas-870-08-6\/\"><span class=\"font2\" style=\"color: #00ccff;\">Oxyde de di-n-octyl\u00e9tain<\/span><\/a><\/td>\n<td class=\"et3\" style=\"width: 162.00pt;\" width=\"216\"><span class=\"font2\">870-08-6<\/span><\/td>\n<\/tr>\n<tr style=\"height: 14.25pt;\">\n<td class=\"et3\" style=\"height: 14.25pt; width: 164.25pt;\" width=\"219\" height=\"19\"><a href=\"https:\/\/longchangchemical.com\/fr\/product\/dimethyldineodecanoatetin-cas-68928-76-7\/\"><span class=\"font2\" style=\"color: #00ccff;\">Dim\u00e9thyldineod\u00e9cano\u00e9tine<\/span><\/a><\/td>\n<td class=\"et3\" style=\"width: 162.00pt;\" width=\"216\"><span class=\"font2\">68928-76-7<\/span><\/td>\n<\/tr>\n<tr style=\"height: 14.25pt;\">\n<td class=\"et3\" style=\"height: 14.25pt; width: 164.25pt;\" width=\"219\" height=\"19\"><a href=\"https:\/\/longchangchemical.com\/fr\/product\/otm-cas-26401-97-8\/\"><span class=\"font2\" style=\"color: #00ccff;\">Mercaptide d'octyltine<\/span><\/a><\/td>\n<td class=\"et3\" style=\"width: 162.00pt;\" width=\"216\"><span class=\"font2\">26401-97-8<\/span><\/td>\n<\/tr>\n<\/tbody>\n<\/table>","protected":false},"excerpt":{"rendered":"<p>Nom anglais : Monobutyltin oxide<\/p>\n<p>Autres noms : Oxyde de butyl\u00e9tain ; Butylhydroxyoxostannane ; butyloxostannanol ; butyl-hydroxy-oxotine ; Acide butylenestannonique ; Oxyde de monobutyl\u00e9tain<\/p>\n<p>Num\u00e9ro CAS : 2273-43-0<\/p>\n<p>Formule mol\u00e9culaire : C4H10O2Sn<\/p>","protected":false},"featured_media":6916,"comment_status":"closed","ping_status":"closed","template":"","meta":[],"product_brand":[],"product_cat":[113],"product_tag":[],"class_list":{"0":"post-6889","1":"product","2":"type-product","3":"status-publish","4":"has-post-thumbnail","6":"product_cat-organic-intermediate","8":"first","9":"instock","10":"shipping-taxable","11":"product-type-simple"},"yoast_head":"<!-- This site is optimized with the Yoast SEO plugin v25.3.1 - https:\/\/yoast.com\/wordpress\/plugins\/seo\/ -->\n<title>China Manufacturer CAS Monobutyltin Oxide CAS 2273-43-0 -Longchang Chemical<\/title>\n<meta name=\"description\" content=\"Monobutyltin Oxide is key product of LongChang Chemical. We provide best price. We are the leading manufacturer in China with the best quanlity and competitive price. Other Name: Butyltin oxide; Butylhydroxyoxostannane; butyloxostannanol; butyl-hydroxy-oxotin; Butylenestannonic Acid; Monobutyltin Oxide\" \/>\n<meta name=\"robots\" content=\"index, follow, max-snippet:-1, max-image-preview:large, max-video-preview:-1\" \/>\n<link rel=\"canonical\" href=\"https:\/\/longchangchemical.com\/fr\/product\/monobutyltin-oxide-cas-2273-43-0\/\" \/>\n<meta property=\"og:locale\" content=\"fr_FR\" \/>\n<meta property=\"og:type\" content=\"article\" \/>\n<meta property=\"og:title\" content=\"China Manufacturer CAS Monobutyltin Oxide CAS 2273-43-0 -Longchang Chemical\" \/>\n<meta property=\"og:description\" content=\"Monobutyltin Oxide is key product of LongChang Chemical. We provide best price. We are the leading manufacturer in China with the best quanlity and competitive price. Other Name: Butyltin oxide; Butylhydroxyoxostannane; butyloxostannanol; butyl-hydroxy-oxotin; Butylenestannonic Acid; Monobutyltin Oxide\" \/>\n<meta property=\"og:url\" content=\"https:\/\/longchangchemical.com\/fr\/product\/monobutyltin-oxide-cas-2273-43-0\/\" \/>\n<meta property=\"og:site_name\" content=\"Longchang Chemical\" \/>\n<meta property=\"article:modified_time\" content=\"2025-12-16T09:28:07+00:00\" \/>\n<meta property=\"og:image\" content=\"https:\/\/longchangchemical.com\/wp-content\/uploads\/2024\/04\/Monobutyltin-Oxide.jpg\" \/>\n\t<meta property=\"og:image:width\" content=\"800\" \/>\n\t<meta property=\"og:image:height\" content=\"800\" \/>\n\t<meta property=\"og:image:type\" content=\"image\/jpeg\" \/>\n<meta name=\"twitter:card\" content=\"summary_large_image\" \/>\n<script type=\"application\/ld+json\" class=\"yoast-schema-graph\">{\"@context\":\"https:\/\/schema.org\",\"@graph\":[{\"@type\":\"WebPage\",\"@id\":\"https:\/\/longchangchemical.com\/product\/monobutyltin-oxide-cas-2273-43-0\/\",\"url\":\"https:\/\/longchangchemical.com\/product\/monobutyltin-oxide-cas-2273-43-0\/\",\"name\":\"China Manufacturer CAS Monobutyltin Oxide CAS 2273-43-0 -Longchang Chemical\",\"isPartOf\":{\"@id\":\"https:\/\/longchangchemical.com\/#website\"},\"primaryImageOfPage\":{\"@id\":\"https:\/\/longchangchemical.com\/product\/monobutyltin-oxide-cas-2273-43-0\/#primaryimage\"},\"image\":{\"@id\":\"https:\/\/longchangchemical.com\/product\/monobutyltin-oxide-cas-2273-43-0\/#primaryimage\"},\"thumbnailUrl\":\"https:\/\/longchangchemical.com\/wp-content\/uploads\/2024\/04\/Monobutyltin-Oxide.jpg\",\"datePublished\":\"2024-05-23T06:14:37+00:00\",\"dateModified\":\"2025-12-16T09:28:07+00:00\",\"description\":\"Monobutyltin Oxide is key product of LongChang Chemical. We provide best price. We are the leading manufacturer in China with the best quanlity and competitive price. Other Name: Butyltin oxide; Butylhydroxyoxostannane; butyloxostannanol; butyl-hydroxy-oxotin; Butylenestannonic Acid; Monobutyltin Oxide\",\"breadcrumb\":{\"@id\":\"https:\/\/longchangchemical.com\/product\/monobutyltin-oxide-cas-2273-43-0\/#breadcrumb\"},\"inLanguage\":\"fr-FR\",\"potentialAction\":[{\"@type\":\"ReadAction\",\"target\":[\"https:\/\/longchangchemical.com\/product\/monobutyltin-oxide-cas-2273-43-0\/\"]}]},{\"@type\":\"ImageObject\",\"inLanguage\":\"fr-FR\",\"@id\":\"https:\/\/longchangchemical.com\/product\/monobutyltin-oxide-cas-2273-43-0\/#primaryimage\",\"url\":\"https:\/\/longchangchemical.com\/wp-content\/uploads\/2024\/04\/Monobutyltin-Oxide.jpg\",\"contentUrl\":\"https:\/\/longchangchemical.com\/wp-content\/uploads\/2024\/04\/Monobutyltin-Oxide.jpg\",\"width\":800,\"height\":800,\"caption\":\"Monobutyltin Oxide CAS 2273-43-0\"},{\"@type\":\"BreadcrumbList\",\"@id\":\"https:\/\/longchangchemical.com\/product\/monobutyltin-oxide-cas-2273-43-0\/#breadcrumb\",\"itemListElement\":[{\"@type\":\"ListItem\",\"position\":1,\"name\":\"Home\",\"item\":\"https:\/\/longchangchemical.com\/\"},{\"@type\":\"ListItem\",\"position\":2,\"name\":\"Products Longchang\",\"item\":\"https:\/\/longchangchemical.com\/product\/\"},{\"@type\":\"ListItem\",\"position\":3,\"name\":\"Monobutyltin Oxide CAS 2273-43-0\"}]},{\"@type\":\"WebSite\",\"@id\":\"https:\/\/longchangchemical.com\/#website\",\"url\":\"https:\/\/longchangchemical.com\/\",\"name\":\"Longchang Chemical\",\"description\":\"China chemical manufacturer \uff06 supplier\",\"publisher\":{\"@id\":\"https:\/\/longchangchemical.com\/#organization\"},\"potentialAction\":[{\"@type\":\"SearchAction\",\"target\":{\"@type\":\"EntryPoint\",\"urlTemplate\":\"https:\/\/longchangchemical.com\/?s={search_term_string}\"},\"query-input\":{\"@type\":\"PropertyValueSpecification\",\"valueRequired\":true,\"valueName\":\"search_term_string\"}}],\"inLanguage\":\"fr-FR\"},{\"@type\":\"Organization\",\"@id\":\"https:\/\/longchangchemical.com\/#organization\",\"name\":\"Longchang Chemical\",\"url\":\"https:\/\/longchangchemical.com\/\",\"logo\":{\"@type\":\"ImageObject\",\"inLanguage\":\"fr-FR\",\"@id\":\"https:\/\/longchangchemical.com\/#\/schema\/logo\/image\/\",\"url\":\"https:\/\/longchangchemical.com\/wp-content\/uploads\/2020\/08\/cropped-longchang-logo.png\",\"contentUrl\":\"https:\/\/longchangchemical.com\/wp-content\/uploads\/2020\/08\/cropped-longchang-logo.png\",\"width\":512,\"height\":512,\"caption\":\"Longchang Chemical\"},\"image\":{\"@id\":\"https:\/\/longchangchemical.com\/#\/schema\/logo\/image\/\"}}]}<\/script>\n<!-- \/ Yoast SEO plugin. -->","yoast_head_json":{"title":"Fabricant chinois d'oxyde de monobutyl\u00e9tain CAS 2273-43-0 -Longchang Chemical","description":"L'oxyde de monobutyl\u00e9tain est un produit cl\u00e9 de LongChang Chemical. Nous fournissons le meilleur prix. Nous sommes le principal fabricant en Chine avec la meilleure qualit\u00e9 et le prix le plus comp\u00e9titif. Autre nom : Oxyde de butyl\u00e9tain ; Butylhydroxyoxostannane ; Butyloxostannanol ; Butyl-hydroxy-oxotine ; Acide butylenestannonique ; Oxyde de monobutyl\u00e9tain","robots":{"index":"index","follow":"follow","max-snippet":"max-snippet:-1","max-image-preview":"max-image-preview:large","max-video-preview":"max-video-preview:-1"},"canonical":"https:\/\/longchangchemical.com\/fr\/product\/monobutyltin-oxide-cas-2273-43-0\/","og_locale":"fr_FR","og_type":"article","og_title":"China Manufacturer CAS Monobutyltin Oxide CAS 2273-43-0 -Longchang Chemical","og_description":"Monobutyltin Oxide is key product of LongChang Chemical. We provide best price. We are the leading manufacturer in China with the best quanlity and competitive price. Other Name: Butyltin oxide; Butylhydroxyoxostannane; butyloxostannanol; butyl-hydroxy-oxotin; Butylenestannonic Acid; Monobutyltin Oxide","og_url":"https:\/\/longchangchemical.com\/fr\/product\/monobutyltin-oxide-cas-2273-43-0\/","og_site_name":"Longchang Chemical","article_modified_time":"2025-12-16T09:28:07+00:00","og_image":[{"width":800,"height":800,"url":"https:\/\/longchangchemical.com\/wp-content\/uploads\/2024\/04\/Monobutyltin-Oxide.jpg","type":"image\/jpeg"}],"twitter_card":"summary_large_image","schema":{"@context":"https:\/\/schema.org","@graph":[{"@type":"WebPage","@id":"https:\/\/longchangchemical.com\/product\/monobutyltin-oxide-cas-2273-43-0\/","url":"https:\/\/longchangchemical.com\/product\/monobutyltin-oxide-cas-2273-43-0\/","name":"Fabricant chinois d'oxyde de monobutyl\u00e9tain CAS 2273-43-0 -Longchang Chemical","isPartOf":{"@id":"https:\/\/longchangchemical.com\/#website"},"primaryImageOfPage":{"@id":"https:\/\/longchangchemical.com\/product\/monobutyltin-oxide-cas-2273-43-0\/#primaryimage"},"image":{"@id":"https:\/\/longchangchemical.com\/product\/monobutyltin-oxide-cas-2273-43-0\/#primaryimage"},"thumbnailUrl":"https:\/\/longchangchemical.com\/wp-content\/uploads\/2024\/04\/Monobutyltin-Oxide.jpg","datePublished":"2024-05-23T06:14:37+00:00","dateModified":"2025-12-16T09:28:07+00:00","description":"L'oxyde de monobutyl\u00e9tain est un produit cl\u00e9 de LongChang Chemical. Nous fournissons le meilleur prix. Nous sommes le principal fabricant en Chine avec la meilleure qualit\u00e9 et le prix le plus comp\u00e9titif. Autre nom : Oxyde de butyl\u00e9tain ; Butylhydroxyoxostannane ; Butyloxostannanol ; Butyl-hydroxy-oxotine ; Acide butylenestannonique ; Oxyde de monobutyl\u00e9tain","breadcrumb":{"@id":"https:\/\/longchangchemical.com\/product\/monobutyltin-oxide-cas-2273-43-0\/#breadcrumb"},"inLanguage":"fr-FR","potentialAction":[{"@type":"ReadAction","target":["https:\/\/longchangchemical.com\/product\/monobutyltin-oxide-cas-2273-43-0\/"]}]},{"@type":"ImageObject","inLanguage":"fr-FR","@id":"https:\/\/longchangchemical.com\/product\/monobutyltin-oxide-cas-2273-43-0\/#primaryimage","url":"https:\/\/longchangchemical.com\/wp-content\/uploads\/2024\/04\/Monobutyltin-Oxide.jpg","contentUrl":"https:\/\/longchangchemical.com\/wp-content\/uploads\/2024\/04\/Monobutyltin-Oxide.jpg","width":800,"height":800,"caption":"Monobutyltin Oxide CAS 2273-43-0"},{"@type":"BreadcrumbList","@id":"https:\/\/longchangchemical.com\/product\/monobutyltin-oxide-cas-2273-43-0\/#breadcrumb","itemListElement":[{"@type":"ListItem","position":1,"name":"Home","item":"https:\/\/longchangchemical.com\/"},{"@type":"ListItem","position":2,"name":"Products Longchang","item":"https:\/\/longchangchemical.com\/product\/"},{"@type":"ListItem","position":3,"name":"Monobutyltin Oxide CAS 2273-43-0"}]},{"@type":"WebSite","@id":"https:\/\/longchangchemical.com\/#website","url":"https:\/\/longchangchemical.com\/","name":"Longchang Chemical","description":"Fabricant chinois de produits chimiques \uff06 fournisseur","publisher":{"@id":"https:\/\/longchangchemical.com\/#organization"},"potentialAction":[{"@type":"SearchAction","target":{"@type":"EntryPoint","urlTemplate":"https:\/\/longchangchemical.com\/?s={search_term_string}"},"query-input":{"@type":"PropertyValueSpecification","valueRequired":true,"valueName":"search_term_string"}}],"inLanguage":"fr-FR"},{"@type":"Organization","@id":"https:\/\/longchangchemical.com\/#organization","name":"Longchang Chemical","url":"https:\/\/longchangchemical.com\/","logo":{"@type":"ImageObject","inLanguage":"fr-FR","@id":"https:\/\/longchangchemical.com\/#\/schema\/logo\/image\/","url":"https:\/\/longchangchemical.com\/wp-content\/uploads\/2020\/08\/cropped-longchang-logo.png","contentUrl":"https:\/\/longchangchemical.com\/wp-content\/uploads\/2020\/08\/cropped-longchang-logo.png","width":512,"height":512,"caption":"Longchang Chemical"},"image":{"@id":"https:\/\/longchangchemical.com\/#\/schema\/logo\/image\/"}}]}},"_links":{"self":[{"href":"https:\/\/longchangchemical.com\/fr\/wp-json\/wp\/v2\/product\/6889","targetHints":{"allow":["GET"]}}],"collection":[{"href":"https:\/\/longchangchemical.com\/fr\/wp-json\/wp\/v2\/product"}],"about":[{"href":"https:\/\/longchangchemical.com\/fr\/wp-json\/wp\/v2\/types\/product"}],"replies":[{"embeddable":true,"href":"https:\/\/longchangchemical.com\/fr\/wp-json\/wp\/v2\/comments?post=6889"}],"wp:featuredmedia":[{"embeddable":true,"href":"https:\/\/longchangchemical.com\/fr\/wp-json\/wp\/v2\/media\/6916"}],"wp:attachment":[{"href":"https:\/\/longchangchemical.com\/fr\/wp-json\/wp\/v2\/media?parent=6889"}],"wp:term":[{"taxonomy":"product_brand","embeddable":true,"href":"https:\/\/longchangchemical.com\/fr\/wp-json\/wp\/v2\/product_brand?post=6889"},{"taxonomy":"product_cat","embeddable":true,"href":"https:\/\/longchangchemical.com\/fr\/wp-json\/wp\/v2\/product_cat?post=6889"},{"taxonomy":"product_tag","embeddable":true,"href":"https:\/\/longchangchemical.com\/fr\/wp-json\/wp\/v2\/product_tag?post=6889"}],"curies":[{"name":"wp","href":"https:\/\/api.w.org\/{rel}","templated":true}]}}