{"id":6878,"date":"2024-04-28T05:48:50","date_gmt":"2024-04-28T05:48:50","guid":{"rendered":"https:\/\/longchangchemical.com\/?post_type=product&#038;p=6878"},"modified":"2026-01-12T06:25:30","modified_gmt":"2026-01-12T06:25:30","slug":"dihydrotepineol-cas-498-81-7","status":"publish","type":"product","link":"https:\/\/longchangchemical.com\/fr\/product\/dihydrotepineol-cas-498-81-7\/","title":{"rendered":"Dihydrot\u00e9pineol CAS 498-81-7"},"content":{"rendered":"<h1><strong>Dihydrot\u00e9pineol CAS 498-81-7<\/strong><\/h1>\n<table width=\"342\">\n<tbody>\n<tr>\n<td width=\"129\">Apparence<\/td>\n<td width=\"213\">Liquide transparent incolore \u00e0 jaune clair<\/td>\n<\/tr>\n<tr>\n<td width=\"129\">Puret\u00e9 %<\/td>\n<td width=\"213\">\u226595<\/td>\n<\/tr>\n<tr>\n<td width=\"129\">Densit\u00e9 g\/mL,d204<\/td>\n<td width=\"213\">0.907-0.911<\/td>\n<\/tr>\n<tr>\n<td width=\"129\">Indice de r\u00e9fraction,n20d<\/td>\n<td width=\"213\">1.4630-1.4670<\/td>\n<\/tr>\n<tr>\n<td width=\"129\">Indice d'iode\u2264<\/td>\n<td width=\"213\">1<\/td>\n<\/tr>\n<\/tbody>\n<\/table>\n<p>Utilisation : Principalement utilis\u00e9 dans la pr\u00e9paration de parfums, d'agents de nettoyage, de produits chimiques fins, etc.<\/p>\n<p>Emballage : emball\u00e9 dans un f\u00fbt en plastique de 210L, poids net 185kg ou dans un IBC de 1000L, poids net 900kg\/IBC.<\/p>\n<p>Stockage : Conserver dans un endroit frais, ventil\u00e9 et sec, \u00e0 l'abri du soleil et de la pluie, et \u00e0 l'\u00e9cart du feu.<\/p>\n<h2><strong>Autre nom :<\/strong><\/h2>\n<p>\u03b1,\u03b1,4-trim\u00e9thylcyclohexanem\u00e9thanol ;<\/p>\n<p>2-(4-m\u00e9thylcyclohexyl)propan-2-ol ;<\/p>\n<h2><strong><b>Contactez-nous d\u00e8s maintenant !<\/b><\/strong><\/h2>\n<h4><strong><b>Si vous avez besoin d'un prix, veuillez indiquer vos coordonn\u00e9es dans le formulaire ci-dessous. Nous vous contacterons g\u00e9n\u00e9ralement dans les 24 heures. Vous pouvez \u00e9galement m'envoyer un courriel <a href=\"mailto:info@longchangchemical.com\"><span style=\"color: #00ccff;\">info@longchangchemical.com<\/span><\/a>\u00a0pendant les heures de travail ( 8:30 am to 6:00 pm UTC+8 Mon.~Sat. ) ou utilisez le chat en direct du site web pour obtenir une r\u00e9ponse rapide.<\/b><\/strong><\/h4>","protected":false},"excerpt":{"rendered":"<p>Nom anglais : Dihydrotepineol<\/p>\n<p>Synonymes : Hydrot\u00e9pineol<\/p>\n<p>N\u00b0 CAS : 498-81-7<\/p>\n<p>Formule mol\u00e9culaire : C10H20O<\/p>\n<p>Poids mol\u00e9culaire : 156,27<\/p>","protected":false},"featured_media":0,"comment_status":"closed","ping_status":"closed","template":"","meta":[],"product_brand":[],"product_cat":[154],"product_tag":[],"class_list":{"0":"post-6878","1":"product","2":"type-product","3":"status-publish","5":"product_cat-solvent","7":"first","8":"instock","9":"shipping-taxable","10":"product-type-simple"},"yoast_head":"<!-- This site is optimized with the Yoast SEO plugin v25.3.1 - https:\/\/yoast.com\/wordpress\/plugins\/seo\/ -->\n<title>China Dihydrotepineol CAS 498-81-7 Manufacturer - Longchang Chemical<\/title>\n<meta name=\"description\" content=\"Dihydrotepineol CAS 498-81-7 is a key product of Longchang Chemical. We provide the best price. We are the leading manufacturer in China with the best quality and competitive price.\" \/>\n<meta name=\"robots\" content=\"index, follow, max-snippet:-1, max-image-preview:large, max-video-preview:-1\" \/>\n<link rel=\"canonical\" href=\"https:\/\/longchangchemical.com\/fr\/product\/dihydrotepineol-cas-498-81-7\/\" \/>\n<meta property=\"og:locale\" content=\"fr_FR\" \/>\n<meta property=\"og:type\" content=\"article\" \/>\n<meta property=\"og:title\" content=\"China Dihydrotepineol CAS 498-81-7 Manufacturer - Longchang Chemical\" \/>\n<meta property=\"og:description\" content=\"Dihydrotepineol CAS 498-81-7 is a key product of Longchang Chemical. We provide the best price. We are the leading manufacturer in China with the best quality and competitive price.\" \/>\n<meta property=\"og:url\" content=\"https:\/\/longchangchemical.com\/fr\/product\/dihydrotepineol-cas-498-81-7\/\" \/>\n<meta property=\"og:site_name\" content=\"Longchang Chemical\" \/>\n<meta property=\"article:modified_time\" content=\"2026-01-12T06:25:30+00:00\" \/>\n<meta property=\"og:image\" content=\"https:\/\/longchangchemical.com\/wp-content\/uploads\/2024\/02\/logo-jpeg.jpg\" \/>\n\t<meta property=\"og:image:width\" content=\"1000\" \/>\n\t<meta property=\"og:image:height\" content=\"1000\" \/>\n\t<meta property=\"og:image:type\" content=\"image\/jpeg\" \/>\n<meta name=\"twitter:card\" content=\"summary_large_image\" \/>\n<script type=\"application\/ld+json\" class=\"yoast-schema-graph\">{\"@context\":\"https:\/\/schema.org\",\"@graph\":[{\"@type\":\"WebPage\",\"@id\":\"https:\/\/longchangchemical.com\/product\/dihydrotepineol-cas-498-81-7\/\",\"url\":\"https:\/\/longchangchemical.com\/product\/dihydrotepineol-cas-498-81-7\/\",\"name\":\"China Dihydrotepineol CAS 498-81-7 Manufacturer - Longchang Chemical\",\"isPartOf\":{\"@id\":\"https:\/\/longchangchemical.com\/#website\"},\"datePublished\":\"2024-04-28T05:48:50+00:00\",\"dateModified\":\"2026-01-12T06:25:30+00:00\",\"description\":\"Dihydrotepineol CAS 498-81-7 is a key product of Longchang Chemical. We provide the best price. We are the leading manufacturer in China with the best quality and competitive price.\",\"breadcrumb\":{\"@id\":\"https:\/\/longchangchemical.com\/product\/dihydrotepineol-cas-498-81-7\/#breadcrumb\"},\"inLanguage\":\"fr-FR\",\"potentialAction\":[{\"@type\":\"ReadAction\",\"target\":[\"https:\/\/longchangchemical.com\/product\/dihydrotepineol-cas-498-81-7\/\"]}]},{\"@type\":\"BreadcrumbList\",\"@id\":\"https:\/\/longchangchemical.com\/product\/dihydrotepineol-cas-498-81-7\/#breadcrumb\",\"itemListElement\":[{\"@type\":\"ListItem\",\"position\":1,\"name\":\"Home\",\"item\":\"https:\/\/longchangchemical.com\/\"},{\"@type\":\"ListItem\",\"position\":2,\"name\":\"Products Longchang\",\"item\":\"https:\/\/longchangchemical.com\/product\/\"},{\"@type\":\"ListItem\",\"position\":3,\"name\":\"Dihydrotepineol CAS 498-81-7\"}]},{\"@type\":\"WebSite\",\"@id\":\"https:\/\/longchangchemical.com\/#website\",\"url\":\"https:\/\/longchangchemical.com\/\",\"name\":\"Longchang Chemical\",\"description\":\"China chemical manufacturer \uff06 supplier\",\"publisher\":{\"@id\":\"https:\/\/longchangchemical.com\/#organization\"},\"potentialAction\":[{\"@type\":\"SearchAction\",\"target\":{\"@type\":\"EntryPoint\",\"urlTemplate\":\"https:\/\/longchangchemical.com\/?s={search_term_string}\"},\"query-input\":{\"@type\":\"PropertyValueSpecification\",\"valueRequired\":true,\"valueName\":\"search_term_string\"}}],\"inLanguage\":\"fr-FR\"},{\"@type\":\"Organization\",\"@id\":\"https:\/\/longchangchemical.com\/#organization\",\"name\":\"Longchang Chemical\",\"url\":\"https:\/\/longchangchemical.com\/\",\"logo\":{\"@type\":\"ImageObject\",\"inLanguage\":\"fr-FR\",\"@id\":\"https:\/\/longchangchemical.com\/#\/schema\/logo\/image\/\",\"url\":\"https:\/\/longchangchemical.com\/wp-content\/uploads\/2020\/08\/cropped-longchang-logo.png\",\"contentUrl\":\"https:\/\/longchangchemical.com\/wp-content\/uploads\/2020\/08\/cropped-longchang-logo.png\",\"width\":512,\"height\":512,\"caption\":\"Longchang Chemical\"},\"image\":{\"@id\":\"https:\/\/longchangchemical.com\/#\/schema\/logo\/image\/\"}}]}<\/script>\n<!-- \/ Yoast SEO plugin. -->","yoast_head_json":{"title":"Fabricant chinois de Dihydrotepineol CAS 498-81-7 - Longchang Chemical","description":"Le dihydrot\u00e9pineol CAS 498-81-7 est un produit cl\u00e9 de Longchang Chemical. Nous fournissons le meilleur prix. Nous sommes le principal fabricant en Chine avec la meilleure qualit\u00e9 et un prix comp\u00e9titif.","robots":{"index":"index","follow":"follow","max-snippet":"max-snippet:-1","max-image-preview":"max-image-preview:large","max-video-preview":"max-video-preview:-1"},"canonical":"https:\/\/longchangchemical.com\/fr\/product\/dihydrotepineol-cas-498-81-7\/","og_locale":"fr_FR","og_type":"article","og_title":"China Dihydrotepineol CAS 498-81-7 Manufacturer - Longchang Chemical","og_description":"Dihydrotepineol CAS 498-81-7 is a key product of Longchang Chemical. We provide the best price. We are the leading manufacturer in China with the best quality and competitive price.","og_url":"https:\/\/longchangchemical.com\/fr\/product\/dihydrotepineol-cas-498-81-7\/","og_site_name":"Longchang Chemical","article_modified_time":"2026-01-12T06:25:30+00:00","og_image":[{"width":1000,"height":1000,"url":"https:\/\/longchangchemical.com\/wp-content\/uploads\/2024\/02\/logo-jpeg.jpg","type":"image\/jpeg"}],"twitter_card":"summary_large_image","schema":{"@context":"https:\/\/schema.org","@graph":[{"@type":"WebPage","@id":"https:\/\/longchangchemical.com\/product\/dihydrotepineol-cas-498-81-7\/","url":"https:\/\/longchangchemical.com\/product\/dihydrotepineol-cas-498-81-7\/","name":"Fabricant chinois de Dihydrotepineol CAS 498-81-7 - Longchang Chemical","isPartOf":{"@id":"https:\/\/longchangchemical.com\/#website"},"datePublished":"2024-04-28T05:48:50+00:00","dateModified":"2026-01-12T06:25:30+00:00","description":"Le dihydrot\u00e9pineol CAS 498-81-7 est un produit cl\u00e9 de Longchang Chemical. Nous fournissons le meilleur prix. Nous sommes le principal fabricant en Chine avec la meilleure qualit\u00e9 et un prix comp\u00e9titif.","breadcrumb":{"@id":"https:\/\/longchangchemical.com\/product\/dihydrotepineol-cas-498-81-7\/#breadcrumb"},"inLanguage":"fr-FR","potentialAction":[{"@type":"ReadAction","target":["https:\/\/longchangchemical.com\/product\/dihydrotepineol-cas-498-81-7\/"]}]},{"@type":"BreadcrumbList","@id":"https:\/\/longchangchemical.com\/product\/dihydrotepineol-cas-498-81-7\/#breadcrumb","itemListElement":[{"@type":"ListItem","position":1,"name":"Home","item":"https:\/\/longchangchemical.com\/"},{"@type":"ListItem","position":2,"name":"Products Longchang","item":"https:\/\/longchangchemical.com\/product\/"},{"@type":"ListItem","position":3,"name":"Dihydrotepineol CAS 498-81-7"}]},{"@type":"WebSite","@id":"https:\/\/longchangchemical.com\/#website","url":"https:\/\/longchangchemical.com\/","name":"Longchang Chemical","description":"Fabricant chinois de produits chimiques \uff06 fournisseur","publisher":{"@id":"https:\/\/longchangchemical.com\/#organization"},"potentialAction":[{"@type":"SearchAction","target":{"@type":"EntryPoint","urlTemplate":"https:\/\/longchangchemical.com\/?s={search_term_string}"},"query-input":{"@type":"PropertyValueSpecification","valueRequired":true,"valueName":"search_term_string"}}],"inLanguage":"fr-FR"},{"@type":"Organization","@id":"https:\/\/longchangchemical.com\/#organization","name":"Longchang Chemical","url":"https:\/\/longchangchemical.com\/","logo":{"@type":"ImageObject","inLanguage":"fr-FR","@id":"https:\/\/longchangchemical.com\/#\/schema\/logo\/image\/","url":"https:\/\/longchangchemical.com\/wp-content\/uploads\/2020\/08\/cropped-longchang-logo.png","contentUrl":"https:\/\/longchangchemical.com\/wp-content\/uploads\/2020\/08\/cropped-longchang-logo.png","width":512,"height":512,"caption":"Longchang Chemical"},"image":{"@id":"https:\/\/longchangchemical.com\/#\/schema\/logo\/image\/"}}]}},"_links":{"self":[{"href":"https:\/\/longchangchemical.com\/fr\/wp-json\/wp\/v2\/product\/6878","targetHints":{"allow":["GET"]}}],"collection":[{"href":"https:\/\/longchangchemical.com\/fr\/wp-json\/wp\/v2\/product"}],"about":[{"href":"https:\/\/longchangchemical.com\/fr\/wp-json\/wp\/v2\/types\/product"}],"replies":[{"embeddable":true,"href":"https:\/\/longchangchemical.com\/fr\/wp-json\/wp\/v2\/comments?post=6878"}],"wp:attachment":[{"href":"https:\/\/longchangchemical.com\/fr\/wp-json\/wp\/v2\/media?parent=6878"}],"wp:term":[{"taxonomy":"product_brand","embeddable":true,"href":"https:\/\/longchangchemical.com\/fr\/wp-json\/wp\/v2\/product_brand?post=6878"},{"taxonomy":"product_cat","embeddable":true,"href":"https:\/\/longchangchemical.com\/fr\/wp-json\/wp\/v2\/product_cat?post=6878"},{"taxonomy":"product_tag","embeddable":true,"href":"https:\/\/longchangchemical.com\/fr\/wp-json\/wp\/v2\/product_tag?post=6878"}],"curies":[{"name":"wp","href":"https:\/\/api.w.org\/{rel}","templated":true}]}}