{"id":6753,"date":"2024-03-20T05:50:39","date_gmt":"2024-03-20T05:50:39","guid":{"rendered":"https:\/\/longchangchemical.com\/?post_type=product&#038;p=6753"},"modified":"2026-01-12T06:30:14","modified_gmt":"2026-01-12T06:30:14","slug":"butyl-carbitol-n-butyl-carbitol-cas-112-34-5","status":"publish","type":"product","link":"https:\/\/longchangchemical.com\/fr\/product\/butyl-carbitol-n-butyl-carbitol-cas-112-34-5\/","title":{"rendered":"Butyl carbitol \/ n-Butyl carbitol CAS 112-34-5"},"content":{"rendered":"<p><strong>Butyl carbitol D\u00e9tails rapides<\/strong><\/p>\n<p>Nom chimique : Butylcarbitol<\/p>\n<p>CAS : 112-34-5<\/p>\n<p>Formule mol\u00e9culaire : C8H18O3<\/p>\n<p>Poids mol\u00e9culaire : 162,23<\/p>\n<p>Aspect : Liquide incolore<\/p>\n<p>Puret\u00e9 : 99,5%<\/p>\n<p><strong>Propri\u00e9t\u00e9s typiques<\/strong><\/p>\n<table class=\"table-1\">\n<tbody>\n<tr>\n<td>Point de fusion<\/td>\n<td>-68\u00b0C(lit.)-68\u00b0C(lit.)<\/td>\n<\/tr>\n<tr>\n<td>Point d'\u00e9bullition<\/td>\n<td>231\u00b0C(lit.)<\/td>\n<\/tr>\n<tr>\n<td>Densit\u00e9<\/td>\n<td>0,967g\/mLat25\u00b0C(lit.)<\/td>\n<\/tr>\n<tr>\n<td>Densit\u00e9 de vapeur<\/td>\n<td>5,6 (vsair)<\/td>\n<\/tr>\n<tr>\n<td>Pression de vapeur<\/td>\n<td>30mmHg (130\u00b0C)<\/td>\n<\/tr>\n<tr>\n<td>Indice de r\u00e9fraction<\/td>\n<td>n20\/D1.432<\/td>\n<\/tr>\n<\/tbody>\n<\/table>\n<p><strong>Utilisation<\/strong><\/p>\n<p>Utilis\u00e9 comme solvant pour la nitrocellulose, le vernis, l'encre d'imprimerie, l'huile, la r\u00e9sine, etc. et comme interm\u00e9diaire pour les plastiques synth\u00e9tiques.<\/p>\n<p>L'\u00e9ther butylique du di\u00e9thyl\u00e8ne glycol est principalement utilis\u00e9 comme solvant dans les rev\u00eatements, les colorants, les r\u00e9sines, etc. Il est \u00e9galement utilis\u00e9 comme interm\u00e9diaire pour les plastifiants et comme diluant pour les liquides de frein hydrauliques.<\/p>\n<p><strong>Storge<\/strong><\/p>\n<p>Conserver \u00e0 une temp\u00e9rature inf\u00e9rieure \u00e0 +30\u00b0C.<\/p>\n<h2>Autre nom :<\/h2>\n<p>Butyldiglycol ;<\/p>\n<p>2-(2-Butoxyetoxy)\u00e9thanol ;<\/p>\n<p>\u00c9ther butylique du di\u00e9thyl\u00e8ne glycol ;<\/p>\n<p>n-Butylcarbitol ;<\/p>\n<p>&nbsp;<\/p>\n<p><span style=\"color: #0267c1;\"><!--more--><\/span><\/p>\n<blockquote>\n<h3>Contactez-nous d\u00e8s maintenant !<\/h3>\n<h3>Si vous avez besoin d'un prix ou d'un \u00e9chantillon, veuillez nous envoyer un courriel \u00e0 l'adresse suivante <span style=\"color: #0267c1;\"><a style=\"color: #0267c1;\" href=\"mailto:info@longchangchemical.com\"><strong>info@longchangchemical.com<\/strong><\/a><\/span>ou utilisez le chat en direct du site web pour obtenir une r\u00e9ponse rapide.<\/h3>\n<\/blockquote>\n<p>&nbsp;<\/p>","protected":false},"excerpt":{"rendered":"<p>Nom chimique : Butylcarbitol<\/p>\n<p>CAS : 112-34-5<\/p>\n<p>Formule mol\u00e9culaire : C8H18O3<\/p>\n<p>Poids mol\u00e9culaire : 162,23<\/p>\n<p>Aspect : Liquide incolore<\/p>\n<p>Puret\u00e9 : 99,5%<\/p>","protected":false},"featured_media":0,"comment_status":"open","ping_status":"closed","template":"","meta":[],"product_brand":[],"product_cat":[154],"product_tag":[],"class_list":{"0":"post-6753","1":"product","2":"type-product","3":"status-publish","5":"product_cat-solvent","7":"first","8":"instock","9":"shipping-taxable","10":"product-type-simple"},"yoast_head":"<!-- This site is optimized with the Yoast SEO plugin v25.3.1 - https:\/\/yoast.com\/wordpress\/plugins\/seo\/ -->\n<title>China Butyl carbitol \/ n-Butyl carbitol CAS 112-34-5 Manufacturer - Longchang Chemical<\/title>\n<meta name=\"description\" content=\"Butyl carbitol \/ n-Butyl carbitol CAS 112-34-5 is a key product of Longchang Chemical. We provide the best price. We are the leading manufacturer in China with the best quality and competitive price.\" \/>\n<meta name=\"robots\" content=\"index, follow, max-snippet:-1, max-image-preview:large, max-video-preview:-1\" \/>\n<link rel=\"canonical\" href=\"https:\/\/longchangchemical.com\/fr\/product\/butyl-carbitol-n-butyl-carbitol-cas-112-34-5\/\" \/>\n<meta property=\"og:locale\" content=\"fr_FR\" \/>\n<meta property=\"og:type\" content=\"article\" \/>\n<meta property=\"og:title\" content=\"China Butyl carbitol \/ n-Butyl carbitol CAS 112-34-5 Manufacturer - Longchang Chemical\" \/>\n<meta property=\"og:description\" content=\"Butyl carbitol \/ n-Butyl carbitol CAS 112-34-5 is a key product of Longchang Chemical. We provide the best price. We are the leading manufacturer in China with the best quality and competitive price.\" \/>\n<meta property=\"og:url\" content=\"https:\/\/longchangchemical.com\/fr\/product\/butyl-carbitol-n-butyl-carbitol-cas-112-34-5\/\" \/>\n<meta property=\"og:site_name\" content=\"Longchang Chemical\" \/>\n<meta property=\"article:modified_time\" content=\"2026-01-12T06:30:14+00:00\" \/>\n<meta property=\"og:image\" content=\"https:\/\/longchangchemical.com\/wp-content\/uploads\/2024\/02\/logo-jpeg.jpg\" \/>\n\t<meta property=\"og:image:width\" content=\"1000\" \/>\n\t<meta property=\"og:image:height\" content=\"1000\" \/>\n\t<meta property=\"og:image:type\" content=\"image\/jpeg\" \/>\n<meta name=\"twitter:card\" content=\"summary_large_image\" \/>\n<script type=\"application\/ld+json\" class=\"yoast-schema-graph\">{\"@context\":\"https:\/\/schema.org\",\"@graph\":[{\"@type\":\"WebPage\",\"@id\":\"https:\/\/longchangchemical.com\/product\/butyl-carbitol-n-butyl-carbitol-cas-112-34-5\/\",\"url\":\"https:\/\/longchangchemical.com\/product\/butyl-carbitol-n-butyl-carbitol-cas-112-34-5\/\",\"name\":\"China Butyl carbitol \/ n-Butyl carbitol CAS 112-34-5 Manufacturer - Longchang Chemical\",\"isPartOf\":{\"@id\":\"https:\/\/longchangchemical.com\/#website\"},\"datePublished\":\"2024-03-20T05:50:39+00:00\",\"dateModified\":\"2026-01-12T06:30:14+00:00\",\"description\":\"Butyl carbitol \/ n-Butyl carbitol CAS 112-34-5 is a key product of Longchang Chemical. We provide the best price. We are the leading manufacturer in China with the best quality and competitive price.\",\"breadcrumb\":{\"@id\":\"https:\/\/longchangchemical.com\/product\/butyl-carbitol-n-butyl-carbitol-cas-112-34-5\/#breadcrumb\"},\"inLanguage\":\"fr-FR\",\"potentialAction\":[{\"@type\":\"ReadAction\",\"target\":[\"https:\/\/longchangchemical.com\/product\/butyl-carbitol-n-butyl-carbitol-cas-112-34-5\/\"]}]},{\"@type\":\"BreadcrumbList\",\"@id\":\"https:\/\/longchangchemical.com\/product\/butyl-carbitol-n-butyl-carbitol-cas-112-34-5\/#breadcrumb\",\"itemListElement\":[{\"@type\":\"ListItem\",\"position\":1,\"name\":\"Home\",\"item\":\"https:\/\/longchangchemical.com\/\"},{\"@type\":\"ListItem\",\"position\":2,\"name\":\"Products Longchang\",\"item\":\"https:\/\/longchangchemical.com\/product\/\"},{\"@type\":\"ListItem\",\"position\":3,\"name\":\"Butyl carbitol \/ n-Butyl carbitol CAS 112-34-5\"}]},{\"@type\":\"WebSite\",\"@id\":\"https:\/\/longchangchemical.com\/#website\",\"url\":\"https:\/\/longchangchemical.com\/\",\"name\":\"Longchang Chemical\",\"description\":\"China chemical manufacturer \uff06 supplier\",\"publisher\":{\"@id\":\"https:\/\/longchangchemical.com\/#organization\"},\"potentialAction\":[{\"@type\":\"SearchAction\",\"target\":{\"@type\":\"EntryPoint\",\"urlTemplate\":\"https:\/\/longchangchemical.com\/?s={search_term_string}\"},\"query-input\":{\"@type\":\"PropertyValueSpecification\",\"valueRequired\":true,\"valueName\":\"search_term_string\"}}],\"inLanguage\":\"fr-FR\"},{\"@type\":\"Organization\",\"@id\":\"https:\/\/longchangchemical.com\/#organization\",\"name\":\"Longchang Chemical\",\"url\":\"https:\/\/longchangchemical.com\/\",\"logo\":{\"@type\":\"ImageObject\",\"inLanguage\":\"fr-FR\",\"@id\":\"https:\/\/longchangchemical.com\/#\/schema\/logo\/image\/\",\"url\":\"https:\/\/longchangchemical.com\/wp-content\/uploads\/2020\/08\/cropped-longchang-logo.png\",\"contentUrl\":\"https:\/\/longchangchemical.com\/wp-content\/uploads\/2020\/08\/cropped-longchang-logo.png\",\"width\":512,\"height\":512,\"caption\":\"Longchang Chemical\"},\"image\":{\"@id\":\"https:\/\/longchangchemical.com\/#\/schema\/logo\/image\/\"}}]}<\/script>\n<!-- \/ Yoast SEO plugin. -->","yoast_head_json":{"title":"Butyl carbitol \/ n-Butyl carbitol CAS 112-34-5 fabricant chinois - Longchang Chemical","description":"Butyl carbitol \/ n-Butyl carbitol CAS 112-34-5 est un produit cl\u00e9 de Longchang Chemical. Nous fournissons le meilleur prix. Nous sommes le principal fabricant en Chine avec la meilleure qualit\u00e9 et un prix comp\u00e9titif.","robots":{"index":"index","follow":"follow","max-snippet":"max-snippet:-1","max-image-preview":"max-image-preview:large","max-video-preview":"max-video-preview:-1"},"canonical":"https:\/\/longchangchemical.com\/fr\/product\/butyl-carbitol-n-butyl-carbitol-cas-112-34-5\/","og_locale":"fr_FR","og_type":"article","og_title":"China Butyl carbitol \/ n-Butyl carbitol CAS 112-34-5 Manufacturer - Longchang Chemical","og_description":"Butyl carbitol \/ n-Butyl carbitol CAS 112-34-5 is a key product of Longchang Chemical. We provide the best price. We are the leading manufacturer in China with the best quality and competitive price.","og_url":"https:\/\/longchangchemical.com\/fr\/product\/butyl-carbitol-n-butyl-carbitol-cas-112-34-5\/","og_site_name":"Longchang Chemical","article_modified_time":"2026-01-12T06:30:14+00:00","og_image":[{"width":1000,"height":1000,"url":"https:\/\/longchangchemical.com\/wp-content\/uploads\/2024\/02\/logo-jpeg.jpg","type":"image\/jpeg"}],"twitter_card":"summary_large_image","schema":{"@context":"https:\/\/schema.org","@graph":[{"@type":"WebPage","@id":"https:\/\/longchangchemical.com\/product\/butyl-carbitol-n-butyl-carbitol-cas-112-34-5\/","url":"https:\/\/longchangchemical.com\/product\/butyl-carbitol-n-butyl-carbitol-cas-112-34-5\/","name":"Butyl carbitol \/ n-Butyl carbitol CAS 112-34-5 fabricant chinois - Longchang Chemical","isPartOf":{"@id":"https:\/\/longchangchemical.com\/#website"},"datePublished":"2024-03-20T05:50:39+00:00","dateModified":"2026-01-12T06:30:14+00:00","description":"Butyl carbitol \/ n-Butyl carbitol CAS 112-34-5 est un produit cl\u00e9 de Longchang Chemical. Nous fournissons le meilleur prix. Nous sommes le principal fabricant en Chine avec la meilleure qualit\u00e9 et un prix comp\u00e9titif.","breadcrumb":{"@id":"https:\/\/longchangchemical.com\/product\/butyl-carbitol-n-butyl-carbitol-cas-112-34-5\/#breadcrumb"},"inLanguage":"fr-FR","potentialAction":[{"@type":"ReadAction","target":["https:\/\/longchangchemical.com\/product\/butyl-carbitol-n-butyl-carbitol-cas-112-34-5\/"]}]},{"@type":"BreadcrumbList","@id":"https:\/\/longchangchemical.com\/product\/butyl-carbitol-n-butyl-carbitol-cas-112-34-5\/#breadcrumb","itemListElement":[{"@type":"ListItem","position":1,"name":"Home","item":"https:\/\/longchangchemical.com\/"},{"@type":"ListItem","position":2,"name":"Products Longchang","item":"https:\/\/longchangchemical.com\/product\/"},{"@type":"ListItem","position":3,"name":"Butyl carbitol \/ n-Butyl carbitol CAS 112-34-5"}]},{"@type":"WebSite","@id":"https:\/\/longchangchemical.com\/#website","url":"https:\/\/longchangchemical.com\/","name":"Longchang Chemical","description":"Fabricant chinois de produits chimiques \uff06 fournisseur","publisher":{"@id":"https:\/\/longchangchemical.com\/#organization"},"potentialAction":[{"@type":"SearchAction","target":{"@type":"EntryPoint","urlTemplate":"https:\/\/longchangchemical.com\/?s={search_term_string}"},"query-input":{"@type":"PropertyValueSpecification","valueRequired":true,"valueName":"search_term_string"}}],"inLanguage":"fr-FR"},{"@type":"Organization","@id":"https:\/\/longchangchemical.com\/#organization","name":"Longchang Chemical","url":"https:\/\/longchangchemical.com\/","logo":{"@type":"ImageObject","inLanguage":"fr-FR","@id":"https:\/\/longchangchemical.com\/#\/schema\/logo\/image\/","url":"https:\/\/longchangchemical.com\/wp-content\/uploads\/2020\/08\/cropped-longchang-logo.png","contentUrl":"https:\/\/longchangchemical.com\/wp-content\/uploads\/2020\/08\/cropped-longchang-logo.png","width":512,"height":512,"caption":"Longchang Chemical"},"image":{"@id":"https:\/\/longchangchemical.com\/#\/schema\/logo\/image\/"}}]}},"_links":{"self":[{"href":"https:\/\/longchangchemical.com\/fr\/wp-json\/wp\/v2\/product\/6753","targetHints":{"allow":["GET"]}}],"collection":[{"href":"https:\/\/longchangchemical.com\/fr\/wp-json\/wp\/v2\/product"}],"about":[{"href":"https:\/\/longchangchemical.com\/fr\/wp-json\/wp\/v2\/types\/product"}],"replies":[{"embeddable":true,"href":"https:\/\/longchangchemical.com\/fr\/wp-json\/wp\/v2\/comments?post=6753"}],"wp:attachment":[{"href":"https:\/\/longchangchemical.com\/fr\/wp-json\/wp\/v2\/media?parent=6753"}],"wp:term":[{"taxonomy":"product_brand","embeddable":true,"href":"https:\/\/longchangchemical.com\/fr\/wp-json\/wp\/v2\/product_brand?post=6753"},{"taxonomy":"product_cat","embeddable":true,"href":"https:\/\/longchangchemical.com\/fr\/wp-json\/wp\/v2\/product_cat?post=6753"},{"taxonomy":"product_tag","embeddable":true,"href":"https:\/\/longchangchemical.com\/fr\/wp-json\/wp\/v2\/product_tag?post=6753"}],"curies":[{"name":"wp","href":"https:\/\/api.w.org\/{rel}","templated":true}]}}