{"id":6679,"date":"2024-03-04T03:14:42","date_gmt":"2024-03-04T03:14:42","guid":{"rendered":"https:\/\/longchangchemical.com\/?post_type=product&#038;p=6679"},"modified":"2026-01-12T09:22:17","modified_gmt":"2026-01-12T09:22:17","slug":"dml-cas-46917-07-1","status":"publish","type":"product","link":"https:\/\/longchangchemical.com\/fr\/product\/dml-cas-46917-07-1\/","title":{"rendered":"Chlorure de m\u00e9thacryloyl oxy\u00e9thyl dim\u00e9thylbenzyl ammonium \/ DML CAS 46917-07-1"},"content":{"rendered":"<table style=\"border-collapse: collapse; width: 351.02pt;\" border=\"0\" width=\"468\" cellspacing=\"0\" cellpadding=\"0\">\n<tbody>\n<tr style=\"height: 13.50pt;\">\n<td style=\"height: 13.50pt; width: 139.50pt;\" width=\"186\" height=\"18\">La puret\u00e9 :<\/td>\n<td style=\"width: 211.50pt;\" width=\"282\">\u226560%\u00b11(GC)<\/td>\n<\/tr>\n<tr style=\"height: 13.50pt;\">\n<td style=\"height: 13.50pt;\" height=\"18\">Indice d'acidit\u00e9 :<\/td>\n<td>\u22640,02% (acide m\u00e9thacrylique)<\/td>\n<\/tr>\n<tr style=\"height: 13.50pt;\">\n<td style=\"height: 13.50pt;\" height=\"18\">Couleur :<\/td>\n<td>\u226450 (Pt-Co)<\/td>\n<\/tr>\n<tr style=\"height: 13.50pt;\">\n<td style=\"height: 13.50pt;\" height=\"18\">Apparence :<\/td>\n<td>liquide transparent incolore<\/td>\n<\/tr>\n<tr style=\"height: 13.50pt;\">\n<td style=\"height: 13.50pt;\" height=\"18\">Poids mol\u00e9culaire :<\/td>\n<td>283,80 g\/mol<\/td>\n<\/tr>\n<tr style=\"height: 13.50pt;\">\n<td style=\"height: 13.50pt;\" height=\"18\">Densit\u00e9 :<\/td>\n<td>1.088 \u00b0C<\/td>\n<\/tr>\n<tr style=\"height: 13.50pt;\">\n<td style=\"height: 13.50pt;\" height=\"18\">Point d'\u00e9bullition :<\/td>\n<td>&gt;100 \u00b0C<\/td>\n<\/tr>\n<\/tbody>\n<\/table>\n<h2><\/h2>\n<h2><strong>Chlorure de m\u00e9thacryloyl oxy\u00e9thyl dim\u00e9thylbenzyl ammonium \/ DML Emballage, transport et stockage<\/strong><\/h2>\n<p>Sp\u00e9cification de l'emballage du produit : 1100kg. Le produit doit \u00eatre prot\u00e9g\u00e9 du soleil, de la pluie et des temp\u00e9ratures \u00e9lev\u00e9es pendant le transport. Le produit doit \u00eatre stock\u00e9 dans un endroit frais, \u00e0 l'abri de la lumi\u00e8re et ventil\u00e9, loin de toute source de feu. La p\u00e9riode de stockage du produit sous 25\u2103 est de 6 mois.<\/p>\n<h2><strong><b>Contactez-nous d\u00e8s maintenant !<\/b><\/strong><\/h2>\n<h4><strong><b>Si vous avez besoin de Price, veuillez indiquer vos coordonn\u00e9es dans le formulaire ci-dessous. Nous vous contacterons g\u00e9n\u00e9ralement dans les 24 heures. Vous pouvez \u00e9galement m'envoyer un courriel\u00a0<span style=\"color: #00ccff;\"><a style=\"color: #00ccff;\" href=\"mailto:info@longchangchemical.com\">info@longchangchemical.com<\/a>\u00a0<\/span>pendant les heures de travail ( 8:30 am to 6:00 pm UTC+8 Mon.~Sat. ) ou utilisez le chat en direct du site web pour obtenir une r\u00e9ponse rapide.<\/b><\/strong><\/h4>","protected":false},"excerpt":{"rendered":"<p>Nom anglais : Methacryloyl Oxyethyl Dimethylbenzyl Ammonium Chloride DML<br \/>\nNum\u00e9ro CAS : 46917-07-1<br \/>\nFormule mol\u00e9culaire : C15H22ClNO2<\/p>","protected":false},"featured_media":0,"comment_status":"open","ping_status":"closed","template":"","meta":[],"product_brand":[],"product_cat":[109],"product_tag":[],"class_list":{"0":"post-6679","1":"product","2":"type-product","3":"status-publish","5":"product_cat-water-treatment","7":"first","8":"instock","9":"shipping-taxable","10":"product-type-simple"},"yoast_head":"<!-- This site is optimized with the Yoast SEO plugin v25.3.1 - https:\/\/yoast.com\/wordpress\/plugins\/seo\/ -->\n<title>China Methacryloyl Oxyethyl Dimethylbenzyl Ammonium Chloride Manufacturer DML CAS 46917-07-1 - Longchang Chemical<\/title>\n<meta name=\"description\" content=\"Methacryloxyethyl dimethyl benzyl ammonium chloride is used as a water treatment agent, textile chemicals, paper-making auxiliaries and is the key product of Longchang Chemical. We are the leading manufacturer and supplier in China with the best quanlity and competitive price.\" \/>\n<meta name=\"robots\" content=\"index, follow, max-snippet:-1, max-image-preview:large, max-video-preview:-1\" \/>\n<link rel=\"canonical\" href=\"https:\/\/longchangchemical.com\/fr\/product\/dml-cas-46917-07-1\/\" \/>\n<meta property=\"og:locale\" content=\"fr_FR\" \/>\n<meta property=\"og:type\" content=\"article\" \/>\n<meta property=\"og:title\" content=\"China Methacryloyl Oxyethyl Dimethylbenzyl Ammonium Chloride Manufacturer DML CAS 46917-07-1 - Longchang Chemical\" \/>\n<meta property=\"og:description\" content=\"Methacryloxyethyl dimethyl benzyl ammonium chloride is used as a water treatment agent, textile chemicals, paper-making auxiliaries and is the key product of Longchang Chemical. We are the leading manufacturer and supplier in China with the best quanlity and competitive price.\" \/>\n<meta property=\"og:url\" content=\"https:\/\/longchangchemical.com\/fr\/product\/dml-cas-46917-07-1\/\" \/>\n<meta property=\"og:site_name\" content=\"Longchang Chemical\" \/>\n<meta property=\"article:modified_time\" content=\"2026-01-12T09:22:17+00:00\" \/>\n<meta property=\"og:image\" content=\"https:\/\/longchangchemical.com\/wp-content\/uploads\/2024\/02\/logo-jpeg.jpg\" \/>\n\t<meta property=\"og:image:width\" content=\"1000\" \/>\n\t<meta property=\"og:image:height\" content=\"1000\" \/>\n\t<meta property=\"og:image:type\" content=\"image\/jpeg\" \/>\n<meta name=\"twitter:card\" content=\"summary_large_image\" \/>\n<script type=\"application\/ld+json\" class=\"yoast-schema-graph\">{\"@context\":\"https:\/\/schema.org\",\"@graph\":[{\"@type\":\"WebPage\",\"@id\":\"https:\/\/longchangchemical.com\/product\/dml-cas-46917-07-1\/\",\"url\":\"https:\/\/longchangchemical.com\/product\/dml-cas-46917-07-1\/\",\"name\":\"China Methacryloyl Oxyethyl Dimethylbenzyl Ammonium Chloride Manufacturer DML CAS 46917-07-1 - Longchang Chemical\",\"isPartOf\":{\"@id\":\"https:\/\/longchangchemical.com\/#website\"},\"datePublished\":\"2024-03-04T03:14:42+00:00\",\"dateModified\":\"2026-01-12T09:22:17+00:00\",\"description\":\"Methacryloxyethyl dimethyl benzyl ammonium chloride is used as a water treatment agent, textile chemicals, paper-making auxiliaries and is the key product of Longchang Chemical. We are the leading manufacturer and supplier in China with the best quanlity and competitive price.\",\"breadcrumb\":{\"@id\":\"https:\/\/longchangchemical.com\/product\/dml-cas-46917-07-1\/#breadcrumb\"},\"inLanguage\":\"fr-FR\",\"potentialAction\":[{\"@type\":\"ReadAction\",\"target\":[\"https:\/\/longchangchemical.com\/product\/dml-cas-46917-07-1\/\"]}]},{\"@type\":\"BreadcrumbList\",\"@id\":\"https:\/\/longchangchemical.com\/product\/dml-cas-46917-07-1\/#breadcrumb\",\"itemListElement\":[{\"@type\":\"ListItem\",\"position\":1,\"name\":\"Home\",\"item\":\"https:\/\/longchangchemical.com\/\"},{\"@type\":\"ListItem\",\"position\":2,\"name\":\"Products Longchang\",\"item\":\"https:\/\/longchangchemical.com\/product\/\"},{\"@type\":\"ListItem\",\"position\":3,\"name\":\"Methacryloyl Oxyethyl Dimethylbenzyl Ammonium Chloride \/ DML CAS 46917-07-1\"}]},{\"@type\":\"WebSite\",\"@id\":\"https:\/\/longchangchemical.com\/#website\",\"url\":\"https:\/\/longchangchemical.com\/\",\"name\":\"Longchang Chemical\",\"description\":\"China chemical manufacturer \uff06 supplier\",\"publisher\":{\"@id\":\"https:\/\/longchangchemical.com\/#organization\"},\"potentialAction\":[{\"@type\":\"SearchAction\",\"target\":{\"@type\":\"EntryPoint\",\"urlTemplate\":\"https:\/\/longchangchemical.com\/?s={search_term_string}\"},\"query-input\":{\"@type\":\"PropertyValueSpecification\",\"valueRequired\":true,\"valueName\":\"search_term_string\"}}],\"inLanguage\":\"fr-FR\"},{\"@type\":\"Organization\",\"@id\":\"https:\/\/longchangchemical.com\/#organization\",\"name\":\"Longchang Chemical\",\"url\":\"https:\/\/longchangchemical.com\/\",\"logo\":{\"@type\":\"ImageObject\",\"inLanguage\":\"fr-FR\",\"@id\":\"https:\/\/longchangchemical.com\/#\/schema\/logo\/image\/\",\"url\":\"https:\/\/longchangchemical.com\/wp-content\/uploads\/2020\/08\/cropped-longchang-logo.png\",\"contentUrl\":\"https:\/\/longchangchemical.com\/wp-content\/uploads\/2020\/08\/cropped-longchang-logo.png\",\"width\":512,\"height\":512,\"caption\":\"Longchang Chemical\"},\"image\":{\"@id\":\"https:\/\/longchangchemical.com\/#\/schema\/logo\/image\/\"}}]}<\/script>\n<!-- \/ Yoast SEO plugin. -->","yoast_head_json":{"title":"Chlorure de m\u00e9thacryloyl oxy\u00e9thyl dim\u00e9thylbenzyl ammonium de Chine DML CAS 46917-07-1 - Longchang Chemical","description":"Le chlorure de m\u00e9thacryloxy\u00e9thyl dim\u00e9thyl benzyl ammonium est utilis\u00e9 comme agent de traitement de l'eau, produits chimiques textiles, auxiliaires de fabrication de papier et est le produit cl\u00e9 de Longchang Chemical. Nous sommes le principal fabricant et fournisseur en Chine avec la meilleure qualit\u00e9 et le prix le plus comp\u00e9titif.","robots":{"index":"index","follow":"follow","max-snippet":"max-snippet:-1","max-image-preview":"max-image-preview:large","max-video-preview":"max-video-preview:-1"},"canonical":"https:\/\/longchangchemical.com\/fr\/product\/dml-cas-46917-07-1\/","og_locale":"fr_FR","og_type":"article","og_title":"China Methacryloyl Oxyethyl Dimethylbenzyl Ammonium Chloride Manufacturer DML CAS 46917-07-1 - Longchang Chemical","og_description":"Methacryloxyethyl dimethyl benzyl ammonium chloride is used as a water treatment agent, textile chemicals, paper-making auxiliaries and is the key product of Longchang Chemical. We are the leading manufacturer and supplier in China with the best quanlity and competitive price.","og_url":"https:\/\/longchangchemical.com\/fr\/product\/dml-cas-46917-07-1\/","og_site_name":"Longchang Chemical","article_modified_time":"2026-01-12T09:22:17+00:00","og_image":[{"width":1000,"height":1000,"url":"https:\/\/longchangchemical.com\/wp-content\/uploads\/2024\/02\/logo-jpeg.jpg","type":"image\/jpeg"}],"twitter_card":"summary_large_image","schema":{"@context":"https:\/\/schema.org","@graph":[{"@type":"WebPage","@id":"https:\/\/longchangchemical.com\/product\/dml-cas-46917-07-1\/","url":"https:\/\/longchangchemical.com\/product\/dml-cas-46917-07-1\/","name":"Chlorure de m\u00e9thacryloyl oxy\u00e9thyl dim\u00e9thylbenzyl ammonium de Chine DML CAS 46917-07-1 - Longchang Chemical","isPartOf":{"@id":"https:\/\/longchangchemical.com\/#website"},"datePublished":"2024-03-04T03:14:42+00:00","dateModified":"2026-01-12T09:22:17+00:00","description":"Le chlorure de m\u00e9thacryloxy\u00e9thyl dim\u00e9thyl benzyl ammonium est utilis\u00e9 comme agent de traitement de l'eau, produits chimiques textiles, auxiliaires de fabrication de papier et est le produit cl\u00e9 de Longchang Chemical. Nous sommes le principal fabricant et fournisseur en Chine avec la meilleure qualit\u00e9 et le prix le plus comp\u00e9titif.","breadcrumb":{"@id":"https:\/\/longchangchemical.com\/product\/dml-cas-46917-07-1\/#breadcrumb"},"inLanguage":"fr-FR","potentialAction":[{"@type":"ReadAction","target":["https:\/\/longchangchemical.com\/product\/dml-cas-46917-07-1\/"]}]},{"@type":"BreadcrumbList","@id":"https:\/\/longchangchemical.com\/product\/dml-cas-46917-07-1\/#breadcrumb","itemListElement":[{"@type":"ListItem","position":1,"name":"Home","item":"https:\/\/longchangchemical.com\/"},{"@type":"ListItem","position":2,"name":"Products Longchang","item":"https:\/\/longchangchemical.com\/product\/"},{"@type":"ListItem","position":3,"name":"Methacryloyl Oxyethyl Dimethylbenzyl Ammonium Chloride \/ DML CAS 46917-07-1"}]},{"@type":"WebSite","@id":"https:\/\/longchangchemical.com\/#website","url":"https:\/\/longchangchemical.com\/","name":"Longchang Chemical","description":"Fabricant chinois de produits chimiques \uff06 fournisseur","publisher":{"@id":"https:\/\/longchangchemical.com\/#organization"},"potentialAction":[{"@type":"SearchAction","target":{"@type":"EntryPoint","urlTemplate":"https:\/\/longchangchemical.com\/?s={search_term_string}"},"query-input":{"@type":"PropertyValueSpecification","valueRequired":true,"valueName":"search_term_string"}}],"inLanguage":"fr-FR"},{"@type":"Organization","@id":"https:\/\/longchangchemical.com\/#organization","name":"Longchang Chemical","url":"https:\/\/longchangchemical.com\/","logo":{"@type":"ImageObject","inLanguage":"fr-FR","@id":"https:\/\/longchangchemical.com\/#\/schema\/logo\/image\/","url":"https:\/\/longchangchemical.com\/wp-content\/uploads\/2020\/08\/cropped-longchang-logo.png","contentUrl":"https:\/\/longchangchemical.com\/wp-content\/uploads\/2020\/08\/cropped-longchang-logo.png","width":512,"height":512,"caption":"Longchang Chemical"},"image":{"@id":"https:\/\/longchangchemical.com\/#\/schema\/logo\/image\/"}}]}},"_links":{"self":[{"href":"https:\/\/longchangchemical.com\/fr\/wp-json\/wp\/v2\/product\/6679","targetHints":{"allow":["GET"]}}],"collection":[{"href":"https:\/\/longchangchemical.com\/fr\/wp-json\/wp\/v2\/product"}],"about":[{"href":"https:\/\/longchangchemical.com\/fr\/wp-json\/wp\/v2\/types\/product"}],"replies":[{"embeddable":true,"href":"https:\/\/longchangchemical.com\/fr\/wp-json\/wp\/v2\/comments?post=6679"}],"wp:attachment":[{"href":"https:\/\/longchangchemical.com\/fr\/wp-json\/wp\/v2\/media?parent=6679"}],"wp:term":[{"taxonomy":"product_brand","embeddable":true,"href":"https:\/\/longchangchemical.com\/fr\/wp-json\/wp\/v2\/product_brand?post=6679"},{"taxonomy":"product_cat","embeddable":true,"href":"https:\/\/longchangchemical.com\/fr\/wp-json\/wp\/v2\/product_cat?post=6679"},{"taxonomy":"product_tag","embeddable":true,"href":"https:\/\/longchangchemical.com\/fr\/wp-json\/wp\/v2\/product_tag?post=6679"}],"curies":[{"name":"wp","href":"https:\/\/api.w.org\/{rel}","templated":true}]}}