{"id":6677,"date":"2024-03-01T10:14:12","date_gmt":"2024-03-01T10:14:12","guid":{"rendered":"https:\/\/longchangchemical.com\/?post_type=product&#038;p=6677"},"modified":"2026-01-12T06:32:18","modified_gmt":"2026-01-12T06:32:18","slug":"dibutyl-ether-cas-142-96-1","status":"publish","type":"product","link":"https:\/\/longchangchemical.com\/fr\/product\/dibutyl-ether-cas-142-96-1\/","title":{"rendered":"Dibutyl Ether \/ n-Butyl Ether CAS 142-96-1"},"content":{"rendered":"<table width=\"610\">\n<tbody>\n<tr>\n<td width=\"190\">Indice d'acidit\u00e9 (en tant que MAA) :<\/td>\n<td width=\"420\">\u22640.02\uff05<\/td>\n<\/tr>\n<tr>\n<td>Apparence :<\/td>\n<td>liquide incolore avec une odeur d'\u00e9ther<\/td>\n<\/tr>\n<tr>\n<td>Point d'\u00e9bullition :<\/td>\n<td>142-143 \u00b0C(lit.)<\/td>\n<\/tr>\n<tr>\n<td>Couleur :<\/td>\n<td>\u226450(Pt-Co)<\/td>\n<\/tr>\n<tr>\n<td>Point d'\u00e9clair :<\/td>\n<td>77 \u00b0F<\/td>\n<\/tr>\n<tr>\n<td>Point de fusion :<\/td>\n<td>\u00a0-98 \u00b0C(lit.)<\/td>\n<\/tr>\n<tr>\n<td>Poids mol\u00e9culaire :<\/td>\n<td>130,22 g\/mol<\/td>\n<\/tr>\n<tr>\n<td>Poids mol\u00e9culaire :<\/td>\n<td>130,22 g\/mol Densit\u00e9 : 0,764 g\/mL \u00e0 25 \u00b0C (lit.)<\/td>\n<\/tr>\n<tr>\n<td>La puret\u00e9 :<\/td>\n<td>\u226599.5%(GC)<\/td>\n<\/tr>\n<tr>\n<td>Indice de r\u00e9fraction :<\/td>\n<td>n20\/D 1.399(lit.)<\/td>\n<\/tr>\n<tr>\n<td>Viscosit\u00e9 :<\/td>\n<td>0,741 mPa-s (15 \u00b0C)<\/td>\n<\/tr>\n<tr>\n<td>Teneur en eau :<\/td>\n<td>\u22640.05\uff05<\/td>\n<\/tr>\n<\/tbody>\n<\/table>\n<p>&nbsp;<\/p>\n<h2><strong>Domaines d'application de l'\u00e9ther n-butylique<\/strong><\/h2>\n<p>L'\u00e9ther n-butylique est utilis\u00e9 dans les nettoyants \u00e9lectroniques et les solvants pharmaceutiques.<\/p>\n<h2><strong>Emballage, transport et stockage de l'\u00e9ther n-butylique<\/strong><\/h2>\n<p>Sp\u00e9cification de l'emballage du produit : 150kg.<br \/>\nIl doit \u00eatre prot\u00e9g\u00e9 du soleil, de la pluie et des temp\u00e9ratures \u00e9lev\u00e9es pendant le transport.<br \/>\nLe produit doit \u00eatre stock\u00e9 dans un endroit frais, \u00e0 l'abri de la lumi\u00e8re et ventil\u00e9, loin de toute source de feu.<br \/>\nLa dur\u00e9e de conservation du produit est de 6 mois \u00e0 25\u2103.<\/p>\n<h2><strong><b>Contactez-nous d\u00e8s maintenant !<\/b><\/strong><\/h2>\n<h4><strong><b>Si vous avez besoin de Price, veuillez indiquer vos coordonn\u00e9es dans le formulaire ci-dessous. Nous vous contacterons g\u00e9n\u00e9ralement dans les 24 heures. Vous pouvez \u00e9galement m'envoyer un courriel\u00a0<span style=\"color: #00ccff;\"><a style=\"color: #00ccff;\" href=\"mailto:info@longchangchemical.com\">info@longchangchemical.com<\/a>\u00a0<\/span>pendant les heures de travail ( 8:30 am to 6:00 pm UTC+8 Mon.~Sat. ) ou utilisez le chat en direct du site web pour obtenir une r\u00e9ponse rapide.<\/b><\/strong><\/h4>","protected":false},"excerpt":{"rendered":"<p>Nom anglais : Di-n-butyl ether \/ DBE<br \/>\nNum\u00e9ro CAS : 142-96-1<br \/>\nFormule mol\u00e9culaire : C8H18O<\/p>","protected":false},"featured_media":0,"comment_status":"open","ping_status":"closed","template":"","meta":[],"product_brand":[],"product_cat":[154],"product_tag":[],"class_list":{"0":"post-6677","1":"product","2":"type-product","3":"status-publish","5":"product_cat-solvent","7":"first","8":"instock","9":"shipping-taxable","10":"product-type-simple"},"yoast_head":"<!-- This site is optimized with the Yoast SEO plugin v25.3.1 - https:\/\/yoast.com\/wordpress\/plugins\/seo\/ -->\n<title>China Dibutyl Ether Manufacturer CAS 142-96-1 - Longchang Chemical<\/title>\n<meta name=\"description\" content=\"n-Butyl Ether \/ Dibutyl Ether is used in electronic grade cleaners and pharmaceutical solvents and is the key product of Longchang Chemical. We are the leading manufacturer and supplier in China with the best quanlity and competitive price.\" \/>\n<meta name=\"robots\" content=\"index, follow, max-snippet:-1, max-image-preview:large, max-video-preview:-1\" \/>\n<link rel=\"canonical\" href=\"https:\/\/longchangchemical.com\/fr\/product\/dibutyl-ether-cas-142-96-1\/\" \/>\n<meta property=\"og:locale\" content=\"fr_FR\" \/>\n<meta property=\"og:type\" content=\"article\" \/>\n<meta property=\"og:title\" content=\"China Dibutyl Ether Manufacturer CAS 142-96-1 - Longchang Chemical\" \/>\n<meta property=\"og:description\" content=\"n-Butyl Ether \/ Dibutyl Ether is used in electronic grade cleaners and pharmaceutical solvents and is the key product of Longchang Chemical. We are the leading manufacturer and supplier in China with the best quanlity and competitive price.\" \/>\n<meta property=\"og:url\" content=\"https:\/\/longchangchemical.com\/fr\/product\/dibutyl-ether-cas-142-96-1\/\" \/>\n<meta property=\"og:site_name\" content=\"Longchang Chemical\" \/>\n<meta property=\"article:modified_time\" content=\"2026-01-12T06:32:18+00:00\" \/>\n<meta property=\"og:image\" content=\"https:\/\/longchangchemical.com\/wp-content\/uploads\/2024\/02\/logo-jpeg.jpg\" \/>\n\t<meta property=\"og:image:width\" content=\"1000\" \/>\n\t<meta property=\"og:image:height\" content=\"1000\" \/>\n\t<meta property=\"og:image:type\" content=\"image\/jpeg\" \/>\n<meta name=\"twitter:card\" content=\"summary_large_image\" \/>\n<script type=\"application\/ld+json\" class=\"yoast-schema-graph\">{\"@context\":\"https:\/\/schema.org\",\"@graph\":[{\"@type\":\"WebPage\",\"@id\":\"https:\/\/longchangchemical.com\/product\/dibutyl-ether-cas-142-96-1\/\",\"url\":\"https:\/\/longchangchemical.com\/product\/dibutyl-ether-cas-142-96-1\/\",\"name\":\"China Dibutyl Ether Manufacturer CAS 142-96-1 - Longchang Chemical\",\"isPartOf\":{\"@id\":\"https:\/\/longchangchemical.com\/#website\"},\"datePublished\":\"2024-03-01T10:14:12+00:00\",\"dateModified\":\"2026-01-12T06:32:18+00:00\",\"description\":\"n-Butyl Ether \/ Dibutyl Ether is used in electronic grade cleaners and pharmaceutical solvents and is the key product of Longchang Chemical. We are the leading manufacturer and supplier in China with the best quanlity and competitive price.\",\"breadcrumb\":{\"@id\":\"https:\/\/longchangchemical.com\/product\/dibutyl-ether-cas-142-96-1\/#breadcrumb\"},\"inLanguage\":\"fr-FR\",\"potentialAction\":[{\"@type\":\"ReadAction\",\"target\":[\"https:\/\/longchangchemical.com\/product\/dibutyl-ether-cas-142-96-1\/\"]}]},{\"@type\":\"BreadcrumbList\",\"@id\":\"https:\/\/longchangchemical.com\/product\/dibutyl-ether-cas-142-96-1\/#breadcrumb\",\"itemListElement\":[{\"@type\":\"ListItem\",\"position\":1,\"name\":\"Home\",\"item\":\"https:\/\/longchangchemical.com\/\"},{\"@type\":\"ListItem\",\"position\":2,\"name\":\"Products Longchang\",\"item\":\"https:\/\/longchangchemical.com\/product\/\"},{\"@type\":\"ListItem\",\"position\":3,\"name\":\"Dibutyl Ether \/ n-Butyl Ether CAS 142-96-1\"}]},{\"@type\":\"WebSite\",\"@id\":\"https:\/\/longchangchemical.com\/#website\",\"url\":\"https:\/\/longchangchemical.com\/\",\"name\":\"Longchang Chemical\",\"description\":\"China chemical manufacturer \uff06 supplier\",\"publisher\":{\"@id\":\"https:\/\/longchangchemical.com\/#organization\"},\"potentialAction\":[{\"@type\":\"SearchAction\",\"target\":{\"@type\":\"EntryPoint\",\"urlTemplate\":\"https:\/\/longchangchemical.com\/?s={search_term_string}\"},\"query-input\":{\"@type\":\"PropertyValueSpecification\",\"valueRequired\":true,\"valueName\":\"search_term_string\"}}],\"inLanguage\":\"fr-FR\"},{\"@type\":\"Organization\",\"@id\":\"https:\/\/longchangchemical.com\/#organization\",\"name\":\"Longchang Chemical\",\"url\":\"https:\/\/longchangchemical.com\/\",\"logo\":{\"@type\":\"ImageObject\",\"inLanguage\":\"fr-FR\",\"@id\":\"https:\/\/longchangchemical.com\/#\/schema\/logo\/image\/\",\"url\":\"https:\/\/longchangchemical.com\/wp-content\/uploads\/2020\/08\/cropped-longchang-logo.png\",\"contentUrl\":\"https:\/\/longchangchemical.com\/wp-content\/uploads\/2020\/08\/cropped-longchang-logo.png\",\"width\":512,\"height\":512,\"caption\":\"Longchang Chemical\"},\"image\":{\"@id\":\"https:\/\/longchangchemical.com\/#\/schema\/logo\/image\/\"}}]}<\/script>\n<!-- \/ Yoast SEO plugin. -->","yoast_head_json":{"title":"Fabricant chinois d'\u00e9ther de dibutyle CAS 142-96-1 - Longchang Chemical","description":"Le n-Butyl Ether \/ Dibutyl Ether est utilis\u00e9 dans les nettoyants \u00e9lectroniques et les solvants pharmaceutiques. Il s'agit du produit phare de Longchang Chemical. Nous sommes le principal fabricant et fournisseur en Chine avec la meilleure quantit\u00e9 et le prix le plus comp\u00e9titif.","robots":{"index":"index","follow":"follow","max-snippet":"max-snippet:-1","max-image-preview":"max-image-preview:large","max-video-preview":"max-video-preview:-1"},"canonical":"https:\/\/longchangchemical.com\/fr\/product\/dibutyl-ether-cas-142-96-1\/","og_locale":"fr_FR","og_type":"article","og_title":"China Dibutyl Ether Manufacturer CAS 142-96-1 - Longchang Chemical","og_description":"n-Butyl Ether \/ Dibutyl Ether is used in electronic grade cleaners and pharmaceutical solvents and is the key product of Longchang Chemical. We are the leading manufacturer and supplier in China with the best quanlity and competitive price.","og_url":"https:\/\/longchangchemical.com\/fr\/product\/dibutyl-ether-cas-142-96-1\/","og_site_name":"Longchang Chemical","article_modified_time":"2026-01-12T06:32:18+00:00","og_image":[{"width":1000,"height":1000,"url":"https:\/\/longchangchemical.com\/wp-content\/uploads\/2024\/02\/logo-jpeg.jpg","type":"image\/jpeg"}],"twitter_card":"summary_large_image","schema":{"@context":"https:\/\/schema.org","@graph":[{"@type":"WebPage","@id":"https:\/\/longchangchemical.com\/product\/dibutyl-ether-cas-142-96-1\/","url":"https:\/\/longchangchemical.com\/product\/dibutyl-ether-cas-142-96-1\/","name":"Fabricant chinois d'\u00e9ther de dibutyle CAS 142-96-1 - Longchang Chemical","isPartOf":{"@id":"https:\/\/longchangchemical.com\/#website"},"datePublished":"2024-03-01T10:14:12+00:00","dateModified":"2026-01-12T06:32:18+00:00","description":"Le n-Butyl Ether \/ Dibutyl Ether est utilis\u00e9 dans les nettoyants \u00e9lectroniques et les solvants pharmaceutiques. Il s'agit du produit phare de Longchang Chemical. Nous sommes le principal fabricant et fournisseur en Chine avec la meilleure quantit\u00e9 et le prix le plus comp\u00e9titif.","breadcrumb":{"@id":"https:\/\/longchangchemical.com\/product\/dibutyl-ether-cas-142-96-1\/#breadcrumb"},"inLanguage":"fr-FR","potentialAction":[{"@type":"ReadAction","target":["https:\/\/longchangchemical.com\/product\/dibutyl-ether-cas-142-96-1\/"]}]},{"@type":"BreadcrumbList","@id":"https:\/\/longchangchemical.com\/product\/dibutyl-ether-cas-142-96-1\/#breadcrumb","itemListElement":[{"@type":"ListItem","position":1,"name":"Home","item":"https:\/\/longchangchemical.com\/"},{"@type":"ListItem","position":2,"name":"Products Longchang","item":"https:\/\/longchangchemical.com\/product\/"},{"@type":"ListItem","position":3,"name":"Dibutyl Ether \/ n-Butyl Ether CAS 142-96-1"}]},{"@type":"WebSite","@id":"https:\/\/longchangchemical.com\/#website","url":"https:\/\/longchangchemical.com\/","name":"Longchang Chemical","description":"Fabricant chinois de produits chimiques \uff06 fournisseur","publisher":{"@id":"https:\/\/longchangchemical.com\/#organization"},"potentialAction":[{"@type":"SearchAction","target":{"@type":"EntryPoint","urlTemplate":"https:\/\/longchangchemical.com\/?s={search_term_string}"},"query-input":{"@type":"PropertyValueSpecification","valueRequired":true,"valueName":"search_term_string"}}],"inLanguage":"fr-FR"},{"@type":"Organization","@id":"https:\/\/longchangchemical.com\/#organization","name":"Longchang Chemical","url":"https:\/\/longchangchemical.com\/","logo":{"@type":"ImageObject","inLanguage":"fr-FR","@id":"https:\/\/longchangchemical.com\/#\/schema\/logo\/image\/","url":"https:\/\/longchangchemical.com\/wp-content\/uploads\/2020\/08\/cropped-longchang-logo.png","contentUrl":"https:\/\/longchangchemical.com\/wp-content\/uploads\/2020\/08\/cropped-longchang-logo.png","width":512,"height":512,"caption":"Longchang Chemical"},"image":{"@id":"https:\/\/longchangchemical.com\/#\/schema\/logo\/image\/"}}]}},"_links":{"self":[{"href":"https:\/\/longchangchemical.com\/fr\/wp-json\/wp\/v2\/product\/6677","targetHints":{"allow":["GET"]}}],"collection":[{"href":"https:\/\/longchangchemical.com\/fr\/wp-json\/wp\/v2\/product"}],"about":[{"href":"https:\/\/longchangchemical.com\/fr\/wp-json\/wp\/v2\/types\/product"}],"replies":[{"embeddable":true,"href":"https:\/\/longchangchemical.com\/fr\/wp-json\/wp\/v2\/comments?post=6677"}],"wp:attachment":[{"href":"https:\/\/longchangchemical.com\/fr\/wp-json\/wp\/v2\/media?parent=6677"}],"wp:term":[{"taxonomy":"product_brand","embeddable":true,"href":"https:\/\/longchangchemical.com\/fr\/wp-json\/wp\/v2\/product_brand?post=6677"},{"taxonomy":"product_cat","embeddable":true,"href":"https:\/\/longchangchemical.com\/fr\/wp-json\/wp\/v2\/product_cat?post=6677"},{"taxonomy":"product_tag","embeddable":true,"href":"https:\/\/longchangchemical.com\/fr\/wp-json\/wp\/v2\/product_tag?post=6677"}],"curies":[{"name":"wp","href":"https:\/\/api.w.org\/{rel}","templated":true}]}}