{"id":6647,"date":"2024-02-19T06:50:10","date_gmt":"2024-02-19T06:50:10","guid":{"rendered":"https:\/\/longchangchemical.com\/?post_type=product&#038;p=6647"},"modified":"2024-04-28T02:39:48","modified_gmt":"2024-04-28T02:39:48","slug":"3-hpp-ceppa-esterified-liquid","status":"publish","type":"product","link":"https:\/\/longchangchemical.com\/fr\/product\/3-hpp-ceppa-esterified-liquid\/","title":{"rendered":"Lcflare\u00ae 3-HPP\/CEPPA Liquide est\u00e9rifi\u00e9"},"content":{"rendered":"<h1>Lcflare\u00ae 3-HPP\/CEPPA<\/h1>\n<p><strong>Synonyme :<\/strong>\u00a0Acide 3-hydroxyph\u00e9nylphosphinyl-propano\u00efque ;Acide 2-carboxyl \u00e9thyl(ph\u00e9nyl)phosphinique<\/p>\n<p><strong>Cas No.<\/strong>:14657-64-8<\/p>\n<p><strong>Structure mol\u00e9culaire<\/strong>:<\/p>\n<p><img decoding=\"async\" class=\"alignnone size-full wp-image-3960\" src=\"https:\/\/longchangchemical.com\/wp-content\/uploads\/2021\/08\/3hhp.gif\" alt=\"\" width=\"264\" height=\"132\" \/><\/p>\n<p><strong>Sp\u00e9cifications :\u00a0<\/strong><strong>\u00a0\u00a0\u00a0\u00a0\u00a0\u00a0\u00a0\u00a0\u00a0\u00a0<\/strong>\u00a0<strong>\u00a0\u00a0\u00a0\u00a0<\/strong><\/p>\n<table>\n<tbody>\n<tr>\n<td width=\"183\"><strong><b>3-HPP\/CEPPA<\/b><\/strong><\/td>\n<td width=\"272\">Forme solide<\/td>\n<\/tr>\n<tr>\n<td width=\"183\">Apparence<\/td>\n<td width=\"272\">Cristal blanc<\/td>\n<\/tr>\n<tr>\n<td width=\"183\">Teneur (HPLC)<\/td>\n<td width=\"272\">\u226599.5%<\/td>\n<\/tr>\n<tr>\n<td width=\"183\">Point de fusion (DSC, \u00b0C)<\/td>\n<td width=\"272\">\u2265158<\/td>\n<\/tr>\n<tr>\n<td width=\"183\">Teneur en fer (%)<\/td>\n<td width=\"272\">\u22640.02<\/td>\n<\/tr>\n<tr>\n<td width=\"183\">Teneur en phosphore (%)<\/td>\n<td width=\"272\">14,0\u00b10,5%<\/td>\n<\/tr>\n<tr>\n<td width=\"183\">Teneur en ions chlorure (%)<\/td>\n<td width=\"272\">\u226410ppm<\/td>\n<\/tr>\n<tr>\n<td width=\"183\">Indice d'acidit\u00e9 ( mg KOH\/g)<\/td>\n<td width=\"272\">522.0\u00b14.0<\/td>\n<\/tr>\n<tr>\n<td width=\"183\">Humidit\u00e9 (K.F ,%)<\/td>\n<td width=\"272\">\u22640.1<\/td>\n<\/tr>\n<\/tbody>\n<\/table>\n<p><strong>\u00a0<\/strong><\/p>\n<p><strong>Emballage<\/strong>:25kg \/sac \/carton ou 500kgs\/sac.<\/p>\n<p><strong>Application :<\/strong><\/p>\n<p>Retardateur de flammes respectueux de l'environnement, il convient \u00e0 la production de produits de polyur\u00e9thane retardateurs de flammes permanents, tels que les copeaux de polyester, les filaments, les fibres discontinues, les tissus et les films. Les copeaux de polyur\u00e9thane obtenus ont une bonne teinte et une bonne filabilit\u00e9. Par rapport au PET conventionnel, la filabilit\u00e9 des produits en polyester ignifug\u00e9 apr\u00e8s l'ajout de ce produit pr\u00e9sente les m\u00eames propri\u00e9t\u00e9s de filage et de traction que les copeaux de polyester conventionnels. Produits en polyester ignifug\u00e9 Il pr\u00e9sente une excellente stabilit\u00e9 thermique, ne se d\u00e9compose pas pendant le processus de filage et n'a pas d'odeur particuli\u00e8re sur le site de filage. Elle peut am\u00e9liorer les performances antistatiques des produits en polyester et pr\u00e9sente une bonne filabilit\u00e9. La fibre poss\u00e8de de bonnes propri\u00e9t\u00e9s de tissage et peut \u00eatre utilis\u00e9e dans n'importe quel type de filature. Le syst\u00e8me de soie effectue le traitement de filature et le tissu peut obtenir des propri\u00e9t\u00e9s ignifuges permanentes. Lorsqu'il est copolym\u00e9ris\u00e9 avec du PTA et de l'EG, la quantit\u00e9 d'additif est de 2,5~4,5%, la teneur en phosphore des copeaux de polyester ignifuge est de 0,35-0,60%, et l'indice d'oxyg\u00e8ne ignifuge apr\u00e8s le filage du tissu est de 30~36%. Il est largement utilis\u00e9 dans les domaines de l'ignifugation tels que l'ignifugation des textiles, l'ignifugation de la filature, l'ignifugation des fibres chimiques, divers mat\u00e9riaux d'habillement, les tissus d\u00e9coratifs, etc.<\/p>\n<p><strong><b>Stockage :<\/b><\/strong><\/p>\n<p>Les produits sont conserv\u00e9s dans un entrep\u00f4t sec, propre et bien ventil\u00e9.<\/p>\n<p>\u00c9viter l'exposition \u00e0 la lumi\u00e8re et \u00e0 la chaleur.<\/p>\n<p>Prot\u00e9ger le produit des fuites, de la pluie et de l'insolation pendant le transport.<\/p>\n<h2><strong><b>Contactez-nous d\u00e8s maintenant !<\/b><\/strong><\/h2>\n<h4><strong><b>Si vous avez besoin de Price, veuillez indiquer vos coordonn\u00e9es dans le formulaire ci-dessous. Nous vous contacterons g\u00e9n\u00e9ralement dans les 24 heures. Vous pouvez \u00e9galement m'envoyer un courriel\u00a0<span style=\"color: #00ccff;\"><a style=\"color: #00ccff;\" href=\"mailto:info@longchangchemical.com\">info@longchangchemical.com<\/a>\u00a0<\/span>pendant les heures de travail ( 8:30 am to 6:00 pm UTC+8 Mon.~Sat. ) ou utilisez le chat en direct du site web pour obtenir une r\u00e9ponse rapide.<\/b><\/strong><\/h4>","protected":false},"excerpt":{"rendered":"<p>Lcflare\u00ae 3-HPP\/CEPPA est une sorte d'agent ignifuge qui contient de la phosphine oxyd\u00e9e et peut copolym\u00e9riser avec un ester pour produire un copolyester. Il est actif et poss\u00e8de une grande capacit\u00e9 d'arr\u00eat thermique et une grande stabilit\u00e9 \u00e0 l'oxydation, il est \u00e9galement r\u00e9sistant \u00e0 l'hydrolisation.<\/p>\n<p>Nom chimique : Acide 3-hydroxyph\u00e9nylphosphinyl-propano\u00efque<\/p>\n<p>Cas No. : 14657-64-8<\/p>\n<p>Formule : C9H11O4P<\/p>\n<p>Emballage : 200 kg\/tambour<\/p>","protected":false},"featured_media":6706,"comment_status":"open","ping_status":"closed","template":"","meta":[],"product_brand":[],"product_cat":[153],"product_tag":[],"class_list":{"0":"post-6647","1":"product","2":"type-product","3":"status-publish","4":"has-post-thumbnail","6":"product_cat-Lcflare-flame-retardant","8":"first","9":"instock","10":"shipping-taxable","11":"product-type-simple"},"yoast_head":"<!-- This site is optimized with the Yoast SEO plugin v25.3.1 - https:\/\/yoast.com\/wordpress\/plugins\/seo\/ -->\n<title>3-HPP \/ CEPPA Esterified liquid ( 3-Hydroxyphenylphosphinyl-propanoic acid ) manufacturer - Longchang Chemical<\/title>\n<meta name=\"description\" content=\"Lcflare\u00ae 3-HPP \/ CEPPA Esterified liquid ( 2-carboxyl ethyl(phenyl)phosphinic Acid ) can be used as a Flame retardant and is the key product of Longchang Chemical. We are the leading Flame retardant manufacturer and supplier in China with the best quanlity and competitive price.\" \/>\n<meta name=\"robots\" content=\"index, follow, max-snippet:-1, max-image-preview:large, max-video-preview:-1\" \/>\n<link rel=\"canonical\" href=\"https:\/\/longchangchemical.com\/fr\/product\/3-hpp-ceppa-esterified-liquid\/\" \/>\n<meta property=\"og:locale\" content=\"fr_FR\" \/>\n<meta property=\"og:type\" content=\"article\" \/>\n<meta property=\"og:title\" content=\"3-HPP \/ CEPPA Esterified liquid ( 3-Hydroxyphenylphosphinyl-propanoic acid ) manufacturer - Longchang Chemical\" \/>\n<meta property=\"og:description\" content=\"Lcflare\u00ae 3-HPP \/ CEPPA Esterified liquid ( 2-carboxyl ethyl(phenyl)phosphinic Acid ) can be used as a Flame retardant and is the key product of Longchang Chemical. We are the leading Flame retardant manufacturer and supplier in China with the best quanlity and competitive price.\" \/>\n<meta property=\"og:url\" content=\"https:\/\/longchangchemical.com\/fr\/product\/3-hpp-ceppa-esterified-liquid\/\" \/>\n<meta property=\"og:site_name\" content=\"Longchang Chemical\" \/>\n<meta property=\"article:modified_time\" content=\"2024-04-28T02:39:48+00:00\" \/>\n<meta property=\"og:image\" content=\"https:\/\/longchangchemical.com\/wp-content\/uploads\/2024\/02\/3-HPPCEPPA-Esterified-liquid.jpg\" \/>\n\t<meta property=\"og:image:width\" content=\"800\" \/>\n\t<meta property=\"og:image:height\" content=\"800\" \/>\n\t<meta property=\"og:image:type\" content=\"image\/jpeg\" \/>\n<meta name=\"twitter:card\" content=\"summary_large_image\" \/>\n<script type=\"application\/ld+json\" class=\"yoast-schema-graph\">{\"@context\":\"https:\/\/schema.org\",\"@graph\":[{\"@type\":\"WebPage\",\"@id\":\"https:\/\/longchangchemical.com\/product\/3-hpp-ceppa-esterified-liquid\/\",\"url\":\"https:\/\/longchangchemical.com\/product\/3-hpp-ceppa-esterified-liquid\/\",\"name\":\"3-HPP \/ CEPPA Esterified liquid ( 3-Hydroxyphenylphosphinyl-propanoic acid ) manufacturer - Longchang Chemical\",\"isPartOf\":{\"@id\":\"https:\/\/longchangchemical.com\/#website\"},\"primaryImageOfPage\":{\"@id\":\"https:\/\/longchangchemical.com\/product\/3-hpp-ceppa-esterified-liquid\/#primaryimage\"},\"image\":{\"@id\":\"https:\/\/longchangchemical.com\/product\/3-hpp-ceppa-esterified-liquid\/#primaryimage\"},\"thumbnailUrl\":\"https:\/\/longchangchemical.com\/wp-content\/uploads\/2024\/02\/3-HPPCEPPA-Esterified-liquid.jpg\",\"datePublished\":\"2024-02-19T06:50:10+00:00\",\"dateModified\":\"2024-04-28T02:39:48+00:00\",\"description\":\"Lcflare\u00ae 3-HPP \/ CEPPA Esterified liquid ( 2-carboxyl ethyl(phenyl)phosphinic Acid ) can be used as a Flame retardant and is the key product of Longchang Chemical. We are the leading Flame retardant manufacturer and supplier in China with the best quanlity and competitive price.\",\"breadcrumb\":{\"@id\":\"https:\/\/longchangchemical.com\/product\/3-hpp-ceppa-esterified-liquid\/#breadcrumb\"},\"inLanguage\":\"fr-FR\",\"potentialAction\":[{\"@type\":\"ReadAction\",\"target\":[\"https:\/\/longchangchemical.com\/product\/3-hpp-ceppa-esterified-liquid\/\"]}]},{\"@type\":\"ImageObject\",\"inLanguage\":\"fr-FR\",\"@id\":\"https:\/\/longchangchemical.com\/product\/3-hpp-ceppa-esterified-liquid\/#primaryimage\",\"url\":\"https:\/\/longchangchemical.com\/wp-content\/uploads\/2024\/02\/3-HPPCEPPA-Esterified-liquid.jpg\",\"contentUrl\":\"https:\/\/longchangchemical.com\/wp-content\/uploads\/2024\/02\/3-HPPCEPPA-Esterified-liquid.jpg\",\"width\":800,\"height\":800,\"caption\":\"3-HPPCEPPA Esterified liquid\"},{\"@type\":\"BreadcrumbList\",\"@id\":\"https:\/\/longchangchemical.com\/product\/3-hpp-ceppa-esterified-liquid\/#breadcrumb\",\"itemListElement\":[{\"@type\":\"ListItem\",\"position\":1,\"name\":\"Home\",\"item\":\"https:\/\/longchangchemical.com\/\"},{\"@type\":\"ListItem\",\"position\":2,\"name\":\"Products Longchang\",\"item\":\"https:\/\/longchangchemical.com\/product\/\"},{\"@type\":\"ListItem\",\"position\":3,\"name\":\"Lcflare\u00ae 3-HPP\/CEPPA Esterified liquid\"}]},{\"@type\":\"WebSite\",\"@id\":\"https:\/\/longchangchemical.com\/#website\",\"url\":\"https:\/\/longchangchemical.com\/\",\"name\":\"Longchang Chemical\",\"description\":\"China chemical manufacturer \uff06 supplier\",\"publisher\":{\"@id\":\"https:\/\/longchangchemical.com\/#organization\"},\"potentialAction\":[{\"@type\":\"SearchAction\",\"target\":{\"@type\":\"EntryPoint\",\"urlTemplate\":\"https:\/\/longchangchemical.com\/?s={search_term_string}\"},\"query-input\":{\"@type\":\"PropertyValueSpecification\",\"valueRequired\":true,\"valueName\":\"search_term_string\"}}],\"inLanguage\":\"fr-FR\"},{\"@type\":\"Organization\",\"@id\":\"https:\/\/longchangchemical.com\/#organization\",\"name\":\"Longchang Chemical\",\"url\":\"https:\/\/longchangchemical.com\/\",\"logo\":{\"@type\":\"ImageObject\",\"inLanguage\":\"fr-FR\",\"@id\":\"https:\/\/longchangchemical.com\/#\/schema\/logo\/image\/\",\"url\":\"https:\/\/longchangchemical.com\/wp-content\/uploads\/2020\/08\/cropped-longchang-logo.png\",\"contentUrl\":\"https:\/\/longchangchemical.com\/wp-content\/uploads\/2020\/08\/cropped-longchang-logo.png\",\"width\":512,\"height\":512,\"caption\":\"Longchang Chemical\"},\"image\":{\"@id\":\"https:\/\/longchangchemical.com\/#\/schema\/logo\/image\/\"}}]}<\/script>\n<!-- \/ Yoast SEO plugin. -->","yoast_head_json":{"title":"3-HPP \/ CEPPA Liquide est\u00e9rifi\u00e9 ( Acide 3-Hydroxyph\u00e9nylphosphinyl-propano\u00efque ) fabricant - Longchang Chemical","description":"Lcflare\u00ae 3-HPP \/ CEPPA Esterified liquid ( 2-carboxyl ethyl(phenyl)phosphinic Acid ) peut \u00eatre utilis\u00e9 comme retardateur de flamme et est le produit cl\u00e9 de Longchang Chemical. Nous sommes le principal fabricant et fournisseur de retardateurs de flamme en Chine, avec les meilleures quantit\u00e9s et des prix comp\u00e9titifs.","robots":{"index":"index","follow":"follow","max-snippet":"max-snippet:-1","max-image-preview":"max-image-preview:large","max-video-preview":"max-video-preview:-1"},"canonical":"https:\/\/longchangchemical.com\/fr\/product\/3-hpp-ceppa-esterified-liquid\/","og_locale":"fr_FR","og_type":"article","og_title":"3-HPP \/ CEPPA Esterified liquid ( 3-Hydroxyphenylphosphinyl-propanoic acid ) manufacturer - Longchang Chemical","og_description":"Lcflare\u00ae 3-HPP \/ CEPPA Esterified liquid ( 2-carboxyl ethyl(phenyl)phosphinic Acid ) can be used as a Flame retardant and is the key product of Longchang Chemical. We are the leading Flame retardant manufacturer and supplier in China with the best quanlity and competitive price.","og_url":"https:\/\/longchangchemical.com\/fr\/product\/3-hpp-ceppa-esterified-liquid\/","og_site_name":"Longchang Chemical","article_modified_time":"2024-04-28T02:39:48+00:00","og_image":[{"width":800,"height":800,"url":"https:\/\/longchangchemical.com\/wp-content\/uploads\/2024\/02\/3-HPPCEPPA-Esterified-liquid.jpg","type":"image\/jpeg"}],"twitter_card":"summary_large_image","schema":{"@context":"https:\/\/schema.org","@graph":[{"@type":"WebPage","@id":"https:\/\/longchangchemical.com\/product\/3-hpp-ceppa-esterified-liquid\/","url":"https:\/\/longchangchemical.com\/product\/3-hpp-ceppa-esterified-liquid\/","name":"3-HPP \/ CEPPA Liquide est\u00e9rifi\u00e9 ( Acide 3-Hydroxyph\u00e9nylphosphinyl-propano\u00efque ) fabricant - Longchang Chemical","isPartOf":{"@id":"https:\/\/longchangchemical.com\/#website"},"primaryImageOfPage":{"@id":"https:\/\/longchangchemical.com\/product\/3-hpp-ceppa-esterified-liquid\/#primaryimage"},"image":{"@id":"https:\/\/longchangchemical.com\/product\/3-hpp-ceppa-esterified-liquid\/#primaryimage"},"thumbnailUrl":"https:\/\/longchangchemical.com\/wp-content\/uploads\/2024\/02\/3-HPPCEPPA-Esterified-liquid.jpg","datePublished":"2024-02-19T06:50:10+00:00","dateModified":"2024-04-28T02:39:48+00:00","description":"Lcflare\u00ae 3-HPP \/ CEPPA Esterified liquid ( 2-carboxyl ethyl(phenyl)phosphinic Acid ) peut \u00eatre utilis\u00e9 comme retardateur de flamme et est le produit cl\u00e9 de Longchang Chemical. Nous sommes le principal fabricant et fournisseur de retardateurs de flamme en Chine, avec les meilleures quantit\u00e9s et des prix comp\u00e9titifs.","breadcrumb":{"@id":"https:\/\/longchangchemical.com\/product\/3-hpp-ceppa-esterified-liquid\/#breadcrumb"},"inLanguage":"fr-FR","potentialAction":[{"@type":"ReadAction","target":["https:\/\/longchangchemical.com\/product\/3-hpp-ceppa-esterified-liquid\/"]}]},{"@type":"ImageObject","inLanguage":"fr-FR","@id":"https:\/\/longchangchemical.com\/product\/3-hpp-ceppa-esterified-liquid\/#primaryimage","url":"https:\/\/longchangchemical.com\/wp-content\/uploads\/2024\/02\/3-HPPCEPPA-Esterified-liquid.jpg","contentUrl":"https:\/\/longchangchemical.com\/wp-content\/uploads\/2024\/02\/3-HPPCEPPA-Esterified-liquid.jpg","width":800,"height":800,"caption":"3-HPPCEPPA Esterified liquid"},{"@type":"BreadcrumbList","@id":"https:\/\/longchangchemical.com\/product\/3-hpp-ceppa-esterified-liquid\/#breadcrumb","itemListElement":[{"@type":"ListItem","position":1,"name":"Home","item":"https:\/\/longchangchemical.com\/"},{"@type":"ListItem","position":2,"name":"Products Longchang","item":"https:\/\/longchangchemical.com\/product\/"},{"@type":"ListItem","position":3,"name":"Lcflare\u00ae 3-HPP\/CEPPA Esterified liquid"}]},{"@type":"WebSite","@id":"https:\/\/longchangchemical.com\/#website","url":"https:\/\/longchangchemical.com\/","name":"Longchang Chemical","description":"Fabricant chinois de produits chimiques \uff06 fournisseur","publisher":{"@id":"https:\/\/longchangchemical.com\/#organization"},"potentialAction":[{"@type":"SearchAction","target":{"@type":"EntryPoint","urlTemplate":"https:\/\/longchangchemical.com\/?s={search_term_string}"},"query-input":{"@type":"PropertyValueSpecification","valueRequired":true,"valueName":"search_term_string"}}],"inLanguage":"fr-FR"},{"@type":"Organization","@id":"https:\/\/longchangchemical.com\/#organization","name":"Longchang Chemical","url":"https:\/\/longchangchemical.com\/","logo":{"@type":"ImageObject","inLanguage":"fr-FR","@id":"https:\/\/longchangchemical.com\/#\/schema\/logo\/image\/","url":"https:\/\/longchangchemical.com\/wp-content\/uploads\/2020\/08\/cropped-longchang-logo.png","contentUrl":"https:\/\/longchangchemical.com\/wp-content\/uploads\/2020\/08\/cropped-longchang-logo.png","width":512,"height":512,"caption":"Longchang Chemical"},"image":{"@id":"https:\/\/longchangchemical.com\/#\/schema\/logo\/image\/"}}]}},"_links":{"self":[{"href":"https:\/\/longchangchemical.com\/fr\/wp-json\/wp\/v2\/product\/6647","targetHints":{"allow":["GET"]}}],"collection":[{"href":"https:\/\/longchangchemical.com\/fr\/wp-json\/wp\/v2\/product"}],"about":[{"href":"https:\/\/longchangchemical.com\/fr\/wp-json\/wp\/v2\/types\/product"}],"replies":[{"embeddable":true,"href":"https:\/\/longchangchemical.com\/fr\/wp-json\/wp\/v2\/comments?post=6647"}],"wp:featuredmedia":[{"embeddable":true,"href":"https:\/\/longchangchemical.com\/fr\/wp-json\/wp\/v2\/media\/6706"}],"wp:attachment":[{"href":"https:\/\/longchangchemical.com\/fr\/wp-json\/wp\/v2\/media?parent=6647"}],"wp:term":[{"taxonomy":"product_brand","embeddable":true,"href":"https:\/\/longchangchemical.com\/fr\/wp-json\/wp\/v2\/product_brand?post=6647"},{"taxonomy":"product_cat","embeddable":true,"href":"https:\/\/longchangchemical.com\/fr\/wp-json\/wp\/v2\/product_cat?post=6647"},{"taxonomy":"product_tag","embeddable":true,"href":"https:\/\/longchangchemical.com\/fr\/wp-json\/wp\/v2\/product_tag?post=6647"}],"curies":[{"name":"wp","href":"https:\/\/api.w.org\/{rel}","templated":true}]}}