{"id":6604,"date":"2024-02-05T09:15:42","date_gmt":"2024-02-05T09:15:42","guid":{"rendered":"https:\/\/longchangchemical.com\/?post_type=product&#038;p=6604"},"modified":"2026-05-08T03:00:02","modified_gmt":"2026-05-08T03:00:02","slug":"rubidium-hydroxide-cas-1310-82-3","status":"publish","type":"product","link":"https:\/\/longchangchemical.com\/fr\/product\/rubidium-hydroxide-cas-1310-82-3\/","title":{"rendered":"Hydroxyde de rubidium CAS 1310-82-3"},"content":{"rendered":"<h2><strong>Hydroxyde de rubidium CAS 1310-82-3<\/strong><\/h2>\n<p>&nbsp;<\/p>\n<table>\n<tbody>\n<tr>\n<td width=\"189\">Objet<\/td>\n<td width=\"264\">Sp\u00e9cifications<\/td>\n<\/tr>\n<tr>\n<td width=\"189\">Apparence<\/td>\n<td width=\"264\">Le pouvoir blanc<\/td>\n<\/tr>\n<tr>\n<td width=\"189\">RbOH<\/td>\n<td width=\"264\">\u226599.0%<\/td>\n<\/tr>\n<tr>\n<td width=\"189\">Li<\/td>\n<td width=\"264\">\u22640.1%<\/td>\n<\/tr>\n<tr>\n<td width=\"189\">K<\/td>\n<td width=\"264\">\u22640.05%<\/td>\n<\/tr>\n<tr>\n<td width=\"189\">Na<\/td>\n<td width=\"264\">\u22640.03%<\/td>\n<\/tr>\n<tr>\n<td width=\"189\">Ca<\/td>\n<td width=\"264\">\u22640.005%<\/td>\n<\/tr>\n<tr>\n<td width=\"189\">Mg<\/td>\n<td width=\"264\">\u22640.001%<\/td>\n<\/tr>\n<tr>\n<td width=\"189\">Fe<\/td>\n<td width=\"264\">\u22640.001%<\/td>\n<\/tr>\n<tr>\n<td width=\"189\">Al<\/td>\n<td width=\"264\">\u22640.005%<\/td>\n<\/tr>\n<tr>\n<td width=\"189\">Si<\/td>\n<td width=\"264\">\u22640.001%<\/td>\n<\/tr>\n<tr>\n<td width=\"189\">Cs<\/td>\n<td width=\"264\">\u22640.5%<\/td>\n<\/tr>\n<tr>\n<td width=\"189\">Pb<\/td>\n<td width=\"264\">\u22640.001%<\/td>\n<\/tr>\n<\/tbody>\n<\/table>\n<p><strong><b>\u00a0<\/b><\/strong><\/p>\n<p><strong>Application : <\/strong><\/p>\n<p>Mati\u00e8res premi\u00e8res pour la production de rubidium m\u00e9tal et de divers sels de rubidium, la production de verre sp\u00e9cial, de batteries miniatures \u00e0 haute \u00e9nergie et de compteurs \u00e0 scintillation \u00e0 cristaux.<\/p>\n<p>&nbsp;<\/p>\n<p><strong><b>P<\/b><\/strong><strong><b>ackag<\/b><\/strong><strong><b>e<\/b><\/strong><strong><b>:<\/b><\/strong>25kgs\/tambour<\/p>\n<p><strong><b>\u00a0<\/b><\/strong><\/p>\n<p><strong><b>Stockage : <\/b><\/strong><\/p>\n<p>Prot\u00e9g\u00e9 de l'humidit\u00e9 et de la pluie.<\/p>\n<p>\u00c9viter que l'emballage ne se brise pendant le transport.<\/p>\n<p>Stocker dans un entrep\u00f4t sec et ventil\u00e9.<\/p>\n<h2><strong><b>Contactez-nous d\u00e8s maintenant !<\/b><\/strong><\/h2>\n<h4><strong><b>Si vous avez besoin de Price, veuillez indiquer vos coordonn\u00e9es dans le formulaire ci-dessous. Nous vous contacterons g\u00e9n\u00e9ralement dans les 24 heures. Vous pouvez \u00e9galement m'envoyer un courriel\u00a0<span style=\"color: #00ccff;\"><a style=\"color: #00ccff;\" href=\"mailto:info@longchangchemical.com\">info@longchangchemical.com<\/a>\u00a0<\/span>pendant les heures de travail ( 8:30 am to 6:00 pm UTC+8 Mon.~Sat. ) ou utilisez le chat en direct du site web pour obtenir une r\u00e9ponse rapide.<\/b><\/strong><\/h4>","protected":false},"excerpt":{"rendered":"<p><strong>Nom chimique :<\/strong>\u00a0Hydroxyde de rubidium<\/p>\n<p><strong>No CAS :<\/strong>\u00a01310-82-3<\/p>\n<p><strong>MF<\/strong>: RbOH\u00a0\u00a0 <strong>MW<\/strong><strong>: <\/strong>102.48<\/p>\n<p><strong>Structure mol\u00e9culaire\uff1a<img decoding=\"async\" class=\"alignnone size-full wp-image-6605\" src=\"https:\/\/longchangchemical.com\/wp-content\/uploads\/2024\/02\/Rubidium-hydroxide.png\" alt=\"\" width=\"67\" height=\"18\" \/><\/strong><\/p>","protected":false},"featured_media":0,"comment_status":"open","ping_status":"closed","template":"","meta":[],"product_brand":[],"product_cat":[15],"product_tag":[],"class_list":{"0":"post-6604","1":"product","2":"type-product","3":"status-publish","5":"product_cat-food-additives","7":"first","8":"instock","9":"shipping-taxable","10":"product-type-simple"},"yoast_head":"<!-- This site is optimized with the Yoast SEO plugin v25.3.1 - https:\/\/yoast.com\/wordpress\/plugins\/seo\/ -->\n<title>China Rubidium hydroxide Manufacturer - CAS 1310-82-3 supplier - Longchang Chemical<\/title>\n<meta name=\"description\" content=\"Rubidium hydroxide is used as a raw material for the production of rubidium metal and various rubidium salts, in the production of special glass, in miniature high-energy batteries and in crystal scintillation counters.\" \/>\n<meta name=\"robots\" content=\"index, follow, max-snippet:-1, max-image-preview:large, max-video-preview:-1\" \/>\n<link rel=\"canonical\" href=\"https:\/\/longchangchemical.com\/fr\/product\/rubidium-hydroxide-cas-1310-82-3\/\" \/>\n<meta property=\"og:locale\" content=\"fr_FR\" \/>\n<meta property=\"og:type\" content=\"article\" \/>\n<meta property=\"og:title\" content=\"China Rubidium hydroxide Manufacturer - CAS 1310-82-3 supplier - Longchang Chemical\" \/>\n<meta property=\"og:description\" content=\"Rubidium hydroxide is used as a raw material for the production of rubidium metal and various rubidium salts, in the production of special glass, in miniature high-energy batteries and in crystal scintillation counters.\" \/>\n<meta property=\"og:url\" content=\"https:\/\/longchangchemical.com\/fr\/product\/rubidium-hydroxide-cas-1310-82-3\/\" \/>\n<meta property=\"og:site_name\" content=\"Longchang Chemical\" \/>\n<meta property=\"article:modified_time\" content=\"2026-05-08T03:00:02+00:00\" \/>\n<meta property=\"og:image\" content=\"https:\/\/longchangchemical.com\/wp-content\/uploads\/2024\/02\/logo-jpeg.jpg\" \/>\n\t<meta property=\"og:image:width\" content=\"1000\" \/>\n\t<meta property=\"og:image:height\" content=\"1000\" \/>\n\t<meta property=\"og:image:type\" content=\"image\/jpeg\" \/>\n<meta name=\"twitter:card\" content=\"summary_large_image\" \/>\n<script type=\"application\/ld+json\" class=\"yoast-schema-graph\">{\"@context\":\"https:\/\/schema.org\",\"@graph\":[{\"@type\":\"WebPage\",\"@id\":\"https:\/\/longchangchemical.com\/product\/rubidium-hydroxide-cas-1310-82-3\/\",\"url\":\"https:\/\/longchangchemical.com\/product\/rubidium-hydroxide-cas-1310-82-3\/\",\"name\":\"China Rubidium hydroxide Manufacturer - CAS 1310-82-3 supplier - Longchang Chemical\",\"isPartOf\":{\"@id\":\"https:\/\/longchangchemical.com\/#website\"},\"datePublished\":\"2024-02-05T09:15:42+00:00\",\"dateModified\":\"2026-05-08T03:00:02+00:00\",\"description\":\"Rubidium hydroxide is used as a raw material for the production of rubidium metal and various rubidium salts, in the production of special glass, in miniature high-energy batteries and in crystal scintillation counters.\",\"breadcrumb\":{\"@id\":\"https:\/\/longchangchemical.com\/product\/rubidium-hydroxide-cas-1310-82-3\/#breadcrumb\"},\"inLanguage\":\"fr-FR\",\"potentialAction\":[{\"@type\":\"ReadAction\",\"target\":[\"https:\/\/longchangchemical.com\/product\/rubidium-hydroxide-cas-1310-82-3\/\"]}]},{\"@type\":\"BreadcrumbList\",\"@id\":\"https:\/\/longchangchemical.com\/product\/rubidium-hydroxide-cas-1310-82-3\/#breadcrumb\",\"itemListElement\":[{\"@type\":\"ListItem\",\"position\":1,\"name\":\"Home\",\"item\":\"https:\/\/longchangchemical.com\/\"},{\"@type\":\"ListItem\",\"position\":2,\"name\":\"Products Longchang\",\"item\":\"https:\/\/longchangchemical.com\/product\/\"},{\"@type\":\"ListItem\",\"position\":3,\"name\":\"Rubidium hydroxide CAS 1310-82-3\"}]},{\"@type\":\"WebSite\",\"@id\":\"https:\/\/longchangchemical.com\/#website\",\"url\":\"https:\/\/longchangchemical.com\/\",\"name\":\"Longchang Chemical\",\"description\":\"China chemical manufacturer \uff06 supplier\",\"publisher\":{\"@id\":\"https:\/\/longchangchemical.com\/#organization\"},\"potentialAction\":[{\"@type\":\"SearchAction\",\"target\":{\"@type\":\"EntryPoint\",\"urlTemplate\":\"https:\/\/longchangchemical.com\/?s={search_term_string}\"},\"query-input\":{\"@type\":\"PropertyValueSpecification\",\"valueRequired\":true,\"valueName\":\"search_term_string\"}}],\"inLanguage\":\"fr-FR\"},{\"@type\":\"Organization\",\"@id\":\"https:\/\/longchangchemical.com\/#organization\",\"name\":\"Longchang Chemical\",\"url\":\"https:\/\/longchangchemical.com\/\",\"logo\":{\"@type\":\"ImageObject\",\"inLanguage\":\"fr-FR\",\"@id\":\"https:\/\/longchangchemical.com\/#\/schema\/logo\/image\/\",\"url\":\"https:\/\/longchangchemical.com\/wp-content\/uploads\/2020\/08\/cropped-longchang-logo.png\",\"contentUrl\":\"https:\/\/longchangchemical.com\/wp-content\/uploads\/2020\/08\/cropped-longchang-logo.png\",\"width\":512,\"height\":512,\"caption\":\"Longchang Chemical\"},\"image\":{\"@id\":\"https:\/\/longchangchemical.com\/#\/schema\/logo\/image\/\"}}]}<\/script>\n<!-- \/ Yoast SEO plugin. -->","yoast_head_json":{"title":"Fabricant chinois d'hydroxyde de rubidium - CAS 1310-82-3 fournisseur - Longchang Chemical","description":"L'hydroxyde de rubidium est utilis\u00e9 comme mati\u00e8re premi\u00e8re pour la production de rubidium m\u00e9tal et de divers sels de rubidium, dans la production de verre sp\u00e9cial, dans les piles miniatures \u00e0 haute \u00e9nergie et dans les compteurs \u00e0 scintillation \u00e0 cristaux.","robots":{"index":"index","follow":"follow","max-snippet":"max-snippet:-1","max-image-preview":"max-image-preview:large","max-video-preview":"max-video-preview:-1"},"canonical":"https:\/\/longchangchemical.com\/fr\/product\/rubidium-hydroxide-cas-1310-82-3\/","og_locale":"fr_FR","og_type":"article","og_title":"China Rubidium hydroxide Manufacturer - CAS 1310-82-3 supplier - Longchang Chemical","og_description":"Rubidium hydroxide is used as a raw material for the production of rubidium metal and various rubidium salts, in the production of special glass, in miniature high-energy batteries and in crystal scintillation counters.","og_url":"https:\/\/longchangchemical.com\/fr\/product\/rubidium-hydroxide-cas-1310-82-3\/","og_site_name":"Longchang Chemical","article_modified_time":"2026-05-08T03:00:02+00:00","og_image":[{"width":1000,"height":1000,"url":"https:\/\/longchangchemical.com\/wp-content\/uploads\/2024\/02\/logo-jpeg.jpg","type":"image\/jpeg"}],"twitter_card":"summary_large_image","schema":{"@context":"https:\/\/schema.org","@graph":[{"@type":"WebPage","@id":"https:\/\/longchangchemical.com\/product\/rubidium-hydroxide-cas-1310-82-3\/","url":"https:\/\/longchangchemical.com\/product\/rubidium-hydroxide-cas-1310-82-3\/","name":"Fabricant chinois d'hydroxyde de rubidium - CAS 1310-82-3 fournisseur - Longchang Chemical","isPartOf":{"@id":"https:\/\/longchangchemical.com\/#website"},"datePublished":"2024-02-05T09:15:42+00:00","dateModified":"2026-05-08T03:00:02+00:00","description":"L'hydroxyde de rubidium est utilis\u00e9 comme mati\u00e8re premi\u00e8re pour la production de rubidium m\u00e9tal et de divers sels de rubidium, dans la production de verre sp\u00e9cial, dans les piles miniatures \u00e0 haute \u00e9nergie et dans les compteurs \u00e0 scintillation \u00e0 cristaux.","breadcrumb":{"@id":"https:\/\/longchangchemical.com\/product\/rubidium-hydroxide-cas-1310-82-3\/#breadcrumb"},"inLanguage":"fr-FR","potentialAction":[{"@type":"ReadAction","target":["https:\/\/longchangchemical.com\/product\/rubidium-hydroxide-cas-1310-82-3\/"]}]},{"@type":"BreadcrumbList","@id":"https:\/\/longchangchemical.com\/product\/rubidium-hydroxide-cas-1310-82-3\/#breadcrumb","itemListElement":[{"@type":"ListItem","position":1,"name":"Home","item":"https:\/\/longchangchemical.com\/"},{"@type":"ListItem","position":2,"name":"Products Longchang","item":"https:\/\/longchangchemical.com\/product\/"},{"@type":"ListItem","position":3,"name":"Rubidium hydroxide CAS 1310-82-3"}]},{"@type":"WebSite","@id":"https:\/\/longchangchemical.com\/#website","url":"https:\/\/longchangchemical.com\/","name":"Longchang Chemical","description":"Fabricant chinois de produits chimiques \uff06 fournisseur","publisher":{"@id":"https:\/\/longchangchemical.com\/#organization"},"potentialAction":[{"@type":"SearchAction","target":{"@type":"EntryPoint","urlTemplate":"https:\/\/longchangchemical.com\/?s={search_term_string}"},"query-input":{"@type":"PropertyValueSpecification","valueRequired":true,"valueName":"search_term_string"}}],"inLanguage":"fr-FR"},{"@type":"Organization","@id":"https:\/\/longchangchemical.com\/#organization","name":"Longchang Chemical","url":"https:\/\/longchangchemical.com\/","logo":{"@type":"ImageObject","inLanguage":"fr-FR","@id":"https:\/\/longchangchemical.com\/#\/schema\/logo\/image\/","url":"https:\/\/longchangchemical.com\/wp-content\/uploads\/2020\/08\/cropped-longchang-logo.png","contentUrl":"https:\/\/longchangchemical.com\/wp-content\/uploads\/2020\/08\/cropped-longchang-logo.png","width":512,"height":512,"caption":"Longchang Chemical"},"image":{"@id":"https:\/\/longchangchemical.com\/#\/schema\/logo\/image\/"}}]}},"_links":{"self":[{"href":"https:\/\/longchangchemical.com\/fr\/wp-json\/wp\/v2\/product\/6604","targetHints":{"allow":["GET"]}}],"collection":[{"href":"https:\/\/longchangchemical.com\/fr\/wp-json\/wp\/v2\/product"}],"about":[{"href":"https:\/\/longchangchemical.com\/fr\/wp-json\/wp\/v2\/types\/product"}],"replies":[{"embeddable":true,"href":"https:\/\/longchangchemical.com\/fr\/wp-json\/wp\/v2\/comments?post=6604"}],"wp:attachment":[{"href":"https:\/\/longchangchemical.com\/fr\/wp-json\/wp\/v2\/media?parent=6604"}],"wp:term":[{"taxonomy":"product_brand","embeddable":true,"href":"https:\/\/longchangchemical.com\/fr\/wp-json\/wp\/v2\/product_brand?post=6604"},{"taxonomy":"product_cat","embeddable":true,"href":"https:\/\/longchangchemical.com\/fr\/wp-json\/wp\/v2\/product_cat?post=6604"},{"taxonomy":"product_tag","embeddable":true,"href":"https:\/\/longchangchemical.com\/fr\/wp-json\/wp\/v2\/product_tag?post=6604"}],"curies":[{"name":"wp","href":"https:\/\/api.w.org\/{rel}","templated":true}]}}