{"id":6600,"date":"2024-02-05T09:06:27","date_gmt":"2024-02-05T09:06:27","guid":{"rendered":"https:\/\/longchangchemical.com\/?post_type=product&#038;p=6600"},"modified":"2025-12-17T02:45:46","modified_gmt":"2025-12-17T02:45:46","slug":"dps-cas-18880-36-9","status":"publish","type":"product","link":"https:\/\/longchangchemical.com\/fr\/product\/dps-cas-18880-36-9\/","title":{"rendered":"Sel de sodium de l'acide N,N-dim\u00e9thyl-dithiocarbamyl propyl sulfonique \/ DPS CAS 18880-36-9"},"content":{"rendered":"<h1><strong>Sel de sodium de l'acide N,N-dim\u00e9thyl-dithiocarbamyl propyl sulfonique \/ DPS CAS 18880-36-9<\/strong><\/h1>\n<p>Le DPS est utilis\u00e9 comme agent de blanchiment pour le cuivrage en combinaison avec des surfactants tels que le poly\u00e9ther et des agents mouillants, ou avec d'autres agents de blanchiment contenant du soufre, afin d'obtenir des rev\u00eatements brillants et ductiles. Il peut \u00e9galement \u00eatre utilis\u00e9 pour le placage chimique de m\u00e9taux pr\u00e9cieux et comme stabilisateur de galvanoplastie. La fonction principale est de produire de la lumi\u00e8re rapidement et la stabilit\u00e9 de la solution de placage est bonne.<\/p>\n<p>&nbsp;<\/p>\n<p><strong><b>Standard<\/b><\/strong><\/p>\n<table>\n<tbody>\n<tr>\n<td width=\"229\">Objet<\/td>\n<td width=\"224\">Sp\u00e9cifications<\/td>\n<\/tr>\n<tr>\n<td width=\"229\">Apparence<\/td>\n<td width=\"224\">Puissance du blanc au jaune clair<\/td>\n<\/tr>\n<tr>\n<td width=\"229\">Solubilit\u00e9 (solution aqueuse de 5%) :<\/td>\n<td width=\"224\">Transparent et clair<\/td>\n<\/tr>\n<tr>\n<td width=\"229\">Puret\u00e9 (HPLC)<\/td>\n<td width=\"224\">\u226599.0%<\/td>\n<\/tr>\n<tr>\n<td width=\"229\">Humidit\u00e9<\/td>\n<td width=\"224\">\uff1c1.0%<\/td>\n<\/tr>\n<\/tbody>\n<\/table>\n<p><strong><b>\u00a0<\/b><\/strong><\/p>\n<p><strong>Application : <\/strong><\/p>\n<p>Le DPS est utilis\u00e9 comme agent de blanchiment pour le placage du cuivre et comme interm\u00e9diaire pour les additifs de galvanoplastie.<\/p>\n<p>&nbsp;<\/p>\n<p><strong><b>P<\/b><\/strong><strong><b>ackag<\/b><\/strong><strong><b>e<\/b><\/strong><strong><b>:<\/b><\/strong>25kgs\/tambour ; 50kgs\/tambour<\/p>\n<p><strong><b>\u00a0<\/b><\/strong><\/p>\n<p><strong><b>Stockage : <\/b><\/strong><\/p>\n<p>Prot\u00e9g\u00e9 de l'humidit\u00e9 et de la pluie.<\/p>\n<p>\u00c9viter que l'emballage ne se brise pendant le transport.<\/p>\n<p>Stocker dans un entrep\u00f4t sec et ventil\u00e9.<\/p>\n<h2><strong><b>Contactez-nous d\u00e8s maintenant !<\/b><\/strong><\/h2>\n<h4><strong><b>Si vous avez besoin de Price, veuillez indiquer vos coordonn\u00e9es dans le formulaire ci-dessous. Nous vous contacterons g\u00e9n\u00e9ralement dans les 24 heures. Vous pouvez \u00e9galement m'envoyer un courriel\u00a0<span style=\"color: #00ccff;\"><a style=\"color: #00ccff;\" href=\"mailto:info@longchangchemical.com\">info@longchangchemical.com<\/a>\u00a0<\/span>pendant les heures de travail ( 8:30 am to 6:00 pm UTC+8 Mon.~Sat. ) ou utilisez le chat en direct du site web pour obtenir une r\u00e9ponse rapide.<\/b><\/strong><\/h4>","protected":false},"excerpt":{"rendered":"<p><strong>Nom chimique :<\/strong>\u00a0Sel de sodium de l'acide N,N-dim\u00e9thyl-dithiocarbamyl propyl sulfonique<\/p>\n<p><strong>Synonyme : <\/strong>3-[[(dim\u00e9thylamino)thioxom\u00e9thyl]thio]propanesulfonate de sodium ; DPS<\/p>\n<p><strong>No CAS :<\/strong>\u00a018880-36-9<\/p>\n<p><strong>MF<\/strong>: C6H12NNaO3S3\u00a0 <strong>MW<\/strong><strong>: <\/strong>265.4<\/p>\n<p><strong>Structure mol\u00e9culaire\uff1a<img decoding=\"async\" class=\"alignnone size-full wp-image-6601\" src=\"https:\/\/longchangchemical.com\/wp-content\/uploads\/2024\/02\/DPS.png\" alt=\"\" width=\"299\" height=\"148\" \/><\/strong><\/p>\n<p><strong><b>\u00a0<\/b><\/strong><\/p>","protected":false},"featured_media":6717,"comment_status":"open","ping_status":"closed","template":"","meta":[],"product_brand":[],"product_cat":[135],"product_tag":[],"class_list":{"0":"post-6600","1":"product","2":"type-product","3":"status-publish","4":"has-post-thumbnail","6":"product_cat-santicor-corrosion-inhibitor","8":"first","9":"instock","10":"shipping-taxable","11":"product-type-simple"},"yoast_head":"<!-- This site is optimized with the Yoast SEO plugin v25.3.1 - https:\/\/yoast.com\/wordpress\/plugins\/seo\/ -->\n<title>China N,N-Dimethyl-dithiocarbamyl propyl sulfonic acid sodium salt \/ DPS CAS 18880-36-9 Manufacturer - Longchang Chemical<\/title>\n<meta name=\"description\" content=\"N,N-Dimethyl-dithiocarbamyl propyl sulfonic acid sodium salt \/ DPS CAS 18880-36-9 is a key product of Longchang Chemical. We provide the best price. We are the leading manufacturer in China with the best quality and competitive price.\" \/>\n<meta name=\"robots\" content=\"index, follow, max-snippet:-1, max-image-preview:large, max-video-preview:-1\" \/>\n<link rel=\"canonical\" href=\"https:\/\/longchangchemical.com\/fr\/product\/dps-cas-18880-36-9\/\" \/>\n<meta property=\"og:locale\" content=\"fr_FR\" \/>\n<meta property=\"og:type\" content=\"article\" \/>\n<meta property=\"og:title\" content=\"China N,N-Dimethyl-dithiocarbamyl propyl sulfonic acid sodium salt \/ DPS CAS 18880-36-9 Manufacturer - Longchang Chemical\" \/>\n<meta property=\"og:description\" content=\"N,N-Dimethyl-dithiocarbamyl propyl sulfonic acid sodium salt \/ DPS CAS 18880-36-9 is a key product of Longchang Chemical. We provide the best price. We are the leading manufacturer in China with the best quality and competitive price.\" \/>\n<meta property=\"og:url\" content=\"https:\/\/longchangchemical.com\/fr\/product\/dps-cas-18880-36-9\/\" \/>\n<meta property=\"og:site_name\" content=\"Longchang Chemical\" \/>\n<meta property=\"article:modified_time\" content=\"2025-12-17T02:45:46+00:00\" \/>\n<meta property=\"og:image\" content=\"https:\/\/longchangchemical.com\/wp-content\/uploads\/2024\/02\/DPS.jpg\" \/>\n\t<meta property=\"og:image:width\" content=\"800\" \/>\n\t<meta property=\"og:image:height\" content=\"800\" \/>\n\t<meta property=\"og:image:type\" content=\"image\/jpeg\" \/>\n<meta name=\"twitter:card\" content=\"summary_large_image\" \/>\n<script type=\"application\/ld+json\" class=\"yoast-schema-graph\">{\"@context\":\"https:\/\/schema.org\",\"@graph\":[{\"@type\":\"WebPage\",\"@id\":\"https:\/\/longchangchemical.com\/product\/dps-cas-18880-36-9\/\",\"url\":\"https:\/\/longchangchemical.com\/product\/dps-cas-18880-36-9\/\",\"name\":\"China N,N-Dimethyl-dithiocarbamyl propyl sulfonic acid sodium salt \/ DPS CAS 18880-36-9 Manufacturer - Longchang Chemical\",\"isPartOf\":{\"@id\":\"https:\/\/longchangchemical.com\/#website\"},\"primaryImageOfPage\":{\"@id\":\"https:\/\/longchangchemical.com\/product\/dps-cas-18880-36-9\/#primaryimage\"},\"image\":{\"@id\":\"https:\/\/longchangchemical.com\/product\/dps-cas-18880-36-9\/#primaryimage\"},\"thumbnailUrl\":\"https:\/\/longchangchemical.com\/wp-content\/uploads\/2024\/02\/DPS.jpg\",\"datePublished\":\"2024-02-05T09:06:27+00:00\",\"dateModified\":\"2025-12-17T02:45:46+00:00\",\"description\":\"N,N-Dimethyl-dithiocarbamyl propyl sulfonic acid sodium salt \/ DPS CAS 18880-36-9 is a key product of Longchang Chemical. We provide the best price. We are the leading manufacturer in China with the best quality and competitive price.\",\"breadcrumb\":{\"@id\":\"https:\/\/longchangchemical.com\/product\/dps-cas-18880-36-9\/#breadcrumb\"},\"inLanguage\":\"fr-FR\",\"potentialAction\":[{\"@type\":\"ReadAction\",\"target\":[\"https:\/\/longchangchemical.com\/product\/dps-cas-18880-36-9\/\"]}]},{\"@type\":\"ImageObject\",\"inLanguage\":\"fr-FR\",\"@id\":\"https:\/\/longchangchemical.com\/product\/dps-cas-18880-36-9\/#primaryimage\",\"url\":\"https:\/\/longchangchemical.com\/wp-content\/uploads\/2024\/02\/DPS.jpg\",\"contentUrl\":\"https:\/\/longchangchemical.com\/wp-content\/uploads\/2024\/02\/DPS.jpg\",\"width\":800,\"height\":800},{\"@type\":\"BreadcrumbList\",\"@id\":\"https:\/\/longchangchemical.com\/product\/dps-cas-18880-36-9\/#breadcrumb\",\"itemListElement\":[{\"@type\":\"ListItem\",\"position\":1,\"name\":\"Home\",\"item\":\"https:\/\/longchangchemical.com\/\"},{\"@type\":\"ListItem\",\"position\":2,\"name\":\"Products Longchang\",\"item\":\"https:\/\/longchangchemical.com\/product\/\"},{\"@type\":\"ListItem\",\"position\":3,\"name\":\"N,N-Dimethyl-dithiocarbamyl propyl sulfonic acid sodium salt \/ DPS CAS 18880-36-9\"}]},{\"@type\":\"WebSite\",\"@id\":\"https:\/\/longchangchemical.com\/#website\",\"url\":\"https:\/\/longchangchemical.com\/\",\"name\":\"Longchang Chemical\",\"description\":\"China chemical manufacturer \uff06 supplier\",\"publisher\":{\"@id\":\"https:\/\/longchangchemical.com\/#organization\"},\"potentialAction\":[{\"@type\":\"SearchAction\",\"target\":{\"@type\":\"EntryPoint\",\"urlTemplate\":\"https:\/\/longchangchemical.com\/?s={search_term_string}\"},\"query-input\":{\"@type\":\"PropertyValueSpecification\",\"valueRequired\":true,\"valueName\":\"search_term_string\"}}],\"inLanguage\":\"fr-FR\"},{\"@type\":\"Organization\",\"@id\":\"https:\/\/longchangchemical.com\/#organization\",\"name\":\"Longchang Chemical\",\"url\":\"https:\/\/longchangchemical.com\/\",\"logo\":{\"@type\":\"ImageObject\",\"inLanguage\":\"fr-FR\",\"@id\":\"https:\/\/longchangchemical.com\/#\/schema\/logo\/image\/\",\"url\":\"https:\/\/longchangchemical.com\/wp-content\/uploads\/2020\/08\/cropped-longchang-logo.png\",\"contentUrl\":\"https:\/\/longchangchemical.com\/wp-content\/uploads\/2020\/08\/cropped-longchang-logo.png\",\"width\":512,\"height\":512,\"caption\":\"Longchang Chemical\"},\"image\":{\"@id\":\"https:\/\/longchangchemical.com\/#\/schema\/logo\/image\/\"}}]}<\/script>\n<!-- \/ Yoast SEO plugin. -->","yoast_head_json":{"title":"Sel de sodium de l'acide N,N-dim\u00e9thyl-dithiocarbamyl propyl sulfonique \/ DPS CAS 18880-36-9 Fabricant chinois - Longchang Chemical","description":"Le sel de sodium de l'acide N,N-dim\u00e9thyl-dithiocarbamyl propyl sulfonique \/ DPS CAS 18880-36-9 est un produit cl\u00e9 de Longchang Chemical. Nous fournissons le meilleur prix. Nous sommes le principal fabricant en Chine avec la meilleure qualit\u00e9 et un prix comp\u00e9titif.","robots":{"index":"index","follow":"follow","max-snippet":"max-snippet:-1","max-image-preview":"max-image-preview:large","max-video-preview":"max-video-preview:-1"},"canonical":"https:\/\/longchangchemical.com\/fr\/product\/dps-cas-18880-36-9\/","og_locale":"fr_FR","og_type":"article","og_title":"China N,N-Dimethyl-dithiocarbamyl propyl sulfonic acid sodium salt \/ DPS CAS 18880-36-9 Manufacturer - Longchang Chemical","og_description":"N,N-Dimethyl-dithiocarbamyl propyl sulfonic acid sodium salt \/ DPS CAS 18880-36-9 is a key product of Longchang Chemical. We provide the best price. We are the leading manufacturer in China with the best quality and competitive price.","og_url":"https:\/\/longchangchemical.com\/fr\/product\/dps-cas-18880-36-9\/","og_site_name":"Longchang Chemical","article_modified_time":"2025-12-17T02:45:46+00:00","og_image":[{"width":800,"height":800,"url":"https:\/\/longchangchemical.com\/wp-content\/uploads\/2024\/02\/DPS.jpg","type":"image\/jpeg"}],"twitter_card":"summary_large_image","schema":{"@context":"https:\/\/schema.org","@graph":[{"@type":"WebPage","@id":"https:\/\/longchangchemical.com\/product\/dps-cas-18880-36-9\/","url":"https:\/\/longchangchemical.com\/product\/dps-cas-18880-36-9\/","name":"Sel de sodium de l'acide N,N-dim\u00e9thyl-dithiocarbamyl propyl sulfonique \/ DPS CAS 18880-36-9 Fabricant chinois - Longchang Chemical","isPartOf":{"@id":"https:\/\/longchangchemical.com\/#website"},"primaryImageOfPage":{"@id":"https:\/\/longchangchemical.com\/product\/dps-cas-18880-36-9\/#primaryimage"},"image":{"@id":"https:\/\/longchangchemical.com\/product\/dps-cas-18880-36-9\/#primaryimage"},"thumbnailUrl":"https:\/\/longchangchemical.com\/wp-content\/uploads\/2024\/02\/DPS.jpg","datePublished":"2024-02-05T09:06:27+00:00","dateModified":"2025-12-17T02:45:46+00:00","description":"Le sel de sodium de l'acide N,N-dim\u00e9thyl-dithiocarbamyl propyl sulfonique \/ DPS CAS 18880-36-9 est un produit cl\u00e9 de Longchang Chemical. Nous fournissons le meilleur prix. Nous sommes le principal fabricant en Chine avec la meilleure qualit\u00e9 et un prix comp\u00e9titif.","breadcrumb":{"@id":"https:\/\/longchangchemical.com\/product\/dps-cas-18880-36-9\/#breadcrumb"},"inLanguage":"fr-FR","potentialAction":[{"@type":"ReadAction","target":["https:\/\/longchangchemical.com\/product\/dps-cas-18880-36-9\/"]}]},{"@type":"ImageObject","inLanguage":"fr-FR","@id":"https:\/\/longchangchemical.com\/product\/dps-cas-18880-36-9\/#primaryimage","url":"https:\/\/longchangchemical.com\/wp-content\/uploads\/2024\/02\/DPS.jpg","contentUrl":"https:\/\/longchangchemical.com\/wp-content\/uploads\/2024\/02\/DPS.jpg","width":800,"height":800},{"@type":"BreadcrumbList","@id":"https:\/\/longchangchemical.com\/product\/dps-cas-18880-36-9\/#breadcrumb","itemListElement":[{"@type":"ListItem","position":1,"name":"Home","item":"https:\/\/longchangchemical.com\/"},{"@type":"ListItem","position":2,"name":"Products Longchang","item":"https:\/\/longchangchemical.com\/product\/"},{"@type":"ListItem","position":3,"name":"N,N-Dimethyl-dithiocarbamyl propyl sulfonic acid sodium salt \/ DPS CAS 18880-36-9"}]},{"@type":"WebSite","@id":"https:\/\/longchangchemical.com\/#website","url":"https:\/\/longchangchemical.com\/","name":"Longchang Chemical","description":"Fabricant chinois de produits chimiques \uff06 fournisseur","publisher":{"@id":"https:\/\/longchangchemical.com\/#organization"},"potentialAction":[{"@type":"SearchAction","target":{"@type":"EntryPoint","urlTemplate":"https:\/\/longchangchemical.com\/?s={search_term_string}"},"query-input":{"@type":"PropertyValueSpecification","valueRequired":true,"valueName":"search_term_string"}}],"inLanguage":"fr-FR"},{"@type":"Organization","@id":"https:\/\/longchangchemical.com\/#organization","name":"Longchang Chemical","url":"https:\/\/longchangchemical.com\/","logo":{"@type":"ImageObject","inLanguage":"fr-FR","@id":"https:\/\/longchangchemical.com\/#\/schema\/logo\/image\/","url":"https:\/\/longchangchemical.com\/wp-content\/uploads\/2020\/08\/cropped-longchang-logo.png","contentUrl":"https:\/\/longchangchemical.com\/wp-content\/uploads\/2020\/08\/cropped-longchang-logo.png","width":512,"height":512,"caption":"Longchang Chemical"},"image":{"@id":"https:\/\/longchangchemical.com\/#\/schema\/logo\/image\/"}}]}},"_links":{"self":[{"href":"https:\/\/longchangchemical.com\/fr\/wp-json\/wp\/v2\/product\/6600","targetHints":{"allow":["GET"]}}],"collection":[{"href":"https:\/\/longchangchemical.com\/fr\/wp-json\/wp\/v2\/product"}],"about":[{"href":"https:\/\/longchangchemical.com\/fr\/wp-json\/wp\/v2\/types\/product"}],"replies":[{"embeddable":true,"href":"https:\/\/longchangchemical.com\/fr\/wp-json\/wp\/v2\/comments?post=6600"}],"wp:featuredmedia":[{"embeddable":true,"href":"https:\/\/longchangchemical.com\/fr\/wp-json\/wp\/v2\/media\/6717"}],"wp:attachment":[{"href":"https:\/\/longchangchemical.com\/fr\/wp-json\/wp\/v2\/media?parent=6600"}],"wp:term":[{"taxonomy":"product_brand","embeddable":true,"href":"https:\/\/longchangchemical.com\/fr\/wp-json\/wp\/v2\/product_brand?post=6600"},{"taxonomy":"product_cat","embeddable":true,"href":"https:\/\/longchangchemical.com\/fr\/wp-json\/wp\/v2\/product_cat?post=6600"},{"taxonomy":"product_tag","embeddable":true,"href":"https:\/\/longchangchemical.com\/fr\/wp-json\/wp\/v2\/product_tag?post=6600"}],"curies":[{"name":"wp","href":"https:\/\/api.w.org\/{rel}","templated":true}]}}