{"id":6583,"date":"2024-02-05T06:36:35","date_gmt":"2024-02-05T06:36:35","guid":{"rendered":"https:\/\/longchangchemical.com\/?post_type=product&#038;p=6583"},"modified":"2026-05-08T03:00:01","modified_gmt":"2026-05-08T03:00:01","slug":"pef-cas-28728-19-0","status":"publish","type":"product","link":"https:\/\/longchangchemical.com\/fr\/product\/pef-cas-28728-19-0\/","title":{"rendered":"Poly\u00e9thyl\u00e8ne 2,5-furandicarboxylate \/ PEF CAS 28728-19-0"},"content":{"rendered":"<h2><strong>Poly\u00e9thyl\u00e8ne 2,5-furandicarboxylate \/ PEF CAS 28728-19-0<\/strong><\/h2>\n<p>Le poly\u00e9thyl\u00e8ne glycol 2,5- furandicarboxylate (PEF) est un polym\u00e8re biosourc\u00e9 100 % recyclable, produit \u00e0 partir de mati\u00e8res premi\u00e8res renouvelables d\u00e9riv\u00e9es de sources v\u00e9g\u00e9tales. Le PEF a \u00e9t\u00e9 d\u00e9crit comme un polyester de nouvelle g\u00e9n\u00e9ration ayant un grand potentiel pour remplacer le poly\u00e9thyl\u00e8ne t\u00e9r\u00e9phtalate (PET), un polym\u00e8re durable d\u00e9riv\u00e9 de sources synth\u00e9tiques traditionnelles. Le PEF offre un certain nombre d'avantages par rapport au PET : non seulement il r\u00e9duit l'empreinte carbone globale du produit, mais il am\u00e9liore \u00e9galement la durabilit\u00e9 de l'emballage. De plus, gr\u00e2ce \u00e0 une meilleure barri\u00e8re contre l'oxyg\u00e8ne, le dioxyde de carbone et la vapeur d'eau que le PET, il peut \u00eatre consid\u00e9r\u00e9 comme une alternative int\u00e9ressante au PET pour les applications d'emballage telles que les bouteilles, les films et les barquettes alimentaires.<\/p>\n<p>&nbsp;<\/p>\n<p><strong><b>Standard<\/b><\/strong><\/p>\n<table>\n<tbody>\n<tr>\n<td width=\"189\">Objet<\/td>\n<td width=\"264\">Sp\u00e9cifications<\/td>\n<\/tr>\n<tr>\n<td width=\"189\">Point d'\u00e9bullition<\/td>\n<td width=\"264\">195-265 \u00b0C\uff08383-509 \u00b0F\uff1b468-538 K\uff09<\/td>\n<\/tr>\n<tr>\n<td width=\"189\">Densit\u00e9<\/td>\n<td width=\"264\">1,43g\/cm\u00b3<\/td>\n<\/tr>\n<\/tbody>\n<\/table>\n<p><strong><b>\u00a0<\/b><\/strong><\/p>\n<p><strong>Application : <\/strong><\/p>\n<p>Il est principalement utilis\u00e9 dans l'industrie de l'habillement et du textile et dans l'industrie de l'emballage.<\/p>\n<p><strong><b>P<\/b><\/strong><strong><b>ackag<\/b><\/strong><strong><b>e<\/b><\/strong><strong><b>:<\/b><\/strong>25kgs\/tambour<\/p>\n<p><strong><b>\u00a0<\/b><\/strong><\/p>\n<p><strong><b>Stockage : <\/b><\/strong><\/p>\n<p>Stock\u00e9 dans un endroit frais, sec et ventil\u00e9.<\/p>\n<h2><strong><b>Contactez-nous d\u00e8s maintenant !<\/b><\/strong><\/h2>\n<h4><strong><b>Si vous avez besoin de Price, veuillez indiquer vos coordonn\u00e9es dans le formulaire ci-dessous. Nous vous contacterons g\u00e9n\u00e9ralement dans les 24 heures. Vous pouvez \u00e9galement m'envoyer un courriel\u00a0<span style=\"color: #00ccff;\"><a style=\"color: #00ccff;\" href=\"mailto:info@longchangchemical.com\">info@longchangchemical.com<\/a>\u00a0<\/span>pendant les heures de travail ( 8:30 am to 6:00 pm UTC+8 Mon.~Sat. ) ou utilisez le chat en direct du site web pour obtenir une r\u00e9ponse rapide.<\/b><\/strong><\/h4>","protected":false},"excerpt":{"rendered":"<p><strong>Nom chimique :<\/strong>\u00a0Poly\u00e9thyl\u00e8ne 2,5-furandicarboxylate<\/p>\n<p><strong>Synonyme : <\/strong>PEF;Ester glycolique de l'acide 2,5-furanedio\u00efque<\/p>\n<p><strong>No CAS :<\/strong>\u00a028728-19-0<\/p>\n<p><strong>MF<\/strong>: (C8H6O5)n\u00a0 <strong>MW<\/strong><strong>: <\/strong>&#8211;<\/p>\n<p><strong>Structure mol\u00e9culaire\uff1a<\/strong><img decoding=\"async\" class=\"alignnone size-full wp-image-6584\" src=\"https:\/\/longchangchemical.com\/wp-content\/uploads\/2024\/02\/PEF.png\" alt=\"\" width=\"235\" height=\"198\" \/><\/p>","protected":false},"featured_media":0,"comment_status":"open","ping_status":"closed","template":"","meta":[],"product_brand":[],"product_cat":[69],"product_tag":[],"class_list":{"0":"post-6583","1":"product","2":"type-product","3":"status-publish","5":"product_cat-catalysts-chemical-auxiliary-agents","7":"first","8":"instock","9":"shipping-taxable","10":"product-type-simple"},"yoast_head":"<!-- This site is optimized with the Yoast SEO plugin v25.3.1 - https:\/\/yoast.com\/wordpress\/plugins\/seo\/ -->\n<title>China Polyethylene 2,5-furandicarboxylate Manufacturer \/ PEF CAS 28728-19-0 supplier - Longchang Chemical<\/title>\n<meta name=\"description\" content=\"Polyethylene 2,5-furandicarboxylate PEF CAS 28728-19-0 is used in industrial processing and formulation applications.\" \/>\n<meta name=\"robots\" content=\"index, follow, max-snippet:-1, max-image-preview:large, max-video-preview:-1\" \/>\n<link rel=\"canonical\" href=\"https:\/\/longchangchemical.com\/fr\/product\/pef-cas-28728-19-0\/\" \/>\n<meta property=\"og:locale\" content=\"fr_FR\" \/>\n<meta property=\"og:type\" content=\"article\" \/>\n<meta property=\"og:title\" content=\"China Polyethylene 2,5-furandicarboxylate Manufacturer \/ PEF CAS 28728-19-0 supplier - Longchang Chemical\" \/>\n<meta property=\"og:description\" content=\"Polyethylene 2,5-furandicarboxylate PEF CAS 28728-19-0 is used in industrial processing and formulation applications.\" \/>\n<meta property=\"og:url\" content=\"https:\/\/longchangchemical.com\/fr\/product\/pef-cas-28728-19-0\/\" \/>\n<meta property=\"og:site_name\" content=\"Longchang Chemical\" \/>\n<meta property=\"article:modified_time\" content=\"2026-05-08T03:00:01+00:00\" \/>\n<meta property=\"og:image\" content=\"https:\/\/longchangchemical.com\/wp-content\/uploads\/2024\/02\/logo-jpeg.jpg\" \/>\n\t<meta property=\"og:image:width\" content=\"1000\" \/>\n\t<meta property=\"og:image:height\" content=\"1000\" \/>\n\t<meta property=\"og:image:type\" content=\"image\/jpeg\" \/>\n<meta name=\"twitter:card\" content=\"summary_large_image\" \/>\n<script type=\"application\/ld+json\" class=\"yoast-schema-graph\">{\"@context\":\"https:\/\/schema.org\",\"@graph\":[{\"@type\":\"WebPage\",\"@id\":\"https:\/\/longchangchemical.com\/product\/pef-cas-28728-19-0\/\",\"url\":\"https:\/\/longchangchemical.com\/product\/pef-cas-28728-19-0\/\",\"name\":\"China Polyethylene 2,5-furandicarboxylate Manufacturer \/ PEF CAS 28728-19-0 supplier - Longchang Chemical\",\"isPartOf\":{\"@id\":\"https:\/\/longchangchemical.com\/#website\"},\"datePublished\":\"2024-02-05T06:36:35+00:00\",\"dateModified\":\"2026-05-08T03:00:01+00:00\",\"description\":\"Polyethylene 2,5-furandicarboxylate PEF CAS 28728-19-0 is used in industrial processing and formulation applications.\",\"breadcrumb\":{\"@id\":\"https:\/\/longchangchemical.com\/product\/pef-cas-28728-19-0\/#breadcrumb\"},\"inLanguage\":\"fr-FR\",\"potentialAction\":[{\"@type\":\"ReadAction\",\"target\":[\"https:\/\/longchangchemical.com\/product\/pef-cas-28728-19-0\/\"]}]},{\"@type\":\"BreadcrumbList\",\"@id\":\"https:\/\/longchangchemical.com\/product\/pef-cas-28728-19-0\/#breadcrumb\",\"itemListElement\":[{\"@type\":\"ListItem\",\"position\":1,\"name\":\"Home\",\"item\":\"https:\/\/longchangchemical.com\/\"},{\"@type\":\"ListItem\",\"position\":2,\"name\":\"Products Longchang\",\"item\":\"https:\/\/longchangchemical.com\/product\/\"},{\"@type\":\"ListItem\",\"position\":3,\"name\":\"Polyethylene 2,5-furandicarboxylate \/ PEF CAS 28728-19-0\"}]},{\"@type\":\"WebSite\",\"@id\":\"https:\/\/longchangchemical.com\/#website\",\"url\":\"https:\/\/longchangchemical.com\/\",\"name\":\"Longchang Chemical\",\"description\":\"China chemical manufacturer \uff06 supplier\",\"publisher\":{\"@id\":\"https:\/\/longchangchemical.com\/#organization\"},\"potentialAction\":[{\"@type\":\"SearchAction\",\"target\":{\"@type\":\"EntryPoint\",\"urlTemplate\":\"https:\/\/longchangchemical.com\/?s={search_term_string}\"},\"query-input\":{\"@type\":\"PropertyValueSpecification\",\"valueRequired\":true,\"valueName\":\"search_term_string\"}}],\"inLanguage\":\"fr-FR\"},{\"@type\":\"Organization\",\"@id\":\"https:\/\/longchangchemical.com\/#organization\",\"name\":\"Longchang Chemical\",\"url\":\"https:\/\/longchangchemical.com\/\",\"logo\":{\"@type\":\"ImageObject\",\"inLanguage\":\"fr-FR\",\"@id\":\"https:\/\/longchangchemical.com\/#\/schema\/logo\/image\/\",\"url\":\"https:\/\/longchangchemical.com\/wp-content\/uploads\/2020\/08\/cropped-longchang-logo.png\",\"contentUrl\":\"https:\/\/longchangchemical.com\/wp-content\/uploads\/2020\/08\/cropped-longchang-logo.png\",\"width\":512,\"height\":512,\"caption\":\"Longchang Chemical\"},\"image\":{\"@id\":\"https:\/\/longchangchemical.com\/#\/schema\/logo\/image\/\"}}]}<\/script>\n<!-- \/ Yoast SEO plugin. -->","yoast_head_json":{"title":"Fabricant chinois de poly\u00e9thyl\u00e8ne 2,5-furandicarboxylate \/ PEF CAS 28728-19-0 - Longchang Chemical","description":"Polyethylene 2,5-furandicarboxylate PEF CAS 28728-19-0 is used in industrial processing and formulation applications.","robots":{"index":"index","follow":"follow","max-snippet":"max-snippet:-1","max-image-preview":"max-image-preview:large","max-video-preview":"max-video-preview:-1"},"canonical":"https:\/\/longchangchemical.com\/fr\/product\/pef-cas-28728-19-0\/","og_locale":"fr_FR","og_type":"article","og_title":"China Polyethylene 2,5-furandicarboxylate Manufacturer \/ PEF CAS 28728-19-0 supplier - Longchang Chemical","og_description":"Polyethylene 2,5-furandicarboxylate PEF CAS 28728-19-0 is used in industrial processing and formulation applications.","og_url":"https:\/\/longchangchemical.com\/fr\/product\/pef-cas-28728-19-0\/","og_site_name":"Longchang Chemical","article_modified_time":"2026-05-08T03:00:01+00:00","og_image":[{"width":1000,"height":1000,"url":"https:\/\/longchangchemical.com\/wp-content\/uploads\/2024\/02\/logo-jpeg.jpg","type":"image\/jpeg"}],"twitter_card":"summary_large_image","schema":{"@context":"https:\/\/schema.org","@graph":[{"@type":"WebPage","@id":"https:\/\/longchangchemical.com\/product\/pef-cas-28728-19-0\/","url":"https:\/\/longchangchemical.com\/product\/pef-cas-28728-19-0\/","name":"Fabricant chinois de poly\u00e9thyl\u00e8ne 2,5-furandicarboxylate \/ PEF CAS 28728-19-0 - Longchang Chemical","isPartOf":{"@id":"https:\/\/longchangchemical.com\/#website"},"datePublished":"2024-02-05T06:36:35+00:00","dateModified":"2026-05-08T03:00:01+00:00","description":"Polyethylene 2,5-furandicarboxylate PEF CAS 28728-19-0 is used in industrial processing and formulation applications.","breadcrumb":{"@id":"https:\/\/longchangchemical.com\/product\/pef-cas-28728-19-0\/#breadcrumb"},"inLanguage":"fr-FR","potentialAction":[{"@type":"ReadAction","target":["https:\/\/longchangchemical.com\/product\/pef-cas-28728-19-0\/"]}]},{"@type":"BreadcrumbList","@id":"https:\/\/longchangchemical.com\/product\/pef-cas-28728-19-0\/#breadcrumb","itemListElement":[{"@type":"ListItem","position":1,"name":"Home","item":"https:\/\/longchangchemical.com\/"},{"@type":"ListItem","position":2,"name":"Products Longchang","item":"https:\/\/longchangchemical.com\/product\/"},{"@type":"ListItem","position":3,"name":"Polyethylene 2,5-furandicarboxylate \/ PEF CAS 28728-19-0"}]},{"@type":"WebSite","@id":"https:\/\/longchangchemical.com\/#website","url":"https:\/\/longchangchemical.com\/","name":"Longchang Chemical","description":"Fabricant chinois de produits chimiques \uff06 fournisseur","publisher":{"@id":"https:\/\/longchangchemical.com\/#organization"},"potentialAction":[{"@type":"SearchAction","target":{"@type":"EntryPoint","urlTemplate":"https:\/\/longchangchemical.com\/?s={search_term_string}"},"query-input":{"@type":"PropertyValueSpecification","valueRequired":true,"valueName":"search_term_string"}}],"inLanguage":"fr-FR"},{"@type":"Organization","@id":"https:\/\/longchangchemical.com\/#organization","name":"Longchang Chemical","url":"https:\/\/longchangchemical.com\/","logo":{"@type":"ImageObject","inLanguage":"fr-FR","@id":"https:\/\/longchangchemical.com\/#\/schema\/logo\/image\/","url":"https:\/\/longchangchemical.com\/wp-content\/uploads\/2020\/08\/cropped-longchang-logo.png","contentUrl":"https:\/\/longchangchemical.com\/wp-content\/uploads\/2020\/08\/cropped-longchang-logo.png","width":512,"height":512,"caption":"Longchang Chemical"},"image":{"@id":"https:\/\/longchangchemical.com\/#\/schema\/logo\/image\/"}}]}},"_links":{"self":[{"href":"https:\/\/longchangchemical.com\/fr\/wp-json\/wp\/v2\/product\/6583","targetHints":{"allow":["GET"]}}],"collection":[{"href":"https:\/\/longchangchemical.com\/fr\/wp-json\/wp\/v2\/product"}],"about":[{"href":"https:\/\/longchangchemical.com\/fr\/wp-json\/wp\/v2\/types\/product"}],"replies":[{"embeddable":true,"href":"https:\/\/longchangchemical.com\/fr\/wp-json\/wp\/v2\/comments?post=6583"}],"wp:attachment":[{"href":"https:\/\/longchangchemical.com\/fr\/wp-json\/wp\/v2\/media?parent=6583"}],"wp:term":[{"taxonomy":"product_brand","embeddable":true,"href":"https:\/\/longchangchemical.com\/fr\/wp-json\/wp\/v2\/product_brand?post=6583"},{"taxonomy":"product_cat","embeddable":true,"href":"https:\/\/longchangchemical.com\/fr\/wp-json\/wp\/v2\/product_cat?post=6583"},{"taxonomy":"product_tag","embeddable":true,"href":"https:\/\/longchangchemical.com\/fr\/wp-json\/wp\/v2\/product_tag?post=6583"}],"curies":[{"name":"wp","href":"https:\/\/api.w.org\/{rel}","templated":true}]}}