{"id":6373,"date":"2024-01-04T08:10:22","date_gmt":"2024-01-04T08:10:22","guid":{"rendered":"https:\/\/longchangchemical.com\/?post_type=product&#038;p=6373"},"modified":"2024-04-28T03:17:58","modified_gmt":"2024-04-28T03:17:58","slug":"ethyl-nonafluorobutyl-ether-hfe-7200-163702-05-4","status":"publish","type":"product","link":"https:\/\/longchangchemical.com\/fr\/product\/ethyl-nonafluorobutyl-ether-hfe-7200-163702-05-4\/","title":{"rendered":"\u00c9THER \u00c9THYLIQUE DE NONAFLUOROBUTYLE \/ HFE-7200 163702-05-4"},"content":{"rendered":"<table>\n<tbody>\n<tr>\n<td width=\"231\"><strong>Forme physique<\/strong><\/td>\n<td width=\"355\"><strong>Liquide incolore, inodore et transparent<\/strong><\/td>\n<\/tr>\n<tr>\n<td width=\"231\">Point d'\u00e9bullition \u00e0 1 atm<\/td>\n<td width=\"355\">76<\/td>\n<\/tr>\n<tr>\n<td width=\"231\">R\u00e9sistivit\u00e9<\/td>\n<td width=\"355\">\u22674.6*10*10<sup>\u00a0<\/sup><strong>\u03a9-mm<\/strong><\/td>\n<\/tr>\n<tr>\n<td width=\"231\">Tension de surface\uff0825\u2103\uff09<\/td>\n<td width=\"355\">10mN\/m<\/td>\n<\/tr>\n<tr>\n<td width=\"231\">COV<\/td>\n<td width=\"355\">0<\/td>\n<\/tr>\n<tr>\n<td width=\"231\">GWP<\/td>\n<td width=\"355\">320<\/td>\n<\/tr>\n<\/tbody>\n<\/table>\n<p>&nbsp;<\/p>\n<p>&nbsp;<\/p>\n<h2><strong>Fonction :<\/strong><\/h2>\n<p>Liquide incolore, transparent, de faible viscosit\u00e9, ininflammable et tr\u00e8s s\u00fbr. Les principales applications sont le nettoyage de pr\u00e9cision des composants \u00e9lectroniques, la d\u00e9tection des fuites grossi\u00e8res, les liquides d'essai en cas de choc thermique et de froid, les r\u00e9frig\u00e9rants d'\u00e9change thermique (principalement les liquides de remplissage des refroidisseurs), les solvants stables et les additifs.<\/p>\n<p>&nbsp;<\/p>\n<h2><strong>Application :<\/strong><\/h2>\n<p>Nettoyage de pr\u00e9cision des composants \u00e9lectroniques, nettoyage des \u00e9quipements, d\u00e9tection des fuites importantes, nettoyage des instruments \u00e9lectroniques et des disques laser, \u00e9limination des d\u00e9bris particulaires, nettoyage des syst\u00e8mes optiques et des occasions de pr\u00e9cision, peut \u00eatre utilis\u00e9 comme liquide d'essai pour les chocs thermiques et froids, r\u00e9frig\u00e9rant pour l'\u00e9change de chaleur (liquide de remplissage multiple pour les refroidisseurs), solvants stabilisants, additifs, solvants \u00e0 usage sp\u00e9cial, agents de nettoyage, agents de rin\u00e7age, fluides anhydres, agents de d\u00e9fluxage et fluides caloporteurs.<\/p>\n<p>&nbsp;<\/p>\n<h2><strong>Stockage :<\/strong><\/h2>\n<p>Les produits sont conserv\u00e9s dans un entrep\u00f4t sec, propre et bien ventil\u00e9.<\/p>\n<p>\u00c9viter l'exposition \u00e0 la lumi\u00e8re et \u00e0 la chaleur.<\/p>\n<p>Prot\u00e9ger le produit des fuites, de la pluie et de l'insolation pendant le transport.<\/p>\n<p>&nbsp;<\/p>\n<p>Emballage : 25kg ou 200L \/tambour.<\/p>\n<h2><strong><b>Contactez-nous d\u00e8s maintenant !<\/b><\/strong><\/h2>\n<h4><strong><b>Si vous avez besoin d'un prix, veuillez indiquer vos coordonn\u00e9es dans le formulaire ci-dessous. Nous vous contacterons g\u00e9n\u00e9ralement dans les 24 heures. Vous pouvez \u00e9galement m'envoyer un courriel <a href=\"mailto:info@longchangchemical.com\"><span style=\"color: #00ccff;\">info@longchangchemical.com<\/span><\/a>\u00a0pendant les heures de travail ( 8:30 am to 6:00 pm UTC+8 Mon.~Sat. ) ou utilisez le chat en direct du site web pour obtenir une r\u00e9ponse rapide.<\/b><\/strong><\/h4>","protected":false},"excerpt":{"rendered":"<p>Nom du produit : \u00c9THER \u00c9THYLIQUE DE NONAFLUOROBUTYLE<\/p>\n<p>Synonyme : HFE-7200<\/p>\n<p>Num\u00e9ro CAS : 163702-05-4<\/p>\n<p>Formule mol\u00e9culaire\uff1aC6H5F9O<\/p>\n<p>Poids mol\u00e9culaire\uff1a264.09<\/p>\n<p>Structure mol\u00e9culaire :<\/p>","protected":false},"featured_media":0,"comment_status":"open","ping_status":"closed","template":"","meta":[],"product_brand":[],"product_cat":[69],"product_tag":[],"class_list":{"0":"post-6373","1":"product","2":"type-product","3":"status-publish","5":"product_cat-catalysts-chemical-auxiliary-agents","7":"first","8":"instock","9":"shipping-taxable","10":"product-type-simple"},"yoast_head":"<!-- This site is optimized with the Yoast SEO plugin v25.3.1 - https:\/\/yoast.com\/wordpress\/plugins\/seo\/ -->\n<title>Sino HFE-7200 Manufacturer | ETHYL NONAFLUOROBUTYL ETHER 163702-05-4 - Longchang Chemical<\/title>\n<meta name=\"description\" content=\"ETHYL NONAFLUOROBUTYL ETHER 163702-05-4 used as a solvent and is the key product of Longchang Chemical. We are the leading HFE-7200 manufacturer and supplier in China with the best quanlity and competitive price\" \/>\n<meta name=\"robots\" content=\"index, follow, max-snippet:-1, max-image-preview:large, max-video-preview:-1\" \/>\n<link rel=\"canonical\" href=\"https:\/\/longchangchemical.com\/fr\/product\/ethyl-nonafluorobutyl-ether-hfe-7200-163702-05-4\/\" \/>\n<meta property=\"og:locale\" content=\"fr_FR\" \/>\n<meta property=\"og:type\" content=\"article\" \/>\n<meta property=\"og:title\" content=\"Sino HFE-7200 Manufacturer | ETHYL NONAFLUOROBUTYL ETHER 163702-05-4 - Longchang Chemical\" \/>\n<meta property=\"og:description\" content=\"ETHYL NONAFLUOROBUTYL ETHER 163702-05-4 used as a solvent and is the key product of Longchang Chemical. We are the leading HFE-7200 manufacturer and supplier in China with the best quanlity and competitive price\" \/>\n<meta property=\"og:url\" content=\"https:\/\/longchangchemical.com\/fr\/product\/ethyl-nonafluorobutyl-ether-hfe-7200-163702-05-4\/\" \/>\n<meta property=\"og:site_name\" content=\"Longchang Chemical\" \/>\n<meta property=\"article:modified_time\" content=\"2024-04-28T03:17:58+00:00\" \/>\n<meta property=\"og:image\" content=\"https:\/\/longchangchemical.com\/wp-content\/uploads\/2024\/02\/logo-jpeg.jpg\" \/>\n\t<meta property=\"og:image:width\" content=\"1000\" \/>\n\t<meta property=\"og:image:height\" content=\"1000\" \/>\n\t<meta property=\"og:image:type\" content=\"image\/jpeg\" \/>\n<meta name=\"twitter:card\" content=\"summary_large_image\" \/>\n<script type=\"application\/ld+json\" class=\"yoast-schema-graph\">{\"@context\":\"https:\/\/schema.org\",\"@graph\":[{\"@type\":\"WebPage\",\"@id\":\"https:\/\/longchangchemical.com\/product\/ethyl-nonafluorobutyl-ether-hfe-7200-163702-05-4\/\",\"url\":\"https:\/\/longchangchemical.com\/product\/ethyl-nonafluorobutyl-ether-hfe-7200-163702-05-4\/\",\"name\":\"Sino HFE-7200 Manufacturer | ETHYL NONAFLUOROBUTYL ETHER 163702-05-4 - Longchang Chemical\",\"isPartOf\":{\"@id\":\"https:\/\/longchangchemical.com\/#website\"},\"datePublished\":\"2024-01-04T08:10:22+00:00\",\"dateModified\":\"2024-04-28T03:17:58+00:00\",\"description\":\"ETHYL NONAFLUOROBUTYL ETHER 163702-05-4 used as a solvent and is the key product of Longchang Chemical. We are the leading HFE-7200 manufacturer and supplier in China with the best quanlity and competitive price\",\"breadcrumb\":{\"@id\":\"https:\/\/longchangchemical.com\/product\/ethyl-nonafluorobutyl-ether-hfe-7200-163702-05-4\/#breadcrumb\"},\"inLanguage\":\"fr-FR\",\"potentialAction\":[{\"@type\":\"ReadAction\",\"target\":[\"https:\/\/longchangchemical.com\/product\/ethyl-nonafluorobutyl-ether-hfe-7200-163702-05-4\/\"]}]},{\"@type\":\"BreadcrumbList\",\"@id\":\"https:\/\/longchangchemical.com\/product\/ethyl-nonafluorobutyl-ether-hfe-7200-163702-05-4\/#breadcrumb\",\"itemListElement\":[{\"@type\":\"ListItem\",\"position\":1,\"name\":\"Home\",\"item\":\"https:\/\/longchangchemical.com\/\"},{\"@type\":\"ListItem\",\"position\":2,\"name\":\"Products Longchang\",\"item\":\"https:\/\/longchangchemical.com\/product\/\"},{\"@type\":\"ListItem\",\"position\":3,\"name\":\"ETHYL NONAFLUOROBUTYL ETHER \/ HFE-7200 163702-05-4\"}]},{\"@type\":\"WebSite\",\"@id\":\"https:\/\/longchangchemical.com\/#website\",\"url\":\"https:\/\/longchangchemical.com\/\",\"name\":\"Longchang Chemical\",\"description\":\"China chemical manufacturer \uff06 supplier\",\"publisher\":{\"@id\":\"https:\/\/longchangchemical.com\/#organization\"},\"potentialAction\":[{\"@type\":\"SearchAction\",\"target\":{\"@type\":\"EntryPoint\",\"urlTemplate\":\"https:\/\/longchangchemical.com\/?s={search_term_string}\"},\"query-input\":{\"@type\":\"PropertyValueSpecification\",\"valueRequired\":true,\"valueName\":\"search_term_string\"}}],\"inLanguage\":\"fr-FR\"},{\"@type\":\"Organization\",\"@id\":\"https:\/\/longchangchemical.com\/#organization\",\"name\":\"Longchang Chemical\",\"url\":\"https:\/\/longchangchemical.com\/\",\"logo\":{\"@type\":\"ImageObject\",\"inLanguage\":\"fr-FR\",\"@id\":\"https:\/\/longchangchemical.com\/#\/schema\/logo\/image\/\",\"url\":\"https:\/\/longchangchemical.com\/wp-content\/uploads\/2020\/08\/cropped-longchang-logo.png\",\"contentUrl\":\"https:\/\/longchangchemical.com\/wp-content\/uploads\/2020\/08\/cropped-longchang-logo.png\",\"width\":512,\"height\":512,\"caption\":\"Longchang Chemical\"},\"image\":{\"@id\":\"https:\/\/longchangchemical.com\/#\/schema\/logo\/image\/\"}}]}<\/script>\n<!-- \/ Yoast SEO plugin. -->","yoast_head_json":{"title":"Sino HFE-7200 Fabricant | ETHYL NONAFLUOROBUTYL ETHER 163702-05-4 - Longchang Chemical","description":"ETHYL NONAFLUOROBUTYL ETHER 163702-05-4 est utilis\u00e9 comme solvant et est le produit cl\u00e9 de Longchang Chemical. Nous sommes le principal fabricant et fournisseur de HFE-7200 en Chine, avec la meilleure qualit\u00e9 et le prix le plus comp\u00e9titif.","robots":{"index":"index","follow":"follow","max-snippet":"max-snippet:-1","max-image-preview":"max-image-preview:large","max-video-preview":"max-video-preview:-1"},"canonical":"https:\/\/longchangchemical.com\/fr\/product\/ethyl-nonafluorobutyl-ether-hfe-7200-163702-05-4\/","og_locale":"fr_FR","og_type":"article","og_title":"Sino HFE-7200 Manufacturer | ETHYL NONAFLUOROBUTYL ETHER 163702-05-4 - Longchang Chemical","og_description":"ETHYL NONAFLUOROBUTYL ETHER 163702-05-4 used as a solvent and is the key product of Longchang Chemical. We are the leading HFE-7200 manufacturer and supplier in China with the best quanlity and competitive price","og_url":"https:\/\/longchangchemical.com\/fr\/product\/ethyl-nonafluorobutyl-ether-hfe-7200-163702-05-4\/","og_site_name":"Longchang Chemical","article_modified_time":"2024-04-28T03:17:58+00:00","og_image":[{"width":1000,"height":1000,"url":"https:\/\/longchangchemical.com\/wp-content\/uploads\/2024\/02\/logo-jpeg.jpg","type":"image\/jpeg"}],"twitter_card":"summary_large_image","schema":{"@context":"https:\/\/schema.org","@graph":[{"@type":"WebPage","@id":"https:\/\/longchangchemical.com\/product\/ethyl-nonafluorobutyl-ether-hfe-7200-163702-05-4\/","url":"https:\/\/longchangchemical.com\/product\/ethyl-nonafluorobutyl-ether-hfe-7200-163702-05-4\/","name":"Sino HFE-7200 Fabricant | ETHYL NONAFLUOROBUTYL ETHER 163702-05-4 - Longchang Chemical","isPartOf":{"@id":"https:\/\/longchangchemical.com\/#website"},"datePublished":"2024-01-04T08:10:22+00:00","dateModified":"2024-04-28T03:17:58+00:00","description":"ETHYL NONAFLUOROBUTYL ETHER 163702-05-4 est utilis\u00e9 comme solvant et est le produit cl\u00e9 de Longchang Chemical. Nous sommes le principal fabricant et fournisseur de HFE-7200 en Chine, avec la meilleure qualit\u00e9 et le prix le plus comp\u00e9titif.","breadcrumb":{"@id":"https:\/\/longchangchemical.com\/product\/ethyl-nonafluorobutyl-ether-hfe-7200-163702-05-4\/#breadcrumb"},"inLanguage":"fr-FR","potentialAction":[{"@type":"ReadAction","target":["https:\/\/longchangchemical.com\/product\/ethyl-nonafluorobutyl-ether-hfe-7200-163702-05-4\/"]}]},{"@type":"BreadcrumbList","@id":"https:\/\/longchangchemical.com\/product\/ethyl-nonafluorobutyl-ether-hfe-7200-163702-05-4\/#breadcrumb","itemListElement":[{"@type":"ListItem","position":1,"name":"Home","item":"https:\/\/longchangchemical.com\/"},{"@type":"ListItem","position":2,"name":"Products Longchang","item":"https:\/\/longchangchemical.com\/product\/"},{"@type":"ListItem","position":3,"name":"ETHYL NONAFLUOROBUTYL ETHER \/ HFE-7200 163702-05-4"}]},{"@type":"WebSite","@id":"https:\/\/longchangchemical.com\/#website","url":"https:\/\/longchangchemical.com\/","name":"Longchang Chemical","description":"Fabricant chinois de produits chimiques \uff06 fournisseur","publisher":{"@id":"https:\/\/longchangchemical.com\/#organization"},"potentialAction":[{"@type":"SearchAction","target":{"@type":"EntryPoint","urlTemplate":"https:\/\/longchangchemical.com\/?s={search_term_string}"},"query-input":{"@type":"PropertyValueSpecification","valueRequired":true,"valueName":"search_term_string"}}],"inLanguage":"fr-FR"},{"@type":"Organization","@id":"https:\/\/longchangchemical.com\/#organization","name":"Longchang Chemical","url":"https:\/\/longchangchemical.com\/","logo":{"@type":"ImageObject","inLanguage":"fr-FR","@id":"https:\/\/longchangchemical.com\/#\/schema\/logo\/image\/","url":"https:\/\/longchangchemical.com\/wp-content\/uploads\/2020\/08\/cropped-longchang-logo.png","contentUrl":"https:\/\/longchangchemical.com\/wp-content\/uploads\/2020\/08\/cropped-longchang-logo.png","width":512,"height":512,"caption":"Longchang Chemical"},"image":{"@id":"https:\/\/longchangchemical.com\/#\/schema\/logo\/image\/"}}]}},"_links":{"self":[{"href":"https:\/\/longchangchemical.com\/fr\/wp-json\/wp\/v2\/product\/6373","targetHints":{"allow":["GET"]}}],"collection":[{"href":"https:\/\/longchangchemical.com\/fr\/wp-json\/wp\/v2\/product"}],"about":[{"href":"https:\/\/longchangchemical.com\/fr\/wp-json\/wp\/v2\/types\/product"}],"replies":[{"embeddable":true,"href":"https:\/\/longchangchemical.com\/fr\/wp-json\/wp\/v2\/comments?post=6373"}],"wp:attachment":[{"href":"https:\/\/longchangchemical.com\/fr\/wp-json\/wp\/v2\/media?parent=6373"}],"wp:term":[{"taxonomy":"product_brand","embeddable":true,"href":"https:\/\/longchangchemical.com\/fr\/wp-json\/wp\/v2\/product_brand?post=6373"},{"taxonomy":"product_cat","embeddable":true,"href":"https:\/\/longchangchemical.com\/fr\/wp-json\/wp\/v2\/product_cat?post=6373"},{"taxonomy":"product_tag","embeddable":true,"href":"https:\/\/longchangchemical.com\/fr\/wp-json\/wp\/v2\/product_tag?post=6373"}],"curies":[{"name":"wp","href":"https:\/\/api.w.org\/{rel}","templated":true}]}}