{"id":6360,"date":"2023-12-27T08:52:36","date_gmt":"2023-12-27T08:52:36","guid":{"rendered":"https:\/\/longchangchemical.com\/?post_type=product&#038;p=6360"},"modified":"2024-04-28T02:39:48","modified_gmt":"2024-04-28T02:39:48","slug":"sodium-pyroantimonate-cas-12507-68-5","status":"publish","type":"product","link":"https:\/\/longchangchemical.com\/fr\/product\/sodium-pyroantimonate-cas-12507-68-5\/","title":{"rendered":"Pyroantimonate de sodium CAS 12507-68-5"},"content":{"rendered":"<h1><strong>Pyroantimonate de sodium CAS 12507-68-5<\/strong><\/h1>\n<table>\n<tbody>\n<tr>\n<td width=\"189\">Objet<\/td>\n<td width=\"264\">Sp\u00e9cifications<\/td>\n<\/tr>\n<tr>\n<td width=\"189\">Apparence<\/td>\n<td width=\"264\">Le pouvoir blanc<\/td>\n<\/tr>\n<tr>\n<td width=\"189\">Sb(Sb2O3)<\/td>\n<td width=\"264\">58,4\u00b10,8%<\/td>\n<\/tr>\n<tr>\n<td width=\"189\">Na<sub>2<\/sub>O<\/td>\n<td width=\"264\">12-13%<\/td>\n<\/tr>\n<tr>\n<td width=\"189\">Fe<sub>2<\/sub>O<sub>3<\/sub><\/td>\n<td width=\"264\">\u22640.01%<\/td>\n<\/tr>\n<tr>\n<td width=\"189\">En tant que<sub>2<\/sub>O<sub>3<\/sub><\/td>\n<td width=\"264\">\u22640.02%<\/td>\n<\/tr>\n<tr>\n<td width=\"189\">PbO<\/td>\n<td width=\"264\">\uff1c0.10%<\/td>\n<\/tr>\n<tr>\n<td width=\"189\">Humidit\u00e9<\/td>\n<td width=\"264\">\u22640.30<\/td>\n<\/tr>\n<\/tbody>\n<\/table>\n<h2><strong>Pyroantimonate de sodium Application :<\/strong><\/h2>\n<p>Le pyroantimonate de sodium est un compos\u00e9 salin inorganique d'antimoine, faiblement toxique, produit \u00e0 partir de produits d'antimoine tels que l'oxyde d'antimoine par le biais de l'alcali et de la production. L'apparence est une poudre blanche, il y a deux sortes de cristallisation granulaire et cristallisation \u00e9quiaxiale. Point de fusion est 1200\u2103, point d'\u00e9bullition est 1400\u2103. Soluble dans l'acide tartrique, solution de sulfure de sodium, concentr\u00e9, l\u00e9g\u00e8rement soluble dans l'alcool, sel d'ammonium, insoluble dans l'acide ac\u00e9tique, alcali dilu\u00e9 et acide inorganique dilu\u00e9, insoluble dans l'eau froide. Bonne stabilit\u00e9 chimique.<\/p>\n<p>Le pyroantimonate de sodium est principalement utilis\u00e9 comme agent clarifiant et antimousse pour le verre solaire photovolta\u00efque, le verre des tubes d'affichage en noir et blanc et en couleur. La fibre de verre, le verre gemme, la vaisselle en verre de qualit\u00e9 sup\u00e9rieure et d'autres verres de qualit\u00e9 sup\u00e9rieure sont des agents clarifiants et antimousse, et ils sont plus largement utilis\u00e9s dans les thermoplastiques techniques, les caoutchoucs ignifuges, tels que les coques d'\u00e9quipement \u00e9lectronique ignifuges, les chariots ignifuges, les fils ignifuges. Il est \u00e9galement utilis\u00e9 comme retardateur de flamme pour les textiles, les plastiques et les mat\u00e9riaux de construction. Il est largement utilis\u00e9 comme agent de clarification pour remplacer l'oxyde d'antimoine dans le monde.<\/p>\n<p>Il est largement utilis\u00e9 comme retardateur de flamme pour remplacer l'oxyde d'antimoine sur le march\u00e9 international. Les exp\u00e9riences scientifiques et la production ont confirm\u00e9 qu'il poss\u00e8de des performances techniques plus excellentes. Utilis\u00e9 dans tous les polym\u00e8res avec un excellent retardateur de flamme, utilis\u00e9 dans le polyester satur\u00e9 et les thermoplastiques techniques avec un retardateur de lumi\u00e8re plus faible et une force de coloration plus faible, il a les caract\u00e9ristiques d'une faible r\u00e9activit\u00e9, ce qui est un avantage dans les polym\u00e8res sensibles (par exemple, PET), et le retardateur de flamme \u00e0 l'oxyde d'antimoine couramment utilis\u00e9 est sujet \u00e0 la d\u00e9polym\u00e9risation dans le processus d'op\u00e9ration.<\/p>\n<p>&nbsp;<\/p>\n<h2><strong><b>Pyroantimonate de sodium P<\/b><\/strong><strong><b>ackag<\/b><\/strong><strong><b>e<\/b><\/strong><\/h2>\n<p>25kgs\/sac ; 1000kgs\/sac<\/p>\n<p><strong><b>\u00a0<\/b><\/strong><\/p>\n<h2><strong><b>Pyroantimonate de sodium Stockage : <\/b><\/strong><\/h2>\n<p>Prot\u00e9g\u00e9 de l'humidit\u00e9 et de la pluie.<\/p>\n<p>\u00c9viter que l'emballage ne se brise pendant le transport.<\/p>\n<p>Stocker dans un entrep\u00f4t sec et ventil\u00e9.<\/p>","protected":false},"excerpt":{"rendered":"<p>Nom chimique : Pyroantimonate de sodium<br \/>\nNum\u00e9ro CAS : 12507-68-5<br \/>\nMF : NaSb(OH)6 MW : 246,75<\/p>","protected":false},"featured_media":0,"comment_status":"open","ping_status":"closed","template":"","meta":[],"product_brand":[],"product_cat":[153],"product_tag":[],"class_list":{"0":"post-6360","1":"product","2":"type-product","3":"status-publish","5":"product_cat-Lcflare-flame-retardant","7":"first","8":"instock","9":"shipping-taxable","10":"product-type-simple"},"yoast_head":"<!-- This site is optimized with the Yoast SEO plugin v25.3.1 - https:\/\/yoast.com\/wordpress\/plugins\/seo\/ -->\n<title>China Sodium Pyroantimonate Manufacturer CAS 12507-68-5 - Longchang Chemical<\/title>\n<meta name=\"description\" content=\"Buy Sodium pyroantimonate cas 12507-68-5 from Longchang Chemical. leading Distributor supplier of Sodium tolyltriazole.\" \/>\n<meta name=\"robots\" content=\"index, follow, max-snippet:-1, max-image-preview:large, max-video-preview:-1\" \/>\n<link rel=\"canonical\" href=\"https:\/\/longchangchemical.com\/fr\/product\/sodium-pyroantimonate-cas-12507-68-5\/\" \/>\n<meta property=\"og:locale\" content=\"fr_FR\" \/>\n<meta property=\"og:type\" content=\"article\" \/>\n<meta property=\"og:title\" content=\"China Sodium Pyroantimonate Manufacturer CAS 12507-68-5 - Longchang Chemical\" \/>\n<meta property=\"og:description\" content=\"Buy Sodium pyroantimonate cas 12507-68-5 from Longchang Chemical. leading Distributor supplier of Sodium tolyltriazole.\" \/>\n<meta property=\"og:url\" content=\"https:\/\/longchangchemical.com\/fr\/product\/sodium-pyroantimonate-cas-12507-68-5\/\" \/>\n<meta property=\"og:site_name\" content=\"Longchang Chemical\" \/>\n<meta property=\"article:modified_time\" content=\"2024-04-28T02:39:48+00:00\" \/>\n<meta property=\"og:image\" content=\"https:\/\/longchangchemical.com\/wp-content\/uploads\/2024\/02\/logo-jpeg.jpg\" \/>\n\t<meta property=\"og:image:width\" content=\"1000\" \/>\n\t<meta property=\"og:image:height\" content=\"1000\" \/>\n\t<meta property=\"og:image:type\" content=\"image\/jpeg\" \/>\n<meta name=\"twitter:card\" content=\"summary_large_image\" \/>\n<script type=\"application\/ld+json\" class=\"yoast-schema-graph\">{\"@context\":\"https:\/\/schema.org\",\"@graph\":[{\"@type\":\"WebPage\",\"@id\":\"https:\/\/longchangchemical.com\/product\/sodium-pyroantimonate-cas-12507-68-5\/\",\"url\":\"https:\/\/longchangchemical.com\/product\/sodium-pyroantimonate-cas-12507-68-5\/\",\"name\":\"China Sodium Pyroantimonate Manufacturer CAS 12507-68-5 - Longchang Chemical\",\"isPartOf\":{\"@id\":\"https:\/\/longchangchemical.com\/#website\"},\"datePublished\":\"2023-12-27T08:52:36+00:00\",\"dateModified\":\"2024-04-28T02:39:48+00:00\",\"description\":\"Buy Sodium pyroantimonate cas 12507-68-5 from Longchang Chemical. leading Distributor supplier of Sodium tolyltriazole.\",\"breadcrumb\":{\"@id\":\"https:\/\/longchangchemical.com\/product\/sodium-pyroantimonate-cas-12507-68-5\/#breadcrumb\"},\"inLanguage\":\"fr-FR\",\"potentialAction\":[{\"@type\":\"ReadAction\",\"target\":[\"https:\/\/longchangchemical.com\/product\/sodium-pyroantimonate-cas-12507-68-5\/\"]}]},{\"@type\":\"BreadcrumbList\",\"@id\":\"https:\/\/longchangchemical.com\/product\/sodium-pyroantimonate-cas-12507-68-5\/#breadcrumb\",\"itemListElement\":[{\"@type\":\"ListItem\",\"position\":1,\"name\":\"Home\",\"item\":\"https:\/\/longchangchemical.com\/\"},{\"@type\":\"ListItem\",\"position\":2,\"name\":\"Products Longchang\",\"item\":\"https:\/\/longchangchemical.com\/product\/\"},{\"@type\":\"ListItem\",\"position\":3,\"name\":\"Sodium Pyroantimonate CAS 12507-68-5\"}]},{\"@type\":\"WebSite\",\"@id\":\"https:\/\/longchangchemical.com\/#website\",\"url\":\"https:\/\/longchangchemical.com\/\",\"name\":\"Longchang Chemical\",\"description\":\"China chemical manufacturer \uff06 supplier\",\"publisher\":{\"@id\":\"https:\/\/longchangchemical.com\/#organization\"},\"potentialAction\":[{\"@type\":\"SearchAction\",\"target\":{\"@type\":\"EntryPoint\",\"urlTemplate\":\"https:\/\/longchangchemical.com\/?s={search_term_string}\"},\"query-input\":{\"@type\":\"PropertyValueSpecification\",\"valueRequired\":true,\"valueName\":\"search_term_string\"}}],\"inLanguage\":\"fr-FR\"},{\"@type\":\"Organization\",\"@id\":\"https:\/\/longchangchemical.com\/#organization\",\"name\":\"Longchang Chemical\",\"url\":\"https:\/\/longchangchemical.com\/\",\"logo\":{\"@type\":\"ImageObject\",\"inLanguage\":\"fr-FR\",\"@id\":\"https:\/\/longchangchemical.com\/#\/schema\/logo\/image\/\",\"url\":\"https:\/\/longchangchemical.com\/wp-content\/uploads\/2020\/08\/cropped-longchang-logo.png\",\"contentUrl\":\"https:\/\/longchangchemical.com\/wp-content\/uploads\/2020\/08\/cropped-longchang-logo.png\",\"width\":512,\"height\":512,\"caption\":\"Longchang Chemical\"},\"image\":{\"@id\":\"https:\/\/longchangchemical.com\/#\/schema\/logo\/image\/\"}}]}<\/script>\n<!-- \/ Yoast SEO plugin. -->","yoast_head_json":{"title":"Pyroantimonate de sodium de Chine CAS 12507-68-5 - Longchang Chemical","description":"Acheter Sodium pyroantimonate cas 12507-68-5 de Longchang Chemical. Distributeur leader de Sodium tolyltriazole.","robots":{"index":"index","follow":"follow","max-snippet":"max-snippet:-1","max-image-preview":"max-image-preview:large","max-video-preview":"max-video-preview:-1"},"canonical":"https:\/\/longchangchemical.com\/fr\/product\/sodium-pyroantimonate-cas-12507-68-5\/","og_locale":"fr_FR","og_type":"article","og_title":"China Sodium Pyroantimonate Manufacturer CAS 12507-68-5 - Longchang Chemical","og_description":"Buy Sodium pyroantimonate cas 12507-68-5 from Longchang Chemical. leading Distributor supplier of Sodium tolyltriazole.","og_url":"https:\/\/longchangchemical.com\/fr\/product\/sodium-pyroantimonate-cas-12507-68-5\/","og_site_name":"Longchang Chemical","article_modified_time":"2024-04-28T02:39:48+00:00","og_image":[{"width":1000,"height":1000,"url":"https:\/\/longchangchemical.com\/wp-content\/uploads\/2024\/02\/logo-jpeg.jpg","type":"image\/jpeg"}],"twitter_card":"summary_large_image","schema":{"@context":"https:\/\/schema.org","@graph":[{"@type":"WebPage","@id":"https:\/\/longchangchemical.com\/product\/sodium-pyroantimonate-cas-12507-68-5\/","url":"https:\/\/longchangchemical.com\/product\/sodium-pyroantimonate-cas-12507-68-5\/","name":"Pyroantimonate de sodium de Chine CAS 12507-68-5 - Longchang Chemical","isPartOf":{"@id":"https:\/\/longchangchemical.com\/#website"},"datePublished":"2023-12-27T08:52:36+00:00","dateModified":"2024-04-28T02:39:48+00:00","description":"Acheter Sodium pyroantimonate cas 12507-68-5 de Longchang Chemical. Distributeur leader de Sodium tolyltriazole.","breadcrumb":{"@id":"https:\/\/longchangchemical.com\/product\/sodium-pyroantimonate-cas-12507-68-5\/#breadcrumb"},"inLanguage":"fr-FR","potentialAction":[{"@type":"ReadAction","target":["https:\/\/longchangchemical.com\/product\/sodium-pyroantimonate-cas-12507-68-5\/"]}]},{"@type":"BreadcrumbList","@id":"https:\/\/longchangchemical.com\/product\/sodium-pyroantimonate-cas-12507-68-5\/#breadcrumb","itemListElement":[{"@type":"ListItem","position":1,"name":"Home","item":"https:\/\/longchangchemical.com\/"},{"@type":"ListItem","position":2,"name":"Products Longchang","item":"https:\/\/longchangchemical.com\/product\/"},{"@type":"ListItem","position":3,"name":"Sodium Pyroantimonate CAS 12507-68-5"}]},{"@type":"WebSite","@id":"https:\/\/longchangchemical.com\/#website","url":"https:\/\/longchangchemical.com\/","name":"Longchang Chemical","description":"Fabricant chinois de produits chimiques \uff06 fournisseur","publisher":{"@id":"https:\/\/longchangchemical.com\/#organization"},"potentialAction":[{"@type":"SearchAction","target":{"@type":"EntryPoint","urlTemplate":"https:\/\/longchangchemical.com\/?s={search_term_string}"},"query-input":{"@type":"PropertyValueSpecification","valueRequired":true,"valueName":"search_term_string"}}],"inLanguage":"fr-FR"},{"@type":"Organization","@id":"https:\/\/longchangchemical.com\/#organization","name":"Longchang Chemical","url":"https:\/\/longchangchemical.com\/","logo":{"@type":"ImageObject","inLanguage":"fr-FR","@id":"https:\/\/longchangchemical.com\/#\/schema\/logo\/image\/","url":"https:\/\/longchangchemical.com\/wp-content\/uploads\/2020\/08\/cropped-longchang-logo.png","contentUrl":"https:\/\/longchangchemical.com\/wp-content\/uploads\/2020\/08\/cropped-longchang-logo.png","width":512,"height":512,"caption":"Longchang Chemical"},"image":{"@id":"https:\/\/longchangchemical.com\/#\/schema\/logo\/image\/"}}]}},"_links":{"self":[{"href":"https:\/\/longchangchemical.com\/fr\/wp-json\/wp\/v2\/product\/6360","targetHints":{"allow":["GET"]}}],"collection":[{"href":"https:\/\/longchangchemical.com\/fr\/wp-json\/wp\/v2\/product"}],"about":[{"href":"https:\/\/longchangchemical.com\/fr\/wp-json\/wp\/v2\/types\/product"}],"replies":[{"embeddable":true,"href":"https:\/\/longchangchemical.com\/fr\/wp-json\/wp\/v2\/comments?post=6360"}],"wp:attachment":[{"href":"https:\/\/longchangchemical.com\/fr\/wp-json\/wp\/v2\/media?parent=6360"}],"wp:term":[{"taxonomy":"product_brand","embeddable":true,"href":"https:\/\/longchangchemical.com\/fr\/wp-json\/wp\/v2\/product_brand?post=6360"},{"taxonomy":"product_cat","embeddable":true,"href":"https:\/\/longchangchemical.com\/fr\/wp-json\/wp\/v2\/product_cat?post=6360"},{"taxonomy":"product_tag","embeddable":true,"href":"https:\/\/longchangchemical.com\/fr\/wp-json\/wp\/v2\/product_tag?post=6360"}],"curies":[{"name":"wp","href":"https:\/\/api.w.org\/{rel}","templated":true}]}}