{"id":6255,"date":"2023-10-11T06:40:25","date_gmt":"2023-10-11T06:40:25","guid":{"rendered":"https:\/\/longchangchemical.com\/?post_type=product&#038;p=6255"},"modified":"2026-01-12T04:08:55","modified_gmt":"2026-01-12T04:08:55","slug":"synocat-bdmaee-cas-3033-62-3","status":"publish","type":"product","link":"https:\/\/longchangchemical.com\/fr\/product\/synocat-bdmaee-cas-3033-62-3\/","title":{"rendered":"BDMAEE CAS 3033-62-3"},"content":{"rendered":"<p><strong>CAS NO.<\/strong>: 3033-62-3<\/p>\n<p><strong>Nom chimique :<\/strong>N,N,N',N'-t\u00e9tram\u00e9thyl-2,2\u2032-oxybis(\u00e9thylamine)<\/p>\n<p><strong>Synonyme<\/strong>:BIS(DIMETHYLAMINOETHYL) ETHER ; JEFFCAT ZF-20 ;DBACO BL-19 ; NIAX Catalyst A-99 ;2,2'-oxybis[n,n-dimethyl-ethanamin;2,2'-oxybis[N,N-dimethyl-Ethanamine;A 99 (Amine);dabco bl11;dabco bl19 ;<\/p>\n<p><strong>Sp\u00e9cification :<\/strong><\/p>\n<table width=\"427\">\n<tbody>\n<tr>\n<td width=\"412\">Objet<\/td>\n<td width=\"297\">Standard<\/td>\n<\/tr>\n<tr>\n<td width=\"412\">Apparence<\/td>\n<td width=\"297\">Liquide incolore<\/td>\n<\/tr>\n<tr>\n<td width=\"412\">Densit\u00e9 (25\u2103, g\/cm3)<\/td>\n<td width=\"297\">0.85<\/td>\n<\/tr>\n<tr>\n<td width=\"412\">Point d'\u00e9clair(\u2103)<\/td>\n<td width=\"297\">65<\/td>\n<\/tr>\n<tr>\n<td width=\"412\">Puret\u00e9 (%)<\/td>\n<td width=\"297\">\u2265 99<\/td>\n<\/tr>\n<tr>\n<td width=\"412\">Humidit\u00e9 (%)<\/td>\n<td width=\"297\">\u2264 0.10<\/td>\n<\/tr>\n<\/tbody>\n<\/table>\n<p><strong>Emballage<\/strong>:170kgs\/f\u00fbt en fer ou IBC<\/p>\n<p><strong>Application :<\/strong><\/p>\n<p>En tant que catalyseur d'amine tertiaire \u00e0 haut rendement, il convient \u00e0 la production de presque tous les produits en mousse plastique, principalement pour la production de produits en mousse souple, en particulier pour les produits \u00e0 haute r\u00e9silience et les produits RIM. Il se caract\u00e9rise par une activit\u00e9 catalytique \u00e9lev\u00e9e, un moussage stable, une grande tol\u00e9rance \u00e0 l'\u00e9tain et un ajustement facile de la formule. Les produits fabriqu\u00e9s avec ce produit ont de meilleures propri\u00e9t\u00e9s physiques et chimiques, telles que la r\u00e9silience et l'\u00e9longation, que les autres produits.<\/p>\n<p><strong><b>Stockage :<\/b><\/strong><\/p>\n<p>Les produits sont conserv\u00e9s dans un entrep\u00f4t sec, propre et bien ventil\u00e9.<\/p>\n<p>\u00c9viter l'exposition \u00e0 la lumi\u00e8re et \u00e0 la chaleur pour pr\u00e9venir l'oxydation.<\/p>\n<p>Prot\u00e9ger le produit des fuites, de la pluie et de l'insolation pendant le transport.<\/p>\n<h2><strong><b>Contactez-nous d\u00e8s maintenant !<\/b><\/strong><\/h2>\n<h4><strong><b>Si vous avez besoin de COA, MSDS ou TDS, veuillez remplir vos coordonn\u00e9es dans le formulaire ci-dessous, nous vous contacterons g\u00e9n\u00e9ralement dans les 24 heures. Vous pouvez \u00e9galement m'envoyer un courriel\u00a0<a href=\"mailto:info@longchangchemical.com\"><span style=\"color: #00ccff;\">info@longchangchemical.com<\/span><\/a>\u00a0pendant les heures de travail ( 8:30 am to 6:00 pm UTC+8 Mon.~Sat. ) ou utilisez le chat en direct du site web pour obtenir une r\u00e9ponse rapide.<\/b><\/strong><\/h4>","protected":false},"excerpt":{"rendered":"<p>Nom chimique : \u00c9ther de bis(2-dim\u00e9thylamino\u00e9thyle)<\/p>\n<p>CAS NO : 3033-62-3<\/p>\n<p>Formule : C8H20N2O<\/p>\n<p>Contenu : \u226599%<\/p>\n<p>Emballage : 170kgs\/f\u00fbts en fer ou IBC<\/p>","protected":false},"featured_media":6320,"comment_status":"closed","ping_status":"closed","template":"","meta":[],"product_brand":[],"product_cat":[119],"product_tag":[],"class_list":{"0":"post-6255","1":"product","2":"type-product","3":"status-publish","4":"has-post-thumbnail","6":"product_cat-synocat-polyurethane-catalyst","8":"first","9":"instock","10":"shipping-taxable","11":"product-type-simple"},"yoast_head":"<!-- This site is optimized with the Yoast SEO plugin v25.3.1 - https:\/\/yoast.com\/wordpress\/plugins\/seo\/ -->\n<title>china PU catalyst BDMAEE \/ Bis(2-dimethylaminoethyl) ether Cas 3033-62-3 manufacturer - Longchang Chemical<\/title>\n<meta name=\"description\" content=\"BDMAEE (REACH Covered) can replace BIS(DIMETHYLAMINOETHYL) ETHER; JEFFCAT ZF-20 ;DBACO BL-19; NIAX Catalyst A-99 ;2,2\u2019-oxybis[n,n-dimethyl-ethanamin;2,2\u2019-oxybis[N,N-dimethyl-Ethanamine;A 99 (Amine);dabco bl11;dabco bl19; used as pu catalyst and is the key product of Longchang Chemical. We are the leading PU catalyst manufacturer and supplier in China with the best quanlity and competitive price.\" \/>\n<meta name=\"robots\" content=\"index, follow, max-snippet:-1, max-image-preview:large, max-video-preview:-1\" \/>\n<link rel=\"canonical\" href=\"https:\/\/longchangchemical.com\/fr\/product\/synocat-bdmaee-cas-3033-62-3\/\" \/>\n<meta property=\"og:locale\" content=\"fr_FR\" \/>\n<meta property=\"og:type\" content=\"article\" \/>\n<meta property=\"og:title\" content=\"china PU catalyst BDMAEE \/ Bis(2-dimethylaminoethyl) ether Cas 3033-62-3 manufacturer - Longchang Chemical\" \/>\n<meta property=\"og:description\" content=\"BDMAEE (REACH Covered) can replace BIS(DIMETHYLAMINOETHYL) ETHER; JEFFCAT ZF-20 ;DBACO BL-19; NIAX Catalyst A-99 ;2,2\u2019-oxybis[n,n-dimethyl-ethanamin;2,2\u2019-oxybis[N,N-dimethyl-Ethanamine;A 99 (Amine);dabco bl11;dabco bl19; used as pu catalyst and is the key product of Longchang Chemical. We are the leading PU catalyst manufacturer and supplier in China with the best quanlity and competitive price.\" \/>\n<meta property=\"og:url\" content=\"https:\/\/longchangchemical.com\/fr\/product\/synocat-bdmaee-cas-3033-62-3\/\" \/>\n<meta property=\"og:site_name\" content=\"Longchang Chemical\" \/>\n<meta property=\"article:modified_time\" content=\"2026-01-12T04:08:55+00:00\" \/>\n<meta property=\"og:image\" content=\"https:\/\/longchangchemical.com\/wp-content\/uploads\/2023\/10\/Synocat\u00ae-BDMAEE.jpg\" \/>\n\t<meta property=\"og:image:width\" content=\"800\" \/>\n\t<meta property=\"og:image:height\" content=\"800\" \/>\n\t<meta property=\"og:image:type\" content=\"image\/jpeg\" \/>\n<meta name=\"twitter:card\" content=\"summary_large_image\" \/>\n<script type=\"application\/ld+json\" class=\"yoast-schema-graph\">{\"@context\":\"https:\/\/schema.org\",\"@graph\":[{\"@type\":\"WebPage\",\"@id\":\"https:\/\/longchangchemical.com\/product\/synocat-bdmaee-cas-3033-62-3\/\",\"url\":\"https:\/\/longchangchemical.com\/product\/synocat-bdmaee-cas-3033-62-3\/\",\"name\":\"china PU catalyst BDMAEE \/ Bis(2-dimethylaminoethyl) ether Cas 3033-62-3 manufacturer - Longchang Chemical\",\"isPartOf\":{\"@id\":\"https:\/\/longchangchemical.com\/#website\"},\"primaryImageOfPage\":{\"@id\":\"https:\/\/longchangchemical.com\/product\/synocat-bdmaee-cas-3033-62-3\/#primaryimage\"},\"image\":{\"@id\":\"https:\/\/longchangchemical.com\/product\/synocat-bdmaee-cas-3033-62-3\/#primaryimage\"},\"thumbnailUrl\":\"https:\/\/longchangchemical.com\/wp-content\/uploads\/2023\/10\/Synocat\u00ae-BDMAEE.jpg\",\"datePublished\":\"2023-10-11T06:40:25+00:00\",\"dateModified\":\"2026-01-12T04:08:55+00:00\",\"description\":\"BDMAEE (REACH Covered) can replace BIS(DIMETHYLAMINOETHYL) ETHER; JEFFCAT ZF-20 ;DBACO BL-19; NIAX Catalyst A-99 ;2,2\u2019-oxybis[n,n-dimethyl-ethanamin;2,2\u2019-oxybis[N,N-dimethyl-Ethanamine;A 99 (Amine);dabco bl11;dabco bl19; used as pu catalyst and is the key product of Longchang Chemical. We are the leading PU catalyst manufacturer and supplier in China with the best quanlity and competitive price.\",\"breadcrumb\":{\"@id\":\"https:\/\/longchangchemical.com\/product\/synocat-bdmaee-cas-3033-62-3\/#breadcrumb\"},\"inLanguage\":\"fr-FR\",\"potentialAction\":[{\"@type\":\"ReadAction\",\"target\":[\"https:\/\/longchangchemical.com\/product\/synocat-bdmaee-cas-3033-62-3\/\"]}]},{\"@type\":\"ImageObject\",\"inLanguage\":\"fr-FR\",\"@id\":\"https:\/\/longchangchemical.com\/product\/synocat-bdmaee-cas-3033-62-3\/#primaryimage\",\"url\":\"https:\/\/longchangchemical.com\/wp-content\/uploads\/2023\/10\/Synocat\u00ae-BDMAEE.jpg\",\"contentUrl\":\"https:\/\/longchangchemical.com\/wp-content\/uploads\/2023\/10\/Synocat\u00ae-BDMAEE.jpg\",\"width\":800,\"height\":800},{\"@type\":\"BreadcrumbList\",\"@id\":\"https:\/\/longchangchemical.com\/product\/synocat-bdmaee-cas-3033-62-3\/#breadcrumb\",\"itemListElement\":[{\"@type\":\"ListItem\",\"position\":1,\"name\":\"Home\",\"item\":\"https:\/\/longchangchemical.com\/\"},{\"@type\":\"ListItem\",\"position\":2,\"name\":\"Products Longchang\",\"item\":\"https:\/\/longchangchemical.com\/product\/\"},{\"@type\":\"ListItem\",\"position\":3,\"name\":\"BDMAEE CAS 3033-62-3\"}]},{\"@type\":\"WebSite\",\"@id\":\"https:\/\/longchangchemical.com\/#website\",\"url\":\"https:\/\/longchangchemical.com\/\",\"name\":\"Longchang Chemical\",\"description\":\"China chemical manufacturer \uff06 supplier\",\"publisher\":{\"@id\":\"https:\/\/longchangchemical.com\/#organization\"},\"potentialAction\":[{\"@type\":\"SearchAction\",\"target\":{\"@type\":\"EntryPoint\",\"urlTemplate\":\"https:\/\/longchangchemical.com\/?s={search_term_string}\"},\"query-input\":{\"@type\":\"PropertyValueSpecification\",\"valueRequired\":true,\"valueName\":\"search_term_string\"}}],\"inLanguage\":\"fr-FR\"},{\"@type\":\"Organization\",\"@id\":\"https:\/\/longchangchemical.com\/#organization\",\"name\":\"Longchang Chemical\",\"url\":\"https:\/\/longchangchemical.com\/\",\"logo\":{\"@type\":\"ImageObject\",\"inLanguage\":\"fr-FR\",\"@id\":\"https:\/\/longchangchemical.com\/#\/schema\/logo\/image\/\",\"url\":\"https:\/\/longchangchemical.com\/wp-content\/uploads\/2020\/08\/cropped-longchang-logo.png\",\"contentUrl\":\"https:\/\/longchangchemical.com\/wp-content\/uploads\/2020\/08\/cropped-longchang-logo.png\",\"width\":512,\"height\":512,\"caption\":\"Longchang Chemical\"},\"image\":{\"@id\":\"https:\/\/longchangchemical.com\/#\/schema\/logo\/image\/\"}}]}<\/script>\n<!-- \/ Yoast SEO plugin. -->","yoast_head_json":{"title":"Fabricant chinois de catalyseur PU BDMAEE \/ Bis(2-dim\u00e9thylamino\u00e9thyl) \u00e9ther Cas 3033-62-3 - Longchang Chemical","description":"Le BDMAEE (couvert par REACH) peut remplacer le BIS(DIMETHYLAMINOETHYL) ETHER ; JEFFCAT ZF-20 ;DBACO BL-19 ; NIAX Catalyst A-99 ;2,2'-oxybis[n,n-dimethyl-ethanamin;2,2'-oxybis[N,N-dimethyl-Ethanamine;A 99 (Amine);dabco bl11;dabco bl19 ; utilis\u00e9 comme catalyseur de PU et est le produit cl\u00e9 de Longchang Chemical. Nous sommes le principal fabricant et fournisseur de catalyseurs PU en Chine, avec la meilleure qualit\u00e9 et le prix le plus comp\u00e9titif.","robots":{"index":"index","follow":"follow","max-snippet":"max-snippet:-1","max-image-preview":"max-image-preview:large","max-video-preview":"max-video-preview:-1"},"canonical":"https:\/\/longchangchemical.com\/fr\/product\/synocat-bdmaee-cas-3033-62-3\/","og_locale":"fr_FR","og_type":"article","og_title":"china PU catalyst BDMAEE \/ Bis(2-dimethylaminoethyl) ether Cas 3033-62-3 manufacturer - Longchang Chemical","og_description":"BDMAEE (REACH Covered) can replace BIS(DIMETHYLAMINOETHYL) ETHER; JEFFCAT ZF-20 ;DBACO BL-19; NIAX Catalyst A-99 ;2,2\u2019-oxybis[n,n-dimethyl-ethanamin;2,2\u2019-oxybis[N,N-dimethyl-Ethanamine;A 99 (Amine);dabco bl11;dabco bl19; used as pu catalyst and is the key product of Longchang Chemical. We are the leading PU catalyst manufacturer and supplier in China with the best quanlity and competitive price.","og_url":"https:\/\/longchangchemical.com\/fr\/product\/synocat-bdmaee-cas-3033-62-3\/","og_site_name":"Longchang Chemical","article_modified_time":"2026-01-12T04:08:55+00:00","og_image":[{"width":800,"height":800,"url":"https:\/\/longchangchemical.com\/wp-content\/uploads\/2023\/10\/Synocat\u00ae-BDMAEE.jpg","type":"image\/jpeg"}],"twitter_card":"summary_large_image","schema":{"@context":"https:\/\/schema.org","@graph":[{"@type":"WebPage","@id":"https:\/\/longchangchemical.com\/product\/synocat-bdmaee-cas-3033-62-3\/","url":"https:\/\/longchangchemical.com\/product\/synocat-bdmaee-cas-3033-62-3\/","name":"Fabricant chinois de catalyseur PU BDMAEE \/ Bis(2-dim\u00e9thylamino\u00e9thyl) \u00e9ther Cas 3033-62-3 - Longchang Chemical","isPartOf":{"@id":"https:\/\/longchangchemical.com\/#website"},"primaryImageOfPage":{"@id":"https:\/\/longchangchemical.com\/product\/synocat-bdmaee-cas-3033-62-3\/#primaryimage"},"image":{"@id":"https:\/\/longchangchemical.com\/product\/synocat-bdmaee-cas-3033-62-3\/#primaryimage"},"thumbnailUrl":"https:\/\/longchangchemical.com\/wp-content\/uploads\/2023\/10\/Synocat\u00ae-BDMAEE.jpg","datePublished":"2023-10-11T06:40:25+00:00","dateModified":"2026-01-12T04:08:55+00:00","description":"Le BDMAEE (couvert par REACH) peut remplacer le BIS(DIMETHYLAMINOETHYL) ETHER ; JEFFCAT ZF-20 ;DBACO BL-19 ; NIAX Catalyst A-99 ;2,2'-oxybis[n,n-dimethyl-ethanamin;2,2'-oxybis[N,N-dimethyl-Ethanamine;A 99 (Amine);dabco bl11;dabco bl19 ; utilis\u00e9 comme catalyseur de PU et est le produit cl\u00e9 de Longchang Chemical. Nous sommes le principal fabricant et fournisseur de catalyseurs PU en Chine, avec la meilleure qualit\u00e9 et le prix le plus comp\u00e9titif.","breadcrumb":{"@id":"https:\/\/longchangchemical.com\/product\/synocat-bdmaee-cas-3033-62-3\/#breadcrumb"},"inLanguage":"fr-FR","potentialAction":[{"@type":"ReadAction","target":["https:\/\/longchangchemical.com\/product\/synocat-bdmaee-cas-3033-62-3\/"]}]},{"@type":"ImageObject","inLanguage":"fr-FR","@id":"https:\/\/longchangchemical.com\/product\/synocat-bdmaee-cas-3033-62-3\/#primaryimage","url":"https:\/\/longchangchemical.com\/wp-content\/uploads\/2023\/10\/Synocat\u00ae-BDMAEE.jpg","contentUrl":"https:\/\/longchangchemical.com\/wp-content\/uploads\/2023\/10\/Synocat\u00ae-BDMAEE.jpg","width":800,"height":800},{"@type":"BreadcrumbList","@id":"https:\/\/longchangchemical.com\/product\/synocat-bdmaee-cas-3033-62-3\/#breadcrumb","itemListElement":[{"@type":"ListItem","position":1,"name":"Home","item":"https:\/\/longchangchemical.com\/"},{"@type":"ListItem","position":2,"name":"Products Longchang","item":"https:\/\/longchangchemical.com\/product\/"},{"@type":"ListItem","position":3,"name":"BDMAEE CAS 3033-62-3"}]},{"@type":"WebSite","@id":"https:\/\/longchangchemical.com\/#website","url":"https:\/\/longchangchemical.com\/","name":"Longchang Chemical","description":"Fabricant chinois de produits chimiques \uff06 fournisseur","publisher":{"@id":"https:\/\/longchangchemical.com\/#organization"},"potentialAction":[{"@type":"SearchAction","target":{"@type":"EntryPoint","urlTemplate":"https:\/\/longchangchemical.com\/?s={search_term_string}"},"query-input":{"@type":"PropertyValueSpecification","valueRequired":true,"valueName":"search_term_string"}}],"inLanguage":"fr-FR"},{"@type":"Organization","@id":"https:\/\/longchangchemical.com\/#organization","name":"Longchang Chemical","url":"https:\/\/longchangchemical.com\/","logo":{"@type":"ImageObject","inLanguage":"fr-FR","@id":"https:\/\/longchangchemical.com\/#\/schema\/logo\/image\/","url":"https:\/\/longchangchemical.com\/wp-content\/uploads\/2020\/08\/cropped-longchang-logo.png","contentUrl":"https:\/\/longchangchemical.com\/wp-content\/uploads\/2020\/08\/cropped-longchang-logo.png","width":512,"height":512,"caption":"Longchang Chemical"},"image":{"@id":"https:\/\/longchangchemical.com\/#\/schema\/logo\/image\/"}}]}},"_links":{"self":[{"href":"https:\/\/longchangchemical.com\/fr\/wp-json\/wp\/v2\/product\/6255","targetHints":{"allow":["GET"]}}],"collection":[{"href":"https:\/\/longchangchemical.com\/fr\/wp-json\/wp\/v2\/product"}],"about":[{"href":"https:\/\/longchangchemical.com\/fr\/wp-json\/wp\/v2\/types\/product"}],"replies":[{"embeddable":true,"href":"https:\/\/longchangchemical.com\/fr\/wp-json\/wp\/v2\/comments?post=6255"}],"wp:featuredmedia":[{"embeddable":true,"href":"https:\/\/longchangchemical.com\/fr\/wp-json\/wp\/v2\/media\/6320"}],"wp:attachment":[{"href":"https:\/\/longchangchemical.com\/fr\/wp-json\/wp\/v2\/media?parent=6255"}],"wp:term":[{"taxonomy":"product_brand","embeddable":true,"href":"https:\/\/longchangchemical.com\/fr\/wp-json\/wp\/v2\/product_brand?post=6255"},{"taxonomy":"product_cat","embeddable":true,"href":"https:\/\/longchangchemical.com\/fr\/wp-json\/wp\/v2\/product_cat?post=6255"},{"taxonomy":"product_tag","embeddable":true,"href":"https:\/\/longchangchemical.com\/fr\/wp-json\/wp\/v2\/product_tag?post=6255"}],"curies":[{"name":"wp","href":"https:\/\/api.w.org\/{rel}","templated":true}]}}