{"id":6250,"date":"2023-10-10T07:16:17","date_gmt":"2023-10-10T07:16:17","guid":{"rendered":"https:\/\/longchangchemical.com\/?post_type=product&#038;p=6250"},"modified":"2025-04-01T07:07:21","modified_gmt":"2025-04-01T07:07:21","slug":"agesin-ag-d9000","status":"publish","type":"product","link":"https:\/\/longchangchemical.com\/fr\/product\/agesin-ag-d9000\/","title":{"rendered":"CHLUMICRYL\u00ae AG-D9000 \/ Additif anti-graffiti Polydim\u00e9thylsiloxane avec groupe hydroxy"},"content":{"rendered":"<div class=\"col-md-6\">\n<p><strong>Num\u00e9ro du produit<\/strong>: AG-D9000<\/p>\n<p><strong>Alternatives \u00e9quivalentes<\/strong>Tego Protect 5000<\/p>\n<p><strong>Sp\u00e9cifications<\/strong><\/p>\n<table width=\"100%\" cellspacing=\"0\" cellpadding=\"0\">\n<tbody>\n<tr>\n<td>Composition<\/td>\n<td>polydim\u00e9thylsiloxane avec groupe hydroxy<\/td>\n<\/tr>\n<tr>\n<td>Apparence<\/td>\n<td>liquide clair l\u00e9g\u00e8rement jaun\u00e2tre<\/td>\n<\/tr>\n<tr>\n<td>Solvant Sinosolv<\/td>\n<td>--<\/td>\n<\/tr>\n<tr>\n<td>Substance active<\/td>\n<td>100%<\/td>\n<\/tr>\n<tr>\n<td>Densit\u00e9<\/td>\n<td>0,95-0,99g\/ml(25\u00b11)\u2103<\/td>\n<\/tr>\n<tr>\n<td>Viscosit\u00e9<\/td>\n<td>10-40s(Tu-4 viscometer)(25\u00b10.2)\u2103<\/td>\n<\/tr>\n<tr>\n<td>Indice d'hydroxyle<\/td>\n<td>45-60 mg KOH\/g<\/td>\n<\/tr>\n<tr>\n<td>Indice d'acidit\u00e9<\/td>\n<td>\u22640,5 mg KOH\/g<\/td>\n<\/tr>\n<tr>\n<td>Point d'\u00e9clair<\/td>\n<td>\uff1e100\u2103<\/td>\n<\/tr>\n<\/tbody>\n<\/table>\n<p>Note : Cette fiche technique est destin\u00e9e \u00e0 fournir des r\u00e9sultats typiques, et non pas standard.<\/p>\n<p><strong>Syst\u00e8me d'application<\/strong><\/p>\n<p>A base de solvant<\/p>\n<p><strong>Propri\u00e9t\u00e9s<\/strong><\/p>\n<p>\u25cf Am\u00e9liorer l'anti-graffiti et la nettoyabilit\u00e9 de la surface.<br \/>\n\u25cf Am\u00e9liorer l'angle de contact avec l'eau. Excellente r\u00e9sistance au blocage, r\u00e9sistance \u00e0 l'essuyage du stylo marqueur, hydrophobie et ol\u00e9ophobie.<br \/>\n\u25cf En cas d'utilisation dans le syst\u00e8me two-pack(cuisson \u00e0 basse temp\u00e9rature) , nous sugg\u00e9rons d'utiliser une r\u00e9sine acrylique avec un indice d'hydroxyle \u00e9lev\u00e9 et de prolonger le temps de cuisson pour am\u00e9liorer la propri\u00e9t\u00e9 anti-graffiti. \u00c9valuer d'abord la compatibilit\u00e9 avant d'utiliser le vernis.<br \/>\n\u25cf Dilu\u00e9 \u00e0 10-20% avec du xyl\u00e8ne, puis ajout\u00e9 au syst\u00e8me. Agiter uniform\u00e9ment.<\/p>\n<p><strong>Incorporation<\/strong><\/p>\n<p>Facile \u00e0 ajouter avec un solvant pr\u00e9-dilu\u00e9 identique \u00e0 celui du syst\u00e8me de rev\u00eatement. Peut \u00eatre ajout\u00e9 apr\u00e8s l'ajout.<\/p>\n<p><strong>Proposer un ajout<\/strong><\/p>\n<p>Addition \u00e0 la formulation totale 0.5-3%<\/p>\n<p><strong>paquet<\/strong><\/p>\n<p>25KG \/ 180KG<\/p>\n<p><strong><b>Stockage :<\/b><\/strong><\/p>\n<div>\n<p>Les produits sont conserv\u00e9s dans un entrep\u00f4t sec, propre et bien ventil\u00e9.<\/p>\n<p>\u00c9viter l'exposition \u00e0 la lumi\u00e8re et \u00e0 la chaleur.<\/p>\n<p>Prot\u00e9ger le produit des fuites, de la pluie et de l'insolation pendant le transport.<\/p>\n<\/div>\n<\/div>\n<div class=\"col-md-6\">\n<h3>D\u00e9tails<\/h3>\n<\/div>","protected":false},"excerpt":{"rendered":"<p>Description du produit : Polydim\u00e9thylsiloxane avec groupe hydroxy<\/p>\n<p>Alternatives \u00e9quivalentes : Tego Protect 5000<\/p>\n<p>Syst\u00e8me d'application : A base de solvant<\/p>\n<p>Viscosit\u00e9 : 10-40s(viscosim\u00e8tre Tu-4)(25\u00b10.2)\u2103<\/p>\n<p>Emballage : 25KG ou 180KG\/tambour<\/p>","protected":false},"featured_media":0,"comment_status":"closed","ping_status":"closed","template":"","meta":[],"product_brand":[],"product_cat":[138,149],"product_tag":[],"class_list":{"0":"post-6250","1":"product","2":"type-product","3":"status-publish","5":"product_cat-coating-and-ink-additives","6":"product_cat-anti-graffiti-additive","8":"first","9":"instock","10":"shipping-taxable","11":"product-type-simple"},"yoast_head":"<!-- This site is optimized with the Yoast SEO plugin v25.3.1 - https:\/\/yoast.com\/wordpress\/plugins\/seo\/ -->\n<title>China CHLUMICRYL\u00ae AG-D9000 \/ Anti-graffiti additive Polydimethylsiloxane with hydroxy group Manufacturer - Longchang Chemical<\/title>\n<meta name=\"description\" content=\"CHLUMICRYL\u00ae AG-D9000 \/ Anti-graffiti additive Polydimethylsiloxane with hydroxy group is a key product of Longchang Chemical. We provide the best price. We are the leading manufacturer in China with the best quality and competitive price.\" \/>\n<meta name=\"robots\" content=\"index, follow, max-snippet:-1, max-image-preview:large, max-video-preview:-1\" \/>\n<link rel=\"canonical\" href=\"https:\/\/longchangchemical.com\/fr\/product\/agesin-ag-d9000\/\" \/>\n<meta property=\"og:locale\" content=\"fr_FR\" \/>\n<meta property=\"og:type\" content=\"article\" \/>\n<meta property=\"og:title\" content=\"China CHLUMICRYL\u00ae AG-D9000 \/ Anti-graffiti additive Polydimethylsiloxane with hydroxy group Manufacturer - Longchang Chemical\" \/>\n<meta property=\"og:description\" content=\"CHLUMICRYL\u00ae AG-D9000 \/ Anti-graffiti additive Polydimethylsiloxane with hydroxy group is a key product of Longchang Chemical. We provide the best price. We are the leading manufacturer in China with the best quality and competitive price.\" \/>\n<meta property=\"og:url\" content=\"https:\/\/longchangchemical.com\/fr\/product\/agesin-ag-d9000\/\" \/>\n<meta property=\"og:site_name\" content=\"Longchang Chemical\" \/>\n<meta property=\"article:modified_time\" content=\"2025-04-01T07:07:21+00:00\" \/>\n<meta property=\"og:image\" content=\"https:\/\/longchangchemical.com\/wp-content\/uploads\/2024\/02\/logo-jpeg.jpg\" \/>\n\t<meta property=\"og:image:width\" content=\"1000\" \/>\n\t<meta property=\"og:image:height\" content=\"1000\" \/>\n\t<meta property=\"og:image:type\" content=\"image\/jpeg\" \/>\n<meta name=\"twitter:card\" content=\"summary_large_image\" \/>\n<script type=\"application\/ld+json\" class=\"yoast-schema-graph\">{\"@context\":\"https:\/\/schema.org\",\"@graph\":[{\"@type\":\"WebPage\",\"@id\":\"https:\/\/longchangchemical.com\/product\/agesin-ag-d9000\/\",\"url\":\"https:\/\/longchangchemical.com\/product\/agesin-ag-d9000\/\",\"name\":\"China CHLUMICRYL\u00ae AG-D9000 \/ Anti-graffiti additive Polydimethylsiloxane with hydroxy group Manufacturer - Longchang Chemical\",\"isPartOf\":{\"@id\":\"https:\/\/longchangchemical.com\/#website\"},\"datePublished\":\"2023-10-10T07:16:17+00:00\",\"dateModified\":\"2025-04-01T07:07:21+00:00\",\"description\":\"CHLUMICRYL\u00ae AG-D9000 \/ Anti-graffiti additive Polydimethylsiloxane with hydroxy group is a key product of Longchang Chemical. We provide the best price. We are the leading manufacturer in China with the best quality and competitive price.\",\"breadcrumb\":{\"@id\":\"https:\/\/longchangchemical.com\/product\/agesin-ag-d9000\/#breadcrumb\"},\"inLanguage\":\"fr-FR\",\"potentialAction\":[{\"@type\":\"ReadAction\",\"target\":[\"https:\/\/longchangchemical.com\/product\/agesin-ag-d9000\/\"]}]},{\"@type\":\"BreadcrumbList\",\"@id\":\"https:\/\/longchangchemical.com\/product\/agesin-ag-d9000\/#breadcrumb\",\"itemListElement\":[{\"@type\":\"ListItem\",\"position\":1,\"name\":\"Home\",\"item\":\"https:\/\/longchangchemical.com\/\"},{\"@type\":\"ListItem\",\"position\":2,\"name\":\"Products Longchang\",\"item\":\"https:\/\/longchangchemical.com\/product\/\"},{\"@type\":\"ListItem\",\"position\":3,\"name\":\"CHLUMICRYL\u00ae AG-D9000 \/ Anti-graffiti additive Polydimethylsiloxane with hydroxy group\"}]},{\"@type\":\"WebSite\",\"@id\":\"https:\/\/longchangchemical.com\/#website\",\"url\":\"https:\/\/longchangchemical.com\/\",\"name\":\"Longchang Chemical\",\"description\":\"China chemical manufacturer \uff06 supplier\",\"publisher\":{\"@id\":\"https:\/\/longchangchemical.com\/#organization\"},\"potentialAction\":[{\"@type\":\"SearchAction\",\"target\":{\"@type\":\"EntryPoint\",\"urlTemplate\":\"https:\/\/longchangchemical.com\/?s={search_term_string}\"},\"query-input\":{\"@type\":\"PropertyValueSpecification\",\"valueRequired\":true,\"valueName\":\"search_term_string\"}}],\"inLanguage\":\"fr-FR\"},{\"@type\":\"Organization\",\"@id\":\"https:\/\/longchangchemical.com\/#organization\",\"name\":\"Longchang Chemical\",\"url\":\"https:\/\/longchangchemical.com\/\",\"logo\":{\"@type\":\"ImageObject\",\"inLanguage\":\"fr-FR\",\"@id\":\"https:\/\/longchangchemical.com\/#\/schema\/logo\/image\/\",\"url\":\"https:\/\/longchangchemical.com\/wp-content\/uploads\/2020\/08\/cropped-longchang-logo.png\",\"contentUrl\":\"https:\/\/longchangchemical.com\/wp-content\/uploads\/2020\/08\/cropped-longchang-logo.png\",\"width\":512,\"height\":512,\"caption\":\"Longchang Chemical\"},\"image\":{\"@id\":\"https:\/\/longchangchemical.com\/#\/schema\/logo\/image\/\"}}]}<\/script>\n<!-- \/ Yoast SEO plugin. -->","yoast_head_json":{"title":"CHLUMICRYL\u00ae AG-D9000 \/ Additif anti-graffiti Polydim\u00e9thylsiloxane avec groupe hydroxy Fabricant de CHLUMICRYL\u00ae AG-D9000 \/ Additif anti-graffiti Polydim\u00e9thylsiloxane avec groupe hydroxy - Longchang Chemical","description":"CHLUMICRYL\u00ae AG-D9000 \/ Additif anti-graffiti Polydim\u00e9thylsiloxane avec groupe hydroxy est un produit cl\u00e9 de Longchang Chemical. Nous fournissons le meilleur prix. Nous sommes le premier fabricant en Chine avec la meilleure qualit\u00e9 et le prix le plus comp\u00e9titif.","robots":{"index":"index","follow":"follow","max-snippet":"max-snippet:-1","max-image-preview":"max-image-preview:large","max-video-preview":"max-video-preview:-1"},"canonical":"https:\/\/longchangchemical.com\/fr\/product\/agesin-ag-d9000\/","og_locale":"fr_FR","og_type":"article","og_title":"China CHLUMICRYL\u00ae AG-D9000 \/ Anti-graffiti additive Polydimethylsiloxane with hydroxy group Manufacturer - Longchang Chemical","og_description":"CHLUMICRYL\u00ae AG-D9000 \/ Anti-graffiti additive Polydimethylsiloxane with hydroxy group is a key product of Longchang Chemical. We provide the best price. We are the leading manufacturer in China with the best quality and competitive price.","og_url":"https:\/\/longchangchemical.com\/fr\/product\/agesin-ag-d9000\/","og_site_name":"Longchang Chemical","article_modified_time":"2025-04-01T07:07:21+00:00","og_image":[{"width":1000,"height":1000,"url":"https:\/\/longchangchemical.com\/wp-content\/uploads\/2024\/02\/logo-jpeg.jpg","type":"image\/jpeg"}],"twitter_card":"summary_large_image","schema":{"@context":"https:\/\/schema.org","@graph":[{"@type":"WebPage","@id":"https:\/\/longchangchemical.com\/product\/agesin-ag-d9000\/","url":"https:\/\/longchangchemical.com\/product\/agesin-ag-d9000\/","name":"CHLUMICRYL\u00ae AG-D9000 \/ Additif anti-graffiti Polydim\u00e9thylsiloxane avec groupe hydroxy Fabricant de CHLUMICRYL\u00ae AG-D9000 \/ Additif anti-graffiti Polydim\u00e9thylsiloxane avec groupe hydroxy - Longchang Chemical","isPartOf":{"@id":"https:\/\/longchangchemical.com\/#website"},"datePublished":"2023-10-10T07:16:17+00:00","dateModified":"2025-04-01T07:07:21+00:00","description":"CHLUMICRYL\u00ae AG-D9000 \/ Additif anti-graffiti Polydim\u00e9thylsiloxane avec groupe hydroxy est un produit cl\u00e9 de Longchang Chemical. Nous fournissons le meilleur prix. Nous sommes le premier fabricant en Chine avec la meilleure qualit\u00e9 et le prix le plus comp\u00e9titif.","breadcrumb":{"@id":"https:\/\/longchangchemical.com\/product\/agesin-ag-d9000\/#breadcrumb"},"inLanguage":"fr-FR","potentialAction":[{"@type":"ReadAction","target":["https:\/\/longchangchemical.com\/product\/agesin-ag-d9000\/"]}]},{"@type":"BreadcrumbList","@id":"https:\/\/longchangchemical.com\/product\/agesin-ag-d9000\/#breadcrumb","itemListElement":[{"@type":"ListItem","position":1,"name":"Home","item":"https:\/\/longchangchemical.com\/"},{"@type":"ListItem","position":2,"name":"Products Longchang","item":"https:\/\/longchangchemical.com\/product\/"},{"@type":"ListItem","position":3,"name":"CHLUMICRYL\u00ae AG-D9000 \/ Anti-graffiti additive Polydimethylsiloxane with hydroxy group"}]},{"@type":"WebSite","@id":"https:\/\/longchangchemical.com\/#website","url":"https:\/\/longchangchemical.com\/","name":"Longchang Chemical","description":"Fabricant chinois de produits chimiques \uff06 fournisseur","publisher":{"@id":"https:\/\/longchangchemical.com\/#organization"},"potentialAction":[{"@type":"SearchAction","target":{"@type":"EntryPoint","urlTemplate":"https:\/\/longchangchemical.com\/?s={search_term_string}"},"query-input":{"@type":"PropertyValueSpecification","valueRequired":true,"valueName":"search_term_string"}}],"inLanguage":"fr-FR"},{"@type":"Organization","@id":"https:\/\/longchangchemical.com\/#organization","name":"Longchang Chemical","url":"https:\/\/longchangchemical.com\/","logo":{"@type":"ImageObject","inLanguage":"fr-FR","@id":"https:\/\/longchangchemical.com\/#\/schema\/logo\/image\/","url":"https:\/\/longchangchemical.com\/wp-content\/uploads\/2020\/08\/cropped-longchang-logo.png","contentUrl":"https:\/\/longchangchemical.com\/wp-content\/uploads\/2020\/08\/cropped-longchang-logo.png","width":512,"height":512,"caption":"Longchang Chemical"},"image":{"@id":"https:\/\/longchangchemical.com\/#\/schema\/logo\/image\/"}}]}},"_links":{"self":[{"href":"https:\/\/longchangchemical.com\/fr\/wp-json\/wp\/v2\/product\/6250","targetHints":{"allow":["GET"]}}],"collection":[{"href":"https:\/\/longchangchemical.com\/fr\/wp-json\/wp\/v2\/product"}],"about":[{"href":"https:\/\/longchangchemical.com\/fr\/wp-json\/wp\/v2\/types\/product"}],"replies":[{"embeddable":true,"href":"https:\/\/longchangchemical.com\/fr\/wp-json\/wp\/v2\/comments?post=6250"}],"wp:attachment":[{"href":"https:\/\/longchangchemical.com\/fr\/wp-json\/wp\/v2\/media?parent=6250"}],"wp:term":[{"taxonomy":"product_brand","embeddable":true,"href":"https:\/\/longchangchemical.com\/fr\/wp-json\/wp\/v2\/product_brand?post=6250"},{"taxonomy":"product_cat","embeddable":true,"href":"https:\/\/longchangchemical.com\/fr\/wp-json\/wp\/v2\/product_cat?post=6250"},{"taxonomy":"product_tag","embeddable":true,"href":"https:\/\/longchangchemical.com\/fr\/wp-json\/wp\/v2\/product_tag?post=6250"}],"curies":[{"name":"wp","href":"https:\/\/api.w.org\/{rel}","templated":true}]}}