{"id":6238,"date":"2023-09-14T07:58:33","date_gmt":"2023-09-14T07:58:33","guid":{"rendered":"https:\/\/longchangchemical.com\/?post_type=product&#038;p=6238"},"modified":"2025-04-01T07:07:27","modified_gmt":"2025-04-01T07:07:27","slug":"agesin-dp-d264r-2","status":"publish","type":"product","link":"https:\/\/longchangchemical.com\/fr\/product\/agesin-dp-d264r-2\/","title":{"rendered":"CHLUMICRYL\u00ae DP-D264R \/ Solution de copolym\u00e8re de type bloc \u00e0 haut poids mol\u00e9culaire avec des groupes d'affinit\u00e9 pour les pigments"},"content":{"rendered":"<p><strong>Num\u00e9ro du produit<\/strong>: DP-D264R<\/p>\n<p><strong>Alternatives \u00e9quivalentes-<\/strong>\u00a0Elementis Disponer 983<\/p>\n<p><strong>Sp\u00e9cifications<\/strong><\/p>\n<table width=\"100%\" cellspacing=\"0\" cellpadding=\"0\">\n<tbody>\n<tr>\n<td>Composition<\/td>\n<td>Solution de copolym\u00e8re de type bloc \u00e0 haut poids mol\u00e9culaire avec des groupes d'affinit\u00e9 pour les pigments<\/td>\n<\/tr>\n<tr>\n<td>Apparence<\/td>\n<td>Liquide transparent \u00e0 l\u00e9g\u00e8rement jaun\u00e2tre<\/td>\n<\/tr>\n<tr>\n<td>Solvant Sinosolv<\/td>\n<td>Ester dibasique<\/td>\n<\/tr>\n<tr>\n<td>Substance active<\/td>\n<td>63%<\/td>\n<\/tr>\n<tr>\n<td>Densit\u00e9<\/td>\n<td>1,10-1,14g\/ml(25\u00b11)\u2103<\/td>\n<\/tr>\n<tr>\n<td>Viscosit\u00e9<\/td>\n<td>\u2265Q(Viscosim\u00e8tre \u00e0 bulles)(25\u00b10,2)\u2103<\/td>\n<\/tr>\n<tr>\n<td>Point d'\u00e9clair<\/td>\n<td>\uff1e100\u2103<\/td>\n<\/tr>\n<\/tbody>\n<\/table>\n<p>Note : Cette fiche technique est destin\u00e9e \u00e0 fournir des r\u00e9sultats typiques, et non pas standard.<\/p>\n<p><strong>Syst\u00e8me d'application<\/strong><\/p>\n<p>A base de solvant<\/p>\n<p><strong>Propri\u00e9t\u00e9s<\/strong><\/p>\n<p>\u25cf Le dispersant de type bloc \u00e0 haut poids mol\u00e9culaire est efficace gr\u00e2ce \u00e0 l'interaction entre le groupe d'affinit\u00e9 du pigment et la surface du pigment, et le milieu du polym\u00e8re \u00e0 faible poids mol\u00e9culaire.<br \/>\n\u25cf Le film barri\u00e8re caus\u00e9 par une faible M.W. r\u00e9duit la force d'attraction entre les particules de pigments, ce qui permet d'obtenir une meilleure stabilit\u00e9 pour la dispersion.<\/p>\n<p>\u25cf Excellente capacit\u00e9 de rendu des couleurs et de brillance pour le noir de carbone.<\/p>\n<p>\u25cf Il convient au syst\u00e8me 2-pack et aux thermodurcissables, \u00e0 l'exception des peintures acryliques thermoplastiques.<\/p>\n<p><strong>Incorporation<\/strong><\/p>\n<p>Doit \u00eatre incorpor\u00e9 \u00e0 la base du moulin avant l'ajout des pigments.<\/p>\n<p><strong>Proposer un ajout<\/strong><\/p>\n<p>Pigment inorganique 1-10%<br \/>\nPigment organique 15-35%<br \/>\nNoir de carbone 25-100%<\/p>\n<p><strong>paquet<\/strong><\/p>\n<p>25KG \/ 180KG<\/p>\n<p><strong><b>Stockage :<\/b><\/strong><\/p>\n<div>\n<p>Les produits sont conserv\u00e9s dans un entrep\u00f4t sec, propre et bien ventil\u00e9.<\/p>\n<p>\u00c9viter l'exposition \u00e0 la lumi\u00e8re et \u00e0 la chaleur.<\/p>\n<p>Prot\u00e9ger le produit des fuites, de la pluie et de l'insolation pendant le transport.<\/p>\n<\/div>","protected":false},"excerpt":{"rendered":"<p>Description du produit : Solution de copolym\u00e8re de type bloc \u00e0 haut poids mol\u00e9culaire avec des groupes d'affinit\u00e9 pour les pigments.<\/p>\n<p>Alternatives \u00e9quivalentes : Elementis Disponer 983<\/p>\n<p>Syst\u00e8me d'application : A base de solvant<\/p>\n<p>Viscosit\u00e9 : \u2265Q(viscosim\u00e8tre \u00e0 bulles)(25\u00b10,2)\u2103<\/p>\n<p>Emballage : 25KG ou 180KG\/tambour<\/p>","protected":false},"featured_media":0,"comment_status":"closed","ping_status":"closed","template":"","meta":[],"product_brand":[],"product_cat":[138,150],"product_tag":[],"class_list":{"0":"post-6238","1":"product","2":"type-product","3":"status-publish","5":"product_cat-coating-and-ink-additives","6":"product_cat-dispersant","8":"first","9":"instock","10":"shipping-taxable","11":"product-type-simple"},"yoast_head":"<!-- This site is optimized with the Yoast SEO plugin v25.3.1 - https:\/\/yoast.com\/wordpress\/plugins\/seo\/ -->\n<title>DP-D264R High M.W. block style copolymer solution with | Longchang Chemical<\/title>\n<meta name=\"description\" content=\"DP-D264R High M.W. block style copolymer solution with pigment affinity groups Coating Additive is a coating additive for coatings, inks and specialty\" \/>\n<meta name=\"robots\" content=\"index, follow, max-snippet:-1, max-image-preview:large, max-video-preview:-1\" \/>\n<link rel=\"canonical\" href=\"https:\/\/longchangchemical.com\/fr\/product\/agesin-dp-d264r-2\/\" \/>\n<meta property=\"og:locale\" content=\"fr_FR\" \/>\n<meta property=\"og:type\" content=\"article\" \/>\n<meta property=\"og:title\" content=\"DP-D264R High M.W. block style copolymer solution with | Longchang Chemical\" \/>\n<meta property=\"og:description\" content=\"DP-D264R High M.W. block style copolymer solution with pigment affinity groups Coating Additive is a coating additive for coatings, inks and specialty\" \/>\n<meta property=\"og:url\" content=\"https:\/\/longchangchemical.com\/fr\/product\/agesin-dp-d264r-2\/\" \/>\n<meta property=\"og:site_name\" content=\"Longchang Chemical\" \/>\n<meta property=\"article:modified_time\" content=\"2025-04-01T07:07:27+00:00\" \/>\n<meta property=\"og:image\" content=\"https:\/\/longchangchemical.com\/wp-content\/uploads\/2024\/02\/logo-jpeg.jpg\" \/>\n\t<meta property=\"og:image:width\" content=\"1000\" \/>\n\t<meta property=\"og:image:height\" content=\"1000\" \/>\n\t<meta property=\"og:image:type\" content=\"image\/jpeg\" \/>\n<meta name=\"twitter:card\" content=\"summary_large_image\" \/>\n<script type=\"application\/ld+json\" class=\"yoast-schema-graph\">{\"@context\":\"https:\/\/schema.org\",\"@graph\":[{\"@type\":\"WebPage\",\"@id\":\"https:\/\/longchangchemical.com\/product\/agesin-dp-d264r-2\/\",\"url\":\"https:\/\/longchangchemical.com\/product\/agesin-dp-d264r-2\/\",\"name\":\"DP-D264R High M.W. block style copolymer solution with | Longchang Chemical\",\"isPartOf\":{\"@id\":\"https:\/\/longchangchemical.com\/#website\"},\"datePublished\":\"2023-09-14T07:58:33+00:00\",\"dateModified\":\"2025-04-01T07:07:27+00:00\",\"description\":\"DP-D264R High M.W. block style copolymer solution with pigment affinity groups Coating Additive is a coating additive for coatings, inks and specialty\",\"breadcrumb\":{\"@id\":\"https:\/\/longchangchemical.com\/product\/agesin-dp-d264r-2\/#breadcrumb\"},\"inLanguage\":\"fr-FR\",\"potentialAction\":[{\"@type\":\"ReadAction\",\"target\":[\"https:\/\/longchangchemical.com\/product\/agesin-dp-d264r-2\/\"]}]},{\"@type\":\"BreadcrumbList\",\"@id\":\"https:\/\/longchangchemical.com\/product\/agesin-dp-d264r-2\/#breadcrumb\",\"itemListElement\":[{\"@type\":\"ListItem\",\"position\":1,\"name\":\"Home\",\"item\":\"https:\/\/longchangchemical.com\/\"},{\"@type\":\"ListItem\",\"position\":2,\"name\":\"Products Longchang\",\"item\":\"https:\/\/longchangchemical.com\/product\/\"},{\"@type\":\"ListItem\",\"position\":3,\"name\":\"CHLUMICRYL\u00ae DP-D264R \/ High M.W. block style copolymer solution with pigment affinity groups\"}]},{\"@type\":\"WebSite\",\"@id\":\"https:\/\/longchangchemical.com\/#website\",\"url\":\"https:\/\/longchangchemical.com\/\",\"name\":\"Longchang Chemical\",\"description\":\"China chemical manufacturer \uff06 supplier\",\"publisher\":{\"@id\":\"https:\/\/longchangchemical.com\/#organization\"},\"potentialAction\":[{\"@type\":\"SearchAction\",\"target\":{\"@type\":\"EntryPoint\",\"urlTemplate\":\"https:\/\/longchangchemical.com\/?s={search_term_string}\"},\"query-input\":{\"@type\":\"PropertyValueSpecification\",\"valueRequired\":true,\"valueName\":\"search_term_string\"}}],\"inLanguage\":\"fr-FR\"},{\"@type\":\"Organization\",\"@id\":\"https:\/\/longchangchemical.com\/#organization\",\"name\":\"Longchang Chemical\",\"url\":\"https:\/\/longchangchemical.com\/\",\"logo\":{\"@type\":\"ImageObject\",\"inLanguage\":\"fr-FR\",\"@id\":\"https:\/\/longchangchemical.com\/#\/schema\/logo\/image\/\",\"url\":\"https:\/\/longchangchemical.com\/wp-content\/uploads\/2020\/08\/cropped-longchang-logo.png\",\"contentUrl\":\"https:\/\/longchangchemical.com\/wp-content\/uploads\/2020\/08\/cropped-longchang-logo.png\",\"width\":512,\"height\":512,\"caption\":\"Longchang Chemical\"},\"image\":{\"@id\":\"https:\/\/longchangchemical.com\/#\/schema\/logo\/image\/\"}}]}<\/script>\n<!-- \/ Yoast SEO plugin. -->","yoast_head_json":{"title":"DP-D264R High M.W. block style copolymer solution with | Longchang Chemical","description":"DP-D264R High M.W. block style copolymer solution with pigment affinity groups Coating Additive is a coating additive for coatings, inks and specialty","robots":{"index":"index","follow":"follow","max-snippet":"max-snippet:-1","max-image-preview":"max-image-preview:large","max-video-preview":"max-video-preview:-1"},"canonical":"https:\/\/longchangchemical.com\/fr\/product\/agesin-dp-d264r-2\/","og_locale":"fr_FR","og_type":"article","og_title":"DP-D264R High M.W. block style copolymer solution with | Longchang Chemical","og_description":"DP-D264R High M.W. block style copolymer solution with pigment affinity groups Coating Additive is a coating additive for coatings, inks and specialty","og_url":"https:\/\/longchangchemical.com\/fr\/product\/agesin-dp-d264r-2\/","og_site_name":"Longchang Chemical","article_modified_time":"2025-04-01T07:07:27+00:00","og_image":[{"width":1000,"height":1000,"url":"https:\/\/longchangchemical.com\/wp-content\/uploads\/2024\/02\/logo-jpeg.jpg","type":"image\/jpeg"}],"twitter_card":"summary_large_image","schema":{"@context":"https:\/\/schema.org","@graph":[{"@type":"WebPage","@id":"https:\/\/longchangchemical.com\/product\/agesin-dp-d264r-2\/","url":"https:\/\/longchangchemical.com\/product\/agesin-dp-d264r-2\/","name":"DP-D264R High M.W. block style copolymer solution with | Longchang Chemical","isPartOf":{"@id":"https:\/\/longchangchemical.com\/#website"},"datePublished":"2023-09-14T07:58:33+00:00","dateModified":"2025-04-01T07:07:27+00:00","description":"DP-D264R High M.W. block style copolymer solution with pigment affinity groups Coating Additive is a coating additive for coatings, inks and specialty","breadcrumb":{"@id":"https:\/\/longchangchemical.com\/product\/agesin-dp-d264r-2\/#breadcrumb"},"inLanguage":"fr-FR","potentialAction":[{"@type":"ReadAction","target":["https:\/\/longchangchemical.com\/product\/agesin-dp-d264r-2\/"]}]},{"@type":"BreadcrumbList","@id":"https:\/\/longchangchemical.com\/product\/agesin-dp-d264r-2\/#breadcrumb","itemListElement":[{"@type":"ListItem","position":1,"name":"Home","item":"https:\/\/longchangchemical.com\/"},{"@type":"ListItem","position":2,"name":"Products Longchang","item":"https:\/\/longchangchemical.com\/product\/"},{"@type":"ListItem","position":3,"name":"CHLUMICRYL\u00ae DP-D264R \/ High M.W. block style copolymer solution with pigment affinity groups"}]},{"@type":"WebSite","@id":"https:\/\/longchangchemical.com\/#website","url":"https:\/\/longchangchemical.com\/","name":"Longchang Chemical","description":"Fabricant chinois de produits chimiques \uff06 fournisseur","publisher":{"@id":"https:\/\/longchangchemical.com\/#organization"},"potentialAction":[{"@type":"SearchAction","target":{"@type":"EntryPoint","urlTemplate":"https:\/\/longchangchemical.com\/?s={search_term_string}"},"query-input":{"@type":"PropertyValueSpecification","valueRequired":true,"valueName":"search_term_string"}}],"inLanguage":"fr-FR"},{"@type":"Organization","@id":"https:\/\/longchangchemical.com\/#organization","name":"Longchang Chemical","url":"https:\/\/longchangchemical.com\/","logo":{"@type":"ImageObject","inLanguage":"fr-FR","@id":"https:\/\/longchangchemical.com\/#\/schema\/logo\/image\/","url":"https:\/\/longchangchemical.com\/wp-content\/uploads\/2020\/08\/cropped-longchang-logo.png","contentUrl":"https:\/\/longchangchemical.com\/wp-content\/uploads\/2020\/08\/cropped-longchang-logo.png","width":512,"height":512,"caption":"Longchang Chemical"},"image":{"@id":"https:\/\/longchangchemical.com\/#\/schema\/logo\/image\/"}}]}},"_links":{"self":[{"href":"https:\/\/longchangchemical.com\/fr\/wp-json\/wp\/v2\/product\/6238","targetHints":{"allow":["GET"]}}],"collection":[{"href":"https:\/\/longchangchemical.com\/fr\/wp-json\/wp\/v2\/product"}],"about":[{"href":"https:\/\/longchangchemical.com\/fr\/wp-json\/wp\/v2\/types\/product"}],"replies":[{"embeddable":true,"href":"https:\/\/longchangchemical.com\/fr\/wp-json\/wp\/v2\/comments?post=6238"}],"wp:attachment":[{"href":"https:\/\/longchangchemical.com\/fr\/wp-json\/wp\/v2\/media?parent=6238"}],"wp:term":[{"taxonomy":"product_brand","embeddable":true,"href":"https:\/\/longchangchemical.com\/fr\/wp-json\/wp\/v2\/product_brand?post=6238"},{"taxonomy":"product_cat","embeddable":true,"href":"https:\/\/longchangchemical.com\/fr\/wp-json\/wp\/v2\/product_cat?post=6238"},{"taxonomy":"product_tag","embeddable":true,"href":"https:\/\/longchangchemical.com\/fr\/wp-json\/wp\/v2\/product_tag?post=6238"}],"curies":[{"name":"wp","href":"https:\/\/api.w.org\/{rel}","templated":true}]}}